{"id":4898,"date":"1970-01-01T00:00:00","date_gmt":"1970-01-01T00:00:00","guid":{"rendered":"https:\/\/elfsight.com\/pt\/?page_id=4898"},"modified":"2024-11-13T12:12:12","modified_gmt":"2024-11-13T12:12:12","slug":"wordpress","status":"publish","type":"page","link":"https:\/\/elfsight.com\/pt\/twitter-feed-widget\/wordpress\/","title":{"rendered":"Twitter Feed &#8211; WordPress"},"content":{"rendered":"<div class=\"application-platform-content-item-description application-platform-content-item\" id=\"description\" data-nav-section=\"description\"><h2>Incorpore o feed do Twitter no WordPress com o widget Elfsight<\/h2><p>O Elfsight Twitter \u00e9 um plugin adapt\u00e1vel que permite apresentar o Twitter feed ou Tweets selecionados em um site WordPress. Voc\u00ea pode exibir seu feed de not\u00edcias do Twitter ou demonstrar Tweets de depoimentos que ajudam a aumentar o envolvimento do visitante e fortalecer a confian\u00e7a do cliente. O que torna nosso plug-in do Twitter um dos melhores para qualquer site \u00e9 uma grande quantidade de configura\u00e7\u00f5es, modelos predefinidos projetados para qualquer caso de uso e seu design adapt\u00e1vel.<\/p><p><b>Obtenha um melhor envolvimento do usu\u00e1rio e maior confian\u00e7a em seu site<\/b><\/p><ul><li><b>Manter os visitantes no site por mais tempo<\/b>.<br>Reter os visitantes no site por mais tempo.<\/li><li><b>Promova seu Twitter e seu site juntos<\/b>.<br>Seu site \u00e9 uma ferramenta adicional de promo\u00e7\u00e3o de sua conta no Twitter, com retu\u00edtes e respostas suportadas pela p\u00e1gina; enquanto um melhor envolvimento e prova social no site melhoram os resultados de SEO.<\/li><li><b>Aumente a confian\u00e7a com a ajuda de depoimentos de clientes do Twitter<\/b>.<br>Escolha os melhores depoimentos de clientes sobre sua empresa em Twitter e revel\u00e1-los em seu site para fortalecer a confian\u00e7a em sua empresa e fazer com que seus itens pare\u00e7am tentadores.<\/li><\/ul><\/div><div class=\"application-platform-content-item-features application-platform-content-item\" id=\"features\" data-nav-section=\"features\"><h2>Principais recursos do widget Twitter Feed <\/h2><p>Principais recursos do plugin Elfsight Twitter, que o ajudam a permanecer como a melhor ferramenta WordPress para incorporar o Twitter.<\/p><ul><li>Feed ou tipo de depoimentos da apresenta\u00e7\u00e3o;<\/li><li>Ocultar o cabe\u00e7alho para mostrar apenas os Tweets;<\/li><li>Bons links de visualiza\u00e7\u00e3o nos Tweets;<\/li><li>Cache de dados do navegador &#8211; carregamento mais r\u00e1pido com widgets em diversas p\u00e1ginas;<\/li><li>Feed autom\u00e1tico colorindo com a cor do tema da sua conta do Twitter.<\/li><\/ul><p><a href=\"#demo\">Veja todas as op\u00e7\u00f5es na demonstra\u00e7\u00e3o da Elfsight<\/a><\/p><\/div><div class=\"application-platform-content-item-instala\u00e7\u00e3o application-platform-content-item\" id=\"instala\u00e7\u00e3o\" data-nav-section=\"instala\u00e7\u00e3o\"><h2>Como incorporar o feed do Twitter ao site WordPress<\/h2><div class=\"video-container\"><iframe width=\"720\" height=\"405\" src=\"https:\/\/www.youtube.com\/embed\/OyUx7mlBDKY\" frameborder=\"0\" allowfullscreen=\"\"><\/iframe><\/div><p>Basta seguir alguns passos apresentados abaixo para inserir o plugin no WordPress.<\/p> <ol><li><b>Gerencie nossa demonstra\u00e7\u00e3o gratuita e comece a construir seu instrumento personalizado. <\/b><br> Escolha o formul\u00e1rio selecionado e as op\u00e7\u00f5es do plugin e salve as modifica\u00e7\u00f5es. <\/li> <li><b>Adquira o seu c\u00f3digo exclusivo que aparece na janela dos aplicativos da Elfsight. <\/b><br> Logo ap\u00f3s a conclus\u00e3o da configura\u00e7\u00e3o do seu plugin do Twitter, copie o c\u00f3digo individual no pop-up exibido e salve-o para uso posterior. <\/li> <li><b>Comece a usar o widget em seu site WordPress. <\/b><br> Adicione o c\u00f3digo que voc\u00ea salvou anteriormente em sua p\u00e1gina e aplique os ajustes. <\/li> <li><b>Pronto! A configura\u00e7\u00e3o est\u00e1 totalmente conclu\u00edda. <\/b><br> Acesse sua p\u00e1gina para observar como o widget funciona. <\/li><\/ol> <p>Falha ao criar ou adicionar o plug-in ao seu site? Estude nosso <a href=\"https:\/\/elfsight.com\/tutorials\/how-to-add-twitter-feed-plugin-to-wordpress\/\" target=\"_blank\" rel=\"noopener noreferrer\">manual extenso<\/a> ou fale com nossa equipe de ajuda.<\/p><\/div><div class=\"faq\" data-component=\"FAQ\"><div class=\"faq-item\">\r\n\t\t\t\t\t<div class=\"faq-item-question\">\r\n\t\t\t\t\t\t<h3 class=\"faq-item-question-text\">Como posso adicionar um feed do Twitter ao meu site WordPress?<\/h3>\r\n\r\n\t\t\t\t\t\t<div class=\"faq-item-question-icon\"><\/div>\r\n\t\t\t\t\t<\/div>\r\n\r\n\t\t\t\t\t<div class=\"faq-item-answer\">\r\n\t\t\t\t\t\t<div class=\"faq-item-answer-text\"><p>A cria\u00e7\u00e3o do widget acontece dentro do site da Elfsight e n\u00e3o h\u00e1 necessidade de aprender a programar. Aplique nossa demonstra\u00e7\u00e3o online para moldar sua pr\u00f3pria ferramenta, adquira o c\u00f3digo e implemente-o em seu site. <\/p><\/div>\r\n\t\t\t\t\t<\/div>\r\n\t\t\t\t<\/div><div class=\"faq-item\">\r\n\t\t\t\t\t<div class=\"faq-item-question\">\r\n\t\t\t\t\t\t<h3 class=\"faq-item-question-text\">Como posso obter Twitter Hashtag Feed ou Grid atrav\u00e9s dos plugins Elfsight?<\/h3>\r\n\r\n\t\t\t\t\t\t<div class=\"faq-item-question-icon\"><\/div>\r\n\t\t\t\t\t<\/div>\r\n\r\n\t\t\t\t\t<div class=\"faq-item-answer\">\r\n\t\t\t\t\t\t<div class=\"faq-item-answer-text\"><p>Uma infinidade de modelos est\u00e1 dispon\u00edvel para voc\u00ea: grid, feed, galeria, alvenaria, lista e muitos outros, contando com ajustes de layout male\u00e1veis \u200b\u200bpara harmonizar com suas condi\u00e7\u00f5es. Voc\u00ea \u00e9 livre para criar quase qualquer ferramenta que lhe falte. <\/p><\/div>\r\n\t\t\t\t\t<\/div>\r\n\t\t\t\t<\/div><div class=\"faq-item\">\r\n\t\t\t\t\t<div class=\"faq-item-question\">\r\n\t\t\t\t\t\t<h3 class=\"faq-item-question-text\">Meu feed do Twitter do WordPress n\u00e3o est\u00e1 funcionando\/atualizando<\/h3>\r\n\r\n\t\t\t\t\t\t<div class=\"faq-item-question-icon\"><\/div>\r\n\t\t\t\t\t<\/div>\r\n\r\n\t\t\t\t\t<div class=\"faq-item-answer\">\r\n\t\t\t\t\t\t<div class=\"faq-item-answer-text\"><p>Assim que voc\u00ea tiver alguma dificuldade com os widgets do WordPress, entre em contato com o suporte ao cliente. Qualquer ajuda \u00e9 totalmente gratuita para todos os clientes da Elfsight. <\/p><\/div>\r\n\t\t\t\t\t<\/div>\r\n\t\t\t\t<\/div><\/div>","protected":false},"excerpt":{"rendered":"","protected":false},"author":9,"featured_media":0,"parent":832,"menu_order":0,"comment_status":"closed","ping_status":"closed","template":"templates\/template-application-platform.php","meta":{"publish_to_discourse":"","publish_post_category":"","wpdc_auto_publish_overridden":"","wpdc_topic_tags":"","wpdc_pin_topic":"","wpdc_pin_until":"","discourse_post_id":"","discourse_permalink":"","wpdc_publishing_response":"","wpdc_publishing_error":"","footnotes":""},"class_list":["post-4898","page","type-page","status-publish","hentry"],"yoast_head":"<!-- This site is optimized with the Yoast SEO plugin v25.3.1 - https:\/\/yoast.com\/wordpress\/plugins\/seo\/ -->\n<title>O melhor plugin de feed do Twitter para site WordPress (2025)<\/title>\n<meta name=\"description\" content=\"Gere um plugin WordPress Twitter Feed personalizado em apenas um minuto. Demonstra\u00e7\u00e3o gratuita, ajuda com configura\u00e7\u00e3o e mais vantagens da Elfsight est\u00e3o inclu\u00eddas!\" \/>\n<meta name=\"robots\" content=\"index, follow, max-snippet:-1, max-image-preview:large, max-video-preview:-1\" \/>\n<link rel=\"canonical\" href=\"https:\/\/elfsight.com\/pt\/twitter-feed-widget\/wordpress\/\" \/>\n<meta property=\"og:locale\" content=\"pt_PT\" \/>\n<meta property=\"og:type\" content=\"article\" \/>\n<meta property=\"og:title\" content=\"O melhor plugin de feed do Twitter para site WordPress (2025)\" \/>\n<meta property=\"og:description\" content=\"Gere um plugin WordPress Twitter Feed personalizado em apenas um minuto. Demonstra\u00e7\u00e3o gratuita, ajuda com configura\u00e7\u00e3o e mais vantagens da Elfsight est\u00e3o inclu\u00eddas!\" \/>\n<meta property=\"og:url\" content=\"https:\/\/elfsight.com\/pt\/twitter-feed-widget\/wordpress\/\" \/>\n<meta property=\"og:site_name\" content=\"Elfsight PT\" \/>\n<meta property=\"article:modified_time\" content=\"2024-11-13T12:12:12+00:00\" \/>\n<meta name=\"twitter:card\" content=\"summary_large_image\" \/>\n<meta name=\"twitter:label1\" content=\"Tempo estimado de leitura\" \/>\n\t<meta name=\"twitter:data1\" content=\"2 minutos\" \/>\n<!-- \/ Yoast SEO plugin. -->","yoast_head_json":{"title":"O melhor plugin de feed do Twitter para site WordPress (2025)","description":"Gere um plugin WordPress Twitter Feed personalizado em apenas um minuto. Demonstra\u00e7\u00e3o gratuita, ajuda com configura\u00e7\u00e3o e mais vantagens da Elfsight est\u00e3o inclu\u00eddas!","robots":{"index":"index","follow":"follow","max-snippet":"max-snippet:-1","max-image-preview":"max-image-preview:large","max-video-preview":"max-video-preview:-1"},"canonical":"https:\/\/elfsight.com\/pt\/twitter-feed-widget\/wordpress\/","og_locale":"pt_PT","og_type":"article","og_title":"O melhor plugin de feed do Twitter para site WordPress (2025)","og_description":"Gere um plugin WordPress Twitter Feed personalizado em apenas um minuto. Demonstra\u00e7\u00e3o gratuita, ajuda com configura\u00e7\u00e3o e mais vantagens da Elfsight est\u00e3o inclu\u00eddas!","og_url":"https:\/\/elfsight.com\/pt\/twitter-feed-widget\/wordpress\/","og_site_name":"Elfsight PT","article_modified_time":"2024-11-13T12:12:12+00:00","twitter_card":"summary_large_image","twitter_misc":{"Tempo estimado de leitura":"2 minutos"},"schema":{"@context":"https:\/\/schema.org","@graph":[{"@type":"WebPage","@id":"https:\/\/elfsight.com\/pt\/twitter-feed-widget\/wordpress\/","url":"https:\/\/elfsight.com\/pt\/twitter-feed-widget\/wordpress\/","name":"O melhor plugin de feed do Twitter para site WordPress (2025)","isPartOf":{"@id":"https:\/\/elfsight.com\/pt\/#website"},"datePublished":"1970-01-01T00:00:00+00:00","dateModified":"2024-11-13T12:12:12+00:00","description":"Gere um plugin WordPress Twitter Feed personalizado em apenas um minuto. Demonstra\u00e7\u00e3o gratuita, ajuda com configura\u00e7\u00e3o e mais vantagens da Elfsight est\u00e3o inclu\u00eddas!","breadcrumb":{"@id":"https:\/\/elfsight.com\/pt\/twitter-feed-widget\/wordpress\/#breadcrumb"},"inLanguage":"pt-PT","potentialAction":[{"@type":"ReadAction","target":["https:\/\/elfsight.com\/pt\/twitter-feed-widget\/wordpress\/"]}]},{"@type":"BreadcrumbList","@id":"https:\/\/elfsight.com\/pt\/twitter-feed-widget\/wordpress\/#breadcrumb","itemListElement":[{"@type":"ListItem","position":1,"name":"Home","item":"https:\/\/elfsight.com\/pt\/"},{"@type":"ListItem","position":2,"name":"Twitter Feed","item":"https:\/\/elfsight.com\/pt\/twitter-feed-widget\/"},{"@type":"ListItem","position":3,"name":"Twitter Feed &#8211; WordPress"}]},{"@type":"WebSite","@id":"https:\/\/elfsight.com\/pt\/#website","url":"https:\/\/elfsight.com\/pt\/","name":"Elfsight PT","description":"Just another Elfsight Sites site","potentialAction":[{"@type":"SearchAction","target":{"@type":"EntryPoint","urlTemplate":"https:\/\/elfsight.com\/pt\/?s={search_term_string}"},"query-input":{"@type":"PropertyValueSpecification","valueRequired":true,"valueName":"search_term_string"}}],"inLanguage":"pt-PT"}]}},"meta_box":{"industry":"","seo_heading":"","heading":"","description":"","cta_heading":"","cta_description":"","application":"831","h1":"Plug-in de feed do Twitter para WordPress","h1_caption":"Transforme os clientes do seu site em seguidores do Twitter","application_category":[],"applications_title":"","applications_request_title":"","applications_request_button_text":"","hero_text":"","hero_video":"","hero_video_schema_markup":"","selling_points_title":"","selling_points_caption":"","selling_points":[],"selling_points_cta_text":"","features_title":"","features":"","ed_cta_examples_text":"","ed_cta_examples_hidden":"","ed_cta_demo_text":"","ed_cta_demo_hidden":"","why_caption":"","why_editor_title":"","why_editor_text":"","why_team_title":"","why_team_text":"","why_service_title":"","why_service_text":"","template_catalog_visible":"","template_catalog_title":"","template_catalog_text":"","template_catalog_categories_visible":"","demo_title":"Crie seu plugin de feed do Twitter","demo_caption":"Configure seu feed do Twitter e adicione-o ao seu site WordPress gratuitamente!","default_faq_hidden":"","app_template_category":[],"platform":"34","template_public_id":"","codecanyon_url":"","codecanyon_item_id":"","codecanyon_price":"","pricing_caption":"","pricing_elfsight_apps_hide_column":"","pricing_elfsight_apps_url":"","pricing_codecanyon_price_caption":"","integration_category":[],"integration_request_title":"","integration_request_cta":"","integration_platform":"","integrations":[],"platform_category":[],"video_schema_markup":"","price":"a partir de US$ 0\/m\u00eas","trial":"","benefits":[{"text":"Ajuda de instala\u00e7\u00e3o gratuita"},{"text":"Atendimento ao cliente profissional"},{"text":"Garantia de devolu\u00e7\u00e3o do dinheiro em 14 dias"},{"text":"Melhorias cont\u00ednuas"}],"button_url":"#demo","button_target_blank":"0","button_nofollow":"0","attributes":[{"name":"Instala\u00e7\u00f5es","content":"10,000 - 100,000","_state":"expanded"},{"name":"Responsivo","content":"Sim","_state":"expanded"},{"name":"Navegadores compat\u00edveis","content":"Firefox, Safari, Opera, Chrome, Edge"}],"tags":[],"tags_disable_links":"0","hide_more_platforms":"","video_object":"","demo_hide_cta":"0","demo_hide_cloud_options":"0","pricing_title":"","pricing":[{"pricing_icon":"platform","pricing_title":"Elfsight Apps","pricing_title_caption":"Vers\u00e3o multiplataforma que funciona em qualquer site","pricing_price":"a partir de US$ 0\/m\u00eas","pricing_price_caption":"comece com plano gratuito","pricing_benefits":[{"text":"Dom\u00ednios ilimitados"},{"text":"Suporte premium"},{"text":"Suporte premium"},{"text":"Pre\u00e7o especial para v\u00e1rios aplicativos"}],"pricing_button_text":"Adicionar ao site","pricing_button_url":"#demo","_state":"expanded"}],"related_apps_title":"","related_apps_hidden":"1","author":"","image":[],"title":"","job":"","social_networks":[]},"_links":{"self":[{"href":"https:\/\/elfsight.com\/pt\/wp-json\/wp\/v2\/pages\/4898","targetHints":{"allow":["GET"]}}],"collection":[{"href":"https:\/\/elfsight.com\/pt\/wp-json\/wp\/v2\/pages"}],"about":[{"href":"https:\/\/elfsight.com\/pt\/wp-json\/wp\/v2\/types\/page"}],"author":[{"embeddable":true,"href":"https:\/\/elfsight.com\/pt\/wp-json\/wp\/v2\/users\/9"}],"replies":[{"embeddable":true,"href":"https:\/\/elfsight.com\/pt\/wp-json\/wp\/v2\/comments?post=4898"}],"version-history":[{"count":2,"href":"https:\/\/elfsight.com\/pt\/wp-json\/wp\/v2\/pages\/4898\/revisions"}],"predecessor-version":[{"id":12357,"href":"https:\/\/elfsight.com\/pt\/wp-json\/wp\/v2\/pages\/4898\/revisions\/12357"}],"up":[{"embeddable":true,"href":"https:\/\/elfsight.com\/pt\/wp-json\/wp\/v2\/pages\/832"}],"wp:attachment":[{"href":"https:\/\/elfsight.com\/pt\/wp-json\/wp\/v2\/media?parent=4898"}],"curies":[{"name":"wp","href":"https:\/\/api.w.org\/{rel}","templated":true}]}}