{"id":4896,"date":"1970-01-01T00:00:00","date_gmt":"1970-01-01T00:00:00","guid":{"rendered":"https:\/\/elfsight.com\/pt\/?page_id=4896"},"modified":"2025-12-25T12:43:36","modified_gmt":"2025-12-25T12:43:36","slug":"wordpress","status":"publish","type":"page","link":"https:\/\/elfsight.com\/pt\/whatsapp-chat-widget\/wordpress\/","title":{"rendered":"Whatsapp Chat &#8211; WordPress"},"content":{"rendered":"<div class=\"application-platform-content-item-description application-platform-content-item\" id=\"description\" data-nav-section=\"description\"> <h2>Incorpore o bate-papo do WhatsApp com o widget da Elfsight<\/h2> <p>O plug-in do WhatsApp da Elfsight \u00e9 uma variante perfeita para os visitantes do seu site permanecerem conectados voc\u00ea e obter respostas \u00e0s suas perguntas. Esteja dispon\u00edvel para os clientes no querido mensageiro sem parar. Coloque o chat na sua p\u00e1gina web e selecione-o para aparecer nas p\u00e1ginas escolhidas ou para um determinado tipo de visitantes; escolha gatilhos para iniciar bate-papo; redija sua mensagem de boas-vindas personalizada; escolha \u00edcones e aplique outros recursos de personaliza\u00e7\u00e3o. Com a ajuda do <a href=\"https:\/\/elfsight.com\/blog\/whatsapp-live-chat-plugin-for-wordpress\/\" target=\"_blank\" rel=\"noopener\">bate-papo do WhatsApp para WordPress em seu site <\/a>, voc\u00ea permanecer\u00e1 conectado com seu pessoal em todos os momentos e em qualquer lugar. <\/p> <\/div> <div class=\"application-platform-content-item-features application-platform-content-item\" id=\"features\" data-nav-section=\"features\"> <h2> Principais recursos do plug-in de bate-papo do WhatsApp<\/h2> <p>O plug-in do WhatsApp para WordPress n\u00e3o \u00e9 apenas uma solu\u00e7\u00e3o gratuita sem c\u00f3digo. Fornecemos a este plugin wp recursos \u00fateis que contribuem para sua experi\u00eancia na web. Alguns deles s\u00e3o feitos para melhorar os par\u00e2metros de design e layout, enquanto outros se concentram na facilidade de uso. Para entender melhor o plugin do Whatsapp, aqui est\u00e1 a lista de seus recursos mais destacados. Eles tornam o widget incrivelmente eficiente para sua loja: <\/p> <ul><li>Introduza o WhatsApp Messenger em sua loja para se conectar com o p\u00fablico; <\/li><li>Continue conversando diretamente da sua p\u00e1gina do WhatsApp; <\/li><li> Tr\u00eas op\u00e7\u00f5es de localiza\u00e7\u00e3o do bate-papo: como bal\u00e3o flutuante, bal\u00e3o incorporado e janela de bate-papo incorporada; <\/li><li>Explore uma cole\u00e7\u00e3o de \u00edcones de bolha para selecionar; <\/li><li>Texto de bal\u00e3o edit\u00e1vel. <\/li><\/ul><p><a href=\"#demo\">Para saber mais recursos, veja nossa demonstra\u00e7\u00e3o ao vivo<\/a><\/p> <\/div> <div class=\"application-platform-content-item-installation application-platform-content-item\" id=\"installation\" data-nav-section=\"installation\"> <h2>Como adicionar o plugin Whatsapp Chat ao seu site WordPress<\/h2><div class=\"video-container\">\n    <iframe allowfullscreen=\"\" frameborder=\"0\" height=\"405\" src=\"https:\/\/www.youtube.com\/embed\/l58PNuv-0NI?si=_e4Oh6XWu28BqAKk\" width=\"720\"><\/iframe>\n<\/div><p>Nosso plugin WordPress pode ser facilmente gerenciado e incorporado por qualquer usu\u00e1rio. Funciona como uma inser\u00e7\u00e3o HTML que voc\u00ea pode adicionar \u00e0 p\u00e1gina desejada. Basta seguir as instru\u00e7\u00f5es abaixo para integrar o plugin no WordPress.<\/p> <ol><li><b>Gerencie nossa demonstra\u00e7\u00e3o gratuita e comece a criar seu widget personalizado. <\/b><br> Encontre o layout e os par\u00e2metros preferidos da ferramenta e salve as modifica\u00e7\u00f5es. <\/li> <li><b>Receba o seu c\u00f3digo individual que aparece na caixa das aplica\u00e7\u00f5es Elfsight. <\/b><br> Insira o c\u00f3digo copiado recentemente em seu site e salve os ajustes. <\/li> <li><b>Pronto! A incorpora\u00e7\u00e3o \u00e9 totalmente executada. <\/b><br> Visite seu site para ver como o widget funciona. <\/li><\/ol> <p>Ainda n\u00e3o consegue se decidir? Ou tendo problemas? Apenas uma \u00fanica solicita\u00e7\u00e3o ao nosso atendimento ao cliente resolver\u00e1 qualquer tipo de problema. Al\u00e9m disso, podemos consult\u00e1-lo sobre nossos plug-ins WordPress que podem aumentar o desempenho do seu site e ajudar no desenvolvimento de neg\u00f3cios.<\/p> <\/div><div class=\"faq\" data-component=\"FAQ\"><div class=\"faq-item\">\r\n\t\t\t\t\t<div class=\"faq-item-question\">\r\n\t\t\t\t\t\t<h3 class=\"faq-item-question-text\">Como adicionar o bot\u00e3o de bate-papo do WhatsApp ao WordPress?<\/h3>\r\n\r\n\t\t\t\t\t\t<div class=\"faq-item-question-icon\"><\/div>\r\n\t\t\t\t\t<\/div>\r\n\r\n\t\t\t\t\t<div class=\"faq-item-answer\">\r\n\t\t\t\t\t\t<div class=\"faq-item-answer-text\"><p>Adicionar um plug-in de bate-papo ao site leva alguns segundos. Al\u00e9m disso, voc\u00ea n\u00e3o precisa ter conhecimento em programa\u00e7\u00e3o web.<\/p><p>Modifique o widget para WordPress no configurador gratuito ao vivo, copie seu c\u00f3digo de instala\u00e7\u00e3o, insira-o no local desejado no backend do site.<\/p><p>\u00c9 isso! A instala\u00e7\u00e3o do plugin de bate-papo do WhatsApp no \u200b\u200bWordPress foi conclu\u00edda!<\/p><p>Est\u00e1 tendo problemas para incorporar ou configurar o plugin? Voc\u00ea pode querer ler o guia completo <a href=\"https:\/\/elfsight.com\/tutorials\/how-to-add-whatsapp-chat-widget-to-website\/#how-to-add-whatsapp-to- wordpress\">sobre como adicionar o WhatsApp ao WordPress<\/a>. <\/p><\/div>\r\n\t\t\t\t\t<\/div>\r\n\t\t\t\t<\/div><div class=\"faq-item\">\r\n\t\t\t\t\t<div class=\"faq-item-question\">\r\n\t\t\t\t\t\t<h3 class=\"faq-item-question-text\">Existe uma chance de ver como o widget ficar\u00e1 no meu site?<\/h3>\r\n\r\n\t\t\t\t\t\t<div class=\"faq-item-question-icon\"><\/div>\r\n\t\t\t\t\t<\/div>\r\n\r\n\t\t\t\t\t<div class=\"faq-item-answer\">\r\n\t\t\t\t\t\t<div class=\"faq-item-answer-text\"><p>Sim, existe! Ao formar o plugin de bate-papo do WordPress <a href=\"https:\/\/elfsight.com\/whatsapp-chat-widget\/create\">no construtor online<\/a>, voc\u00ea considerar\u00e1 todas as revis\u00f5es \u00e0 direita. Sua caixa de bate-papo ser\u00e1 exatamente igual \u00e0 que voc\u00ea ter\u00e1 em um site WordPress. Ao terminar de construir seu plugin WordPress, voc\u00ea receber\u00e1 um c\u00f3digo que mant\u00e9m todas as configura\u00e7\u00f5es.<\/p><\/div>\r\n\t\t\t\t\t<\/div>\r\n\t\t\t\t<\/div><div class=\"faq-item\">\r\n\t\t\t\t\t<div class=\"faq-item-question\">\r\n\t\t\t\t\t\t<h3 class=\"faq-item-question-text\">Quais outros widgets s\u00e3o obrigat\u00f3rios para um site WordPress?<\/h3>\r\n\r\n\t\t\t\t\t\t<div class=\"faq-item-question-icon\"><\/div>\r\n\t\t\t\t\t<\/div>\r\n\r\n\t\t\t\t\t<div class=\"faq-item-answer\">\r\n\t\t\t\t\t\t<div class=\"faq-item-answer-text\"> <p>O WordPress oferece um grande n\u00famero de plug-ins vantajosos para qualquer tipo de site: de blogs a grandes mercados online. Voc\u00ea pode obter ainda mais plug-ins de \u00f3tima qualidade da Elfsight.<\/p><p>Por exemplo, voc\u00ea pode usar <a href=\"https:\/\/elfsight.com\/telegram-chat-widget\/wordpress\/\" target=\" _blank\" rel=\"noopener\">Bate-papo por telegrama<\/a>, <a href=\"https:\/\/elfsight.com\/facebook-chat-widget\/wordpress\/\" target=\"_blank\" rel=\"noopener\">Bate-papo do Facebook <\/a> ou <a href=\"https:\/\/elfsight.com\/viber-chat-widget\/wordpress\/\" target=\"_blank\" rel=\"noopener\">Viber Chat<\/a> para entrar em contato com os visitantes do site por meio de seu mensageiro favorito. Voc\u00ea tamb\u00e9m pode adicionar o controle deslizante de avalia\u00e7\u00f5es e depoimentos do Google ao site para demonstrar os depoimentos mais incr\u00edveis de sua empresa. Para aumentar a diversidade do conte\u00fado do seu site com v\u00eddeos, adicione uma Galeria do YouTube.<\/p><\/div>\r\n\t\t\t\t\t<\/div>\r\n\t\t\t\t<\/div><\/div>","protected":false},"excerpt":{"rendered":"","protected":false},"author":9,"featured_media":0,"parent":347,"menu_order":0,"comment_status":"closed","ping_status":"closed","template":"templates\/template-application-platform.php","meta":{"publish_to_discourse":"","publish_post_category":"","wpdc_auto_publish_overridden":"","wpdc_topic_tags":"","wpdc_pin_topic":"","wpdc_pin_until":"","discourse_post_id":"","discourse_permalink":"","wpdc_publishing_response":"","wpdc_publishing_error":"","footnotes":""},"class_list":["post-4896","page","type-page","status-publish","hentry"],"yoast_head":"<!-- This site is optimized with the Yoast SEO plugin v25.3.1 - https:\/\/yoast.com\/wordpress\/plugins\/seo\/ -->\n<title>Plug-in Wordpress Whatsapp Chat - Adicionar Whatsapp ao Wordpress [ 2025 ]<\/title>\n<meta name=\"description\" content=\"Adicione o plugin Whatsapp Chat ao site WordPress em apenas 2 minutos. Explore todas as principais caracter\u00edsticas do melhor widget de chat em uma demonstra\u00e7\u00e3o gratuita.\" \/>\n<meta name=\"robots\" content=\"index, follow, max-snippet:-1, max-image-preview:large, max-video-preview:-1\" \/>\n<link rel=\"canonical\" href=\"https:\/\/elfsight.com\/pt\/whatsapp-chat-widget\/wordpress\/\" \/>\n<meta property=\"og:locale\" content=\"pt_PT\" \/>\n<meta property=\"og:type\" content=\"article\" \/>\n<meta property=\"og:title\" content=\"Plug-in Wordpress Whatsapp Chat - Adicionar Whatsapp ao Wordpress [ 2025 ]\" \/>\n<meta property=\"og:description\" content=\"Adicione o plugin Whatsapp Chat ao site WordPress em apenas 2 minutos. Explore todas as principais caracter\u00edsticas do melhor widget de chat em uma demonstra\u00e7\u00e3o gratuita.\" \/>\n<meta property=\"og:url\" content=\"https:\/\/elfsight.com\/pt\/whatsapp-chat-widget\/wordpress\/\" \/>\n<meta property=\"og:site_name\" content=\"Elfsight PT\" \/>\n<meta property=\"article:modified_time\" content=\"2025-12-25T12:43:36+00:00\" \/>\n<meta name=\"twitter:card\" content=\"summary_large_image\" \/>\n<meta name=\"twitter:label1\" content=\"Tempo estimado de leitura\" \/>\n\t<meta name=\"twitter:data1\" content=\"4 minutos\" \/>\n<!-- \/ Yoast SEO plugin. -->","yoast_head_json":{"title":"Plug-in Wordpress Whatsapp Chat - Adicionar Whatsapp ao Wordpress [ 2025 ]","description":"Adicione o plugin Whatsapp Chat ao site WordPress em apenas 2 minutos. Explore todas as principais caracter\u00edsticas do melhor widget de chat em uma demonstra\u00e7\u00e3o gratuita.","robots":{"index":"index","follow":"follow","max-snippet":"max-snippet:-1","max-image-preview":"max-image-preview:large","max-video-preview":"max-video-preview:-1"},"canonical":"https:\/\/elfsight.com\/pt\/whatsapp-chat-widget\/wordpress\/","og_locale":"pt_PT","og_type":"article","og_title":"Plug-in Wordpress Whatsapp Chat - Adicionar Whatsapp ao Wordpress [ 2025 ]","og_description":"Adicione o plugin Whatsapp Chat ao site WordPress em apenas 2 minutos. Explore todas as principais caracter\u00edsticas do melhor widget de chat em uma demonstra\u00e7\u00e3o gratuita.","og_url":"https:\/\/elfsight.com\/pt\/whatsapp-chat-widget\/wordpress\/","og_site_name":"Elfsight PT","article_modified_time":"2025-12-25T12:43:36+00:00","twitter_card":"summary_large_image","twitter_misc":{"Tempo estimado de leitura":"4 minutos"},"schema":{"@context":"https:\/\/schema.org","@graph":[{"@type":"WebPage","@id":"https:\/\/elfsight.com\/pt\/whatsapp-chat-widget\/wordpress\/","url":"https:\/\/elfsight.com\/pt\/whatsapp-chat-widget\/wordpress\/","name":"Plug-in Wordpress Whatsapp Chat - Adicionar Whatsapp ao Wordpress [ 2025 ]","isPartOf":{"@id":"https:\/\/elfsight.com\/pt\/#website"},"datePublished":"1970-01-01T00:00:00+00:00","dateModified":"2025-12-25T12:43:36+00:00","description":"Adicione o plugin Whatsapp Chat ao site WordPress em apenas 2 minutos. Explore todas as principais caracter\u00edsticas do melhor widget de chat em uma demonstra\u00e7\u00e3o gratuita.","breadcrumb":{"@id":"https:\/\/elfsight.com\/pt\/whatsapp-chat-widget\/wordpress\/#breadcrumb"},"inLanguage":"pt-PT","potentialAction":[{"@type":"ReadAction","target":["https:\/\/elfsight.com\/pt\/whatsapp-chat-widget\/wordpress\/"]}]},{"@type":"BreadcrumbList","@id":"https:\/\/elfsight.com\/pt\/whatsapp-chat-widget\/wordpress\/#breadcrumb","itemListElement":[{"@type":"ListItem","position":1,"name":"Home","item":"https:\/\/elfsight.com\/pt\/"},{"@type":"ListItem","position":2,"name":"WhatsApp Chat","item":"https:\/\/elfsight.com\/pt\/whatsapp-chat-widget\/"},{"@type":"ListItem","position":3,"name":"Whatsapp Chat &#8211; WordPress"}]},{"@type":"WebSite","@id":"https:\/\/elfsight.com\/pt\/#website","url":"https:\/\/elfsight.com\/pt\/","name":"Elfsight PT","description":"Just another Elfsight Sites site","potentialAction":[{"@type":"SearchAction","target":{"@type":"EntryPoint","urlTemplate":"https:\/\/elfsight.com\/pt\/?s={search_term_string}"},"query-input":{"@type":"PropertyValueSpecification","valueRequired":true,"valueName":"search_term_string"}}],"inLanguage":"pt-PT"}]}},"meta_box":{"industry":"","seo_heading":"","heading":"","description":"","cta_heading":"","cta_description":"","application":"340","h1":"Plug-in de bate-papo do Whatsapp para WordPress","h1_caption":"O canal de comunica\u00e7\u00e3o mais pr\u00e1tico para os clientes do seu site","application_category":[],"applications_title":"","applications_request_title":"","applications_request_button_text":"","hero_text":"","hero_video":"","hero_video_schema_markup":"","selling_points_title":"","selling_points_caption":"","selling_points":[],"selling_points_cta_text":"","features_title":"","features":"","ed_cta_examples_text":"","ed_cta_examples_hidden":"","ed_cta_demo_text":"","ed_cta_demo_hidden":"","why_caption":"","why_editor_title":"","why_editor_text":"","why_team_title":"","why_team_text":"","why_service_title":"","why_service_text":"","template_catalog_visible":"0","template_catalog_title":"","template_catalog_text":"","template_catalog_categories_visible":"","demo_title":"Crie seu plugin de bate-papo do Whatsapp","demo_caption":"Configure seu Whatsapp Chat e adicione-o ao seu site WordPress gratuitamente!","default_faq_hidden":"","app_template_category":[],"platform":"34","template_public_id":"","codecanyon_url":"","codecanyon_item_id":"","codecanyon_price":"","pricing_caption":"","pricing_elfsight_apps_hide_column":"","pricing_elfsight_apps_url":"","pricing_codecanyon_price_caption":"","integration_category":[],"integration_request_title":"","integration_request_cta":"","integration_platform":"","integrations":[],"platform_category":[],"video_schema_markup":"","price":"a partir de US$ 0\/m\u00eas","trial":"","benefits":[{"text":"Ajuda de instala\u00e7\u00e3o gratuita"},{"text":"Suporte excepcional"},{"text":"Garantia de devolu\u00e7\u00e3o do dinheiro em 14 dias"},{"text":"Atualiza\u00e7\u00f5es gratuitas cont\u00ednuas"}],"button_url":"#demo","button_target_blank":"0","button_nofollow":"0","attributes":[{"name":"Instala\u00e7\u00f5es","content":"100,000 - 500,000","_state":"expanded"},{"name":"Responsivo","content":"Sim","_state":"expanded"},{"name":"Navegadores compat\u00edveis","content":"Firefox, Safari, Opera, Chrome, Edge"}],"tags":[],"tags_disable_links":"0","hide_more_platforms":"0","video_object":"","demo_hide_cta":"0","demo_hide_cloud_options":"0","pricing_title":"","pricing":[{"pricing_icon":"platform","pricing_title":"Elfsight Apps","pricing_title_caption":"Solu\u00e7\u00e3o multiplataforma","pricing_price":"a partir de US$ 0\/m\u00eas","pricing_price_caption":"comece com plano gratuito","pricing_benefits":[{"text":"Dom\u00ednios ilimitados"},{"text":"Suporte premium e bem documentado"},{"text":"Suporte premium e bem documentado"},{"text":"\u00d3timo neg\u00f3cio para v\u00e1rios aplicativos"}],"pricing_button_text":"Adicionar ao site","pricing_button_url":"#demo","_state":"expanded"}],"related_apps_title":"","related_apps_hidden":"1","author":"","image":[],"title":"","job":"","social_networks":[]},"_links":{"self":[{"href":"https:\/\/elfsight.com\/pt\/wp-json\/wp\/v2\/pages\/4896","targetHints":{"allow":["GET"]}}],"collection":[{"href":"https:\/\/elfsight.com\/pt\/wp-json\/wp\/v2\/pages"}],"about":[{"href":"https:\/\/elfsight.com\/pt\/wp-json\/wp\/v2\/types\/page"}],"author":[{"embeddable":true,"href":"https:\/\/elfsight.com\/pt\/wp-json\/wp\/v2\/users\/9"}],"replies":[{"embeddable":true,"href":"https:\/\/elfsight.com\/pt\/wp-json\/wp\/v2\/comments?post=4896"}],"version-history":[{"count":3,"href":"https:\/\/elfsight.com\/pt\/wp-json\/wp\/v2\/pages\/4896\/revisions"}],"predecessor-version":[{"id":15197,"href":"https:\/\/elfsight.com\/pt\/wp-json\/wp\/v2\/pages\/4896\/revisions\/15197"}],"up":[{"embeddable":true,"href":"https:\/\/elfsight.com\/pt\/wp-json\/wp\/v2\/pages\/347"}],"wp:attachment":[{"href":"https:\/\/elfsight.com\/pt\/wp-json\/wp\/v2\/media?parent=4896"}],"curies":[{"name":"wp","href":"https:\/\/api.w.org\/{rel}","templated":true}]}}