{"id":4892,"date":"1970-01-01T00:00:00","date_gmt":"1970-01-01T00:00:00","guid":{"rendered":"https:\/\/elfsight.com\/pt\/?page_id=4892"},"modified":"2025-02-26T15:08:26","modified_gmt":"2025-02-26T15:08:26","slug":"woocommerce","status":"publish","type":"page","link":"https:\/\/elfsight.com\/pt\/twitter-feed-widget\/woocommerce\/","title":{"rendered":"Twitter Feed &#8211; WooCommerce"},"content":{"rendered":"\n<div class=\"application-platform-content-item-description application-platform-content-item\" id=\"description\" data-nav-section=\"description\"><h2>Descri\u00e7\u00e3o<\/h2><p>O plug-in Elfsight Twitter Feed torna absolutamente simples a introdu\u00e7\u00e3o do Twitter Feed ou de Tweets definitivos no seu site WooCommerce. Aumente o envolvimento do usu\u00e1rio e aumente a confian\u00e7a do cliente, exibindo sua linha do tempo ou ostentando tweets de depoimentos de usu\u00e1rios sobre seus itens. Os maiores benef\u00edcios do plug-in Elfsight Twitter para o seu site s\u00e3o os modelos predefinidos para qualquer caso de uso e diversas op\u00e7\u00f5es, juntamente com um design responsivo.<\/p><p><b>Eleve o envolvimento do usu\u00e1rio e a confian\u00e7a no seu site<\/b><\/p><\/div> <div class=\"application-platform-content-item-features application-platform-content-item\" id=\"features\" data-nav-section=\"features\"><h2>Estes s\u00e3o apenas alguns dos poderosos recursos do widget:<\/h2><ul><li>Feed ou tipo de depoimentos da apresenta\u00e7\u00e3o;<\/li><li>Ocultar o cabe\u00e7alho para mostrar apenas Tweets;<\/li><li>Indica\u00e7\u00e3o de Retweets no feed;<\/li><li>Escolha entre os idiomas dispon\u00edveis ou solicite seu idioma e n\u00f3s traduziremos o widget;<\/li><li>Contagem de retu\u00edtes e contagem de curtidas em tweets.<\/li><\/ul><p><a href=\"#demo\">Voc\u00ea pode ver o que o widget oferece experimentando a demonstra\u00e7\u00e3o<\/a><\/p><\/div><div class=\"application-platform-content-item-installation application-platform-content-item\" id=\"installation\" data-nav-section=\"installation\"><h2>Como adiciono o feed do Twitter ao meu site WooCommerce?<\/h2><p>Basta seguir algumas etapas abaixo para integrar o plug-in.<\/p><ol><li><b>Usando nosso editor gratuito, comece a formar seu pr\u00f3prio widget.<\/b><br>Escolha o layout selecionado e os par\u00e2metros da ferramenta e salve as edi\u00e7\u00f5es.<\/li><li><b> Adquira o seu c\u00f3digo individual que aparece na janela das aplica\u00e7\u00f5es Elfsight.<\/b><br>Depois de terminar a cria\u00e7\u00e3o da sua ferramenta pessoal, copie o c\u00f3digo individual no pop-up que surge e guarde-o para utiliza\u00e7\u00e3o futura.<\/li><li><b>Comece a usar o plugin na sua p\u00e1gina inicial do WooCommerce.<\/b><br>Cole o c\u00f3digo que voc\u00ea copiou recentemente na sua p\u00e1gina da web e salve as corre\u00e7\u00f5es.<\/li><li><b>A configura\u00e7\u00e3o \u00e9 realizado com sucesso.<\/b><br>Visite sua p\u00e1gina para ver como est\u00e1 o funcionamento da ferramenta.<\/li><\/ol><p>Caso voc\u00ea enfrente algum obst\u00e1culo, n\u00e3o hesite em recorrer ao nosso equipe de atendimento ao consumidor. Nossos especialistas est\u00e3o ansiosos para resolver todas as dificuldades que voc\u00ea possa ter com o widget.<\/p><\/div><div class=\"faq\" data-component=\"FAQ\"><div class=\"faq-item\">\r\n\t\t\t\t\t<div class=\"faq-item-question\">\r\n\t\t\t\t\t\t<h3 class=\"faq-item-question-text\">Existe uma maneira de incorporar o feed do Twitter para o meu site WooCommerce sem codifica\u00e7\u00e3o?<\/h3>\r\n\r\n\t\t\t\t\t\t<div class=\"faq-item-question-icon\"><\/div>\r\n\t\t\t\t\t<\/div>\r\n\r\n\t\t\t\t\t<div class=\"faq-item-answer\">\r\n\t\t\t\t\t\t<div class=\"faq-item-answer-text\"><p>A empresa Elfsight oferece uma solu\u00e7\u00e3o Cloud que lhe permite criar voc\u00ea mesmo um widget de feed do Twitter, descubra as instru\u00e7\u00f5es simples:<\/p><ul><li>Comece a trabalhar diretamente no site online Editor para estabelecer um plugin de feed do Twitter que voc\u00ea gostaria que aparecesse no site WooCommerce.<\/li><li>Selecione um dos modelos pr\u00e9-concebidos e ajuste as configura\u00e7\u00f5es do feed do Twitter, altere o layout e as cores, inclua seu conte\u00fado sem conhecimento de codifica\u00e7\u00e3o .<\/li><li>Salve o feed do Twitter e obtenha o c\u00f3digo de instala\u00e7\u00e3o, que voc\u00ea pode incorporar facilmente em qualquer p\u00e1gina da web WooCommerce gratuitamente.<\/li><\/ul><p>Com a ajuda do editor intuitivo, todo usu\u00e1rio da web pode criar o aplicativo Twitter Feed e adicion\u00e1-lo facilmente ao site WooCommerce. Voc\u00ea n\u00e3o deve obter uma assinatura paga ou inserir as credenciais do seu cart\u00e3o para entrar no servi\u00e7o. Se voc\u00ea tiver algum problema em qualquer etapa, n\u00e3o hesite em entrar em contato com nosso suporte t\u00e9cnico ao cliente.<\/p><\/div>\r\n\t\t\t\t\t<\/div>\r\n\t\t\t\t<\/div><\/div>\n","protected":false},"excerpt":{"rendered":"","protected":false},"author":9,"featured_media":0,"parent":832,"menu_order":0,"comment_status":"closed","ping_status":"closed","template":"templates\/template-application-platform.php","meta":{"publish_to_discourse":"","publish_post_category":"","wpdc_auto_publish_overridden":"","wpdc_topic_tags":"","wpdc_pin_topic":"","wpdc_pin_until":"","discourse_post_id":"","discourse_permalink":"","wpdc_publishing_response":"","wpdc_publishing_error":"","footnotes":""},"class_list":["post-4892","page","type-page","status-publish","hentry"],"yoast_head":"<!-- This site is optimized with the Yoast SEO plugin v25.3.1 - https:\/\/yoast.com\/wordpress\/plugins\/seo\/ -->\n<title>Plug-in WooCommerce Twitter Feed para seu site (2025)<\/title>\n<meta name=\"description\" content=\"Aproveite a oportunidade de personalizar o plug-in Twitter Feed agora mesmo e adicione-o ao seu site WooCommerce diretamente da demonstra\u00e7\u00e3o ao vivo gratuitamente.\" \/>\n<meta name=\"robots\" content=\"index, follow, max-snippet:-1, max-image-preview:large, max-video-preview:-1\" \/>\n<link rel=\"canonical\" href=\"https:\/\/elfsight.com\/pt\/twitter-feed-widget\/woocommerce\/\" \/>\n<meta property=\"og:locale\" content=\"pt_PT\" \/>\n<meta property=\"og:type\" content=\"article\" \/>\n<meta property=\"og:title\" content=\"Plug-in WooCommerce Twitter Feed para seu site (2025)\" \/>\n<meta property=\"og:description\" content=\"Aproveite a oportunidade de personalizar o plug-in Twitter Feed agora mesmo e adicione-o ao seu site WooCommerce diretamente da demonstra\u00e7\u00e3o ao vivo gratuitamente.\" \/>\n<meta property=\"og:url\" content=\"https:\/\/elfsight.com\/pt\/twitter-feed-widget\/woocommerce\/\" \/>\n<meta property=\"og:site_name\" content=\"Elfsight PT\" \/>\n<meta property=\"article:modified_time\" content=\"2025-02-26T15:08:26+00:00\" \/>\n<meta name=\"twitter:card\" content=\"summary_large_image\" \/>\n<meta name=\"twitter:label1\" content=\"Tempo estimado de leitura\" \/>\n\t<meta name=\"twitter:data1\" content=\"3 minutos\" \/>\n<!-- \/ Yoast SEO plugin. -->","yoast_head_json":{"title":"Plug-in WooCommerce Twitter Feed para seu site (2025)","description":"Aproveite a oportunidade de personalizar o plug-in Twitter Feed agora mesmo e adicione-o ao seu site WooCommerce diretamente da demonstra\u00e7\u00e3o ao vivo gratuitamente.","robots":{"index":"index","follow":"follow","max-snippet":"max-snippet:-1","max-image-preview":"max-image-preview:large","max-video-preview":"max-video-preview:-1"},"canonical":"https:\/\/elfsight.com\/pt\/twitter-feed-widget\/woocommerce\/","og_locale":"pt_PT","og_type":"article","og_title":"Plug-in WooCommerce Twitter Feed para seu site (2025)","og_description":"Aproveite a oportunidade de personalizar o plug-in Twitter Feed agora mesmo e adicione-o ao seu site WooCommerce diretamente da demonstra\u00e7\u00e3o ao vivo gratuitamente.","og_url":"https:\/\/elfsight.com\/pt\/twitter-feed-widget\/woocommerce\/","og_site_name":"Elfsight PT","article_modified_time":"2025-02-26T15:08:26+00:00","twitter_card":"summary_large_image","twitter_misc":{"Tempo estimado de leitura":"3 minutos"},"schema":{"@context":"https:\/\/schema.org","@graph":[{"@type":"WebPage","@id":"https:\/\/elfsight.com\/pt\/twitter-feed-widget\/woocommerce\/","url":"https:\/\/elfsight.com\/pt\/twitter-feed-widget\/woocommerce\/","name":"Plug-in WooCommerce Twitter Feed para seu site (2025)","isPartOf":{"@id":"https:\/\/elfsight.com\/pt\/#website"},"datePublished":"1970-01-01T00:00:00+00:00","dateModified":"2025-02-26T15:08:26+00:00","description":"Aproveite a oportunidade de personalizar o plug-in Twitter Feed agora mesmo e adicione-o ao seu site WooCommerce diretamente da demonstra\u00e7\u00e3o ao vivo gratuitamente.","breadcrumb":{"@id":"https:\/\/elfsight.com\/pt\/twitter-feed-widget\/woocommerce\/#breadcrumb"},"inLanguage":"pt-PT","potentialAction":[{"@type":"ReadAction","target":["https:\/\/elfsight.com\/pt\/twitter-feed-widget\/woocommerce\/"]}]},{"@type":"BreadcrumbList","@id":"https:\/\/elfsight.com\/pt\/twitter-feed-widget\/woocommerce\/#breadcrumb","itemListElement":[{"@type":"ListItem","position":1,"name":"Home","item":"https:\/\/elfsight.com\/pt\/"},{"@type":"ListItem","position":2,"name":"Twitter Feed","item":"https:\/\/elfsight.com\/pt\/twitter-feed-widget\/"},{"@type":"ListItem","position":3,"name":"Twitter Feed &#8211; WooCommerce"}]},{"@type":"WebSite","@id":"https:\/\/elfsight.com\/pt\/#website","url":"https:\/\/elfsight.com\/pt\/","name":"Elfsight PT","description":"Just another Elfsight Sites site","potentialAction":[{"@type":"SearchAction","target":{"@type":"EntryPoint","urlTemplate":"https:\/\/elfsight.com\/pt\/?s={search_term_string}"},"query-input":{"@type":"PropertyValueSpecification","valueRequired":true,"valueName":"search_term_string"}}],"inLanguage":"pt-PT"}]}},"meta_box":{"industry":"","seo_heading":"","heading":"","description":"","cta_heading":"","cta_description":"","application":"831","h1":"Plug-in de feed do Twitter WooCommerce","h1_caption":"A melhor ferramenta para adicionar Tweets ao seu site","application_category":[],"applications_title":"","applications_request_title":"","applications_request_button_text":"","hero_text":"","hero_video":"","hero_video_schema_markup":"","selling_points_title":"","selling_points_caption":"","selling_points":[],"selling_points_cta_text":"","features_title":"","features":"","ed_cta_examples_text":"","ed_cta_examples_hidden":"","ed_cta_demo_text":"","ed_cta_demo_hidden":"","why_caption":"","why_editor_title":"","why_editor_text":"","why_team_title":"","why_team_text":"","why_service_title":"","why_service_text":"","template_catalog_visible":"0","template_catalog_title":"","template_catalog_text":"","template_catalog_categories_visible":"","demo_title":"Crie seu aplicativo de feed do Twitter","demo_caption":"Configure seu feed do Twitter e adicione-o ao seu site WooCommerce gratuitamente!","default_faq_hidden":"","app_template_category":[],"platform":"4920","template_public_id":"","codecanyon_url":"","codecanyon_item_id":"","codecanyon_price":"","pricing_caption":"","pricing_elfsight_apps_hide_column":"","pricing_elfsight_apps_url":"","pricing_codecanyon_price_caption":"","integration_category":[],"integration_request_title":"","integration_request_cta":"","integration_platform":"","integrations":[],"platform_category":[],"video_schema_markup":"","price":"a partir de US$ 0\/m\u00eas","trial":"","benefits":[{"text":"Servi\u00e7o de instala\u00e7\u00e3o gratuito"},{"text":"Atendimento ao cliente competente"},{"text":"Garantia de reembolso de 14 dias"},{"text":"Atualiza\u00e7\u00f5es gratuitas cont\u00ednuas"}],"button_url":"#demo","button_target_blank":"0","button_nofollow":"0","attributes":[{"name":"Instala\u00e7\u00f5es","content":"10,000 - 100,000","_state":"expanded"},{"name":"Responsivo","content":"Sim","_state":"expanded"},{"name":"Navegadores compat\u00edveis","content":"Firefox, Safari, Opera, Chrome, Edge"}],"tags":[],"tags_disable_links":"0","hide_more_platforms":"0","video_object":"","demo_hide_cta":"0","demo_hide_cloud_options":"0","pricing_title":"","pricing":[{"pricing_icon":"platform","pricing_title":"Elfsight Apps","pricing_title_caption":"Solu\u00e7\u00e3o digital multiplataforma que funciona em qualquer site","pricing_price":"a partir de US$ 0\/m\u00eas","pricing_price_caption":"comece com um plano gratuito","pricing_benefits":[{"text":"Dom\u00ednios ilimitados"},{"text":"Suporte ao cliente r\u00e1pido e bem documentado"},{"text":"Suporte ao cliente r\u00e1pido e bem documentado"},{"text":"Design flex\u00edvel"}],"pricing_button_text":"Adicionar ao site","pricing_button_url":"#demo","_state":"expanded"}],"related_apps_title":"","related_apps_hidden":"1","author":"","image":[],"title":"","job":"","social_networks":[]},"_links":{"self":[{"href":"https:\/\/elfsight.com\/pt\/wp-json\/wp\/v2\/pages\/4892","targetHints":{"allow":["GET"]}}],"collection":[{"href":"https:\/\/elfsight.com\/pt\/wp-json\/wp\/v2\/pages"}],"about":[{"href":"https:\/\/elfsight.com\/pt\/wp-json\/wp\/v2\/types\/page"}],"author":[{"embeddable":true,"href":"https:\/\/elfsight.com\/pt\/wp-json\/wp\/v2\/users\/9"}],"replies":[{"embeddable":true,"href":"https:\/\/elfsight.com\/pt\/wp-json\/wp\/v2\/comments?post=4892"}],"version-history":[{"count":3,"href":"https:\/\/elfsight.com\/pt\/wp-json\/wp\/v2\/pages\/4892\/revisions"}],"predecessor-version":[{"id":14018,"href":"https:\/\/elfsight.com\/pt\/wp-json\/wp\/v2\/pages\/4892\/revisions\/14018"}],"up":[{"embeddable":true,"href":"https:\/\/elfsight.com\/pt\/wp-json\/wp\/v2\/pages\/832"}],"wp:attachment":[{"href":"https:\/\/elfsight.com\/pt\/wp-json\/wp\/v2\/media?parent=4892"}],"curies":[{"name":"wp","href":"https:\/\/api.w.org\/{rel}","templated":true}]}}