{"id":4890,"date":"1970-01-01T00:00:00","date_gmt":"1970-01-01T00:00:00","guid":{"rendered":"https:\/\/elfsight.com\/pt\/?page_id=4890"},"modified":"2025-01-31T06:24:32","modified_gmt":"2025-01-31T06:24:32","slug":"woocommerce","status":"publish","type":"page","link":"https:\/\/elfsight.com\/pt\/whatsapp-chat-widget\/woocommerce\/","title":{"rendered":"WhatsApp Chat &#8211; WooCommerce"},"content":{"rendered":"\n<div class=\"application-platform-content-item-description application-platform-content-item\" id=\"description\" data-nav-section=\"description\"><h2>Incorpore o bate-papo do WhatsApp com o widget da Elfsight<\/h2><p>O Whatsapp Messenger criado pela Elfsight \u00e9 uma ferramenta \u00fatil para o p\u00fablico do seu site entrar entre em contato com voc\u00ea e obtenha respostas \u00e0s suas perguntas e solicita\u00e7\u00f5es. Fique dispon\u00edvel on-line para os clientes no mensageiro favorito sem parar. Insira o Whatsapp Chat na loja e escolha-o para aparecer nas p\u00e1ginas mais importantes ou para grupos selecionados de clientela, introduza gatilhos para iniciar o chat, insira sua pr\u00f3pria mensagem de boas-vindas, defina \u00edcones e aplique outras personaliza\u00e7\u00f5es.<\/p><p>Se for o caso, Se voc\u00ea decidir adicionar o bate-papo do WhatsApp ao WooCommerce, poder\u00e1 ver um aumento significativo no desempenho do seu site. Com nosso pr\u00e1tico plugin, voc\u00ea poder\u00e1 fornecer uma experi\u00eancia de usu\u00e1rio impec\u00e1vel. Voc\u00ea \u00e9 livre para decidir quem ver\u00e1 seu plugin WhatsApp Woocommerce. Ofere\u00e7a aos seus usu\u00e1rios uma integra\u00e7\u00e3o incr\u00edvel com WooCommerce que oferece todos os tipos de suporte ao cliente. Esteja em contato constante com seu p\u00fablico e construa relacionamentos de longo prazo. Seus clientes certamente agradecer\u00e3o por adicionar um canal de comunica\u00e7\u00e3o t\u00e3o \u00fatil \u00e0s p\u00e1ginas do seu site.<\/p><p>Nossa integra\u00e7\u00e3o com o WhatsApp WooCommerce tamb\u00e9m oferece uma ampla gama de op\u00e7\u00f5es de personaliza\u00e7\u00e3o. Isso significa que sua empresa ter\u00e1 o chat do WhatsApp que se adapta perfeitamente ao seu site WooCommerce. Voc\u00ea pode alterar totalmente o estilo geral do plugin para que ele se torne uma parte insepar\u00e1vel do design do seu site. Basta come\u00e7ar construindo seu plugin de neg\u00f3cios do WhatsApp, selecionar um dos modelos e alterar sua apar\u00eancia para que se adapte ao estilo de sua marca. E com a ajuda de v\u00e1rios outros recursos, voc\u00ea far\u00e1 com que o plug-in de bate-papo atenda aos seus objetivos de neg\u00f3cios, tornando-os muito f\u00e1ceis de alcan\u00e7ar. Voc\u00ea pode experimentar a qualquer momento gratuitamente em nosso configurador pr\u00e1tico e intuitivo.<\/p><p><b>Use o plugin do Whatsapp Messenger para atingir seus objetivos de neg\u00f3cios com menos esfor\u00e7o!<\/b><\/p><\/div> <div class=\"application-platform-content-item-features application-platform-content-item\" id=\"features\" data-nav-section=\"features\"><h2>Principais recursos do WhatsApp Chat Plugin<\/h2><ul><li>Insira o messenger em seu site para conversar com clientes;<\/li><li>Continue se comunicando diretamente de sua p\u00e1gina do Whatsapp ; <\/li><li>Experimente tr\u00eas variantes de posi\u00e7\u00e3o de bate-papo: como bal\u00e3o flutuante, bal\u00e3o incorporado e janela de bate-papo incorporada; <\/li><li>Use um conjunto de \u00edcones de bolha para selecionar. Escolha o seu \u00edcone de bolha em nossa cole\u00e7\u00e3o de \u00edcones dispon\u00edveis; <\/li><li>Digite seu pr\u00f3prio texto no bal\u00e3o de bate-papo. <\/li><\/ul><p><a href=\"#demo\">Voc\u00ea pode conferir a funcionalidade completa do widget na demonstra\u00e7\u00e3o abaixo<\/a><\/p><\/div><div class=\"application-platform-content-item-instala\u00e7\u00e3o application-platform-content-item\" id=\"instala\u00e7\u00e3o\" data-nav-section=\"instala\u00e7\u00e3o\"><h2>Como adicionar o WhatsApp Chat no meu site WooCommerce?<\/h2><p>Basta seguir os passos abaixo para inserir o plugin.<\/p><ol><li><b>Abrir nosso editor gratuito e comece a construir seu instrumento personalizado.<\/b><br>Especifique a interface e os par\u00e2metros preferidos do widget e salve as edi\u00e7\u00f5es.<\/li><li><b>Copie seu c\u00f3digo pessoal que \u00e9 mostrado no vi\u00fava nas aplica\u00e7\u00f5es Elfsight.<\/b><br>Ap\u00f3s a conclus\u00e3o da configura\u00e7\u00e3o do seu plugin pessoal, copie o c\u00f3digo exclusivo da janela que aparece e guarde-o para necessidade futura.<\/li><li><b>Iniciar a utiliza\u00e7\u00e3o do widget no site WooCommerce.<\/b><br>Integre o c\u00f3digo que voc\u00ea salvou antes em sua p\u00e1gina inicial e salve as modifica\u00e7\u00f5es.<\/li><li><b>A instala\u00e7\u00e3o foi realizada com sucesso.<\/b> <br>Visite sua p\u00e1gina para ver em a\u00e7\u00e3o o trabalho do plugin.<\/li><\/ol><p>Caso tenha d\u00favidas ou enfrente alguns obst\u00e1culos, entre em contato com nossa equipe de atendimento ao cliente. Nossos especialistas est\u00e3o ansiosos para resolver todas as dificuldades que voc\u00ea possa ter com o plugin.<\/p><\/div><div class=\"faq\" data-component=\"FAQ\"><div class=\"faq-item\">\r\n\t\t\t\t\t<div class=\"faq-item-question\">\r\n\t\t\t\t\t\t<h3 class=\"faq-item-question-text\">De que maneira posso incorporar o Whatsapp Chat \u00e0 minha p\u00e1gina WooCommerce sem conhecimento de codifica\u00e7\u00e3o?<\/h3>\r\n\r\n\t\t\t\t\t\t<div class=\"faq-item-question-icon\"><\/div>\r\n\t\t\t\t\t<\/div>\r\n\r\n\t\t\t\t\t<div class=\"faq-item-answer\">\r\n\t\t\t\t\t\t<div class=\"faq-item-answer-text\"><p>A empresa Elfsight oferece uma solu\u00e7\u00e3o que permite aos usu\u00e1rios gerar voc\u00ea mesmo um widget de bate-papo do Whatsapp, veja como \u00e9 descomplicado: <\/p><ul><li>V\u00e1 para a demonstra\u00e7\u00e3o online para criar um aplicativo de bate-papo do Whatsapp que voc\u00ea gostaria de ver em sua p\u00e1gina WooCommerce.<\/li><li>Selecione um de nossos modelos pr\u00e9-concebidos e ajuste as configura\u00e7\u00f5es do bate-papo do Whatsapp, transforme o layout e o esquema de cores, adicione seu conte\u00fado sem qualquer conhecimento de codifica\u00e7\u00e3o.<\/li><li>Salve o Whatsapp Chat e obtenha o c\u00f3digo do widget para instala\u00e7\u00e3o, que pode ser facilmente adicionado em qualquer site WooCommerce gratuitamente. <\/li><\/ul><p>Com a ajuda do nosso editor f\u00e1cil de usar, qualquer usu\u00e1rio da Internet pode criar o Whatsapp Chat on-line e incorpor\u00e1-lo facilmente em qualquer site WooCommerce. Voc\u00ea n\u00e3o deve obter uma assinatura paga ou enviar as credenciais do seu cart\u00e3o para entrar no Editor. Se voc\u00ea enfrentar qualquer tipo de problema, n\u00e3o hesite em entrar em contato com nosso suporte t\u00e9cnico ao cliente.<\/p><\/div>\r\n\t\t\t\t\t<\/div>\r\n\t\t\t\t<\/div><\/div>\n","protected":false},"excerpt":{"rendered":"","protected":false},"author":9,"featured_media":0,"parent":347,"menu_order":0,"comment_status":"closed","ping_status":"closed","template":"templates\/template-application-platform.php","meta":{"publish_to_discourse":"","publish_post_category":"","wpdc_auto_publish_overridden":"","wpdc_topic_tags":"","wpdc_pin_topic":"","wpdc_pin_until":"","discourse_post_id":"","discourse_permalink":"","wpdc_publishing_response":"","wpdc_publishing_error":"","footnotes":""},"class_list":["post-4890","page","type-page","status-publish","hentry"],"yoast_head":"<!-- This site is optimized with the Yoast SEO plugin v25.3.1 - https:\/\/yoast.com\/wordpress\/plugins\/seo\/ -->\n<title>Plug-in WooCommerce WhatsApp Chat para seu site (2025)<\/title>\n<meta name=\"description\" content=\"Aproveite a oportunidade de personalizar o plugin do WhatsApp Chat no editor e introduzi-lo em seu site WooCommerce diretamente atrav\u00e9s da demonstra\u00e7\u00e3o.\" \/>\n<meta name=\"robots\" content=\"index, follow, max-snippet:-1, max-image-preview:large, max-video-preview:-1\" \/>\n<link rel=\"canonical\" href=\"https:\/\/elfsight.com\/pt\/whatsapp-chat-widget\/woocommerce\/\" \/>\n<meta property=\"og:locale\" content=\"pt_PT\" \/>\n<meta property=\"og:type\" content=\"article\" \/>\n<meta property=\"og:title\" content=\"Plug-in WooCommerce WhatsApp Chat para seu site (2025)\" \/>\n<meta property=\"og:description\" content=\"Aproveite a oportunidade de personalizar o plugin do WhatsApp Chat no editor e introduzi-lo em seu site WooCommerce diretamente atrav\u00e9s da demonstra\u00e7\u00e3o.\" \/>\n<meta property=\"og:url\" content=\"https:\/\/elfsight.com\/pt\/whatsapp-chat-widget\/woocommerce\/\" \/>\n<meta property=\"og:site_name\" content=\"Elfsight PT\" \/>\n<meta property=\"article:modified_time\" content=\"2025-01-31T06:24:32+00:00\" \/>\n<meta name=\"twitter:card\" content=\"summary_large_image\" \/>\n<meta name=\"twitter:label1\" content=\"Tempo estimado de leitura\" \/>\n\t<meta name=\"twitter:data1\" content=\"5 minutos\" \/>\n<!-- \/ Yoast SEO plugin. -->","yoast_head_json":{"title":"Plug-in WooCommerce WhatsApp Chat para seu site (2025)","description":"Aproveite a oportunidade de personalizar o plugin do WhatsApp Chat no editor e introduzi-lo em seu site WooCommerce diretamente atrav\u00e9s da demonstra\u00e7\u00e3o.","robots":{"index":"index","follow":"follow","max-snippet":"max-snippet:-1","max-image-preview":"max-image-preview:large","max-video-preview":"max-video-preview:-1"},"canonical":"https:\/\/elfsight.com\/pt\/whatsapp-chat-widget\/woocommerce\/","og_locale":"pt_PT","og_type":"article","og_title":"Plug-in WooCommerce WhatsApp Chat para seu site (2025)","og_description":"Aproveite a oportunidade de personalizar o plugin do WhatsApp Chat no editor e introduzi-lo em seu site WooCommerce diretamente atrav\u00e9s da demonstra\u00e7\u00e3o.","og_url":"https:\/\/elfsight.com\/pt\/whatsapp-chat-widget\/woocommerce\/","og_site_name":"Elfsight PT","article_modified_time":"2025-01-31T06:24:32+00:00","twitter_card":"summary_large_image","twitter_misc":{"Tempo estimado de leitura":"5 minutos"},"schema":{"@context":"https:\/\/schema.org","@graph":[{"@type":"WebPage","@id":"https:\/\/elfsight.com\/pt\/whatsapp-chat-widget\/woocommerce\/","url":"https:\/\/elfsight.com\/pt\/whatsapp-chat-widget\/woocommerce\/","name":"Plug-in WooCommerce WhatsApp Chat para seu site (2025)","isPartOf":{"@id":"https:\/\/elfsight.com\/pt\/#website"},"datePublished":"1970-01-01T00:00:00+00:00","dateModified":"2025-01-31T06:24:32+00:00","description":"Aproveite a oportunidade de personalizar o plugin do WhatsApp Chat no editor e introduzi-lo em seu site WooCommerce diretamente atrav\u00e9s da demonstra\u00e7\u00e3o.","breadcrumb":{"@id":"https:\/\/elfsight.com\/pt\/whatsapp-chat-widget\/woocommerce\/#breadcrumb"},"inLanguage":"pt-PT","potentialAction":[{"@type":"ReadAction","target":["https:\/\/elfsight.com\/pt\/whatsapp-chat-widget\/woocommerce\/"]}]},{"@type":"BreadcrumbList","@id":"https:\/\/elfsight.com\/pt\/whatsapp-chat-widget\/woocommerce\/#breadcrumb","itemListElement":[{"@type":"ListItem","position":1,"name":"Home","item":"https:\/\/elfsight.com\/pt\/"},{"@type":"ListItem","position":2,"name":"WhatsApp Chat","item":"https:\/\/elfsight.com\/pt\/whatsapp-chat-widget\/"},{"@type":"ListItem","position":3,"name":"WhatsApp Chat &#8211; WooCommerce"}]},{"@type":"WebSite","@id":"https:\/\/elfsight.com\/pt\/#website","url":"https:\/\/elfsight.com\/pt\/","name":"Elfsight PT","description":"Just another Elfsight Sites site","potentialAction":[{"@type":"SearchAction","target":{"@type":"EntryPoint","urlTemplate":"https:\/\/elfsight.com\/pt\/?s={search_term_string}"},"query-input":{"@type":"PropertyValueSpecification","valueRequired":true,"valueName":"search_term_string"}}],"inLanguage":"pt-PT"}]}},"meta_box":{"industry":"","seo_heading":"","heading":"","description":"","cta_heading":"","cta_description":"","application":"340","h1":"Plug-in WooCommerce WhatsApp Chat","h1_caption":"O canal de intera\u00e7\u00e3o mais r\u00e1pido para os usu\u00e1rios do seu site","application_category":[],"applications_title":"","applications_request_title":"","applications_request_button_text":"","hero_text":"","hero_video":"","hero_video_schema_markup":"","selling_points_title":"","selling_points_caption":"","selling_points":[],"selling_points_cta_text":"","features_title":"","features":"","ed_cta_examples_text":"","ed_cta_examples_hidden":"","ed_cta_demo_text":"","ed_cta_demo_hidden":"","why_caption":"","why_editor_title":"","why_editor_text":"","why_team_title":"","why_team_text":"","why_service_title":"","why_service_text":"","template_catalog_visible":"0","template_catalog_title":"","template_catalog_text":"","template_catalog_categories_visible":"","demo_title":"Crie seu aplicativo WhatsApp Chat","demo_caption":"Configure seu WhatsApp Chat e adicione-o ao seu site WooCommerce gratuitamente!","default_faq_hidden":"","app_template_category":[],"platform":"4920","template_public_id":"","codecanyon_url":"","codecanyon_item_id":"","codecanyon_price":"","pricing_caption":"","pricing_elfsight_apps_hide_column":"","pricing_elfsight_apps_url":"","pricing_codecanyon_price_caption":"","integration_category":[],"integration_request_title":"","integration_request_cta":"","integration_platform":"","integrations":[],"platform_category":[],"video_schema_markup":"","price":"a partir de US$ 0\/m\u00eas","trial":"","benefits":[{"text":"Ajuda de instala\u00e7\u00e3o gratuita"},{"text":"Atendimento ao cliente competente"},{"text":"Garantia de devolu\u00e7\u00e3o do dinheiro em 14 dias"},{"text":"Desenvolvimento cont\u00ednuo"}],"button_url":"#demo","button_target_blank":"0","button_nofollow":"0","attributes":[{"name":"Instala\u00e7\u00f5es","content":"10,000 - 100,000","_state":"expanded"},{"name":"Responsivo","content":"Sim","_state":"expanded"},{"name":"Navegadores compat\u00edveis","content":"Firefox, Safari, Opera, Chrome, Edge"}],"tags":[],"tags_disable_links":"0","hide_more_platforms":"","video_object":"","demo_hide_cta":"0","demo_hide_cloud_options":"0","pricing_title":"","pricing":[{"pricing_icon":"platform","pricing_title":"Elfsight Apps","pricing_title_caption":"Solu\u00e7\u00e3o digital independente de plataforma adequada para qualquer site","pricing_price":"a partir de US$ 0\/m\u00eas","pricing_price_caption":"comece com um plano gratuito","pricing_benefits":[{"text":"Sites ilimitados"},{"text":"Suporte ao cliente 24 horas por dia, 7 dias por semana e bem documentado"},{"text":"Suporte ao cliente 24 horas por dia, 7 dias por semana e bem documentado"},{"text":"Totalmente personaliz\u00e1vel"}],"pricing_button_text":"Adicionar ao site","pricing_button_url":"#demo","_state":"expanded"}],"related_apps_title":"","related_apps_hidden":"1","author":"","image":[],"title":"","job":"","social_networks":[]},"_links":{"self":[{"href":"https:\/\/elfsight.com\/pt\/wp-json\/wp\/v2\/pages\/4890","targetHints":{"allow":["GET"]}}],"collection":[{"href":"https:\/\/elfsight.com\/pt\/wp-json\/wp\/v2\/pages"}],"about":[{"href":"https:\/\/elfsight.com\/pt\/wp-json\/wp\/v2\/types\/page"}],"author":[{"embeddable":true,"href":"https:\/\/elfsight.com\/pt\/wp-json\/wp\/v2\/users\/9"}],"replies":[{"embeddable":true,"href":"https:\/\/elfsight.com\/pt\/wp-json\/wp\/v2\/comments?post=4890"}],"version-history":[{"count":3,"href":"https:\/\/elfsight.com\/pt\/wp-json\/wp\/v2\/pages\/4890\/revisions"}],"predecessor-version":[{"id":13679,"href":"https:\/\/elfsight.com\/pt\/wp-json\/wp\/v2\/pages\/4890\/revisions\/13679"}],"up":[{"embeddable":true,"href":"https:\/\/elfsight.com\/pt\/wp-json\/wp\/v2\/pages\/347"}],"wp:attachment":[{"href":"https:\/\/elfsight.com\/pt\/wp-json\/wp\/v2\/media?parent=4890"}],"curies":[{"name":"wp","href":"https:\/\/api.w.org\/{rel}","templated":true}]}}