{"id":4889,"date":"1970-01-01T00:00:00","date_gmt":"1970-01-01T00:00:00","guid":{"rendered":"https:\/\/elfsight.com\/pt\/?page_id=4889"},"modified":"2024-11-13T11:33:19","modified_gmt":"2024-11-13T11:33:19","slug":"woocommerce","status":"publish","type":"page","link":"https:\/\/elfsight.com\/pt\/youtube-channel-plugin-yottie\/woocommerce\/","title":{"rendered":"YouTube Gallery &#8211; WooCommerce"},"content":{"rendered":"<div class=\"application-platform-content-item-description application-platform-content-item\" id=\"description\" data-nav-section=\"description\"><h2>Descri\u00e7\u00e3o<\/h2><p>Um widget multifuncional para o YouTube, que permite adicionar uma variedade de v\u00eddeos ao seu site. Selecione os canais necess\u00e1rios e os videoclipes separados para compilar sua playlist incompar\u00e1vel e integr\u00e1-la diretamente na p\u00e1gina da web usando o layout mais adequado (galeria de v\u00eddeos, portf\u00f3lio, canal, v\u00eddeo \u00fanico). Nosso widget \u00e9 totalmente compat\u00edvel com todos os formatos e navegadores, possui mais de 100 par\u00e2metros de configura\u00e7\u00e3o, modelo personaliz\u00e1vel e muitas caracter\u00edsticas diferentes, que ajudam a instal\u00e1-lo em diversos sites.<\/p><p><b>Com a Galeria do YouTube da Elfsight, alcan\u00e7ar o crescimento sustent\u00e1vel dos neg\u00f3cios e aumentar as vendas<\/b><\/p><\/div> <div class=\"faq\" data-component=\"FAQ\"><div class=\"faq-item\">\r\n\t\t\t\t\t<div class=\"faq-item-question\">\r\n\t\t\t\t\t\t<h3 class=\"faq-item-question-text\">Como posso adicionar uma galeria do YouTube ao WooCommerce? <\/h3>\r\n\r\n\t\t\t\t\t\t<div class=\"faq-item-question-icon\"><\/div>\r\n\t\t\t\t\t<\/div>\r\n\r\n\t\t\t\t\t<div class=\"faq-item-answer\">\r\n\t\t\t\t\t\t<div class=\"faq-item-answer-text\"><p>A cria\u00e7\u00e3o do widget ocorre dentro do site da Elfsight e voc\u00ea n\u00e3o precisa aprender a programar. Use a demonstra\u00e7\u00e3o online para ajustar seu pr\u00f3prio aplicativo, obter o c\u00f3digo e integr\u00e1-lo ao seu site. <\/p><\/div>\r\n\t\t\t\t\t<\/div>\r\n\t\t\t\t<\/div><div class=\"faq-item\">\r\n\t\t\t\t\t<div class=\"faq-item-question\">\r\n\t\t\t\t\t\t<h3 class=\"faq-item-question-text\">Os melhores exemplos de uso da integra\u00e7\u00e3o da galeria de listas de reprodu\u00e7\u00e3o do YouTube<\/h3>\r\n\r\n\t\t\t\t\t\t<div class=\"faq-item-question-icon\"><\/div>\r\n\t\t\t\t\t<\/div>\r\n\r\n\t\t\t\t\t<div class=\"faq-item-answer\">\r\n\t\t\t\t\t\t<div class=\"faq-item-answer-text\"><p>Oferecemos uma s\u00e9rie de op\u00e7\u00f5es de ajuste: widgets completos para adicionar \u00e0 \u00e1rea de conte\u00fado, widgets flutuantes para op\u00e7\u00f5es de rolagem, miniaturas para rodap\u00e9, cabe\u00e7alho e todos os tipos de possibilidades verticais para barras laterais e menus. <\/p><\/div>\r\n\t\t\t\t\t<\/div>\r\n\t\t\t\t<\/div><div class=\"faq-item\">\r\n\t\t\t\t\t<div class=\"faq-item-question\">\r\n\t\t\t\t\t\t<h3 class=\"faq-item-question-text\">Posso criar um \u00fanico v\u00eddeo ou lista de reprodu\u00e7\u00e3o por meio do seu editor? <\/h3>\r\n\r\n\t\t\t\t\t\t<div class=\"faq-item-question-icon\"><\/div>\r\n\t\t\t\t\t<\/div>\r\n\r\n\t\t\t\t\t<div class=\"faq-item-answer\">\r\n\t\t\t\t\t\t<div class=\"faq-item-answer-text\"><p>Voc\u00ea \u00e9 livre para criar altera\u00e7\u00f5es em qualquer widget. Existem diversos layouts \u00e0 sua disposi\u00e7\u00e3o no editor, e todos eles podem ser facilmente customizados conforme sua necessidade. <\/p><\/div>\r\n\t\t\t\t\t<\/div>\r\n\t\t\t\t<\/div><\/div><div class=\"application-platform-content-item-features application-platform-content-item\" id=\"features\" data-nav-section=\"features\"><h2>Oferecemos recursos \u00fateis e descomplicados, veja alguns deles:<\/h2><ul><li>Criar grupos de origem<\/li><li>Descri\u00e7\u00e3o edit\u00e1vel do canal<\/li><li>Definir espa\u00e7o entre os v\u00eddeos<\/li><li>13 elementos pop-up que podem ser ativados\/desativados<\/li><li>Op\u00e7\u00e3o para mostrar a barra de pesquisa<\/li><li>6 elementos de menu pint\u00e1veis<\/li><li>Modo de privacidade aprimorada<\/li><\/ul><p><a href=\"#demo\">Experimente esta demonstra\u00e7\u00e3o para entender a funcionalidade do widget<\/a><\/p><\/div><div class=\"application-platform-content-item-installation application-platform-content-item\" id=\"installation\" data-nav-section=\"installation\"><h2>Como incorporo a Galeria do YouTube em meu site WooCommerce?<\/h2><p>Basta seguir as diretrizes abaixo para come\u00e7ar a trabalhar com a ferramenta.<\/p><ol><li><b>Abra nosso configurador gratuito e comece a criar seu instrumento exclusivo.<\/b><br>Encontre o design e os par\u00e2metros adequados do plugin e salve as edi\u00e7\u00f5es.<\/li><li><b>Copie o seu c\u00f3digo pessoal que aparece na caixa nas aplica\u00e7\u00f5es Elfsight.<\/b><br>Quando a gera\u00e7\u00e3o do seu widget pessoal estiver conclu\u00edda, copie o c\u00f3digo individual no pop-up que surge e guarde-o. para uso posterior.<\/li><li><b>Comece a aplicar o plug-in em seu site WooCommerce.<\/b><br>Implemente o c\u00f3digo que voc\u00ea salvou antes em sua p\u00e1gina e salve os ajustes.<\/li><li><b>A instala\u00e7\u00e3o est\u00e1 totalmente realizada.<\/b><br>V\u00e1 para sua p\u00e1gina da web para observar como o widget est\u00e1 funcionando.<\/li><\/ol><p>Desde que voc\u00ea responda a d\u00favidas ou enfrentando algumas complica\u00e7\u00f5es, n\u00e3o tenha medo de solicitar nossa equipe de atendimento ao cliente. Nossos consultores ter\u00e3o prazer em ajud\u00e1-lo com todas as d\u00favidas que voc\u00ea possa ter sobre o plugin.<\/p><\/div>","protected":false},"excerpt":{"rendered":"","protected":false},"author":9,"featured_media":0,"parent":415,"menu_order":0,"comment_status":"closed","ping_status":"closed","template":"templates\/template-application-platform.php","meta":{"publish_to_discourse":"","publish_post_category":"","wpdc_auto_publish_overridden":"","wpdc_topic_tags":"","wpdc_pin_topic":"","wpdc_pin_until":"","discourse_post_id":"","discourse_permalink":"","wpdc_publishing_response":"","wpdc_publishing_error":"","footnotes":""},"class_list":["post-4889","page","type-page","status-publish","hentry"],"yoast_head":"<!-- This site is optimized with the Yoast SEO plugin v25.3.1 - https:\/\/yoast.com\/wordpress\/plugins\/seo\/ -->\n<title>Plug-in WooCommerce da Galeria do YouTube para seu site (2025)<\/title>\n<meta name=\"description\" content=\"Gere uma galeria de v\u00eddeos do YouTube personalizada para o seu site WooCommerce em apenas 2 minutos! Teste o painel gratuito da Elfsight para criar seu pr\u00f3prio plugin do YouTube.\" \/>\n<meta name=\"robots\" content=\"index, follow, max-snippet:-1, max-image-preview:large, max-video-preview:-1\" \/>\n<link rel=\"canonical\" href=\"https:\/\/elfsight.com\/pt\/youtube-channel-plugin-yottie\/woocommerce\/\" \/>\n<meta property=\"og:locale\" content=\"pt_PT\" \/>\n<meta property=\"og:type\" content=\"article\" \/>\n<meta property=\"og:title\" content=\"Plug-in WooCommerce da Galeria do YouTube para seu site (2025)\" \/>\n<meta property=\"og:description\" content=\"Gere uma galeria de v\u00eddeos do YouTube personalizada para o seu site WooCommerce em apenas 2 minutos! Teste o painel gratuito da Elfsight para criar seu pr\u00f3prio plugin do YouTube.\" \/>\n<meta property=\"og:url\" content=\"https:\/\/elfsight.com\/pt\/youtube-channel-plugin-yottie\/woocommerce\/\" \/>\n<meta property=\"og:site_name\" content=\"Elfsight PT\" \/>\n<meta property=\"article:modified_time\" content=\"2024-11-13T11:33:19+00:00\" \/>\n<meta name=\"twitter:card\" content=\"summary_large_image\" \/>\n<meta name=\"twitter:label1\" content=\"Tempo estimado de leitura\" \/>\n\t<meta name=\"twitter:data1\" content=\"2 minutos\" \/>\n<!-- \/ Yoast SEO plugin. -->","yoast_head_json":{"title":"Plug-in WooCommerce da Galeria do YouTube para seu site (2025)","description":"Gere uma galeria de v\u00eddeos do YouTube personalizada para o seu site WooCommerce em apenas 2 minutos! Teste o painel gratuito da Elfsight para criar seu pr\u00f3prio plugin do YouTube.","robots":{"index":"index","follow":"follow","max-snippet":"max-snippet:-1","max-image-preview":"max-image-preview:large","max-video-preview":"max-video-preview:-1"},"canonical":"https:\/\/elfsight.com\/pt\/youtube-channel-plugin-yottie\/woocommerce\/","og_locale":"pt_PT","og_type":"article","og_title":"Plug-in WooCommerce da Galeria do YouTube para seu site (2025)","og_description":"Gere uma galeria de v\u00eddeos do YouTube personalizada para o seu site WooCommerce em apenas 2 minutos! Teste o painel gratuito da Elfsight para criar seu pr\u00f3prio plugin do YouTube.","og_url":"https:\/\/elfsight.com\/pt\/youtube-channel-plugin-yottie\/woocommerce\/","og_site_name":"Elfsight PT","article_modified_time":"2024-11-13T11:33:19+00:00","twitter_card":"summary_large_image","twitter_misc":{"Tempo estimado de leitura":"2 minutos"},"schema":{"@context":"https:\/\/schema.org","@graph":[{"@type":"WebPage","@id":"https:\/\/elfsight.com\/pt\/youtube-channel-plugin-yottie\/woocommerce\/","url":"https:\/\/elfsight.com\/pt\/youtube-channel-plugin-yottie\/woocommerce\/","name":"Plug-in WooCommerce da Galeria do YouTube para seu site (2025)","isPartOf":{"@id":"https:\/\/elfsight.com\/pt\/#website"},"datePublished":"1970-01-01T00:00:00+00:00","dateModified":"2024-11-13T11:33:19+00:00","description":"Gere uma galeria de v\u00eddeos do YouTube personalizada para o seu site WooCommerce em apenas 2 minutos! Teste o painel gratuito da Elfsight para criar seu pr\u00f3prio plugin do YouTube.","breadcrumb":{"@id":"https:\/\/elfsight.com\/pt\/youtube-channel-plugin-yottie\/woocommerce\/#breadcrumb"},"inLanguage":"pt-PT","potentialAction":[{"@type":"ReadAction","target":["https:\/\/elfsight.com\/pt\/youtube-channel-plugin-yottie\/woocommerce\/"]}]},{"@type":"BreadcrumbList","@id":"https:\/\/elfsight.com\/pt\/youtube-channel-plugin-yottie\/woocommerce\/#breadcrumb","itemListElement":[{"@type":"ListItem","position":1,"name":"Home","item":"https:\/\/elfsight.com\/pt\/"},{"@type":"ListItem","position":2,"name":"YouTube Gallery","item":"https:\/\/elfsight.com\/pt\/youtube-channel-plugin-yottie\/"},{"@type":"ListItem","position":3,"name":"YouTube Gallery &#8211; WooCommerce"}]},{"@type":"WebSite","@id":"https:\/\/elfsight.com\/pt\/#website","url":"https:\/\/elfsight.com\/pt\/","name":"Elfsight PT","description":"Just another Elfsight Sites site","potentialAction":[{"@type":"SearchAction","target":{"@type":"EntryPoint","urlTemplate":"https:\/\/elfsight.com\/pt\/?s={search_term_string}"},"query-input":{"@type":"PropertyValueSpecification","valueRequired":true,"valueName":"search_term_string"}}],"inLanguage":"pt-PT"}]}},"meta_box":{"industry":"","seo_heading":"","heading":"","description":"","cta_heading":"","cta_description":"","application":"408","h1":"Plug-in WooCommerce da Galeria do YouTube","h1_caption":"A melhor ferramenta para adicionar qualquer v\u00eddeo do YouTube em uma p\u00e1gina","application_category":[],"applications_title":"","applications_request_title":"","applications_request_button_text":"","hero_text":"","hero_video":"","hero_video_schema_markup":"","selling_points_title":"","selling_points_caption":"","selling_points":[],"selling_points_cta_text":"","features_title":"","features":"","ed_cta_examples_text":"","ed_cta_examples_hidden":"","ed_cta_demo_text":"","ed_cta_demo_hidden":"","why_caption":"","why_editor_title":"","why_editor_text":"","why_team_title":"","why_team_text":"","why_service_title":"","why_service_text":"","template_catalog_visible":"","template_catalog_title":"","template_catalog_text":"","template_catalog_categories_visible":"","demo_title":"Crie seu aplicativo Galeria do YouTube","demo_caption":"Configure sua Galeria do YouTube e adicione-a ao seu site WooCommerce gratuitamente!","default_faq_hidden":"","app_template_category":[],"platform":"4920","template_public_id":"","codecanyon_url":"","codecanyon_item_id":"","codecanyon_price":"","pricing_caption":"","pricing_elfsight_apps_hide_column":"","pricing_elfsight_apps_url":"","pricing_codecanyon_price_caption":"","integration_category":[],"integration_request_title":"","integration_request_cta":"","integration_platform":"","integrations":[],"platform_category":[],"video_schema_markup":"","price":"a partir de US$ 0\/m\u00eas","trial":"","benefits":[{"text":"Atendimento ao cliente competente"},{"text":"Suporte premium"},{"text":"Garantia de devolu\u00e7\u00e3o do dinheiro em 14 dias"},{"text":"Melhorias gratuitas cont\u00ednuas"}],"button_url":"#demo","button_target_blank":"0","button_nofollow":"0","attributes":[{"name":"Instala\u00e7\u00f5es","content":"100,000 - 500,000","_state":"expanded"},{"name":"Responsivo","content":"Sim","_state":"expanded"},{"name":"Navegadores compat\u00edveis","content":"Firefox, Safari, Opera, Chrome, Edge"}],"tags":[],"tags_disable_links":"0","hide_more_platforms":"","video_object":"","demo_hide_cta":"0","demo_hide_cloud_options":"0","pricing_title":"","pricing":[{"pricing_icon":"platform","pricing_title":"Elfsight Apps","pricing_title_caption":"Software independente de plataforma","pricing_price":"a partir de US$ 0\/m\u00eas","pricing_price_caption":"comece com um plano gratuito","pricing_benefits":[{"text":"Sites ilimitados"},{"text":"Suporte r\u00e1pido e pontual"},{"text":"Suporte r\u00e1pido e pontual"},{"text":"Totalmente personaliz\u00e1vel"}],"pricing_button_text":"Adicionar ao site","pricing_button_url":"#demo","_state":"expanded"}],"related_apps_title":"","related_apps_hidden":"1","author":"","image":[],"title":"","job":"","social_networks":[]},"_links":{"self":[{"href":"https:\/\/elfsight.com\/pt\/wp-json\/wp\/v2\/pages\/4889","targetHints":{"allow":["GET"]}}],"collection":[{"href":"https:\/\/elfsight.com\/pt\/wp-json\/wp\/v2\/pages"}],"about":[{"href":"https:\/\/elfsight.com\/pt\/wp-json\/wp\/v2\/types\/page"}],"author":[{"embeddable":true,"href":"https:\/\/elfsight.com\/pt\/wp-json\/wp\/v2\/users\/9"}],"replies":[{"embeddable":true,"href":"https:\/\/elfsight.com\/pt\/wp-json\/wp\/v2\/comments?post=4889"}],"version-history":[{"count":2,"href":"https:\/\/elfsight.com\/pt\/wp-json\/wp\/v2\/pages\/4889\/revisions"}],"predecessor-version":[{"id":12432,"href":"https:\/\/elfsight.com\/pt\/wp-json\/wp\/v2\/pages\/4889\/revisions\/12432"}],"up":[{"embeddable":true,"href":"https:\/\/elfsight.com\/pt\/wp-json\/wp\/v2\/pages\/415"}],"wp:attachment":[{"href":"https:\/\/elfsight.com\/pt\/wp-json\/wp\/v2\/media?parent=4889"}],"curies":[{"name":"wp","href":"https:\/\/api.w.org\/{rel}","templated":true}]}}