{"id":4886,"date":"1970-01-01T00:00:00","date_gmt":"1970-01-01T00:00:00","guid":{"rendered":"https:\/\/elfsight.com\/pt\/?page_id=4886"},"modified":"2025-02-26T15:06:37","modified_gmt":"2025-02-26T15:06:37","slug":"wix","status":"publish","type":"page","link":"https:\/\/elfsight.com\/pt\/twitter-feed-widget\/wix\/","title":{"rendered":"Twitter Feed &#8211; Wix"},"content":{"rendered":"\n<div class=\"application-platform-content-item-description application-platform-content-item\" id=\"description\" data-nav-section=\"description\"><h2>Descri\u00e7\u00e3o<\/h2><p>Com o Elfsight Twitter Feed, \u00e9 surpreendentemente f\u00e1cil colocar o feed do Twitter ou Tweets coletados no seu site Wix. Aumente o envolvimento dos visitantes e aumente a confian\u00e7a do cliente, mostrando sua linha do tempo no Twitter ou exibindo tweets de depoimentos de clientes sobre seus produtos ou servi\u00e7os. As melhores vantagens do feed do Twitter da Elfsight para o seu site s\u00e3o modelos predefinidos para todos os casos de uso poss\u00edveis e diferentes par\u00e2metros, juntamente com um design adapt\u00e1vel.<\/p><p><b>Torne o seu site totalmente atraente para os visitantes e confi\u00e1vel.<\/b><\/p><ul><li><b>Manter os visitantes na p\u00e1gina<\/b>.<br>Manter o p\u00fablico no seu site por mais tempo, envolvendo-os com Tweets \u00fanicos sobre t\u00f3picos relacionados ou envolvendo-os no seu Twitter -eventos promovidos.<\/li><li><b>Obtenha mais seguidores<\/b>.<br>O feed interativo da Elfsight no Twitter permite que os clientes assinem sua conta diretamente do seu site. Voc\u00ea pode usar outra fonte de seguidores e aumentar sua comunidade no Twitter.<\/li><li><b>Prova social s\u00f3lida para maior confian\u00e7a<\/b>.<br>Exiba seu perfil novo e divertido no Twitter para garantir aos clientes que sua empresa est\u00e1 instalado e funcionando e voc\u00ea est\u00e1 aberto para se comunicar e se aproximar de seus clientes.<\/li><\/ul><\/div><div class=\"application-platform-content-item-features application-platform-content-item\" id=\"features\" data-nav-section=\"features\"><h2>Recursos<\/h2><p>Os mais caracter\u00edsticas valiosas do nosso widget, que o tornam o melhor aplicativo para adicionar o Twitter em um site Wix:<\/p><ul><li>Feed ou tipo de depoimentos da apresenta\u00e7\u00e3o;<\/li><li>Definir a largura do widget ou fazer largura total;<\/li><li>Bons links de visualiza\u00e7\u00e3o em Tweets;<\/li><li>Abertura de tweet com clique no s\u00edmbolo do Twitter;<\/li><li>Formata\u00e7\u00e3o de texto de tweet, exibi\u00e7\u00e3o de conte\u00fado de foto e v\u00eddeo.<\/li><\/ul><p><a href=\"#demo\">Experimente em todos os detalhes<\/a><\/p><\/div><div class=\"application-platform-content-item-installation application-platform-content-item\" id=\"installation\" data-nav-section=\"installation\"><h2>Como adicionar o Twitter Feed para o site Wix<\/h2><div class=\"video-container\"><iframe width=\"720\" height=\"405\" src=\"https:\/\/www.youtube.com\/embed\/ybCzswnA5EA\" frameborder=\"0\" allowfullscreen=\"\"><\/iframe><\/div><p>Uma instru\u00e7\u00e3o r\u00e1pida sobre como configurar o widget do Twitter por conta pr\u00f3pria, sem habilidades em desenvolvimento web ou procurando um programador. O tempo aproximado de instala\u00e7\u00e3o \u00e9 de cerca de 2 minutos.<\/p><ol><li><b>Crie seu aplicativo personalizado do Twitter.<\/b><br>Usando nosso editor gratuito, um widget com o modelo e as fun\u00e7\u00f5es desejadas.<\/li><li><b>Obter um c\u00f3digo para integrar a aplica\u00e7\u00e3o.<\/b><br>Ap\u00f3s a cria\u00e7\u00e3o do widget Obtenha um c\u00f3digo para o widget do Twitter a partir da notifica\u00e7\u00e3o pop-up nas aplica\u00e7\u00f5es Elfsight.<\/li><li><b>Revele o aplicativo no site Wix.<\/b><br>Revele o widget no local desejado do site e salve as altera\u00e7\u00f5es.<\/li><li><b>A integra\u00e7\u00e3o foi bem-sucedida!<\/b><br>Entre no seu site Wix para verificar seu aplicativo.<\/li><\/ol><p>Est\u00e1 tendo problemas ao instalar ou configurar o aplicativo? Verifique o <a href=\"https:\/\/elfsight.com\/tutorials\/how-to-add-twitter-feed-app-to-wix\/\" target=\"_blank\" rel=\"noopener noreferrer\">artigo detalhado<\/a> ou envie uma consulta para nosso Centro de Suporte.<\/p><\/div><div class=\"faq\" data-component=\"FAQ\"><div class=\"faq-item\">\r\n\t\t\t\t\t<div class=\"faq-item-question\">\r\n\t\t\t\t\t\t<h3 class=\"faq-item-question-text\">Existe uma maneira de adicionar o feed do Twitter ao meu site Wix com sem habilidades de codifica\u00e7\u00e3o?<\/h3>\r\n\r\n\t\t\t\t\t\t<div class=\"faq-item-question-icon\"><\/div>\r\n\t\t\t\t\t<\/div>\r\n\r\n\t\t\t\t\t<div class=\"faq-item-answer\">\r\n\t\t\t\t\t\t<div class=\"faq-item-answer-text\"><p>A empresa Elfsight fornece uma solu\u00e7\u00e3o que permite que os propriet\u00e1rios de sites criem voc\u00ea mesmo um aplicativo de feed do Twitter. Descubra as etapas simples:<\/p><ul><li>Acesse a demonstra\u00e7\u00e3o ao vivo para criar um feed do Twitter se\u00e7\u00e3o que voc\u00ea gostaria de incluir no Wix.<\/li><li>Clique em um dos modelos prontos e altere as configura\u00e7\u00f5es do Twitter Feed, transforme o layout e as cores, inclua seu conte\u00fado sem codifica\u00e7\u00e3o.<\/li><li>Clique para salvar as configura\u00e7\u00f5es feitas no Twitter Feed e obter o c\u00f3digo do widget para instala\u00e7\u00e3o, que voc\u00ea pode incluir facilmente no site Wix sem a necessidade de comprar uma assinatura paga.<\/li><\/ul><p>Usando o Editor simples, todo usu\u00e1rio da Internet pode criar o Twitter Feed online e adicion\u00e1-lo facilmente ao site Wix. N\u00e3o h\u00e1 necessidade de pagar ou divulgar os dados do seu cart\u00e3o para entrar no Elfsight Editor. Se voc\u00ea encontrar qualquer tipo de obst\u00e1culo, entre em contato com nossa equipe de suporte t\u00e9cnico.<\/p><\/div>\r\n\t\t\t\t\t<\/div>\r\n\t\t\t\t<\/div><\/div>\n","protected":false},"excerpt":{"rendered":"","protected":false},"author":9,"featured_media":0,"parent":832,"menu_order":0,"comment_status":"closed","ping_status":"closed","template":"templates\/template-application-platform.php","meta":{"publish_to_discourse":"","publish_post_category":"","wpdc_auto_publish_overridden":"","wpdc_topic_tags":"","wpdc_pin_topic":"","wpdc_pin_until":"","discourse_post_id":"","discourse_permalink":"","wpdc_publishing_response":"","wpdc_publishing_error":"","footnotes":""},"class_list":["post-4886","page","type-page","status-publish","hentry"],"yoast_head":"<!-- This site is optimized with the Yoast SEO plugin v25.3.1 - https:\/\/yoast.com\/wordpress\/plugins\/seo\/ -->\n<title>Wix Twitter Feed - Adicione o aplicativo do Twitter ao site Wix (em 2 minutos)<\/title>\n<meta name=\"description\" content=\"Obtenha seu aplicativo Twitter Feed personalizado para Wix em apenas 2 minutos. Teste o painel mais r\u00e1pido para cria\u00e7\u00e3o de widgets da Elfsight de forma totalmente gratuita.\" \/>\n<meta name=\"robots\" content=\"index, follow, max-snippet:-1, max-image-preview:large, max-video-preview:-1\" \/>\n<link rel=\"canonical\" href=\"https:\/\/elfsight.com\/pt\/twitter-feed-widget\/wix\/\" \/>\n<meta property=\"og:locale\" content=\"pt_PT\" \/>\n<meta property=\"og:type\" content=\"article\" \/>\n<meta property=\"og:title\" content=\"Wix Twitter Feed - Adicione o aplicativo do Twitter ao site Wix (em 2 minutos)\" \/>\n<meta property=\"og:description\" content=\"Obtenha seu aplicativo Twitter Feed personalizado para Wix em apenas 2 minutos. Teste o painel mais r\u00e1pido para cria\u00e7\u00e3o de widgets da Elfsight de forma totalmente gratuita.\" \/>\n<meta property=\"og:url\" content=\"https:\/\/elfsight.com\/pt\/twitter-feed-widget\/wix\/\" \/>\n<meta property=\"og:site_name\" content=\"Elfsight PT\" \/>\n<meta property=\"article:modified_time\" content=\"2025-02-26T15:06:37+00:00\" \/>\n<meta name=\"twitter:card\" content=\"summary_large_image\" \/>\n<meta name=\"twitter:label1\" content=\"Tempo estimado de leitura\" \/>\n\t<meta name=\"twitter:data1\" content=\"4 minutos\" \/>\n<!-- \/ Yoast SEO plugin. -->","yoast_head_json":{"title":"Wix Twitter Feed - Adicione o aplicativo do Twitter ao site Wix (em 2 minutos)","description":"Obtenha seu aplicativo Twitter Feed personalizado para Wix em apenas 2 minutos. Teste o painel mais r\u00e1pido para cria\u00e7\u00e3o de widgets da Elfsight de forma totalmente gratuita.","robots":{"index":"index","follow":"follow","max-snippet":"max-snippet:-1","max-image-preview":"max-image-preview:large","max-video-preview":"max-video-preview:-1"},"canonical":"https:\/\/elfsight.com\/pt\/twitter-feed-widget\/wix\/","og_locale":"pt_PT","og_type":"article","og_title":"Wix Twitter Feed - Adicione o aplicativo do Twitter ao site Wix (em 2 minutos)","og_description":"Obtenha seu aplicativo Twitter Feed personalizado para Wix em apenas 2 minutos. Teste o painel mais r\u00e1pido para cria\u00e7\u00e3o de widgets da Elfsight de forma totalmente gratuita.","og_url":"https:\/\/elfsight.com\/pt\/twitter-feed-widget\/wix\/","og_site_name":"Elfsight PT","article_modified_time":"2025-02-26T15:06:37+00:00","twitter_card":"summary_large_image","twitter_misc":{"Tempo estimado de leitura":"4 minutos"},"schema":{"@context":"https:\/\/schema.org","@graph":[{"@type":"WebPage","@id":"https:\/\/elfsight.com\/pt\/twitter-feed-widget\/wix\/","url":"https:\/\/elfsight.com\/pt\/twitter-feed-widget\/wix\/","name":"Wix Twitter Feed - Adicione o aplicativo do Twitter ao site Wix (em 2 minutos)","isPartOf":{"@id":"https:\/\/elfsight.com\/pt\/#website"},"datePublished":"1970-01-01T00:00:00+00:00","dateModified":"2025-02-26T15:06:37+00:00","description":"Obtenha seu aplicativo Twitter Feed personalizado para Wix em apenas 2 minutos. Teste o painel mais r\u00e1pido para cria\u00e7\u00e3o de widgets da Elfsight de forma totalmente gratuita.","breadcrumb":{"@id":"https:\/\/elfsight.com\/pt\/twitter-feed-widget\/wix\/#breadcrumb"},"inLanguage":"pt-PT","potentialAction":[{"@type":"ReadAction","target":["https:\/\/elfsight.com\/pt\/twitter-feed-widget\/wix\/"]}]},{"@type":"BreadcrumbList","@id":"https:\/\/elfsight.com\/pt\/twitter-feed-widget\/wix\/#breadcrumb","itemListElement":[{"@type":"ListItem","position":1,"name":"Home","item":"https:\/\/elfsight.com\/pt\/"},{"@type":"ListItem","position":2,"name":"Twitter Feed","item":"https:\/\/elfsight.com\/pt\/twitter-feed-widget\/"},{"@type":"ListItem","position":3,"name":"Twitter Feed &#8211; Wix"}]},{"@type":"WebSite","@id":"https:\/\/elfsight.com\/pt\/#website","url":"https:\/\/elfsight.com\/pt\/","name":"Elfsight PT","description":"Just another Elfsight Sites site","potentialAction":[{"@type":"SearchAction","target":{"@type":"EntryPoint","urlTemplate":"https:\/\/elfsight.com\/pt\/?s={search_term_string}"},"query-input":{"@type":"PropertyValueSpecification","valueRequired":true,"valueName":"search_term_string"}}],"inLanguage":"pt-PT"}]}},"meta_box":{"industry":"","seo_heading":"","heading":"","description":"","cta_heading":"","cta_description":"","application":"831","h1":"Aplicativo Wix Twitter Feed","h1_caption":"Ferramenta n\u00ba 1 para postar tweets em seu site","application_category":[],"applications_title":"","applications_request_title":"","applications_request_button_text":"","hero_text":"","hero_video":"","hero_video_schema_markup":"","selling_points_title":"","selling_points_caption":"","selling_points":[],"selling_points_cta_text":"","features_title":"","features":"","ed_cta_examples_text":"","ed_cta_examples_hidden":"","ed_cta_demo_text":"","ed_cta_demo_hidden":"","why_caption":"","why_editor_title":"","why_editor_text":"","why_team_title":"","why_team_text":"","why_service_title":"","why_service_text":"","template_catalog_visible":"0","template_catalog_title":"","template_catalog_text":"","template_catalog_categories_visible":"","demo_title":"Crie seu aplicativo de feed do Twitter","demo_caption":"Configure seu feed do Twitter e adicione-o ao seu site Wix gratuitamente!","default_faq_hidden":"","app_template_category":[],"platform":"37","template_public_id":"","codecanyon_url":"","codecanyon_item_id":"","codecanyon_price":"","pricing_caption":"","pricing_elfsight_apps_hide_column":"","pricing_elfsight_apps_url":"","pricing_codecanyon_price_caption":"","integration_category":[],"integration_request_title":"","integration_request_cta":"","integration_platform":"","integrations":[],"platform_category":[],"video_schema_markup":"","price":"a partir de US$ 0\/m\u00eas","trial":"","benefits":[{"text":"Servi\u00e7o de instala\u00e7\u00e3o gratuito"},{"text":"Suporte excepcional"},{"text":"Garantia de devolu\u00e7\u00e3o do dinheiro em 14 dias"},{"text":"Melhorias regulares"}],"button_url":"#demo","button_target_blank":"0","button_nofollow":"0","attributes":[{"name":"Instala\u00e7\u00f5es","content":"10,000 - 100,000","_state":"expanded"},{"name":"Responsivo","content":"Sim","_state":"expanded"},{"name":"Navegadores compat\u00edveis","content":"Firefox, Safari, Opera, Chrome, Edge"}],"tags":[],"tags_disable_links":"0","hide_more_platforms":"0","video_object":"","demo_hide_cta":"0","demo_hide_cloud_options":"0","pricing_title":"","pricing":[{"pricing_icon":"platform","pricing_title":"Wix app","pricing_title_caption":"Solu\u00e7\u00e3o multiplataforma que funciona em qualquer site","pricing_price":"a partir de US$ 0\/m\u00eas","pricing_price_caption":"comece com plano gratuito","pricing_benefits":[{"text":"N\u00famero ilimitado de dom\u00ednios"},{"text":"Suporte profissional ao cliente"},{"text":"Suporte profissional ao cliente"},{"text":"Oferta especial para v\u00e1rios aplicativos"}],"pricing_button_text":"Adicionar ao site","pricing_button_url":"#demo","_state":"expanded"}],"related_apps_title":"","related_apps_hidden":"1","author":"","image":[],"title":"","job":"","social_networks":[]},"_links":{"self":[{"href":"https:\/\/elfsight.com\/pt\/wp-json\/wp\/v2\/pages\/4886","targetHints":{"allow":["GET"]}}],"collection":[{"href":"https:\/\/elfsight.com\/pt\/wp-json\/wp\/v2\/pages"}],"about":[{"href":"https:\/\/elfsight.com\/pt\/wp-json\/wp\/v2\/types\/page"}],"author":[{"embeddable":true,"href":"https:\/\/elfsight.com\/pt\/wp-json\/wp\/v2\/users\/9"}],"replies":[{"embeddable":true,"href":"https:\/\/elfsight.com\/pt\/wp-json\/wp\/v2\/comments?post=4886"}],"version-history":[{"count":3,"href":"https:\/\/elfsight.com\/pt\/wp-json\/wp\/v2\/pages\/4886\/revisions"}],"predecessor-version":[{"id":14017,"href":"https:\/\/elfsight.com\/pt\/wp-json\/wp\/v2\/pages\/4886\/revisions\/14017"}],"up":[{"embeddable":true,"href":"https:\/\/elfsight.com\/pt\/wp-json\/wp\/v2\/pages\/832"}],"wp:attachment":[{"href":"https:\/\/elfsight.com\/pt\/wp-json\/wp\/v2\/media?parent=4886"}],"curies":[{"name":"wp","href":"https:\/\/api.w.org\/{rel}","templated":true}]}}