{"id":4884,"date":"1970-01-01T00:00:00","date_gmt":"1970-01-01T00:00:00","guid":{"rendered":"https:\/\/elfsight.com\/pt\/?page_id=4884"},"modified":"2025-11-01T10:11:42","modified_gmt":"2025-11-01T10:11:42","slug":"wix","status":"publish","type":"page","link":"https:\/\/elfsight.com\/pt\/whatsapp-chat-widget\/wix\/","title":{"rendered":"Whatsapp Chat &#8211; Wix"},"content":{"rendered":"<div class=\"application-platform-content-item-description application-platform-content-item\" id=\"description\" data-nav-section=\"description\"> <h2>Incorpore o bate-papo do WhatsApp com o widget da Elfsight<\/h2> <p>O aplicativo WhatsApp da Elfsight \u00e9 a ferramenta mais simples para os clientes do seu site ficarem conectados voc\u00ea e ouvir respostas \u00e0s suas perguntas e solicita\u00e7\u00f5es. Esteja dispon\u00edvel online para os telespectadores no mensageiro mais popular 24 horas por dia, 7 dias por semana. Insira o chat na loja e deixe-o aparecer nas p\u00e1ginas escolhidas ou para grupos espec\u00edficos de usu\u00e1rios, escolha os gatilhos para iniciar o chat, demonstre sua pr\u00f3pria mensagem de boas-vindas, defina \u00edcones e aplique outras personaliza\u00e7\u00f5es. Com o bate-papo do WhatsApp instalado no site, voc\u00ea permanecer\u00e1 dispon\u00edvel para seus visitantes a qualquer hora e em qualquer lugar.<\/p><\/div> <div class=\"application-platform-content-item-features application-platform-content-item\" id=\"features\" data-nav-section=\"features\"> <h2>Principais recursos do plug-in de bate-papo do WhatsApp<\/h2> <p>Para ter uma melhor percep\u00e7\u00e3o do bot\u00e3o Whatsapp Live Chat, aqui est\u00e1 a lista dos recursos mais valiosos. Eles tornam este widget o mais ben\u00e9fico poss\u00edvel para voc\u00ea: <\/p> <ul><li>Cole o WhatsApp Messenger em sua p\u00e1gina web para ficar sempre dispon\u00edvel para os clientes; <\/li><li>Forne\u00e7a resposta diretamente da sua conta do WhatsApp; <\/li><li>Selecione um dos tr\u00eas tipos de layout de bate-papo: como bal\u00e3o flutuante, bal\u00e3o incorporado e janela de bate-papo incorporada; <\/li><li>Descubra um conjunto de \u00edcones de bal\u00e3o para escolher. <\/li><li>Edite o texto do bal\u00e3o de bate-papo. <\/li><\/ul><p><a href=\"#demo\">A demonstra\u00e7\u00e3o ao vivo revelar\u00e1 uma lista completa de recursos para voc\u00ea<\/a><\/p> <\/div> <div class=\"application-platform-content-item-installation application-platform-content-item\" id=\"installation\" data-nav-section=\"installation\"> <h2>Como adicionar o aplicativo Live Chat em sua p\u00e1gina Wix<\/h2> <div><iframe width=\"720\" height=\"405\" src=\"https:\/\/www.youtube.com\/embed\/WGcyfGyfAdw?si=7eiEZD0WBk8rXO8q\" frameborder=\"0\" allowfullscreen=\"\"><\/iframe><\/div>  <p>As etapas a seguir s\u00e3o a \u00fanica coisa que voc\u00ea precisa para exibir o widget do Whatsapp e completar a integra\u00e7\u00e3o do bot\u00e3o.<\/p> <ul><li><b>Projete seu aplicativo WhatsApp Chat personalizado<\/b><br> Gerenciando nossa demonstra\u00e7\u00e3o gratuita, obtenha um plugin com composi\u00e7\u00e3o preferida e caracter\u00edsticas funcionais. <\/li><li><b>Copie o c\u00f3digo individual para instalar o aplicativo<\/b><br> Depois de criar seu plugin, voc\u00ea receber\u00e1 o c\u00f3digo exclusivo da notifica\u00e7\u00e3o pop-up nos aplicativos Elfsight. Copie o c\u00f3digo. <\/li> <li><b>Exiba o aplicativo em seu site Wix<\/b><br> Encontre o local onde deseja incorporar o plugin e adicione o c\u00f3digo salvo l\u00e1. Publique as altera\u00e7\u00f5es. <\/li> <li><b>Voc\u00ea concluiu totalmente a instala\u00e7\u00e3o<\/b><br> Acesse seu site para verificar seu trabalho. <\/li> <\/ul><p>Ainda n\u00e3o consegue decidir? Ou enfrentando problemas? Basta escrever uma solicita\u00e7\u00e3o ao nosso departamento de suporte ao cliente e eles resolver\u00e3o qualquer d\u00favida. <\/p> <\/div><div class=\"faq\" data-component=\"FAQ\"><div class=\"faq-item\">\r\n\t\t\t\t\t<div class=\"faq-item-question\">\r\n\t\t\t\t\t\t<h3 class=\"faq-item-question-text\">Como adicionar o widget de bate-papo do WhatsApp a um site Wix?<\/h3>\r\n\r\n\t\t\t\t\t\t<div class=\"faq-item-question-icon\"><\/div>\r\n\t\t\t\t\t<\/div>\r\n\r\n\t\t\t\t\t<div class=\"faq-item-answer\">\r\n\t\t\t\t\t\t<div class=\"faq-item-answer-text\"><p>A instala\u00e7\u00e3o levar\u00e1 cerca de um minuto e metade. Al\u00e9m do mais, voc\u00ea n\u00e3o precisa ter nenhuma habilidade de codifica\u00e7\u00e3o. <\/p><ol><li>Personalize o widget no configurador ao vivo gratuito. <\/li> <li>Copie seu c\u00f3digo de instala\u00e7\u00e3o. <\/li> <li>Injete o c\u00f3digo no local necess\u00e1rio no modelo do site. <\/li> <li>\u00c9 isso! A incorpora\u00e7\u00e3o do bot\u00e3o de chat no Wix est\u00e1 realizada! <\/li><\/ol><p>Enfrentando algum problema ao colocar o plugin no Wix ou format\u00e1-lo? Voc\u00ea pode ler o guia detalhado sobre <a href=\"https:\/\/elfsight.com\/blog\/how-to-add-whatsapp-chat-to-wix-for-free\/\">como adicionar o WhatsApp Chat ao Wix<\/a>.<\/p><\/div>\r\n\t\t\t\t\t<\/div>\r\n\t\t\t\t<\/div><div class=\"faq-item\">\r\n\t\t\t\t\t<div class=\"faq-item-question\">\r\n\t\t\t\t\t\t<h3 class=\"faq-item-question-text\">Existe uma chance de ver como o widget ficar\u00e1 em um site?<\/h3>\r\n\r\n\t\t\t\t\t\t<div class=\"faq-item-question-icon\"><\/div>\r\n\t\t\t\t\t<\/div>\r\n\r\n\t\t\t\t\t<div class=\"faq-item-answer\">\r\n\t\t\t\t\t\t<div class=\"faq-item-answer-text\"><p>Sim, voc\u00ea pode! No processo de desenvolvimento do widget WhatsApp Chat para Wix <a href=\"https:\/\/elfsight.com\/whatsapp-chat-widget\/create\/\">no construtor online gratuito<\/a>, voc\u00ea considerar\u00e1 todas as configura\u00e7\u00f5es na parte certa dele. A caixa de bate-papo ser\u00e1 id\u00eantica \u00e0 que voc\u00ea ter\u00e1 em um site Wix. <\/p><\/div>\r\n\t\t\t\t\t<\/div>\r\n\t\t\t\t<\/div><div class=\"faq-item\">\r\n\t\t\t\t\t<div class=\"faq-item-question\">\r\n\t\t\t\t\t\t<h3 class=\"faq-item-question-text\">Quais widgets comuns s\u00e3o obrigat\u00f3rios para um site Wix?<\/h3>\r\n\r\n\t\t\t\t\t\t<div class=\"faq-item-question-icon\"><\/div>\r\n\t\t\t\t\t<\/div>\r\n\r\n\t\t\t\t\t<div class=\"faq-item-answer\">\r\n\t\t\t\t\t\t<div class=\"faq-item-answer-text\"><p>Existem muitos widgets Wix que podem facilmente aprimorar seu site. Por exemplo, existem outros widgets de chat, como All-in-One Chat, <a href=\"https:\/\/elfsight.com\/facebook-chat-widget\/wix\/\" target=\"_blank\" rel=\"noopener\">Facebook Bate-papo<\/a>, <a href=\"https:\/\/elfsight.com\/telegram-chat-widget\/wix\/\" target=\"_blank\" rel=\"noopener\">Bate-papo por telegrama<\/a>, <a href=\"https:\/\/elfsight.com\/viber-chat-widget\/wix\/\" target=\"_blank\" rel=\"noopener\">Bate-papo do Viber<\/a>. Todos eles s\u00e3o f\u00e1ceis de implementar e podem melhorar muito o desempenho do seu site.<\/p><\/div>\r\n\t\t\t\t\t<\/div>\r\n\t\t\t\t<\/div><div class=\"faq-item\">\r\n\t\t\t\t\t<div class=\"faq-item-question\">\r\n\t\t\t\t\t\t<h3 class=\"faq-item-question-text\">As melhores maneiras de usar a integra\u00e7\u00e3o do Whatsapp Live Chat<\/h3>\r\n\r\n\t\t\t\t\t\t<div class=\"faq-item-question-icon\"><\/div>\r\n\t\t\t\t\t<\/div>\r\n\r\n\t\t\t\t\t<div class=\"faq-item-answer\">\r\n\t\t\t\t\t\t<div class=\"faq-item-answer-text\"><p>Temos muitos op\u00e7\u00f5es de ajuste: widgets completos para adicionar na se\u00e7\u00e3o de conte\u00fado, plug-ins flutuantes para oportunidades de rolagem, layouts para o rodap\u00e9 do seu site, se\u00e7\u00e3o principal e todos os tipos de oportunidades verticais para barras laterais e menus do site. <\/p><\/div>\r\n\t\t\t\t\t<\/div>\r\n\t\t\t\t<\/div><div class=\"faq-item\">\r\n\t\t\t\t\t<div class=\"faq-item-question\">\r\n\t\t\t\t\t\t<h3 class=\"faq-item-question-text\">Quais resultados posso esperar ao instalar o WhatsApp Chat no meu site Wix?<\/h3>\r\n\r\n\t\t\t\t\t\t<div class=\"faq-item-question-icon\"><\/div>\r\n\t\t\t\t\t<\/div>\r\n\r\n\t\t\t\t\t<div class=\"faq-item-answer\">\r\n\t\t\t\t\t\t<div class=\"faq-item-answer-text\"><p>O bot\u00e3o Wix WhatsApp pode influenciar significativamente o desempenho do seu site de uma forma positiva . Deixe apenas lembran\u00e7as positivas de seu trabalho de suporte ao cliente entre o seu p\u00fablico. Cabe a voc\u00ea decidir quem ver\u00e1 o plugin WIX WhatsApp em seu site. A integra\u00e7\u00e3o do Wix WhatsApp existe para ajud\u00e1-lo a fornecer todo tipo de ajuda, como suporte ao cliente e muito mais do que isso! Voc\u00ea pode simplesmente se comunicar com seus usu\u00e1rios, discutindo o que quiser. Adicione o bot\u00e3o WhatsApp ao seu site Wix e voc\u00ea ver\u00e1 o n\u00edvel de satisfa\u00e7\u00e3o do cliente crescer e seu neg\u00f3cio florescer.<\/p><\/div>\r\n\t\t\t\t\t<\/div>\r\n\t\t\t\t<\/div><div class=\"faq-item\">\r\n\t\t\t\t\t<div class=\"faq-item-question\">\r\n\t\t\t\t\t\t<h3 class=\"faq-item-question-text\">Como posso modificar a apar\u00eancia e o conjunto de fun\u00e7\u00f5es do meu chat para Wix?<\/h3>\r\n\r\n\t\t\t\t\t\t<div class=\"faq-item-question-icon\"><\/div>\r\n\t\t\t\t\t<\/div>\r\n\r\n\t\t\t\t\t<div class=\"faq-item-answer\">\r\n\t\t\t\t\t\t<div class=\"faq-item-answer-text\"><p>Uma ampla variedade de op\u00e7\u00f5es de personaliza\u00e7\u00e3o est\u00e1 dispon\u00edvel para qualquer pessoa que escolher nosso chat do WhatsApp. Isso significa que voc\u00ea adicionar\u00e1 ao seu site WIX o recurso WhatsApp feito especialmente para voc\u00ea. Voc\u00ea pode alterar completamente a apar\u00eancia do plugin para que ele se torne parte integrante do design e estilo do seu site. Basta come\u00e7ar criando o plugin, escolher um dos modelos e depois mudar sua apar\u00eancia para que se adapte ao estilo da sua marca. Usando in\u00fameras outras op\u00e7\u00f5es, voc\u00ea far\u00e1 com que o plugin funcione de acordo com seus objetivos de neg\u00f3cios, tornando-os realmente f\u00e1ceis de alcan\u00e7ar. Experimente agora e veja como \u00e9 f\u00e1cil agora em nosso configurador gratuito.<\/p><\/div>\r\n\t\t\t\t\t<\/div>\r\n\t\t\t\t<\/div><\/div>","protected":false},"excerpt":{"rendered":"","protected":false},"author":9,"featured_media":0,"parent":347,"menu_order":0,"comment_status":"closed","ping_status":"closed","template":"templates\/template-application-platform.php","meta":{"publish_to_discourse":"","publish_post_category":"","wpdc_auto_publish_overridden":"","wpdc_topic_tags":"","wpdc_pin_topic":"","wpdc_pin_until":"","discourse_post_id":"","discourse_permalink":"","wpdc_publishing_response":"","wpdc_publishing_error":"","footnotes":""},"class_list":["post-4884","page","type-page","status-publish","hentry"],"yoast_head":"<!-- This site is optimized with the Yoast SEO plugin v25.3.1 - https:\/\/yoast.com\/wordpress\/plugins\/seo\/ -->\n<title>Wix Whatsapp Chat - Adicionar Whatsapp ao site Wix [ 2025 ]<\/title>\n<meta name=\"description\" content=\"Descubra como adicionar o Whatsapp Chat ao site Wix gratuitamente. Experimente todos os principais recursos do melhor bot\u00e3o Wix WhatsApp na demonstra\u00e7\u00e3o da Elfsight.\" \/>\n<meta name=\"robots\" content=\"index, follow, max-snippet:-1, max-image-preview:large, max-video-preview:-1\" \/>\n<link rel=\"canonical\" href=\"https:\/\/elfsight.com\/pt\/whatsapp-chat-widget\/wix\/\" \/>\n<meta property=\"og:locale\" content=\"pt_PT\" \/>\n<meta property=\"og:type\" content=\"article\" \/>\n<meta property=\"og:title\" content=\"Wix Whatsapp Chat - Adicionar Whatsapp ao site Wix [ 2025 ]\" \/>\n<meta property=\"og:description\" content=\"Descubra como adicionar o Whatsapp Chat ao site Wix gratuitamente. Experimente todos os principais recursos do melhor bot\u00e3o Wix WhatsApp na demonstra\u00e7\u00e3o da Elfsight.\" \/>\n<meta property=\"og:url\" content=\"https:\/\/elfsight.com\/pt\/whatsapp-chat-widget\/wix\/\" \/>\n<meta property=\"og:site_name\" content=\"Elfsight PT\" \/>\n<meta property=\"article:modified_time\" content=\"2025-11-01T10:11:42+00:00\" \/>\n<meta name=\"twitter:card\" content=\"summary_large_image\" \/>\n<meta name=\"twitter:label1\" content=\"Tempo estimado de leitura\" \/>\n\t<meta name=\"twitter:data1\" content=\"5 minutos\" \/>\n<!-- \/ Yoast SEO plugin. -->","yoast_head_json":{"title":"Wix Whatsapp Chat - Adicionar Whatsapp ao site Wix [ 2025 ]","description":"Descubra como adicionar o Whatsapp Chat ao site Wix gratuitamente. Experimente todos os principais recursos do melhor bot\u00e3o Wix WhatsApp na demonstra\u00e7\u00e3o da Elfsight.","robots":{"index":"index","follow":"follow","max-snippet":"max-snippet:-1","max-image-preview":"max-image-preview:large","max-video-preview":"max-video-preview:-1"},"canonical":"https:\/\/elfsight.com\/pt\/whatsapp-chat-widget\/wix\/","og_locale":"pt_PT","og_type":"article","og_title":"Wix Whatsapp Chat - Adicionar Whatsapp ao site Wix [ 2025 ]","og_description":"Descubra como adicionar o Whatsapp Chat ao site Wix gratuitamente. Experimente todos os principais recursos do melhor bot\u00e3o Wix WhatsApp na demonstra\u00e7\u00e3o da Elfsight.","og_url":"https:\/\/elfsight.com\/pt\/whatsapp-chat-widget\/wix\/","og_site_name":"Elfsight PT","article_modified_time":"2025-11-01T10:11:42+00:00","twitter_card":"summary_large_image","twitter_misc":{"Tempo estimado de leitura":"5 minutos"},"schema":{"@context":"https:\/\/schema.org","@graph":[{"@type":"WebPage","@id":"https:\/\/elfsight.com\/pt\/whatsapp-chat-widget\/wix\/","url":"https:\/\/elfsight.com\/pt\/whatsapp-chat-widget\/wix\/","name":"Wix Whatsapp Chat - Adicionar Whatsapp ao site Wix [ 2025 ]","isPartOf":{"@id":"https:\/\/elfsight.com\/pt\/#website"},"datePublished":"1970-01-01T00:00:00+00:00","dateModified":"2025-11-01T10:11:42+00:00","description":"Descubra como adicionar o Whatsapp Chat ao site Wix gratuitamente. Experimente todos os principais recursos do melhor bot\u00e3o Wix WhatsApp na demonstra\u00e7\u00e3o da Elfsight.","breadcrumb":{"@id":"https:\/\/elfsight.com\/pt\/whatsapp-chat-widget\/wix\/#breadcrumb"},"inLanguage":"pt-PT","potentialAction":[{"@type":"ReadAction","target":["https:\/\/elfsight.com\/pt\/whatsapp-chat-widget\/wix\/"]}]},{"@type":"BreadcrumbList","@id":"https:\/\/elfsight.com\/pt\/whatsapp-chat-widget\/wix\/#breadcrumb","itemListElement":[{"@type":"ListItem","position":1,"name":"Home","item":"https:\/\/elfsight.com\/pt\/"},{"@type":"ListItem","position":2,"name":"WhatsApp Chat","item":"https:\/\/elfsight.com\/pt\/whatsapp-chat-widget\/"},{"@type":"ListItem","position":3,"name":"Whatsapp Chat &#8211; Wix"}]},{"@type":"WebSite","@id":"https:\/\/elfsight.com\/pt\/#website","url":"https:\/\/elfsight.com\/pt\/","name":"Elfsight PT","description":"Just another Elfsight Sites site","potentialAction":[{"@type":"SearchAction","target":{"@type":"EntryPoint","urlTemplate":"https:\/\/elfsight.com\/pt\/?s={search_term_string}"},"query-input":{"@type":"PropertyValueSpecification","valueRequired":true,"valueName":"search_term_string"}}],"inLanguage":"pt-PT"}]}},"meta_box":{"industry":"","seo_heading":"","heading":"","description":"","cta_heading":"","cta_description":"","application":"340","h1":"Aplicativo Wix Whatsapp Live Chat","h1_caption":"A maneira mais r\u00e1pida de intera\u00e7\u00e3o para os usu\u00e1rios do seu site","application_category":[],"applications_title":"","applications_request_title":"","applications_request_button_text":"","hero_text":"","hero_video":"","hero_video_schema_markup":"","selling_points_title":"","selling_points_caption":"","selling_points":[],"selling_points_cta_text":"","features_title":"","features":"","ed_cta_examples_text":"","ed_cta_examples_hidden":"","ed_cta_demo_text":"","ed_cta_demo_hidden":"","why_caption":"","why_editor_title":"","why_editor_text":"","why_team_title":"","why_team_text":"","why_service_title":"","why_service_text":"","template_catalog_visible":"0","template_catalog_title":"","template_catalog_text":"","template_catalog_categories_visible":"","demo_title":"Crie seu aplicativo Whatsapp Chat","demo_caption":"Configure seu Whatsapp Chat e adicione-o ao seu site Wix gratuitamente!","default_faq_hidden":"","app_template_category":[],"platform":"37","template_public_id":"","codecanyon_url":"","codecanyon_item_id":"","codecanyon_price":"","pricing_caption":"","pricing_elfsight_apps_hide_column":"","pricing_elfsight_apps_url":"","pricing_codecanyon_price_caption":"","integration_category":[],"integration_request_title":"","integration_request_cta":"","integration_platform":"","integrations":[],"platform_category":[],"video_schema_markup":"","price":"a partir de US$ 0\/m\u00eas","trial":"","benefits":[{"text":"Servi\u00e7o de instala\u00e7\u00e3o gratuito"},{"text":"Suporte ao cliente experiente"},{"text":"Garantia de reembolso de 14 dias"},{"text":"Melhorias regulares"}],"button_url":"#demo","button_target_blank":"0","button_nofollow":"0","attributes":[{"name":"Instala\u00e7\u00f5es","content":"100,000 - 500,000","_state":"expanded"},{"name":"Responsivo","content":"Sim","_state":"expanded"},{"name":"Navegadores compat\u00edveis","content":"Firefox, Safari, Opera, Chrome, Edge"}],"tags":[],"tags_disable_links":"0","hide_more_platforms":"0","video_object":"","demo_hide_cta":"0","demo_hide_cloud_options":"0","pricing_title":"","pricing":[{"pricing_icon":"platform","pricing_title":"Elfsight Apps","pricing_title_caption":"Vers\u00e3o multiplataforma","pricing_price":"a partir de US$ 0\/m\u00eas","pricing_price_caption":"comece com plano gratuito","pricing_benefits":[{"text":"N\u00famero ilimitado de dom\u00ednios"},{"text":"Suporte gratuito e pontual"},{"text":"Suporte gratuito e pontual"},{"text":"Oferta especial para v\u00e1rios aplicativos"}],"pricing_button_text":"Adicionar ao site","pricing_button_url":"#demo","_state":"expanded"}],"related_apps_title":"","related_apps_hidden":"1","author":"","image":[],"title":"","job":"","social_networks":[]},"_links":{"self":[{"href":"https:\/\/elfsight.com\/pt\/wp-json\/wp\/v2\/pages\/4884","targetHints":{"allow":["GET"]}}],"collection":[{"href":"https:\/\/elfsight.com\/pt\/wp-json\/wp\/v2\/pages"}],"about":[{"href":"https:\/\/elfsight.com\/pt\/wp-json\/wp\/v2\/types\/page"}],"author":[{"embeddable":true,"href":"https:\/\/elfsight.com\/pt\/wp-json\/wp\/v2\/users\/9"}],"replies":[{"embeddable":true,"href":"https:\/\/elfsight.com\/pt\/wp-json\/wp\/v2\/comments?post=4884"}],"version-history":[{"count":3,"href":"https:\/\/elfsight.com\/pt\/wp-json\/wp\/v2\/pages\/4884\/revisions"}],"predecessor-version":[{"id":15162,"href":"https:\/\/elfsight.com\/pt\/wp-json\/wp\/v2\/pages\/4884\/revisions\/15162"}],"up":[{"embeddable":true,"href":"https:\/\/elfsight.com\/pt\/wp-json\/wp\/v2\/pages\/347"}],"wp:attachment":[{"href":"https:\/\/elfsight.com\/pt\/wp-json\/wp\/v2\/media?parent=4884"}],"curies":[{"name":"wp","href":"https:\/\/api.w.org\/{rel}","templated":true}]}}