{"id":4880,"date":"2024-05-03T06:52:50","date_gmt":"2024-05-03T06:52:50","guid":{"rendered":"https:\/\/elfsight.com\/pt\/?page_id=4880"},"modified":"2025-02-26T15:03:58","modified_gmt":"2025-02-26T15:03:58","slug":"weebly","status":"publish","type":"page","link":"https:\/\/elfsight.com\/pt\/twitter-feed-widget\/weebly\/","title":{"rendered":"Twitter Feed &#8211; Weebly"},"content":{"rendered":"\n<div class=\"application-platform-content-item-description application-platform-content-item\" id=\"description\" data-nav-section=\"description\"><h2>Descri\u00e7\u00e3o<\/h2><p>Com a ajuda do Elfsight Twitter Feed, \u00e9 extremamente simples incorporar o feed do Twitter ou Tweets selecionados em um Weebly site. Aumente a atividade dos usu\u00e1rios e aumente a confian\u00e7a dos clientes em sua empresa, revelando sua linha do tempo no Twitter ou exibindo tweets de depoimentos de usu\u00e1rios sobre seus produtos ou servi\u00e7os. Os benef\u00edcios mais valiosos do Twitter da Elfsight para um site s\u00e3o modelos predefinidos para qualquer caso de uso e op\u00e7\u00f5es de configura\u00e7\u00e3o variadas, juntamente com um design adapt\u00e1vel.<\/p><p><b>Aumente o n\u00edvel de envolvimento do seu site e torne-o cred\u00edvel para o seu site. visitantes<\/b><\/p><ul><li><b>Aumente a taxa de engajamento<\/b>.<br>Coloque conte\u00fado animado e atualizado de uma das m\u00eddias sociais mais usadas em seu site para atrair clientes aten\u00e7\u00e3o. Aumente o n\u00edvel de atividade em seu site.<\/li><li><b>Promova seu Twitter e seu site ao mesmo tempo<\/b>.<br>Seu site \u00e9 outra forma de promover sua conta no Twitter, gra\u00e7as aos retu\u00edtes. e responder com suporte no feed; enquanto maior engajamento e prova social no site contribuem para melhores resultados de SEO.<\/li><li><b>Aumente a confian\u00e7a do cliente usando tweets de depoimentos<\/b>.<br>Receba os melhores depoimentos de clientes sobre sua empresa no Twitter e apresente-os em seu site para aumentar a confian\u00e7a do cliente e fazer com que seus produtos e servi\u00e7os pare\u00e7am irresist\u00edveis para seus usu\u00e1rios.<\/li><\/ul><\/div><div class=\"application-platform-content-item-features application-platform-content-item\" id=\"features\" data-nav-section=\"features\"><h2>Recursos<\/h2><p>Por que nosso aplicativo \u00e9 o melhor dos widgets Weebly de alta qualidade? Veja nossas principais caracter\u00edsticas:<\/p><ul><li>Crie um feed com Tweets de depoimentos sobre o seu neg\u00f3cio;<\/li><li>Escolha o layout do cabe\u00e7alho completo ou compacto;<\/li><li>Copiar o link dos Tweets;<\/li><li>Limite de exibi\u00e7\u00e3o de tweets no feed;<\/li><li>Defina uma cor de tema personalizada para o widget.<\/li><\/ul><p><a href=\"#demo\">Experimente mais recursos na demonstra\u00e7\u00e3o gratuita<\/a><\/p><\/div><div class=\"application-platform-content-item-installation application-platform-content-item\" id=\"installation\" data-nav-section=\"installation\"><h2>Como adicionar o feed do Twitter ao site do Weebly<\/h2><div class=\"video-container \"><iframe width=\"720\" height=\"405\" src=\"https:\/\/www.youtube.com\/embed\/04ECDy9Ii88\" frameborder=\"0\" allowfullscreen=\"\"><\/iframe><\/div><p>Nosso aplicativo \u00e9 o mais simples de configurar e n\u00e3o requer conhecimentos de programa\u00e7\u00e3o para faz\u00ea-lo. Voc\u00ea precisar\u00e1 de apenas 2 minutos para executar as instru\u00e7\u00f5es.<\/p><ol><li><b>Utilize nossa demonstra\u00e7\u00e3o gratuita e comece a criar seu pr\u00f3prio aplicativo. <\/b><br> Determine o design adequado e as caracter\u00edsticas funcionais do aplicativo e aplique todas as corre\u00e7\u00f5es. <\/li> <li><b>Copie o seu c\u00f3digo exclusivo que aparece no formul\u00e1rio especial nas aplica\u00e7\u00f5es Elfsight. <\/b><br> Ap\u00f3s a conclus\u00e3o da gera\u00e7\u00e3o do seu aplicativo, copie o c\u00f3digo individual na janela exibida e guarde-o para uso futuro. <\/li> <li><b>Iniciar a utiliza\u00e7\u00e3o do aplicativo no site do Weebly. <\/b><br> Implemente o c\u00f3digo copiado anteriormente em seu site e salve as modifica\u00e7\u00f5es. <\/li> <li><b>A configura\u00e7\u00e3o foi totalmente executada. <\/b><br> Visite seu site para revisar o funcionamento do aplicativo. <\/li><\/ol><p>Est\u00e1 enfrentando algum problema ao incorporar ou personalizar seu aplicativo? Envie uma mensagem para nosso suporte ou leia um <a href=\"https:\/\/elfsight.com\/tutorials\/how-to-add-twitter-feed-app-to-weebly\/\" target=\"_blank\" rel=\"noopener noreferrer\">instru\u00e7\u00f5es abrangentes<\/a>.<\/p><\/div><div class=\"faq\" data-component=\"FAQ\"><div class=\"faq-item\">\r\n\t\t\t\t\t<div class=\"faq-item-question\">\r\n\t\t\t\t\t\t<h3 class=\"faq-item-question-text\">Como posso adicionar o feed do Twitter ao meu Weebly sem codifica\u00e7\u00e3o skills?<\/h3>\r\n\r\n\t\t\t\t\t\t<div class=\"faq-item-question-icon\"><\/div>\r\n\t\t\t\t\t<\/div>\r\n\r\n\t\t\t\t\t<div class=\"faq-item-answer\">\r\n\t\t\t\t\t\t<div class=\"faq-item-answer-text\"><p>A empresa Elfsight fornece uma solu\u00e7\u00e3o que permite que voc\u00ea mesmo estabele\u00e7a um plugin de feed do Twitter. Consulte o guia simples:<\/p><ul><li>Comece a trabalhar diretamente na demonstra\u00e7\u00e3o ao vivo para criar um aplicativo de feed do Twitter voc\u00ea gostaria que aparecesse na p\u00e1gina inicial do Weebly.<\/li><li>Escolha um dos modelos predefinidos e altere as configura\u00e7\u00f5es do feed do Twitter, altere o layout e o esquema de cores, inclua seu conte\u00fado sem conhecimento de codifica\u00e7\u00e3o.<\/li><li>Salve o feed do Twitter e copie o c\u00f3digo de instala\u00e7\u00e3o do plugin, que pode ser facilmente adicionado \u00e0 p\u00e1gina inicial do Weebly sem comprar uma assinatura paga.<\/li><\/ul><p>Com nosso editor amig\u00e1vel, todo usu\u00e1rio da web pode criar o feed do Twitter widget e simplesmente inclu\u00ed-lo em seu site do Weebly. N\u00e3o \u00e9 necess\u00e1rio pagar ou enviar os dados do seu cart\u00e3o para entrar no servi\u00e7o. Se voc\u00ea encontrar qualquer tipo de problema, n\u00e3o hesite em falar com nossa equipe de suporte.<\/p><\/div>\r\n\t\t\t\t\t<\/div>\r\n\t\t\t\t<\/div><\/div>\n","protected":false},"excerpt":{"rendered":"","protected":false},"author":9,"featured_media":0,"parent":832,"menu_order":0,"comment_status":"closed","ping_status":"closed","template":"templates\/template-application-platform.php","meta":{"publish_to_discourse":"","publish_post_category":"","wpdc_auto_publish_overridden":"","wpdc_topic_tags":"","wpdc_pin_topic":"","wpdc_pin_until":"","discourse_post_id":"","discourse_permalink":"","wpdc_publishing_response":"","wpdc_publishing_error":"","footnotes":""},"class_list":["post-4880","page","type-page","status-publish","hentry"],"yoast_head":"<!-- This site is optimized with the Yoast SEO plugin v25.3.1 - https:\/\/yoast.com\/wordpress\/plugins\/seo\/ -->\n<title>O melhor widget de feed do Twitter para o site do Weebly (2025)<\/title>\n<meta name=\"description\" content=\"Experimente gratuitamente o melhor widget de feed do Twitter para Weebly. Uma instala\u00e7\u00e3o descomplicada e r\u00e1pida sem experi\u00eancia em desenvolvimento web em apenas 3 minutos.\" \/>\n<meta name=\"robots\" content=\"index, follow, max-snippet:-1, max-image-preview:large, max-video-preview:-1\" \/>\n<link rel=\"canonical\" href=\"https:\/\/elfsight.com\/pt\/twitter-feed-widget\/weebly\/\" \/>\n<meta property=\"og:locale\" content=\"pt_PT\" \/>\n<meta property=\"og:type\" content=\"article\" \/>\n<meta property=\"og:title\" content=\"O melhor widget de feed do Twitter para o site do Weebly (2025)\" \/>\n<meta property=\"og:description\" content=\"Experimente gratuitamente o melhor widget de feed do Twitter para Weebly. Uma instala\u00e7\u00e3o descomplicada e r\u00e1pida sem experi\u00eancia em desenvolvimento web em apenas 3 minutos.\" \/>\n<meta property=\"og:url\" content=\"https:\/\/elfsight.com\/pt\/twitter-feed-widget\/weebly\/\" \/>\n<meta property=\"og:site_name\" content=\"Elfsight PT\" \/>\n<meta property=\"article:modified_time\" content=\"2025-02-26T15:03:58+00:00\" \/>\n<meta name=\"twitter:card\" content=\"summary_large_image\" \/>\n<meta name=\"twitter:label1\" content=\"Tempo estimado de leitura\" \/>\n\t<meta name=\"twitter:data1\" content=\"4 minutos\" \/>\n<!-- \/ Yoast SEO plugin. -->","yoast_head_json":{"title":"O melhor widget de feed do Twitter para o site do Weebly (2025)","description":"Experimente gratuitamente o melhor widget de feed do Twitter para Weebly. Uma instala\u00e7\u00e3o descomplicada e r\u00e1pida sem experi\u00eancia em desenvolvimento web em apenas 3 minutos.","robots":{"index":"index","follow":"follow","max-snippet":"max-snippet:-1","max-image-preview":"max-image-preview:large","max-video-preview":"max-video-preview:-1"},"canonical":"https:\/\/elfsight.com\/pt\/twitter-feed-widget\/weebly\/","og_locale":"pt_PT","og_type":"article","og_title":"O melhor widget de feed do Twitter para o site do Weebly (2025)","og_description":"Experimente gratuitamente o melhor widget de feed do Twitter para Weebly. Uma instala\u00e7\u00e3o descomplicada e r\u00e1pida sem experi\u00eancia em desenvolvimento web em apenas 3 minutos.","og_url":"https:\/\/elfsight.com\/pt\/twitter-feed-widget\/weebly\/","og_site_name":"Elfsight PT","article_modified_time":"2025-02-26T15:03:58+00:00","twitter_card":"summary_large_image","twitter_misc":{"Tempo estimado de leitura":"4 minutos"},"schema":{"@context":"https:\/\/schema.org","@graph":[{"@type":"WebPage","@id":"https:\/\/elfsight.com\/pt\/twitter-feed-widget\/weebly\/","url":"https:\/\/elfsight.com\/pt\/twitter-feed-widget\/weebly\/","name":"O melhor widget de feed do Twitter para o site do Weebly (2025)","isPartOf":{"@id":"https:\/\/elfsight.com\/pt\/#website"},"datePublished":"2024-05-03T06:52:50+00:00","dateModified":"2025-02-26T15:03:58+00:00","description":"Experimente gratuitamente o melhor widget de feed do Twitter para Weebly. Uma instala\u00e7\u00e3o descomplicada e r\u00e1pida sem experi\u00eancia em desenvolvimento web em apenas 3 minutos.","breadcrumb":{"@id":"https:\/\/elfsight.com\/pt\/twitter-feed-widget\/weebly\/#breadcrumb"},"inLanguage":"pt-PT","potentialAction":[{"@type":"ReadAction","target":["https:\/\/elfsight.com\/pt\/twitter-feed-widget\/weebly\/"]}]},{"@type":"BreadcrumbList","@id":"https:\/\/elfsight.com\/pt\/twitter-feed-widget\/weebly\/#breadcrumb","itemListElement":[{"@type":"ListItem","position":1,"name":"Home","item":"https:\/\/elfsight.com\/pt\/"},{"@type":"ListItem","position":2,"name":"Twitter Feed","item":"https:\/\/elfsight.com\/pt\/twitter-feed-widget\/"},{"@type":"ListItem","position":3,"name":"Twitter Feed &#8211; Weebly"}]},{"@type":"WebSite","@id":"https:\/\/elfsight.com\/pt\/#website","url":"https:\/\/elfsight.com\/pt\/","name":"Elfsight PT","description":"Just another Elfsight Sites site","potentialAction":[{"@type":"SearchAction","target":{"@type":"EntryPoint","urlTemplate":"https:\/\/elfsight.com\/pt\/?s={search_term_string}"},"query-input":{"@type":"PropertyValueSpecification","valueRequired":true,"valueName":"search_term_string"}}],"inLanguage":"pt-PT"}]}},"meta_box":{"industry":"","seo_heading":"","heading":"","description":"","cta_heading":"","cta_description":"","application":"831","h1":"Aplicativo Weebly Twitter Feed","h1_caption":"O principal widget para mostrar o Twitter em seu site","application_category":[],"applications_title":"","applications_request_title":"","applications_request_button_text":"","hero_text":"","hero_video":"","hero_video_schema_markup":"","selling_points_title":"","selling_points_caption":"","selling_points":[],"selling_points_cta_text":"","features_title":"","features":"","ed_cta_examples_text":"","ed_cta_examples_hidden":"","ed_cta_demo_text":"","ed_cta_demo_hidden":"","why_caption":"","why_editor_title":"","why_editor_text":"","why_team_title":"","why_team_text":"","why_service_title":"","why_service_text":"","template_catalog_visible":"0","template_catalog_title":"","template_catalog_text":"","template_catalog_categories_visible":"","demo_title":"Crie seu aplicativo de feed do Twitter","demo_caption":"Configure seu feed do Twitter e adicione-o ao seu site do Weebly gratuitamente!","default_faq_hidden":"","app_template_category":[],"platform":"73","template_public_id":"","codecanyon_url":"","codecanyon_item_id":"","codecanyon_price":"","pricing_caption":"","pricing_elfsight_apps_hide_column":"","pricing_elfsight_apps_url":"","pricing_codecanyon_price_caption":"","integration_category":[],"integration_request_title":"","integration_request_cta":"","integration_platform":"","integrations":[],"platform_category":[],"video_schema_markup":"","price":"a partir de US$ 0\/m\u00eas","trial":"","benefits":[{"text":"Assist\u00eancia de instala\u00e7\u00e3o gratuita"},{"text":"Suporte ao cliente experiente"},{"text":"Garantia de reembolso de 14 dias"},{"text":"Melhorias regulares"}],"button_url":"#demo","button_target_blank":"0","button_nofollow":"0","attributes":[{"name":"Instala\u00e7\u00f5es","content":"10,000 - 100,000","_state":"expanded"},{"name":"Responsivo","content":"Sim","_state":"expanded"},{"name":"Navegadores compat\u00edveis","content":"Firefox, Safari, Opera, Chrome, Edge"}],"tags":[],"tags_disable_links":"0","hide_more_platforms":"0","video_object":"","demo_hide_cta":"0","demo_hide_cloud_options":"0","pricing_title":"","pricing":[{"pricing_icon":"cloud","pricing_title":"Elfsight Apps","pricing_title_caption":"Vers\u00e3o multiplataforma","pricing_price":"a partir de US$ 0\/m\u00eas","pricing_price_caption":"comece com plano gratuito","pricing_benefits":[{"text":"Dom\u00ednios ilimitados"},{"text":"Suporte profissional da empresa"},{"text":"Suporte profissional da empresa"},{"text":"Pre\u00e7o especial para v\u00e1rios aplicativos"}],"pricing_button_text":"Adicionar ao site","pricing_button_url":"#demo","_state":"expanded"}],"related_apps_title":"","related_apps_hidden":"1","author":"","image":[],"title":"","job":"","social_networks":[]},"_links":{"self":[{"href":"https:\/\/elfsight.com\/pt\/wp-json\/wp\/v2\/pages\/4880","targetHints":{"allow":["GET"]}}],"collection":[{"href":"https:\/\/elfsight.com\/pt\/wp-json\/wp\/v2\/pages"}],"about":[{"href":"https:\/\/elfsight.com\/pt\/wp-json\/wp\/v2\/types\/page"}],"author":[{"embeddable":true,"href":"https:\/\/elfsight.com\/pt\/wp-json\/wp\/v2\/users\/9"}],"replies":[{"embeddable":true,"href":"https:\/\/elfsight.com\/pt\/wp-json\/wp\/v2\/comments?post=4880"}],"version-history":[{"count":3,"href":"https:\/\/elfsight.com\/pt\/wp-json\/wp\/v2\/pages\/4880\/revisions"}],"predecessor-version":[{"id":14015,"href":"https:\/\/elfsight.com\/pt\/wp-json\/wp\/v2\/pages\/4880\/revisions\/14015"}],"up":[{"embeddable":true,"href":"https:\/\/elfsight.com\/pt\/wp-json\/wp\/v2\/pages\/832"}],"wp:attachment":[{"href":"https:\/\/elfsight.com\/pt\/wp-json\/wp\/v2\/media?parent=4880"}],"curies":[{"name":"wp","href":"https:\/\/api.w.org\/{rel}","templated":true}]}}