{"id":4872,"date":"1970-01-01T00:00:00","date_gmt":"1970-01-01T00:00:00","guid":{"rendered":"https:\/\/elfsight.com\/pt\/?page_id=4872"},"modified":"2025-01-31T06:17:18","modified_gmt":"2025-01-31T06:17:18","slug":"webnode","status":"publish","type":"page","link":"https:\/\/elfsight.com\/pt\/whatsapp-chat-widget\/webnode\/","title":{"rendered":"Whatsapp Chat &#8211; Webnode"},"content":{"rendered":"\n<div class=\"application-platform-content-item-description application-platform-content-item\" id=\"description\" data-nav-section=\"description\"> <h2>Incorpore o bate-papo do WhatsApp com o widget da Elfsight<\/h2> <p>O widget do WhatsApp feito pela Elfsight \u00e9 a ferramenta mais f\u00e1cil para as pessoas do seu site entrarem em contato com voc\u00ea e obter respostas \u00e0s suas perguntas. Voc\u00ea pode ficar dispon\u00edvel para os clientes em seu mensageiro mais popular 24 horas por dia, 7 dias por semana. Adicione chat no site e fa\u00e7a-o aparecer em p\u00e1ginas espec\u00edficas ou apenas para determinadas categorias de p\u00fablico, ative gatilhos de in\u00edcio de chat, escreva sua mensagem de boas-vindas personalizada, altere \u00edcones e aplique outras personaliza\u00e7\u00f5es. Ao usar o chat Webnode incorporado no site Webnode, voc\u00ea permanecer\u00e1 em contato com seus usu\u00e1rios a qualquer hora e de qualquer lugar.<\/p> <div class=\"faq\" data-component=\"FAQ\"> <div class=\"faq-item\">\r\n\t\t\t\t\t<div class=\"faq-item-question\">\r\n\t\t\t\t\t\t<h3 class=\"faq-item-question-text\">Onde posso inseri-lo?<\/h3>\r\n\r\n\t\t\t\t\t\t<div class=\"faq-item-question-icon\"><\/div>\r\n\t\t\t\t\t<\/div>\r\n\r\n\t\t\t\t\t<div class=\"faq-item-answer\">\r\n\t\t\t\t\t\t<div class=\"faq-item-answer-text\"> <p>Voc\u00ea pode inserir o widget para todas as p\u00e1ginas do seu site ou apenas em p\u00e1ginas espec\u00edficas. Outra op\u00e7\u00e3o \u00e9 restringi-lo a determinadas p\u00e1ginas se voc\u00ea n\u00e3o quiser o widget l\u00e1. <\/p> <\/div>\r\n\t\t\t\t\t<\/div>\r\n\t\t\t\t<\/div> <div class=\"faq-item\">\r\n\t\t\t\t\t<div class=\"faq-item-question\">\r\n\t\t\t\t\t\t<h3 class=\"faq-item-question-text\">Quais vantagens isso pode me oferecer?<\/h3>\r\n\r\n\t\t\t\t\t\t<div class=\"faq-item-question-icon\"><\/div>\r\n\t\t\t\t\t<\/div>\r\n\r\n\t\t\t\t\t<div class=\"faq-item-answer\">\r\n\t\t\t\t\t\t<div class=\"faq-item-answer-text\"> <p>O WhatsApp Chat far\u00e1 com que os usu\u00e1rios entrem em contato com voc\u00ea com suas d\u00favidas, solicita\u00e7\u00f5es ou problemas. Isso pode ajudar a aumentar a quantidade de leads e compras. Al\u00e9m disso, uma resposta r\u00e1pida e uma abordagem personalizada \u00e0s pessoas melhorar\u00e3o a qualidade da intera\u00e7\u00e3o com o cliente.<\/p> <\/div>\r\n\t\t\t\t\t<\/div>\r\n\t\t\t\t<\/div> <div class=\"faq-item\">\r\n\t\t\t\t\t<div class=\"faq-item-question\">\r\n\t\t\t\t\t\t<h3 class=\"faq-item-question-text\">O que preciso para incorporar o chat no meu site?<\/h3>\r\n\r\n\t\t\t\t\t\t<div class=\"faq-item-question-icon\"><\/div>\r\n\t\t\t\t\t<\/div>\r\n\r\n\t\t\t\t\t<div class=\"faq-item-answer\">\r\n\t\t\t\t\t\t<div class=\"faq-item-answer-text\"> <p>Basta apenas dois minutos para que o widget esteja instalado e funcionando. \u00c9 super r\u00e1pido, gratuito e sem codifica\u00e7\u00e3o. <\/p> <p>Existe a op\u00e7\u00e3o de introduzir o widget na p\u00e1gina da web diretamente atrav\u00e9s do nosso servi\u00e7o. Basta usar a breve descri\u00e7\u00e3o nesta p\u00e1gina.<\/p><\/div>\r\n\t\t\t\t\t<\/div>\r\n\t\t\t\t<\/div> <\/div> <\/div> <div class=\"application-platform-content-item-features application-platform-content-item\" id=\"features\" data-nav-section=\"features\"> <h2>Principais recursos do widget de bate-papo do WhatsApp<\/h2> <p> Para ter uma ideia completa do Live Chat, conhe\u00e7a a lista de suas principais caracter\u00edsticas. Eles tornam o widget realmente eficaz para sua loja: <\/p> <ul><li>Incorpore o WhatsApp Messenger em seu site para ficar conectado com os espectadores; <\/li><li>Responder mensagens diretamente da sua conta do WhatsApp; <\/li><li>Use tr\u00eas tipos de layout de bate-papo: bal\u00e3o flutuante, bal\u00e3o incorporado e janela de bate-papo incorporada; <\/li><li>Selecione sua variante de \u00edcone de bolha na cole\u00e7\u00e3o de \u00edcones dispon\u00edveis; <\/li><li>Texto de bal\u00e3o edit\u00e1vel. <\/li><\/ul><p><a href=\"#demo\">Para descobrir todos os recursos, veja a demonstra\u00e7\u00e3o ao vivo<\/a><\/p> <\/div> <div class=\"application-platform-content-item-installation application-platform-content-item\" id=\"installation\" data-nav-section=\"installation\"> <h2>Como adicionar o Whatsapp Chat ao seu site Webnode<\/h2> <p> Algumas a\u00e7\u00f5es f\u00e1ceis s\u00e3o a \u00fanica coisa que voc\u00ea precisa incorporar. <\/p> <ul><li><b>Crie seu chat ao vivo personalizado<\/b><br> Por meio de nossa demonstra\u00e7\u00e3o gratuita, crie um plugin com design personalizado e caracter\u00edsticas funcionais.<\/li><li><b>Obtenha o c\u00f3digo individual para integrar o widget<\/b><br> Depois de configurar o seu plugin, voc\u00ea obter\u00e1 o c\u00f3digo de instala\u00e7\u00e3o na janela que aparece nos aplicativos Elfsight. Copie esse c\u00f3digo. <\/li> <li><b>Integre o widget Chat em seu site Webnode<\/b><br> Escolha o local onde voc\u00ea gostaria de exibir o plugin e cole o c\u00f3digo salvo l\u00e1. Publique as edi\u00e7\u00f5es. <\/li> <li><b>Voc\u00ea executou a instala\u00e7\u00e3o com sucesso<\/b><br> Acesse o site para ver seu trabalho.<\/li> <\/ul><p>Ainda indeciso? Ou trope\u00e7ou em alguma coisa? Apenas uma \u00fanica solicita\u00e7\u00e3o \u00e0 nossa equipe de suporte resolver\u00e1 qualquer tipo de problema.<\/p> <\/div><div class=\"faq\" data-component=\"FAQ\"><div class=\"faq-item\">\r\n\t\t\t\t\t<div class=\"faq-item-question\">\r\n\t\t\t\t\t\t<h3 class=\"faq-item-question-text\">Como adicionar o Whatsapp Chat ao meu site Webnode sem habilidades de codifica\u00e7\u00e3o?<\/h3>\r\n\r\n\t\t\t\t\t\t<div class=\"faq-item-question-icon\"><\/div>\r\n\t\t\t\t\t<\/div>\r\n\r\n\t\t\t\t\t<div class=\"faq-item-answer\">\r\n\t\t\t\t\t\t<div class=\"faq-item-answer-text\"><p>A empresa Elfsight apresenta uma solu\u00e7\u00e3o SaaS que permite ao usu\u00e1rio gerar voc\u00ea mesmo um widget de bate-papo do Whatsapp. Veja as etapas f\u00e1ceis: <\/p><ul><li>V\u00e1 para a demonstra\u00e7\u00e3o ao vivo para estabelecer um bate-papo do Whatsapp plugin que voc\u00ea gostaria de adicionar na p\u00e1gina inicial do Webnode.<\/li><li>Escolha um de nossos modelos pr\u00e9-fabricados e ajuste as configura\u00e7\u00f5es do Whatsapp Chat, atualize seu conte\u00fado, mude o layout e o esquema de cores sem codifica\u00e7\u00e3o.<\/li><li> Salve o Whatsapp Chat e obtenha o c\u00f3digo para instala\u00e7\u00e3o, que pode ser facilmente inclu\u00eddo no site Webnode gratuitamente. <\/li><\/ul><p>Usando nosso configurador simples, qualquer usu\u00e1rio da web pode estabelecer o Whatsapp Chat online e col\u00e1-lo facilmente em qualquer site Webnode. N\u00e3o h\u00e1 necessidade de pagar ou inserir as credenciais do seu cart\u00e3o para entrar no servi\u00e7o Elfsight. Se voc\u00ea enfrentar qualquer tipo de problema, n\u00e3o hesite em entrar em contato com nossa equipe de suporte t\u00e9cnico.<\/p><\/div>\r\n\t\t\t\t\t<\/div>\r\n\t\t\t\t<\/div><\/div>\n","protected":false},"excerpt":{"rendered":"","protected":false},"author":9,"featured_media":0,"parent":347,"menu_order":0,"comment_status":"closed","ping_status":"closed","template":"templates\/template-application-platform.php","meta":{"publish_to_discourse":"","publish_post_category":"","wpdc_auto_publish_overridden":"","wpdc_topic_tags":"","wpdc_pin_topic":"","wpdc_pin_until":"","discourse_post_id":"","discourse_permalink":"","wpdc_publishing_response":"","wpdc_publishing_error":"","footnotes":""},"class_list":["post-4872","page","type-page","status-publish","hentry"],"yoast_head":"<!-- This site is optimized with the Yoast SEO plugin v25.3.1 - https:\/\/yoast.com\/wordpress\/plugins\/seo\/ -->\n<title>Adicione o widget Whatsapp Chat ao site Webnode (f\u00e1cil e r\u00e1pido)<\/title>\n<meta name=\"description\" content=\"Configure o widget de chat ao vivo do Whatsapp no \u200b\u200bWebnode em apenas 2 minutos. Explore todas as principais caracter\u00edsticas do melhor plugin de chat em uma demonstra\u00e7\u00e3o gratuita.\" \/>\n<meta name=\"robots\" content=\"index, follow, max-snippet:-1, max-image-preview:large, max-video-preview:-1\" \/>\n<link rel=\"canonical\" href=\"https:\/\/elfsight.com\/pt\/whatsapp-chat-widget\/webnode\/\" \/>\n<meta property=\"og:locale\" content=\"pt_PT\" \/>\n<meta property=\"og:type\" content=\"article\" \/>\n<meta property=\"og:title\" content=\"Adicione o widget Whatsapp Chat ao site Webnode (f\u00e1cil e r\u00e1pido)\" \/>\n<meta property=\"og:description\" content=\"Configure o widget de chat ao vivo do Whatsapp no \u200b\u200bWebnode em apenas 2 minutos. Explore todas as principais caracter\u00edsticas do melhor plugin de chat em uma demonstra\u00e7\u00e3o gratuita.\" \/>\n<meta property=\"og:url\" content=\"https:\/\/elfsight.com\/pt\/whatsapp-chat-widget\/webnode\/\" \/>\n<meta property=\"og:site_name\" content=\"Elfsight PT\" \/>\n<meta property=\"article:modified_time\" content=\"2025-01-31T06:17:18+00:00\" \/>\n<meta name=\"twitter:card\" content=\"summary_large_image\" \/>\n<meta name=\"twitter:label1\" content=\"Tempo estimado de leitura\" \/>\n\t<meta name=\"twitter:data1\" content=\"4 minutos\" \/>\n<!-- \/ Yoast SEO plugin. -->","yoast_head_json":{"title":"Adicione o widget Whatsapp Chat ao site Webnode (f\u00e1cil e r\u00e1pido)","description":"Configure o widget de chat ao vivo do Whatsapp no \u200b\u200bWebnode em apenas 2 minutos. Explore todas as principais caracter\u00edsticas do melhor plugin de chat em uma demonstra\u00e7\u00e3o gratuita.","robots":{"index":"index","follow":"follow","max-snippet":"max-snippet:-1","max-image-preview":"max-image-preview:large","max-video-preview":"max-video-preview:-1"},"canonical":"https:\/\/elfsight.com\/pt\/whatsapp-chat-widget\/webnode\/","og_locale":"pt_PT","og_type":"article","og_title":"Adicione o widget Whatsapp Chat ao site Webnode (f\u00e1cil e r\u00e1pido)","og_description":"Configure o widget de chat ao vivo do Whatsapp no \u200b\u200bWebnode em apenas 2 minutos. Explore todas as principais caracter\u00edsticas do melhor plugin de chat em uma demonstra\u00e7\u00e3o gratuita.","og_url":"https:\/\/elfsight.com\/pt\/whatsapp-chat-widget\/webnode\/","og_site_name":"Elfsight PT","article_modified_time":"2025-01-31T06:17:18+00:00","twitter_card":"summary_large_image","twitter_misc":{"Tempo estimado de leitura":"4 minutos"},"schema":{"@context":"https:\/\/schema.org","@graph":[{"@type":"WebPage","@id":"https:\/\/elfsight.com\/pt\/whatsapp-chat-widget\/webnode\/","url":"https:\/\/elfsight.com\/pt\/whatsapp-chat-widget\/webnode\/","name":"Adicione o widget Whatsapp Chat ao site Webnode (f\u00e1cil e r\u00e1pido)","isPartOf":{"@id":"https:\/\/elfsight.com\/pt\/#website"},"datePublished":"1970-01-01T00:00:00+00:00","dateModified":"2025-01-31T06:17:18+00:00","description":"Configure o widget de chat ao vivo do Whatsapp no \u200b\u200bWebnode em apenas 2 minutos. Explore todas as principais caracter\u00edsticas do melhor plugin de chat em uma demonstra\u00e7\u00e3o gratuita.","breadcrumb":{"@id":"https:\/\/elfsight.com\/pt\/whatsapp-chat-widget\/webnode\/#breadcrumb"},"inLanguage":"pt-PT","potentialAction":[{"@type":"ReadAction","target":["https:\/\/elfsight.com\/pt\/whatsapp-chat-widget\/webnode\/"]}]},{"@type":"BreadcrumbList","@id":"https:\/\/elfsight.com\/pt\/whatsapp-chat-widget\/webnode\/#breadcrumb","itemListElement":[{"@type":"ListItem","position":1,"name":"Home","item":"https:\/\/elfsight.com\/pt\/"},{"@type":"ListItem","position":2,"name":"WhatsApp Chat","item":"https:\/\/elfsight.com\/pt\/whatsapp-chat-widget\/"},{"@type":"ListItem","position":3,"name":"Whatsapp Chat &#8211; Webnode"}]},{"@type":"WebSite","@id":"https:\/\/elfsight.com\/pt\/#website","url":"https:\/\/elfsight.com\/pt\/","name":"Elfsight PT","description":"Just another Elfsight Sites site","potentialAction":[{"@type":"SearchAction","target":{"@type":"EntryPoint","urlTemplate":"https:\/\/elfsight.com\/pt\/?s={search_term_string}"},"query-input":{"@type":"PropertyValueSpecification","valueRequired":true,"valueName":"search_term_string"}}],"inLanguage":"pt-PT"}]}},"meta_box":{"industry":"","seo_heading":"","heading":"","description":"","cta_heading":"","cta_description":"","application":"340","h1":"Widget de bate-papo Webnode Whatsapp","h1_caption":"A forma mais f\u00e1cil de comunica\u00e7\u00e3o para os clientes do seu site","application_category":[],"applications_title":"","applications_request_title":"","applications_request_button_text":"","hero_text":"","hero_video":"","hero_video_schema_markup":"","selling_points_title":"","selling_points_caption":"","selling_points":[],"selling_points_cta_text":"","features_title":"","features":"","ed_cta_examples_text":"","ed_cta_examples_hidden":"","ed_cta_demo_text":"","ed_cta_demo_hidden":"","why_caption":"","why_editor_title":"","why_editor_text":"","why_team_title":"","why_team_text":"","why_service_title":"","why_service_text":"","template_catalog_visible":"0","template_catalog_title":"","template_catalog_text":"","template_catalog_categories_visible":"","demo_title":"Crie seu widget de bate-papo do Whatsapp","demo_caption":"Configure seu Whatsapp Chat e adicione-o ao seu site Webnode gratuitamente!","default_faq_hidden":"","app_template_category":[],"platform":"4917","template_public_id":"","codecanyon_url":"","codecanyon_item_id":"","codecanyon_price":"","pricing_caption":"","pricing_elfsight_apps_hide_column":"","pricing_elfsight_apps_url":"","pricing_codecanyon_price_caption":"","integration_category":[],"integration_request_title":"","integration_request_cta":"","integration_platform":"","integrations":[],"platform_category":[],"video_schema_markup":"","price":"a partir de US$ 0\/m\u00eas","trial":"","benefits":[{"text":"Servi\u00e7o de instala\u00e7\u00e3o gratuito"},{"text":"Suporte ao cliente competente"},{"text":"Garantia de reembolso de 14 dias"},{"text":"Atualizando constantemente"}],"button_url":"#demo","button_target_blank":"0","button_nofollow":"0","attributes":[{"name":"Instala\u00e7\u00f5es","content":"100,000 - 500,000","_state":"expanded"},{"name":"Responsivo","content":"Sim","_state":"expanded"},{"name":"Navegadores compat\u00edveis","content":"Firefox, Safari, Opera, Chrome, Edge"}],"tags":[],"tags_disable_links":"0","hide_more_platforms":"","video_object":"","demo_hide_cta":"0","demo_hide_cloud_options":"0","pricing_title":"","pricing":[{"pricing_icon":"platform","pricing_title":"Elfsight Apps","pricing_title_caption":"Software multiplataforma que funciona em qualquer site","pricing_price":"a partir de US$ 0\/m\u00eas","pricing_price_caption":"comece com plano gratuito","pricing_benefits":[{"text":"Dom\u00ednios ilimitados"},{"text":"Suporte r\u00e1pido e bem documentado"},{"text":"Suporte r\u00e1pido e bem documentado"},{"text":"Pre\u00e7o especial para v\u00e1rios aplicativos"}],"pricing_button_text":"Adicionar ao site","pricing_button_url":"#demo","_state":"expanded"}],"related_apps_title":"","related_apps_hidden":"1","author":"","image":[],"title":"","job":"","social_networks":[]},"_links":{"self":[{"href":"https:\/\/elfsight.com\/pt\/wp-json\/wp\/v2\/pages\/4872","targetHints":{"allow":["GET"]}}],"collection":[{"href":"https:\/\/elfsight.com\/pt\/wp-json\/wp\/v2\/pages"}],"about":[{"href":"https:\/\/elfsight.com\/pt\/wp-json\/wp\/v2\/types\/page"}],"author":[{"embeddable":true,"href":"https:\/\/elfsight.com\/pt\/wp-json\/wp\/v2\/users\/9"}],"replies":[{"embeddable":true,"href":"https:\/\/elfsight.com\/pt\/wp-json\/wp\/v2\/comments?post=4872"}],"version-history":[{"count":3,"href":"https:\/\/elfsight.com\/pt\/wp-json\/wp\/v2\/pages\/4872\/revisions"}],"predecessor-version":[{"id":13678,"href":"https:\/\/elfsight.com\/pt\/wp-json\/wp\/v2\/pages\/4872\/revisions\/13678"}],"up":[{"embeddable":true,"href":"https:\/\/elfsight.com\/pt\/wp-json\/wp\/v2\/pages\/347"}],"wp:attachment":[{"href":"https:\/\/elfsight.com\/pt\/wp-json\/wp\/v2\/media?parent=4872"}],"curies":[{"name":"wp","href":"https:\/\/api.w.org\/{rel}","templated":true}]}}