{"id":4862,"date":"1970-01-01T00:00:00","date_gmt":"1970-01-01T00:00:00","guid":{"rendered":"https:\/\/elfsight.com\/pt\/?page_id=4862"},"modified":"2025-02-26T15:01:33","modified_gmt":"2025-02-26T15:01:33","slug":"squarespace","status":"publish","type":"page","link":"https:\/\/elfsight.com\/pt\/twitter-feed-widget\/squarespace\/","title":{"rendered":"Twitter Feed &#8211; Squarespace"},"content":{"rendered":"\n<div class=\"application-platform-content-item-description application-platform-content-item\" id=\"description\" data-nav-section=\"description\"><h2>Incorpore o feed do Twitter no Squarespace com o widget Elfsight<\/h2><p>Usando o plugin Elfsight Twitter, \u00e9 surpreendentemente simples colocar feed do Twitter ou Tweets selecionados em seu site SquareSpace. Aumente a atividade dos visitantes e aumente a confian\u00e7a do cliente, mostrando sua linha do tempo no Twitter ou ostentando tweets de depoimentos de clientes sobre seus itens. As vantagens mais \u00fateis do Twitter da Elfsight s\u00e3o modelos prontos para uso para qualquer caso de uso e configura\u00e7\u00f5es diversas, juntamente com um design flex\u00edvel.<\/p><p><b>Torne seu site super envolvente para os clientes e altamente confi\u00e1vel.<\/b> <\/p><ul><li><b>Mantenha os visitantes no site<\/b>.<br>Mantenha seus clientes em seu site por horas e horas, mostrando-lhes Tweets cuidadosamente selecionados sobre os t\u00f3picos mais importantes ou envolvendo inclua-os em seus concursos promovidos no Twitter.<\/li><li><b>Aumente o n\u00famero de seguidores<\/b>.<br>O feed interativo da Elfsight no Twitter permite que os usu\u00e1rios respondam, retuitem postagens e sigam sua conta sem sair do site. . Use mais uma fonte de seguidores e amplie sua comunidade no Twitter.<\/li><li><b>Forte prova social para maior confian\u00e7a<\/b>.<br>Demonstre que seu perfil no Twitter est\u00e1 ativo para garantir aos clientes que sua empresa est\u00e1 ativa. desenvolvendo e deseja interagir com eles.<\/li><\/ul><\/div><div class=\"application-platform-content-item-features application-platform-content-item\" id=\"features\" data-nav-section=\"features\"><h2>Principais recursos do widget Feed do Twitter<\/h2><p>Aqui est\u00e3o os mais caracter\u00edsticas surpreendentes do Elfsight Twitter Feed. Eles ajudam a torn\u00e1-lo o plugin mais valioso para qualquer site do SquareSpace.<\/p><ul><li>Exiba Tweets da sua pr\u00f3pria conta ou selecione por hashtag;<\/li><li>Defina a altura do widget ou deixe-o adapt\u00e1vel ao conte\u00fado height;<\/li><li>Copiar o link dos Tweets;<\/li><li>Escolha um dos idiomas dispon\u00edveis ou solicite seu idioma e n\u00f3s traduziremos o widget;<\/li><li>Defina uma cor de tema personalizada para o widget.<\/li><\/ul><p><a href=\"#demo\">Aprenda todos os recursos na demonstra\u00e7\u00e3o ao vivo<\/a><\/p><\/div><div class=\"application-platform-content-item-installation application-platform-content-item\" id=\"installation\" data-nav-section=\"installation\"><h2>Como adicionar feed do Twitter ao site do Squarespace<\/h2><div class=\"video-container\"><iframe width=\"720\" height=\"405\" src=\"https:\/\/www.youtube.com\/embed\/u7yB0n7CeBM\" frameborder=\"0\" allowfullscreen=\"\"><\/iframe><\/div><p>Para incorporar o plugin em seu site, voc\u00ea n\u00e3o precisa de conhecimento em programa\u00e7\u00e3o web. S\u00e3o necess\u00e1rios apenas 4 passos simples e 1 minuto do seu tempo.<\/p><ol><li><b>Construa seu widget pessoal do Twitter<\/b>.<br>Com nosso configurador gratuito, crie um widget com layout e fun\u00e7\u00f5es que voc\u00ea precisa.<\/li><li><b>Copie um c\u00f3digo para publicar o widget<\/b>.<br>Ap\u00f3s a cria\u00e7\u00e3o do widget, obtenha um c\u00f3digo para o Twitter Feed na janela pop-up nos aplicativos da Elfsight. <\/li><li><b>Exiba o widget em seu site<\/b>.<br>Insira o widget no local necess\u00e1rio da p\u00e1gina e publique os resultados.<\/li><li><b>Instala\u00e7\u00e3o est\u00e1 conclu\u00eddo<\/b>.<br>Entre no site do SquareSpace para ver seu trabalho.<\/li><\/ol><p>Est\u00e1 enfrentando algum problema ao criar ou incorporar o plug-in? Explore o <a href=\"https:\/\/elfsight.com\/tutorials\/how-to-add-twitter-feed-plugin-to-squarespace\/\" target=\"_blank\" rel=\"noopener noreferrer\">artigo detalhado<\/a> ou entre em contato com nosso Centro de Suporte para obter ajuda. Estamos aqui para ajud\u00e1-lo!<\/p><\/div><div class=\"faq\" data-component=\"FAQ\"><div class=\"faq-item\">\r\n\t\t\t\t\t<div class=\"faq-item-question\">\r\n\t\t\t\t\t\t<h3 class=\"faq-item-question-text\">Como adicionar o feed do Twitter ao meu Squarespace sem experi\u00eancia de codifica\u00e7\u00e3o?<\/h3>\r\n\r\n\t\t\t\t\t\t<div class=\"faq-item-question-icon\"><\/div>\r\n\t\t\t\t\t<\/div>\r\n\r\n\t\t\t\t\t<div class=\"faq-item-answer\">\r\n\t\t\t\t\t\t<div class=\"faq-item-answer-text\"><p>Elfsight A empresa oferece uma solu\u00e7\u00e3o SaaS que permite ao usu\u00e1rio estabelecer um aplicativo de feed do Twitter por conta pr\u00f3pria. Veja o guia simples:<\/p><ul><li>Acesse a demonstra\u00e7\u00e3o ao vivo para gerar um plug-in de feed do Twitter que voc\u00ea gostaria de integrar no site do Squarespace. <\/li><li>Escolha um dos modelos predefinidos e ajuste as configura\u00e7\u00f5es do Twitter Feed, altere o layout e as cores, atualize seu conte\u00fado sem codifica\u00e7\u00e3o.<\/li><li>Salve as configura\u00e7\u00f5es feitas no Twitter Feed e obtenha o c\u00f3digo para incorpora\u00e7\u00e3o, que voc\u00ea pode incorporar na sua p\u00e1gina inicial do Squarespace usando um plano gratuito.<\/li><\/ul><p>Usando nosso editor f\u00e1cil de usar, cada usu\u00e1rio da Internet pode criar o plug-in on-line do Twitter Feed e incorpor\u00e1-lo facilmente em seus P\u00e1gina inicial do Squarespace. N\u00e3o \u00e9 necess\u00e1rio fazer assinatura paga ou inserir os dados do seu cart\u00e3o para acessar nosso Editor. Se voc\u00ea enfrentar qualquer problema em qualquer etapa, n\u00e3o hesite em entrar em contato com nossa equipe de suporte t\u00e9cnico.<\/p><\/div>\r\n\t\t\t\t\t<\/div>\r\n\t\t\t\t<\/div><\/div>\n","protected":false},"excerpt":{"rendered":"","protected":false},"author":9,"featured_media":0,"parent":832,"menu_order":0,"comment_status":"closed","ping_status":"closed","template":"templates\/template-application-platform.php","meta":{"publish_to_discourse":"","publish_post_category":"","wpdc_auto_publish_overridden":"","wpdc_topic_tags":"","wpdc_pin_topic":"","wpdc_pin_until":"","discourse_post_id":"","discourse_permalink":"","wpdc_publishing_response":"","wpdc_publishing_error":"","footnotes":""},"class_list":["post-4862","page","type-page","status-publish","hentry"],"yoast_head":"<!-- This site is optimized with the Yoast SEO plugin v25.3.1 - https:\/\/yoast.com\/wordpress\/plugins\/seo\/ -->\n<title>O melhor plugin de feed do Twitter para o site Squarespace (2025)<\/title>\n<meta name=\"description\" content=\"Projete um plugin de Twitter Feed personalizado para SquareSpace e exiba em seu site. Configurador gratuito, suporte profissional e mais extras da Elfsight!\" \/>\n<meta name=\"robots\" content=\"index, follow, max-snippet:-1, max-image-preview:large, max-video-preview:-1\" \/>\n<link rel=\"canonical\" href=\"https:\/\/elfsight.com\/pt\/twitter-feed-widget\/squarespace\/\" \/>\n<meta property=\"og:locale\" content=\"pt_PT\" \/>\n<meta property=\"og:type\" content=\"article\" \/>\n<meta property=\"og:title\" content=\"O melhor plugin de feed do Twitter para o site Squarespace (2025)\" \/>\n<meta property=\"og:description\" content=\"Projete um plugin de Twitter Feed personalizado para SquareSpace e exiba em seu site. Configurador gratuito, suporte profissional e mais extras da Elfsight!\" \/>\n<meta property=\"og:url\" content=\"https:\/\/elfsight.com\/pt\/twitter-feed-widget\/squarespace\/\" \/>\n<meta property=\"og:site_name\" content=\"Elfsight PT\" \/>\n<meta property=\"article:modified_time\" content=\"2025-02-26T15:01:33+00:00\" \/>\n<meta name=\"twitter:card\" content=\"summary_large_image\" \/>\n<meta name=\"twitter:label1\" content=\"Tempo estimado de leitura\" \/>\n\t<meta name=\"twitter:data1\" content=\"4 minutos\" \/>\n<!-- \/ Yoast SEO plugin. -->","yoast_head_json":{"title":"O melhor plugin de feed do Twitter para o site Squarespace (2025)","description":"Projete um plugin de Twitter Feed personalizado para SquareSpace e exiba em seu site. Configurador gratuito, suporte profissional e mais extras da Elfsight!","robots":{"index":"index","follow":"follow","max-snippet":"max-snippet:-1","max-image-preview":"max-image-preview:large","max-video-preview":"max-video-preview:-1"},"canonical":"https:\/\/elfsight.com\/pt\/twitter-feed-widget\/squarespace\/","og_locale":"pt_PT","og_type":"article","og_title":"O melhor plugin de feed do Twitter para o site Squarespace (2025)","og_description":"Projete um plugin de Twitter Feed personalizado para SquareSpace e exiba em seu site. Configurador gratuito, suporte profissional e mais extras da Elfsight!","og_url":"https:\/\/elfsight.com\/pt\/twitter-feed-widget\/squarespace\/","og_site_name":"Elfsight PT","article_modified_time":"2025-02-26T15:01:33+00:00","twitter_card":"summary_large_image","twitter_misc":{"Tempo estimado de leitura":"4 minutos"},"schema":{"@context":"https:\/\/schema.org","@graph":[{"@type":"WebPage","@id":"https:\/\/elfsight.com\/pt\/twitter-feed-widget\/squarespace\/","url":"https:\/\/elfsight.com\/pt\/twitter-feed-widget\/squarespace\/","name":"O melhor plugin de feed do Twitter para o site Squarespace (2025)","isPartOf":{"@id":"https:\/\/elfsight.com\/pt\/#website"},"datePublished":"1970-01-01T00:00:00+00:00","dateModified":"2025-02-26T15:01:33+00:00","description":"Projete um plugin de Twitter Feed personalizado para SquareSpace e exiba em seu site. Configurador gratuito, suporte profissional e mais extras da Elfsight!","breadcrumb":{"@id":"https:\/\/elfsight.com\/pt\/twitter-feed-widget\/squarespace\/#breadcrumb"},"inLanguage":"pt-PT","potentialAction":[{"@type":"ReadAction","target":["https:\/\/elfsight.com\/pt\/twitter-feed-widget\/squarespace\/"]}]},{"@type":"BreadcrumbList","@id":"https:\/\/elfsight.com\/pt\/twitter-feed-widget\/squarespace\/#breadcrumb","itemListElement":[{"@type":"ListItem","position":1,"name":"Home","item":"https:\/\/elfsight.com\/pt\/"},{"@type":"ListItem","position":2,"name":"Twitter Feed","item":"https:\/\/elfsight.com\/pt\/twitter-feed-widget\/"},{"@type":"ListItem","position":3,"name":"Twitter Feed &#8211; Squarespace"}]},{"@type":"WebSite","@id":"https:\/\/elfsight.com\/pt\/#website","url":"https:\/\/elfsight.com\/pt\/","name":"Elfsight PT","description":"Just another Elfsight Sites site","potentialAction":[{"@type":"SearchAction","target":{"@type":"EntryPoint","urlTemplate":"https:\/\/elfsight.com\/pt\/?s={search_term_string}"},"query-input":{"@type":"PropertyValueSpecification","valueRequired":true,"valueName":"search_term_string"}}],"inLanguage":"pt-PT"}]}},"meta_box":{"industry":"","seo_heading":"","heading":"","description":"","cta_heading":"","cta_description":"","application":"831","h1":"Plug-in de feed do Twitter do Squarespace","h1_caption":"Transforme os clientes do seu site em assinantes do Twitter","application_category":[],"applications_title":"","applications_request_title":"","applications_request_button_text":"","hero_text":"","hero_video":"","hero_video_schema_markup":"","selling_points_title":"","selling_points_caption":"","selling_points":[],"selling_points_cta_text":"","features_title":"","features":"","ed_cta_examples_text":"","ed_cta_examples_hidden":"","ed_cta_demo_text":"","ed_cta_demo_hidden":"","why_caption":"","why_editor_title":"","why_editor_text":"","why_team_title":"","why_team_text":"","why_service_title":"","why_service_text":"","template_catalog_visible":"0","template_catalog_title":"","template_catalog_text":"","template_catalog_categories_visible":"","demo_title":"Crie seu plugin de feed do Twitter","demo_caption":"Configure seu feed do Twitter e adicione-o ao seu site do Squarespace gratuitamente!","default_faq_hidden":"","app_template_category":[],"platform":"67","template_public_id":"","codecanyon_url":"","codecanyon_item_id":"","codecanyon_price":"","pricing_caption":"","pricing_elfsight_apps_hide_column":"","pricing_elfsight_apps_url":"","pricing_codecanyon_price_caption":"","integration_category":[],"integration_request_title":"","integration_request_cta":"","integration_platform":"","integrations":[],"platform_category":[],"video_schema_markup":"","price":"a partir de US$ 0\/m\u00eas","trial":"","benefits":[{"text":"Ajuda de instala\u00e7\u00e3o gratuita"},{"text":"Suporte ao cliente experiente"},{"text":"Garantia de devolu\u00e7\u00e3o do dinheiro em 14 dias"},{"text":"Melhorias ao longo da vida"}],"button_url":"#demo","button_target_blank":"0","button_nofollow":"0","attributes":[{"name":"Instala\u00e7\u00f5es","content":"10,000 - 100,000","_state":"expanded"},{"name":"Responsivo","content":"Sim","_state":"expanded"},{"name":"Navegadores compat\u00edveis","content":"Firefox, Safari, Opera, Chrome, Edge"}],"tags":[],"tags_disable_links":"0","hide_more_platforms":"0","video_object":"","demo_hide_cta":"0","demo_hide_cloud_options":"0","pricing_title":"","pricing":[{"pricing_icon":"platform","pricing_title":"Elfsight Apps","pricing_title_caption":"Vers\u00e3o multiplataforma","pricing_price":"a partir de US$ 0\/m\u00eas","pricing_price_caption":"comece com um plano gratuito","pricing_benefits":[{"text":"Dom\u00ednios ilimitados"},{"text":"Suporte profissional da empresa e bem documentado"},{"text":"Suporte profissional da empresa e bem documentado"},{"text":"Design flex\u00edvel"}],"pricing_button_text":"Adicionar ao site","pricing_button_url":"#demo","_state":"expanded"}],"related_apps_title":"","related_apps_hidden":"1","author":"","image":[],"title":"","job":"","social_networks":[]},"_links":{"self":[{"href":"https:\/\/elfsight.com\/pt\/wp-json\/wp\/v2\/pages\/4862","targetHints":{"allow":["GET"]}}],"collection":[{"href":"https:\/\/elfsight.com\/pt\/wp-json\/wp\/v2\/pages"}],"about":[{"href":"https:\/\/elfsight.com\/pt\/wp-json\/wp\/v2\/types\/page"}],"author":[{"embeddable":true,"href":"https:\/\/elfsight.com\/pt\/wp-json\/wp\/v2\/users\/9"}],"replies":[{"embeddable":true,"href":"https:\/\/elfsight.com\/pt\/wp-json\/wp\/v2\/comments?post=4862"}],"version-history":[{"count":3,"href":"https:\/\/elfsight.com\/pt\/wp-json\/wp\/v2\/pages\/4862\/revisions"}],"predecessor-version":[{"id":14014,"href":"https:\/\/elfsight.com\/pt\/wp-json\/wp\/v2\/pages\/4862\/revisions\/14014"}],"up":[{"embeddable":true,"href":"https:\/\/elfsight.com\/pt\/wp-json\/wp\/v2\/pages\/832"}],"wp:attachment":[{"href":"https:\/\/elfsight.com\/pt\/wp-json\/wp\/v2\/media?parent=4862"}],"curies":[{"name":"wp","href":"https:\/\/api.w.org\/{rel}","templated":true}]}}