{"id":4859,"date":"2024-05-03T06:55:40","date_gmt":"2024-05-03T06:55:40","guid":{"rendered":"https:\/\/elfsight.com\/pt\/?page_id=4859"},"modified":"2026-01-29T12:08:00","modified_gmt":"2026-01-29T12:08:00","slug":"squarespace","status":"publish","type":"page","link":"https:\/\/elfsight.com\/pt\/youtube-channel-plugin-yottie\/squarespace\/","title":{"rendered":"YouTube Gallery &#8211; Squarespace"},"content":{"rendered":"<div class=\"application-platform-content-item-description application-platform-content-item\" id=\"description\" data-nav-section=\"description\"><h2>Incorpore a Galeria do YouTube no Squarespace com o widget Elfsight<\/h2><p>Um widget poderoso para o YouTube, que ajuda a exibir diversos v\u00eddeos no o site. Escolha os canais e videoclipes certos para criar sua pr\u00f3pria playlist e demonstr\u00e1-la na p\u00e1gina usando o layout mais adequado (galeria de v\u00eddeos, portf\u00f3lio, canal, v\u00eddeo \u00fanico). O widget Elfsight responde a todos os formatos e sistemas; possui 100 op\u00e7\u00f5es de interface, layout adapt\u00e1vel e muitas outras caracter\u00edsticas, que permitem utiliz\u00e1-lo em diversos sites.<\/p><p><b>Crie uma galeria de v\u00eddeos personalizada para aumentar constantemente o interesse de seus usu\u00e1rios.<\/b> <\/p><ul><li><b>Fortale\u00e7a sua intera\u00e7\u00e3o com o p\u00fablico do site com a ajuda de v\u00eddeos do YouTube<\/b>.<br>Atraia os usu\u00e1rios do seu site com conte\u00fado marcante do YouTube e mantenha-os cada vez mais envolvidos. <\/li><li><b>Aumente o n\u00famero de pedidos do site exibindo v\u00eddeos promocionais convincentes<\/b>.<br>Mostre an\u00fancios em v\u00eddeo, avalia\u00e7\u00f5es, tutoriais e muito mais para fornecer aos usu\u00e1rios informa\u00e7\u00f5es completas sobre seus produtos e convencer para que eles comprem.<\/li><li><b>Encontre mais assinantes-alvo para sua p\u00e1gina do YouTube<\/b>.<br>Transforme o p\u00fablico do site em assinantes no YouTube. Incorpore uma maneira simples de assistir a v\u00eddeos e se inscrever diretamente no site.<\/li><\/ul><\/div><div class=\"application-platform-content-item-features application-platform-content-item\" id=\"features\" data-nav-section=\"features\"><h2>Principais recursos do widget da Galeria do YouTube<\/h2><p>Os recursos mais poderosos deste widget, que o transformam na melhor ferramenta para adicionar v\u00eddeos do YouTube em um site Squarespace.<\/p><ul><li>Criar grupos de origem;<\/li><li>Escolha o layout do cabe\u00e7alho: Cl\u00e1ssico, Acento, M\u00ednimo;<\/li><li>Definir qualquer n\u00famero de colunas e linhas;<\/li><li>Contagem de visualiza\u00e7\u00f5es e curtidas em v\u00eddeos;<\/li><li>Op\u00e7\u00f5es de controle de navega\u00e7\u00e3o: setas, rolagem, arrastar;<\/li><li>7 elementos deslizantes pint\u00e1veis;<\/li><li>18 idiomas dispon\u00edveis.<\/li><\/ul><p><a href=\"#demo\">Experimente a lista completa de as caracter\u00edsticas no editor<\/a><\/p><\/div><div class=\"application-platform-content-item-installation application-platform-content-item\" id=\"installation\" data-nav-section=\"installation\"><h2>Como incorporar a galeria de v\u00eddeos do YouTube ao site do Squarespace<\/h2><div class=\"video-container\"><iframe allowfullscreen=\"\" frameborder=\"0\" height=\"405\" src=\"https:\/\/www.youtube.com\/embed\/PkRGOs7dkjo?si=pqx0B33fq8fgrGEd\" width=\"720\"><\/iframe><\/div><p>Um breve plano de nossa equipe para exibir e gerar sem habilidades de desenvolvimento. A dura\u00e7\u00e3o m\u00e9dia da instala\u00e7\u00e3o \u00e9 inferior a 2 minutos.<\/p><ol><li><b>Crie seu plug-in pessoal do YouTube<\/b>.<br>Com nosso configurador gratuito, gere um plug-in com o modelo e as capacidades necess\u00e1rias.<\/li><li><b>Obtenha um c\u00f3digo para configurar o plug-in<\/b>.<br>Ap\u00f3s a personaliza\u00e7\u00e3o do plug-in, adquira um c\u00f3digo para a Galeria do YouTube na janela exibida nos aplicativos Elfsight.<\/li><li><b>Revele o plugin em seu site<\/b>.<br>Incorpore o plugin de v\u00eddeo no local necess\u00e1rio do site e salve as edi\u00e7\u00f5es.<\/li><li><b>A integra\u00e7\u00e3o foi bem-sucedida!<\/b><br>Visite seu site do SquareSpace para ver seu plug-in do YouTube.<\/li><\/ol><p>Est\u00e1 tendo problemas com a configura\u00e7\u00e3o ou ajuste do seu widget? Basta verificar um tutorial detalhado \u00ab<a href=\"https:\/\/elfsight.com\/tutorials\/how-to-embed-youtube-video-gallery-on-squarespace\/\" target=\"_blank\" rel=\"noopener noreferrer\"> Como incorporar v\u00eddeos do YouTube no Squarespace<\/a>\u00bb e tente voc\u00ea mesmo novamente. Ou entre em contato com nossa central de ajuda com uma descri\u00e7\u00e3o detalhada da sua situa\u00e7\u00e3o.<\/p><div class=\"faq\" data-component=\"FAQ\"><div class=\"faq-item\">\r\n\t\t\t\t\t<div class=\"faq-item-question\">\r\n\t\t\t\t\t\t<h3 class=\"faq-item-question-text\">Como posso adicionar uma galeria de v\u00eddeos do YouTube ao meu site do Squarespace sem conhecimentos de codifica\u00e7\u00e3o?<\/h3>\r\n\r\n\t\t\t\t\t\t<div class=\"faq-item-question-icon\"><\/div>\r\n\t\t\t\t\t<\/div>\r\n\r\n\t\t\t\t\t<div class=\"faq-item-answer\">\r\n\t\t\t\t\t\t<div class=\"faq-item-answer-text\"><p>A Elfsight oferece uma solu\u00e7\u00e3o Cloud que permite aos usu\u00e1rios criar uma galeria de v\u00eddeos do YouTube por conta pr\u00f3pria. Veja como o processo \u00e9 simples:<\/p><ul><li>Acesse o editor on-line para gerar uma se\u00e7\u00e3o da galeria de v\u00eddeos do YouTube que voc\u00ea gostaria de integrar em seu site do Squarespace.<\/li><li>Escolha um de nossos modelos predefinidos e personalize as configura\u00e7\u00f5es da Galeria de v\u00eddeos do YouTube, modifique o layout e o esquema de cores, inclua seu conte\u00fado sem necessidade de codifica\u00e7\u00e3o.<\/li><li>Salve as configura\u00e7\u00f5es que voc\u00ea definiu para a Galeria de v\u00eddeos do YouTube e obtenha o c\u00f3digo do widget para incorpora\u00e7\u00e3o, que pode ser facilmente adicionado ao seu site Squarespace sem nenhum custo.<\/li><\/ul><p>Trabalhando no usu\u00e1rio Editor amig\u00e1vel, qualquer usu\u00e1rio da Internet pode criar uma se\u00e7\u00e3o da Galeria de v\u00eddeos do YouTube e incorpor\u00e1-la ao site do Squarespace. N\u00e3o h\u00e1 exig\u00eancia de pagamento ou divulga\u00e7\u00e3o dos dados do seu cart\u00e3o para acessar o Editor Elfsight. Se voc\u00ea encontrar alguma dificuldade em qualquer est\u00e1gio, sinta-se \u00e0 vontade para entrar em contato com nosso suporte ao cliente.<\/p><\/div>\r\n\t\t\t\t\t<\/div>\r\n\t\t\t\t<\/div><\/div><\/div>","protected":false},"excerpt":{"rendered":"","protected":false},"author":9,"featured_media":0,"parent":415,"menu_order":0,"comment_status":"closed","ping_status":"closed","template":"templates\/template-application-platform.php","meta":{"publish_to_discourse":"","publish_post_category":"","wpdc_auto_publish_overridden":"","wpdc_topic_tags":"","wpdc_pin_topic":"","wpdc_pin_until":"","discourse_post_id":"","discourse_permalink":"","wpdc_publishing_response":"","wpdc_publishing_error":"","footnotes":""},"class_list":["post-4859","page","type-page","status-publish","hentry"],"yoast_head":"<!-- This site is optimized with the Yoast SEO plugin v25.3.1 - https:\/\/yoast.com\/wordpress\/plugins\/seo\/ -->\n<title>Plug-in do YouTube - Incorpore a galeria de v\u00eddeos do YouTube ao site do SquareSpace<\/title>\n<meta name=\"description\" content=\"Crie uma galeria de v\u00eddeos do YouTube personalizada para o seu site Squarespace em apenas 3 minutos! Teste o editor gratuito da Elfsight para definir seu pr\u00f3prio widget do YouTube.\" \/>\n<meta name=\"robots\" content=\"index, follow, max-snippet:-1, max-image-preview:large, max-video-preview:-1\" \/>\n<link rel=\"canonical\" href=\"https:\/\/elfsight.com\/pt\/youtube-channel-plugin-yottie\/squarespace\/\" \/>\n<meta property=\"og:locale\" content=\"pt_PT\" \/>\n<meta property=\"og:type\" content=\"article\" \/>\n<meta property=\"og:title\" content=\"Plug-in do YouTube - Incorpore a galeria de v\u00eddeos do YouTube ao site do SquareSpace\" \/>\n<meta property=\"og:description\" content=\"Crie uma galeria de v\u00eddeos do YouTube personalizada para o seu site Squarespace em apenas 3 minutos! Teste o editor gratuito da Elfsight para definir seu pr\u00f3prio widget do YouTube.\" \/>\n<meta property=\"og:url\" content=\"https:\/\/elfsight.com\/pt\/youtube-channel-plugin-yottie\/squarespace\/\" \/>\n<meta property=\"og:site_name\" content=\"Elfsight PT\" \/>\n<meta property=\"article:modified_time\" content=\"2026-01-29T12:08:00+00:00\" \/>\n<meta name=\"twitter:card\" content=\"summary_large_image\" \/>\n<meta name=\"twitter:label1\" content=\"Tempo estimado de leitura\" \/>\n\t<meta name=\"twitter:data1\" content=\"4 minutos\" \/>\n<!-- \/ Yoast SEO plugin. -->","yoast_head_json":{"title":"Plug-in do YouTube - Incorpore a galeria de v\u00eddeos do YouTube ao site do SquareSpace","description":"Crie uma galeria de v\u00eddeos do YouTube personalizada para o seu site Squarespace em apenas 3 minutos! Teste o editor gratuito da Elfsight para definir seu pr\u00f3prio widget do YouTube.","robots":{"index":"index","follow":"follow","max-snippet":"max-snippet:-1","max-image-preview":"max-image-preview:large","max-video-preview":"max-video-preview:-1"},"canonical":"https:\/\/elfsight.com\/pt\/youtube-channel-plugin-yottie\/squarespace\/","og_locale":"pt_PT","og_type":"article","og_title":"Plug-in do YouTube - Incorpore a galeria de v\u00eddeos do YouTube ao site do SquareSpace","og_description":"Crie uma galeria de v\u00eddeos do YouTube personalizada para o seu site Squarespace em apenas 3 minutos! Teste o editor gratuito da Elfsight para definir seu pr\u00f3prio widget do YouTube.","og_url":"https:\/\/elfsight.com\/pt\/youtube-channel-plugin-yottie\/squarespace\/","og_site_name":"Elfsight PT","article_modified_time":"2026-01-29T12:08:00+00:00","twitter_card":"summary_large_image","twitter_misc":{"Tempo estimado de leitura":"4 minutos"},"schema":{"@context":"https:\/\/schema.org","@graph":[{"@type":"WebPage","@id":"https:\/\/elfsight.com\/pt\/youtube-channel-plugin-yottie\/squarespace\/","url":"https:\/\/elfsight.com\/pt\/youtube-channel-plugin-yottie\/squarespace\/","name":"Plug-in do YouTube - Incorpore a galeria de v\u00eddeos do YouTube ao site do SquareSpace","isPartOf":{"@id":"https:\/\/elfsight.com\/pt\/#website"},"datePublished":"2024-05-03T06:55:40+00:00","dateModified":"2026-01-29T12:08:00+00:00","description":"Crie uma galeria de v\u00eddeos do YouTube personalizada para o seu site Squarespace em apenas 3 minutos! Teste o editor gratuito da Elfsight para definir seu pr\u00f3prio widget do YouTube.","breadcrumb":{"@id":"https:\/\/elfsight.com\/pt\/youtube-channel-plugin-yottie\/squarespace\/#breadcrumb"},"inLanguage":"pt-PT","potentialAction":[{"@type":"ReadAction","target":["https:\/\/elfsight.com\/pt\/youtube-channel-plugin-yottie\/squarespace\/"]}]},{"@type":"BreadcrumbList","@id":"https:\/\/elfsight.com\/pt\/youtube-channel-plugin-yottie\/squarespace\/#breadcrumb","itemListElement":[{"@type":"ListItem","position":1,"name":"Home","item":"https:\/\/elfsight.com\/pt\/"},{"@type":"ListItem","position":2,"name":"YouTube Gallery","item":"https:\/\/elfsight.com\/pt\/youtube-channel-plugin-yottie\/"},{"@type":"ListItem","position":3,"name":"YouTube Gallery &#8211; Squarespace"}]},{"@type":"WebSite","@id":"https:\/\/elfsight.com\/pt\/#website","url":"https:\/\/elfsight.com\/pt\/","name":"Elfsight PT","description":"Just another Elfsight Sites site","potentialAction":[{"@type":"SearchAction","target":{"@type":"EntryPoint","urlTemplate":"https:\/\/elfsight.com\/pt\/?s={search_term_string}"},"query-input":{"@type":"PropertyValueSpecification","valueRequired":true,"valueName":"search_term_string"}}],"inLanguage":"pt-PT"}]}},"meta_box":{"industry":"","seo_heading":"","heading":"","description":"","cta_heading":"","cta_description":"","application":"408","h1":"Galeria de v\u00eddeos do YouTube para Squarespace","h1_caption":"Aumente o interesse do seu p\u00fablico em seu site com conte\u00fado de v\u00eddeo interessante.","application_category":[],"applications_title":"","applications_request_title":"","applications_request_button_text":"","hero_text":"","hero_video":"","hero_video_schema_markup":"","selling_points_title":"","selling_points_caption":"","selling_points":[],"selling_points_cta_text":"","features_title":"","features":"","ed_cta_examples_text":"","ed_cta_examples_hidden":"","ed_cta_demo_text":"","ed_cta_demo_hidden":"","why_caption":"","why_editor_title":"","why_editor_text":"","why_team_title":"","why_team_text":"","why_service_title":"","why_service_text":"","template_catalog_visible":"0","template_catalog_title":"","template_catalog_text":"","template_catalog_categories_visible":"","demo_title":"Crie seu plugin da Galeria do YouTube","demo_caption":"Configure sua Galeria do YouTube e adicione-a ao seu site Squarespace gratuitamente!","default_faq_hidden":"","app_template_category":[],"platform":"67","template_public_id":"","codecanyon_url":"","codecanyon_item_id":"","codecanyon_price":"","pricing_caption":"","pricing_elfsight_apps_hide_column":"","pricing_elfsight_apps_url":"","pricing_codecanyon_price_caption":"","integration_category":[],"integration_request_title":"","integration_request_cta":"","integration_platform":"","integrations":[],"platform_category":[],"video_schema_markup":"","price":"a partir de US$ 0\/m\u00eas","trial":"","benefits":[{"text":"Assist\u00eancia de instala\u00e7\u00e3o gratuita"},{"text":"Atendimento ao cliente eficaz"},{"text":"Garantia de reembolso de 14 dias"},{"text":"Melhorias ao longo da vida"}],"button_url":"#demo","button_target_blank":"0","button_nofollow":"0","attributes":[{"name":"Instala\u00e7\u00f5es","content":"100,000 - 500,000","_state":"expanded"},{"name":"Responsivo","content":"Sim","_state":"expanded"},{"name":"Navegadores compat\u00edveis","content":"Firefox, Safari, Opera, Chrome, Edge"}],"tags":[],"tags_disable_links":"0","hide_more_platforms":"0","video_object":"","demo_hide_cta":"0","demo_hide_cloud_options":"0","pricing_title":"","pricing":[{"pricing_icon":"platform","pricing_title":"Elfsight Apps","pricing_title_caption":"Software independente de plataforma adequado para qualquer site","pricing_price":"a partir de US$ 0\/m\u00eas","pricing_price_caption":"comece com plano gratuito","pricing_benefits":[{"text":"Sites ilimitados"},{"text":"Suporte profissional ao cliente e bem documentado"},{"text":"Suporte profissional ao cliente e bem documentado"},{"text":"100% personaliz\u00e1vel"}],"pricing_button_text":"Adicionar ao site","pricing_button_url":"#demo","_state":"expanded"}],"related_apps_title":"","related_apps_hidden":"1","author":"","image":[],"title":"","job":"","social_networks":[]},"_links":{"self":[{"href":"https:\/\/elfsight.com\/pt\/wp-json\/wp\/v2\/pages\/4859","targetHints":{"allow":["GET"]}}],"collection":[{"href":"https:\/\/elfsight.com\/pt\/wp-json\/wp\/v2\/pages"}],"about":[{"href":"https:\/\/elfsight.com\/pt\/wp-json\/wp\/v2\/types\/page"}],"author":[{"embeddable":true,"href":"https:\/\/elfsight.com\/pt\/wp-json\/wp\/v2\/users\/9"}],"replies":[{"embeddable":true,"href":"https:\/\/elfsight.com\/pt\/wp-json\/wp\/v2\/comments?post=4859"}],"version-history":[{"count":3,"href":"https:\/\/elfsight.com\/pt\/wp-json\/wp\/v2\/pages\/4859\/revisions"}],"predecessor-version":[{"id":15227,"href":"https:\/\/elfsight.com\/pt\/wp-json\/wp\/v2\/pages\/4859\/revisions\/15227"}],"up":[{"embeddable":true,"href":"https:\/\/elfsight.com\/pt\/wp-json\/wp\/v2\/pages\/415"}],"wp:attachment":[{"href":"https:\/\/elfsight.com\/pt\/wp-json\/wp\/v2\/media?parent=4859"}],"curies":[{"name":"wp","href":"https:\/\/api.w.org\/{rel}","templated":true}]}}