{"id":4856,"date":"1970-01-01T00:00:00","date_gmt":"1970-01-01T00:00:00","guid":{"rendered":"https:\/\/elfsight.com\/pt\/?page_id=4856"},"modified":"2024-11-13T12:12:20","modified_gmt":"2024-11-13T12:12:20","slug":"shopify","status":"publish","type":"page","link":"https:\/\/elfsight.com\/pt\/twitter-feed-widget\/shopify\/","title":{"rendered":"Twitter Feed &#8211; Shopify"},"content":{"rendered":"<div class=\"application-platform-content-item-description application-platform-content-item\" id=\"description\" data-nav-section=\"description\"><h2>Incorpore o feed do Twitter no Shopify com o widget da Elfsight<\/h2><p>Com o Elfsight Twitter Feed, voc\u00ea pode facilmente colocar o feed do Twitter ou separar Tweets em um site do Shopify. Aumente a atividade do usu\u00e1rio e aumente a confian\u00e7a do cliente, apresentando uma linha do tempo no Twitter ou exibindo tweets de depoimentos de clientes sobre suas ofertas. As maiores vantagens do feed do Twitter da Elfsight para o seu site s\u00e3o modelos predefinidos para todos os casos de uso poss\u00edveis e configura\u00e7\u00f5es variadas, juntamente com um design ajust\u00e1vel.<\/p><p><b>Eleve o envolvimento dos visitantes e a confian\u00e7a no seu site<\/b><\/p><ul><li><b>Aumente o n\u00edvel de engajamento<\/b>.<br>Mantenha o conte\u00fado mais recente de uma das m\u00eddias sociais mais aprovadas em seu site para chamar a aten\u00e7\u00e3o dos usu\u00e1rios. Obtenha maior taxa de engajamento em seu site.<\/li><li><b>Promova seu Twitter e seu site juntos<\/b>.<br>Seu site \u00e9 uma ferramenta adicional de promo\u00e7\u00e3o de seu perfil no Twitter, com retu\u00edtes e respostas apoiado no feed, enquanto maior engajamento e prova social no site podem melhorar o SEO.<\/li><li><b>Prova social forte para maior confian\u00e7a<\/b>.<br>Demonstre que voc\u00ea administra ativamente sua conta do Twitter para convencer os clientes de que seu neg\u00f3cio est\u00e1 funcionando e que voc\u00ea est\u00e1 ansioso para interagir e se aproximar de seus visitantes.<\/li><\/ul><\/div><div class=\"application-platform-content-item-features application-platform-content-item\" id=\"features\" data-nav-section=\"features\"><h2>Principais recursos do Widget Twitter Feed<\/h2><p>Os par\u00e2metros mais valiosos do nosso widget, que permitem que ele se torne uma ferramenta perfeitamente conveniente do Shopify:<\/p><ul><li>Exibir Tweets da sua pr\u00f3pria conta ou selecionar por hashtag; <\/li><li>Ocultar o cabe\u00e7alho para mostrar apenas os Tweets;<\/li><li>Bons links de visualiza\u00e7\u00e3o nos Tweets;<\/li><li>Abertura do Tweet ao clicar no s\u00edmbolo do Twitter;<\/li><li>Retweet contagem, contagem de curtidas em tweets.<\/li><\/ul><p><a href=\"#demo\">Descubra todos os recursos na demonstra\u00e7\u00e3o ao vivo<\/a><\/p><\/div><div class=\"application-platform-content-item-installation application-platform-content-item\" id=\"installation\" data-nav-section=\"installation\"><h2>Como adicionar o feed do Twitter ao site do Shopify<\/h2><div class=\"video-container\"><iframe width=\"720\" height=\"405\" src=\"https:\/\/www.youtube.com\/embed\/pr-aTiGe3A4\" frameborder=\"0\" allowfullscreen=\"\"><\/iframe><\/div><p>A instala\u00e7\u00e3o do aplicativo n\u00e3o levar\u00e1 mais de 90 segundos, al\u00e9m de voc\u00ea n\u00e3o precisar de conhecimento em Programa\u00e7\u00e3o da Web. Aqui est\u00e3o nossas breves instru\u00e7\u00f5es:<\/p><ol><li><b>Inicie nosso editor gratuito e comece a moldar seu aplicativo personalizado. <\/b><br> Escolha o layout e as caracter\u00edsticas adequadas do aplicativo e salve todas as edi\u00e7\u00f5es. <\/li> <li><b>Copie o seu c\u00f3digo exclusivo revelado na janela dos aplicativos Elfsight. <\/b><br> Logo ap\u00f3s a gera\u00e7\u00e3o do seu aplicativo pessoal, copie o c\u00f3digo exclusivo na janela que aparece e salve-o para futuras ocasi\u00f5es. <\/li> <li><b>Comece a usar o aplicativo na p\u00e1gina da Shopify. <\/b><br> Integre o c\u00f3digo copiado recentemente em seu site e salve as melhorias. <\/li> <li><b>A instala\u00e7\u00e3o foi realizada com sucesso. <\/b><br> Visite sua p\u00e1gina para dar uma olhada no funcionamento do aplicativo. <\/li><\/ol><p>Algo deu errado durante a instala\u00e7\u00e3o ou personaliza\u00e7\u00e3o? Voc\u00ea pode tentar um <a href=\"https:\/\/elfsight.com\/tutorials\/how-to-add-twitter-feed-app-to-shopify\/\" target=\"_blank\" rel=\"noopener noreferrer\">completo guia<\/a> ou deixe uma mensagem em nossa central de suporte com a descri\u00e7\u00e3o completa de sua d\u00favida. Teremos prazer em resolver o problema.<\/p><\/div><div class=\"faq\" data-component=\"FAQ\"><div class=\"faq-item\">\r\n\t\t\t\t\t<div class=\"faq-item-question\">\r\n\t\t\t\t\t\t<h3 class=\"faq-item-question-text\">Existe um m\u00e9todo para adicionar Twitter Feed ao meu site Shopify sem codifica\u00e7\u00e3o? <\/h3>\r\n\r\n\t\t\t\t\t\t<div class=\"faq-item-question-icon\"><\/div>\r\n\t\t\t\t\t<\/div>\r\n\r\n\t\t\t\t\t<div class=\"faq-item-answer\">\r\n\t\t\t\t\t\t<div class=\"faq-item-answer-text\"><p>A empresa Elfsight apresenta uma solu\u00e7\u00e3o Cloud que permite aos utilizadores estabelecerem uma sec\u00e7\u00e3o de Feed do Twitter. Verifique como \u00e9 f\u00e1cil o processo:<\/p><ul><li>V\u00e1 para o Editor ao vivo para estabelecer uma sec\u00e7\u00e3o de Feed do Twitter que voc\u00ea gostaria de integrar na p\u00e1gina inicial do Shopify.<\/li><li>Escolha um de nossos modelos predefinidos e ajuste as configura\u00e7\u00f5es do feed do Twitter, atualize seu conte\u00fado, altere o layout e as cores sem conhecimento de codifica\u00e7\u00e3o.<\/li><li>Salvar o Twitter Feed e copie o c\u00f3digo do plugin para instala\u00e7\u00e3o, que voc\u00ea pode simplesmente incluir no site do Shopify dentro de um plano gratuito.<\/li><\/ul><p>Com nosso configurador simples, cada usu\u00e1rio da web pode criar o Twitter Feed e col\u00e1-lo sem esfor\u00e7o para a p\u00e1gina inicial do Shopify. Voc\u00ea n\u00e3o deve pagar ou divulgar os dados do seu cart\u00e3o para acessar nosso servi\u00e7o. Se voc\u00ea enfrentar qualquer tipo de problema, v\u00e1 em frente e entre em contato com nosso suporte ao cliente.<\/p><\/div>\r\n\t\t\t\t\t<\/div>\r\n\t\t\t\t<\/div><\/div>","protected":false},"excerpt":{"rendered":"","protected":false},"author":9,"featured_media":0,"parent":832,"menu_order":0,"comment_status":"closed","ping_status":"closed","template":"templates\/template-application-platform.php","meta":{"publish_to_discourse":"","publish_post_category":"","wpdc_auto_publish_overridden":"","wpdc_topic_tags":"","wpdc_pin_topic":"","wpdc_pin_until":"","discourse_post_id":"","discourse_permalink":"","wpdc_publishing_response":"","wpdc_publishing_error":"","footnotes":""},"class_list":["post-4856","page","type-page","status-publish","hentry"],"yoast_head":"<!-- This site is optimized with the Yoast SEO plugin v25.3.1 - https:\/\/yoast.com\/wordpress\/plugins\/seo\/ -->\n<title>Twitter Feed - Adicionar aplicativo do Twitter ao site Shopify (2025)<\/title>\n<meta name=\"description\" content=\"Crie seu aplicativo Twitter Feed personalizado para Shopify em apenas 90 segundos. Confira uma demonstra\u00e7\u00e3o da Elfsight totalmente gratuita para facilitar a cria\u00e7\u00e3o de widgets.\" \/>\n<meta name=\"robots\" content=\"index, follow, max-snippet:-1, max-image-preview:large, max-video-preview:-1\" \/>\n<link rel=\"canonical\" href=\"https:\/\/elfsight.com\/pt\/twitter-feed-widget\/shopify\/\" \/>\n<meta property=\"og:locale\" content=\"pt_PT\" \/>\n<meta property=\"og:type\" content=\"article\" \/>\n<meta property=\"og:title\" content=\"Twitter Feed - Adicionar aplicativo do Twitter ao site Shopify (2025)\" \/>\n<meta property=\"og:description\" content=\"Crie seu aplicativo Twitter Feed personalizado para Shopify em apenas 90 segundos. Confira uma demonstra\u00e7\u00e3o da Elfsight totalmente gratuita para facilitar a cria\u00e7\u00e3o de widgets.\" \/>\n<meta property=\"og:url\" content=\"https:\/\/elfsight.com\/pt\/twitter-feed-widget\/shopify\/\" \/>\n<meta property=\"og:site_name\" content=\"Elfsight PT\" \/>\n<meta property=\"article:modified_time\" content=\"2024-11-13T12:12:20+00:00\" \/>\n<meta name=\"twitter:card\" content=\"summary_large_image\" \/>\n<meta name=\"twitter:label1\" content=\"Tempo estimado de leitura\" \/>\n\t<meta name=\"twitter:data1\" content=\"2 minutos\" \/>\n<!-- \/ Yoast SEO plugin. -->","yoast_head_json":{"title":"Twitter Feed - Adicionar aplicativo do Twitter ao site Shopify (2025)","description":"Crie seu aplicativo Twitter Feed personalizado para Shopify em apenas 90 segundos. Confira uma demonstra\u00e7\u00e3o da Elfsight totalmente gratuita para facilitar a cria\u00e7\u00e3o de widgets.","robots":{"index":"index","follow":"follow","max-snippet":"max-snippet:-1","max-image-preview":"max-image-preview:large","max-video-preview":"max-video-preview:-1"},"canonical":"https:\/\/elfsight.com\/pt\/twitter-feed-widget\/shopify\/","og_locale":"pt_PT","og_type":"article","og_title":"Twitter Feed - Adicionar aplicativo do Twitter ao site Shopify (2025)","og_description":"Crie seu aplicativo Twitter Feed personalizado para Shopify em apenas 90 segundos. Confira uma demonstra\u00e7\u00e3o da Elfsight totalmente gratuita para facilitar a cria\u00e7\u00e3o de widgets.","og_url":"https:\/\/elfsight.com\/pt\/twitter-feed-widget\/shopify\/","og_site_name":"Elfsight PT","article_modified_time":"2024-11-13T12:12:20+00:00","twitter_card":"summary_large_image","twitter_misc":{"Tempo estimado de leitura":"2 minutos"},"schema":{"@context":"https:\/\/schema.org","@graph":[{"@type":"WebPage","@id":"https:\/\/elfsight.com\/pt\/twitter-feed-widget\/shopify\/","url":"https:\/\/elfsight.com\/pt\/twitter-feed-widget\/shopify\/","name":"Twitter Feed - Adicionar aplicativo do Twitter ao site Shopify (2025)","isPartOf":{"@id":"https:\/\/elfsight.com\/pt\/#website"},"datePublished":"1970-01-01T00:00:00+00:00","dateModified":"2024-11-13T12:12:20+00:00","description":"Crie seu aplicativo Twitter Feed personalizado para Shopify em apenas 90 segundos. Confira uma demonstra\u00e7\u00e3o da Elfsight totalmente gratuita para facilitar a cria\u00e7\u00e3o de widgets.","breadcrumb":{"@id":"https:\/\/elfsight.com\/pt\/twitter-feed-widget\/shopify\/#breadcrumb"},"inLanguage":"pt-PT","potentialAction":[{"@type":"ReadAction","target":["https:\/\/elfsight.com\/pt\/twitter-feed-widget\/shopify\/"]}]},{"@type":"BreadcrumbList","@id":"https:\/\/elfsight.com\/pt\/twitter-feed-widget\/shopify\/#breadcrumb","itemListElement":[{"@type":"ListItem","position":1,"name":"Home","item":"https:\/\/elfsight.com\/pt\/"},{"@type":"ListItem","position":2,"name":"Twitter Feed","item":"https:\/\/elfsight.com\/pt\/twitter-feed-widget\/"},{"@type":"ListItem","position":3,"name":"Twitter Feed &#8211; Shopify"}]},{"@type":"WebSite","@id":"https:\/\/elfsight.com\/pt\/#website","url":"https:\/\/elfsight.com\/pt\/","name":"Elfsight PT","description":"Just another Elfsight Sites site","potentialAction":[{"@type":"SearchAction","target":{"@type":"EntryPoint","urlTemplate":"https:\/\/elfsight.com\/pt\/?s={search_term_string}"},"query-input":{"@type":"PropertyValueSpecification","valueRequired":true,"valueName":"search_term_string"}}],"inLanguage":"pt-PT"}]}},"meta_box":{"industry":"","seo_heading":"","heading":"","description":"","cta_heading":"","cta_description":"","application":"831","h1":"Aplicativo Twitter Feed para Shopify","h1_caption":"A melhor maneira de incorporar Tweets em seu site","application_category":[],"applications_title":"","applications_request_title":"","applications_request_button_text":"","hero_text":"","hero_video":"","hero_video_schema_markup":"","selling_points_title":"","selling_points_caption":"","selling_points":[],"selling_points_cta_text":"","features_title":"","features":"","ed_cta_examples_text":"","ed_cta_examples_hidden":"","ed_cta_demo_text":"","ed_cta_demo_hidden":"","why_caption":"","why_editor_title":"","why_editor_text":"","why_team_title":"","why_team_text":"","why_service_title":"","why_service_text":"","template_catalog_visible":"","template_catalog_title":"","template_catalog_text":"","template_catalog_categories_visible":"","demo_title":"Crie seu aplicativo de feed do Twitter","demo_caption":"Configure seu feed do Twitter e adicione-o ao seu site Shopify gratuitamente!","default_faq_hidden":"","app_template_category":[],"platform":"64","template_public_id":"","codecanyon_url":"","codecanyon_item_id":"","codecanyon_price":"","pricing_caption":"","pricing_elfsight_apps_hide_column":"","pricing_elfsight_apps_url":"","pricing_codecanyon_price_caption":"","integration_category":[],"integration_request_title":"","integration_request_cta":"","integration_platform":"","integrations":[],"platform_category":[],"video_schema_markup":"","price":"a partir de US$ 0\/m\u00eas","trial":"","benefits":[{"text":"Servi\u00e7o de instala\u00e7\u00e3o gratuito"},{"text":"Suporte premium"},{"text":"Garantia de devolu\u00e7\u00e3o do dinheiro em 14 dias"},{"text":"Atualiza\u00e7\u00f5es gratuitas cont\u00ednuas"}],"button_url":"#demo","button_target_blank":"0","button_nofollow":"0","attributes":[{"name":"Instala\u00e7\u00f5es","content":"10,000 - 100,000","_state":"expanded"},{"name":"Responsivo","content":"Sim","_state":"expanded"},{"name":"Navegadores compat\u00edveis","content":"Firefox, Safari, Opera, Chrome, Edge"}],"tags":[],"tags_disable_links":"0","hide_more_platforms":"","video_object":"","demo_hide_cta":"0","demo_hide_cloud_options":"0","pricing_title":"","pricing":[{"pricing_icon":"cloud","pricing_title":"Elfsight Apps","pricing_title_caption":"Vers\u00e3o multiplataforma que funciona em qualquer site","pricing_price":"a partir de US$ 0\/m\u00eas","pricing_price_caption":"comece com plano gratuito","pricing_benefits":[{"text":"Sites ilimitados"},{"text":"Suporte premium"},{"text":"Suporte premium"},{"text":"Oferta especial para v\u00e1rios aplicativos"}],"pricing_button_text":"Adicionar ao site","pricing_button_url":"#demo","_state":"expanded"}],"related_apps_title":"","related_apps_hidden":"1","author":"","image":[],"title":"","job":"","social_networks":[]},"_links":{"self":[{"href":"https:\/\/elfsight.com\/pt\/wp-json\/wp\/v2\/pages\/4856","targetHints":{"allow":["GET"]}}],"collection":[{"href":"https:\/\/elfsight.com\/pt\/wp-json\/wp\/v2\/pages"}],"about":[{"href":"https:\/\/elfsight.com\/pt\/wp-json\/wp\/v2\/types\/page"}],"author":[{"embeddable":true,"href":"https:\/\/elfsight.com\/pt\/wp-json\/wp\/v2\/users\/9"}],"replies":[{"embeddable":true,"href":"https:\/\/elfsight.com\/pt\/wp-json\/wp\/v2\/comments?post=4856"}],"version-history":[{"count":2,"href":"https:\/\/elfsight.com\/pt\/wp-json\/wp\/v2\/pages\/4856\/revisions"}],"predecessor-version":[{"id":12358,"href":"https:\/\/elfsight.com\/pt\/wp-json\/wp\/v2\/pages\/4856\/revisions\/12358"}],"up":[{"embeddable":true,"href":"https:\/\/elfsight.com\/pt\/wp-json\/wp\/v2\/pages\/832"}],"wp:attachment":[{"href":"https:\/\/elfsight.com\/pt\/wp-json\/wp\/v2\/media?parent=4856"}],"curies":[{"name":"wp","href":"https:\/\/api.w.org\/{rel}","templated":true}]}}