{"id":4854,"date":"1970-01-01T00:00:00","date_gmt":"1970-01-01T00:00:00","guid":{"rendered":"https:\/\/elfsight.com\/pt\/?page_id=4854"},"modified":"2024-11-13T12:08:45","modified_gmt":"2024-11-13T12:08:45","slug":"shopify","status":"publish","type":"page","link":"https:\/\/elfsight.com\/pt\/whatsapp-chat-widget\/shopify\/","title":{"rendered":"Whatsapp Chat &#8211; Shopify"},"content":{"rendered":"<div class=\"application-platform-content-item-description application-platform-content-item\" id=\"description\" data-nav-section=\"description\"> <h2>Incorpore o bate-papo do WhatsApp com o widget da Elfsight<\/h2> <p>O aplicativo WhatsApp da Elfsight \u00e9 a ferramenta mais f\u00e1cil para os visitantes do seu site enviarem uma mensagem para voc\u00ea e obter respostas \u00e0s suas perguntas. Fique \u00e0 disposi\u00e7\u00e3o dos visitantes sem parar em um dos mensageiros mais confort\u00e1veis. Incorpore o chat em seu site e escolha-o para aparecer em p\u00e1ginas espec\u00edficas ou para grupos selecionados de usu\u00e1rios; definir gatilhos de in\u00edcio de chat; escreva sua mensagem de boas-vindas exclusiva; escolha \u00edcones e muito mais. Usando o chat do Shopify, voc\u00ea manter\u00e1 contato com seus clientes a qualquer hora e de qualquer lugar. <\/p> <\/div> <div class=\"application-platform-content-item-features application-platform-content-item\" id=\"features\" data-nav-section=\"features\"> <h2>Principais recursos do aplicativo WhatsApp Chat<\/h2> <p>Projetamos nosso WhatsApp para Shopify para atender \u00e0s necessidades de neg\u00f3cios de maneira f\u00e1cil de usar. Para entender melhor, veja a lista das funcionalidades mais importantes do nosso chat online do Shopify. Eles tornam isso incrivelmente ben\u00e9fico para sua loja:<\/p> <ul><li>Adicione o WhatsApp Messenger em seu site para ficar sempre dispon\u00edvel para as pessoas; <\/li><li>Continue conversando diretamente da sua conta do WhatsApp; <\/li><li>Selecione um dos tr\u00eas tipos de local de bate-papo: como um bal\u00e3o flutuante, como um bal\u00e3o incorporado e como uma janela de bate-papo incorporada; <\/li><li> Selecione sua variante de \u00edcone de bolha em nossa cole\u00e7\u00e3o; <\/li><li>Texto de bal\u00e3o edit\u00e1vel.<\/li><\/ul><p><a href=\"#demo\">Nossa demonstra\u00e7\u00e3o revelar\u00e1 mais recursos para voc\u00ea<\/a><\/p> <\/div> <div class=\"application-platform-content-item-installation application-platform-content-item\" id=\"installation\" data-nav-section=\"installation\"> <h2>Como adicionar o aplicativo Live Chat ao seu site do Shopify<\/h2><div class=\"video-container\"><iframe width=\"720\" height=\"405\" src=\"https:\/\/www.youtube.com\/embed\/jwkk4sS8hjI\" frameborder=\"0\" allowfullscreen=\"\"><\/iframe><\/div><p>As a\u00e7\u00f5es a seguir s\u00e3o a \u00fanica coisa que voc\u00ea precisa fazer para ter sucesso integra\u00e7\u00e3o. <\/p> <ol><li><b>Utilize nosso editor gratuito e comece a criar seu aplicativo personalizado. <\/b><br> Determine a organiza\u00e7\u00e3o e funcionalidade preferidas do aplicativo e aplique todas as modifica\u00e7\u00f5es. <\/li> <li><b>Obtenha o c\u00f3digo pessoal que aparece na caixa dos aplicativos Elfsight. <\/b><br> Assim que a gera\u00e7\u00e3o do seu aplicativo pessoal for conclu\u00edda, copie o c\u00f3digo individual na caixa que surgiu e salve-o para uso futuro. <\/li> <li><b>Comece a usar o aplicativo no seu site da Shopify. <\/b><br> Insira o c\u00f3digo que voc\u00ea copiou recentemente em sua p\u00e1gina web e aplique as melhorias. <\/li> <li><b>Pronto! A incorpora\u00e7\u00e3o est\u00e1 totalmente realizada. <\/b><br> Acesse sua p\u00e1gina da web para ver como o aplicativo est\u00e1 funcionando. <\/li><\/ol><p>Ainda n\u00e3o consegue tomar uma decis\u00e3o? Ou tem d\u00favidas sobre nosso WhatsApp para Shopify e sua integra\u00e7\u00e3o? Basta enviar uma solicita\u00e7\u00e3o ao nosso suporte ao cliente que o ajudar\u00e1 em todos os assuntos. Caso contr\u00e1rio, voc\u00ea pode ler um artigo em <a href=\"https:\/\/elfsight.com\/blog\/how-to-add-whatsapp-chat-to-shopify-for-free\/\" target=\"_blank\" rel=\"noopener\">adicionando o bate-papo do WhatsApp ao Shopify<\/a>.<\/p> <\/div><div class=\"faq\" data-component=\"FAQ\"> <div class=\"faq-item\">\r\n\t\t\t\t\t<div class=\"faq-item-question\">\r\n\t\t\t\t\t\t<h3 class=\"faq-item-question-text\">Onde posso publicar o widget<\/h3>\r\n\r\n\t\t\t\t\t\t<div class=\"faq-item-question-icon\"><\/div>\r\n\t\t\t\t\t<\/div>\r\n\r\n\t\t\t\t\t<div class=\"faq-item-answer\">\r\n\t\t\t\t\t\t<div class=\"faq-item-answer-text\"> <p>O widget pode ser colado em todas as p\u00e1ginas do seu site ou apenas para as p\u00e1ginas que voc\u00ea escolher. Voc\u00ea tamb\u00e9m pode excluir certas p\u00e1ginas se quiser sem o chat ao vivo. <\/p> <\/div>\r\n\t\t\t\t\t<\/div>\r\n\t\t\t\t<\/div> <div class=\"faq-item\">\r\n\t\t\t\t\t<div class=\"faq-item-question\">\r\n\t\t\t\t\t\t<h3 class=\"faq-item-question-text\">Quais vantagens isso me trar\u00e1 para os clientes?<\/h3>\r\n\r\n\t\t\t\t\t\t<div class=\"faq-item-question-icon\"><\/div>\r\n\t\t\t\t\t<\/div>\r\n\r\n\t\t\t\t\t<div class=\"faq-item-answer\">\r\n\t\t\t\t\t\t<div class=\"faq-item-answer-text\"> <p>O widget ajudar\u00e1 mais clientes a abordar voc\u00ea com suas d\u00favidas, solicita\u00e7\u00f5es ou problemas. Isso pode ajudar a aumentar o n\u00famero de leads e compras. Al\u00e9m disso, uma resposta r\u00e1pida e uma abordagem pessoal aumentar\u00e3o o n\u00edvel de suporte ao cliente. <\/p> <\/div>\r\n\t\t\t\t\t<\/div>\r\n\t\t\t\t<\/div> <div class=\"faq-item\">\r\n\t\t\t\t\t<div class=\"faq-item-question\">\r\n\t\t\t\t\t\t<h3 class=\"faq-item-question-text\">Como o widget pode influenciar as taxas do meu site?<\/h3>\r\n\r\n\t\t\t\t\t\t<div class=\"faq-item-question-icon\"><\/div>\r\n\t\t\t\t\t<\/div>\r\n\r\n\t\t\t\t\t<div class=\"faq-item-answer\">\r\n\t\t\t\t\t\t<div class=\"faq-item-answer-text\"> <p>Se voc\u00ea optar por adicionar um bot\u00e3o do WhatsApp ao seu site da Shopify, essa a\u00e7\u00e3o poder\u00e1 melhorar o desempenho do seu site em um curto espa\u00e7o de tempo. tempo. Nossa integra\u00e7\u00e3o Shopify WhatsApp existe para trazer mudan\u00e7as positivas no seu trabalho com o p\u00fablico. Depois de adicionar o bot\u00e3o do WhatsApp ao seu site, voc\u00ea poder\u00e1 escolher quem o ver\u00e1. E ao us\u00e1-lo, voc\u00ea fornecer\u00e1 facilmente qualquer tipo de ajuda aos visitantes do seu site &#8211; desde suporte ao cliente at\u00e9 palestras comuns. Com o bot\u00e3o de bate-papo do WhatsApp no \u200b\u200bseu site do Shopify, voc\u00ea definitivamente ter\u00e1 a oportunidade de impulsionar seus neg\u00f3cios instantaneamente.<\/p> <\/div>\r\n\t\t\t\t\t<\/div>\r\n\t\t\t\t<\/div> <div class=\"faq-item\">\r\n\t\t\t\t\t<div class=\"faq-item-question\">\r\n\t\t\t\t\t\t<h3 class=\"faq-item-question-text\">Qu\u00e3o dif\u00edcil \u00e9 personalizar o widget e adapt\u00e1-lo \u00e0s minhas necessidades ?<\/h3>\r\n\r\n\t\t\t\t\t\t<div class=\"faq-item-question-icon\"><\/div>\r\n\t\t\t\t\t<\/div>\r\n\r\n\t\t\t\t\t<div class=\"faq-item-answer\">\r\n\t\t\t\t\t\t<div class=\"faq-item-answer-text\"> <p>Nosso aplicativo de bate-papo do Shopify \u00e9 f\u00e1cil de personalizar, o que \u00e9 uma boa not\u00edcia para o seu neg\u00f3cio. Isso significa que voc\u00ea pode criar facilmente o aplicativo que mais combina com voc\u00ea em termos de estilo. Tendo em mente que voc\u00ea pode reinventar totalmente a apar\u00eancia do plugin Shopify WhatsApp, ele certamente se tornar\u00e1 uma parte insepar\u00e1vel do design geral do seu site. S\u00f3 falta voc\u00ea come\u00e7ar a construir seu plugin e ver\u00e1 como ele se tornar\u00e1 uma parte essencial do seu neg\u00f3cio. E muitas outras op\u00e7\u00f5es podem ajud\u00e1-lo a adequ\u00e1-lo apenas aos seus objetivos de neg\u00f3cios, sem mexer com recursos que voc\u00ea realmente n\u00e3o precisa.<\/p><\/div>\r\n\t\t\t\t\t<\/div>\r\n\t\t\t\t<\/div><\/div>","protected":false},"excerpt":{"rendered":"","protected":false},"author":9,"featured_media":0,"parent":347,"menu_order":0,"comment_status":"closed","ping_status":"closed","template":"templates\/template-application-platform.php","meta":{"publish_to_discourse":"","publish_post_category":"","wpdc_auto_publish_overridden":"","wpdc_topic_tags":"","wpdc_pin_topic":"","wpdc_pin_until":"","discourse_post_id":"","discourse_permalink":"","wpdc_publishing_response":"","wpdc_publishing_error":"","footnotes":""},"class_list":["post-4854","page","type-page","status-publish","hentry"],"yoast_head":"<!-- This site is optimized with the Yoast SEO plugin v25.3.1 - https:\/\/yoast.com\/wordpress\/plugins\/seo\/ -->\n<title>Shopify Whatsapp Chat - Adicionar Whatsapp ao site do Shopify [2025]<\/title>\n<meta name=\"description\" content=\"Adicione o Whatsapp ao site Shopify gratuitamente. Explore o melhor widget de chat para f\u00e1cil integra\u00e7\u00e3o do WhatsApp com o Shopify.\" \/>\n<meta name=\"robots\" content=\"index, follow, max-snippet:-1, max-image-preview:large, max-video-preview:-1\" \/>\n<link rel=\"canonical\" href=\"https:\/\/elfsight.com\/pt\/whatsapp-chat-widget\/shopify\/\" \/>\n<meta property=\"og:locale\" content=\"pt_PT\" \/>\n<meta property=\"og:type\" content=\"article\" \/>\n<meta property=\"og:title\" content=\"Shopify Whatsapp Chat - Adicionar Whatsapp ao site do Shopify [2025]\" \/>\n<meta property=\"og:description\" content=\"Adicione o Whatsapp ao site Shopify gratuitamente. Explore o melhor widget de chat para f\u00e1cil integra\u00e7\u00e3o do WhatsApp com o Shopify.\" \/>\n<meta property=\"og:url\" content=\"https:\/\/elfsight.com\/pt\/whatsapp-chat-widget\/shopify\/\" \/>\n<meta property=\"og:site_name\" content=\"Elfsight PT\" \/>\n<meta property=\"article:modified_time\" content=\"2024-11-13T12:08:45+00:00\" \/>\n<meta name=\"twitter:card\" content=\"summary_large_image\" \/>\n<meta name=\"twitter:label1\" content=\"Tempo estimado de leitura\" \/>\n\t<meta name=\"twitter:data1\" content=\"5 minutos\" \/>\n<!-- \/ Yoast SEO plugin. -->","yoast_head_json":{"title":"Shopify Whatsapp Chat - Adicionar Whatsapp ao site do Shopify [2025]","description":"Adicione o Whatsapp ao site Shopify gratuitamente. Explore o melhor widget de chat para f\u00e1cil integra\u00e7\u00e3o do WhatsApp com o Shopify.","robots":{"index":"index","follow":"follow","max-snippet":"max-snippet:-1","max-image-preview":"max-image-preview:large","max-video-preview":"max-video-preview:-1"},"canonical":"https:\/\/elfsight.com\/pt\/whatsapp-chat-widget\/shopify\/","og_locale":"pt_PT","og_type":"article","og_title":"Shopify Whatsapp Chat - Adicionar Whatsapp ao site do Shopify [2025]","og_description":"Adicione o Whatsapp ao site Shopify gratuitamente. Explore o melhor widget de chat para f\u00e1cil integra\u00e7\u00e3o do WhatsApp com o Shopify.","og_url":"https:\/\/elfsight.com\/pt\/whatsapp-chat-widget\/shopify\/","og_site_name":"Elfsight PT","article_modified_time":"2024-11-13T12:08:45+00:00","twitter_card":"summary_large_image","twitter_misc":{"Tempo estimado de leitura":"5 minutos"},"schema":{"@context":"https:\/\/schema.org","@graph":[{"@type":"WebPage","@id":"https:\/\/elfsight.com\/pt\/whatsapp-chat-widget\/shopify\/","url":"https:\/\/elfsight.com\/pt\/whatsapp-chat-widget\/shopify\/","name":"Shopify Whatsapp Chat - Adicionar Whatsapp ao site do Shopify [2025]","isPartOf":{"@id":"https:\/\/elfsight.com\/pt\/#website"},"datePublished":"1970-01-01T00:00:00+00:00","dateModified":"2024-11-13T12:08:45+00:00","description":"Adicione o Whatsapp ao site Shopify gratuitamente. Explore o melhor widget de chat para f\u00e1cil integra\u00e7\u00e3o do WhatsApp com o Shopify.","breadcrumb":{"@id":"https:\/\/elfsight.com\/pt\/whatsapp-chat-widget\/shopify\/#breadcrumb"},"inLanguage":"pt-PT","potentialAction":[{"@type":"ReadAction","target":["https:\/\/elfsight.com\/pt\/whatsapp-chat-widget\/shopify\/"]}]},{"@type":"BreadcrumbList","@id":"https:\/\/elfsight.com\/pt\/whatsapp-chat-widget\/shopify\/#breadcrumb","itemListElement":[{"@type":"ListItem","position":1,"name":"Home","item":"https:\/\/elfsight.com\/pt\/"},{"@type":"ListItem","position":2,"name":"WhatsApp Chat","item":"https:\/\/elfsight.com\/pt\/whatsapp-chat-widget\/"},{"@type":"ListItem","position":3,"name":"Whatsapp Chat &#8211; Shopify"}]},{"@type":"WebSite","@id":"https:\/\/elfsight.com\/pt\/#website","url":"https:\/\/elfsight.com\/pt\/","name":"Elfsight PT","description":"Just another Elfsight Sites site","potentialAction":[{"@type":"SearchAction","target":{"@type":"EntryPoint","urlTemplate":"https:\/\/elfsight.com\/pt\/?s={search_term_string}"},"query-input":{"@type":"PropertyValueSpecification","valueRequired":true,"valueName":"search_term_string"}}],"inLanguage":"pt-PT"}]}},"meta_box":{"industry":"","seo_heading":"","heading":"","description":"","cta_heading":"","cta_description":"","application":"340","h1":"Aplicativo Shopify Whatsapp Live Chat","h1_caption":"A ferramenta de comunica\u00e7\u00e3o mais f\u00e1cil para os clientes do seu site","application_category":[],"applications_title":"","applications_request_title":"","applications_request_button_text":"","hero_text":"","hero_video":"","hero_video_schema_markup":"","selling_points_title":"","selling_points_caption":"","selling_points":[],"selling_points_cta_text":"","features_title":"","features":"","ed_cta_examples_text":"","ed_cta_examples_hidden":"","ed_cta_demo_text":"","ed_cta_demo_hidden":"","why_caption":"","why_editor_title":"","why_editor_text":"","why_team_title":"","why_team_text":"","why_service_title":"","why_service_text":"","template_catalog_visible":"0","template_catalog_title":"","template_catalog_text":"","template_catalog_categories_visible":"","demo_title":"Crie seu aplicativo Whatsapp Chat","demo_caption":"Configure seu Whatsapp Chat e adicione-o ao seu site Shopify gratuitamente!","default_faq_hidden":"","app_template_category":[],"platform":"64","template_public_id":"","codecanyon_url":"","codecanyon_item_id":"","codecanyon_price":"","pricing_caption":"","pricing_elfsight_apps_hide_column":"","pricing_elfsight_apps_url":"","pricing_codecanyon_price_caption":"","integration_category":[],"integration_request_title":"","integration_request_cta":"","integration_platform":"","integrations":[],"platform_category":[],"video_schema_markup":"","price":"a partir de US$ 0\/m\u00eas","trial":"","benefits":[{"text":"Servi\u00e7o de instala\u00e7\u00e3o gratuito"},{"text":"Suporte premium"},{"text":"Garantia de devolu\u00e7\u00e3o do dinheiro em 14 dias"},{"text":"Atualiza\u00e7\u00f5es gratuitas cont\u00ednuas"}],"button_url":"#demo","button_target_blank":"0","button_nofollow":"0","attributes":[{"name":"Instala\u00e7\u00f5es","content":"100,000 - 500,000","_state":"expanded"},{"name":"Responsivo","content":"Sim","_state":"expanded"},{"name":"Navegadores compat\u00edveis","content":"Firefox, Safari, Opera, Chrome, Edge"}],"tags":[],"tags_disable_links":"0","hide_more_platforms":"","video_object":"","demo_hide_cta":"0","demo_hide_cloud_options":"0","pricing_title":"","pricing":[{"pricing_icon":"cloud","pricing_title":"Elfsight Apps","pricing_title_caption":"Vers\u00e3o multiplataforma que funciona em qualquer site","pricing_price":"a partir de US$ 0\/m\u00eas","pricing_price_caption":"comece com plano gratuito","pricing_benefits":[{"text":"Sites ilimitados"},{"text":"Suporte premium"},{"text":"Suporte premium"},{"text":"Oferta especial para v\u00e1rios aplicativos"}],"pricing_button_text":"Adicionar ao site","pricing_button_url":"#demo","_state":"expanded"}],"related_apps_title":"","related_apps_hidden":"1","author":"","image":[],"title":"","job":"","social_networks":[]},"_links":{"self":[{"href":"https:\/\/elfsight.com\/pt\/wp-json\/wp\/v2\/pages\/4854","targetHints":{"allow":["GET"]}}],"collection":[{"href":"https:\/\/elfsight.com\/pt\/wp-json\/wp\/v2\/pages"}],"about":[{"href":"https:\/\/elfsight.com\/pt\/wp-json\/wp\/v2\/types\/page"}],"author":[{"embeddable":true,"href":"https:\/\/elfsight.com\/pt\/wp-json\/wp\/v2\/users\/9"}],"replies":[{"embeddable":true,"href":"https:\/\/elfsight.com\/pt\/wp-json\/wp\/v2\/comments?post=4854"}],"version-history":[{"count":3,"href":"https:\/\/elfsight.com\/pt\/wp-json\/wp\/v2\/pages\/4854\/revisions"}],"predecessor-version":[{"id":12656,"href":"https:\/\/elfsight.com\/pt\/wp-json\/wp\/v2\/pages\/4854\/revisions\/12656"}],"up":[{"embeddable":true,"href":"https:\/\/elfsight.com\/pt\/wp-json\/wp\/v2\/pages\/347"}],"wp:attachment":[{"href":"https:\/\/elfsight.com\/pt\/wp-json\/wp\/v2\/media?parent=4854"}],"curies":[{"name":"wp","href":"https:\/\/api.w.org\/{rel}","templated":true}]}}