{"id":4847,"date":"1970-01-01T00:00:00","date_gmt":"1970-01-01T00:00:00","guid":{"rendered":"https:\/\/elfsight.com\/pt\/?page_id=4847"},"modified":"2025-02-10T06:53:59","modified_gmt":"2025-02-10T06:53:59","slug":"opencart","status":"publish","type":"page","link":"https:\/\/elfsight.com\/pt\/youtube-channel-plugin-yottie\/opencart\/","title":{"rendered":"YouTube Gallery &#8211; OpenCart"},"content":{"rendered":"\n<div class=\"application-platform-content-item-description application-platform-content-item\" id=\"description\" data-nav-section=\"description\"><h2>Descri\u00e7\u00e3o<\/h2><p>Um widget poderoso para o YouTube, que ajuda a adicionar uma variedade de v\u00eddeos ao seu site. Encontre canais e videoclipes relacionados a neg\u00f3cios ou entretenimento para criar sua playlist perfeita. Mostre direto na p\u00e1gina usando o layout mais adequado (galeria de v\u00eddeos, portf\u00f3lio, canal, v\u00eddeo \u00fanico). O widget Elfsight \u00e9 adapt\u00e1vel a todos os gadgets e navegadores; inclui cerca de 100 par\u00e2metros, modelo personaliz\u00e1vel e muitas qualidades diferentes, que ajudam a exibi-lo em cada site.<\/p><p><b>Gere uma galeria de v\u00eddeos individual eficaz para entreter e atrair clientes.<\/b><\/p><ul><li><b>Tenha uma intera\u00e7\u00e3o eficaz com os visitantes do seu site usando v\u00eddeos do YouTube<\/b>.<br>Surpreenda o p\u00fablico do seu site com v\u00eddeos fascinantes do YouTube e fa\u00e7a com que eles permane\u00e7am envolvidos por mais tempo do que nunca.<\/li><li><b>Deixe que o conte\u00fado certo do YouTube ajude voc\u00ea a promover seus produtos<\/b>.<br>Enrique\u00e7a o conte\u00fado do seu site com v\u00eddeos anal\u00edticos, tutoriais, vis\u00f5es gerais e muito mais, para mostrar aos usu\u00e1rios o qu\u00e3o atraentes e populares s\u00e3o seus produtos s\u00e3o e deixe-os dar mais um passo para comprar.<\/li><li><b>Maximize o n\u00famero de inscritos em seu canal do YouTube<\/b>.<br>Transforme os visitantes do site em seu p\u00fablico no YouTube. Mostre aos seus clientes uma maneira f\u00e1cil e r\u00e1pida de assistir seus v\u00eddeos e se tornarem seus assinantes.<\/li><\/ul><\/div><div class=\"application-platform-content-item-features application-platform-content-item\" id=\"features\" data-nav-section=\"features\"><h2>Recursos<\/h2><p>Obrigado a Com essas caracter\u00edsticas incr\u00edveis, o widget Elfsight \u00e9 o melhor m\u00e9todo para adicionar v\u00eddeos do YouTube em uma p\u00e1gina OpenCart.<\/p><ul><li>Adicionar fontes por URL;<\/li><li>8 elementos altern\u00e1veis \u200b\u200bdo cabe\u00e7alho;<\/li><li>8 elementos altern\u00e1veis \u200b\u200bdo cabe\u00e7alho;<\/li><li>Definir espa\u00e7o entre os v\u00eddeos;<\/li><li>Contagem de visualiza\u00e7\u00f5es e curtidas nos v\u00eddeos;<\/li><li>Op\u00e7\u00f5es de controle de navega\u00e7\u00e3o: setas, rolar, arrastar;<\/li><li>8 pint\u00e1veis elementos de cabe\u00e7alho;<\/li><li>Tempo de cache ajust\u00e1vel.<\/li><\/ul><p><a href=\"#demo\">Conhe\u00e7a todas as op\u00e7\u00f5es do editor<\/a><\/p><\/div><div class=\"application-platform-content-item-installation application-platform-content-item\" id=\"installation\" data-nav-section=\"installation\"><h2>Como adicionar a Galeria do YouTube ao site OpenCart<\/h2><p>Basta seguir estas etapas abaixo para ativar o widget no OpenCart.<\/p> <ol><li><b>Abra nosso configurador gratuito e comece a moldar seu widget exclusivo. <\/b><br> Encontre o layout e as caracter\u00edsticas desej\u00e1veis \u200b\u200bda ferramenta e aplique as modifica\u00e7\u00f5es. <\/li> <li><b>Obtenha o c\u00f3digo pessoal que aparece no formul\u00e1rio especial nas aplica\u00e7\u00f5es Elfsight. <\/b><br> Logo ap\u00f3s a configura\u00e7\u00e3o do seu widget pessoal do YouTube, copie o c\u00f3digo pessoal na caixa que aparece e guarde-o para uso posterior. <\/li> <li><b>Comece a usar a extens\u00e3o no site OpenCart. <\/b><br> Coloque o c\u00f3digo copiado recentemente em seu site e salve os ajustes. <\/li> <li><b>A instala\u00e7\u00e3o foi totalmente realizada. <\/b><br> Acesse sua p\u00e1gina para ver o funcionamento da extens\u00e3o. <\/li><\/ol> <p>Est\u00e1 enfrentando dificuldades para configurar ou personalizar a Galeria do YouTube? Leia um tutorial detalhado \u00ab<a href=\"https:\/\/elfsight.com\/tutorials\/how-to-add-youtube-video-module-to-opencart\/\" target=\"_blank\" rel=\"noopener noreferrer\">Como para exibir o YouTube no OpenCart<\/a>\u00bb e experimente voc\u00ea mesmo mais uma vez.<\/p><\/div>\n","protected":false},"excerpt":{"rendered":"","protected":false},"author":9,"featured_media":0,"parent":415,"menu_order":0,"comment_status":"closed","ping_status":"closed","template":"templates\/template-application-platform.php","meta":{"publish_to_discourse":"","publish_post_category":"","wpdc_auto_publish_overridden":"","wpdc_topic_tags":"","wpdc_pin_topic":"","wpdc_pin_until":"","discourse_post_id":"","discourse_permalink":"","wpdc_publishing_response":"","wpdc_publishing_error":"","footnotes":""},"class_list":["post-4847","page","type-page","status-publish","hentry"],"yoast_head":"<!-- This site is optimized with the Yoast SEO plugin v25.3.1 - https:\/\/yoast.com\/wordpress\/plugins\/seo\/ -->\n<title>Galeria de v\u00eddeos do YouTube - Adicione extens\u00e3o do YouTube ao site OpenCart<\/title>\n<meta name=\"description\" content=\"Crie sua galeria de v\u00eddeos do YouTube exclusiva para o site OpenCart em apenas 3 minutos! Experimente o editor gratuito da Elfsight para definir seu widget personalizado do YouTube.\" \/>\n<meta name=\"robots\" content=\"index, follow, max-snippet:-1, max-image-preview:large, max-video-preview:-1\" \/>\n<link rel=\"canonical\" href=\"https:\/\/elfsight.com\/pt\/youtube-channel-plugin-yottie\/opencart\/\" \/>\n<meta property=\"og:locale\" content=\"pt_PT\" \/>\n<meta property=\"og:type\" content=\"article\" \/>\n<meta property=\"og:title\" content=\"Galeria de v\u00eddeos do YouTube - Adicione extens\u00e3o do YouTube ao site OpenCart\" \/>\n<meta property=\"og:description\" content=\"Crie sua galeria de v\u00eddeos do YouTube exclusiva para o site OpenCart em apenas 3 minutos! Experimente o editor gratuito da Elfsight para definir seu widget personalizado do YouTube.\" \/>\n<meta property=\"og:url\" content=\"https:\/\/elfsight.com\/pt\/youtube-channel-plugin-yottie\/opencart\/\" \/>\n<meta property=\"og:site_name\" content=\"Elfsight PT\" \/>\n<meta property=\"article:modified_time\" content=\"2025-02-10T06:53:59+00:00\" \/>\n<meta name=\"twitter:card\" content=\"summary_large_image\" \/>\n<meta name=\"twitter:label1\" content=\"Tempo estimado de leitura\" \/>\n\t<meta name=\"twitter:data1\" content=\"3 minutos\" \/>\n<!-- \/ Yoast SEO plugin. -->","yoast_head_json":{"title":"Galeria de v\u00eddeos do YouTube - Adicione extens\u00e3o do YouTube ao site OpenCart","description":"Crie sua galeria de v\u00eddeos do YouTube exclusiva para o site OpenCart em apenas 3 minutos! Experimente o editor gratuito da Elfsight para definir seu widget personalizado do YouTube.","robots":{"index":"index","follow":"follow","max-snippet":"max-snippet:-1","max-image-preview":"max-image-preview:large","max-video-preview":"max-video-preview:-1"},"canonical":"https:\/\/elfsight.com\/pt\/youtube-channel-plugin-yottie\/opencart\/","og_locale":"pt_PT","og_type":"article","og_title":"Galeria de v\u00eddeos do YouTube - Adicione extens\u00e3o do YouTube ao site OpenCart","og_description":"Crie sua galeria de v\u00eddeos do YouTube exclusiva para o site OpenCart em apenas 3 minutos! Experimente o editor gratuito da Elfsight para definir seu widget personalizado do YouTube.","og_url":"https:\/\/elfsight.com\/pt\/youtube-channel-plugin-yottie\/opencart\/","og_site_name":"Elfsight PT","article_modified_time":"2025-02-10T06:53:59+00:00","twitter_card":"summary_large_image","twitter_misc":{"Tempo estimado de leitura":"3 minutos"},"schema":{"@context":"https:\/\/schema.org","@graph":[{"@type":"WebPage","@id":"https:\/\/elfsight.com\/pt\/youtube-channel-plugin-yottie\/opencart\/","url":"https:\/\/elfsight.com\/pt\/youtube-channel-plugin-yottie\/opencart\/","name":"Galeria de v\u00eddeos do YouTube - Adicione extens\u00e3o do YouTube ao site OpenCart","isPartOf":{"@id":"https:\/\/elfsight.com\/pt\/#website"},"datePublished":"1970-01-01T00:00:00+00:00","dateModified":"2025-02-10T06:53:59+00:00","description":"Crie sua galeria de v\u00eddeos do YouTube exclusiva para o site OpenCart em apenas 3 minutos! Experimente o editor gratuito da Elfsight para definir seu widget personalizado do YouTube.","breadcrumb":{"@id":"https:\/\/elfsight.com\/pt\/youtube-channel-plugin-yottie\/opencart\/#breadcrumb"},"inLanguage":"pt-PT","potentialAction":[{"@type":"ReadAction","target":["https:\/\/elfsight.com\/pt\/youtube-channel-plugin-yottie\/opencart\/"]}]},{"@type":"BreadcrumbList","@id":"https:\/\/elfsight.com\/pt\/youtube-channel-plugin-yottie\/opencart\/#breadcrumb","itemListElement":[{"@type":"ListItem","position":1,"name":"Home","item":"https:\/\/elfsight.com\/pt\/"},{"@type":"ListItem","position":2,"name":"YouTube Gallery","item":"https:\/\/elfsight.com\/pt\/youtube-channel-plugin-yottie\/"},{"@type":"ListItem","position":3,"name":"YouTube Gallery &#8211; OpenCart"}]},{"@type":"WebSite","@id":"https:\/\/elfsight.com\/pt\/#website","url":"https:\/\/elfsight.com\/pt\/","name":"Elfsight PT","description":"Just another Elfsight Sites site","potentialAction":[{"@type":"SearchAction","target":{"@type":"EntryPoint","urlTemplate":"https:\/\/elfsight.com\/pt\/?s={search_term_string}"},"query-input":{"@type":"PropertyValueSpecification","valueRequired":true,"valueName":"search_term_string"}}],"inLanguage":"pt-PT"}]}},"meta_box":{"industry":"","seo_heading":"","heading":"","description":"","cta_heading":"","cta_description":"","application":"408","h1":"Galeria de v\u00eddeos do YouTube para OpenCart","h1_caption":"Uma das melhores ferramentas para adicionar v\u00eddeos do YouTube ao seu site","application_category":[],"applications_title":"","applications_request_title":"","applications_request_button_text":"","hero_text":"","hero_video":"","hero_video_schema_markup":"","selling_points_title":"","selling_points_caption":"","selling_points":[],"selling_points_cta_text":"","features_title":"","features":"","ed_cta_examples_text":"","ed_cta_examples_hidden":"","ed_cta_demo_text":"","ed_cta_demo_hidden":"","why_caption":"","why_editor_title":"","why_editor_text":"","why_team_title":"","why_team_text":"","why_service_title":"","why_service_text":"","template_catalog_visible":"0","template_catalog_title":"","template_catalog_text":"","template_catalog_categories_visible":"","demo_title":"Crie sua extens\u00e3o da Galeria do YouTube","demo_caption":"Configure sua Galeria do YouTube e adicione-a ao seu site OpenCart gratuitamente!","default_faq_hidden":"","app_template_category":[],"platform":"61","template_public_id":"","codecanyon_url":"","codecanyon_item_id":"","codecanyon_price":"","pricing_caption":"","pricing_elfsight_apps_hide_column":"","pricing_elfsight_apps_url":"","pricing_codecanyon_price_caption":"","integration_category":[],"integration_request_title":"","integration_request_cta":"","integration_platform":"","integrations":[],"platform_category":[],"video_schema_markup":"","price":"a partir de US$ 0\/m\u00eas","trial":"","benefits":[{"text":"Servi\u00e7o de instala\u00e7\u00e3o gratuito"},{"text":"Atendimento ao cliente competente"},{"text":"Garantia de reembolso de 14 dias"},{"text":"Atualiza\u00e7\u00f5es gratuitas regulares"}],"button_url":"#demo","button_target_blank":"0","button_nofollow":"0","attributes":[{"name":"Instala\u00e7\u00f5es","content":"100,000 - 500,000","_state":"expanded"},{"name":"Responsivo","content":"Sim","_state":"expanded"},{"name":"Navegadores compat\u00edveis","content":"Firefox, Chrome, Opera, Edge, Safari"}],"tags":[],"tags_disable_links":"0","hide_more_platforms":"0","video_object":"","demo_hide_cta":"0","demo_hide_cloud_options":"0","pricing_title":"","pricing":[{"pricing_icon":"platform","pricing_title":"Elfsight Apps","pricing_title_caption":"Software multiplataforma que funciona em qualquer site","pricing_price":"a partir de US$ 0\/m\u00eas","pricing_price_caption":"comece com plano gratuito","pricing_benefits":[{"text":"Sites ilimitados"},{"text":"Suporte r\u00e1pido \u00e0 empresa"},{"text":"Suporte r\u00e1pido \u00e0 empresa"},{"text":"Design flex\u00edvel"}],"pricing_button_text":"Adicionar ao site","pricing_button_url":"#demo","_state":"expanded"}],"related_apps_title":"","related_apps_hidden":"1","author":"","image":[],"title":"","job":"","social_networks":[]},"_links":{"self":[{"href":"https:\/\/elfsight.com\/pt\/wp-json\/wp\/v2\/pages\/4847","targetHints":{"allow":["GET"]}}],"collection":[{"href":"https:\/\/elfsight.com\/pt\/wp-json\/wp\/v2\/pages"}],"about":[{"href":"https:\/\/elfsight.com\/pt\/wp-json\/wp\/v2\/types\/page"}],"author":[{"embeddable":true,"href":"https:\/\/elfsight.com\/pt\/wp-json\/wp\/v2\/users\/9"}],"replies":[{"embeddable":true,"href":"https:\/\/elfsight.com\/pt\/wp-json\/wp\/v2\/comments?post=4847"}],"version-history":[{"count":3,"href":"https:\/\/elfsight.com\/pt\/wp-json\/wp\/v2\/pages\/4847\/revisions"}],"predecessor-version":[{"id":13800,"href":"https:\/\/elfsight.com\/pt\/wp-json\/wp\/v2\/pages\/4847\/revisions\/13800"}],"up":[{"embeddable":true,"href":"https:\/\/elfsight.com\/pt\/wp-json\/wp\/v2\/pages\/415"}],"wp:attachment":[{"href":"https:\/\/elfsight.com\/pt\/wp-json\/wp\/v2\/media?parent=4847"}],"curies":[{"name":"wp","href":"https:\/\/api.w.org\/{rel}","templated":true}]}}