{"id":4835,"date":"1970-01-01T00:00:00","date_gmt":"1970-01-01T00:00:00","guid":{"rendered":"https:\/\/elfsight.com\/pt\/?page_id=4835"},"modified":"2025-02-10T06:50:35","modified_gmt":"2025-02-10T06:50:35","slug":"magento","status":"publish","type":"page","link":"https:\/\/elfsight.com\/pt\/youtube-channel-plugin-yottie\/magento\/","title":{"rendered":"YouTube Gallery &#8211; Magento"},"content":{"rendered":"\n<div class=\"application-platform-content-item-description application-platform-content-item\" id=\"description\" data-nav-section=\"description\"><\/p><h2>Descri\u00e7\u00e3o<\/h2><p>Um widget universal para YouTube, que permite adicionar qualquer v\u00eddeo em seu site . Encontre os melhores canais e v\u00eddeos individuais para montar sua playlist individual e incorpor\u00e1-la direto na p\u00e1gina no layout (galeria de v\u00eddeos, portf\u00f3lio, canal, v\u00eddeo \u00fanico). O widget Elfsight \u00e9 perfeitamente adapt\u00e1vel a todos os dispositivos e plataformas, inclui mais de 100 configura\u00e7\u00f5es, modelo personaliz\u00e1vel e diferentes qualidades, que ajudam a exibi-lo em todos os sites.<\/p><p><b>Crie uma galeria de v\u00eddeos interativos personalizados para obter mais resultados. envolvimento de seus usu\u00e1rios.<\/b><\/p><ul><li><b>Aumente a intera\u00e7\u00e3o com os leitores do seu site com a ajuda de v\u00eddeos do YouTube<\/b>.<br>Surpreenda os usu\u00e1rios do seu site com v\u00eddeos envolventes conte\u00fado de v\u00eddeo do YouTube e mantenha-os mais interessados \u200b\u200bdo que antes.<\/li><li><b>Obtenha o m\u00e1ximo de compras com conte\u00fado do YouTube<\/b>.<br>Integre v\u00eddeos comerciais, vis\u00f5es gerais, tutoriais e muito mais, para oferecer ao seu p\u00fablico transmita as informa\u00e7\u00f5es mais convincentes sobre suas ofertas e ajude-os a fazer uma compra.<\/li><li><b>Obtenha f\u00e3s-alvo de sua conta do YouTube<\/b>.<br>Transforme os usu\u00e1rios do site em assinantes do YouTube. Demonstre uma maneira r\u00e1pida e f\u00e1cil de assistir v\u00eddeos e se inscrever em seu canal sem sair do site.<\/li><\/ul><p><\/div><div class=\"application-platform-content-item-features application-platform-content-item\" id=\"features\" data-nav-section=\"features\"><\/p><h2>Recursos<\/h2><p>As caracter\u00edsticas mais valiosas deste widget, que o tornam o melhor instrumento para integrar v\u00eddeos do YouTube em um site Magento.<\/p><ul><li>Adicionar fontes por URL;<\/li><li>Op\u00e7\u00e3o para enviar o logotipo e o banner do canal;<\/li><li>Definir qualquer n\u00famero de colunas e linhas;<\/li><li>13 elementos de pop-up que podem ser ativados\/off;<\/li><li>Op\u00e7\u00f5es de controle de navega\u00e7\u00e3o: setas, rolagem, arrastar;<\/li><li>15 elementos de v\u00eddeo pint\u00e1veis;<\/li><li>18 idiomas dispon\u00edveis.<\/li><\/ul><p><a href=\"#demo\">Conhe\u00e7a a lista completa de recursos no editor<\/a><\/p><p><\/div><div class=\"application-platform-content-item-installation application-platform-content-item\" id=\"installation\" data-nav-section=\"installation\"><\/p><h2>Como incorporar a Galeria do YouTube ao site Magento<\/h2><p>Basta seguir as diretrizes abaixo para come\u00e7ar a usar a extens\u00e3o no Magento.<\/p> <ol><li><b>Gerencie nosso configurador gratuito e comece a formar seu widget personalizado. <\/b><br> Encontre o design e as caracter\u00edsticas preferidas da ferramenta e salve as edi\u00e7\u00f5es. <\/li> <li><b>Copie o seu c\u00f3digo individual que \u00e9 mostrado na caixa nas aplica\u00e7\u00f5es Elfsight. <\/b><br> Assim que terminar a personaliza\u00e7\u00e3o da sua extens\u00e3o do YouTube, copie o c\u00f3digo individual na caixa exibida e guarde-o para uso futuro. <\/li> <li><b>Iniciar a utiliza\u00e7\u00e3o do widget na p\u00e1gina inicial do Magento. <\/b><br> Insira o c\u00f3digo copiado anteriormente em sua p\u00e1gina e aplique as modifica\u00e7\u00f5es. <\/li> <li><b>A instala\u00e7\u00e3o foi realizada com sucesso. <\/b><br> Visite sua p\u00e1gina para ver o desempenho do widget. <\/li><\/ol><p>Est\u00e1 tendo problemas com a Galeria do YouTube durante a configura\u00e7\u00e3o? Leia um artigo detalhado \u00ab<a href=\"https:\/\/elfsight.com\/tutorials\/how-to-add-youtube-video-gallery-to-magento\/\" target=\"_blank\" rel=\"noopener noreferrer\">Como para instalar o YouTube no Magento<\/a>\u00bb e tente novamente. Ou entre em contato com o suporte ao cliente da Elfsight, enviando uma descri\u00e7\u00e3o completa do problema.<\/p><p><\/div>\n","protected":false},"excerpt":{"rendered":"","protected":false},"author":9,"featured_media":0,"parent":415,"menu_order":0,"comment_status":"closed","ping_status":"closed","template":"templates\/template-application-platform.php","meta":{"publish_to_discourse":"","publish_post_category":"","wpdc_auto_publish_overridden":"","wpdc_topic_tags":"","wpdc_pin_topic":"","wpdc_pin_until":"","discourse_post_id":"","discourse_permalink":"","wpdc_publishing_response":"","wpdc_publishing_error":"","footnotes":""},"class_list":["post-4835","page","type-page","status-publish","hentry"],"yoast_head":"<!-- This site is optimized with the Yoast SEO plugin v25.3.1 - https:\/\/yoast.com\/wordpress\/plugins\/seo\/ -->\n<title>Galeria de v\u00eddeos do YouTube - Adicione extens\u00e3o do YouTube ao site Magento<\/title>\n<meta name=\"description\" content=\"Crie uma galeria de v\u00eddeos do YouTube incompar\u00e1vel para o seu site Magento em apenas 1 minuto! Teste o painel gratuito da Elfsight para criar seu pr\u00f3prio widget do YouTube.\" \/>\n<meta name=\"robots\" content=\"index, follow, max-snippet:-1, max-image-preview:large, max-video-preview:-1\" \/>\n<link rel=\"canonical\" href=\"https:\/\/elfsight.com\/pt\/youtube-channel-plugin-yottie\/magento\/\" \/>\n<meta property=\"og:locale\" content=\"pt_PT\" \/>\n<meta property=\"og:type\" content=\"article\" \/>\n<meta property=\"og:title\" content=\"Galeria de v\u00eddeos do YouTube - Adicione extens\u00e3o do YouTube ao site Magento\" \/>\n<meta property=\"og:description\" content=\"Crie uma galeria de v\u00eddeos do YouTube incompar\u00e1vel para o seu site Magento em apenas 1 minuto! Teste o painel gratuito da Elfsight para criar seu pr\u00f3prio widget do YouTube.\" \/>\n<meta property=\"og:url\" content=\"https:\/\/elfsight.com\/pt\/youtube-channel-plugin-yottie\/magento\/\" \/>\n<meta property=\"og:site_name\" content=\"Elfsight PT\" \/>\n<meta property=\"article:modified_time\" content=\"2025-02-10T06:50:35+00:00\" \/>\n<meta name=\"twitter:card\" content=\"summary_large_image\" \/>\n<meta name=\"twitter:label1\" content=\"Tempo estimado de leitura\" \/>\n\t<meta name=\"twitter:data1\" content=\"3 minutos\" \/>\n<!-- \/ Yoast SEO plugin. -->","yoast_head_json":{"title":"Galeria de v\u00eddeos do YouTube - Adicione extens\u00e3o do YouTube ao site Magento","description":"Crie uma galeria de v\u00eddeos do YouTube incompar\u00e1vel para o seu site Magento em apenas 1 minuto! Teste o painel gratuito da Elfsight para criar seu pr\u00f3prio widget do YouTube.","robots":{"index":"index","follow":"follow","max-snippet":"max-snippet:-1","max-image-preview":"max-image-preview:large","max-video-preview":"max-video-preview:-1"},"canonical":"https:\/\/elfsight.com\/pt\/youtube-channel-plugin-yottie\/magento\/","og_locale":"pt_PT","og_type":"article","og_title":"Galeria de v\u00eddeos do YouTube - Adicione extens\u00e3o do YouTube ao site Magento","og_description":"Crie uma galeria de v\u00eddeos do YouTube incompar\u00e1vel para o seu site Magento em apenas 1 minuto! Teste o painel gratuito da Elfsight para criar seu pr\u00f3prio widget do YouTube.","og_url":"https:\/\/elfsight.com\/pt\/youtube-channel-plugin-yottie\/magento\/","og_site_name":"Elfsight PT","article_modified_time":"2025-02-10T06:50:35+00:00","twitter_card":"summary_large_image","twitter_misc":{"Tempo estimado de leitura":"3 minutos"},"schema":{"@context":"https:\/\/schema.org","@graph":[{"@type":"WebPage","@id":"https:\/\/elfsight.com\/pt\/youtube-channel-plugin-yottie\/magento\/","url":"https:\/\/elfsight.com\/pt\/youtube-channel-plugin-yottie\/magento\/","name":"Galeria de v\u00eddeos do YouTube - Adicione extens\u00e3o do YouTube ao site Magento","isPartOf":{"@id":"https:\/\/elfsight.com\/pt\/#website"},"datePublished":"1970-01-01T00:00:00+00:00","dateModified":"2025-02-10T06:50:35+00:00","description":"Crie uma galeria de v\u00eddeos do YouTube incompar\u00e1vel para o seu site Magento em apenas 1 minuto! Teste o painel gratuito da Elfsight para criar seu pr\u00f3prio widget do YouTube.","breadcrumb":{"@id":"https:\/\/elfsight.com\/pt\/youtube-channel-plugin-yottie\/magento\/#breadcrumb"},"inLanguage":"pt-PT","potentialAction":[{"@type":"ReadAction","target":["https:\/\/elfsight.com\/pt\/youtube-channel-plugin-yottie\/magento\/"]}]},{"@type":"BreadcrumbList","@id":"https:\/\/elfsight.com\/pt\/youtube-channel-plugin-yottie\/magento\/#breadcrumb","itemListElement":[{"@type":"ListItem","position":1,"name":"Home","item":"https:\/\/elfsight.com\/pt\/"},{"@type":"ListItem","position":2,"name":"YouTube Gallery","item":"https:\/\/elfsight.com\/pt\/youtube-channel-plugin-yottie\/"},{"@type":"ListItem","position":3,"name":"YouTube Gallery &#8211; Magento"}]},{"@type":"WebSite","@id":"https:\/\/elfsight.com\/pt\/#website","url":"https:\/\/elfsight.com\/pt\/","name":"Elfsight PT","description":"Just another Elfsight Sites site","potentialAction":[{"@type":"SearchAction","target":{"@type":"EntryPoint","urlTemplate":"https:\/\/elfsight.com\/pt\/?s={search_term_string}"},"query-input":{"@type":"PropertyValueSpecification","valueRequired":true,"valueName":"search_term_string"}}],"inLanguage":"pt-PT"}]}},"meta_box":{"industry":"","seo_heading":"","heading":"","description":"","cta_heading":"","cta_description":"","application":"408","h1":"Galeria de v\u00eddeos do YouTube para Magento","h1_caption":"Um instrumento poderoso para exibir diversos v\u00eddeos do YouTube em seu site","application_category":[],"applications_title":"","applications_request_title":"","applications_request_button_text":"","hero_text":"","hero_video":"","hero_video_schema_markup":"","selling_points_title":"","selling_points_caption":"","selling_points":[],"selling_points_cta_text":"","features_title":"","features":"","ed_cta_examples_text":"","ed_cta_examples_hidden":"","ed_cta_demo_text":"","ed_cta_demo_hidden":"","why_caption":"","why_editor_title":"","why_editor_text":"","why_team_title":"","why_team_text":"","why_service_title":"","why_service_text":"","template_catalog_visible":"0","template_catalog_title":"","template_catalog_text":"","template_catalog_categories_visible":"","demo_title":"Crie sua extens\u00e3o da Galeria do YouTube","demo_caption":"Configure sua Galeria do YouTube e adicione-a ao seu site Magento gratuitamente!","default_faq_hidden":"","app_template_category":[],"platform":"58","template_public_id":"","codecanyon_url":"","codecanyon_item_id":"","codecanyon_price":"","pricing_caption":"","pricing_elfsight_apps_hide_column":"","pricing_elfsight_apps_url":"","pricing_codecanyon_price_caption":"","integration_category":[],"integration_request_title":"","integration_request_cta":"","integration_platform":"","integrations":[],"platform_category":[],"video_schema_markup":"","price":"a partir de US$ 0\/m\u00eas","trial":"","benefits":[{"text":"Atendimento ao cliente profissional"},{"text":"Ajuda de instala\u00e7\u00e3o gratuita"},{"text":"Garantia de reembolso de 14 dias"},{"text":"Atualizando constantemente"}],"button_url":"#demo","button_target_blank":"0","button_nofollow":"0","attributes":[{"name":"Instala\u00e7\u00f5es","content":"100,000 - 500,000","_state":"expanded"},{"name":"Responsivo","content":"Sim","_state":"expanded"},{"name":"Navegadores compat\u00edveis","content":"Firefox, Safari, Opera, Chrome, Edge"}],"tags":[],"tags_disable_links":"0","hide_more_platforms":"0","video_object":"","demo_hide_cta":"0","demo_hide_cloud_options":"0","pricing_title":"","pricing":[{"pricing_icon":"platform","pricing_title":"Elfsight Apps","pricing_title_caption":"Solu\u00e7\u00e3o multiplataforma adequada para qualquer site","pricing_price":"a partir de US$ 0\/m\u00eas","pricing_price_caption":"comece com um plano gratuito","pricing_benefits":[{"text":"Sites ilimitados"},{"text":"Suporte 24 horas por dia, 7 dias por semana e bem documentado"},{"text":"Suporte 24 horas por dia, 7 dias por semana e bem documentado"},{"text":"Totalmente personaliz\u00e1vel"}],"pricing_button_text":"Adicionar ao site","pricing_button_url":"#demo","_state":"expanded"}],"related_apps_title":"","related_apps_hidden":"1","author":"","image":[],"title":"","job":"","social_networks":[]},"_links":{"self":[{"href":"https:\/\/elfsight.com\/pt\/wp-json\/wp\/v2\/pages\/4835","targetHints":{"allow":["GET"]}}],"collection":[{"href":"https:\/\/elfsight.com\/pt\/wp-json\/wp\/v2\/pages"}],"about":[{"href":"https:\/\/elfsight.com\/pt\/wp-json\/wp\/v2\/types\/page"}],"author":[{"embeddable":true,"href":"https:\/\/elfsight.com\/pt\/wp-json\/wp\/v2\/users\/9"}],"replies":[{"embeddable":true,"href":"https:\/\/elfsight.com\/pt\/wp-json\/wp\/v2\/comments?post=4835"}],"version-history":[{"count":3,"href":"https:\/\/elfsight.com\/pt\/wp-json\/wp\/v2\/pages\/4835\/revisions"}],"predecessor-version":[{"id":13797,"href":"https:\/\/elfsight.com\/pt\/wp-json\/wp\/v2\/pages\/4835\/revisions\/13797"}],"up":[{"embeddable":true,"href":"https:\/\/elfsight.com\/pt\/wp-json\/wp\/v2\/pages\/415"}],"wp:attachment":[{"href":"https:\/\/elfsight.com\/pt\/wp-json\/wp\/v2\/media?parent=4835"}],"curies":[{"name":"wp","href":"https:\/\/api.w.org\/{rel}","templated":true}]}}