{"id":4826,"date":"1970-01-01T00:00:00","date_gmt":"1970-01-01T00:00:00","guid":{"rendered":"https:\/\/elfsight.com\/pt\/?page_id=4826"},"modified":"2024-11-13T12:11:53","modified_gmt":"2024-11-13T12:11:53","slug":"jquery","status":"publish","type":"page","link":"https:\/\/elfsight.com\/pt\/twitter-feed-widget\/jquery\/","title":{"rendered":"Twitter Feed &#8211; jQuery"},"content":{"rendered":"<div class=\"application-platform-content-item-description application-platform-content-item\" id=\"description\" data-nav-section=\"description\"><h2>Descri\u00e7\u00e3o<\/h2><p>O Elfsight Twitter Feed \u00e9 um widget flex\u00edvel, que lhe permite introduzir o widget do Twitter ou determinados Tweets no seu site jQuery . Voc\u00ea pode exibir seu feed de not\u00edcias do Twitter ou mostrar tweets de depoimentos para aumentar o envolvimento do visitante e aumentar a confian\u00e7a do cliente. O que torna nosso widget um dos mais legais do g\u00eanero para qualquer site \u00e9 um grande n\u00famero de op\u00e7\u00f5es, modelos predefinidos adequados para qualquer caso de uso e seu design adapt\u00e1vel.<\/p><p><b>Aumentar o envolvimento e a confian\u00e7a do usu\u00e1rio para seu site<\/b><\/p><ul><li><b>Aumente a taxa de engajamento<\/b>.<br>Apresente conte\u00fado animado de uma das m\u00eddias sociais mais populares em seu site para chamar a aten\u00e7\u00e3o dos clientes. Obtenha um melhor n\u00edvel de engajamento em seu site.<\/li><li><b>Promova seu Twitter e seu site ao mesmo tempo<\/b>.<br>Seu site \u00e9 outra forma de promo\u00e7\u00e3o de seu perfil no Twitter, com retweetar e responder com suporte no site. Ao mesmo tempo, maior engajamento e prova social no site contribuem para melhores resultados de SEO.<\/li><li><b>Prova social impec\u00e1vel para maior confian\u00e7a<\/b>.<br>Mostre como voc\u00ea administra seu Twitter de forma din\u00e2mica perfil para convencer os clientes de que sua empresa est\u00e1 ativa e que voc\u00ea est\u00e1 aberto para se comunicar e se aproximar de seus clientes.<\/li><\/ul><p><\/div><\/p><div class=\"application-platform-content-item-features  application-platform-content-item\" id=\"features \" data-nav-section=\"features \"><\/p><h2>Recursos<\/h2><p>Quais caracter\u00edsticas tornam o plugin Elfsight o melhor para qualquer site jQuery? Descubra suas vantagens cruciais:<\/p><ul><li>Avalie Tweets de depoimentos com estrelas;<\/li><li>Defina a largura do widget ou deixe-o na largura total;<\/li><li>Indica\u00e7\u00e3o de Retweets no feed; <\/li><li>Um \u00edcone especial para marcar contas verificadas;<\/li><li>Colora\u00e7\u00e3o autom\u00e1tica do feed com a cor do tema da sua conta do Twitter.<\/li><\/ul><p><a href=\"# demo\">Voc\u00ea pode testar todos os recursos com a ajuda da demonstra\u00e7\u00e3o ao vivo<\/a><\/p><p><\/div><div class=\"application-platform-content-item-installation application-platform-content-item\" id=\"installation\" data-nav-section=\"installation\"><h2>Como adicionar o plugin Twitter Feed ao jQuery<\/h2><p>Um breve plano de nossa equipe sobre como adicionar e moldar o widget sem conhecimento em desenvolvimento. A dura\u00e7\u00e3o m\u00e9dia \u00e9 de cerca de 3 minutos.<\/p><ol><li><b>Crie seu feed do Twitter personalizado<\/b>.<br>Usando nossa demonstra\u00e7\u00e3o gratuita, gere um plug-in com o layout e as op\u00e7\u00f5es necess\u00e1rias.<\/li><li><b>Receba um c\u00f3digo para integrar o plugin<\/b>.<br>Ap\u00f3s a cria\u00e7\u00e3o do widget, obtenha um c\u00f3digo para o plugin do Twitter na janela exibida nos aplicativos da Elfsight.<\/li><li><b>Adicione o plugin no site jQuery<\/b>.<br>Inicie o c\u00f3digo da p\u00e1gina no editor HTML, integre o widget no local necess\u00e1rio (conte\u00fado, rodap\u00e9, barra lateral etc) e aplique as altera\u00e7\u00f5es.<\/li><li><b>Voc\u00ea concluiu totalmente a instala\u00e7\u00e3o<\/b>.<br>Abra o site do jQuery para verificar seus depoimentos.<\/li><\/ol><p>Ocorreu algum problema ao incorporar ou ajustar o plugin ? Leia o <a href=\"https:\/\/elfsight.com\/tutorials\/how-to-add-twitter-feed-plugin-to-jquery\/\" target=\"_blank\" rel=\"noopener noreferrer\">tutorial abrangente<\/a> sobre a cria\u00e7\u00e3o do plugin ou entre em contato com nosso Centro de Suporte.<\/p><\/div><div class=\"faq\" data-component=\"FAQ\"><div class=\"faq-item\">\r\n\t\t\t\t\t<div class=\"faq-item-question\">\r\n\t\t\t\t\t\t<h3 class=\"faq-item-question-text\">Como incorporar o feed do Twitter \u00e0 minha p\u00e1gina inicial do jQuery sem habilidades de codifica\u00e7\u00e3o?<\/h3>\r\n\r\n\t\t\t\t\t\t<div class=\"faq-item-question-icon\"><\/div>\r\n\t\t\t\t\t<\/div>\r\n\r\n\t\t\t\t\t<div class=\"faq-item-answer\">\r\n\t\t\t\t\t\t<div class=\"faq-item-answer-text\"><p>A empresa Elfsight oferece uma solu\u00e7\u00e3o Cloud que permite que as pessoas criem voc\u00ea mesmo uma se\u00e7\u00e3o de feed do Twitter. Descubra como o processo \u00e9 descomplicado:<\/p><ul><li>Comece a trabalhar diretamente no editor ao vivo para criar uma se\u00e7\u00e3o de feed do Twitter que voc\u00ea gostaria que aparecesse na p\u00e1gina da web do jQuery.<\/li><li>Clique em um dos modelos pr\u00e9-concebidos e altere as configura\u00e7\u00f5es do feed do Twitter, inclua seu conte\u00fado, transforme o layout e o esquema de cores sem qualquer codifica\u00e7\u00e3o.<\/li><li>Clique para salvar o feed do Twitter e obter o c\u00f3digo para instala\u00e7\u00e3o, que pode ser simplesmente incorporado na p\u00e1gina web do jQuery sem comprar uma assinatura paga.<\/li><\/ul><p>Usando nosso Editor f\u00e1cil de usar, qualquer usu\u00e1rio da Internet pode criar o Twitter Feed e simplesmente incorpor\u00e1-lo \u00e0 sua p\u00e1gina jQuery. Voc\u00ea n\u00e3o deve obter uma assinatura paga ou inserir as credenciais do seu cart\u00e3o para entrar no Editor. Se voc\u00ea encontrar algum obst\u00e1culo de qualquer tipo, n\u00e3o hesite em entrar em contato com nosso suporte ao cliente.<\/p><\/div>\r\n\t\t\t\t\t<\/div>\r\n\t\t\t\t<\/div><\/div>","protected":false},"excerpt":{"rendered":"","protected":false},"author":9,"featured_media":0,"parent":832,"menu_order":0,"comment_status":"closed","ping_status":"closed","template":"templates\/template-application-platform.php","meta":{"publish_to_discourse":"","publish_post_category":"","wpdc_auto_publish_overridden":"","wpdc_topic_tags":"","wpdc_pin_topic":"","wpdc_pin_until":"","discourse_post_id":"","discourse_permalink":"","wpdc_publishing_response":"","wpdc_publishing_error":"","footnotes":""},"class_list":["post-4826","page","type-page","status-publish","hentry"],"yoast_head":"<!-- This site is optimized with the Yoast SEO plugin v25.3.1 - https:\/\/yoast.com\/wordpress\/plugins\/seo\/ -->\n<title>jQuery Twitter Feed - Adicione o plugin do Twitter ao site jQuery (em 1 minuto)<\/title>\n<meta name=\"description\" content=\"Experimente gratuitamente o melhor plugin de feed do Twitter para JQuery. Uma instala\u00e7\u00e3o f\u00e1cil sem experi\u00eancia em desenvolvimento web em apenas 2 minutos.\" \/>\n<meta name=\"robots\" content=\"index, follow, max-snippet:-1, max-image-preview:large, max-video-preview:-1\" \/>\n<link rel=\"canonical\" href=\"https:\/\/elfsight.com\/pt\/twitter-feed-widget\/jquery\/\" \/>\n<meta property=\"og:locale\" content=\"pt_PT\" \/>\n<meta property=\"og:type\" content=\"article\" \/>\n<meta property=\"og:title\" content=\"jQuery Twitter Feed - Adicione o plugin do Twitter ao site jQuery (em 1 minuto)\" \/>\n<meta property=\"og:description\" content=\"Experimente gratuitamente o melhor plugin de feed do Twitter para JQuery. Uma instala\u00e7\u00e3o f\u00e1cil sem experi\u00eancia em desenvolvimento web em apenas 2 minutos.\" \/>\n<meta property=\"og:url\" content=\"https:\/\/elfsight.com\/pt\/twitter-feed-widget\/jquery\/\" \/>\n<meta property=\"og:site_name\" content=\"Elfsight PT\" \/>\n<meta property=\"article:modified_time\" content=\"2024-11-13T12:11:53+00:00\" \/>\n<meta name=\"twitter:card\" content=\"summary_large_image\" \/>\n<meta name=\"twitter:label1\" content=\"Tempo estimado de leitura\" \/>\n\t<meta name=\"twitter:data1\" content=\"2 minutos\" \/>\n<!-- \/ Yoast SEO plugin. -->","yoast_head_json":{"title":"jQuery Twitter Feed - Adicione o plugin do Twitter ao site jQuery (em 1 minuto)","description":"Experimente gratuitamente o melhor plugin de feed do Twitter para JQuery. Uma instala\u00e7\u00e3o f\u00e1cil sem experi\u00eancia em desenvolvimento web em apenas 2 minutos.","robots":{"index":"index","follow":"follow","max-snippet":"max-snippet:-1","max-image-preview":"max-image-preview:large","max-video-preview":"max-video-preview:-1"},"canonical":"https:\/\/elfsight.com\/pt\/twitter-feed-widget\/jquery\/","og_locale":"pt_PT","og_type":"article","og_title":"jQuery Twitter Feed - Adicione o plugin do Twitter ao site jQuery (em 1 minuto)","og_description":"Experimente gratuitamente o melhor plugin de feed do Twitter para JQuery. Uma instala\u00e7\u00e3o f\u00e1cil sem experi\u00eancia em desenvolvimento web em apenas 2 minutos.","og_url":"https:\/\/elfsight.com\/pt\/twitter-feed-widget\/jquery\/","og_site_name":"Elfsight PT","article_modified_time":"2024-11-13T12:11:53+00:00","twitter_card":"summary_large_image","twitter_misc":{"Tempo estimado de leitura":"2 minutos"},"schema":{"@context":"https:\/\/schema.org","@graph":[{"@type":"WebPage","@id":"https:\/\/elfsight.com\/pt\/twitter-feed-widget\/jquery\/","url":"https:\/\/elfsight.com\/pt\/twitter-feed-widget\/jquery\/","name":"jQuery Twitter Feed - Adicione o plugin do Twitter ao site jQuery (em 1 minuto)","isPartOf":{"@id":"https:\/\/elfsight.com\/pt\/#website"},"datePublished":"1970-01-01T00:00:00+00:00","dateModified":"2024-11-13T12:11:53+00:00","description":"Experimente gratuitamente o melhor plugin de feed do Twitter para JQuery. Uma instala\u00e7\u00e3o f\u00e1cil sem experi\u00eancia em desenvolvimento web em apenas 2 minutos.","breadcrumb":{"@id":"https:\/\/elfsight.com\/pt\/twitter-feed-widget\/jquery\/#breadcrumb"},"inLanguage":"pt-PT","potentialAction":[{"@type":"ReadAction","target":["https:\/\/elfsight.com\/pt\/twitter-feed-widget\/jquery\/"]}]},{"@type":"BreadcrumbList","@id":"https:\/\/elfsight.com\/pt\/twitter-feed-widget\/jquery\/#breadcrumb","itemListElement":[{"@type":"ListItem","position":1,"name":"Home","item":"https:\/\/elfsight.com\/pt\/"},{"@type":"ListItem","position":2,"name":"Twitter Feed","item":"https:\/\/elfsight.com\/pt\/twitter-feed-widget\/"},{"@type":"ListItem","position":3,"name":"Twitter Feed &#8211; jQuery"}]},{"@type":"WebSite","@id":"https:\/\/elfsight.com\/pt\/#website","url":"https:\/\/elfsight.com\/pt\/","name":"Elfsight PT","description":"Just another Elfsight Sites site","potentialAction":[{"@type":"SearchAction","target":{"@type":"EntryPoint","urlTemplate":"https:\/\/elfsight.com\/pt\/?s={search_term_string}"},"query-input":{"@type":"PropertyValueSpecification","valueRequired":true,"valueName":"search_term_string"}}],"inLanguage":"pt-PT"}]}},"meta_box":{"industry":"","seo_heading":"","heading":"","description":"","cta_heading":"","cta_description":"","application":"831","h1":"Plug-in jQuery para feed do Twitter","h1_caption":"Transforme os clientes do seu site em assinantes do Twitter","application_category":[],"applications_title":"","applications_request_title":"","applications_request_button_text":"","hero_text":"","hero_video":"","hero_video_schema_markup":"","selling_points_title":"","selling_points_caption":"","selling_points":[],"selling_points_cta_text":"","features_title":"","features":"","ed_cta_examples_text":"","ed_cta_examples_hidden":"","ed_cta_demo_text":"","ed_cta_demo_hidden":"","why_caption":"","why_editor_title":"","why_editor_text":"","why_team_title":"","why_team_text":"","why_service_title":"","why_service_text":"","template_catalog_visible":"","template_catalog_title":"","template_catalog_text":"","template_catalog_categories_visible":"","demo_title":"Crie seu plugin de feed do Twitter","demo_caption":"Configure seu feed do Twitter e adicione-o ao seu site jQuery gratuitamente!","default_faq_hidden":"","app_template_category":[],"platform":"55","template_public_id":"","codecanyon_url":"","codecanyon_item_id":"","codecanyon_price":"","pricing_caption":"","pricing_elfsight_apps_hide_column":"","pricing_elfsight_apps_url":"","pricing_codecanyon_price_caption":"","integration_category":[],"integration_request_title":"","integration_request_cta":"","integration_platform":"","integrations":[],"platform_category":[],"video_schema_markup":"","price":"a partir de US$ 0\/m\u00eas","trial":"","benefits":[{"text":"Servi\u00e7o de instala\u00e7\u00e3o gratuito"},{"text":"Atendimento ao cliente profissional"},{"text":"Garantia de devolu\u00e7\u00e3o do dinheiro em 14 dias"},{"text":"Desenvolvimento cont\u00ednuo"}],"button_url":"#demo","button_target_blank":"0","button_nofollow":"0","attributes":[{"name":"Instala\u00e7\u00f5es","content":"10,000 - 100,000","_state":"expanded"},{"name":"Responsivo","content":"Sim","_state":"expanded"},{"name":"Navegadores compat\u00edveis","content":"Firefox, Safari, Opera, Chrome, Edge"}],"tags":[],"tags_disable_links":"0","hide_more_platforms":"","video_object":"","demo_hide_cta":"0","demo_hide_cloud_options":"0","pricing_title":"","pricing":[{"pricing_icon":"platform","pricing_title":"Elfsight Apps","pricing_title_caption":"Vers\u00e3o multiplataforma que funciona em qualquer site","pricing_price":"a partir de US$ 0\/m\u00eas","pricing_price_caption":"comece com um plano gratuito","pricing_benefits":[{"text":"Sites ilimitados"},{"text":"Suporte \u00e0 empresa 24 horas por dia, 7 dias por semana e bem documentado"},{"text":"Suporte \u00e0 empresa 24 horas por dia, 7 dias por semana e bem documentado"},{"text":"Totalmente personaliz\u00e1vel"}],"pricing_button_text":"Adicionar ao site","pricing_button_url":"#demo","_state":"expanded"}],"related_apps_title":"","related_apps_hidden":"1","author":"","image":[],"title":"","job":"","social_networks":[]},"_links":{"self":[{"href":"https:\/\/elfsight.com\/pt\/wp-json\/wp\/v2\/pages\/4826","targetHints":{"allow":["GET"]}}],"collection":[{"href":"https:\/\/elfsight.com\/pt\/wp-json\/wp\/v2\/pages"}],"about":[{"href":"https:\/\/elfsight.com\/pt\/wp-json\/wp\/v2\/types\/page"}],"author":[{"embeddable":true,"href":"https:\/\/elfsight.com\/pt\/wp-json\/wp\/v2\/users\/9"}],"replies":[{"embeddable":true,"href":"https:\/\/elfsight.com\/pt\/wp-json\/wp\/v2\/comments?post=4826"}],"version-history":[{"count":2,"href":"https:\/\/elfsight.com\/pt\/wp-json\/wp\/v2\/pages\/4826\/revisions"}],"predecessor-version":[{"id":12348,"href":"https:\/\/elfsight.com\/pt\/wp-json\/wp\/v2\/pages\/4826\/revisions\/12348"}],"up":[{"embeddable":true,"href":"https:\/\/elfsight.com\/pt\/wp-json\/wp\/v2\/pages\/832"}],"wp:attachment":[{"href":"https:\/\/elfsight.com\/pt\/wp-json\/wp\/v2\/media?parent=4826"}],"curies":[{"name":"wp","href":"https:\/\/api.w.org\/{rel}","templated":true}]}}