{"id":4824,"date":"1970-01-01T00:00:00","date_gmt":"1970-01-01T00:00:00","guid":{"rendered":"https:\/\/elfsight.com\/pt\/?page_id=4824"},"modified":"2025-01-31T05:54:04","modified_gmt":"2025-01-31T05:54:04","slug":"jquery","status":"publish","type":"page","link":"https:\/\/elfsight.com\/pt\/whatsapp-chat-widget\/jquery\/","title":{"rendered":"Whatsapp Chat &#8211; jQuery"},"content":{"rendered":"\n<div class=\"application-platform-content-item-description application-platform-content-item\" id=\"description\" data-nav-section=\"description\"> <h2>Incorpore o bate-papo do WhatsApp com o widget da Elfsight<\/h2> <p>O plug-in do WhatsApp feito pela Elfsight \u00e9 uma maneira perfeita para os visitantes do seu site enviarem seus mensagens para voc\u00ea e ter suas perguntas respondidas. Agora voc\u00ea pode estar sempre dispon\u00edvel para seus visitantes em seu mensageiro favorito. Adicione bate-papo no site e deixe-o aparecer em p\u00e1ginas selecionadas ou para tipos selecionados de visualizadores, escolha gatilhos para iniciar bate-papo, insira sua pr\u00f3pria mensagem de boas-vindas, altere \u00edcones e muito mais. Com o chat do WhatsApp Lie funcionando no site, voc\u00ea permanecer\u00e1 conectado com sua clientela em todos os momentos e independentemente do seu local.<\/p> <div class=\"faq\" data-component=\"FAQ\"> <div class=\"faq-item\">\r\n\t\t\t\t\t<div class=\"faq-item-question\">\r\n\t\t\t\t\t\t<h3 class=\"faq-item-question-text\">Onde no meu site posso public\u00e1-lo<\/h3>\r\n\r\n\t\t\t\t\t\t<div class=\"faq-item-question-icon\"><\/div>\r\n\t\t\t\t\t<\/div>\r\n\r\n\t\t\t\t\t<div class=\"faq-item-answer\">\r\n\t\t\t\t\t\t<div class=\"faq-item-answer-text\"> <p>Voc\u00ea pode configurar o Chat Box em todas as p\u00e1ginas do seu site ou apenas em p\u00e1ginas selecionadas. Tamb\u00e9m \u00e9 poss\u00edvel restringi-lo nas p\u00e1ginas escolhidas se voc\u00ea quiser sem o chat.<\/p> <\/div>\r\n\t\t\t\t\t<\/div>\r\n\t\t\t\t<\/div> <div class=\"faq-item\">\r\n\t\t\t\t\t<div class=\"faq-item-question\">\r\n\t\t\t\t\t\t<h3 class=\"faq-item-question-text\">Quais s\u00e3o as vantagens de t\u00ea-lo para mim?<\/h3>\r\n\r\n\t\t\t\t\t\t<div class=\"faq-item-question-icon\"><\/div>\r\n\t\t\t\t\t<\/div>\r\n\r\n\t\t\t\t\t<div class=\"faq-item-answer\">\r\n\t\t\t\t\t\t<div class=\"faq-item-answer-text\"> <p>Isso tornar\u00e1 mais f\u00e1cil para os visitantes entrar em contato com voc\u00ea com suas d\u00favidas e solicita\u00e7\u00f5es. E isso pode ajudar a aumentar o n\u00famero de leads e vendas. Al\u00e9m disso, respostas imediatas e abordagem individual \u00e0s pessoas aumentar\u00e3o o n\u00edvel de relacionamento com os clientes. <\/p> <\/div>\r\n\t\t\t\t\t<\/div>\r\n\t\t\t\t<\/div> <div class=\"faq-item\">\r\n\t\t\t\t\t<div class=\"faq-item-question\">\r\n\t\t\t\t\t\t<h3 class=\"faq-item-question-text\">O que eu preciso para ter o Whatsapp?<\/h3>\r\n\r\n\t\t\t\t\t\t<div class=\"faq-item-question-icon\"><\/div>\r\n\t\t\t\t\t<\/div>\r\n\r\n\t\t\t\t\t<div class=\"faq-item-answer\">\r\n\t\t\t\t\t\t<div class=\"faq-item-answer-text\"> <p>Leva apenas um minuto para incorporar o widget. A integra\u00e7\u00e3o \u00e9 muito r\u00e1pida, gratuita e sem codifica\u00e7\u00e3o. <\/p> <p>Existe a op\u00e7\u00e3o de configurar o Whatsapp no \u200b\u200bseu site diretamente atrav\u00e9s do nosso servi\u00e7o. Para fazer isso veja as instru\u00e7\u00f5es abaixo nesta p\u00e1gina. <\/p> <\/div>\r\n\t\t\t\t\t<\/div>\r\n\t\t\t\t<\/div> <\/div> <\/div> <div class=\"application-platform-content-item-features application-platform-content-item\" id=\"features\" data-nav-section=\"features\"> <h2>Principais recursos do widget de bate-papo do WhatsApp<\/h2> <p>Para moldar uma compreens\u00e3o mais clara do chat ao vivo, verifique a lista de suas caracter\u00edsticas essenciais. Eles tornam este plugin realmente ben\u00e9fico para voc\u00ea: <\/p><ul><li>Experimente 3 tipos de layout de plugin: bal\u00e3o flutuante, bal\u00e3o incorporado e janela de bate-papo incorporada; <\/li><li>Coloque o WhatsApp Messenger em sua p\u00e1gina da web para conversar ao vivo com os espectadores; <\/li><li>Texto de bal\u00e3o edit\u00e1vel.<\/li><\/ul><p><a href=\"#demo\">Nossa demonstra\u00e7\u00e3o demonstrar\u00e1 mais recursos para voc\u00ea<\/a><\/p> <\/div> <div class=\"application-platform-content-item-installation application-platform-content-item\" id=\"installation\" data-nav-section=\"installation\"> <h2>Como adicionar o plugin Live Chat ao seu site jQuery<\/h2> <p> Algumas etapas r\u00e1pidas s\u00e3o a \u00fanica coisa que voc\u00ea precisa para integrar o Whatsapp.<\/p> <ul><li><b>Gere sua caixa de bate-papo personalizada<\/b><br> Usando nossa demonstra\u00e7\u00e3o gratuita, crie um plugin com layout e funcionalidade preferidos. <\/li><li><b>Receba o c\u00f3digo pessoal para configurar o plugin<\/b><br> Depois de criar o seu widget, voc\u00ea receber\u00e1 o c\u00f3digo de instala\u00e7\u00e3o na janela exibida nos aplicativos Elfsight. Copie este c\u00f3digo para uso posterior.<\/li> <li><b>Adicione o plugin em seu site jQuery<\/b><br> Selecione o local onde voc\u00ea gostaria de adicionar o plugin e insira o c\u00f3digo copiado l\u00e1. Publique as altera\u00e7\u00f5es.<\/li> <li><b>Pronto!<\/b><br> Entre na sua p\u00e1gina da web para visualizar seu trabalho. <\/li> <\/ul><p>Ainda duvida de alguma coisa? Ou tendo problemas? Basta enviar uma solicita\u00e7\u00e3o \u00e0 nossa equipe de suporte ao cliente e resolveremos qualquer d\u00favida. <\/p> <\/div><div class=\"faq\" data-component=\"FAQ\"><div class=\"faq-item\">\r\n\t\t\t\t\t<div class=\"faq-item-question\">\r\n\t\t\t\t\t\t<h3 class=\"faq-item-question-text\">Existe uma maneira de incorporar o Whatsapp Chat ao meu site jQuery sem nenhum conhecimento de codifica\u00e7\u00e3o?<\/h3>\r\n\r\n\t\t\t\t\t\t<div class=\"faq-item-question-icon\"><\/div>\r\n\t\t\t\t\t<\/div>\r\n\r\n\t\t\t\t\t<div class=\"faq-item-answer\">\r\n\t\t\t\t\t\t<div class=\"faq-item-answer-text\"><p>Empresa Elfsight apresenta uma solu\u00e7\u00e3o que permite que um grande p\u00fablico crie voc\u00ea mesmo uma se\u00e7\u00e3o de bate-papo do Whatsapp. Descubra o guia simples: <\/p><ul><li>V\u00e1 para o Editor ao vivo para gerar um plug-in de bate-papo do Whatsapp que voc\u00ea gostaria de incluir no seu jQuery. <\/li><li>Escolha um dos modelos predefinidos e ajuste as configura\u00e7\u00f5es do Whatsapp Chat, inclua seu conte\u00fado, altere o layout e o esquema de cores sem nenhuma experi\u00eancia de codifica\u00e7\u00e3o.<\/li><li>Clique para salvar o Whatsapp Chat e copi\u00e1-lo. c\u00f3digo de instala\u00e7\u00e3o, que voc\u00ea pode incluir facilmente em qualquer site jQuery usando um plano gratuito. <\/li><\/ul><p>Trabalhando no configurador intuitivo, cada usu\u00e1rio da web pode criar uma se\u00e7\u00e3o de bate-papo do Whatsapp on-line e simplesmente incorpor\u00e1-la a qualquer site jQuery. N\u00e3o \u00e9 necess\u00e1rio fazer assinatura paga ou inserir os dados do seu cart\u00e3o para acessar nosso servi\u00e7o. Se voc\u00ea enfrentar qualquer tipo de problema, sinta-se \u00e0 vontade para entrar em contato com nossa equipe de suporte.<\/p><\/div>\r\n\t\t\t\t\t<\/div>\r\n\t\t\t\t<\/div><\/div>\n","protected":false},"excerpt":{"rendered":"","protected":false},"author":9,"featured_media":0,"parent":347,"menu_order":0,"comment_status":"closed","ping_status":"closed","template":"templates\/template-application-platform.php","meta":{"publish_to_discourse":"","publish_post_category":"","wpdc_auto_publish_overridden":"","wpdc_topic_tags":"","wpdc_pin_topic":"","wpdc_pin_until":"","discourse_post_id":"","discourse_permalink":"","wpdc_publishing_response":"","wpdc_publishing_error":"","footnotes":""},"class_list":["post-4824","page","type-page","status-publish","hentry"],"yoast_head":"<!-- This site is optimized with the Yoast SEO plugin v25.3.1 - https:\/\/yoast.com\/wordpress\/plugins\/seo\/ -->\n<title>Adicione o plugin Whatsapp Live Chat ao site jQuery (f\u00e1cil e r\u00e1pido)<\/title>\n<meta name=\"description\" content=\"Configure o plugin de chat ao vivo do Whatsapp no \u200b\u200b\u200b\u200bjQuery em apenas 2 minutos. Explore todas as principais caracter\u00edsticas do melhor widget de chat em uma demonstra\u00e7\u00e3o gratuita.\" \/>\n<meta name=\"robots\" content=\"index, follow, max-snippet:-1, max-image-preview:large, max-video-preview:-1\" \/>\n<link rel=\"canonical\" href=\"https:\/\/elfsight.com\/pt\/whatsapp-chat-widget\/jquery\/\" \/>\n<meta property=\"og:locale\" content=\"pt_PT\" \/>\n<meta property=\"og:type\" content=\"article\" \/>\n<meta property=\"og:title\" content=\"Adicione o plugin Whatsapp Live Chat ao site jQuery (f\u00e1cil e r\u00e1pido)\" \/>\n<meta property=\"og:description\" content=\"Configure o plugin de chat ao vivo do Whatsapp no \u200b\u200b\u200b\u200bjQuery em apenas 2 minutos. Explore todas as principais caracter\u00edsticas do melhor widget de chat em uma demonstra\u00e7\u00e3o gratuita.\" \/>\n<meta property=\"og:url\" content=\"https:\/\/elfsight.com\/pt\/whatsapp-chat-widget\/jquery\/\" \/>\n<meta property=\"og:site_name\" content=\"Elfsight PT\" \/>\n<meta property=\"article:modified_time\" content=\"2025-01-31T05:54:04+00:00\" \/>\n<meta name=\"twitter:card\" content=\"summary_large_image\" \/>\n<meta name=\"twitter:label1\" content=\"Tempo estimado de leitura\" \/>\n\t<meta name=\"twitter:data1\" content=\"4 minutos\" \/>\n<!-- \/ Yoast SEO plugin. -->","yoast_head_json":{"title":"Adicione o plugin Whatsapp Live Chat ao site jQuery (f\u00e1cil e r\u00e1pido)","description":"Configure o plugin de chat ao vivo do Whatsapp no \u200b\u200b\u200b\u200bjQuery em apenas 2 minutos. Explore todas as principais caracter\u00edsticas do melhor widget de chat em uma demonstra\u00e7\u00e3o gratuita.","robots":{"index":"index","follow":"follow","max-snippet":"max-snippet:-1","max-image-preview":"max-image-preview:large","max-video-preview":"max-video-preview:-1"},"canonical":"https:\/\/elfsight.com\/pt\/whatsapp-chat-widget\/jquery\/","og_locale":"pt_PT","og_type":"article","og_title":"Adicione o plugin Whatsapp Live Chat ao site jQuery (f\u00e1cil e r\u00e1pido)","og_description":"Configure o plugin de chat ao vivo do Whatsapp no \u200b\u200b\u200b\u200bjQuery em apenas 2 minutos. Explore todas as principais caracter\u00edsticas do melhor widget de chat em uma demonstra\u00e7\u00e3o gratuita.","og_url":"https:\/\/elfsight.com\/pt\/whatsapp-chat-widget\/jquery\/","og_site_name":"Elfsight PT","article_modified_time":"2025-01-31T05:54:04+00:00","twitter_card":"summary_large_image","twitter_misc":{"Tempo estimado de leitura":"4 minutos"},"schema":{"@context":"https:\/\/schema.org","@graph":[{"@type":"WebPage","@id":"https:\/\/elfsight.com\/pt\/whatsapp-chat-widget\/jquery\/","url":"https:\/\/elfsight.com\/pt\/whatsapp-chat-widget\/jquery\/","name":"Adicione o plugin Whatsapp Live Chat ao site jQuery (f\u00e1cil e r\u00e1pido)","isPartOf":{"@id":"https:\/\/elfsight.com\/pt\/#website"},"datePublished":"1970-01-01T00:00:00+00:00","dateModified":"2025-01-31T05:54:04+00:00","description":"Configure o plugin de chat ao vivo do Whatsapp no \u200b\u200b\u200b\u200bjQuery em apenas 2 minutos. Explore todas as principais caracter\u00edsticas do melhor widget de chat em uma demonstra\u00e7\u00e3o gratuita.","breadcrumb":{"@id":"https:\/\/elfsight.com\/pt\/whatsapp-chat-widget\/jquery\/#breadcrumb"},"inLanguage":"pt-PT","potentialAction":[{"@type":"ReadAction","target":["https:\/\/elfsight.com\/pt\/whatsapp-chat-widget\/jquery\/"]}]},{"@type":"BreadcrumbList","@id":"https:\/\/elfsight.com\/pt\/whatsapp-chat-widget\/jquery\/#breadcrumb","itemListElement":[{"@type":"ListItem","position":1,"name":"Home","item":"https:\/\/elfsight.com\/pt\/"},{"@type":"ListItem","position":2,"name":"WhatsApp Chat","item":"https:\/\/elfsight.com\/pt\/whatsapp-chat-widget\/"},{"@type":"ListItem","position":3,"name":"Whatsapp Chat &#8211; jQuery"}]},{"@type":"WebSite","@id":"https:\/\/elfsight.com\/pt\/#website","url":"https:\/\/elfsight.com\/pt\/","name":"Elfsight PT","description":"Just another Elfsight Sites site","potentialAction":[{"@type":"SearchAction","target":{"@type":"EntryPoint","urlTemplate":"https:\/\/elfsight.com\/pt\/?s={search_term_string}"},"query-input":{"@type":"PropertyValueSpecification","valueRequired":true,"valueName":"search_term_string"}}],"inLanguage":"pt-PT"}]}},"meta_box":{"industry":"","seo_heading":"","heading":"","description":"","cta_heading":"","cta_description":"","application":"340","h1":"Plug-in jQuery Whatsapp Live Chat","h1_caption":"O canal de comunica\u00e7\u00e3o mais r\u00e1pido para o p\u00fablico do seu site","application_category":[],"applications_title":"","applications_request_title":"","applications_request_button_text":"","hero_text":"","hero_video":"","hero_video_schema_markup":"","selling_points_title":"","selling_points_caption":"","selling_points":[],"selling_points_cta_text":"","features_title":"","features":"","ed_cta_examples_text":"","ed_cta_examples_hidden":"","ed_cta_demo_text":"","ed_cta_demo_hidden":"","why_caption":"","why_editor_title":"","why_editor_text":"","why_team_title":"","why_team_text":"","why_service_title":"","why_service_text":"","template_catalog_visible":"0","template_catalog_title":"","template_catalog_text":"","template_catalog_categories_visible":"","demo_title":"Crie seu plugin de bate-papo do Whatsapp","demo_caption":"Configure seu Whatsapp Chat e adicione-o ao seu site jQuery gratuitamente!","default_faq_hidden":"","app_template_category":[],"platform":"55","template_public_id":"","codecanyon_url":"","codecanyon_item_id":"","codecanyon_price":"","pricing_caption":"","pricing_elfsight_apps_hide_column":"","pricing_elfsight_apps_url":"","pricing_codecanyon_price_caption":"","integration_category":[],"integration_request_title":"","integration_request_cta":"","integration_platform":"","integrations":[],"platform_category":[],"video_schema_markup":"","price":"a partir de US$ 0\/m\u00eas","trial":"","benefits":[{"text":"Ajuda de instala\u00e7\u00e3o gratuita"},{"text":"Atendimento ao cliente competente"},{"text":"Garantia de reembolso de 14 dias"},{"text":"Melhorias cont\u00ednuas"}],"button_url":"#demo","button_target_blank":"0","button_nofollow":"0","attributes":[{"name":"Instala\u00e7\u00f5es","content":"100,000 - 500,000","_state":"expanded"},{"name":"Responsivo","content":"Sim","_state":"expanded"},{"name":"Navegadores compat\u00edveis","content":"Firefox, Safari, Opera, Chrome, Edge"}],"tags":[],"tags_disable_links":"0","hide_more_platforms":"","video_object":"","demo_hide_cta":"0","demo_hide_cloud_options":"0","pricing_title":"","pricing":[{"pricing_icon":"platform","pricing_title":"Elfsight Apps","pricing_title_caption":"Solu\u00e7\u00e3o digital independente de plataforma adequada para qualquer site","pricing_price":"a partir de US$ 0\/m\u00eas","pricing_price_caption":"comece com um plano gratuito","pricing_benefits":[{"text":"Dom\u00ednios ilimitados"},{"text":"Suporte dedicado e pontual"},{"text":"Suporte dedicado e pontual"},{"text":"100% personaliz\u00e1vel"}],"pricing_button_text":"Adicionar ao site","pricing_button_url":"#demo","_state":"expanded"}],"related_apps_title":"","related_apps_hidden":"1","author":"","image":[],"title":"","job":"","social_networks":[]},"_links":{"self":[{"href":"https:\/\/elfsight.com\/pt\/wp-json\/wp\/v2\/pages\/4824","targetHints":{"allow":["GET"]}}],"collection":[{"href":"https:\/\/elfsight.com\/pt\/wp-json\/wp\/v2\/pages"}],"about":[{"href":"https:\/\/elfsight.com\/pt\/wp-json\/wp\/v2\/types\/page"}],"author":[{"embeddable":true,"href":"https:\/\/elfsight.com\/pt\/wp-json\/wp\/v2\/users\/9"}],"replies":[{"embeddable":true,"href":"https:\/\/elfsight.com\/pt\/wp-json\/wp\/v2\/comments?post=4824"}],"version-history":[{"count":3,"href":"https:\/\/elfsight.com\/pt\/wp-json\/wp\/v2\/pages\/4824\/revisions"}],"predecessor-version":[{"id":13669,"href":"https:\/\/elfsight.com\/pt\/wp-json\/wp\/v2\/pages\/4824\/revisions\/13669"}],"up":[{"embeddable":true,"href":"https:\/\/elfsight.com\/pt\/wp-json\/wp\/v2\/pages\/347"}],"wp:attachment":[{"href":"https:\/\/elfsight.com\/pt\/wp-json\/wp\/v2\/media?parent=4824"}],"curies":[{"name":"wp","href":"https:\/\/api.w.org\/{rel}","templated":true}]}}