{"id":4823,"date":"1970-01-01T00:00:00","date_gmt":"1970-01-01T00:00:00","guid":{"rendered":"https:\/\/elfsight.com\/pt\/?page_id=4823"},"modified":"2024-11-13T12:19:31","modified_gmt":"2024-11-13T12:19:31","slug":"jquery","status":"publish","type":"page","link":"https:\/\/elfsight.com\/pt\/youtube-channel-plugin-yottie\/jquery\/","title":{"rendered":"YouTube Gallery &#8211; jQuery"},"content":{"rendered":"<div class=\"application-platform-content-item-description application-platform-content-item\" id=\"description\" data-nav-section=\"description\"><h2>Descri\u00e7\u00e3o<\/h2><p>Um plugin multifuncional para YouTube, que permite reproduzir diversos v\u00eddeos do site. Escolha os canais e videoclipes adequados para compilar sua playlist individual e integr\u00e1-la diretamente na p\u00e1gina web usando o layout mais adequado (galeria de v\u00eddeos, portf\u00f3lio, canal, v\u00eddeo \u00fanico). O plugin Elfsight \u00e9 compat\u00edvel com todos os dispositivos e plataformas; possui mais de 100 par\u00e2metros, layout adapt\u00e1vel e v\u00e1rios outros recursos, que lhe d\u00e3o a chance de exibi-lo em qualquer site.<\/p><p><b>Defina uma galeria de v\u00eddeos individual eficiente para aumentar a aten\u00e7\u00e3o de seus leitores. <\/b><\/p><ul><li><b>Fortale\u00e7a a intera\u00e7\u00e3o com o p\u00fablico do seu site por meio de v\u00eddeos do YouTube<\/b>.<br>Atraia visitantes do seu site com v\u00eddeos envolventes do YouTube e mantenha-os mais interessados do que nunca.<\/li><li><b>Conquiste o m\u00e1ximo de clientes com conte\u00fado de v\u00eddeo<\/b>.<br>Mostre an\u00e1lises de v\u00eddeo, vis\u00f5es gerais, tutoriais e muito mais para fornecer aos usu\u00e1rios informa\u00e7\u00f5es detalhadas sobre seus produtos e direcion\u00e1-los para a compra .<\/li><li><b>Novos seguidores para seu canal no YouTube<\/b>.<br>Converta visitantes do site em seguidores no YouTube. Integre um m\u00e9todo r\u00e1pido e f\u00e1cil para que eles conhe\u00e7am os v\u00eddeos e participem do canal diretamente na p\u00e1gina.<\/li><\/ul><\/div><div class=\"application-platform-content-item-features application-platform-content-item\" id=\"features\" data-nav-section=\"features\"><h2>Recursos<\/h2> <p>As vantagens do nosso plugin, que o tornam o melhor m\u00e9todo para inserir v\u00eddeos do YouTube em um site JQuery.<\/p><ul><li>Adicionar fontes por URL;<\/li><li>8 elementos altern\u00e1veis \u200b\u200bde o cabe\u00e7alho;<\/li><li>Definir espa\u00e7o entre os v\u00eddeos;<\/li><li>Contagem de visualiza\u00e7\u00f5es e curtidas nos v\u00eddeos;<\/li><li>Op\u00e7\u00e3o de reprodu\u00e7\u00e3o autom\u00e1tica com velocidade ajust\u00e1vel;<\/li><li>15 elementos de v\u00eddeo que podem ser pintados;<\/li><li>AdSense compat\u00edvel para monetiza\u00e7\u00e3o de conte\u00fado;<\/li><\/ul><p><a href=\"#demo\">Conhe\u00e7a todas as caracter\u00edsticas do painel<\/a> <\/p><\/div><div class=\"application-platform-content-item-installation application-platform-content-item\" id=\"installation\" data-nav-section=\"installation\"><h2>Como incorporar o controle deslizante do YouTube ao site jQuery<\/h2><p>Um pequeno plano de nossa equipe para instala\u00e7\u00e3o e personaliza\u00e7\u00e3o da Galeria de v\u00eddeos sem conhecimento em desenvolvimento. A dura\u00e7\u00e3o total da configura\u00e7\u00e3o n\u00e3o \u00e9 superior a 90 segundos.<\/p><ol><li><b>Gere seu plug-in personalizado do YouTube<\/b>.<br> Com a ajuda de nossa demonstra\u00e7\u00e3o gratuita, gere um plug-in com as configura\u00e7\u00f5es desejadas. design e capacidades.<\/li><li><b>Adquira um c\u00f3digo para integra\u00e7\u00e3o do plugin <\/b>.<br> Ap\u00f3s o ajuste do plugin, obtenha um c\u00f3digo para a Galeria de V\u00eddeos a partir da notifica\u00e7\u00e3o exibida nos aplicativos Elfsight.<\/li> <li><b>Coloque o plug-in no site jQuery<\/b>.<br>Incorpore o plug-in no local necess\u00e1rio no site e aplique as altera\u00e7\u00f5es.<\/li><li><b>Conclu\u00eddo!<\/b><br> Visite seu site para ver seu plug-in.<\/li><\/ol><p>Ocorreu algum problema durante a configura\u00e7\u00e3o ou altera\u00e7\u00e3o dos par\u00e2metros da Galeria do YouTube? Veja um <a href=\"https:\/\/elfsight.com\/tutorials\/how-to-add-youtube-video-gallery-to-jquery\/\" target=\"_blank\" rel=\"noopener noreferrer\">artigo completo<\/a> ou envie uma solicita\u00e7\u00e3o para nossa central de ajuda com uma descri\u00e7\u00e3o abrangente do seu problema.<\/p><\/div><div class=\"faq\" data-component=\"FAQ\"><div class=\"faq-item\">\r\n\t\t\t\t\t<div class=\"faq-item-question\">\r\n\t\t\t\t\t\t<h3 class=\"faq-item-question-text\">Como posso adicionar um YouTube Galeria para o jQuery? <\/h3>\r\n\r\n\t\t\t\t\t\t<div class=\"faq-item-question-icon\"><\/div>\r\n\t\t\t\t\t<\/div>\r\n\r\n\t\t\t\t\t<div class=\"faq-item-answer\">\r\n\t\t\t\t\t\t<div class=\"faq-item-answer-text\"><p>A constru\u00e7\u00e3o da ferramenta ocorre dentro do site da Elfsight e n\u00e3o h\u00e1 necessidade de codifica\u00e7\u00e3o. Aplique a demonstra\u00e7\u00e3o ao vivo para personalizar seu pr\u00f3prio plugin, pegue o c\u00f3digo e cole-o em seu site. <\/p><\/div>\r\n\t\t\t\t\t<\/div>\r\n\t\t\t\t<\/div><div class=\"faq-item\">\r\n\t\t\t\t\t<div class=\"faq-item-question\">\r\n\t\t\t\t\t\t<h3 class=\"faq-item-question-text\">As melhores maneiras de usar a integra\u00e7\u00e3o da Galeria de v\u00eddeos do YouTube<\/h3>\r\n\r\n\t\t\t\t\t\t<div class=\"faq-item-question-icon\"><\/div>\r\n\t\t\t\t\t<\/div>\r\n\r\n\t\t\t\t\t<div class=\"faq-item-answer\">\r\n\t\t\t\t\t\t<div class=\"faq-item-answer-text\"><p>Temos uma infinidade de op\u00e7\u00f5es de ajuste: widgets em grande escala para adicionar na zona de conte\u00fado , plug-ins flutuantes com recurso de rolagem, layouts de rodap\u00e9, se\u00e7\u00e3o principal e todas as varia\u00e7\u00f5es de op\u00e7\u00f5es verticais para barras laterais e menus. <\/p><\/div>\r\n\t\t\t\t\t<\/div>\r\n\t\t\t\t<\/div><div class=\"faq-item\">\r\n\t\t\t\t\t<div class=\"faq-item-question\">\r\n\t\t\t\t\t\t<h3 class=\"faq-item-question-text\">Posso criar uma grade de v\u00eddeos ou uma galeria de listas de reprodu\u00e7\u00e3o do YouTube com a ajuda do editor? <\/h3>\r\n\r\n\t\t\t\t\t\t<div class=\"faq-item-question-icon\"><\/div>\r\n\t\t\t\t\t<\/div>\r\n\r\n\t\t\t\t\t<div class=\"faq-item-answer\">\r\n\t\t\t\t\t\t<div class=\"faq-item-answer-text\"><p>Voc\u00ea pode moldar as altera\u00e7\u00f5es de qualquer widget. Existem muitos layouts aplic\u00e1veis \u200b\u200b\u200b\u200bno editor, e todos eles podem ser facilmente personalizados do jeito que voc\u00ea deseja. <\/p><\/div>\r\n\t\t\t\t\t<\/div>\r\n\t\t\t\t<\/div><\/div>","protected":false},"excerpt":{"rendered":"","protected":false},"author":9,"featured_media":0,"parent":415,"menu_order":0,"comment_status":"closed","ping_status":"closed","template":"templates\/template-application-platform.php","meta":{"publish_to_discourse":"","publish_post_category":"","wpdc_auto_publish_overridden":"","wpdc_topic_tags":"","wpdc_pin_topic":"","wpdc_pin_until":"","discourse_post_id":"","discourse_permalink":"","wpdc_publishing_response":"","wpdc_publishing_error":"","footnotes":""},"class_list":["post-4823","page","type-page","status-publish","hentry"],"yoast_head":"<!-- This site is optimized with the Yoast SEO plugin v25.3.1 - https:\/\/yoast.com\/wordpress\/plugins\/seo\/ -->\n<title>Controle deslizante da galeria de v\u00eddeos do YouTube para site jQuery (f\u00e1cil e gratuito)<\/title>\n<meta name=\"description\" content=\"O novo controle deslizante jQuery YouTube Video Gallery pode ser implementado em um site com qualquer CMS. Use o plugin do YouTube para criar listas de reprodu\u00e7\u00e3o de v\u00eddeos impressionantes.\" \/>\n<meta name=\"robots\" content=\"index, follow, max-snippet:-1, max-image-preview:large, max-video-preview:-1\" \/>\n<link rel=\"canonical\" href=\"https:\/\/elfsight.com\/pt\/youtube-channel-plugin-yottie\/jquery\/\" \/>\n<meta property=\"og:locale\" content=\"pt_PT\" \/>\n<meta property=\"og:type\" content=\"article\" \/>\n<meta property=\"og:title\" content=\"Controle deslizante da galeria de v\u00eddeos do YouTube para site jQuery (f\u00e1cil e gratuito)\" \/>\n<meta property=\"og:description\" content=\"O novo controle deslizante jQuery YouTube Video Gallery pode ser implementado em um site com qualquer CMS. Use o plugin do YouTube para criar listas de reprodu\u00e7\u00e3o de v\u00eddeos impressionantes.\" \/>\n<meta property=\"og:url\" content=\"https:\/\/elfsight.com\/pt\/youtube-channel-plugin-yottie\/jquery\/\" \/>\n<meta property=\"og:site_name\" content=\"Elfsight PT\" \/>\n<meta property=\"article:modified_time\" content=\"2024-11-13T12:19:31+00:00\" \/>\n<meta name=\"twitter:card\" content=\"summary_large_image\" \/>\n<meta name=\"twitter:label1\" content=\"Tempo estimado de leitura\" \/>\n\t<meta name=\"twitter:data1\" content=\"2 minutos\" \/>\n<!-- \/ Yoast SEO plugin. -->","yoast_head_json":{"title":"Controle deslizante da galeria de v\u00eddeos do YouTube para site jQuery (f\u00e1cil e gratuito)","description":"O novo controle deslizante jQuery YouTube Video Gallery pode ser implementado em um site com qualquer CMS. Use o plugin do YouTube para criar listas de reprodu\u00e7\u00e3o de v\u00eddeos impressionantes.","robots":{"index":"index","follow":"follow","max-snippet":"max-snippet:-1","max-image-preview":"max-image-preview:large","max-video-preview":"max-video-preview:-1"},"canonical":"https:\/\/elfsight.com\/pt\/youtube-channel-plugin-yottie\/jquery\/","og_locale":"pt_PT","og_type":"article","og_title":"Controle deslizante da galeria de v\u00eddeos do YouTube para site jQuery (f\u00e1cil e gratuito)","og_description":"O novo controle deslizante jQuery YouTube Video Gallery pode ser implementado em um site com qualquer CMS. Use o plugin do YouTube para criar listas de reprodu\u00e7\u00e3o de v\u00eddeos impressionantes.","og_url":"https:\/\/elfsight.com\/pt\/youtube-channel-plugin-yottie\/jquery\/","og_site_name":"Elfsight PT","article_modified_time":"2024-11-13T12:19:31+00:00","twitter_card":"summary_large_image","twitter_misc":{"Tempo estimado de leitura":"2 minutos"},"schema":{"@context":"https:\/\/schema.org","@graph":[{"@type":"WebPage","@id":"https:\/\/elfsight.com\/pt\/youtube-channel-plugin-yottie\/jquery\/","url":"https:\/\/elfsight.com\/pt\/youtube-channel-plugin-yottie\/jquery\/","name":"Controle deslizante da galeria de v\u00eddeos do YouTube para site jQuery (f\u00e1cil e gratuito)","isPartOf":{"@id":"https:\/\/elfsight.com\/pt\/#website"},"datePublished":"1970-01-01T00:00:00+00:00","dateModified":"2024-11-13T12:19:31+00:00","description":"O novo controle deslizante jQuery YouTube Video Gallery pode ser implementado em um site com qualquer CMS. Use o plugin do YouTube para criar listas de reprodu\u00e7\u00e3o de v\u00eddeos impressionantes.","breadcrumb":{"@id":"https:\/\/elfsight.com\/pt\/youtube-channel-plugin-yottie\/jquery\/#breadcrumb"},"inLanguage":"pt-PT","potentialAction":[{"@type":"ReadAction","target":["https:\/\/elfsight.com\/pt\/youtube-channel-plugin-yottie\/jquery\/"]}]},{"@type":"BreadcrumbList","@id":"https:\/\/elfsight.com\/pt\/youtube-channel-plugin-yottie\/jquery\/#breadcrumb","itemListElement":[{"@type":"ListItem","position":1,"name":"Home","item":"https:\/\/elfsight.com\/pt\/"},{"@type":"ListItem","position":2,"name":"YouTube Gallery","item":"https:\/\/elfsight.com\/pt\/youtube-channel-plugin-yottie\/"},{"@type":"ListItem","position":3,"name":"YouTube Gallery &#8211; jQuery"}]},{"@type":"WebSite","@id":"https:\/\/elfsight.com\/pt\/#website","url":"https:\/\/elfsight.com\/pt\/","name":"Elfsight PT","description":"Just another Elfsight Sites site","potentialAction":[{"@type":"SearchAction","target":{"@type":"EntryPoint","urlTemplate":"https:\/\/elfsight.com\/pt\/?s={search_term_string}"},"query-input":{"@type":"PropertyValueSpecification","valueRequired":true,"valueName":"search_term_string"}}],"inLanguage":"pt-PT"}]}},"meta_box":{"industry":"","seo_heading":"","heading":"","description":"","cta_heading":"","cta_description":"","application":"408","h1":"Controle deslizante da galeria de v\u00eddeos do YouTube jQuery","h1_caption":"O melhor plugin para publicar diversos v\u00eddeos do YouTube em um site pessoal","application_category":[],"applications_title":"","applications_request_title":"","applications_request_button_text":"","hero_text":"","hero_video":"","hero_video_schema_markup":"","selling_points_title":"","selling_points_caption":"","selling_points":[],"selling_points_cta_text":"","features_title":"","features":"","ed_cta_examples_text":"","ed_cta_examples_hidden":"","ed_cta_demo_text":"","ed_cta_demo_hidden":"","why_caption":"","why_editor_title":"","why_editor_text":"","why_team_title":"","why_team_text":"","why_service_title":"","why_service_text":"","template_catalog_visible":"","template_catalog_title":"","template_catalog_text":"","template_catalog_categories_visible":"","demo_title":"Crie seu plugin da Galeria do YouTube","demo_caption":"Configure sua Galeria do YouTube e adicione-a ao seu site jQuery gratuitamente!","default_faq_hidden":"","app_template_category":[],"platform":"55","template_public_id":"","codecanyon_url":"","codecanyon_item_id":"","codecanyon_price":"","pricing_caption":"","pricing_elfsight_apps_hide_column":"","pricing_elfsight_apps_url":"","pricing_codecanyon_price_caption":"","integration_category":[],"integration_request_title":"","integration_request_cta":"","integration_platform":"","integrations":[],"platform_category":[],"video_schema_markup":"","price":"a partir de US$ 0\/m\u00eas","trial":"","benefits":[{"text":"Ajuda de instala\u00e7\u00e3o gratuita"},{"text":"Atendimento ao cliente competente"},{"text":"Garantia de devolu\u00e7\u00e3o do dinheiro em 14 dias"},{"text":"Melhorias gratuitas vital\u00edcias"}],"button_url":"#demo","button_target_blank":"0","button_nofollow":"0","attributes":[{"name":"Instala\u00e7\u00f5es","content":"100,000 - 500,000","_state":"expanded"},{"name":"Responsivo","content":"Sim","_state":"expanded"},{"name":"Navegadores compat\u00edveis","content":"Firefox, Safari, Opera, Chrome, Edge"}],"tags":[],"tags_disable_links":"0","hide_more_platforms":"","video_object":"","demo_hide_cta":"0","demo_hide_cloud_options":"0","pricing_title":"","pricing":[{"pricing_icon":"platform","pricing_title":"Elfsight Apps","pricing_title_caption":"Pronto para dispositivos m\u00f3veis","pricing_price":"a partir de US$ 0\/m\u00eas","pricing_price_caption":"comece com um plano gratuito","pricing_benefits":[{"text":"Dom\u00ednios ilimitados"},{"text":"Suporte gratuito"},{"text":"Suporte gratuito"},{"text":"Totalmente personaliz\u00e1vel"}],"pricing_button_text":"Adicionar ao site","pricing_button_url":"#demo","_state":"expanded"}],"related_apps_title":"","related_apps_hidden":"1","author":"","image":[],"title":"","job":"","social_networks":[]},"_links":{"self":[{"href":"https:\/\/elfsight.com\/pt\/wp-json\/wp\/v2\/pages\/4823","targetHints":{"allow":["GET"]}}],"collection":[{"href":"https:\/\/elfsight.com\/pt\/wp-json\/wp\/v2\/pages"}],"about":[{"href":"https:\/\/elfsight.com\/pt\/wp-json\/wp\/v2\/types\/page"}],"author":[{"embeddable":true,"href":"https:\/\/elfsight.com\/pt\/wp-json\/wp\/v2\/users\/9"}],"replies":[{"embeddable":true,"href":"https:\/\/elfsight.com\/pt\/wp-json\/wp\/v2\/comments?post=4823"}],"version-history":[{"count":2,"href":"https:\/\/elfsight.com\/pt\/wp-json\/wp\/v2\/pages\/4823\/revisions"}],"predecessor-version":[{"id":12451,"href":"https:\/\/elfsight.com\/pt\/wp-json\/wp\/v2\/pages\/4823\/revisions\/12451"}],"up":[{"embeddable":true,"href":"https:\/\/elfsight.com\/pt\/wp-json\/wp\/v2\/pages\/415"}],"wp:attachment":[{"href":"https:\/\/elfsight.com\/pt\/wp-json\/wp\/v2\/media?parent=4823"}],"curies":[{"name":"wp","href":"https:\/\/api.w.org\/{rel}","templated":true}]}}