{"id":4820,"date":"1970-01-01T00:00:00","date_gmt":"1970-01-01T00:00:00","guid":{"rendered":"https:\/\/elfsight.com\/pt\/?page_id=4820"},"modified":"2024-12-24T14:04:52","modified_gmt":"2024-12-24T14:04:52","slug":"joomla","status":"publish","type":"page","link":"https:\/\/elfsight.com\/pt\/twitter-feed-widget\/joomla\/","title":{"rendered":"Twitter Feed &#8211; Joomla"},"content":{"rendered":"\n<div class=\"application-platform-content-item-description application-platform-content-item\" id=\"description\" data-nav-section=\"description\"><h2>Descri\u00e7\u00e3o<\/h2><p>Com o m\u00f3dulo Twitter da Elfsight, \u00e9 perfeitamente f\u00e1cil colocar o feed do Twitter ou determinados Tweets num site Joomla. Aumente o envolvimento do usu\u00e1rio e desenvolva maior confian\u00e7a do cliente, publicando sua linha do tempo no Twitter ou exibindo tweets de depoimentos de usu\u00e1rios sobre sua empresa. Os maiores benef\u00edcios do widget Twitter da Elfsight para qualquer site s\u00e3o modelos prontos para qualquer caso de uso e diferentes op\u00e7\u00f5es, juntamente com um design adapt\u00e1vel.<\/p><p><b>Fortale\u00e7a a taxa de engajamento do seu site e torne-o confi\u00e1vel para seus visitantes<\/b><\/p><ul><li><b>Reter os visitantes no site<\/b>.<br>Fa\u00e7a com que seus clientes permane\u00e7am na p\u00e1gina por mais tempo, demonstrando determinados Tweets sobre temas da moda ou envolvendo-os em suas promo\u00e7\u00f5es promovidas no Twitter.<\/li><li><b>Aumente os seguidores<\/b>.<br>O feed interativo da Elfsight no Twitter permite que os clientes se inscrevam em sua conta diretamente do seu site. Assim, voc\u00ea pode ter outra fonte de seguidores e ampliar sua comunidade no Twitter.<\/li><li><b>Aumente a confian\u00e7a dos clientes usando depoimentos do Twitter<\/b>.<br>Escolha os melhores depoimentos de clientes sobre sua empresa no Twitter e exiba-os em seu site para aumentar a confian\u00e7a do cliente e fazer com que seus produtos e servi\u00e7os pare\u00e7am tentadores para seu p\u00fablico.<\/li><\/ul><\/div><div class=\"application-platform-content-item-features application-platform-content-item\" id=\"features\" data-nav-section=\"features\"><h2>Recursos<\/h2><p>As vantagens mais preciosas do nosso widget, que o tornam a extens\u00e3o mais valiosa para configura\u00e7\u00e3o no Joomla:<\/p><ul><li>Feed ou Depoimentos tipo de apresenta\u00e7\u00e3o;<\/li><li>Definir widget altura ou deix\u00e1-lo adapt\u00e1vel \u00e0 altura do conte\u00fado;<\/li><li>Indica\u00e7\u00e3o de retu\u00edtes no feed;<\/li><li>Um \u00edcone especial para marcar contas verificadas;<\/li><li>Contagem de retu\u00edtes, como contagem em Tweets.<\/li><\/ul><p><a href=\"#demo\">Uma lista completa de vantagens na demonstra\u00e7\u00e3o gratuita<\/a><\/p><\/div><div class=\"application-platform-content-item-installation application-platform-content-item\" id=\"installation\" data-nav-section=\"installation\"> <h2>Como adicionar o m\u00f3dulo Twitter Feed ao Joomla<\/h2><div class=\"video-container\"><iframe width=\"720\" height=\"405\" src=\"https:\/\/www.youtube.com\/embed\/rXohOsVQkbY\" frameborder=\"0\" allowfullscreen=\"\"><\/iframe><\/div><p>Basta seguir v\u00e1rias etapas abaixo para integrar a extens\u00e3o no Joomla.<\/p> <ol><li><b>Execute nosso configurador gratuito e comece a construir seu instrumento personalizado. <\/b><br> Especifique a interface preferida e as caracter\u00edsticas do plugin e aplique as edi\u00e7\u00f5es. <\/li> <li><b>Receba o seu c\u00f3digo individual exposto na caixa das aplica\u00e7\u00f5es Elfsight. <\/b><br> Logo ap\u00f3s a personaliza\u00e7\u00e3o do seu widget Twitter Feed, copie o c\u00f3digo pessoal na caixa exibida e salve-o para uso posterior. <\/li> <li><b>Iniciar o uso da extens\u00e3o no site Joomla. <\/b><br> Implemente o c\u00f3digo salvo recentemente em seu site e salve os ajustes. <\/li> <li><b>A instala\u00e7\u00e3o foi realizada com sucesso. <\/b><br> Acesse seu site para ver o trabalho da extens\u00e3o. <\/li><\/ol><p>Houve algum problema ou d\u00favida durante a integra\u00e7\u00e3o do m\u00f3dulo? Escreva para nossa equipe de suporte com uma explica\u00e7\u00e3o completa do seu problema, e nossa equipe far\u00e1 o poss\u00edvel para ajudar ou pode ser \u00fatil ler um <a href=\"https:\/\/elfsight.com\/tutorials\/how-to-add-twitter-feed-extension-to-joomla\/\" target=\"_blank\" rel=\"noopener noreferrer\">tutorial detalhado<\/a>.<\/p><\/div><div class=\"faq\" data-component=\"FAQ\"><div class=\"faq-item\">\r\n\t\t\t\t\t<div class=\"faq-item-question\">\r\n\t\t\t\t\t\t<h3 class=\"faq-item-question-text\">Existe uma op\u00e7\u00e3o para adicionar o Twitter Feed \u00e0 minha p\u00e1gina Joomla sem habilidades de codifica\u00e7\u00e3o?<\/h3>\r\n\r\n\t\t\t\t\t\t<div class=\"faq-item-question-icon\"><\/div>\r\n\t\t\t\t\t<\/div>\r\n\r\n\t\t\t\t\t<div class=\"faq-item-answer\">\r\n\t\t\t\t\t\t<div class=\"faq-item-answer-text\"><p>A empresa Elfsight apresenta uma solu\u00e7\u00e3o que permite aos usu\u00e1rios criarem um widget do Twitter Feed, verifique o guia simples:<\/p><ul><li>V\u00e1 para a demonstra\u00e7\u00e3o on-line para gerar um aplicativo Twitter Feed que voc\u00ea gostaria de adicionar ao seu Joomla.<\/li><li>Selecione um dos modelos prontos e ajuste as configura\u00e7\u00f5es do Twitter Feed, transforme o layout e o esquema de cores, inclua seu conte\u00fado sem nenhuma experi\u00eancia de codifica\u00e7\u00e3o.<\/li><li>Salve as configura\u00e7\u00f5es que voc\u00ea fez no Twitter Feed e obtenha o c\u00f3digo de instala\u00e7\u00e3o, que voc\u00ea pode incorporar facilmente na p\u00e1gina inicial do Joomla gratuitamente. <\/li><\/ul><p>Trabalhando no configurador simples, cada usu\u00e1rio da web pode criar um widget de feed do Twitter on-line e inclu\u00ed-lo facilmente em qualquer p\u00e1gina inicial do Joomla. N\u00e3o \u00e9 necess\u00e1rio pagar ou divulgar os dados do seu cart\u00e3o para acessar nosso servi\u00e7o. Se voc\u00ea enfrentar algum problema em qualquer etapa, sinta-se \u00e0 vontade para entrar em contato com nossa equipe de suporte t\u00e9cnico.<\/p><\/div>\r\n\t\t\t\t\t<\/div>\r\n\t\t\t\t<\/div><\/div>\n","protected":false},"excerpt":{"rendered":"","protected":false},"author":9,"featured_media":0,"parent":832,"menu_order":0,"comment_status":"closed","ping_status":"closed","template":"templates\/template-application-platform.php","meta":{"publish_to_discourse":"","publish_post_category":"","wpdc_auto_publish_overridden":"","wpdc_topic_tags":"","wpdc_pin_topic":"","wpdc_pin_until":"","discourse_post_id":"","discourse_permalink":"","wpdc_publishing_response":"","wpdc_publishing_error":"","footnotes":""},"class_list":["post-4820","page","type-page","status-publish","hentry"],"yoast_head":"<!-- This site is optimized with the Yoast SEO plugin v25.3.1 - https:\/\/yoast.com\/wordpress\/plugins\/seo\/ -->\n<title>M\u00f3dulo Joomla Twitter Feed - Adicionar Twitter ao Joomla (f\u00e1cil e r\u00e1pido)<\/title>\n<meta name=\"description\" content=\"Gere sua extens\u00e3o de feed do Twitter personalizada para Joomla. Confira o painel mais r\u00e1pido para constru\u00e7\u00e3o de widgets da Elfsight totalmente gratuito.\" \/>\n<meta name=\"robots\" content=\"index, follow, max-snippet:-1, max-image-preview:large, max-video-preview:-1\" \/>\n<link rel=\"canonical\" href=\"https:\/\/elfsight.com\/pt\/twitter-feed-widget\/joomla\/\" \/>\n<meta property=\"og:locale\" content=\"pt_PT\" \/>\n<meta property=\"og:type\" content=\"article\" \/>\n<meta property=\"og:title\" content=\"M\u00f3dulo Joomla Twitter Feed - Adicionar Twitter ao Joomla (f\u00e1cil e r\u00e1pido)\" \/>\n<meta property=\"og:description\" content=\"Gere sua extens\u00e3o de feed do Twitter personalizada para Joomla. Confira o painel mais r\u00e1pido para constru\u00e7\u00e3o de widgets da Elfsight totalmente gratuito.\" \/>\n<meta property=\"og:url\" content=\"https:\/\/elfsight.com\/pt\/twitter-feed-widget\/joomla\/\" \/>\n<meta property=\"og:site_name\" content=\"Elfsight PT\" \/>\n<meta property=\"article:modified_time\" content=\"2024-12-24T14:04:52+00:00\" \/>\n<meta name=\"twitter:card\" content=\"summary_large_image\" \/>\n<meta name=\"twitter:label1\" content=\"Tempo estimado de leitura\" \/>\n\t<meta name=\"twitter:data1\" content=\"4 minutos\" \/>\n<!-- \/ Yoast SEO plugin. -->","yoast_head_json":{"title":"M\u00f3dulo Joomla Twitter Feed - Adicionar Twitter ao Joomla (f\u00e1cil e r\u00e1pido)","description":"Gere sua extens\u00e3o de feed do Twitter personalizada para Joomla. Confira o painel mais r\u00e1pido para constru\u00e7\u00e3o de widgets da Elfsight totalmente gratuito.","robots":{"index":"index","follow":"follow","max-snippet":"max-snippet:-1","max-image-preview":"max-image-preview:large","max-video-preview":"max-video-preview:-1"},"canonical":"https:\/\/elfsight.com\/pt\/twitter-feed-widget\/joomla\/","og_locale":"pt_PT","og_type":"article","og_title":"M\u00f3dulo Joomla Twitter Feed - Adicionar Twitter ao Joomla (f\u00e1cil e r\u00e1pido)","og_description":"Gere sua extens\u00e3o de feed do Twitter personalizada para Joomla. Confira o painel mais r\u00e1pido para constru\u00e7\u00e3o de widgets da Elfsight totalmente gratuito.","og_url":"https:\/\/elfsight.com\/pt\/twitter-feed-widget\/joomla\/","og_site_name":"Elfsight PT","article_modified_time":"2024-12-24T14:04:52+00:00","twitter_card":"summary_large_image","twitter_misc":{"Tempo estimado de leitura":"4 minutos"},"schema":{"@context":"https:\/\/schema.org","@graph":[{"@type":"WebPage","@id":"https:\/\/elfsight.com\/pt\/twitter-feed-widget\/joomla\/","url":"https:\/\/elfsight.com\/pt\/twitter-feed-widget\/joomla\/","name":"M\u00f3dulo Joomla Twitter Feed - Adicionar Twitter ao Joomla (f\u00e1cil e r\u00e1pido)","isPartOf":{"@id":"https:\/\/elfsight.com\/pt\/#website"},"datePublished":"1970-01-01T00:00:00+00:00","dateModified":"2024-12-24T14:04:52+00:00","description":"Gere sua extens\u00e3o de feed do Twitter personalizada para Joomla. Confira o painel mais r\u00e1pido para constru\u00e7\u00e3o de widgets da Elfsight totalmente gratuito.","breadcrumb":{"@id":"https:\/\/elfsight.com\/pt\/twitter-feed-widget\/joomla\/#breadcrumb"},"inLanguage":"pt-PT","potentialAction":[{"@type":"ReadAction","target":["https:\/\/elfsight.com\/pt\/twitter-feed-widget\/joomla\/"]}]},{"@type":"BreadcrumbList","@id":"https:\/\/elfsight.com\/pt\/twitter-feed-widget\/joomla\/#breadcrumb","itemListElement":[{"@type":"ListItem","position":1,"name":"Home","item":"https:\/\/elfsight.com\/pt\/"},{"@type":"ListItem","position":2,"name":"Twitter Feed","item":"https:\/\/elfsight.com\/pt\/twitter-feed-widget\/"},{"@type":"ListItem","position":3,"name":"Twitter Feed &#8211; Joomla"}]},{"@type":"WebSite","@id":"https:\/\/elfsight.com\/pt\/#website","url":"https:\/\/elfsight.com\/pt\/","name":"Elfsight PT","description":"Just another Elfsight Sites site","potentialAction":[{"@type":"SearchAction","target":{"@type":"EntryPoint","urlTemplate":"https:\/\/elfsight.com\/pt\/?s={search_term_string}"},"query-input":{"@type":"PropertyValueSpecification","valueRequired":true,"valueName":"search_term_string"}}],"inLanguage":"pt-PT"}]}},"meta_box":{"industry":"","seo_heading":"","heading":"","description":"","cta_heading":"","cta_description":"","application":"831","h1":"M\u00f3dulo Joomla Twitter Feed","h1_caption":"Insira seus pr\u00f3prios Tweets ou os de clientes em seu site","application_category":[],"applications_title":"","applications_request_title":"","applications_request_button_text":"","hero_text":"","hero_video":"","hero_video_schema_markup":"","selling_points_title":"","selling_points_caption":"","selling_points":[],"selling_points_cta_text":"","features_title":"","features":"","ed_cta_examples_text":"","ed_cta_examples_hidden":"","ed_cta_demo_text":"","ed_cta_demo_hidden":"","why_caption":"","why_editor_title":"","why_editor_text":"","why_team_title":"","why_team_text":"","why_service_title":"","why_service_text":"","template_catalog_visible":"0","template_catalog_title":"","template_catalog_text":"","template_catalog_categories_visible":"","demo_title":"Crie seu plugin de feed do Twitter","demo_caption":"Configure seu feed do Twitter e adicione-o ao seu site Joomla gratuitamente!","default_faq_hidden":"","app_template_category":[],"platform":"52","template_public_id":"","codecanyon_url":"","codecanyon_item_id":"","codecanyon_price":"","pricing_caption":"","pricing_elfsight_apps_hide_column":"","pricing_elfsight_apps_url":"","pricing_codecanyon_price_caption":"","integration_category":[],"integration_request_title":"","integration_request_cta":"","integration_platform":"","integrations":[],"platform_category":[],"video_schema_markup":"","price":"a partir de US$ 0\/m\u00eas","trial":"","benefits":[{"text":"Ajuda de instala\u00e7\u00e3o gratuita"},{"text":"Suporte ao cliente experiente"},{"text":"Garantia de reembolso de 14 dias"},{"text":"Atualiza\u00e7\u00f5es gratuitas regulares"}],"button_url":"#demo","button_target_blank":"0","button_nofollow":"0","attributes":[{"name":"Instala\u00e7\u00f5es","content":"10,000 - 100,000","_state":"expanded"},{"name":"Responsivo","content":"Sim","_state":"expanded"},{"name":"Navegadores compat\u00edveis","content":"Firefox, Safari, Opera, Chrome, Edge"}],"tags":[],"tags_disable_links":"0","hide_more_platforms":"","video_object":"","demo_hide_cta":"0","demo_hide_cloud_options":"0","pricing_title":"","pricing":[{"pricing_icon":"cloud","pricing_title":"Elfsight Apps","pricing_title_caption":"Solu\u00e7\u00e3o independente de plataforma adequada para qualquer site","pricing_price":"a partir de US$ 0\/m\u00eas","pricing_price_caption":"comece com plano gratuito","pricing_benefits":[{"text":"Dom\u00ednios ilimitados"},{"text":"Suporte profissional e pontual"},{"text":"Suporte profissional e pontual"},{"text":"\u00d3timo neg\u00f3cio para v\u00e1rios aplicativos"}],"pricing_button_text":"Adicionar ao site","pricing_button_url":"#demo","_state":"expanded"}],"related_apps_title":"","related_apps_hidden":"1","author":"","image":[],"title":"","job":"","social_networks":[]},"_links":{"self":[{"href":"https:\/\/elfsight.com\/pt\/wp-json\/wp\/v2\/pages\/4820","targetHints":{"allow":["GET"]}}],"collection":[{"href":"https:\/\/elfsight.com\/pt\/wp-json\/wp\/v2\/pages"}],"about":[{"href":"https:\/\/elfsight.com\/pt\/wp-json\/wp\/v2\/types\/page"}],"author":[{"embeddable":true,"href":"https:\/\/elfsight.com\/pt\/wp-json\/wp\/v2\/users\/9"}],"replies":[{"embeddable":true,"href":"https:\/\/elfsight.com\/pt\/wp-json\/wp\/v2\/comments?post=4820"}],"version-history":[{"count":3,"href":"https:\/\/elfsight.com\/pt\/wp-json\/wp\/v2\/pages\/4820\/revisions"}],"predecessor-version":[{"id":13485,"href":"https:\/\/elfsight.com\/pt\/wp-json\/wp\/v2\/pages\/4820\/revisions\/13485"}],"up":[{"embeddable":true,"href":"https:\/\/elfsight.com\/pt\/wp-json\/wp\/v2\/pages\/832"}],"wp:attachment":[{"href":"https:\/\/elfsight.com\/pt\/wp-json\/wp\/v2\/media?parent=4820"}],"curies":[{"name":"wp","href":"https:\/\/api.w.org\/{rel}","templated":true}]}}