{"id":4818,"date":"1970-01-01T00:00:00","date_gmt":"1970-01-01T00:00:00","guid":{"rendered":"https:\/\/elfsight.com\/pt\/?page_id=4818"},"modified":"2025-01-31T05:50:53","modified_gmt":"2025-01-31T05:50:53","slug":"joomla","status":"publish","type":"page","link":"https:\/\/elfsight.com\/pt\/whatsapp-chat-widget\/joomla\/","title":{"rendered":"Whatsapp Chat &#8211; Joomla"},"content":{"rendered":"\n<div class=\"application-platform-content-item-description application-platform-content-item\" id=\"description\" data-nav-section=\"description\"> <h2>Incorpore o bate-papo do WhatsApp com o widget da Elfsight<\/h2> <p>O plug-in do WhatsApp criado pela Elfsight \u00e9 a ferramenta mais pr\u00e1tica para os clientes do seu site se comunicarem voc\u00ea e obter respostas para suas perguntas e solicita\u00e7\u00f5es. Voc\u00ea \u00e9 livre para ficar dispon\u00edvel ao vivo para os usu\u00e1rios em seu mensageiro mais querido, onde quer que esteja. Incorpore o chat em sua loja e ele aparecer\u00e1 em p\u00e1ginas selecionadas ou para tipos espec\u00edficos de clientes, ative gatilhos de in\u00edcio de chat, insira sua pr\u00f3pria mensagem de boas-vindas, altere \u00edcones e muito mais. Utilizando o chat do WhatsApp Live em seu site, voc\u00ea entrar\u00e1 em contato com sua clientela a qualquer hora e de qualquer lugar. <\/p> <div class=\"faq\" data-component=\"FAQ\"><div class=\"faq-item\">\r\n\t\t\t\t\t<div class=\"faq-item-question\">\r\n\t\t\t\t\t\t<h3 class=\"faq-item-question-text\">Como adicionar o bot\u00e3o WhatsApp Chat a um site Joomla?<\/h3>\r\n\r\n\t\t\t\t\t\t<div class=\"faq-item-question-icon\"><\/div>\r\n\t\t\t\t\t<\/div>\r\n\r\n\t\t\t\t\t<div class=\"faq-item-answer\">\r\n\t\t\t\t\t\t<div class=\"faq-item-answer-text\"><p>Adicionar a extens\u00e3o WhatsApp Chat ao Joomla leva alguns minutos . Al\u00e9m do mais, voc\u00ea n\u00e3o precisa ter nenhuma profici\u00eancia em programa\u00e7\u00e3o. <\/p><ol><li>Regule o plugin para Joomla no configurador gratuito e veja as altera\u00e7\u00f5es ao vivo. <\/li> <li>Clique no c\u00f3digo para copi\u00e1-lo. <\/li> <li>Insira o c\u00f3digo da extens\u00e3o do WhatsApp Chat no local desejado no backend do Joomla. <\/li> <li>Entendi! A incorpora\u00e7\u00e3o do m\u00f3dulo de chat no Joomla est\u00e1 aperfei\u00e7oada! <\/li><\/ol><p>Est\u00e1 tendo problemas para inserir o plugin no Joomla ou format\u00e1-lo? Voc\u00ea pode ver o guia completo <a href=\"https:\/\/elfsight.com\/tutorials\/how-to-add-whatsapp-chat-widget-to-website\/#how-to-add-whatsapp-to-joomla\">nesta p\u00e1gina<\/a>.<\/p><\/div>\r\n\t\t\t\t\t<\/div>\r\n\t\t\t\t<\/div><div class=\"faq-item\">\r\n\t\t\t\t\t<div class=\"faq-item-question\">\r\n\t\t\t\t\t\t<h3 class=\"faq-item-question-text\">Tenho a oportunidade de ver como o m\u00f3dulo ficar\u00e1 em um site?<\/h3>\r\n\r\n\t\t\t\t\t\t<div class=\"faq-item-question-icon\"><\/div>\r\n\t\t\t\t\t<\/div>\r\n\r\n\t\t\t\t\t<div class=\"faq-item-answer\">\r\n\t\t\t\t\t\t<div class=\"faq-item-answer-text\"><p>Certamente! No processo de produ\u00e7\u00e3o do plugin de chat do Joomla <a href=\"https:\/\/elfsight.com\/whatsapp-chat-widget\/#demo\">no construtor ao vivo<\/a>, voc\u00ea ver\u00e1 todas as revis\u00f5es no parte direita do editor. Sua caixa de bate-papo ser\u00e1 id\u00eantica \u00e0 que voc\u00ea ter\u00e1 em um site Joomla.<\/p><\/div>\r\n\t\t\t\t\t<\/div>\r\n\t\t\t\t<\/div><div class=\"faq-item\">\r\n\t\t\t\t\t<div class=\"faq-item-question\">\r\n\t\t\t\t\t\t<h3 class=\"faq-item-question-text\">Quais extens\u00f5es populares s\u00e3o essenciais para um site Joomla?<\/h3>\r\n\r\n\t\t\t\t\t\t<div class=\"faq-item-question-icon\"><\/div>\r\n\t\t\t\t\t<\/div>\r\n\r\n\t\t\t\t\t<div class=\"faq-item-answer\">\r\n\t\t\t\t\t\t<div class=\"faq-item-answer-text\"><p> Existem muitos m\u00f3dulos vers\u00e1teis da Elfsight que voc\u00ea pode adicionar ao seu site criado em Joomla. Por exemplo, existem muitos tipos de bot\u00f5es de bate-papo: <a href=\"https:\/\/elfsight.com\/all-in-one-chat-widget\/joomla\/\">Bate-papo tudo-em-um<\/a> e <a href=\"https:\/\/elfsight.com\/whatsapp-chat-widget\/joomla\/\">WhatsApp Chat<\/a> &#8211; para se comunicar com seus clientes dentro do seu site. Al\u00e9m disso, <a href=\"https:\/\/elfsight.com\/online-form-builder\/joomla\/\">Formul\u00e1rios on-line<\/a>, <a href=\"https:\/\/elfsight.com\/pdf-embed-widget\/joomla\/\">PDF Embed<\/a> e <a href=\"https:\/\/elfsight.com\/instagram-feed-instashow\/joomla\/\">Instagram Feed<\/a>, para ampliar o conte\u00fado do site e adicionar conte\u00fado din\u00e2mico elementos.<\/p><\/div>\r\n\t\t\t\t\t<\/div>\r\n\t\t\t\t<\/div><\/div><\/div> <div class=\"application-platform-content-item-features application-platform-content-item\" id=\"features\" data-nav-section=\"features\"> <h2>Principais recursos do m\u00f3dulo de bate-papo do WhatsApp<\/h2> <p>Para obter um conhecimento claro sobre o Joomla Chat, aqui est\u00e1 a lista de suas principais fun\u00e7\u00f5es. Eles tornam nosso widget ben\u00e9fico para voc\u00ea: <\/p> <ul><li>Configure o WhatsApp Messenger em seu site para ter bate-papos ao vivo com pessoas; <\/li><li>Continue se comunicando diretamente da sua conta do WhatsApp; <\/li><li>Use 3 tipos de posi\u00e7\u00e3o do m\u00f3dulo: bolha flutuante, bolha incorporada e janela de bate-papo incorporada; <\/li><li>Use uma biblioteca de \u00edcones de bolha para escolher; <\/li><li>Insira seu texto pessoal no bal\u00e3o de bate-papo. <\/li><\/ul><p><a href=\"#demo\">A demonstra\u00e7\u00e3o abrir\u00e1 mais recursos para voc\u00ea<\/a><\/p> <\/div> <div class=\"application-platform-content-item-installation application-platform-content-item\" id=\"installation\" data-nav-section=\"installation\"> <h2> Como adicionar o plugin Whatsapp Live Chat ao seu Joomla<\/h2><div class=\"video-container\"><iframe width=\"720\" height=\"405\" src=\"https:\/\/www.youtube.com\/embed\/DYT1PiJuOy0\" frameborder=\"0\" allowfullscreen=\"\"><\/iframe><\/div><p>Basta seguir alguns passos descritos abaixo para ativar o plugin no Joomla.<\/p> <ol><li><b> Inicie nosso configurador gratuito e comece a criar sua extens\u00e3o de bate-papo do Whatsapp personalizada. <\/b><br> Especifique a apar\u00eancia e os aspectos desej\u00e1veis \u200b\u200bdo plugin e aplique as corre\u00e7\u00f5es. <\/li> <li><b>Copie o seu c\u00f3digo pessoal que aparece na janela das aplica\u00e7\u00f5es Elfsight. <\/b><br> Ap\u00f3s a personaliza\u00e7\u00e3o da sua extens\u00e3o, copie o c\u00f3digo pessoal na caixa que aparece e salve-o para uso posterior. <\/li> <li><b>Inicie a utiliza\u00e7\u00e3o da ferramenta em seu site Joomla. <\/b><br> Coloque o c\u00f3digo que voc\u00ea copiou recentemente em seu site e aplique as edi\u00e7\u00f5es. <\/li> <li><b>A configura\u00e7\u00e3o foi executada com sucesso. <\/b><br> Acesse seu site para inspecionar o desempenho da ferramenta. <\/li><\/ol><p>Ainda duvida de alguma coisa? Ou tem d\u00favidas? Basta encaminhar uma solicita\u00e7\u00e3o para nossa equipe de suporte e eles resolver\u00e3o qualquer problema. <\/p> <\/div><div class=\"faq\" data-component=\"FAQ\"><div class=\"faq-item\">\r\n\t\t\t\t\t<div class=\"faq-item-question\">\r\n\t\t\t\t\t\t<h3 class=\"faq-item-question-text\">Como adicionar o Whatsapp Chat ao meu Joomla sem conhecimento de codifica\u00e7\u00e3o?<\/h3>\r\n\r\n\t\t\t\t\t\t<div class=\"faq-item-question-icon\"><\/div>\r\n\t\t\t\t\t<\/div>\r\n\r\n\t\t\t\t\t<div class=\"faq-item-answer\">\r\n\t\t\t\t\t\t<div class=\"faq-item-answer-text\"><p>A empresa Elfsight oferece uma solu\u00e7\u00e3o Cloud que permite que um grande p\u00fablico crie voc\u00ea mesmo uma se\u00e7\u00e3o de bate-papo do Whatsapp, descubra como \u00e9 simples: <\/p><ul><li>Trabalhe diretamente na demonstra\u00e7\u00e3o ao vivo para estabelecer uma se\u00e7\u00e3o de bate-papo do Whatsapp que voc\u00ea gostaria de incorporar em seu site Joomla.<\/li><li>Selecione um dos muitos modelos pr\u00e9-concebidos e altere as configura\u00e7\u00f5es do Whatsapp Chat, adicione seu conte\u00fado, altere o layout e a cor dos elementos sem qualquer experi\u00eancia de codifica\u00e7\u00e3o.<\/li><li>Salve o Whatsapp Chat e copie seu c\u00f3digo para incorpora\u00e7\u00e3o, que pode ser facilmente colado em seu site Joomla sem comprar um plano pago. <\/li><\/ul><p>Com a ajuda do configurador intuitivo, qualquer usu\u00e1rio da web pode criar um widget de bate-papo do Whatsapp on-line e inclu\u00ed-lo facilmente na p\u00e1gina inicial do Joomla. N\u00e3o \u00e9 necess\u00e1rio obter uma assinatura paga ou enviar os dados do seu cart\u00e3o para acessar o servi\u00e7o Elfsight. Se voc\u00ea tiver algum problema em qualquer etapa, n\u00e3o hesite em falar com nosso suporte ao cliente.<\/p><\/div>\r\n\t\t\t\t\t<\/div>\r\n\t\t\t\t<\/div><\/div>\n","protected":false},"excerpt":{"rendered":"","protected":false},"author":9,"featured_media":0,"parent":347,"menu_order":0,"comment_status":"closed","ping_status":"closed","template":"templates\/template-application-platform.php","meta":{"publish_to_discourse":"","publish_post_category":"","wpdc_auto_publish_overridden":"","wpdc_topic_tags":"","wpdc_pin_topic":"","wpdc_pin_until":"","discourse_post_id":"","discourse_permalink":"","wpdc_publishing_response":"","wpdc_publishing_error":"","footnotes":""},"class_list":["post-4818","page","type-page","status-publish","hentry"],"yoast_head":"<!-- This site is optimized with the Yoast SEO plugin v25.3.1 - https:\/\/yoast.com\/wordpress\/plugins\/seo\/ -->\n<title>Adicione o plugin Whatsapp Live Chat ao site Joomla (f\u00e1cil e r\u00e1pido)<\/title>\n<meta name=\"description\" content=\"Configure o plugin Whatsapp Live Chat no Joomla em apenas 2 minutos. Explore todas as principais caracter\u00edsticas do melhor m\u00f3dulo de chat em uma demonstra\u00e7\u00e3o gratuita.\" \/>\n<meta name=\"robots\" content=\"index, follow, max-snippet:-1, max-image-preview:large, max-video-preview:-1\" \/>\n<link rel=\"canonical\" href=\"https:\/\/elfsight.com\/pt\/whatsapp-chat-widget\/joomla\/\" \/>\n<meta property=\"og:locale\" content=\"pt_PT\" \/>\n<meta property=\"og:type\" content=\"article\" \/>\n<meta property=\"og:title\" content=\"Adicione o plugin Whatsapp Live Chat ao site Joomla (f\u00e1cil e r\u00e1pido)\" \/>\n<meta property=\"og:description\" content=\"Configure o plugin Whatsapp Live Chat no Joomla em apenas 2 minutos. Explore todas as principais caracter\u00edsticas do melhor m\u00f3dulo de chat em uma demonstra\u00e7\u00e3o gratuita.\" \/>\n<meta property=\"og:url\" content=\"https:\/\/elfsight.com\/pt\/whatsapp-chat-widget\/joomla\/\" \/>\n<meta property=\"og:site_name\" content=\"Elfsight PT\" \/>\n<meta property=\"article:modified_time\" content=\"2025-01-31T05:50:53+00:00\" \/>\n<meta name=\"twitter:card\" content=\"summary_large_image\" \/>\n<meta name=\"twitter:label1\" content=\"Tempo estimado de leitura\" \/>\n\t<meta name=\"twitter:data1\" content=\"5 minutos\" \/>\n<!-- \/ Yoast SEO plugin. -->","yoast_head_json":{"title":"Adicione o plugin Whatsapp Live Chat ao site Joomla (f\u00e1cil e r\u00e1pido)","description":"Configure o plugin Whatsapp Live Chat no Joomla em apenas 2 minutos. Explore todas as principais caracter\u00edsticas do melhor m\u00f3dulo de chat em uma demonstra\u00e7\u00e3o gratuita.","robots":{"index":"index","follow":"follow","max-snippet":"max-snippet:-1","max-image-preview":"max-image-preview:large","max-video-preview":"max-video-preview:-1"},"canonical":"https:\/\/elfsight.com\/pt\/whatsapp-chat-widget\/joomla\/","og_locale":"pt_PT","og_type":"article","og_title":"Adicione o plugin Whatsapp Live Chat ao site Joomla (f\u00e1cil e r\u00e1pido)","og_description":"Configure o plugin Whatsapp Live Chat no Joomla em apenas 2 minutos. Explore todas as principais caracter\u00edsticas do melhor m\u00f3dulo de chat em uma demonstra\u00e7\u00e3o gratuita.","og_url":"https:\/\/elfsight.com\/pt\/whatsapp-chat-widget\/joomla\/","og_site_name":"Elfsight PT","article_modified_time":"2025-01-31T05:50:53+00:00","twitter_card":"summary_large_image","twitter_misc":{"Tempo estimado de leitura":"5 minutos"},"schema":{"@context":"https:\/\/schema.org","@graph":[{"@type":"WebPage","@id":"https:\/\/elfsight.com\/pt\/whatsapp-chat-widget\/joomla\/","url":"https:\/\/elfsight.com\/pt\/whatsapp-chat-widget\/joomla\/","name":"Adicione o plugin Whatsapp Live Chat ao site Joomla (f\u00e1cil e r\u00e1pido)","isPartOf":{"@id":"https:\/\/elfsight.com\/pt\/#website"},"datePublished":"1970-01-01T00:00:00+00:00","dateModified":"2025-01-31T05:50:53+00:00","description":"Configure o plugin Whatsapp Live Chat no Joomla em apenas 2 minutos. Explore todas as principais caracter\u00edsticas do melhor m\u00f3dulo de chat em uma demonstra\u00e7\u00e3o gratuita.","breadcrumb":{"@id":"https:\/\/elfsight.com\/pt\/whatsapp-chat-widget\/joomla\/#breadcrumb"},"inLanguage":"pt-PT","potentialAction":[{"@type":"ReadAction","target":["https:\/\/elfsight.com\/pt\/whatsapp-chat-widget\/joomla\/"]}]},{"@type":"BreadcrumbList","@id":"https:\/\/elfsight.com\/pt\/whatsapp-chat-widget\/joomla\/#breadcrumb","itemListElement":[{"@type":"ListItem","position":1,"name":"Home","item":"https:\/\/elfsight.com\/pt\/"},{"@type":"ListItem","position":2,"name":"WhatsApp Chat","item":"https:\/\/elfsight.com\/pt\/whatsapp-chat-widget\/"},{"@type":"ListItem","position":3,"name":"Whatsapp Chat &#8211; Joomla"}]},{"@type":"WebSite","@id":"https:\/\/elfsight.com\/pt\/#website","url":"https:\/\/elfsight.com\/pt\/","name":"Elfsight PT","description":"Just another Elfsight Sites site","potentialAction":[{"@type":"SearchAction","target":{"@type":"EntryPoint","urlTemplate":"https:\/\/elfsight.com\/pt\/?s={search_term_string}"},"query-input":{"@type":"PropertyValueSpecification","valueRequired":true,"valueName":"search_term_string"}}],"inLanguage":"pt-PT"}]}},"meta_box":{"industry":"","seo_heading":"","heading":"","description":"","cta_heading":"","cta_description":"","application":"340","h1":"Plug-in Joomla Whatsapp Live Chat","h1_caption":"O m\u00f3dulo de intera\u00e7\u00e3o mais pr\u00e1tico para os clientes do seu site","application_category":[],"applications_title":"","applications_request_title":"","applications_request_button_text":"","hero_text":"","hero_video":"","hero_video_schema_markup":"","selling_points_title":"","selling_points_caption":"","selling_points":[],"selling_points_cta_text":"","features_title":"","features":"","ed_cta_examples_text":"","ed_cta_examples_hidden":"","ed_cta_demo_text":"","ed_cta_demo_hidden":"","why_caption":"","why_editor_title":"","why_editor_text":"","why_team_title":"","why_team_text":"","why_service_title":"","why_service_text":"","template_catalog_visible":"0","template_catalog_title":"","template_catalog_text":"","template_catalog_categories_visible":"","demo_title":"Crie seu plugin de bate-papo do Whatsapp","demo_caption":"Configure seu Whatsapp Chat e adicione-o ao seu site Joomla gratuitamente!","default_faq_hidden":"","app_template_category":[],"platform":"52","template_public_id":"","codecanyon_url":"","codecanyon_item_id":"","codecanyon_price":"","pricing_caption":"","pricing_elfsight_apps_hide_column":"","pricing_elfsight_apps_url":"","pricing_codecanyon_price_caption":"","integration_category":[],"integration_request_title":"","integration_request_cta":"","integration_platform":"","integrations":[],"platform_category":[],"video_schema_markup":"","price":"a partir de US$ 0\/m\u00eas","trial":"","benefits":[{"text":"Assist\u00eancia de instala\u00e7\u00e3o gratuita"},{"text":"Suporte excepcional"},{"text":"Garantia de devolu\u00e7\u00e3o do dinheiro em 14 dias"},{"text":"Melhorias gratuitas cont\u00ednuas"}],"button_url":"#demo","button_target_blank":"0","button_nofollow":"0","attributes":[{"name":"Instala\u00e7\u00f5es","content":"100,000 - 500,000","_state":"expanded"},{"name":"Responsivo","content":"Sim","_state":"expanded"},{"name":"Navegadores compat\u00edveis","content":"IE11, Firefox, Safari, Opera, Chrome, Edge"}],"tags":[],"tags_disable_links":"0","hide_more_platforms":"","video_object":"","demo_hide_cta":"0","demo_hide_cloud_options":"0","pricing_title":"","pricing":[{"pricing_icon":"platform","pricing_title":"Elfsight Apps","pricing_title_caption":"Software independente de plataforma","pricing_price":"a partir de US$ 0\/m\u00eas","pricing_price_caption":"comece com plano gratuito","pricing_benefits":[{"text":"Dom\u00ednios ilimitados"},{"text":"Suporte dedicado ao cliente"},{"text":"Suporte dedicado ao cliente"},{"text":"Oferta especial para v\u00e1rios aplicativos"}],"pricing_button_text":"Adicionar ao site","pricing_button_url":"#demo","_state":"expanded"}],"related_apps_title":"","related_apps_hidden":"1","author":"","image":[],"title":"","job":"","social_networks":[]},"_links":{"self":[{"href":"https:\/\/elfsight.com\/pt\/wp-json\/wp\/v2\/pages\/4818","targetHints":{"allow":["GET"]}}],"collection":[{"href":"https:\/\/elfsight.com\/pt\/wp-json\/wp\/v2\/pages"}],"about":[{"href":"https:\/\/elfsight.com\/pt\/wp-json\/wp\/v2\/types\/page"}],"author":[{"embeddable":true,"href":"https:\/\/elfsight.com\/pt\/wp-json\/wp\/v2\/users\/9"}],"replies":[{"embeddable":true,"href":"https:\/\/elfsight.com\/pt\/wp-json\/wp\/v2\/comments?post=4818"}],"version-history":[{"count":3,"href":"https:\/\/elfsight.com\/pt\/wp-json\/wp\/v2\/pages\/4818\/revisions"}],"predecessor-version":[{"id":13668,"href":"https:\/\/elfsight.com\/pt\/wp-json\/wp\/v2\/pages\/4818\/revisions\/13668"}],"up":[{"embeddable":true,"href":"https:\/\/elfsight.com\/pt\/wp-json\/wp\/v2\/pages\/347"}],"wp:attachment":[{"href":"https:\/\/elfsight.com\/pt\/wp-json\/wp\/v2\/media?parent=4818"}],"curies":[{"name":"wp","href":"https:\/\/api.w.org\/{rel}","templated":true}]}}