{"id":4817,"date":"1970-01-01T00:00:00","date_gmt":"1970-01-01T00:00:00","guid":{"rendered":"https:\/\/elfsight.com\/pt\/?page_id=4817"},"modified":"2024-11-13T12:13:03","modified_gmt":"2024-11-13T12:13:03","slug":"joomla","status":"publish","type":"page","link":"https:\/\/elfsight.com\/pt\/youtube-channel-plugin-yottie\/joomla\/","title":{"rendered":"YouTube Gallery &#8211; Joomla"},"content":{"rendered":"<div class=\"application-platform-content-item-description application-platform-content-item\" id=\"description\" data-nav-section=\"description\"><h2>Descri\u00e7\u00e3o<\/h2><p>Um plugin multifuncional para YouTube, que permite incorporar todos os tipos de v\u00eddeos em seu site. Selecione os canais e videoclipes desejados para criar sua playlist pessoal e integr\u00e1-la diretamente na p\u00e1gina no layout correto (galeria de v\u00eddeos, portf\u00f3lio, canal, v\u00eddeo \u00fanico). Nosso plugin se adapta perfeitamente a todos os gadgets e sistemas; possui mais de 100 op\u00e7\u00f5es, modelo flex\u00edvel e muitas caracter\u00edsticas diferentes, que permitem integr\u00e1-lo em diversos sites.<\/p><p><b>Crie uma galeria de v\u00eddeos personalizada eficaz para o m\u00e1ximo interesse de seus clientes.<\/b> <\/p><ul><li><b>Aumente a coopera\u00e7\u00e3o com o p\u00fablico do seu site apoiado pelos v\u00eddeos do YouTube<\/b>.<br>Atraia o p\u00fablico do seu site com conte\u00fado interessante do YouTube e mantenha-o atra\u00eddo cada vez mais. <\/li><li><b>Permita que o conte\u00fado promocional do YouTube atraia mais vendas<\/b>.<br>Integre v\u00eddeos promocionais, v\u00eddeos anal\u00edticos, guias, vis\u00f5es gerais e muito mais para fornecer aos usu\u00e1rios informa\u00e7\u00f5es completas sobre suas ofertas e direcion\u00e1-los para crie um pedido.<\/li><li><b>Principais leitores da sua p\u00e1gina do YouTube<\/b>.<br>Transforme os visitantes do site em seus f\u00e3s no YouTube. Mostre a eles uma variante r\u00e1pida e simples para assistir v\u00eddeos e seguir seu canal diretamente do site.<\/li><\/ul><\/div><div class=\"application-platform-content-item-features application-platform-content-item\" id=\"features\" data-nav-section=\"features\"><h2>Recursos<\/h2><p> As vantagens do plugin Elfsight, que o tornam a melhor ferramenta para incorporar v\u00eddeos do YouTube em uma p\u00e1gina Joomla.<\/p><ul><li>Adicione v\u00eddeos individuais, canais ou listas de reprodu\u00e7\u00e3o;<\/li><li>Escolha o layout do cabe\u00e7alho : Cl\u00e1ssico, Accent, M\u00ednimo;<\/li><li>Alterar largura do widget;<\/li><li>3 modos de reprodu\u00e7\u00e3o: Inline, em pop-up e redirecionamento para o YouTube;<\/li><li>Modo gratuito opcional para role os v\u00eddeos um por um;<\/li><li>5 esquemas de cores prontos;<\/li><li>18 idiomas dispon\u00edveis.<\/li><\/ul><p><a href=\"#demo\">Teste a lista completa de caracter\u00edsticas no editor<\/a><\/p><\/div><div class=\"application-platform-content-item-installation application-platform-content-item\" id=\"installation\" data-nav-section=\"installation\"><h2>Como incorporar o plugin da Galeria de v\u00eddeos do YouTube no site Joomla<\/h2><div class=\"video-container\"><iframe width=\"720\" height=\"405\" src=\"https:\/\/www.youtube.com\/embed\/Qg-cJ6_mHLk\">&lt;\/iframe <\/div><p>Uma instru\u00e7\u00e3o simples da Elfsight sobre como exibir e personalizar a extens\u00e3o sem experi\u00eancia em programa\u00e7\u00e3o web. O tempo total de configura\u00e7\u00e3o \u00e9 de cerca de 1 minuto.<\/p><ol><li><b>Execute nosso configurador gratuito e comece a construir sua extens\u00e3o personalizada. <\/b><br> Escolha o layout e os recursos adequados da extens\u00e3o e aplique todas as corre\u00e7\u00f5es. <\/li> <li><b>Copie o seu c\u00f3digo pessoal que aparece na caixa nas aplica\u00e7\u00f5es Elfsight. <\/b><br> Quando a configura\u00e7\u00e3o da sua extens\u00e3o for conclu\u00edda, copie o c\u00f3digo pessoal da caixa exibida e guarde-o para uso posterior. <\/li> <li><b>Comece a usar a extens\u00e3o em seu site Joomla. <\/b><br> Insira o c\u00f3digo que voc\u00ea salvou anteriormente em seu site e aplique as melhorias. <\/li> <li><b>A configura\u00e7\u00e3o est\u00e1 totalmente conclu\u00edda. <\/b><br> Acesse seu site para ver em a\u00e7\u00e3o como a extens\u00e3o funciona. <\/li><\/ol><p>Ocorreu algum problema durante a instala\u00e7\u00e3o ou altera\u00e7\u00e3o dos par\u00e2metros da extens\u00e3o do YouTube? Basta usar uma instru\u00e7\u00e3o estendida \u00ab<a href=\"https:\/\/elfsight.com\/tutorials\/how-to-add-youtube-gallery-plugin-to-joomla\/\" target=\"_blank\" rel=\"noopener noreferrer\"> Como adicionar o YouTube no Joomla<\/a>\u00bb e fa\u00e7a isso sozinho mais uma vez ou escreva para o suporte ao cliente da Elfsight com uma explica\u00e7\u00e3o abrangente do problema.<\/p><\/div><div class=\"faq\" data-component=\"FAQ\"> <div class=\"faq-item\">\r\n\t\t\t\t\t<div class=\"faq-item-question\">\r\n\t\t\t\t\t\t<h3 class=\"faq-item-question-text\">Como posso adicionar uma Galeria do YouTube ao site Joomla? <\/h3>\r\n\r\n\t\t\t\t\t\t<div class=\"faq-item-question-icon\"><\/div>\r\n\t\t\t\t\t<\/div>\r\n\r\n\t\t\t\t\t<div class=\"faq-item-answer\">\r\n\t\t\t\t\t\t<div class=\"faq-item-answer-text\"><p>A cria\u00e7\u00e3o da ferramenta ocorre nas p\u00e1ginas da Elfsight e n\u00e3o necessita de codifica\u00e7\u00e3o. Use nossa demonstra\u00e7\u00e3o ativa para projetar seu widget pessoal, obter o c\u00f3digo e adicion\u00e1-lo ao seu site. <\/p><\/div>\r\n\t\t\t\t\t<\/div>\r\n\t\t\t\t<\/div><div class=\"faq-item\">\r\n\t\t\t\t\t<div class=\"faq-item-question\">\r\n\t\t\t\t\t\t<h3 class=\"faq-item-question-text\">As melhores maneiras de usar a integra\u00e7\u00e3o do plug-in de v\u00eddeo do YouTube<\/h3>\r\n\r\n\t\t\t\t\t\t<div class=\"faq-item-question-icon\"><\/div>\r\n\t\t\t\t\t<\/div>\r\n\r\n\t\t\t\t\t<div class=\"faq-item-answer\">\r\n\t\t\t\t\t\t<div class=\"faq-item-answer-text\"><p>Temos uma s\u00e9rie de oportunidades de personaliza\u00e7\u00e3o: widgets em grande escala para incorpora\u00e7\u00e3o na zona de conte\u00fado , widgets flutuantes para op\u00e7\u00f5es de rolagem, layouts de rodap\u00e9, cabe\u00e7alho e todos os tipos de oportunidades verticais para barras laterais e menus de sites. <\/p><\/div>\r\n\t\t\t\t\t<\/div>\r\n\t\t\t\t<\/div><div class=\"faq-item\">\r\n\t\t\t\t\t<div class=\"faq-item-question\">\r\n\t\t\t\t\t\t<h3 class=\"faq-item-question-text\">Posso criar uma lista de reprodu\u00e7\u00e3o do YouTube ou um widget de v\u00eddeo \u00fanico atrav\u00e9s da ag\u00eancia do editor? <\/h3>\r\n\r\n\t\t\t\t\t\t<div class=\"faq-item-question-icon\"><\/div>\r\n\t\t\t\t\t<\/div>\r\n\r\n\t\t\t\t\t<div class=\"faq-item-answer\">\r\n\t\t\t\t\t\t<div class=\"faq-item-answer-text\"><p>Voc\u00ea \u00e9 livre para criar modifica\u00e7\u00f5es em qualquer widget. Existem v\u00e1rios layouts \u00e0 sua disposi\u00e7\u00e3o no editor, e todos eles podem ser facilmente personalizados conforme sua necessidade. <\/p><\/div>\r\n\t\t\t\t\t<\/div>\r\n\t\t\t\t<\/div><\/div>","protected":false},"excerpt":{"rendered":"","protected":false},"author":9,"featured_media":0,"parent":415,"menu_order":0,"comment_status":"closed","ping_status":"closed","template":"templates\/template-application-platform.php","meta":{"publish_to_discourse":"","publish_post_category":"","wpdc_auto_publish_overridden":"","wpdc_topic_tags":"","wpdc_pin_topic":"","wpdc_pin_until":"","discourse_post_id":"","discourse_permalink":"","wpdc_publishing_response":"","wpdc_publishing_error":"","footnotes":""},"class_list":["post-4817","page","type-page","status-publish","hentry"],"yoast_head":"<!-- This site is optimized with the Yoast SEO plugin v25.3.1 - https:\/\/yoast.com\/wordpress\/plugins\/seo\/ -->\n<title>Plug-in Joomla do YouTube - Adicione a galeria de v\u00eddeos do YouTube ao site<\/title>\n<meta name=\"description\" content=\"Crie um plugin do YouTube incompar\u00e1vel para o seu site Joomla em apenas 3 minutos! Experimente o painel gratuito da Elfsight para gerar a sua pr\u00f3pria galeria de v\u00eddeos do YouTube.\" \/>\n<meta name=\"robots\" content=\"index, follow, max-snippet:-1, max-image-preview:large, max-video-preview:-1\" \/>\n<link rel=\"canonical\" href=\"https:\/\/elfsight.com\/pt\/youtube-channel-plugin-yottie\/joomla\/\" \/>\n<meta property=\"og:locale\" content=\"pt_PT\" \/>\n<meta property=\"og:type\" content=\"article\" \/>\n<meta property=\"og:title\" content=\"Plug-in Joomla do YouTube - Adicione a galeria de v\u00eddeos do YouTube ao site\" \/>\n<meta property=\"og:description\" content=\"Crie um plugin do YouTube incompar\u00e1vel para o seu site Joomla em apenas 3 minutos! Experimente o painel gratuito da Elfsight para gerar a sua pr\u00f3pria galeria de v\u00eddeos do YouTube.\" \/>\n<meta property=\"og:url\" content=\"https:\/\/elfsight.com\/pt\/youtube-channel-plugin-yottie\/joomla\/\" \/>\n<meta property=\"og:site_name\" content=\"Elfsight PT\" \/>\n<meta property=\"article:modified_time\" content=\"2024-11-13T12:13:03+00:00\" \/>\n<meta name=\"twitter:card\" content=\"summary_large_image\" \/>\n<meta name=\"twitter:label1\" content=\"Tempo estimado de leitura\" \/>\n\t<meta name=\"twitter:data1\" content=\"2 minutos\" \/>\n<!-- \/ Yoast SEO plugin. -->","yoast_head_json":{"title":"Plug-in Joomla do YouTube - Adicione a galeria de v\u00eddeos do YouTube ao site","description":"Crie um plugin do YouTube incompar\u00e1vel para o seu site Joomla em apenas 3 minutos! Experimente o painel gratuito da Elfsight para gerar a sua pr\u00f3pria galeria de v\u00eddeos do YouTube.","robots":{"index":"index","follow":"follow","max-snippet":"max-snippet:-1","max-image-preview":"max-image-preview:large","max-video-preview":"max-video-preview:-1"},"canonical":"https:\/\/elfsight.com\/pt\/youtube-channel-plugin-yottie\/joomla\/","og_locale":"pt_PT","og_type":"article","og_title":"Plug-in Joomla do YouTube - Adicione a galeria de v\u00eddeos do YouTube ao site","og_description":"Crie um plugin do YouTube incompar\u00e1vel para o seu site Joomla em apenas 3 minutos! Experimente o painel gratuito da Elfsight para gerar a sua pr\u00f3pria galeria de v\u00eddeos do YouTube.","og_url":"https:\/\/elfsight.com\/pt\/youtube-channel-plugin-yottie\/joomla\/","og_site_name":"Elfsight PT","article_modified_time":"2024-11-13T12:13:03+00:00","twitter_card":"summary_large_image","twitter_misc":{"Tempo estimado de leitura":"2 minutos"},"schema":{"@context":"https:\/\/schema.org","@graph":[{"@type":"WebPage","@id":"https:\/\/elfsight.com\/pt\/youtube-channel-plugin-yottie\/joomla\/","url":"https:\/\/elfsight.com\/pt\/youtube-channel-plugin-yottie\/joomla\/","name":"Plug-in Joomla do YouTube - Adicione a galeria de v\u00eddeos do YouTube ao site","isPartOf":{"@id":"https:\/\/elfsight.com\/pt\/#website"},"datePublished":"1970-01-01T00:00:00+00:00","dateModified":"2024-11-13T12:13:03+00:00","description":"Crie um plugin do YouTube incompar\u00e1vel para o seu site Joomla em apenas 3 minutos! Experimente o painel gratuito da Elfsight para gerar a sua pr\u00f3pria galeria de v\u00eddeos do YouTube.","breadcrumb":{"@id":"https:\/\/elfsight.com\/pt\/youtube-channel-plugin-yottie\/joomla\/#breadcrumb"},"inLanguage":"pt-PT","potentialAction":[{"@type":"ReadAction","target":["https:\/\/elfsight.com\/pt\/youtube-channel-plugin-yottie\/joomla\/"]}]},{"@type":"BreadcrumbList","@id":"https:\/\/elfsight.com\/pt\/youtube-channel-plugin-yottie\/joomla\/#breadcrumb","itemListElement":[{"@type":"ListItem","position":1,"name":"Home","item":"https:\/\/elfsight.com\/pt\/"},{"@type":"ListItem","position":2,"name":"YouTube Gallery","item":"https:\/\/elfsight.com\/pt\/youtube-channel-plugin-yottie\/"},{"@type":"ListItem","position":3,"name":"YouTube Gallery &#8211; Joomla"}]},{"@type":"WebSite","@id":"https:\/\/elfsight.com\/pt\/#website","url":"https:\/\/elfsight.com\/pt\/","name":"Elfsight PT","description":"Just another Elfsight Sites site","potentialAction":[{"@type":"SearchAction","target":{"@type":"EntryPoint","urlTemplate":"https:\/\/elfsight.com\/pt\/?s={search_term_string}"},"query-input":{"@type":"PropertyValueSpecification","valueRequired":true,"valueName":"search_term_string"}}],"inLanguage":"pt-PT"}]}},"meta_box":{"industry":"","seo_heading":"","heading":"","description":"","cta_heading":"","cta_description":"","application":"408","h1":"Plug-in de v\u00eddeo Joomla para YouTube","h1_caption":"Fortale\u00e7a o envolvimento de seus usu\u00e1rios por meio de conte\u00fado de v\u00eddeo surpreendente em seu site","application_category":[],"applications_title":"","applications_request_title":"","applications_request_button_text":"","hero_text":"","hero_video":"","hero_video_schema_markup":"","selling_points_title":"","selling_points_caption":"","selling_points":[],"selling_points_cta_text":"","features_title":"","features":"","ed_cta_examples_text":"","ed_cta_examples_hidden":"","ed_cta_demo_text":"","ed_cta_demo_hidden":"","why_caption":"","why_editor_title":"","why_editor_text":"","why_team_title":"","why_team_text":"","why_service_title":"","why_service_text":"","template_catalog_visible":"","template_catalog_title":"","template_catalog_text":"","template_catalog_categories_visible":"","demo_title":"Crie seu plugin da Galeria do YouTube","demo_caption":"Configure sua Galeria do YouTube e adicione-a ao seu site Joomla gratuitamente!","default_faq_hidden":"","app_template_category":[],"platform":"52","template_public_id":"","codecanyon_url":"","codecanyon_item_id":"","codecanyon_price":"","pricing_caption":"","pricing_elfsight_apps_hide_column":"","pricing_elfsight_apps_url":"","pricing_codecanyon_price_caption":"","integration_category":[],"integration_request_title":"","integration_request_cta":"","integration_platform":"","integrations":[],"platform_category":[],"video_schema_markup":"","price":"a partir de US$ 0\/m\u00eas","trial":"","benefits":[{"text":"Servi\u00e7o de instala\u00e7\u00e3o gratuito"},{"text":"Suporte ao cliente competente"},{"text":"Garantia de devolu\u00e7\u00e3o do dinheiro em 14 dias"},{"text":"Melhorias cont\u00ednuas"}],"button_url":"#demo","button_target_blank":"0","button_nofollow":"0","attributes":[{"name":"Instala\u00e7\u00f5es","content":"100,000 - 500,000","_state":"expanded"},{"name":"Responsivo","content":"Sim","_state":"expanded"},{"name":"Navegadores compat\u00edveis","content":"Firefox, Safari, Opera, Chrome, Edge"}],"tags":[],"tags_disable_links":"0","hide_more_platforms":"","video_object":"","demo_hide_cta":"0","demo_hide_cloud_options":"0","pricing_title":"","pricing":[{"pricing_icon":"cloud","pricing_title":"Elfsight Apps","pricing_title_caption":"Vers\u00e3o multiplataforma adequada para qualquer site","pricing_price":"a partir de US$ 0\/m\u00eas","pricing_price_caption":"comece com plano gratuito","pricing_benefits":[{"text":"Sites ilimitados"},{"text":"Suporte r\u00e1pido \u00e0 empresa"},{"text":"Suporte r\u00e1pido \u00e0 empresa"},{"text":"Pre\u00e7o especial para v\u00e1rios aplicativos"}],"pricing_button_text":"Adicionar ao site","pricing_button_url":"#demo","_state":"expanded"}],"related_apps_title":"","related_apps_hidden":"1","author":"","image":[],"title":"","job":"","social_networks":[]},"_links":{"self":[{"href":"https:\/\/elfsight.com\/pt\/wp-json\/wp\/v2\/pages\/4817","targetHints":{"allow":["GET"]}}],"collection":[{"href":"https:\/\/elfsight.com\/pt\/wp-json\/wp\/v2\/pages"}],"about":[{"href":"https:\/\/elfsight.com\/pt\/wp-json\/wp\/v2\/types\/page"}],"author":[{"embeddable":true,"href":"https:\/\/elfsight.com\/pt\/wp-json\/wp\/v2\/users\/9"}],"replies":[{"embeddable":true,"href":"https:\/\/elfsight.com\/pt\/wp-json\/wp\/v2\/comments?post=4817"}],"version-history":[{"count":2,"href":"https:\/\/elfsight.com\/pt\/wp-json\/wp\/v2\/pages\/4817\/revisions"}],"predecessor-version":[{"id":12442,"href":"https:\/\/elfsight.com\/pt\/wp-json\/wp\/v2\/pages\/4817\/revisions\/12442"}],"up":[{"embeddable":true,"href":"https:\/\/elfsight.com\/pt\/wp-json\/wp\/v2\/pages\/415"}],"wp:attachment":[{"href":"https:\/\/elfsight.com\/pt\/wp-json\/wp\/v2\/media?parent=4817"}],"curies":[{"name":"wp","href":"https:\/\/api.w.org\/{rel}","templated":true}]}}