{"id":4814,"date":"1970-01-01T00:00:00","date_gmt":"1970-01-01T00:00:00","guid":{"rendered":"https:\/\/elfsight.com\/pt\/?page_id=4814"},"modified":"2024-11-13T11:51:04","modified_gmt":"2024-11-13T11:51:04","slug":"iframe","status":"publish","type":"page","link":"https:\/\/elfsight.com\/pt\/twitter-feed-widget\/iframe\/","title":{"rendered":"Twitter Feed &#8211; iFrame"},"content":{"rendered":"<div class=\"application-platform-content-item-description application-platform-content-item\" id=\"description\" data-nav-section=\"description\"><h2>Incorpore o Twitter Feed no iFrame com o widget Elfsight<\/h2><p>Com o Elfsight Twitter Feed \u00e9 incrivelmente f\u00e1cil introduzir o feed do Twitter ou selecionar Tweets em seu site IFrame. Aumente o envolvimento do usu\u00e1rio e desenvolva uma confian\u00e7a mais forte do cliente, revelando sua linha do tempo no Twitter ou exibindo tweets de depoimentos do p\u00fablico sobre seus itens. As vantagens mais fortes do feed do Twitter da Elfsight para o seu site s\u00e3o modelos predefinidos para todos os casos de uso poss\u00edveis e par\u00e2metros variados, juntamente com um design flex\u00edvel.<\/p> <p><b>Torne o seu site o mais atraente poss\u00edvel para os clientes e confi\u00e1vel<\/b><\/p> <p><b>Mantenha seu p\u00fablico no site<\/b><br> Mantenha seus clientes em seu site por mais tempo, exibindo Tweets \u00fanicos sobre t\u00f3picos da moda ou envolvendo-os em suas atividades promovidas no Twitter. <\/p><p><b>Promova seu Twitter e seu site ao mesmo tempo<\/b><br> Seu site \u00e9 uma ferramenta adicional para promover sua conta no Twitter, com retu\u00edtes e respostas suportados ali mesmo, enquanto um envolvimento mais forte e a prova social no site ajuda a melhorar a classifica\u00e7\u00e3o de SEO.<\/p><p><b>Aumentar a confian\u00e7a com tweets de depoimentos<\/b><br> Encontre os melhores depoimentos de clientes sobre sua empresa no Twitter e demonstre-os em seu site para aumente a confian\u00e7a do cliente e fa\u00e7a com que suas ofertas pare\u00e7am apetitosas para seus usu\u00e1rios.<\/p><\/div><div class=\"application-platform-content-item-features application-platform-content-item\" id=\"features\" data-nav-section=\"features\"><h2>Principais recursos do widget Feed do Twitter<\/h2><p>Confira a lista de os recursos essenciais do nosso plugin. Eles ajudar\u00e3o voc\u00ea a torn\u00e1-lo o mais ben\u00e9fico para o seu caso:<\/p><ul><li>Avalie os Tweets de depoimento com estrelas;<\/li><li>Defina a altura do plugin ou deixe-o adapt\u00e1vel \u00e0 altura do conte\u00fado;<\/li> <li>Todas as a\u00e7\u00f5es do Tweet s\u00e3o suportadas: responder, retuitar, curtir;<\/li><li>Abertura do Tweet ao clicar no s\u00edmbolo do Twitter;<\/li><li>Seguidores e contagens de seguidores no cabe\u00e7alho.<\/li><\/ul><p><a href=\"#demo\">Confira a demonstra\u00e7\u00e3o ao vivo para ver todos os recursos<\/a><\/p><\/div><div class=\"application-platform-content-item-installation application-platform-content-item\" id=\"installation\" data-nav-section=\"installation\"><h2>Como adicionar feed do Twitter plugin para o site iFrame?<\/h2><p>Simplesmente siga estas etapas para ativar o plugin em seu site:<\/p><ol><li><b>Crie seu plugin personalizado do Twitter<\/b><br> Usando nosso editor gratuito, crie um plugin com layout personalizado e caracter\u00edsticas funcionais. <\/li><li><b>Copie o c\u00f3digo pessoal para adicionar o plugin<\/b><br> Depois de configurar o seu plugin, voc\u00ea receber\u00e1 o c\u00f3digo exclusivo da notifica\u00e7\u00e3o exibida nos aplicativos Elfsight. Copie o c\u00f3digo. <\/li> <li><b> Insira o plugin em seu site iFrame<\/b><br> Escolha o local onde voc\u00ea planeja adicionar o plugin e cole o c\u00f3digo salvo l\u00e1. Salve os resultados. <\/li> <li><b>A configura\u00e7\u00e3o foi bem-sucedida! <\/b><br> Entre na sua p\u00e1gina para visualizar seu plugin. <\/li> <\/ol><p>Tem perguntas ou d\u00favidas? Envie sua solicita\u00e7\u00e3o para o suporte ao cliente da Elfsight que o ajudar\u00e1 com todos os problemas. <\/p> <\/div><div class=\"faq\" data-component=\"FAQ\"><div class=\"faq-item\">\r\n\t\t\t\t\t<div class=\"faq-item-question\">\r\n\t\t\t\t\t\t<h3 class=\"faq-item-question-text\">Existe uma maneira de incorporar o Twitter Feed \u00e0 minha p\u00e1gina inicial do iFrame sem codifica\u00e7\u00e3o?<\/h3>\r\n\r\n\t\t\t\t\t\t<div class=\"faq-item-question-icon\"><\/div>\r\n\t\t\t\t\t<\/div>\r\n\r\n\t\t\t\t\t<div class=\"faq-item-answer\">\r\n\t\t\t\t\t\t<div class=\"faq-item-answer-text\"><p>A empresa Elfsight fornece uma solu\u00e7\u00e3o SaaS que permite que um grande p\u00fablico estabele\u00e7a voc\u00ea mesmo um plugin de feed do Twitter, veja as instru\u00e7\u00f5es simples:<\/p><ul><li>Trabalhe diretamente na demonstra\u00e7\u00e3o ao vivo para formar um plugin de feed do Twitter que voc\u00ea gostaria de integrar no site iFrame. <\/li><li>Escolha um dos muitos modelos prontos e altere as configura\u00e7\u00f5es do Twitter Feed, altere o layout e as cores, adicione seu conte\u00fado sem conhecimento de codifica\u00e7\u00e3o.<\/li><li>Salve as configura\u00e7\u00f5es que voc\u00ea definiu. feito no Twitter Feed e obtenha o c\u00f3digo de instala\u00e7\u00e3o do widget, que voc\u00ea pode colar facilmente em seu site iFrame dentro de um plano gratuito.<\/li><\/ul><p>Com nosso configurador intuitivo, qualquer usu\u00e1rio da Internet pode criar uma se\u00e7\u00e3o de feed do Twitter e col\u00e1-la. para o site do iFrame. N\u00e3o h\u00e1 necessidade de obter um plano pago ou inserir as credenciais do seu cart\u00e3o para acessar nosso Editor. Se voc\u00ea encontrar qualquer tipo de problema, n\u00e3o hesite em falar com nossa equipe de suporte t\u00e9cnico.<\/p><\/div>\r\n\t\t\t\t\t<\/div>\r\n\t\t\t\t<\/div><\/div>","protected":false},"excerpt":{"rendered":"","protected":false},"author":9,"featured_media":0,"parent":832,"menu_order":0,"comment_status":"closed","ping_status":"closed","template":"templates\/template-application-platform.php","meta":{"publish_to_discourse":"","publish_post_category":"","wpdc_auto_publish_overridden":"","wpdc_topic_tags":"","wpdc_pin_topic":"","wpdc_pin_until":"","discourse_post_id":"","discourse_permalink":"","wpdc_publishing_response":"","wpdc_publishing_error":"","footnotes":""},"class_list":["post-4814","page","type-page","status-publish","hentry"],"yoast_head":"<!-- This site is optimized with the Yoast SEO plugin v25.3.1 - https:\/\/yoast.com\/wordpress\/plugins\/seo\/ -->\n<title>Plugin iFrame Twitter Feed para o seu site (gr\u00e1tis e r\u00e1pido)<\/title>\n<meta name=\"description\" content=\"\u00c9 f\u00e1cil construir seu plugin Twitter Feed e public\u00e1-lo em seu site iFrame. O atendimento ao cliente da Elfsight \u00e9 gratuito e r\u00e1pido.\" \/>\n<meta name=\"robots\" content=\"index, follow, max-snippet:-1, max-image-preview:large, max-video-preview:-1\" \/>\n<link rel=\"canonical\" href=\"https:\/\/elfsight.com\/pt\/twitter-feed-widget\/iframe\/\" \/>\n<meta property=\"og:locale\" content=\"pt_PT\" \/>\n<meta property=\"og:type\" content=\"article\" \/>\n<meta property=\"og:title\" content=\"Plugin iFrame Twitter Feed para o seu site (gr\u00e1tis e r\u00e1pido)\" \/>\n<meta property=\"og:description\" content=\"\u00c9 f\u00e1cil construir seu plugin Twitter Feed e public\u00e1-lo em seu site iFrame. O atendimento ao cliente da Elfsight \u00e9 gratuito e r\u00e1pido.\" \/>\n<meta property=\"og:url\" content=\"https:\/\/elfsight.com\/pt\/twitter-feed-widget\/iframe\/\" \/>\n<meta property=\"og:site_name\" content=\"Elfsight PT\" \/>\n<meta property=\"article:modified_time\" content=\"2024-11-13T11:51:04+00:00\" \/>\n<meta name=\"twitter:card\" content=\"summary_large_image\" \/>\n<meta name=\"twitter:label1\" content=\"Tempo estimado de leitura\" \/>\n\t<meta name=\"twitter:data1\" content=\"2 minutos\" \/>\n<!-- \/ Yoast SEO plugin. -->","yoast_head_json":{"title":"Plugin iFrame Twitter Feed para o seu site (gr\u00e1tis e r\u00e1pido)","description":"\u00c9 f\u00e1cil construir seu plugin Twitter Feed e public\u00e1-lo em seu site iFrame. O atendimento ao cliente da Elfsight \u00e9 gratuito e r\u00e1pido.","robots":{"index":"index","follow":"follow","max-snippet":"max-snippet:-1","max-image-preview":"max-image-preview:large","max-video-preview":"max-video-preview:-1"},"canonical":"https:\/\/elfsight.com\/pt\/twitter-feed-widget\/iframe\/","og_locale":"pt_PT","og_type":"article","og_title":"Plugin iFrame Twitter Feed para o seu site (gr\u00e1tis e r\u00e1pido)","og_description":"\u00c9 f\u00e1cil construir seu plugin Twitter Feed e public\u00e1-lo em seu site iFrame. O atendimento ao cliente da Elfsight \u00e9 gratuito e r\u00e1pido.","og_url":"https:\/\/elfsight.com\/pt\/twitter-feed-widget\/iframe\/","og_site_name":"Elfsight PT","article_modified_time":"2024-11-13T11:51:04+00:00","twitter_card":"summary_large_image","twitter_misc":{"Tempo estimado de leitura":"2 minutos"},"schema":{"@context":"https:\/\/schema.org","@graph":[{"@type":"WebPage","@id":"https:\/\/elfsight.com\/pt\/twitter-feed-widget\/iframe\/","url":"https:\/\/elfsight.com\/pt\/twitter-feed-widget\/iframe\/","name":"Plugin iFrame Twitter Feed para o seu site (gr\u00e1tis e r\u00e1pido)","isPartOf":{"@id":"https:\/\/elfsight.com\/pt\/#website"},"datePublished":"1970-01-01T00:00:00+00:00","dateModified":"2024-11-13T11:51:04+00:00","description":"\u00c9 f\u00e1cil construir seu plugin Twitter Feed e public\u00e1-lo em seu site iFrame. O atendimento ao cliente da Elfsight \u00e9 gratuito e r\u00e1pido.","breadcrumb":{"@id":"https:\/\/elfsight.com\/pt\/twitter-feed-widget\/iframe\/#breadcrumb"},"inLanguage":"pt-PT","potentialAction":[{"@type":"ReadAction","target":["https:\/\/elfsight.com\/pt\/twitter-feed-widget\/iframe\/"]}]},{"@type":"BreadcrumbList","@id":"https:\/\/elfsight.com\/pt\/twitter-feed-widget\/iframe\/#breadcrumb","itemListElement":[{"@type":"ListItem","position":1,"name":"Home","item":"https:\/\/elfsight.com\/pt\/"},{"@type":"ListItem","position":2,"name":"Twitter Feed","item":"https:\/\/elfsight.com\/pt\/twitter-feed-widget\/"},{"@type":"ListItem","position":3,"name":"Twitter Feed &#8211; iFrame"}]},{"@type":"WebSite","@id":"https:\/\/elfsight.com\/pt\/#website","url":"https:\/\/elfsight.com\/pt\/","name":"Elfsight PT","description":"Just another Elfsight Sites site","potentialAction":[{"@type":"SearchAction","target":{"@type":"EntryPoint","urlTemplate":"https:\/\/elfsight.com\/pt\/?s={search_term_string}"},"query-input":{"@type":"PropertyValueSpecification","valueRequired":true,"valueName":"search_term_string"}}],"inLanguage":"pt-PT"}]}},"meta_box":{"industry":"","seo_heading":"","heading":"","description":"","cta_heading":"","cta_description":"","application":"831","h1":"Plug-in de feed do Twitter iFrame","h1_caption":"Converta os visitantes do seu site em seguidores do Twitter","application_category":[],"applications_title":"","applications_request_title":"","applications_request_button_text":"","hero_text":"","hero_video":"","hero_video_schema_markup":"","selling_points_title":"","selling_points_caption":"","selling_points":[],"selling_points_cta_text":"","features_title":"","features":"","ed_cta_examples_text":"","ed_cta_examples_hidden":"","ed_cta_demo_text":"","ed_cta_demo_hidden":"","why_caption":"","why_editor_title":"","why_editor_text":"","why_team_title":"","why_team_text":"","why_service_title":"","why_service_text":"","template_catalog_visible":"","template_catalog_title":"","template_catalog_text":"","template_catalog_categories_visible":"","demo_title":"Crie seu widget de feed do Twitter","demo_caption":"Configure seu feed do Twitter e adicione-o ao seu site iFrame gratuitamente!","default_faq_hidden":"","app_template_category":[],"platform":"4911","template_public_id":"","codecanyon_url":"","codecanyon_item_id":"","codecanyon_price":"","pricing_caption":"","pricing_elfsight_apps_hide_column":"","pricing_elfsight_apps_url":"","pricing_codecanyon_price_caption":"","integration_category":[],"integration_request_title":"","integration_request_cta":"","integration_platform":"","integrations":[],"platform_category":[],"video_schema_markup":"","price":"a partir de US$ 0\/m\u00eas","trial":"","benefits":[{"text":"Ajuda de instala\u00e7\u00e3o gratuita"},{"text":"Atendimento ao cliente competente"},{"text":"Garantia de devolu\u00e7\u00e3o do dinheiro em 14 dias"},{"text":"Atualiza\u00e7\u00f5es gratuitas regulares"}],"button_url":"#demo","button_target_blank":"0","button_nofollow":"0","attributes":[{"name":"Instala\u00e7\u00f5es","content":"10,000 - 100,000","_state":"expanded"},{"name":"Responsivo","content":"Sim","_state":"expanded"},{"name":"Navegadores compat\u00edveis","content":"Edge, Chrome, Opera, Safari, Firefox"}],"tags":[],"tags_disable_links":"0","hide_more_platforms":"","video_object":"","demo_hide_cta":"0","demo_hide_cloud_options":"0","pricing_title":"","pricing":[{"pricing_icon":"platform","pricing_title":"Elfsight Apps","pricing_title_caption":"Solu\u00e7\u00e3o digital multiplataforma que funciona em qualquer site","pricing_price":"a partir de US$ 0\/m\u00eas","pricing_price_caption":"comece com plano gratuito","pricing_benefits":[{"text":"Sites ilimitados"},{"text":"Suporte r\u00e1pido e pontual"},{"text":"Suporte r\u00e1pido e pontual"},{"text":"Pre\u00e7o especial para v\u00e1rios aplicativos"}],"pricing_button_text":"Adicionar ao site","pricing_button_url":"#demo","_state":"expanded"}],"related_apps_title":"","related_apps_hidden":"1","author":"","image":[],"title":"","job":"","social_networks":[]},"_links":{"self":[{"href":"https:\/\/elfsight.com\/pt\/wp-json\/wp\/v2\/pages\/4814","targetHints":{"allow":["GET"]}}],"collection":[{"href":"https:\/\/elfsight.com\/pt\/wp-json\/wp\/v2\/pages"}],"about":[{"href":"https:\/\/elfsight.com\/pt\/wp-json\/wp\/v2\/types\/page"}],"author":[{"embeddable":true,"href":"https:\/\/elfsight.com\/pt\/wp-json\/wp\/v2\/users\/9"}],"replies":[{"embeddable":true,"href":"https:\/\/elfsight.com\/pt\/wp-json\/wp\/v2\/comments?post=4814"}],"version-history":[{"count":2,"href":"https:\/\/elfsight.com\/pt\/wp-json\/wp\/v2\/pages\/4814\/revisions"}],"predecessor-version":[{"id":12340,"href":"https:\/\/elfsight.com\/pt\/wp-json\/wp\/v2\/pages\/4814\/revisions\/12340"}],"up":[{"embeddable":true,"href":"https:\/\/elfsight.com\/pt\/wp-json\/wp\/v2\/pages\/832"}],"wp:attachment":[{"href":"https:\/\/elfsight.com\/pt\/wp-json\/wp\/v2\/media?parent=4814"}],"curies":[{"name":"wp","href":"https:\/\/api.w.org\/{rel}","templated":true}]}}