{"id":4811,"date":"1970-01-01T00:00:00","date_gmt":"1970-01-01T00:00:00","guid":{"rendered":"https:\/\/elfsight.com\/pt\/?page_id=4811"},"modified":"2025-02-10T06:48:13","modified_gmt":"2025-02-10T06:48:13","slug":"iframe","status":"publish","type":"page","link":"https:\/\/elfsight.com\/pt\/youtube-channel-plugin-yottie\/iframe\/","title":{"rendered":"YouTube Gallery &#8211; iFrame"},"content":{"rendered":"\n<div class=\"application-platform-content-item-description application-platform-content-item\" id=\"description\" data-nav-section=\"description\"> <h2>Incorpore a Galeria do YouTube no iFrame com o widget Elfsight<\/h2> <p>Este \u00e9 um plugin universal para o YouTube, que ajuda a exibir v\u00eddeos, playlists ou canais em seu site. Selecione os melhores canais e videoclipes separados para compilar sua pr\u00f3pria playlist e demonstr\u00e1-la diretamente na p\u00e1gina web usando o layout mais adequado (galeria de v\u00eddeos, portf\u00f3lio ou v\u00eddeo \u00fanico). O plugin Elfsight \u00e9 totalmente adapt\u00e1vel a todos os gadgets e sistemas, possui cerca de 100 op\u00e7\u00f5es, layout personaliz\u00e1vel e outras vantagens, que lhe d\u00e3o a oportunidade de exibi-lo em todos os sites. Crie uma galeria de v\u00eddeos individual e eficiente para aumentar a aten\u00e7\u00e3o de seus usu\u00e1rios.<\/p><p><b>Aumente a coopera\u00e7\u00e3o com o p\u00fablico do seu site com a ajuda de v\u00eddeos do YouTube<\/b><br>Surpreenda os usu\u00e1rios do seu site com v\u00eddeos emocionantes conte\u00fado de v\u00eddeo do YouTube e mantenha-os mais envolvidos do que nunca.<\/p><p><b>Ganhe o m\u00e1ximo de compras com conte\u00fado do YouTube<\/b><br>Exiba comerciais, rea\u00e7\u00f5es, an\u00e1lises anal\u00edticas, instru\u00e7\u00f5es e outros tipos de v\u00eddeo para forne\u00e7a aos leitores amplas informa\u00e7\u00f5es sobre produtos atraentes e conven\u00e7a-os a realizar uma compra.<\/p><p><b>M\u00e1ximo de f\u00e3s para sua p\u00e1gina do YouTube<\/b><br>Converta o p\u00fablico do site em assinantes no YouTube. Demonstre uma maneira simples e instant\u00e2nea de estudar v\u00eddeos e se inscrever diretamente na p\u00e1gina.<\/p><\/div> <div class=\"application-platform-content-item-features application-platform-content-item\" id=\"features\" data-nav-section=\"features\"> <h2>Principais recursos do widget Galeria do YouTube<\/h2> <p>Aqui s\u00e3o as vantagens deste plugin, que o tornam a melhor maneira de exibir v\u00eddeos do YouTube em uma p\u00e1gina iFrame.<\/p><ul><li>Adicionar fontes ilimitadas;<\/li><li>8 elementos altern\u00e1veis \u200b\u200bdo cabe\u00e7alho; <\/li><li>Defina o espa\u00e7o entre os v\u00eddeos;<\/li><li>13 elementos de pop-up que podem ser ativados\/desativados;<\/li><li>Escolha entre 5 efeitos de altern\u00e2ncia de slides;<\/li> <li>24 elementos pop-up pint\u00e1veis;<\/li><li>AdSense compat\u00edvel para monetiza\u00e7\u00e3o de conte\u00fado.<\/li><\/ul><p><a href=\"#demo\">Teste todas as caracter\u00edsticas na demonstra\u00e7\u00e3o<\/a> <\/p><\/div><div class=\"application-platform-content-item-installation application-platform-content-item\" id=\"installation\" data-nav-section=\"installation\"><h2>Como incorporar um v\u00eddeo ou canal do YouTube em um site iFrame?<\/h2><p>Uma breve instru\u00e7\u00e3o de nossa equipe sobre a configura\u00e7\u00e3o do plug-in. N\u00e3o \u00e9 necess\u00e1ria experi\u00eancia em desenvolvimento web. A dura\u00e7\u00e3o total da configura\u00e7\u00e3o \u00e9 inferior a 70 segundos.<\/p><ol><li><b>Construa sua pr\u00f3pria galeria do YouTube<\/b><br> Gerenciando nosso editor gratuito, gere um plug-in com layout e funcionalidade personalizados. <\/li><li><b>Adquira o c\u00f3digo individual para exibir a Galeria de V\u00eddeos<\/b><br> Depois de configurar o seu plugin, voc\u00ea adquirir\u00e1 o seu c\u00f3digo pessoal na janela que aparece nos aplicativos da Elfsight. Copie o c\u00f3digo. <\/li> <li><b>Exiba o plugin em seu site iFrame<\/b><br> Defina a \u00e1rea onde voc\u00ea gostaria de adicionar o plugin e cole o c\u00f3digo salvo l\u00e1. Publique as altera\u00e7\u00f5es. <\/li> <li><b>Parab\u00e9ns! Voc\u00ea acabou de integrar o plugin!<\/b><br> Entre na sua loja para dar uma olhada na sua galeria.<\/li> <\/ol><p>Ao instalar ou configurar a Galeria do YouTube voc\u00ea teve dificuldades? Voc\u00ea pode verificar um guia estendido \u00abComo incorporar o YouTube no iFrame\u00bb e fazer voc\u00ea mesmo mais uma vez ou entrar em contato com a central de ajuda com uma descri\u00e7\u00e3o das dificuldades.<\/p><\/div><div class=\"faq\" data-component=\"FAQ\"><div class=\"faq-item\">\r\n\t\t\t\t\t<div class=\"faq-item-question\">\r\n\t\t\t\t\t\t<h3 class=\"faq-item-question-text\">Como adiciono uma Galeria do YouTube ao iFrame?<\/h3>\r\n\r\n\t\t\t\t\t\t<div class=\"faq-item-question-icon\"><\/div>\r\n\t\t\t\t\t<\/div>\r\n\r\n\t\t\t\t\t<div class=\"faq-item-answer\">\r\n\t\t\t\t\t\t<div class=\"faq-item-answer-text\"><p>A cria\u00e7\u00e3o do widget ocorre dentro do site da Elfsight e n\u00e3o h\u00e1 necessidade de codifica\u00e7\u00e3o. Acesse nossa demonstra\u00e7\u00e3o online para criar seu pr\u00f3prio plugin, obter o c\u00f3digo e adicion\u00e1-lo ao seu site. <\/p><\/div>\r\n\t\t\t\t\t<\/div>\r\n\t\t\t\t<\/div><div class=\"faq-item\">\r\n\t\t\t\t\t<div class=\"faq-item-question\">\r\n\t\t\t\t\t\t<h3 class=\"faq-item-question-text\">As melhores maneiras de usar a integra\u00e7\u00e3o de v\u00eddeos do YouTube e galeria de canais<\/h3>\r\n\r\n\t\t\t\t\t\t<div class=\"faq-item-question-icon\"><\/div>\r\n\t\t\t\t\t<\/div>\r\n\r\n\t\t\t\t\t<div class=\"faq-item-answer\">\r\n\t\t\t\t\t\t<div class=\"faq-item-answer-text\"><p>Forneceremos diversas op\u00e7\u00f5es de personaliza\u00e7\u00e3o: widgets em tamanho real para implementa\u00e7\u00e3o na \u00e1rea de conte\u00fado, widgets flutuantes para op\u00e7\u00f5es de rolagem, miniaturas para o rodap\u00e9 do seu site, cabe\u00e7alho e todos os tipos de oportunidades verticais para barras laterais e menus do site. <\/p><\/div>\r\n\t\t\t\t\t<\/div>\r\n\t\t\t\t<\/div><div class=\"faq-item\">\r\n\t\t\t\t\t<div class=\"faq-item-question\">\r\n\t\t\t\t\t\t<h3 class=\"faq-item-question-text\">Como fa\u00e7o para construir uma grade de v\u00eddeos do YouTube ou um v\u00eddeo \u00fanico por meio do editor?<\/h3>\r\n\r\n\t\t\t\t\t\t<div class=\"faq-item-question-icon\"><\/div>\r\n\t\t\t\t\t<\/div>\r\n\r\n\t\t\t\t\t<div class=\"faq-item-answer\">\r\n\t\t\t\t\t\t<div class=\"faq-item-answer-text\"><p>Voc\u00ea pode fazer modifica\u00e7\u00f5es em qualquer widget. Existem v\u00e1rios layouts \u00e0 sua disposi\u00e7\u00e3o no editor, e todos eles podem ser facilmente personalizados do jeito que voc\u00ea precisa. <\/p><\/div>\r\n\t\t\t\t\t<\/div>\r\n\t\t\t\t<\/div><\/div>\n","protected":false},"excerpt":{"rendered":"","protected":false},"author":9,"featured_media":0,"parent":415,"menu_order":0,"comment_status":"closed","ping_status":"closed","template":"templates\/template-application-platform.php","meta":{"publish_to_discourse":"","publish_post_category":"","wpdc_auto_publish_overridden":"","wpdc_topic_tags":"","wpdc_pin_topic":"","wpdc_pin_until":"","discourse_post_id":"","discourse_permalink":"","wpdc_publishing_response":"","wpdc_publishing_error":"","footnotes":""},"class_list":["post-4811","page","type-page","status-publish","hentry"],"yoast_head":"<!-- This site is optimized with the Yoast SEO plugin v25.3.1 - https:\/\/yoast.com\/wordpress\/plugins\/seo\/ -->\n<title>Galeria de canais e v\u00eddeos iFrame do YouTube para o seu site (gratuito e r\u00e1pido)<\/title>\n<meta name=\"description\" content=\"Defina uma galeria de v\u00eddeos e canais do YouTube personalizada para o seu site iFrame em apenas 3 minutos! Teste a demonstra\u00e7\u00e3o gratuita da Elfsight para criar seu pr\u00f3prio plugin do YouTube.\" \/>\n<meta name=\"robots\" content=\"index, follow, max-snippet:-1, max-image-preview:large, max-video-preview:-1\" \/>\n<link rel=\"canonical\" href=\"https:\/\/elfsight.com\/pt\/youtube-channel-plugin-yottie\/iframe\/\" \/>\n<meta property=\"og:locale\" content=\"pt_PT\" \/>\n<meta property=\"og:type\" content=\"article\" \/>\n<meta property=\"og:title\" content=\"Galeria de canais e v\u00eddeos iFrame do YouTube para o seu site (gratuito e r\u00e1pido)\" \/>\n<meta property=\"og:description\" content=\"Defina uma galeria de v\u00eddeos e canais do YouTube personalizada para o seu site iFrame em apenas 3 minutos! Teste a demonstra\u00e7\u00e3o gratuita da Elfsight para criar seu pr\u00f3prio plugin do YouTube.\" \/>\n<meta property=\"og:url\" content=\"https:\/\/elfsight.com\/pt\/youtube-channel-plugin-yottie\/iframe\/\" \/>\n<meta property=\"og:site_name\" content=\"Elfsight PT\" \/>\n<meta property=\"article:modified_time\" content=\"2025-02-10T06:48:13+00:00\" \/>\n<meta name=\"twitter:card\" content=\"summary_large_image\" \/>\n<meta name=\"twitter:label1\" content=\"Tempo estimado de leitura\" \/>\n\t<meta name=\"twitter:data1\" content=\"4 minutos\" \/>\n<!-- \/ Yoast SEO plugin. -->","yoast_head_json":{"title":"Galeria de canais e v\u00eddeos iFrame do YouTube para o seu site (gratuito e r\u00e1pido)","description":"Defina uma galeria de v\u00eddeos e canais do YouTube personalizada para o seu site iFrame em apenas 3 minutos! Teste a demonstra\u00e7\u00e3o gratuita da Elfsight para criar seu pr\u00f3prio plugin do YouTube.","robots":{"index":"index","follow":"follow","max-snippet":"max-snippet:-1","max-image-preview":"max-image-preview:large","max-video-preview":"max-video-preview:-1"},"canonical":"https:\/\/elfsight.com\/pt\/youtube-channel-plugin-yottie\/iframe\/","og_locale":"pt_PT","og_type":"article","og_title":"Galeria de canais e v\u00eddeos iFrame do YouTube para o seu site (gratuito e r\u00e1pido)","og_description":"Defina uma galeria de v\u00eddeos e canais do YouTube personalizada para o seu site iFrame em apenas 3 minutos! Teste a demonstra\u00e7\u00e3o gratuita da Elfsight para criar seu pr\u00f3prio plugin do YouTube.","og_url":"https:\/\/elfsight.com\/pt\/youtube-channel-plugin-yottie\/iframe\/","og_site_name":"Elfsight PT","article_modified_time":"2025-02-10T06:48:13+00:00","twitter_card":"summary_large_image","twitter_misc":{"Tempo estimado de leitura":"4 minutos"},"schema":{"@context":"https:\/\/schema.org","@graph":[{"@type":"WebPage","@id":"https:\/\/elfsight.com\/pt\/youtube-channel-plugin-yottie\/iframe\/","url":"https:\/\/elfsight.com\/pt\/youtube-channel-plugin-yottie\/iframe\/","name":"Galeria de canais e v\u00eddeos iFrame do YouTube para o seu site (gratuito e r\u00e1pido)","isPartOf":{"@id":"https:\/\/elfsight.com\/pt\/#website"},"datePublished":"1970-01-01T00:00:00+00:00","dateModified":"2025-02-10T06:48:13+00:00","description":"Defina uma galeria de v\u00eddeos e canais do YouTube personalizada para o seu site iFrame em apenas 3 minutos! Teste a demonstra\u00e7\u00e3o gratuita da Elfsight para criar seu pr\u00f3prio plugin do YouTube.","breadcrumb":{"@id":"https:\/\/elfsight.com\/pt\/youtube-channel-plugin-yottie\/iframe\/#breadcrumb"},"inLanguage":"pt-PT","potentialAction":[{"@type":"ReadAction","target":["https:\/\/elfsight.com\/pt\/youtube-channel-plugin-yottie\/iframe\/"]}]},{"@type":"BreadcrumbList","@id":"https:\/\/elfsight.com\/pt\/youtube-channel-plugin-yottie\/iframe\/#breadcrumb","itemListElement":[{"@type":"ListItem","position":1,"name":"Home","item":"https:\/\/elfsight.com\/pt\/"},{"@type":"ListItem","position":2,"name":"YouTube Gallery","item":"https:\/\/elfsight.com\/pt\/youtube-channel-plugin-yottie\/"},{"@type":"ListItem","position":3,"name":"YouTube Gallery &#8211; iFrame"}]},{"@type":"WebSite","@id":"https:\/\/elfsight.com\/pt\/#website","url":"https:\/\/elfsight.com\/pt\/","name":"Elfsight PT","description":"Just another Elfsight Sites site","potentialAction":[{"@type":"SearchAction","target":{"@type":"EntryPoint","urlTemplate":"https:\/\/elfsight.com\/pt\/?s={search_term_string}"},"query-input":{"@type":"PropertyValueSpecification","valueRequired":true,"valueName":"search_term_string"}}],"inLanguage":"pt-PT"}]}},"meta_box":{"industry":"","seo_heading":"","heading":"","description":"","cta_heading":"","cta_description":"","application":"408","h1":"Galeria de v\u00eddeos e canais do iFrame no YouTube","h1_caption":"Aumente o envolvimento de seus usu\u00e1rios usando conte\u00fado de v\u00eddeo","application_category":[],"applications_title":"","applications_request_title":"","applications_request_button_text":"","hero_text":"","hero_video":"","hero_video_schema_markup":"","selling_points_title":"","selling_points_caption":"","selling_points":[],"selling_points_cta_text":"","features_title":"","features":"","ed_cta_examples_text":"","ed_cta_examples_hidden":"","ed_cta_demo_text":"","ed_cta_demo_hidden":"","why_caption":"","why_editor_title":"","why_editor_text":"","why_team_title":"","why_team_text":"","why_service_title":"","why_service_text":"","template_catalog_visible":"0","template_catalog_title":"","template_catalog_text":"","template_catalog_categories_visible":"","demo_title":"Crie seu widget da Galeria do YouTube","demo_caption":"Configure sua Galeria do YouTube e adicione-a ao seu site iFrame gratuitamente!","default_faq_hidden":"","app_template_category":[],"platform":"4911","template_public_id":"","codecanyon_url":"","codecanyon_item_id":"","codecanyon_price":"","pricing_caption":"","pricing_elfsight_apps_hide_column":"","pricing_elfsight_apps_url":"","pricing_codecanyon_price_caption":"","integration_category":[],"integration_request_title":"","integration_request_cta":"","integration_platform":"","integrations":[],"platform_category":[],"video_schema_markup":"","price":"a partir de US$ 0\/m\u00eas","trial":"","benefits":[{"text":"Servi\u00e7o de instala\u00e7\u00e3o gratuito"},{"text":"Suporte ao cliente experiente"},{"text":"Garantia de reembolso de 14 dias"},{"text":"Melhorias gratuitas cont\u00ednuas"}],"button_url":"#demo","button_target_blank":"0","button_nofollow":"0","attributes":[{"name":"Instala\u00e7\u00f5es","content":"100,000 - 500,000","_state":"expanded"},{"name":"Responsivo","content":"Sim","_state":"expanded"},{"name":"Navegadores compat\u00edveis","content":"Firefox, Safari, Chrome, Edge, Opera"}],"tags":[],"tags_disable_links":"0","hide_more_platforms":"0","video_object":"","demo_hide_cta":"0","demo_hide_cloud_options":"0","pricing_title":"","pricing":[{"pricing_icon":"platform","pricing_title":"Elfsight Apps","pricing_title_caption":"Vers\u00e3o multiplataforma","pricing_price":"a partir de US$ 0\/m\u00eas","pricing_price_caption":"comece com plano gratuito","pricing_benefits":[{"text":"Dom\u00ednios ilimitados"},{"text":"Suporte dedicado e pontual"},{"text":"Suporte dedicado e pontual"},{"text":"Oferta especial para v\u00e1rios aplicativos"}],"pricing_button_text":"Adicionar ao site","pricing_button_url":"#demo","_state":"expanded"}],"related_apps_title":"","related_apps_hidden":"1","author":"","image":[],"title":"","job":"","social_networks":[]},"_links":{"self":[{"href":"https:\/\/elfsight.com\/pt\/wp-json\/wp\/v2\/pages\/4811","targetHints":{"allow":["GET"]}}],"collection":[{"href":"https:\/\/elfsight.com\/pt\/wp-json\/wp\/v2\/pages"}],"about":[{"href":"https:\/\/elfsight.com\/pt\/wp-json\/wp\/v2\/types\/page"}],"author":[{"embeddable":true,"href":"https:\/\/elfsight.com\/pt\/wp-json\/wp\/v2\/users\/9"}],"replies":[{"embeddable":true,"href":"https:\/\/elfsight.com\/pt\/wp-json\/wp\/v2\/comments?post=4811"}],"version-history":[{"count":3,"href":"https:\/\/elfsight.com\/pt\/wp-json\/wp\/v2\/pages\/4811\/revisions"}],"predecessor-version":[{"id":13796,"href":"https:\/\/elfsight.com\/pt\/wp-json\/wp\/v2\/pages\/4811\/revisions\/13796"}],"up":[{"embeddable":true,"href":"https:\/\/elfsight.com\/pt\/wp-json\/wp\/v2\/pages\/415"}],"wp:attachment":[{"href":"https:\/\/elfsight.com\/pt\/wp-json\/wp\/v2\/media?parent=4811"}],"curies":[{"name":"wp","href":"https:\/\/api.w.org\/{rel}","templated":true}]}}