{"id":4808,"date":"1970-01-01T00:00:00","date_gmt":"1970-01-01T00:00:00","guid":{"rendered":"https:\/\/elfsight.com\/pt\/?page_id=4808"},"modified":"2024-11-13T12:12:03","modified_gmt":"2024-11-13T12:12:03","slug":"html","status":"publish","type":"page","link":"https:\/\/elfsight.com\/pt\/twitter-feed-widget\/html\/","title":{"rendered":"Twitter Feed &#8211; HTML"},"content":{"rendered":"<div class=\"application-platform-content-item-description application-platform-content-item\" id=\"description\" data-nav-section=\"description\"><h2>Descri\u00e7\u00e3o<\/h2><p>Com o widget Twitter da Elfsight, \u00e9 surpreendentemente simples colocar o c\u00f3digo do feed do Twitter ou Tweets selecionados no seu site HTML. Aumente a atividade do usu\u00e1rio e tenha maior confian\u00e7a do cliente, publicando uma linha do tempo no Twitter ou exibindo tweets de depoimentos de clientes sobre seus itens. Os melhores benef\u00edcios do Twitter da Elfsight para qualquer site s\u00e3o modelos predefinidos para todos os casos de uso e diferentes par\u00e2metros, juntamente com um design adapt\u00e1vel.<\/p><p><b>Torne o seu site o mais envolvente poss\u00edvel para os usu\u00e1rios e altamente confi\u00e1vel<\/b><\/p><ul><li><b>Aumente sua taxa de engajamento<\/b>.<br>Adicione conte\u00fado novo e brilhante de uma das principais m\u00eddias sociais ao seu site para chamar a aten\u00e7\u00e3o do p\u00fablico. Obtenha uma melhor taxa de engajamento em seu site.<\/li><li><b>Aumente os seguidores<\/b>.<br>O feed interativo do Twitter permite que os usu\u00e1rios assinem sua conta diretamente de seu site. Assim, voc\u00ea pode obter uma fonte adicional de seguidores e impulsionar a comunidade do Twitter.<\/li><li><b>Alta prova social para maior confian\u00e7a do cliente<\/b>.<br>Demonstre seu perfil do Twitter sempre atualizado para convencer os clientes de que seu projeto est\u00e1 em desenvolvimento e que voc\u00ea est\u00e1 aberto para interagir e se aproximar deles.<\/li><\/ul><\/div><div class=\"application-platform-content-item-features application-platform-content-item\" id=\"features\" data-nav-section=\"features\"><h2>Recursos<\/h2><p>As cinco vantagens que fazem do widget Elfsight um c\u00f3digo obrigat\u00f3rio para todos os sites HTML:<\/p><ul><li>O bot\u00e3o Seguir no cabe\u00e7alho ajuda a aumentar o n\u00famero de assinantes da sua conta;<\/li><li> Mostrar\/ocultar elementos de cada Tweet: autor, data, \u00edcone do Twitter e a\u00e7\u00f5es: responder, retuitar, curtir, compartilhar;<\/li><li>Compartilhar tweets no Facebook;<\/li><li>Limite de exibi\u00e7\u00e3o de tweets no feed;<\/li><li>Contagem de retu\u00edtes, contagem de curtidas em tweets.<\/li><\/ul><p><a href=\"#demo\">Mais op\u00e7\u00f5es na demonstra\u00e7\u00e3o da Elfsight<\/a><\/p> <\/div><div class=\"application-platform-content-item-installation application-platform-content-item\" id=\"installation\" data-nav-section=\"installation\"><h2>Como adicionar o c\u00f3digo HTML do widget do Twitter ao site?<\/h2><div class=\"video-container\"><iframe width=\"720\" height=\"405\" src=\"https:\/\/www.youtube.com\/embed\/YMDL0imvL_g\" frameborder=\"0\" allowfullscreen=\"\"><\/iframe><\/div><p>O tempo total do processo \u00e9 inferior a 2 minutos , e um \u00f3timo b\u00f4nus \u00e9 que ele n\u00e3o exige de voc\u00ea compet\u00eancia em programa\u00e7\u00e3o.<\/p><ol><li><b>Crie seu feed do Twitter personalizado<\/b>.<br>Usando nosso editor gratuito, crie um widget com o layout e as op\u00e7\u00f5es desejadas.<\/li><li><b>Adquira um c\u00f3digo para publicar o widget<\/b>.<br>Depois que o widget for criado, obtenha um c\u00f3digo para o widget do Twitter na notifica\u00e7\u00e3o exibida em Aplicativos Elfsight.<\/li><li><b>Publique o widget no seu site HTML<\/b>.<br>Abra o c\u00f3digo da p\u00e1gina no editor HTML, adicione o widget ao local necess\u00e1rio (conte\u00fado, rodap\u00e9, barra lateral etc) e aplique as edi\u00e7\u00f5es.<\/li><li><b>Voc\u00ea executou a instala\u00e7\u00e3o com sucesso!<\/b><br>Acesse o site HTML para verificar seu trabalho.<\/li><\/ol> <p>Trope\u00e7ou em alguma coisa ao inserir o widget ou configur\u00e1-lo do seu jeito? N\u00e3o hesite em entrar em contato com nosso suporte ou leia um <a href=\"https:\/\/elfsight.com\/tutorials\/how-to-add-twitter-feed-widget-to-html\/\" target=\"_blank\" rel=\"noopener noreferrer\">tutorial abrangente<\/a>.<\/p><\/div><div class=\"faq\" data-component=\"FAQ\"><div class=\"faq-item\">\r\n\t\t\t\t\t<div class=\"faq-item-question\">\r\n\t\t\t\t\t\t<h3 class=\"faq-item-question-text\">Existe um m\u00e9todo para adicionar feed do Twitter ao meu Site HTML sem experi\u00eancia em codifica\u00e7\u00e3o?<\/h3>\r\n\r\n\t\t\t\t\t\t<div class=\"faq-item-question-icon\"><\/div>\r\n\t\t\t\t\t<\/div>\r\n\r\n\t\t\t\t\t<div class=\"faq-item-answer\">\r\n\t\t\t\t\t\t<div class=\"faq-item-answer-text\"><p>A empresa Elfsight oferece uma solu\u00e7\u00e3o Cloud que permite ao usu\u00e1rio gerar voc\u00ea mesmo uma se\u00e7\u00e3o de feed do Twitter. Saiba como \u00e9 f\u00e1cil:<\/p><ul><li>V\u00e1 para o Editor ao vivo para criar um aplicativo Twitter Feed que voc\u00ea gostaria de incorporar ao seu site HTML.<\/li><li>Escolha um dos modelos pr\u00e9-concebidos e adapte as configura\u00e7\u00f5es do Twitter Feed, altere o layout e a cor dos elementos, atualize seu conte\u00fado sem codifica\u00e7\u00e3o .<\/li><li>Clique para salvar as configura\u00e7\u00f5es feitas no Twitter Feed e copie seu c\u00f3digo para instala\u00e7\u00e3o, que voc\u00ea pode adicionar facilmente na p\u00e1gina inicial HTML sem comprar um plano pago.<\/li><\/ul> <p>Trabalhando no editor simples, qualquer usu\u00e1rio da web pode criar o aplicativo Twitter Feed on-line e col\u00e1-lo facilmente em uma p\u00e1gina HTML. Voc\u00ea n\u00e3o deve obter uma assinatura paga ou enviar os dados do seu cart\u00e3o para acessar o servi\u00e7o Elfsight. Se voc\u00ea tiver qualquer tipo de problema, sinta-se \u00e0 vontade para entrar em contato com nossa equipe de suporte t\u00e9cnico.<\/p><\/div>\r\n\t\t\t\t\t<\/div>\r\n\t\t\t\t<\/div><\/div>","protected":false},"excerpt":{"rendered":"","protected":false},"author":9,"featured_media":0,"parent":832,"menu_order":0,"comment_status":"closed","ping_status":"closed","template":"templates\/template-application-platform.php","meta":{"publish_to_discourse":"","publish_post_category":"","wpdc_auto_publish_overridden":"","wpdc_topic_tags":"","wpdc_pin_topic":"","wpdc_pin_until":"","discourse_post_id":"","discourse_permalink":"","wpdc_publishing_response":"","wpdc_publishing_error":"","footnotes":""},"class_list":["post-4808","page","type-page","status-publish","hentry"],"yoast_head":"<!-- This site is optimized with the Yoast SEO plugin v25.3.1 - https:\/\/yoast.com\/wordpress\/plugins\/seo\/ -->\n<title>Widget HTML do Twitter - Adicione o c\u00f3digo do feed do Twiiter ao site (em 2 etapas)<\/title>\n<meta name=\"description\" content=\"Exiba o melhor widget de feed do Twitter em seu site HTML. Descubra o editor ao vivo da Elfsight e gere o seu c\u00f3digo HTML do Twitter em apenas 2 minutos.\" \/>\n<meta name=\"robots\" content=\"index, follow, max-snippet:-1, max-image-preview:large, max-video-preview:-1\" \/>\n<link rel=\"canonical\" href=\"https:\/\/elfsight.com\/pt\/twitter-feed-widget\/html\/\" \/>\n<meta property=\"og:locale\" content=\"pt_PT\" \/>\n<meta property=\"og:type\" content=\"article\" \/>\n<meta property=\"og:title\" content=\"Widget HTML do Twitter - Adicione o c\u00f3digo do feed do Twiiter ao site (em 2 etapas)\" \/>\n<meta property=\"og:description\" content=\"Exiba o melhor widget de feed do Twitter em seu site HTML. Descubra o editor ao vivo da Elfsight e gere o seu c\u00f3digo HTML do Twitter em apenas 2 minutos.\" \/>\n<meta property=\"og:url\" content=\"https:\/\/elfsight.com\/pt\/twitter-feed-widget\/html\/\" \/>\n<meta property=\"og:site_name\" content=\"Elfsight PT\" \/>\n<meta property=\"article:modified_time\" content=\"2024-11-13T12:12:03+00:00\" \/>\n<meta name=\"twitter:card\" content=\"summary_large_image\" \/>\n<meta name=\"twitter:label1\" content=\"Tempo estimado de leitura\" \/>\n\t<meta name=\"twitter:data1\" content=\"2 minutos\" \/>\n<!-- \/ Yoast SEO plugin. -->","yoast_head_json":{"title":"Widget HTML do Twitter - Adicione o c\u00f3digo do feed do Twiiter ao site (em 2 etapas)","description":"Exiba o melhor widget de feed do Twitter em seu site HTML. Descubra o editor ao vivo da Elfsight e gere o seu c\u00f3digo HTML do Twitter em apenas 2 minutos.","robots":{"index":"index","follow":"follow","max-snippet":"max-snippet:-1","max-image-preview":"max-image-preview:large","max-video-preview":"max-video-preview:-1"},"canonical":"https:\/\/elfsight.com\/pt\/twitter-feed-widget\/html\/","og_locale":"pt_PT","og_type":"article","og_title":"Widget HTML do Twitter - Adicione o c\u00f3digo do feed do Twiiter ao site (em 2 etapas)","og_description":"Exiba o melhor widget de feed do Twitter em seu site HTML. Descubra o editor ao vivo da Elfsight e gere o seu c\u00f3digo HTML do Twitter em apenas 2 minutos.","og_url":"https:\/\/elfsight.com\/pt\/twitter-feed-widget\/html\/","og_site_name":"Elfsight PT","article_modified_time":"2024-11-13T12:12:03+00:00","twitter_card":"summary_large_image","twitter_misc":{"Tempo estimado de leitura":"2 minutos"},"schema":{"@context":"https:\/\/schema.org","@graph":[{"@type":"WebPage","@id":"https:\/\/elfsight.com\/pt\/twitter-feed-widget\/html\/","url":"https:\/\/elfsight.com\/pt\/twitter-feed-widget\/html\/","name":"Widget HTML do Twitter - Adicione o c\u00f3digo do feed do Twiiter ao site (em 2 etapas)","isPartOf":{"@id":"https:\/\/elfsight.com\/pt\/#website"},"datePublished":"1970-01-01T00:00:00+00:00","dateModified":"2024-11-13T12:12:03+00:00","description":"Exiba o melhor widget de feed do Twitter em seu site HTML. Descubra o editor ao vivo da Elfsight e gere o seu c\u00f3digo HTML do Twitter em apenas 2 minutos.","breadcrumb":{"@id":"https:\/\/elfsight.com\/pt\/twitter-feed-widget\/html\/#breadcrumb"},"inLanguage":"pt-PT","potentialAction":[{"@type":"ReadAction","target":["https:\/\/elfsight.com\/pt\/twitter-feed-widget\/html\/"]}]},{"@type":"BreadcrumbList","@id":"https:\/\/elfsight.com\/pt\/twitter-feed-widget\/html\/#breadcrumb","itemListElement":[{"@type":"ListItem","position":1,"name":"Home","item":"https:\/\/elfsight.com\/pt\/"},{"@type":"ListItem","position":2,"name":"Twitter Feed","item":"https:\/\/elfsight.com\/pt\/twitter-feed-widget\/"},{"@type":"ListItem","position":3,"name":"Twitter Feed &#8211; HTML"}]},{"@type":"WebSite","@id":"https:\/\/elfsight.com\/pt\/#website","url":"https:\/\/elfsight.com\/pt\/","name":"Elfsight PT","description":"Just another Elfsight Sites site","potentialAction":[{"@type":"SearchAction","target":{"@type":"EntryPoint","urlTemplate":"https:\/\/elfsight.com\/pt\/?s={search_term_string}"},"query-input":{"@type":"PropertyValueSpecification","valueRequired":true,"valueName":"search_term_string"}}],"inLanguage":"pt-PT"}]}},"meta_box":{"industry":"","seo_heading":"","heading":"","description":"","cta_heading":"","cta_description":"","application":"831","h1":"Widget HTML do Twitter","h1_caption":"Ferramenta n\u00ba 1 para mostrar o feed do Twitter em seu site","application_category":[],"applications_title":"","applications_request_title":"","applications_request_button_text":"","hero_text":"","hero_video":"","hero_video_schema_markup":"","selling_points_title":"","selling_points_caption":"","selling_points":[],"selling_points_cta_text":"","features_title":"","features":"","ed_cta_examples_text":"","ed_cta_examples_hidden":"","ed_cta_demo_text":"","ed_cta_demo_hidden":"","why_caption":"","why_editor_title":"","why_editor_text":"","why_team_title":"","why_team_text":"","why_service_title":"","why_service_text":"","template_catalog_visible":"","template_catalog_title":"","template_catalog_text":"","template_catalog_categories_visible":"","demo_title":"Crie seu widget de feed do Twitter","demo_caption":"Configure seu feed do Twitter e adicione-o ao seu site HTML gratuitamente!","default_faq_hidden":"","app_template_category":[],"platform":"49","template_public_id":"","codecanyon_url":"","codecanyon_item_id":"","codecanyon_price":"","pricing_caption":"","pricing_elfsight_apps_hide_column":"","pricing_elfsight_apps_url":"","pricing_codecanyon_price_caption":"","integration_category":[],"integration_request_title":"","integration_request_cta":"","integration_platform":"","integrations":[],"platform_category":[],"video_schema_markup":"","price":"a partir de US$ 0\/m\u00eas","trial":"","benefits":[{"text":"Ajuda de instala\u00e7\u00e3o gratuita"},{"text":"Atendimento ao cliente profissional"},{"text":"Garantia de devolu\u00e7\u00e3o do dinheiro em 14 dias"},{"text":"Atualiza\u00e7\u00f5es gratuitas regulares"}],"button_url":"#demo","button_target_blank":"0","button_nofollow":"0","attributes":[{"name":"Instala\u00e7\u00f5es","content":"10,000 - 100,000","_state":"expanded"},{"name":"Responsivo","content":"Sim","_state":"expanded"},{"name":"Navegadores compat\u00edveis","content":"Firefox, Safari, Opera, Chrome, Edge"}],"tags":[],"tags_disable_links":"0","hide_more_platforms":"","video_object":"","demo_hide_cta":"0","demo_hide_cloud_options":"0","pricing_title":"","pricing":[{"pricing_icon":"platform","pricing_title":"Elfsight Apps","pricing_title_caption":"Solu\u00e7\u00e3o digital multiplataforma","pricing_price":"a partir de US$ 0\/m\u00eas","pricing_price_caption":"comece com plano gratuito","pricing_benefits":[{"text":"Sites ilimitados"},{"text":"Suporte profissional da empresa"},{"text":"Suporte profissional da empresa"},{"text":"Oferta por tempo limitado para v\u00e1rios aplicativos"}],"pricing_button_text":"Adicionar ao site","pricing_button_url":"#demo","_state":"expanded"}],"related_apps_title":"","related_apps_hidden":"1","author":"","image":[],"title":"","job":"","social_networks":[]},"_links":{"self":[{"href":"https:\/\/elfsight.com\/pt\/wp-json\/wp\/v2\/pages\/4808","targetHints":{"allow":["GET"]}}],"collection":[{"href":"https:\/\/elfsight.com\/pt\/wp-json\/wp\/v2\/pages"}],"about":[{"href":"https:\/\/elfsight.com\/pt\/wp-json\/wp\/v2\/types\/page"}],"author":[{"embeddable":true,"href":"https:\/\/elfsight.com\/pt\/wp-json\/wp\/v2\/users\/9"}],"replies":[{"embeddable":true,"href":"https:\/\/elfsight.com\/pt\/wp-json\/wp\/v2\/comments?post=4808"}],"version-history":[{"count":2,"href":"https:\/\/elfsight.com\/pt\/wp-json\/wp\/v2\/pages\/4808\/revisions"}],"predecessor-version":[{"id":12350,"href":"https:\/\/elfsight.com\/pt\/wp-json\/wp\/v2\/pages\/4808\/revisions\/12350"}],"up":[{"embeddable":true,"href":"https:\/\/elfsight.com\/pt\/wp-json\/wp\/v2\/pages\/832"}],"wp:attachment":[{"href":"https:\/\/elfsight.com\/pt\/wp-json\/wp\/v2\/media?parent=4808"}],"curies":[{"name":"wp","href":"https:\/\/api.w.org\/{rel}","templated":true}]}}