{"id":4800,"date":"2024-05-03T06:54:40","date_gmt":"2024-05-03T06:54:40","guid":{"rendered":"https:\/\/elfsight.com\/pt\/?page_id=4800"},"modified":"2025-01-31T06:27:51","modified_gmt":"2025-01-31T06:27:51","slug":"google-sites","status":"publish","type":"page","link":"https:\/\/elfsight.com\/pt\/whatsapp-chat-widget\/google-sites\/","title":{"rendered":"WhatsApp Chat &#8211; Google Sites"},"content":{"rendered":"\n<div class=\"application-platform-content-item-description application-platform-content-item\" id=\"description\" data-nav-section=\"description\"><h2>Incorpore o WhatsApp Chat com o widget Elfsight<\/h2> <p>O WhatsApp Chat para Google Sites \u00e9 a ferramenta mais f\u00e1cil para as pessoas do seu site entrarem em contato com voc\u00ea e obter respostas \u00e0s suas perguntas. Voc\u00ea pode ficar dispon\u00edvel para os clientes em seu mensageiro mais popular 24 horas por dia, 7 dias por semana. Adicione o WhatsApp Chat no site e fa\u00e7a com que ele apare\u00e7a em p\u00e1ginas espec\u00edficas ou apenas para determinadas categorias de p\u00fablico, ative gatilhos de in\u00edcio de chat, escreva sua mensagem de boas-vindas personalizada, altere \u00edcones e aplique outras personaliza\u00e7\u00f5es. Ao usar o bate-papo do WhatsApp incorporado no site, voc\u00ea permanecer\u00e1 em contato com seus usu\u00e1rios a qualquer hora e de qualquer lugar.<\/p> <p><b>Torne seu site mais eficiente para objetivos de com\u00e9rcio eletr\u00f4nico com a ajuda do bate-papo do WhatsApp<\/b> <\/p> <\/div> <div class=\"application-platform-content-item-features application-platform-content-item\" id=\"features\" data-nav-section=\"features\"> <h2>Principais recursos do WhatsApp Chat Widget<\/h2> <ul><li>Incorpore o WhatsApp Messenger em seu site para ficar conectado com os espectadores; <\/li><li>Responder mensagens diretamente da sua conta do WhatsApp; <\/li><li>Use tr\u00eas tipos de layout de bate-papo: bal\u00e3o flutuante, bal\u00e3o incorporado e janela de bate-papo incorporada; <\/li><li>Selecione sua variante de \u00edcone de bolha na cole\u00e7\u00e3o de \u00edcones dispon\u00edveis; <\/li><li>Texto de bal\u00e3o edit\u00e1vel. <\/li><\/ul><p><a href=\"#demo\">Experimente todos os recursos de personaliza\u00e7\u00e3o em uma demonstra\u00e7\u00e3o 100% funcional<\/a><\/p> <\/div> <div class=\"application-platform-content-item-installation application-platform-content-item\" id=\"installation\" data-nav-section=\"installation\"> <h2>Como incorporo o WhatsApp Chat no meu site do Google Sites? <\/h2> <p>Basta seguir as orienta\u00e7\u00f5es abaixo para come\u00e7ar a trabalhar com o plugin. <\/p> <ol><li><b>Execute nosso configurador gratuito e comece a formar seu plugin exclusivo. <\/b><br> Especifique o layout selecionado e os par\u00e2metros do plugin e salve as corre\u00e7\u00f5es. <\/li> <li><b>Adquira o seu c\u00f3digo individual que aparece no formul\u00e1rio especial nas aplica\u00e7\u00f5es Elfsight. <\/b><br> Ap\u00f3s a configura\u00e7\u00e3o da sua ferramenta pessoal, copie o c\u00f3digo exclusivo no pop-up exibido e guarde-o para uso futuro. <\/li> <li><b>Inicie o uso do widget na p\u00e1gina inicial do Google Sites. <\/b><br> Incorpore o c\u00f3digo que voc\u00ea copiou recentemente em sua p\u00e1gina inicial e salve as corre\u00e7\u00f5es. <\/li> <li><b>Pronto! A configura\u00e7\u00e3o foi executada com sucesso. <\/b><br> Acesse sua p\u00e1gina para observar o desempenho do widget. <\/li><\/ol> <div class=\"tip-yellow tip\"><b>Devido \u00e0s peculiaridades do funcionamento do Google Sites, o widget pode ter uma apar\u00eancia diferente da demonstra\u00e7\u00e3o on-line. Pedimos desculpas por qualquer inconveniente causado.<\/b><\/div><p>Se tiver d\u00favidas ou problemas, escreva para nossa equipe de suporte. Nosso pessoal ter\u00e1 o maior prazer em resolver todas as dificuldades que voc\u00ea possa ter com o plugin. <\/p> <div class=\"faq\" data-component=\"FAQ\"><div class=\"faq-item\">\r\n\t\t\t\t\t<div class=\"faq-item-question\">\r\n\t\t\t\t\t\t<h3 class=\"faq-item-question-text\">Como posso incorporar um widget de bate-papo do WhatsApp em minha p\u00e1gina do Google Sites sem conhecimentos de codifica\u00e7\u00e3o?<\/h3>\r\n\r\n\t\t\t\t\t\t<div class=\"faq-item-question-icon\"><\/div>\r\n\t\t\t\t\t<\/div>\r\n\r\n\t\t\t\t\t<div class=\"faq-item-answer\">\r\n\t\t\t\t\t\t<div class=\"faq-item-answer-text\"><p>A Elfsight fornece uma solu\u00e7\u00e3o baseada na nuvem que permite aos usu\u00e1rios incorporar um widget de bate-papo do WhatsApp na p\u00e1gina do Google Sites, veja como o processo \u00e9 simples:<\/p><ul><li>Acesse o editor on-line para gerar uma se\u00e7\u00e3o de widget de bate-papo do WhatsApp que voc\u00ea gostaria de integrar \u00e0 sua p\u00e1gina do Google Sites.<\/li> <li>Escolha um de nossos modelos predefinidos e personalize as configura\u00e7\u00f5es do widget de bate-papo do WhatsApp, modifique o layout e o esquema de cores, inclua seu conte\u00fado sem necessidade de codifica\u00e7\u00e3o.<\/li><li>Salve as configura\u00e7\u00f5es que voc\u00ea configurou para o widget de bate-papo do WhatsApp e obtenha o c\u00f3digo do widget para incorpora\u00e7\u00e3o, que pode ser facilmente adicionado \u00e0 sua p\u00e1gina do Google Sites e sem nenhum custo.<\/li><\/ul><p>Ao trabalhar no editor f\u00e1cil de usar, qualquer usu\u00e1rio da Internet pode crie uma se\u00e7\u00e3o de widget de bate-papo do WhatsApp e incorpore-a \u00e0 p\u00e1gina do Google Sites. N\u00e3o h\u00e1 exig\u00eancia de pagamento ou divulga\u00e7\u00e3o dos dados do seu cart\u00e3o para acessar o Editor Elfsight. Se voc\u00ea encontrar alguma dificuldade em qualquer est\u00e1gio, sinta-se \u00e0 vontade para entrar em contato com nosso suporte ao cliente.<\/p><\/div>\r\n\t\t\t\t\t<\/div>\r\n\t\t\t\t<\/div><\/div><\/div>\n","protected":false},"excerpt":{"rendered":"","protected":false},"author":9,"featured_media":0,"parent":347,"menu_order":0,"comment_status":"closed","ping_status":"closed","template":"templates\/template-application-platform.php","meta":{"publish_to_discourse":"","publish_post_category":"","wpdc_auto_publish_overridden":"","wpdc_topic_tags":"","wpdc_pin_topic":"","wpdc_pin_until":"","discourse_post_id":"","discourse_permalink":"","wpdc_publishing_response":"","wpdc_publishing_error":"","footnotes":""},"class_list":["post-4800","page","type-page","status-publish","hentry"],"yoast_head":"<!-- This site is optimized with the Yoast SEO plugin v25.3.1 - https:\/\/yoast.com\/wordpress\/plugins\/seo\/ -->\n<title>WhatsApp Chat - Adicionar widget de bate-papo ao Google Sites (2025)<\/title>\n<meta name=\"description\" content=\"Adicione um widget de bate-papo do WhatsApp responsivo \u00e0 sua p\u00e1gina do Google Sites e ganhe total confian\u00e7a. Utilize a demonstra\u00e7\u00e3o \u00fatil da Elfsight para criar seu recurso exclusivo.\" \/>\n<meta name=\"robots\" content=\"index, follow, max-snippet:-1, max-image-preview:large, max-video-preview:-1\" \/>\n<link rel=\"canonical\" href=\"https:\/\/elfsight.com\/pt\/whatsapp-chat-widget\/google-sites\/\" \/>\n<meta property=\"og:locale\" content=\"pt_PT\" \/>\n<meta property=\"og:type\" content=\"article\" \/>\n<meta property=\"og:title\" content=\"WhatsApp Chat - Adicionar widget de bate-papo ao Google Sites (2025)\" \/>\n<meta property=\"og:description\" content=\"Adicione um widget de bate-papo do WhatsApp responsivo \u00e0 sua p\u00e1gina do Google Sites e ganhe total confian\u00e7a. Utilize a demonstra\u00e7\u00e3o \u00fatil da Elfsight para criar seu recurso exclusivo.\" \/>\n<meta property=\"og:url\" content=\"https:\/\/elfsight.com\/pt\/whatsapp-chat-widget\/google-sites\/\" \/>\n<meta property=\"og:site_name\" content=\"Elfsight PT\" \/>\n<meta property=\"article:modified_time\" content=\"2025-01-31T06:27:51+00:00\" \/>\n<meta name=\"twitter:card\" content=\"summary_large_image\" \/>\n<meta name=\"twitter:label1\" content=\"Tempo estimado de leitura\" \/>\n\t<meta name=\"twitter:data1\" content=\"4 minutos\" \/>\n<!-- \/ Yoast SEO plugin. -->","yoast_head_json":{"title":"WhatsApp Chat - Adicionar widget de bate-papo ao Google Sites (2025)","description":"Adicione um widget de bate-papo do WhatsApp responsivo \u00e0 sua p\u00e1gina do Google Sites e ganhe total confian\u00e7a. Utilize a demonstra\u00e7\u00e3o \u00fatil da Elfsight para criar seu recurso exclusivo.","robots":{"index":"index","follow":"follow","max-snippet":"max-snippet:-1","max-image-preview":"max-image-preview:large","max-video-preview":"max-video-preview:-1"},"canonical":"https:\/\/elfsight.com\/pt\/whatsapp-chat-widget\/google-sites\/","og_locale":"pt_PT","og_type":"article","og_title":"WhatsApp Chat - Adicionar widget de bate-papo ao Google Sites (2025)","og_description":"Adicione um widget de bate-papo do WhatsApp responsivo \u00e0 sua p\u00e1gina do Google Sites e ganhe total confian\u00e7a. Utilize a demonstra\u00e7\u00e3o \u00fatil da Elfsight para criar seu recurso exclusivo.","og_url":"https:\/\/elfsight.com\/pt\/whatsapp-chat-widget\/google-sites\/","og_site_name":"Elfsight PT","article_modified_time":"2025-01-31T06:27:51+00:00","twitter_card":"summary_large_image","twitter_misc":{"Tempo estimado de leitura":"4 minutos"},"schema":{"@context":"https:\/\/schema.org","@graph":[{"@type":"WebPage","@id":"https:\/\/elfsight.com\/pt\/whatsapp-chat-widget\/google-sites\/","url":"https:\/\/elfsight.com\/pt\/whatsapp-chat-widget\/google-sites\/","name":"WhatsApp Chat - Adicionar widget de bate-papo ao Google Sites (2025)","isPartOf":{"@id":"https:\/\/elfsight.com\/pt\/#website"},"datePublished":"2024-05-03T06:54:40+00:00","dateModified":"2025-01-31T06:27:51+00:00","description":"Adicione um widget de bate-papo do WhatsApp responsivo \u00e0 sua p\u00e1gina do Google Sites e ganhe total confian\u00e7a. Utilize a demonstra\u00e7\u00e3o \u00fatil da Elfsight para criar seu recurso exclusivo.","breadcrumb":{"@id":"https:\/\/elfsight.com\/pt\/whatsapp-chat-widget\/google-sites\/#breadcrumb"},"inLanguage":"pt-PT","potentialAction":[{"@type":"ReadAction","target":["https:\/\/elfsight.com\/pt\/whatsapp-chat-widget\/google-sites\/"]}]},{"@type":"BreadcrumbList","@id":"https:\/\/elfsight.com\/pt\/whatsapp-chat-widget\/google-sites\/#breadcrumb","itemListElement":[{"@type":"ListItem","position":1,"name":"Home","item":"https:\/\/elfsight.com\/pt\/"},{"@type":"ListItem","position":2,"name":"WhatsApp Chat","item":"https:\/\/elfsight.com\/pt\/whatsapp-chat-widget\/"},{"@type":"ListItem","position":3,"name":"WhatsApp Chat &#8211; Google Sites"}]},{"@type":"WebSite","@id":"https:\/\/elfsight.com\/pt\/#website","url":"https:\/\/elfsight.com\/pt\/","name":"Elfsight PT","description":"Just another Elfsight Sites site","potentialAction":[{"@type":"SearchAction","target":{"@type":"EntryPoint","urlTemplate":"https:\/\/elfsight.com\/pt\/?s={search_term_string}"},"query-input":{"@type":"PropertyValueSpecification","valueRequired":true,"valueName":"search_term_string"}}],"inLanguage":"pt-PT"}]}},"meta_box":{"industry":"","seo_heading":"","heading":"","description":"","cta_heading":"","cta_description":"","application":"340","h1":"Widget de bate-papo do WhatsApp do Google Sites","h1_caption":"Torne mais f\u00e1cil para os clientes enviarem perguntas, d\u00favidas ou problemas","application_category":[],"applications_title":"","applications_request_title":"","applications_request_button_text":"","hero_text":"","hero_video":"","hero_video_schema_markup":"","selling_points_title":"","selling_points_caption":"","selling_points":[],"selling_points_cta_text":"","features_title":"","features":"","ed_cta_examples_text":"","ed_cta_examples_hidden":"","ed_cta_demo_text":"","ed_cta_demo_hidden":"","why_caption":"","why_editor_title":"","why_editor_text":"","why_team_title":"","why_team_text":"","why_service_title":"","why_service_text":"","template_catalog_visible":"0","template_catalog_title":"","template_catalog_text":"","template_catalog_categories_visible":"","demo_title":"Crie seu widget de bate-papo do WhatsApp","demo_caption":"Configure seu WhatsApp Chat e adicione-o ao seu site do Google Sites gratuitamente!","default_faq_hidden":"","app_template_category":[],"platform":"112","template_public_id":"","codecanyon_url":"","codecanyon_item_id":"","codecanyon_price":"","pricing_caption":"","pricing_elfsight_apps_hide_column":"","pricing_elfsight_apps_url":"","pricing_codecanyon_price_caption":"","integration_category":[],"integration_request_title":"","integration_request_cta":"","integration_platform":"","integrations":[],"platform_category":[],"video_schema_markup":"","price":"a partir de US$ 0\/m\u00eas","trial":"","benefits":[{"text":"Servi\u00e7o de instala\u00e7\u00e3o gratuito"},{"text":"Atendimento ao cliente competente"},{"text":"Garantia de reembolso de 14 dias"},{"text":"Melhorias regulares"}],"button_url":"#demo","button_target_blank":"0","button_nofollow":"0","attributes":[{"name":"Instala\u00e7\u00f5es","content":"10,000 - 100,000","_state":"expanded"},{"name":"Responsivo","content":"Funciona e fica perfeitamente em celulares","_state":"expanded"},{"name":"Navegadores compat\u00edveis","content":"Edge, Opera, Safari, Chrome, Firefox"}],"tags":[],"tags_disable_links":"0","hide_more_platforms":"","video_object":"","demo_hide_cta":"0","demo_hide_cloud_options":"0","pricing_title":"","pricing":[{"pricing_icon":"platform","pricing_title":"Elfsight Apps","pricing_title_caption":"Vers\u00e3o independente de plataforma","pricing_price":"a partir de US$ 0\/m\u00eas","pricing_price_caption":"comece com plano gratuito","pricing_benefits":[{"text":"Dom\u00ednios ilimitados"},{"text":"Suporte profissional ao cliente"},{"text":"Suporte profissional ao cliente"},{"text":"Totalmente personaliz\u00e1vel"}],"pricing_button_text":"Adicionar ao site","pricing_button_url":"#demo","_state":"expanded"}],"related_apps_title":"","related_apps_hidden":"1","author":"","image":[],"title":"","job":"","social_networks":[]},"_links":{"self":[{"href":"https:\/\/elfsight.com\/pt\/wp-json\/wp\/v2\/pages\/4800","targetHints":{"allow":["GET"]}}],"collection":[{"href":"https:\/\/elfsight.com\/pt\/wp-json\/wp\/v2\/pages"}],"about":[{"href":"https:\/\/elfsight.com\/pt\/wp-json\/wp\/v2\/types\/page"}],"author":[{"embeddable":true,"href":"https:\/\/elfsight.com\/pt\/wp-json\/wp\/v2\/users\/9"}],"replies":[{"embeddable":true,"href":"https:\/\/elfsight.com\/pt\/wp-json\/wp\/v2\/comments?post=4800"}],"version-history":[{"count":3,"href":"https:\/\/elfsight.com\/pt\/wp-json\/wp\/v2\/pages\/4800\/revisions"}],"predecessor-version":[{"id":13681,"href":"https:\/\/elfsight.com\/pt\/wp-json\/wp\/v2\/pages\/4800\/revisions\/13681"}],"up":[{"embeddable":true,"href":"https:\/\/elfsight.com\/pt\/wp-json\/wp\/v2\/pages\/347"}],"wp:attachment":[{"href":"https:\/\/elfsight.com\/pt\/wp-json\/wp\/v2\/media?parent=4800"}],"curies":[{"name":"wp","href":"https:\/\/api.w.org\/{rel}","templated":true}]}}