{"id":4799,"date":"1970-01-01T00:00:00","date_gmt":"1970-01-01T00:00:00","guid":{"rendered":"https:\/\/elfsight.com\/pt\/?page_id=4799"},"modified":"2025-02-10T07:01:49","modified_gmt":"2025-02-10T07:01:49","slug":"google-sites","status":"publish","type":"page","link":"https:\/\/elfsight.com\/pt\/youtube-channel-plugin-yottie\/google-sites\/","title":{"rendered":"YouTube Gallery &#8211; Google Sites"},"content":{"rendered":"\n<div class=\"application-platform-content-item-description application-platform-content-item\" id=\"description\" data-nav-section=\"description\"> <h2>Incorpore a Galeria do YouTube no Google Sites com o widget Elfsight<\/h2> <p>Um widget poderoso para o YouTube, que permite exibir qualquer v\u00eddeos no site. Selecione os canais desejados e os videoclipes separados para criar sua playlist exclusiva e exibi-la diretamente na p\u00e1gina usando o layout mais adequado (galeria de v\u00eddeos, portf\u00f3lio, canal, v\u00eddeo \u00fanico). O widget Elfsight \u00e9, em \u00faltima an\u00e1lise, adapt\u00e1vel a todos os dispositivos e plataformas, cont\u00e9m cerca de 100 configura\u00e7\u00f5es, modelo personaliz\u00e1vel e outras caracter\u00edsticas, que lhe d\u00e3o a oportunidade de exibi-lo em todos os sites<\/p> <p><b>Torne o seu site mais bem-sucedido para metas de com\u00e9rcio eletr\u00f4nico com a ajuda da Galeria do YouTube<\/b><\/p> <\/div> <div class=\"faq\" data-component=\"FAQ\"><div class=\"faq-item\">\r\n\t\t\t\t\t<div class=\"faq-item-question\">\r\n\t\t\t\t\t\t<h3 class=\"faq-item-question-text\">Como adiciono uma galeria do YouTube \u00e0 minha Site Google Sites? <\/h3>\r\n\r\n\t\t\t\t\t\t<div class=\"faq-item-question-icon\"><\/div>\r\n\t\t\t\t\t<\/div>\r\n\r\n\t\t\t\t\t<div class=\"faq-item-answer\">\r\n\t\t\t\t\t\t<div class=\"faq-item-answer-text\"><p>A constru\u00e7\u00e3o da ferramenta \u00e9 realizada dentro do servi\u00e7o Elfsight e n\u00e3o necessita de codifica\u00e7\u00e3o. Utilize a demonstra\u00e7\u00e3o ao vivo para personalizar seu aplicativo pessoal, obter o c\u00f3digo e inseri-lo em seu site. <\/p><\/div>\r\n\t\t\t\t\t<\/div>\r\n\t\t\t\t<\/div><div class=\"faq-item\">\r\n\t\t\t\t\t<div class=\"faq-item-question\">\r\n\t\t\t\t\t\t<h3 class=\"faq-item-question-text\">As melhores maneiras de usar a integra\u00e7\u00e3o da Galeria de v\u00eddeos do YouTube<\/h3>\r\n\r\n\t\t\t\t\t\t<div class=\"faq-item-question-icon\"><\/div>\r\n\t\t\t\t\t<\/div>\r\n\r\n\t\t\t\t\t<div class=\"faq-item-answer\">\r\n\t\t\t\t\t\t<div class=\"faq-item-answer-text\"><p>Forneceremos in\u00fameras oportunidades de personaliza\u00e7\u00e3o: widgets completos para adicionar no se\u00e7\u00e3o de conte\u00fado, widgets flutuantes com oportunidades de rolagem, miniaturas para rodap\u00e9, cabe\u00e7alho e todas as varia\u00e7\u00f5es de possibilidades verticais para barras laterais e menus. <\/p><\/div>\r\n\t\t\t\t\t<\/div>\r\n\t\t\t\t<\/div><div class=\"faq-item\">\r\n\t\t\t\t\t<div class=\"faq-item-question\">\r\n\t\t\t\t\t\t<h3 class=\"faq-item-question-text\">Existe a op\u00e7\u00e3o de criar uma Grade ou Galeria de V\u00eddeos \u00danica com a ajuda do seu editor? <\/h3>\r\n\r\n\t\t\t\t\t\t<div class=\"faq-item-question-icon\"><\/div>\r\n\t\t\t\t\t<\/div>\r\n\r\n\t\t\t\t\t<div class=\"faq-item-answer\">\r\n\t\t\t\t\t\t<div class=\"faq-item-answer-text\"><p>Voc\u00ea pode criar altera\u00e7\u00f5es em qualquer widget. Existem v\u00e1rios layouts dispon\u00edveis no editor, e todos eles podem ser facilmente customizados conforme sua necessidade. <\/p><\/div>\r\n\t\t\t\t\t<\/div>\r\n\t\t\t\t<\/div><\/div><div class=\"application-platform-content-item-features application-platform-content-item\" id=\"features\" data-nav-section=\"features\"> <h2>O widget inclui recursos \u00fateis e descomplicados, aqui est\u00e3o alguns deles: <\/h2> <ul><li>Adicionar fontes ilimitadas <\/li><li>15 elementos pint\u00e1veis \u200b\u200bde v\u00eddeo<\/li><li>8 elementos altern\u00e1veis \u200b\u200bde v\u00eddeo: t\u00edtulo, dura\u00e7\u00e3o, descri\u00e7\u00e3o, contagens e muito mais<\/li><li>Teste a lista completa de caracter\u00edsticas no editor<\/li><\/ul><p><a href=\"#demo\">Teste todos os recursos de personaliza\u00e7\u00e3o em uma demonstra\u00e7\u00e3o 100% funcional<\/a><\/p> <\/div> <div class=\"application-platform-content-item-installation application-platform-content-item\" id=\"installation\" data-nav-section=\"installation\"> <h2>Como fa\u00e7o para incorporar a Galeria do YouTube ao meu site do Google Sites? <\/h2> <div class=\"video-container\"><iframe width=\"720\" height=\"405\" src=\"https:\/\/www.youtube.com\/embed\/UNPOt3ipDK0\" frameborder=\"0\" allowfullscreen=\"\"><\/iframe><\/div><p>Basta seguir as instru\u00e7\u00f5es abaixo para integrar o plugin. <\/p> <ol><li><b>Utilize nosso editor gratuito e comece a criar seu widget personalizado. <\/b><br> Escolha a apar\u00eancia preferida e as caracter\u00edsticas funcionais do widget e aplique as modifica\u00e7\u00f5es. <\/li> <li><b>Exponha o seu c\u00f3digo individual na janela das aplica\u00e7\u00f5es Elfsight. <\/b><br> Logo ap\u00f3s finalizar a configura\u00e7\u00e3o do seu widget, copie o c\u00f3digo pessoal na janela que aparece e salve-o para futuras ocasi\u00f5es. <\/li> <li><b>Comece a usar o plug-in na p\u00e1gina inicial do Google Sites. <\/b><br> Integre o c\u00f3digo que voc\u00ea salvou recentemente em seu site e aplique as corre\u00e7\u00f5es. <\/li> <li><b>Pronto! A incorpora\u00e7\u00e3o foi realizada com sucesso. <\/b><br> Acesse seu site para ver como o widget est\u00e1 funcionando. <\/li><\/ol> <div class=\"tip-yellow tip\"><b>Devido \u00e0s peculiaridades do funcionamento do Google Sites, o widget pode ter uma apar\u00eancia diferente da demonstra\u00e7\u00e3o on-line. Pedimos desculpas por qualquer inconveniente causado.<\/b><\/div><p>Na condi\u00e7\u00e3o de lidar com d\u00favidas ou enfrentar alguma dificuldade, n\u00e3o hesite em entrar em contato com nossa equipe de atendimento ao cliente. Nossos consultores est\u00e3o ansiosos para ajud\u00e1-lo com todas as d\u00favidas que voc\u00ea possa ter sobre o produto. <\/p> <\/div>\n","protected":false},"excerpt":{"rendered":"","protected":false},"author":9,"featured_media":0,"parent":415,"menu_order":0,"comment_status":"closed","ping_status":"closed","template":"templates\/template-application-platform.php","meta":{"publish_to_discourse":"","publish_post_category":"","wpdc_auto_publish_overridden":"","wpdc_topic_tags":"","wpdc_pin_topic":"","wpdc_pin_until":"","discourse_post_id":"","discourse_permalink":"","wpdc_publishing_response":"","wpdc_publishing_error":"","footnotes":""},"class_list":["post-4799","page","type-page","status-publish","hentry"],"yoast_head":"<!-- This site is optimized with the Yoast SEO plugin v25.3.1 - https:\/\/yoast.com\/wordpress\/plugins\/seo\/ -->\n<title>\u00cdcones de m\u00eddia social - Adicionar \u00edcones sociais ao Google Sites (2025)<\/title>\n<meta name=\"description\" content=\"Implemente um aplicativo responsivo da Galeria do YouTube em seu site do Google Sites e conquiste total confian\u00e7a. Utilize a demonstra\u00e7\u00e3o da Elfsight para criar seu recurso exclusivo.\" \/>\n<meta name=\"robots\" content=\"index, follow, max-snippet:-1, max-image-preview:large, max-video-preview:-1\" \/>\n<link rel=\"canonical\" href=\"https:\/\/elfsight.com\/pt\/youtube-channel-plugin-yottie\/google-sites\/\" \/>\n<meta property=\"og:locale\" content=\"pt_PT\" \/>\n<meta property=\"og:type\" content=\"article\" \/>\n<meta property=\"og:title\" content=\"\u00cdcones de m\u00eddia social - Adicionar \u00edcones sociais ao Google Sites (2025)\" \/>\n<meta property=\"og:description\" content=\"Implemente um aplicativo responsivo da Galeria do YouTube em seu site do Google Sites e conquiste total confian\u00e7a. Utilize a demonstra\u00e7\u00e3o da Elfsight para criar seu recurso exclusivo.\" \/>\n<meta property=\"og:url\" content=\"https:\/\/elfsight.com\/pt\/youtube-channel-plugin-yottie\/google-sites\/\" \/>\n<meta property=\"og:site_name\" content=\"Elfsight PT\" \/>\n<meta property=\"article:modified_time\" content=\"2025-02-10T07:01:49+00:00\" \/>\n<meta name=\"twitter:card\" content=\"summary_large_image\" \/>\n<meta name=\"twitter:label1\" content=\"Tempo estimado de leitura\" \/>\n\t<meta name=\"twitter:data1\" content=\"3 minutos\" \/>\n<!-- \/ Yoast SEO plugin. -->","yoast_head_json":{"title":"\u00cdcones de m\u00eddia social - Adicionar \u00edcones sociais ao Google Sites (2025)","description":"Implemente um aplicativo responsivo da Galeria do YouTube em seu site do Google Sites e conquiste total confian\u00e7a. Utilize a demonstra\u00e7\u00e3o da Elfsight para criar seu recurso exclusivo.","robots":{"index":"index","follow":"follow","max-snippet":"max-snippet:-1","max-image-preview":"max-image-preview:large","max-video-preview":"max-video-preview:-1"},"canonical":"https:\/\/elfsight.com\/pt\/youtube-channel-plugin-yottie\/google-sites\/","og_locale":"pt_PT","og_type":"article","og_title":"\u00cdcones de m\u00eddia social - Adicionar \u00edcones sociais ao Google Sites (2025)","og_description":"Implemente um aplicativo responsivo da Galeria do YouTube em seu site do Google Sites e conquiste total confian\u00e7a. Utilize a demonstra\u00e7\u00e3o da Elfsight para criar seu recurso exclusivo.","og_url":"https:\/\/elfsight.com\/pt\/youtube-channel-plugin-yottie\/google-sites\/","og_site_name":"Elfsight PT","article_modified_time":"2025-02-10T07:01:49+00:00","twitter_card":"summary_large_image","twitter_misc":{"Tempo estimado de leitura":"3 minutos"},"schema":{"@context":"https:\/\/schema.org","@graph":[{"@type":"WebPage","@id":"https:\/\/elfsight.com\/pt\/youtube-channel-plugin-yottie\/google-sites\/","url":"https:\/\/elfsight.com\/pt\/youtube-channel-plugin-yottie\/google-sites\/","name":"\u00cdcones de m\u00eddia social - Adicionar \u00edcones sociais ao Google Sites (2025)","isPartOf":{"@id":"https:\/\/elfsight.com\/pt\/#website"},"datePublished":"1970-01-01T00:00:00+00:00","dateModified":"2025-02-10T07:01:49+00:00","description":"Implemente um aplicativo responsivo da Galeria do YouTube em seu site do Google Sites e conquiste total confian\u00e7a. Utilize a demonstra\u00e7\u00e3o da Elfsight para criar seu recurso exclusivo.","breadcrumb":{"@id":"https:\/\/elfsight.com\/pt\/youtube-channel-plugin-yottie\/google-sites\/#breadcrumb"},"inLanguage":"pt-PT","potentialAction":[{"@type":"ReadAction","target":["https:\/\/elfsight.com\/pt\/youtube-channel-plugin-yottie\/google-sites\/"]}]},{"@type":"BreadcrumbList","@id":"https:\/\/elfsight.com\/pt\/youtube-channel-plugin-yottie\/google-sites\/#breadcrumb","itemListElement":[{"@type":"ListItem","position":1,"name":"Home","item":"https:\/\/elfsight.com\/pt\/"},{"@type":"ListItem","position":2,"name":"YouTube Gallery","item":"https:\/\/elfsight.com\/pt\/youtube-channel-plugin-yottie\/"},{"@type":"ListItem","position":3,"name":"YouTube Gallery &#8211; Google Sites"}]},{"@type":"WebSite","@id":"https:\/\/elfsight.com\/pt\/#website","url":"https:\/\/elfsight.com\/pt\/","name":"Elfsight PT","description":"Just another Elfsight Sites site","potentialAction":[{"@type":"SearchAction","target":{"@type":"EntryPoint","urlTemplate":"https:\/\/elfsight.com\/pt\/?s={search_term_string}"},"query-input":{"@type":"PropertyValueSpecification","valueRequired":true,"valueName":"search_term_string"}}],"inLanguage":"pt-PT"}]}},"meta_box":{"industry":"","seo_heading":"","heading":"","description":"","cta_heading":"","cta_description":"","application":"408","h1":"Widget da Galeria do YouTube do Google Sites","h1_caption":"Fortale\u00e7a o interesse dos seus visitantes com a ajuda de conte\u00fado de v\u00eddeo.","application_category":[],"applications_title":"","applications_request_title":"","applications_request_button_text":"","hero_text":"","hero_video":"","hero_video_schema_markup":"","selling_points_title":"","selling_points_caption":"","selling_points":[],"selling_points_cta_text":"","features_title":"","features":"","ed_cta_examples_text":"","ed_cta_examples_hidden":"","ed_cta_demo_text":"","ed_cta_demo_hidden":"","why_caption":"","why_editor_title":"","why_editor_text":"","why_team_title":"","why_team_text":"","why_service_title":"","why_service_text":"","template_catalog_visible":"0","template_catalog_title":"","template_catalog_text":"","template_catalog_categories_visible":"","demo_title":"Crie seu widget da Galeria do YouTube","demo_caption":"Configure sua Galeria do YouTube e adicione-a ao seu site do Google Sites gratuitamente!","default_faq_hidden":"","app_template_category":[],"platform":"112","template_public_id":"","codecanyon_url":"","codecanyon_item_id":"","codecanyon_price":"","pricing_caption":"","pricing_elfsight_apps_hide_column":"","pricing_elfsight_apps_url":"","pricing_codecanyon_price_caption":"","integration_category":[],"integration_request_title":"","integration_request_cta":"","integration_platform":"","integrations":[],"platform_category":[],"video_schema_markup":"","price":"a partir de US$ 0\/m\u00eas","trial":"","benefits":[{"text":"Ajuda de instala\u00e7\u00e3o gratuita"},{"text":"Atendimento ao cliente competente"},{"text":"Garantia de devolu\u00e7\u00e3o do dinheiro em 14 dias"},{"text":"Desenvolvimento cont\u00ednuo"}],"button_url":"#demo","button_target_blank":"0","button_nofollow":"0","attributes":[{"name":"Instala\u00e7\u00f5es","content":"100,000 - 500,000","_state":"expanded"},{"name":"Responsivo","content":"Melhor para celulares","_state":"expanded"},{"name":"Navegadores compat\u00edveis","content":"Chrome, Safari, Firefox, Edge, Opera"}],"tags":[],"tags_disable_links":"0","hide_more_platforms":"0","video_object":"","demo_hide_cta":"0","demo_hide_cloud_options":"0","pricing_title":"","pricing":[{"pricing_icon":"platform","pricing_title":"Elfsight Apps","pricing_title_caption":"Vers\u00e3o multiplataforma que funciona em qualquer site","pricing_price":"a partir de US$ 0\/m\u00eas","pricing_price_caption":"comece com plano gratuito","pricing_benefits":[{"text":"Dom\u00ednios ilimitados"},{"text":"Suporte dedicado ao cliente"},{"text":"Suporte dedicado ao cliente"},{"text":"Pre\u00e7o especial para v\u00e1rios aplicativos"}],"pricing_button_text":"Adicionar ao site","pricing_button_url":"#demo","_state":"expanded"}],"related_apps_title":"","related_apps_hidden":"1","author":"","image":[],"title":"","job":"","social_networks":[]},"_links":{"self":[{"href":"https:\/\/elfsight.com\/pt\/wp-json\/wp\/v2\/pages\/4799","targetHints":{"allow":["GET"]}}],"collection":[{"href":"https:\/\/elfsight.com\/pt\/wp-json\/wp\/v2\/pages"}],"about":[{"href":"https:\/\/elfsight.com\/pt\/wp-json\/wp\/v2\/types\/page"}],"author":[{"embeddable":true,"href":"https:\/\/elfsight.com\/pt\/wp-json\/wp\/v2\/users\/9"}],"replies":[{"embeddable":true,"href":"https:\/\/elfsight.com\/pt\/wp-json\/wp\/v2\/comments?post=4799"}],"version-history":[{"count":3,"href":"https:\/\/elfsight.com\/pt\/wp-json\/wp\/v2\/pages\/4799\/revisions"}],"predecessor-version":[{"id":13804,"href":"https:\/\/elfsight.com\/pt\/wp-json\/wp\/v2\/pages\/4799\/revisions\/13804"}],"up":[{"embeddable":true,"href":"https:\/\/elfsight.com\/pt\/wp-json\/wp\/v2\/pages\/415"}],"wp:attachment":[{"href":"https:\/\/elfsight.com\/pt\/wp-json\/wp\/v2\/media?parent=4799"}],"curies":[{"name":"wp","href":"https:\/\/api.w.org\/{rel}","templated":true}]}}