{"id":4793,"date":"1970-01-01T00:00:00","date_gmt":"1970-01-01T00:00:00","guid":{"rendered":"https:\/\/elfsight.com\/pt\/?page_id=4793"},"modified":"2024-11-12T15:34:33","modified_gmt":"2024-11-12T15:34:33","slug":"godaddy","status":"publish","type":"page","link":"https:\/\/elfsight.com\/pt\/youtube-channel-plugin-yottie\/godaddy\/","title":{"rendered":"YouTube Gallery &#8211; GoDaddy"},"content":{"rendered":"<div class=\"application-platform-content-item-description application-platform-content-item\" id=\"description\" data-nav-section=\"description\"> <h2>Incorpore a Galeria do YouTube no GoDaddy com o widget Elfsight<\/h2> <p>O plug-in da Galeria do YouTube da Elfsight para GoDaddy \u00e9 uma ferramenta eficaz para integrar o YouTube conte\u00fado em seu site. Demonstre v\u00eddeos, crie galerias ou exiba canais completos no site para entreter seus visitantes e ajudar a promover sua marca. Mostre tutoriais em v\u00eddeo e aumente a fidelidade do cliente, exiba an\u00e1lises em v\u00eddeo de seus produtos para atrair novos clientes e veja como sua marca se torna cada vez mais popular!<\/p> <p><b>Aumente o n\u00famero de leads devido a promo\u00e7\u00f5es e avalia\u00e7\u00f5es em v\u00eddeo e depoimentos!<\/b><\/p> <\/div> <div class=\"application-platform-content-item-features application-platform-content-item\" id=\"features\" data-nav-section=\"features\"> <h2>Os recursos fundamentais do plug-in cont\u00eam<\/h2> <ul><li>atualiza\u00e7\u00f5es regulares ao vivo<\/li><li>Suporte premium para qualquer problema por equipe profissional<\/li><li>Servi\u00e7o de instala\u00e7\u00e3o gratuito<\/li><li>Cores personaliz\u00e1veis \u200b\u200bpara cabe\u00e7alho, grupos, conte\u00fado, v\u00eddeo e pop-up<\/li><li>5 cores incorporadas esquemas<\/li><\/ul><p><a href=\"#demo\">Basta verificar esta demonstra\u00e7\u00e3o para ver como funciona<\/a><\/p> <\/div> <div class=\"application-platform-content-item-installation application-platform-content-item\" id=\"installation\" data-nav-section=\"installation\"> <h2>Como adicionar a Galeria do YouTube \u00e0 minha p\u00e1gina GoDaddy? <\/h2> <p>Basta seguir os passos descritos abaixo para adicionar o plugin. <\/p> <ol><li><b>Gerencie nosso editor gratuito e comece a criar seu plugin personalizado. <\/b><br> Especifique a interface selecionada e a funcionalidade da ferramenta e salve as corre\u00e7\u00f5es. <\/li> <li><b>Adquira o seu c\u00f3digo individual que aparece na caixa nas aplica\u00e7\u00f5es Elfsight. <\/b><br> Assim que a gera\u00e7\u00e3o do seu plugin pessoal for conclu\u00edda, copie o c\u00f3digo pessoal na janela que aparece e guarde-o para uso posterior. <\/li> <li><b>Comece a aplicar a ferramenta em seu site GoDaddy. <\/b><br> Coloque o c\u00f3digo que voc\u00ea copiou recentemente em sua p\u00e1gina inicial e aplique as edi\u00e7\u00f5es. <\/li> <li><b>Conclu\u00eddo! A configura\u00e7\u00e3o foi finalizada com sucesso. <\/b><br> Acesse sua p\u00e1gina da Web para avaliar o desempenho da ferramenta. <\/li><\/ol> <p>Se voc\u00ea tiver alguma dificuldade, solicite nossa equipe de suporte. Nossos especialistas est\u00e3o ansiosos para resolver todos os problemas que voc\u00ea possa ter com a ferramenta. <\/p> <div class=\"faq\" data-component=\"FAQ\"><div class=\"faq-item\">\r\n\t\t\t\t\t<div class=\"faq-item-question\">\r\n\t\t\t\t\t\t<h3 class=\"faq-item-question-text\">Como posso incorporar o plug-in GoDaddy YouTube Gallery no meu site sem conhecimentos de codifica\u00e7\u00e3o?<\/h3>\r\n\r\n\t\t\t\t\t\t<div class=\"faq-item-question-icon\"><\/div>\r\n\t\t\t\t\t<\/div>\r\n\r\n\t\t\t\t\t<div class=\"faq-item-answer\">\r\n\t\t\t\t\t\t<div class=\"faq-item-answer-text\"><p>A Elfsight fornece uma solu\u00e7\u00e3o baseada na nuvem que permite aos utilizadores criar um plug-in GoDaddy YouTube Gallery por conta deles. Veja como o processo pode ser simples:<\/p><ul><li>Acesse o Editor on-line para gerar uma se\u00e7\u00e3o de plug-in da GoDaddy YouTube Gallery que voc\u00ea gostaria de integrar ao seu site.<\/li><li>Selecione um dos seguintes: nossos modelos pr\u00e9-concebidos e personalize as configura\u00e7\u00f5es do plug-in GoDaddy YouTube Gallery, modifique o layout e o esquema de cores, inclua seu conte\u00fado sem qualquer necessidade de codifica\u00e7\u00e3o.<\/li><li>Preservar as configura\u00e7\u00f5es que voc\u00ea configurou para o plug-in GoDaddy YouTube Gallery e obtenha o c\u00f3digo para incorpora\u00e7\u00e3o, que pode ser facilmente inserido em seu site sem nenhum custo.<\/li><\/ul><p>Ao trabalhar no editor f\u00e1cil de usar, qualquer usu\u00e1rio da Internet pode criar uma se\u00e7\u00e3o de plug-in da GoDaddy YouTube Gallery e incorpor\u00e1-lo em seu site. N\u00e3o h\u00e1 exig\u00eancia de pagamento ou divulga\u00e7\u00e3o dos dados do seu cart\u00e3o para acessar o Editor Elfsight. Se voc\u00ea encontrar alguma dificuldade em qualquer est\u00e1gio, sinta-se \u00e0 vontade para entrar em contato com nosso suporte ao cliente.<\/p><\/div>\r\n\t\t\t\t\t<\/div>\r\n\t\t\t\t<\/div><\/div><\/div>","protected":false},"excerpt":{"rendered":"","protected":false},"author":9,"featured_media":0,"parent":415,"menu_order":0,"comment_status":"closed","ping_status":"closed","template":"templates\/template-application-platform.php","meta":{"publish_to_discourse":"","publish_post_category":"","wpdc_auto_publish_overridden":"","wpdc_topic_tags":"","wpdc_pin_topic":"","wpdc_pin_until":"","discourse_post_id":"","discourse_permalink":"","wpdc_publishing_response":"","wpdc_publishing_error":"","footnotes":""},"class_list":["post-4793","page","type-page","status-publish","hentry"],"yoast_head":"<!-- This site is optimized with the Yoast SEO plugin v25.3.1 - https:\/\/yoast.com\/wordpress\/plugins\/seo\/ -->\n<title>Galeria de v\u00eddeos do YouTube - Adicione o plugin do YouTube ao GoDaddy<\/title>\n<meta name=\"description\" content=\"Crie um plugin impressionante da Galeria do YouTube para o seu site GoDaddy! Comece agora mesmo a expandir o seu neg\u00f3cio juntamente com a Elfsight!\" \/>\n<meta name=\"robots\" content=\"index, follow, max-snippet:-1, max-image-preview:large, max-video-preview:-1\" \/>\n<link rel=\"canonical\" href=\"https:\/\/elfsight.com\/pt\/youtube-channel-plugin-yottie\/godaddy\/\" \/>\n<meta property=\"og:locale\" content=\"pt_PT\" \/>\n<meta property=\"og:type\" content=\"article\" \/>\n<meta property=\"og:title\" content=\"Galeria de v\u00eddeos do YouTube - Adicione o plugin do YouTube ao GoDaddy\" \/>\n<meta property=\"og:description\" content=\"Crie um plugin impressionante da Galeria do YouTube para o seu site GoDaddy! Comece agora mesmo a expandir o seu neg\u00f3cio juntamente com a Elfsight!\" \/>\n<meta property=\"og:url\" content=\"https:\/\/elfsight.com\/pt\/youtube-channel-plugin-yottie\/godaddy\/\" \/>\n<meta property=\"og:site_name\" content=\"Elfsight PT\" \/>\n<meta property=\"article:modified_time\" content=\"2024-11-12T15:34:33+00:00\" \/>\n<meta name=\"twitter:card\" content=\"summary_large_image\" \/>\n<meta name=\"twitter:label1\" content=\"Tempo estimado de leitura\" \/>\n\t<meta name=\"twitter:data1\" content=\"2 minutos\" \/>\n<!-- \/ Yoast SEO plugin. -->","yoast_head_json":{"title":"Galeria de v\u00eddeos do YouTube - Adicione o plugin do YouTube ao GoDaddy","description":"Crie um plugin impressionante da Galeria do YouTube para o seu site GoDaddy! Comece agora mesmo a expandir o seu neg\u00f3cio juntamente com a Elfsight!","robots":{"index":"index","follow":"follow","max-snippet":"max-snippet:-1","max-image-preview":"max-image-preview:large","max-video-preview":"max-video-preview:-1"},"canonical":"https:\/\/elfsight.com\/pt\/youtube-channel-plugin-yottie\/godaddy\/","og_locale":"pt_PT","og_type":"article","og_title":"Galeria de v\u00eddeos do YouTube - Adicione o plugin do YouTube ao GoDaddy","og_description":"Crie um plugin impressionante da Galeria do YouTube para o seu site GoDaddy! Comece agora mesmo a expandir o seu neg\u00f3cio juntamente com a Elfsight!","og_url":"https:\/\/elfsight.com\/pt\/youtube-channel-plugin-yottie\/godaddy\/","og_site_name":"Elfsight PT","article_modified_time":"2024-11-12T15:34:33+00:00","twitter_card":"summary_large_image","twitter_misc":{"Tempo estimado de leitura":"2 minutos"},"schema":{"@context":"https:\/\/schema.org","@graph":[{"@type":"WebPage","@id":"https:\/\/elfsight.com\/pt\/youtube-channel-plugin-yottie\/godaddy\/","url":"https:\/\/elfsight.com\/pt\/youtube-channel-plugin-yottie\/godaddy\/","name":"Galeria de v\u00eddeos do YouTube - Adicione o plugin do YouTube ao GoDaddy","isPartOf":{"@id":"https:\/\/elfsight.com\/pt\/#website"},"datePublished":"1970-01-01T00:00:00+00:00","dateModified":"2024-11-12T15:34:33+00:00","description":"Crie um plugin impressionante da Galeria do YouTube para o seu site GoDaddy! Comece agora mesmo a expandir o seu neg\u00f3cio juntamente com a Elfsight!","breadcrumb":{"@id":"https:\/\/elfsight.com\/pt\/youtube-channel-plugin-yottie\/godaddy\/#breadcrumb"},"inLanguage":"pt-PT","potentialAction":[{"@type":"ReadAction","target":["https:\/\/elfsight.com\/pt\/youtube-channel-plugin-yottie\/godaddy\/"]}]},{"@type":"BreadcrumbList","@id":"https:\/\/elfsight.com\/pt\/youtube-channel-plugin-yottie\/godaddy\/#breadcrumb","itemListElement":[{"@type":"ListItem","position":1,"name":"Home","item":"https:\/\/elfsight.com\/pt\/"},{"@type":"ListItem","position":2,"name":"YouTube Gallery","item":"https:\/\/elfsight.com\/pt\/youtube-channel-plugin-yottie\/"},{"@type":"ListItem","position":3,"name":"YouTube Gallery &#8211; GoDaddy"}]},{"@type":"WebSite","@id":"https:\/\/elfsight.com\/pt\/#website","url":"https:\/\/elfsight.com\/pt\/","name":"Elfsight PT","description":"Just another Elfsight Sites site","potentialAction":[{"@type":"SearchAction","target":{"@type":"EntryPoint","urlTemplate":"https:\/\/elfsight.com\/pt\/?s={search_term_string}"},"query-input":{"@type":"PropertyValueSpecification","valueRequired":true,"valueName":"search_term_string"}}],"inLanguage":"pt-PT"}]}},"meta_box":{"industry":"","seo_heading":"","heading":"","description":"","cta_heading":"","cta_description":"","application":"408","h1":"Plug-in GoDaddy da Galeria do YouTube","h1_caption":"Aumente o envolvimento do usu\u00e1rio com uma galeria de v\u00eddeos do YouTube em seu site","application_category":[],"applications_title":"","applications_request_title":"","applications_request_button_text":"","hero_text":"","hero_video":"","hero_video_schema_markup":"","selling_points_title":"","selling_points_caption":"","selling_points":[],"selling_points_cta_text":"","features_title":"","features":"","ed_cta_examples_text":"","ed_cta_examples_hidden":"","ed_cta_demo_text":"","ed_cta_demo_hidden":"","why_caption":"","why_editor_title":"","why_editor_text":"","why_team_title":"","why_team_text":"","why_service_title":"","why_service_text":"","template_catalog_visible":"","template_catalog_title":"","template_catalog_text":"","template_catalog_categories_visible":"","demo_title":"Crie seu plugin da Galeria do YouTube","demo_caption":"Configure sua Galeria do YouTube e adicione-a ao site GoDaddy gratuitamente!","default_faq_hidden":"","app_template_category":[],"platform":"4908","template_public_id":"","codecanyon_url":"","codecanyon_item_id":"","codecanyon_price":"","pricing_caption":"","pricing_elfsight_apps_hide_column":"","pricing_elfsight_apps_url":"","pricing_codecanyon_price_caption":"","integration_category":[],"integration_request_title":"","integration_request_cta":"","integration_platform":"","integrations":[],"platform_category":[],"video_schema_markup":"","price":"a partir de US$ 0\/m\u00eas","trial":"","benefits":[{"text":"Assist\u00eancia de instala\u00e7\u00e3o gratuita"},{"text":"Suporte ao cliente experiente"},{"text":"Garantia de reembolso de 14 dias"},{"text":"Melhorias ao longo da vida"}],"button_url":"#demo","button_target_blank":"0","button_nofollow":"0","attributes":[{"name":"Instala\u00e7\u00f5es","content":"100,000 - 500,000","_state":"expanded"},{"name":"Responsivo","content":"Sim","_state":"expanded"},{"name":"Navegadores compat\u00edveis","content":"IE11, Firefox, Safari, Opera, Chrome, Edge"}],"tags":[],"tags_disable_links":"0","hide_more_platforms":"","video_object":"","demo_hide_cta":"0","demo_hide_cloud_options":"0","pricing_title":"","pricing":[{"pricing_icon":"platform","pricing_title":"Elfsight Apps","pricing_title_caption":"Vers\u00e3o multiplataforma adequada para qualquer site","pricing_price":"a partir de US$ 0\/m\u00eas","pricing_price_caption":"comece com plano gratuito","pricing_benefits":[{"text":"Sites ilimitados"},{"text":"Suporte profissional ao cliente e bem documentado"},{"text":"Suporte profissional ao cliente e bem documentado"},{"text":"Design flex\u00edvel"}],"pricing_button_text":"Adicionar ao site","pricing_button_url":"#demo","_state":"expanded"}],"related_apps_title":"","related_apps_hidden":"1","author":"","image":[],"title":"","job":"","social_networks":[]},"_links":{"self":[{"href":"https:\/\/elfsight.com\/pt\/wp-json\/wp\/v2\/pages\/4793","targetHints":{"allow":["GET"]}}],"collection":[{"href":"https:\/\/elfsight.com\/pt\/wp-json\/wp\/v2\/pages"}],"about":[{"href":"https:\/\/elfsight.com\/pt\/wp-json\/wp\/v2\/types\/page"}],"author":[{"embeddable":true,"href":"https:\/\/elfsight.com\/pt\/wp-json\/wp\/v2\/users\/9"}],"replies":[{"embeddable":true,"href":"https:\/\/elfsight.com\/pt\/wp-json\/wp\/v2\/comments?post=4793"}],"version-history":[{"count":2,"href":"https:\/\/elfsight.com\/pt\/wp-json\/wp\/v2\/pages\/4793\/revisions"}],"predecessor-version":[{"id":12429,"href":"https:\/\/elfsight.com\/pt\/wp-json\/wp\/v2\/pages\/4793\/revisions\/12429"}],"up":[{"embeddable":true,"href":"https:\/\/elfsight.com\/pt\/wp-json\/wp\/v2\/pages\/415"}],"wp:attachment":[{"href":"https:\/\/elfsight.com\/pt\/wp-json\/wp\/v2\/media?parent=4793"}],"curies":[{"name":"wp","href":"https:\/\/api.w.org\/{rel}","templated":true}]}}