{"id":4790,"date":"1970-01-01T00:00:00","date_gmt":"1970-01-01T00:00:00","guid":{"rendered":"https:\/\/elfsight.com\/pt\/?page_id=4790"},"modified":"2024-11-13T11:46:04","modified_gmt":"2024-11-13T11:46:04","slug":"facebook","status":"publish","type":"page","link":"https:\/\/elfsight.com\/pt\/twitter-feed-widget\/facebook\/","title":{"rendered":"Twitter Feed &#8211; Facebook Page"},"content":{"rendered":"<div class=\"application-platform-content-item-description application-platform-content-item\" id=\"description\" data-nav-section=\"description\"><h2>Descri\u00e7\u00e3o<\/h2><p>O Elfsight Twitter Feed \u00e9 um widget responsivo que permite introduzir Tweets na sua p\u00e1gina do Facebook. Voc\u00ea \u00e9 livre para exibir seu feed de not\u00edcias no Twitter ou exibir tweets de depoimentos para aumentar o envolvimento do usu\u00e1rio e desenvolver melhor a confian\u00e7a do cliente. O que torna o widget da Elfsight um dos melhores do g\u00eanero para qualquer p\u00e1gina \u00e9 a enorme quantidade de op\u00e7\u00f5es, modelos prontos projetados para qualquer caso de uso e seu design responsivo.<\/p><p><b>Torne sua p\u00e1gina o mais envolvente poss\u00edvel para seu p\u00fablico e confi\u00e1vel<\/b><\/p><\/div><div class=\"faq\" data-component=\"FAQ\"><div class=\"faq-item\">\r\n\t\t\t\t\t<div class=\"faq-item-question\">\r\n\t\t\t\t\t\t<h3 class=\"faq-item-question-text\">Como posso incorporar um feed do Twitter ao site do Facebook?<\/h3>\r\n\r\n\t\t\t\t\t\t<div class=\"faq-item-question-icon\"><\/div>\r\n\t\t\t\t\t<\/div>\r\n\r\n\t\t\t\t\t<div class=\"faq-item-answer\">\r\n\t\t\t\t\t\t<div class=\"faq-item-answer-text\"><p>A cria\u00e7\u00e3o do widget ocorre dentro do servi\u00e7o Elfsight e voc\u00ea n\u00e3o precisa aprender codifica\u00e7\u00e3o. Aplique a demonstra\u00e7\u00e3o ao vivo para personalizar seu pr\u00f3prio plugin, obtenha o c\u00f3digo e adicione-o ao seu site. <\/p><\/div>\r\n\t\t\t\t\t<\/div>\r\n\t\t\t\t<\/div><div class=\"faq-item\">\r\n\t\t\t\t\t<div class=\"faq-item-question\">\r\n\t\t\t\t\t\t<h3 class=\"faq-item-question-text\">Posso obter a linha do tempo ou a barra lateral do perfil do Twitter por meio de seus widgets?<\/h3>\r\n\r\n\t\t\t\t\t\t<div class=\"faq-item-question-icon\"><\/div>\r\n\t\t\t\t\t<\/div>\r\n\r\n\t\t\t\t\t<div class=\"faq-item-answer\">\r\n\t\t\t\t\t\t<div class=\"faq-item-answer-text\"><p>V\u00e1rios modelos s\u00e3o aplic\u00e1veis: lista, alvenaria, galeria, feed, grade e muito mais, bem como configura\u00e7\u00f5es de layout flex\u00edveis para se alinhar aos seus requisitos. Voc\u00ea \u00e9 livre para criar praticamente qualquer widget que precisar. <\/p><\/div>\r\n\t\t\t\t\t<\/div>\r\n\t\t\t\t<\/div><div class=\"faq-item\">\r\n\t\t\t\t\t<div class=\"faq-item-question\">\r\n\t\t\t\t\t\t<h3 class=\"faq-item-question-text\">O widget do Twitter da minha p\u00e1gina do Facebook n\u00e3o funciona\/n\u00e3o atualiza<\/h3>\r\n\r\n\t\t\t\t\t\t<div class=\"faq-item-question-icon\"><\/div>\r\n\t\t\t\t\t<\/div>\r\n\r\n\t\t\t\t\t<div class=\"faq-item-answer\">\r\n\t\t\t\t\t\t<div class=\"faq-item-answer-text\"><p>Se voc\u00ea tiver algum problema com os widgets da p\u00e1gina do Facebook, entre em contato com o equipe de suporte ao cliente. O suporte \u00e9 totalmente gratuito para todos os clientes da Elfsight. <\/p><\/div>\r\n\t\t\t\t\t<\/div>\r\n\t\t\t\t<\/div><\/div><div class=\"application-platform-content-item-features application-platform-content-item\" id=\"features\" data-nav-section=\"features\"><h2>Recursos<\/h2><p>Aqui voc\u00ea pode ver todas as caracter\u00edsticas funcionais do produto. Eles est\u00e3o todos dispon\u00edveis no editor e ajudar\u00e3o voc\u00ea a moldar o widget especialmente para seu caso de uso.<\/p><ul><li>Crie um feed com tweets de depoimentos sobre sua empresa;<\/li><li>Ocultar o cabe\u00e7alho para mostrar apenas os Tweets;<\/li><li>Copiar o link dos Tweets;<\/li><li>O tweet \u00e9 aberto clicando no \u00edcone do Twitter;<\/li><li>Definir uma cor de tema personalizada para o widget ;<\/li><\/ul><p><a href=\"#demo\">Voc\u00ea pode testar todas as caracter\u00edsticas funcionais do widget diretamente na demonstra\u00e7\u00e3o<\/a><\/p> <\/div><div class=\"application-platform-content-item-installation  application-platform-content-item\" id=\"installation \" data-nav-section=\"installation \"><h2>Como adicionar a guia Twitter \u00e0 p\u00e1gina do Facebook<\/h2><p>Para integrar o widget, basta seguir as etapas abaixo<\/p><ul><li><b>Gere seu feed exclusivo do Twitter<\/b><br>Em nossa demonstra\u00e7\u00e3o gratuita, crie um widget com design e fun\u00e7\u00f5es personalizadas.<\/li><li><b>Adquira o c\u00f3digo individual para adicionar o plugin<\/b><br>Depois de personalizar seu widget, voc\u00ea obter\u00e1 seu c\u00f3digo de instala\u00e7\u00e3o na notifica\u00e7\u00e3o pop-up nos aplicativos Elfsight. Copie o c\u00f3digo.<\/li><li><b>Adicione o widget \u00e0 p\u00e1gina do Facebook<\/b><br> Crie sua guia personalizada do Facebook. Insira o c\u00f3digo que voc\u00ea recebeu nos aplicativos da elfsight na guia. Se voc\u00ea tiver algum problema, basta verificar nosso guia em <a href=\"https:\/\/elfsight.com\/blog\/how-to-add-custom-tab-to-facebook-page\/\" target=\"_blank\" rel=\"noopener noreferrer\">criando uma guia personalizada do Facebook<\/a><\/li><li><b>Conclu\u00eddo!<\/b><br>Entre na p\u00e1gina comercial do Facebook para ver seu trabalho.<\/li><\/ul><p>Voc\u00ea pode entrar em contato com nosso atendimento ao cliente caso precise de ajuda ou tenha problemas. Nossos especialistas ajudar\u00e3o em todas as d\u00favidas. <\/p><\/div>","protected":false},"excerpt":{"rendered":"","protected":false},"author":9,"featured_media":0,"parent":832,"menu_order":0,"comment_status":"closed","ping_status":"closed","template":"templates\/template-application-platform.php","meta":{"publish_to_discourse":"","publish_post_category":"","wpdc_auto_publish_overridden":"","wpdc_topic_tags":"","wpdc_pin_topic":"","wpdc_pin_until":"","discourse_post_id":"","discourse_permalink":"","wpdc_publishing_response":"","wpdc_publishing_error":"","footnotes":""},"class_list":["post-4790","page","type-page","status-publish","hentry"],"yoast_head":"<!-- This site is optimized with the Yoast SEO plugin v25.3.1 - https:\/\/yoast.com\/wordpress\/plugins\/seo\/ -->\n<title>Adicionar guia de feed do Twitter \u00e0 p\u00e1gina do Facebook (gr\u00e1tis e r\u00e1pido)<\/title>\n<meta name=\"description\" content=\"\u00c9 muito f\u00e1cil construir sua guia de feed do Twitter e adicion\u00e1-la \u00e0 sua p\u00e1gina comercial ou p\u00fablica do Facebook. O atendimento ao cliente da Elfsight \u00e9 gratuito e r\u00e1pido.\" \/>\n<meta name=\"robots\" content=\"index, follow, max-snippet:-1, max-image-preview:large, max-video-preview:-1\" \/>\n<link rel=\"canonical\" href=\"https:\/\/elfsight.com\/pt\/twitter-feed-widget\/facebook\/\" \/>\n<meta property=\"og:locale\" content=\"pt_PT\" \/>\n<meta property=\"og:type\" content=\"article\" \/>\n<meta property=\"og:title\" content=\"Adicionar guia de feed do Twitter \u00e0 p\u00e1gina do Facebook (gr\u00e1tis e r\u00e1pido)\" \/>\n<meta property=\"og:description\" content=\"\u00c9 muito f\u00e1cil construir sua guia de feed do Twitter e adicion\u00e1-la \u00e0 sua p\u00e1gina comercial ou p\u00fablica do Facebook. O atendimento ao cliente da Elfsight \u00e9 gratuito e r\u00e1pido.\" \/>\n<meta property=\"og:url\" content=\"https:\/\/elfsight.com\/pt\/twitter-feed-widget\/facebook\/\" \/>\n<meta property=\"og:site_name\" content=\"Elfsight PT\" \/>\n<meta property=\"article:modified_time\" content=\"2024-11-13T11:46:04+00:00\" \/>\n<meta name=\"twitter:card\" content=\"summary_large_image\" \/>\n<meta name=\"twitter:label1\" content=\"Tempo estimado de leitura\" \/>\n\t<meta name=\"twitter:data1\" content=\"2 minutos\" \/>\n<!-- \/ Yoast SEO plugin. -->","yoast_head_json":{"title":"Adicionar guia de feed do Twitter \u00e0 p\u00e1gina do Facebook (gr\u00e1tis e r\u00e1pido)","description":"\u00c9 muito f\u00e1cil construir sua guia de feed do Twitter e adicion\u00e1-la \u00e0 sua p\u00e1gina comercial ou p\u00fablica do Facebook. O atendimento ao cliente da Elfsight \u00e9 gratuito e r\u00e1pido.","robots":{"index":"index","follow":"follow","max-snippet":"max-snippet:-1","max-image-preview":"max-image-preview:large","max-video-preview":"max-video-preview:-1"},"canonical":"https:\/\/elfsight.com\/pt\/twitter-feed-widget\/facebook\/","og_locale":"pt_PT","og_type":"article","og_title":"Adicionar guia de feed do Twitter \u00e0 p\u00e1gina do Facebook (gr\u00e1tis e r\u00e1pido)","og_description":"\u00c9 muito f\u00e1cil construir sua guia de feed do Twitter e adicion\u00e1-la \u00e0 sua p\u00e1gina comercial ou p\u00fablica do Facebook. O atendimento ao cliente da Elfsight \u00e9 gratuito e r\u00e1pido.","og_url":"https:\/\/elfsight.com\/pt\/twitter-feed-widget\/facebook\/","og_site_name":"Elfsight PT","article_modified_time":"2024-11-13T11:46:04+00:00","twitter_card":"summary_large_image","twitter_misc":{"Tempo estimado de leitura":"2 minutos"},"schema":{"@context":"https:\/\/schema.org","@graph":[{"@type":"WebPage","@id":"https:\/\/elfsight.com\/pt\/twitter-feed-widget\/facebook\/","url":"https:\/\/elfsight.com\/pt\/twitter-feed-widget\/facebook\/","name":"Adicionar guia de feed do Twitter \u00e0 p\u00e1gina do Facebook (gr\u00e1tis e r\u00e1pido)","isPartOf":{"@id":"https:\/\/elfsight.com\/pt\/#website"},"datePublished":"1970-01-01T00:00:00+00:00","dateModified":"2024-11-13T11:46:04+00:00","description":"\u00c9 muito f\u00e1cil construir sua guia de feed do Twitter e adicion\u00e1-la \u00e0 sua p\u00e1gina comercial ou p\u00fablica do Facebook. O atendimento ao cliente da Elfsight \u00e9 gratuito e r\u00e1pido.","breadcrumb":{"@id":"https:\/\/elfsight.com\/pt\/twitter-feed-widget\/facebook\/#breadcrumb"},"inLanguage":"pt-PT","potentialAction":[{"@type":"ReadAction","target":["https:\/\/elfsight.com\/pt\/twitter-feed-widget\/facebook\/"]}]},{"@type":"BreadcrumbList","@id":"https:\/\/elfsight.com\/pt\/twitter-feed-widget\/facebook\/#breadcrumb","itemListElement":[{"@type":"ListItem","position":1,"name":"Home","item":"https:\/\/elfsight.com\/pt\/"},{"@type":"ListItem","position":2,"name":"Twitter Feed","item":"https:\/\/elfsight.com\/pt\/twitter-feed-widget\/"},{"@type":"ListItem","position":3,"name":"Twitter Feed &#8211; Facebook Page"}]},{"@type":"WebSite","@id":"https:\/\/elfsight.com\/pt\/#website","url":"https:\/\/elfsight.com\/pt\/","name":"Elfsight PT","description":"Just another Elfsight Sites site","potentialAction":[{"@type":"SearchAction","target":{"@type":"EntryPoint","urlTemplate":"https:\/\/elfsight.com\/pt\/?s={search_term_string}"},"query-input":{"@type":"PropertyValueSpecification","valueRequired":true,"valueName":"search_term_string"}}],"inLanguage":"pt-PT"}]}},"meta_box":{"industry":"","seo_heading":"","heading":"","description":"","cta_heading":"","cta_description":"","application":"831","h1":"Guia Twitter para p\u00e1gina do Facebook","h1_caption":"O melhor m\u00e9todo para colocar postagens do Twitter em sua p\u00e1gina comercial do Facebook","application_category":[],"applications_title":"","applications_request_title":"","applications_request_button_text":"","hero_text":"","hero_video":"","hero_video_schema_markup":"","selling_points_title":"","selling_points_caption":"","selling_points":[],"selling_points_cta_text":"","features_title":"","features":"","ed_cta_examples_text":"","ed_cta_examples_hidden":"","ed_cta_demo_text":"","ed_cta_demo_hidden":"","why_caption":"","why_editor_title":"","why_editor_text":"","why_team_title":"","why_team_text":"","why_service_title":"","why_service_text":"","template_catalog_visible":"","template_catalog_title":"","template_catalog_text":"","template_catalog_categories_visible":"","demo_title":"Crie seu widget de feed do Twitter","demo_caption":"Configure seu feed do Twitter e adicione-o ao site da sua p\u00e1gina do Facebook gratuitamente!","default_faq_hidden":"","app_template_category":[],"platform":"103","template_public_id":"","codecanyon_url":"","codecanyon_item_id":"","codecanyon_price":"","pricing_caption":"","pricing_elfsight_apps_hide_column":"","pricing_elfsight_apps_url":"","pricing_codecanyon_price_caption":"","integration_category":[],"integration_request_title":"","integration_request_cta":"","integration_platform":"","integrations":[],"platform_category":[],"video_schema_markup":"","price":"a partir de US$ 0\/m\u00eas","trial":"","benefits":[{"text":"Ajuda de instala\u00e7\u00e3o gratuita"},{"text":"Atendimento ao cliente eficaz"},{"text":"Garantia de devolu\u00e7\u00e3o do dinheiro em 14 dias"},{"text":"Melhorias regulares"}],"button_url":"#demo","button_target_blank":"0","button_nofollow":"0","attributes":[{"name":"Instala\u00e7\u00f5es","content":"10,000 - 100,000","_state":"expanded"},{"name":"Responsivo","content":"Sim","_state":"expanded"},{"name":"Navegadores compat\u00edveis","content":"Safari, Chrome, Firefox, Opera, Edge"}],"tags":[],"tags_disable_links":"0","hide_more_platforms":"","video_object":"","demo_hide_cta":"0","demo_hide_cloud_options":"0","pricing_title":"","pricing":[{"pricing_icon":"platform","pricing_title":"Elfsight Apps","pricing_title_caption":"Vers\u00e3o multiplataforma que funciona em qualquer site","pricing_price":"a partir de US$ 0\/m\u00eas","pricing_price_caption":"comece com plano gratuito","pricing_benefits":[{"text":"Sites ilimitados"},{"text":"Suporte r\u00e1pido \u00e0 empresa"},{"text":"Suporte r\u00e1pido \u00e0 empresa"},{"text":"Pre\u00e7o especial para v\u00e1rios aplicativos"}],"pricing_button_text":"Adicionar ao site","pricing_button_url":"#demo","_state":"expanded"}],"related_apps_title":"","related_apps_hidden":"1","author":"","image":[],"title":"","job":"","social_networks":[]},"_links":{"self":[{"href":"https:\/\/elfsight.com\/pt\/wp-json\/wp\/v2\/pages\/4790","targetHints":{"allow":["GET"]}}],"collection":[{"href":"https:\/\/elfsight.com\/pt\/wp-json\/wp\/v2\/pages"}],"about":[{"href":"https:\/\/elfsight.com\/pt\/wp-json\/wp\/v2\/types\/page"}],"author":[{"embeddable":true,"href":"https:\/\/elfsight.com\/pt\/wp-json\/wp\/v2\/users\/9"}],"replies":[{"embeddable":true,"href":"https:\/\/elfsight.com\/pt\/wp-json\/wp\/v2\/comments?post=4790"}],"version-history":[{"count":2,"href":"https:\/\/elfsight.com\/pt\/wp-json\/wp\/v2\/pages\/4790\/revisions"}],"predecessor-version":[{"id":12339,"href":"https:\/\/elfsight.com\/pt\/wp-json\/wp\/v2\/pages\/4790\/revisions\/12339"}],"up":[{"embeddable":true,"href":"https:\/\/elfsight.com\/pt\/wp-json\/wp\/v2\/pages\/832"}],"wp:attachment":[{"href":"https:\/\/elfsight.com\/pt\/wp-json\/wp\/v2\/media?parent=4790"}],"curies":[{"name":"wp","href":"https:\/\/api.w.org\/{rel}","templated":true}]}}