{"id":4787,"date":"1970-01-01T00:00:00","date_gmt":"1970-01-01T00:00:00","guid":{"rendered":"https:\/\/elfsight.com\/pt\/?page_id=4787"},"modified":"2024-11-13T11:46:14","modified_gmt":"2024-11-13T11:46:14","slug":"facebook","status":"publish","type":"page","link":"https:\/\/elfsight.com\/pt\/youtube-channel-plugin-yottie\/facebook\/","title":{"rendered":"YouTube Gallery &#8211; Facebook Page"},"content":{"rendered":"<div class=\"application-platform-content-item-description application-platform-content-item\" id=\"description\" data-nav-section=\"description\"><h2>Descri\u00e7\u00e3o<\/h2><p>Um widget multifuncional para o YouTube, que oferece a oportunidade de mostrar diferentes v\u00eddeos na guia da sua p\u00e1gina. Escolha os canais e videoclipes necess\u00e1rios para criar sua playlist pessoal e incorpore-a diretamente na p\u00e1gina usando o layout mais adequado (galeria de v\u00eddeos, portf\u00f3lio, canal, v\u00eddeo \u00fanico). Nosso widget \u00e9 perfeitamente compat\u00edvel com todos os dispositivos e plataformas, possui mais de 100 op\u00e7\u00f5es, layout personaliz\u00e1vel e muitas outras vantagens, que lhe d\u00e3o a oportunidade de incorpor\u00e1-lo em diferentes p\u00e1ginas.<\/p><p><b>Gerar uma galeria de v\u00eddeos personalizada e eficiente para maior atra\u00e7\u00e3o do seu p\u00fablico.<\/b><\/p><\/div><div class=\"application-platform-content-item-features application-platform-content-item\" id=\"features\" data-nav-section=\"features\"><h2>Recursos<\/h2><p>As caracter\u00edsticas do widget Elfsight, o que o torna o melhor instrumento para exibir a guia de v\u00eddeos do YouTube em uma p\u00e1gina pessoal ou empresarial do Facebook.<\/p><ul><li>Adicione fontes por URL;<\/li><li>Escolha o layout do cabe\u00e7alho: Cl\u00e1ssico, Acento, M\u00ednimo;<\/li><li>Alterar a largura do widget;<\/li><li>Contagem de visualiza\u00e7\u00f5es e curtidas em v\u00eddeos;<\/li><li>Escolher entre 5 efeitos de altern\u00e2ncia de slides;<\/li><li>24 elementos pop-up pint\u00e1veis;<\/li><li>Modo de privacidade aprimorada;<\/li><\/ul><p><a href=\"#demo\">Confira todas as op\u00e7\u00f5es no painel<\/a><\/p><\/div><div class=\"application-platform-content-item-installation application-platform-content-item\" id=\"installation\" data-nav-section=\"installation\"><h2>Como adicionar o canal de v\u00eddeo do YouTube \u00e0 p\u00e1gina do Facebook<\/h2><p>Uma breve instru\u00e7\u00e3o sobre como adicionar o widget na guia do Facebook sem habilidades de desenvolvimento. Todo o processo n\u00e3o levar\u00e1 mais de dois minutos.<\/p><ul><li><b>Crie sua guia personalizada do YouTube<\/b><br>Com a ajuda de nosso editor gratuito, configure um plug-in com uma apar\u00eancia e fun\u00e7\u00f5es preferidas. <\/li><li><b>Receba o c\u00f3digo individual para integrar o plugin<\/b><br>Depois de configurar o seu widget, ir\u00e1 adquirir o c\u00f3digo individual a partir da notifica\u00e7\u00e3o que aparece nas aplica\u00e7\u00f5es Elfsight. Copie esse c\u00f3digo. <\/li><li><b>Adicione a guia do YouTube \u00e0 p\u00e1gina do Facebook<\/b><br> Crie sua guia personalizada do Facebook. Insira o c\u00f3digo que voc\u00ea recebeu nos aplicativos da elfsight na guia. Se voc\u00ea tiver algum problema, basta verificar nosso guia em <a href=\"https:\/\/elfsight.com\/blog\/how-to-add-custom-tab-to-facebook-page\/\" target=\"_blank\" rel=\"noopener noreferrer\">criando uma guia personalizada do Facebook<\/a><\/li><li><b>Pronto! <\/b><br>V\u00e1 para sua p\u00e1gina da web para dar uma olhada no seu plugin.<\/li><\/ul><p>Teve alguma dificuldade? Contacte a equipa de suporte da Elfsight com uma descri\u00e7\u00e3o completa do problema. Teremos prazer em aconselhar.<\/p><\/div>","protected":false},"excerpt":{"rendered":"","protected":false},"author":9,"featured_media":0,"parent":415,"menu_order":0,"comment_status":"closed","ping_status":"closed","template":"templates\/template-application-platform.php","meta":{"publish_to_discourse":"","publish_post_category":"","wpdc_auto_publish_overridden":"","wpdc_topic_tags":"","wpdc_pin_topic":"","wpdc_pin_until":"","discourse_post_id":"","discourse_permalink":"","wpdc_publishing_response":"","wpdc_publishing_error":"","footnotes":""},"class_list":["post-4787","page","type-page","status-publish","hentry"],"yoast_head":"<!-- This site is optimized with the Yoast SEO plugin v25.3.1 - https:\/\/yoast.com\/wordpress\/plugins\/seo\/ -->\n<title>Adicionar guia Canal de v\u00eddeo do Youtube \u00e0 p\u00e1gina do Facebook (2025)<\/title>\n<meta name=\"description\" content=\"Crie uma guia de canal de v\u00eddeo do YouTube incompar\u00e1vel para sua p\u00e1gina do Facebook em apenas alguns minutos! Experimente a demonstra\u00e7\u00e3o gratuita da Elfsight para criar sua pr\u00f3pria guia no YouTube.\" \/>\n<meta name=\"robots\" content=\"index, follow, max-snippet:-1, max-image-preview:large, max-video-preview:-1\" \/>\n<link rel=\"canonical\" href=\"https:\/\/elfsight.com\/pt\/youtube-channel-plugin-yottie\/facebook\/\" \/>\n<meta property=\"og:locale\" content=\"pt_PT\" \/>\n<meta property=\"og:type\" content=\"article\" \/>\n<meta property=\"og:title\" content=\"Adicionar guia Canal de v\u00eddeo do Youtube \u00e0 p\u00e1gina do Facebook (2025)\" \/>\n<meta property=\"og:description\" content=\"Crie uma guia de canal de v\u00eddeo do YouTube incompar\u00e1vel para sua p\u00e1gina do Facebook em apenas alguns minutos! Experimente a demonstra\u00e7\u00e3o gratuita da Elfsight para criar sua pr\u00f3pria guia no YouTube.\" \/>\n<meta property=\"og:url\" content=\"https:\/\/elfsight.com\/pt\/youtube-channel-plugin-yottie\/facebook\/\" \/>\n<meta property=\"og:site_name\" content=\"Elfsight PT\" \/>\n<meta property=\"article:modified_time\" content=\"2024-11-13T11:46:14+00:00\" \/>\n<meta name=\"twitter:card\" content=\"summary_large_image\" \/>\n<meta name=\"twitter:label1\" content=\"Tempo estimado de leitura\" \/>\n\t<meta name=\"twitter:data1\" content=\"2 minutos\" \/>\n<!-- \/ Yoast SEO plugin. -->","yoast_head_json":{"title":"Adicionar guia Canal de v\u00eddeo do Youtube \u00e0 p\u00e1gina do Facebook (2025)","description":"Crie uma guia de canal de v\u00eddeo do YouTube incompar\u00e1vel para sua p\u00e1gina do Facebook em apenas alguns minutos! Experimente a demonstra\u00e7\u00e3o gratuita da Elfsight para criar sua pr\u00f3pria guia no YouTube.","robots":{"index":"index","follow":"follow","max-snippet":"max-snippet:-1","max-image-preview":"max-image-preview:large","max-video-preview":"max-video-preview:-1"},"canonical":"https:\/\/elfsight.com\/pt\/youtube-channel-plugin-yottie\/facebook\/","og_locale":"pt_PT","og_type":"article","og_title":"Adicionar guia Canal de v\u00eddeo do Youtube \u00e0 p\u00e1gina do Facebook (2025)","og_description":"Crie uma guia de canal de v\u00eddeo do YouTube incompar\u00e1vel para sua p\u00e1gina do Facebook em apenas alguns minutos! Experimente a demonstra\u00e7\u00e3o gratuita da Elfsight para criar sua pr\u00f3pria guia no YouTube.","og_url":"https:\/\/elfsight.com\/pt\/youtube-channel-plugin-yottie\/facebook\/","og_site_name":"Elfsight PT","article_modified_time":"2024-11-13T11:46:14+00:00","twitter_card":"summary_large_image","twitter_misc":{"Tempo estimado de leitura":"2 minutos"},"schema":{"@context":"https:\/\/schema.org","@graph":[{"@type":"WebPage","@id":"https:\/\/elfsight.com\/pt\/youtube-channel-plugin-yottie\/facebook\/","url":"https:\/\/elfsight.com\/pt\/youtube-channel-plugin-yottie\/facebook\/","name":"Adicionar guia Canal de v\u00eddeo do Youtube \u00e0 p\u00e1gina do Facebook (2025)","isPartOf":{"@id":"https:\/\/elfsight.com\/pt\/#website"},"datePublished":"1970-01-01T00:00:00+00:00","dateModified":"2024-11-13T11:46:14+00:00","description":"Crie uma guia de canal de v\u00eddeo do YouTube incompar\u00e1vel para sua p\u00e1gina do Facebook em apenas alguns minutos! Experimente a demonstra\u00e7\u00e3o gratuita da Elfsight para criar sua pr\u00f3pria guia no YouTube.","breadcrumb":{"@id":"https:\/\/elfsight.com\/pt\/youtube-channel-plugin-yottie\/facebook\/#breadcrumb"},"inLanguage":"pt-PT","potentialAction":[{"@type":"ReadAction","target":["https:\/\/elfsight.com\/pt\/youtube-channel-plugin-yottie\/facebook\/"]}]},{"@type":"BreadcrumbList","@id":"https:\/\/elfsight.com\/pt\/youtube-channel-plugin-yottie\/facebook\/#breadcrumb","itemListElement":[{"@type":"ListItem","position":1,"name":"Home","item":"https:\/\/elfsight.com\/pt\/"},{"@type":"ListItem","position":2,"name":"YouTube Gallery","item":"https:\/\/elfsight.com\/pt\/youtube-channel-plugin-yottie\/"},{"@type":"ListItem","position":3,"name":"YouTube Gallery &#8211; Facebook Page"}]},{"@type":"WebSite","@id":"https:\/\/elfsight.com\/pt\/#website","url":"https:\/\/elfsight.com\/pt\/","name":"Elfsight PT","description":"Just another Elfsight Sites site","potentialAction":[{"@type":"SearchAction","target":{"@type":"EntryPoint","urlTemplate":"https:\/\/elfsight.com\/pt\/?s={search_term_string}"},"query-input":{"@type":"PropertyValueSpecification","valueRequired":true,"valueName":"search_term_string"}}],"inLanguage":"pt-PT"}]}},"meta_box":{"industry":"","seo_heading":"","heading":"","description":"","cta_heading":"","cta_description":"","application":"408","h1":"Guia Canal do YouTube para p\u00e1gina do Facebook","h1_caption":"A melhor ferramenta para exibir diversos v\u00eddeos do YouTube na sua aba do Facebook","application_category":[],"applications_title":"","applications_request_title":"","applications_request_button_text":"","hero_text":"","hero_video":"","hero_video_schema_markup":"","selling_points_title":"","selling_points_caption":"","selling_points":[],"selling_points_cta_text":"","features_title":"","features":"","ed_cta_examples_text":"","ed_cta_examples_hidden":"","ed_cta_demo_text":"","ed_cta_demo_hidden":"","why_caption":"","why_editor_title":"","why_editor_text":"","why_team_title":"","why_team_text":"","why_service_title":"","why_service_text":"","template_catalog_visible":"","template_catalog_title":"","template_catalog_text":"","template_catalog_categories_visible":"","demo_title":"Crie seu widget da Galeria do YouTube","demo_caption":"Configure sua Galeria do YouTube e adicione-a ao site da sua p\u00e1gina do Facebook gratuitamente!","default_faq_hidden":"","app_template_category":[],"platform":"103","template_public_id":"","codecanyon_url":"","codecanyon_item_id":"","codecanyon_price":"","pricing_caption":"","pricing_elfsight_apps_hide_column":"","pricing_elfsight_apps_url":"","pricing_codecanyon_price_caption":"","integration_category":[],"integration_request_title":"","integration_request_cta":"","integration_platform":"","integrations":[],"platform_category":[],"video_schema_markup":"","price":"a partir de US$ 0\/m\u00eas","trial":"","benefits":[{"text":"Servi\u00e7o de instala\u00e7\u00e3o gratuito"},{"text":"Atendimento ao cliente eficaz"},{"text":"Garantia de devolu\u00e7\u00e3o do dinheiro em 14 dias"},{"text":"Melhorias gratuitas vital\u00edcias"}],"button_url":"#demo","button_target_blank":"0","button_nofollow":"0","attributes":[{"name":"Instala\u00e7\u00f5es","content":"100,000 - 500,000","_state":"expanded"},{"name":"Responsivo","content":"Sim","_state":"expanded"},{"name":"Navegadores compat\u00edveis","content":"Firefox, Safari, Edge, Chrome, Opera"}],"tags":[],"tags_disable_links":"0","hide_more_platforms":"","video_object":"","demo_hide_cta":"0","demo_hide_cloud_options":"0","pricing_title":"","pricing":[{"pricing_icon":"platform","pricing_title":"Elfsight Apps","pricing_title_caption":"Software multiplataforma que funciona em qualquer site","pricing_price":"a partir de US$ 0\/m\u00eas","pricing_price_caption":"comece com plano gratuito","pricing_benefits":[{"text":"Sites ilimitados"},{"text":"Suporte dedicado e pontual"},{"text":"Suporte dedicado e pontual"},{"text":"Totalmente personaliz\u00e1vel"}],"pricing_button_text":"Adicionar ao site","pricing_button_url":"#demo","_state":"expanded"}],"related_apps_title":"","related_apps_hidden":"1","author":"","image":[],"title":"","job":"","social_networks":[]},"_links":{"self":[{"href":"https:\/\/elfsight.com\/pt\/wp-json\/wp\/v2\/pages\/4787","targetHints":{"allow":["GET"]}}],"collection":[{"href":"https:\/\/elfsight.com\/pt\/wp-json\/wp\/v2\/pages"}],"about":[{"href":"https:\/\/elfsight.com\/pt\/wp-json\/wp\/v2\/types\/page"}],"author":[{"embeddable":true,"href":"https:\/\/elfsight.com\/pt\/wp-json\/wp\/v2\/users\/9"}],"replies":[{"embeddable":true,"href":"https:\/\/elfsight.com\/pt\/wp-json\/wp\/v2\/comments?post=4787"}],"version-history":[{"count":2,"href":"https:\/\/elfsight.com\/pt\/wp-json\/wp\/v2\/pages\/4787\/revisions"}],"predecessor-version":[{"id":12433,"href":"https:\/\/elfsight.com\/pt\/wp-json\/wp\/v2\/pages\/4787\/revisions\/12433"}],"up":[{"embeddable":true,"href":"https:\/\/elfsight.com\/pt\/wp-json\/wp\/v2\/pages\/415"}],"wp:attachment":[{"href":"https:\/\/elfsight.com\/pt\/wp-json\/wp\/v2\/media?parent=4787"}],"curies":[{"name":"wp","href":"https:\/\/api.w.org\/{rel}","templated":true}]}}