{"id":4784,"date":"1970-01-01T00:00:00","date_gmt":"1970-01-01T00:00:00","guid":{"rendered":"https:\/\/elfsight.com\/pt\/?page_id=4784"},"modified":"2025-02-26T11:31:15","modified_gmt":"2025-02-26T11:31:15","slug":"elementor","status":"publish","type":"page","link":"https:\/\/elfsight.com\/pt\/twitter-feed-widget\/elementor\/","title":{"rendered":"Twitter Feed &#8211; Elementor"},"content":{"rendered":"\n<div class=\"application-platform-content-item-description application-platform-content-item\" id=\"description\" data-nav-section=\"description\"><h2>Incorpore o Twitter Feed no Elementor com o widget Elfsight<\/h2><p>Com a ajuda do Elfsight Twitter Feed \u00e9 muito f\u00e1cil incorporar o Twitter feed ou Tweets definitivos em um site WordPress. Aumente o envolvimento do visitante e aumente a confian\u00e7a do cliente, revelando uma linha do tempo no Twitter ou exibindo tweets de depoimentos do p\u00fablico sobre suas ofertas. As maiores vantagens do feed do Twitter da Elfsight para o seu site s\u00e3o os modelos predefinidos para qualquer caso de uso e par\u00e2metros variados, juntamente com um design ajust\u00e1vel.<\/p><p><b>Fortale\u00e7a o n\u00edvel de envolvimento do seu site e fa\u00e7a com que ele pare\u00e7a confi\u00e1vel. para seus visitantes!<\/b><\/p><p><b>Aumente o n\u00edvel de engajamento<\/b><br> Adicione conte\u00fado alegre e vibrante de uma das m\u00eddias sociais mais aprovadas em seu site para atrair a aten\u00e7\u00e3o do p\u00fablico. Obtenha um melhor n\u00edvel de atividade no seu site.<\/p><p><b>Aumente os seguidores<\/b><br> O feed interativo da Elfsight no Twitter permite que os clientes sigam a sua conta diretamente do seu site. Assim, voc\u00ea pode usar mais uma fonte de seguidores e aumentar sua comunidade no Twitter.<\/p> <p><b>Prova social perfeita para maior confian\u00e7a<\/b><br> Mostre o qu\u00e3o ativamente voc\u00ea administra sua conta no Twitter para convencer os clientes de que seu projeto est\u00e1 ativo e voc\u00ea deseja se comunicar e se aproximar de seus visitantes.<\/p> <\/div><div class=\"application-platform-content-item-features application-platform-content-item\" id=\"features\" data-nav-section=\"features\"><h2>Principais recursos do widget Twitter Feed<\/h2><p>5 Recursos, que transformam o Widget ElfSight e a excelente op\u00e7\u00e3o para o site do WordPress: <\/p> <ul> <li> Tweets de testemunhos com estrelas; <\/li> <li> Defina a altura do widget ou o deixa adapt\u00e1vel \u00e0 altura do conte\u00fado; <\/li> <li>Indica\u00e7\u00e3o de retweets no feed;<\/li><li>Cache de dados do navegador &#8211; carregamento mais r\u00e1pido com widgets em diversas p\u00e1ginas;<\/li><li>Colora\u00e7\u00e3o autom\u00e1tica do feed com a cor do tema da sua conta do Twitter.<\/li><\/ul><p><a href=\"#demo\">Voc\u00ea pode visualizar todos os recursos usando o editor ao vivo<\/a><\/p><\/div><div class=\"application-platform-content-item-installation application-platform-content-item\" id=\"installation\" data-nav-section=\"installation\"><h2>Como para adicionar feed do Twitter ao site Elementor<\/h2><div class=\"video-container\"><iframe width=\"720\" height=\"405\" src=\"https:\/\/www.youtube.com\/embed\/gGmlGZpJ8Zs\" frameborder=\"0\" allowfullscreen=\"\"><\/iframe><\/div><p>Aqui est\u00e1 um guia r\u00e1pido sobre como incorporar o widget em um site. N\u00e3o \u00e9 necess\u00e1ria nenhuma compet\u00eancia em programa\u00e7\u00e3o e levar\u00e1 cerca de 2 minutos.<\/p><ol><li><b>Construa seu Twitter Feed personalizado<\/b><br> Em nosso editor gratuito, monte um plugin, escolhendo entre diferentes op\u00e7\u00f5es de configura\u00e7\u00f5es.<\/li><li><b>Obtenha seu c\u00f3digo de instala\u00e7\u00e3o para publicar o plugin<\/b><br> Depois que a configura\u00e7\u00e3o do widget estiver conclu\u00edda, copie seu c\u00f3digo de instala\u00e7\u00e3o inicial da notifica\u00e7\u00e3o exibida nos aplicativos Elfsight.<\/li><li><b>Coloque o plugin no site Elementor<\/b><br> Incorpore o plugin em uma p\u00e1gina escolhida do seu site e salve as edi\u00e7\u00f5es.<\/li> <li><b>Voc\u00ea concluiu a instala\u00e7\u00e3o com sucesso <\/b><br> Visite seu site para verificar seu widget.<\/li><\/ol><p>Tem d\u00favidas sobre como inserir o plugin ou personalizar sua interface? Entre em contato com nossa central de ajuda e faremos o poss\u00edvel para oferecer suporte.<\/p><\/div><div class=\"faq\" data-component=\"FAQ\"><div class=\"faq-item\">\r\n\t\t\t\t\t<div class=\"faq-item-question\">\r\n\t\t\t\t\t\t<h3 class=\"faq-item-question-text\">Como posso adicionar o feed do Twitter ao meu Elementor com sem experi\u00eancia em codifica\u00e7\u00e3o?<\/h3>\r\n\r\n\t\t\t\t\t\t<div class=\"faq-item-question-icon\"><\/div>\r\n\t\t\t\t\t<\/div>\r\n\r\n\t\t\t\t\t<div class=\"faq-item-answer\">\r\n\t\t\t\t\t\t<div class=\"faq-item-answer-text\"><p>A empresa Elfsight apresenta uma solu\u00e7\u00e3o que permite que voc\u00ea mesmo crie um plug-in de feed do Twitter. Veja as etapas f\u00e1ceis:<\/p><ul><li>Comece a trabalhar na demonstra\u00e7\u00e3o on-line para criar um feed do Twitter widget que voc\u00ea gostaria de incluir no site Elementor.<\/li><li>Escolha um dos modelos predefinidos e ajuste as configura\u00e7\u00f5es do feed do Twitter, atualize seu conte\u00fado, altere o layout e a cor dos elementos sem conhecimento de codifica\u00e7\u00e3o.<\/li><li>Salve o feed do Twitter e obtenha o c\u00f3digo de instala\u00e7\u00e3o do widget, que pode ser inclu\u00eddo gratuitamente em seu site Elementor.<\/li><\/ul><p>Usando nosso configurador f\u00e1cil de usar, todo usu\u00e1rio da Internet pode criar Feed do Twitter e simplesmente incorpore na p\u00e1gina inicial do Elementor. N\u00e3o \u00e9 necess\u00e1rio pagar ou divulgar as credenciais do seu cart\u00e3o para entrar no Editor. Se voc\u00ea enfrentar algum obst\u00e1culo em qualquer etapa, v\u00e1 em frente e entre em contato com nosso suporte ao cliente.<\/p><\/div>\r\n\t\t\t\t\t<\/div>\r\n\t\t\t\t<\/div><\/div>\n","protected":false},"excerpt":{"rendered":"","protected":false},"author":9,"featured_media":0,"parent":832,"menu_order":0,"comment_status":"closed","ping_status":"closed","template":"templates\/template-application-platform.php","meta":{"publish_to_discourse":"","publish_post_category":"","wpdc_auto_publish_overridden":"","wpdc_topic_tags":"","wpdc_pin_topic":"","wpdc_pin_until":"","discourse_post_id":"","discourse_permalink":"","wpdc_publishing_response":"","wpdc_publishing_error":"","footnotes":""},"class_list":["post-4784","page","type-page","status-publish","hentry"],"yoast_head":"<!-- This site is optimized with the Yoast SEO plugin v25.3.1 - https:\/\/yoast.com\/wordpress\/plugins\/seo\/ -->\n<title>Widget de feed do Twitter para o site Elementor (2025)<\/title>\n<meta name=\"description\" content=\"Adicione o widget Twitter Feed ao seu site Elementor em apenas alguns minutos. Cria\u00e7\u00e3o r\u00e1pida e simples de diversos plugins de sites pela Elfsight.\" \/>\n<meta name=\"robots\" content=\"index, follow, max-snippet:-1, max-image-preview:large, max-video-preview:-1\" \/>\n<link rel=\"canonical\" href=\"https:\/\/elfsight.com\/pt\/twitter-feed-widget\/elementor\/\" \/>\n<meta property=\"og:locale\" content=\"pt_PT\" \/>\n<meta property=\"og:type\" content=\"article\" \/>\n<meta property=\"og:title\" content=\"Widget de feed do Twitter para o site Elementor (2025)\" \/>\n<meta property=\"og:description\" content=\"Adicione o widget Twitter Feed ao seu site Elementor em apenas alguns minutos. Cria\u00e7\u00e3o r\u00e1pida e simples de diversos plugins de sites pela Elfsight.\" \/>\n<meta property=\"og:url\" content=\"https:\/\/elfsight.com\/pt\/twitter-feed-widget\/elementor\/\" \/>\n<meta property=\"og:site_name\" content=\"Elfsight PT\" \/>\n<meta property=\"article:modified_time\" content=\"2025-02-26T11:31:15+00:00\" \/>\n<meta name=\"twitter:card\" content=\"summary_large_image\" \/>\n<meta name=\"twitter:label1\" content=\"Tempo estimado de leitura\" \/>\n\t<meta name=\"twitter:data1\" content=\"4 minutos\" \/>\n<!-- \/ Yoast SEO plugin. -->","yoast_head_json":{"title":"Widget de feed do Twitter para o site Elementor (2025)","description":"Adicione o widget Twitter Feed ao seu site Elementor em apenas alguns minutos. Cria\u00e7\u00e3o r\u00e1pida e simples de diversos plugins de sites pela Elfsight.","robots":{"index":"index","follow":"follow","max-snippet":"max-snippet:-1","max-image-preview":"max-image-preview:large","max-video-preview":"max-video-preview:-1"},"canonical":"https:\/\/elfsight.com\/pt\/twitter-feed-widget\/elementor\/","og_locale":"pt_PT","og_type":"article","og_title":"Widget de feed do Twitter para o site Elementor (2025)","og_description":"Adicione o widget Twitter Feed ao seu site Elementor em apenas alguns minutos. Cria\u00e7\u00e3o r\u00e1pida e simples de diversos plugins de sites pela Elfsight.","og_url":"https:\/\/elfsight.com\/pt\/twitter-feed-widget\/elementor\/","og_site_name":"Elfsight PT","article_modified_time":"2025-02-26T11:31:15+00:00","twitter_card":"summary_large_image","twitter_misc":{"Tempo estimado de leitura":"4 minutos"},"schema":{"@context":"https:\/\/schema.org","@graph":[{"@type":"WebPage","@id":"https:\/\/elfsight.com\/pt\/twitter-feed-widget\/elementor\/","url":"https:\/\/elfsight.com\/pt\/twitter-feed-widget\/elementor\/","name":"Widget de feed do Twitter para o site Elementor (2025)","isPartOf":{"@id":"https:\/\/elfsight.com\/pt\/#website"},"datePublished":"1970-01-01T00:00:00+00:00","dateModified":"2025-02-26T11:31:15+00:00","description":"Adicione o widget Twitter Feed ao seu site Elementor em apenas alguns minutos. Cria\u00e7\u00e3o r\u00e1pida e simples de diversos plugins de sites pela Elfsight.","breadcrumb":{"@id":"https:\/\/elfsight.com\/pt\/twitter-feed-widget\/elementor\/#breadcrumb"},"inLanguage":"pt-PT","potentialAction":[{"@type":"ReadAction","target":["https:\/\/elfsight.com\/pt\/twitter-feed-widget\/elementor\/"]}]},{"@type":"BreadcrumbList","@id":"https:\/\/elfsight.com\/pt\/twitter-feed-widget\/elementor\/#breadcrumb","itemListElement":[{"@type":"ListItem","position":1,"name":"Home","item":"https:\/\/elfsight.com\/pt\/"},{"@type":"ListItem","position":2,"name":"Twitter Feed","item":"https:\/\/elfsight.com\/pt\/twitter-feed-widget\/"},{"@type":"ListItem","position":3,"name":"Twitter Feed &#8211; Elementor"}]},{"@type":"WebSite","@id":"https:\/\/elfsight.com\/pt\/#website","url":"https:\/\/elfsight.com\/pt\/","name":"Elfsight PT","description":"Just another Elfsight Sites site","potentialAction":[{"@type":"SearchAction","target":{"@type":"EntryPoint","urlTemplate":"https:\/\/elfsight.com\/pt\/?s={search_term_string}"},"query-input":{"@type":"PropertyValueSpecification","valueRequired":true,"valueName":"search_term_string"}}],"inLanguage":"pt-PT"}]}},"meta_box":{"industry":"","seo_heading":"","heading":"","description":"","cta_heading":"","cta_description":"","application":"831","h1":"Feed do Twitter da Elementor","h1_caption":"O m\u00e9todo l\u00edder para adicionar postagens do Twitter em seu site","application_category":[],"applications_title":"","applications_request_title":"","applications_request_button_text":"","hero_text":"","hero_video":"","hero_video_schema_markup":"","selling_points_title":"","selling_points_caption":"","selling_points":[],"selling_points_cta_text":"","features_title":"","features":"","ed_cta_examples_text":"","ed_cta_examples_hidden":"","ed_cta_demo_text":"","ed_cta_demo_hidden":"","why_caption":"","why_editor_title":"","why_editor_text":"","why_team_title":"","why_team_text":"","why_service_title":"","why_service_text":"","template_catalog_visible":"0","template_catalog_title":"","template_catalog_text":"","template_catalog_categories_visible":"","demo_title":"Crie seu widget de feed do Twitter","demo_caption":"Configure seu feed do Twitter e adicione-o ao seu site Elementor gratuitamente!","default_faq_hidden":"","app_template_category":[],"platform":"100","template_public_id":"","codecanyon_url":"","codecanyon_item_id":"","codecanyon_price":"","pricing_caption":"","pricing_elfsight_apps_hide_column":"","pricing_elfsight_apps_url":"","pricing_codecanyon_price_caption":"","integration_category":[],"integration_request_title":"","integration_request_cta":"","integration_platform":"","integrations":[],"platform_category":[],"video_schema_markup":"","price":"a partir de US$ 0\/m\u00eas","trial":"","benefits":[{"text":"Ajuda de instala\u00e7\u00e3o gratuita"},{"text":"Atendimento ao cliente eficaz"},{"text":"Garantia de reembolso de 14 dias"},{"text":"Atualizando constantemente"}],"button_url":"#demo","button_target_blank":"0","button_nofollow":"0","attributes":[{"name":"Instala\u00e7\u00f5es","content":"10,000 - 100,000","_state":"expanded"},{"name":"Responsivo","content":"Sim","_state":"expanded"},{"name":"Navegadores compat\u00edveis","content":"Firefox, Safari, Opera, Chrome, Edge"}],"tags":[],"tags_disable_links":"0","hide_more_platforms":"0","video_object":"","demo_hide_cta":"0","demo_hide_cloud_options":"0","pricing_title":"","pricing":[{"pricing_icon":"platform","pricing_title":"Elfsight Apps","pricing_title_caption":"Vers\u00e3o independente de plataforma","pricing_price":"a partir de US$ 0\/m\u00eas","pricing_price_caption":"comece com plano gratuito","pricing_benefits":[{"text":"Dom\u00ednios ilimitados"},{"text":"Suporte r\u00e1pido ao cliente"},{"text":"Suporte r\u00e1pido ao cliente"},{"text":"\u00d3timo neg\u00f3cio para v\u00e1rios aplicativos"}],"pricing_button_text":"Adicionar ao site","pricing_button_url":"#demo","_state":"expanded"}],"related_apps_title":"","related_apps_hidden":"1","author":"","image":[],"title":"","job":"","social_networks":[]},"_links":{"self":[{"href":"https:\/\/elfsight.com\/pt\/wp-json\/wp\/v2\/pages\/4784","targetHints":{"allow":["GET"]}}],"collection":[{"href":"https:\/\/elfsight.com\/pt\/wp-json\/wp\/v2\/pages"}],"about":[{"href":"https:\/\/elfsight.com\/pt\/wp-json\/wp\/v2\/types\/page"}],"author":[{"embeddable":true,"href":"https:\/\/elfsight.com\/pt\/wp-json\/wp\/v2\/users\/9"}],"replies":[{"embeddable":true,"href":"https:\/\/elfsight.com\/pt\/wp-json\/wp\/v2\/comments?post=4784"}],"version-history":[{"count":3,"href":"https:\/\/elfsight.com\/pt\/wp-json\/wp\/v2\/pages\/4784\/revisions"}],"predecessor-version":[{"id":14010,"href":"https:\/\/elfsight.com\/pt\/wp-json\/wp\/v2\/pages\/4784\/revisions\/14010"}],"up":[{"embeddable":true,"href":"https:\/\/elfsight.com\/pt\/wp-json\/wp\/v2\/pages\/832"}],"wp:attachment":[{"href":"https:\/\/elfsight.com\/pt\/wp-json\/wp\/v2\/media?parent=4784"}],"curies":[{"name":"wp","href":"https:\/\/api.w.org\/{rel}","templated":true}]}}