{"id":4782,"date":"1970-01-01T00:00:00","date_gmt":"1970-01-01T00:00:00","guid":{"rendered":"https:\/\/elfsight.com\/pt\/?page_id=4782"},"modified":"2025-12-01T09:38:51","modified_gmt":"2025-12-01T09:38:51","slug":"elementor","status":"publish","type":"page","link":"https:\/\/elfsight.com\/pt\/whatsapp-chat-widget\/elementor\/","title":{"rendered":"Whatsapp Chat &#8211; Elementor"},"content":{"rendered":"<div class=\"application-platform-content-item-description application-platform-content-item\" id=\"description\" data-nav-section=\"description\"> <h2>Incorpore o bate-papo do WhatsApp com o widget da Elfsight<\/h2> <p>O widget de bate-papo criado pela Elfsight \u00e9 o mais r\u00e1pido para os visitantes do seu site se comunicarem com voc\u00ea e obter respostas \u00e0s suas perguntas. Agora voc\u00ea est\u00e1 dispon\u00edvel online para seu pessoal no mensageiro mais confort\u00e1vel o dia todo. Incorpore o widget do WhatsApp em sua p\u00e1gina da web e fa\u00e7a-o aparecer em p\u00e1ginas espec\u00edficas ou para determinados grupos de visualizadores, selecione gatilhos para iniciar bate-papo, inclua sua mensagem pessoal de boas-vindas, defina \u00edcones e aplique outras personaliza\u00e7\u00f5es. Tendo o bate-papo ao vivo da Elfsight em sua p\u00e1gina da web, voc\u00ea permanecer\u00e1 f\u00e1cil de alcan\u00e7ar para seus visitantes em todos os momentos e independentemente de seu local.<\/p><p>O bate-papo Elementor WhatsApp pode ajud\u00e1-lo a aumentar o desempenho geral da sua empresa, fornecendo incr\u00edvel suporte ao cliente. Voc\u00ea \u00e9 livre para incorporar o bot\u00e3o Elementor WhatsApp em todas ou em p\u00e1ginas espec\u00edficas do seu site. Al\u00e9m disso, existe a possibilidade de escolher alguns p\u00fablicos espec\u00edficos que ter\u00e3o acesso ao seu bot\u00e3o Elementor WhatsApp. Ao incluir esta op\u00e7\u00e3o em seu site, voc\u00ea far\u00e1 com que o bot\u00e3o do WhatsApp funcione de maneira eficaz. \u00c9 uma solu\u00e7\u00e3o perfeita para qualquer tipo de ajuda, suporte ao cliente, integra\u00e7\u00e3o e outras situa\u00e7\u00f5es que qualquer empresa online e offline possa encontrar. E o fato de voc\u00ea usar um dos mensageiros mais populares s\u00f3 vai agregar pontos a voc\u00ea.<\/p><p>Nosso plugin do WhatsApp tamb\u00e9m \u00e9 extremamente f\u00e1cil de personalizar, para que se torne uma parte insepar\u00e1vel do seu site Elementor. Tudo o que voc\u00ea precisa fazer \u00e9 come\u00e7ar selecionando a cor adequada que ir\u00e1 alterar totalmente a apar\u00eancia do seu plugin do WhatsApp. Selecione os melhores tons e sombras para quatro elementos de interface dispon\u00edveis: fundo e \u00edcone do bal\u00e3o de bate-papo, fundo do cabe\u00e7alho e bot\u00e3o em si. Transforme seu plugin de chat em uma combina\u00e7\u00e3o perfeita para o conceito de design do seu site e veja como ele come\u00e7a a funcionar para seus objetivos de neg\u00f3cios e impulsionar todas as m\u00e9tricas importantes.<\/p> <div class=\"faq\" data-component=\"FAQ\"><div class=\"faq-item\">\r\n\t\t\t\t\t<div class=\"faq-item-question\">\r\n\t\t\t\t\t\t<h3 class=\"faq-item-question-text\">Onde no meu site posso exibir o widget<\/h3>\r\n\r\n\t\t\t\t\t\t<div class=\"faq-item-question-icon\"><\/div>\r\n\t\t\t\t\t<\/div>\r\n\r\n\t\t\t\t\t<div class=\"faq-item-answer\">\r\n\t\t\t\t\t\t<div class=\"faq-item-answer-text\"> <p>Voc\u00ea pode adicion\u00e1-lo em todas as p\u00e1ginas do seu site ou apenas em determinadas p\u00e1ginas. Tamb\u00e9m existe uma op\u00e7\u00e3o para restringi-lo em p\u00e1ginas escolhidas onde voc\u00ea n\u00e3o deseja o bate-papo.<\/p><\/div>\r\n\t\t\t\t\t<\/div>\r\n\t\t\t\t<\/div><div class=\"faq-item\">\r\n\t\t\t\t\t<div class=\"faq-item-question\">\r\n\t\t\t\t\t\t<h3 class=\"faq-item-question-text\">Como eu me beneficiaria com o widget?<\/h3>\r\n\r\n\t\t\t\t\t\t<div class=\"faq-item-question-icon\"><\/div>\r\n\t\t\t\t\t<\/div>\r\n\r\n\t\t\t\t\t<div class=\"faq-item-answer\">\r\n\t\t\t\t\t\t<div class=\"faq-item-answer-text\"> <p>Este plugin ajudar\u00e1 mais os visitantes abordam voc\u00ea com suas d\u00favidas e solicita\u00e7\u00f5es. Pode ajudar a fortalecer a quantidade de leads e vendas. Outra vantagem \u00e9 que a resposta r\u00e1pida e a abordagem personalizada elevar\u00e3o o n\u00edvel de relacionamento com o cliente. <\/p> <\/div>\r\n\t\t\t\t\t<\/div>\r\n\t\t\t\t<\/div><div class=\"faq-item\">\r\n\t\t\t\t\t<div class=\"faq-item-question\">\r\n\t\t\t\t\t\t<h3 class=\"faq-item-question-text\">Como fa\u00e7o para ter o Whatsapp Chat?<\/h3>\r\n\r\n\t\t\t\t\t\t<div class=\"faq-item-question-icon\"><\/div>\r\n\t\t\t\t\t<\/div>\r\n\r\n\t\t\t\t\t<div class=\"faq-item-answer\">\r\n\t\t\t\t\t\t<div class=\"faq-item-answer-text\"> <p>Leva apenas um minuto do seu tempo para come\u00e7ar a usar o widget. Adicion\u00e1-lo ao seu site \u00e9 muito r\u00e1pido, gratuito e sem codifica\u00e7\u00e3o.<\/p> <p>O widget pode ser introduzido no seu site atrav\u00e9s do nosso servi\u00e7o ou atrav\u00e9s do mercado. Voc\u00ea pode ver mais informa\u00e7\u00f5es sobre as duas op\u00e7\u00f5es e selecionar a sua.<\/p> <\/div>\r\n\t\t\t\t\t<\/div>\r\n\t\t\t\t<\/div><\/div> <\/div><div class=\"application-platform-content-item-features application-platform-content-item\" id=\"features\" data-nav-section=\"features\"> <h2>Principais recursos do plug-in de bate-papo do WhatsApp<\/h2> <p>Para entender melhor o widget do Whatsapp, veja a lista de suas principais fun\u00e7\u00f5es. Eles tornam este widget realmente eficaz para voc\u00ea: <\/p> <ul><li>Adicione o WhatsApp Messenger ao seu site para estabelecer comunica\u00e7\u00e3o com os visitantes; <\/li><li>Mantenha mensagens diretamente da sua conta do WhatsApp; <\/li><li> Tr\u00eas op\u00e7\u00f5es de posi\u00e7\u00e3o de bate-papo: bolha incorporada, bolha flutuante e janela de bate-papo incorporada; <\/li><li> Selecione seu \u00edcone de bolha na cole\u00e7\u00e3o de \u00edcones dispon\u00edveis; <\/li><li>Texto de bal\u00e3o edit\u00e1vel. <\/li><\/ul><p><a href=\"#demo\">A demonstra\u00e7\u00e3o ao vivo revelar\u00e1 todos os recursos do widget para voc\u00ea<\/a><\/p> <\/div><div class=\"application-platform-content-item-installation application-platform-content-item\" id=\"installation\" data-nav-section=\"installation\"> <h2>Veja como adicionar o Whatsapp Chat ao seu site Elementor<\/h2> <div class=\"video-container\">\n<iframe width=\"720\" height=\"405\" src=\"https:\/\/www.youtube.com\/embed\/mjhWt6Hk1sk?si=BSBZcmbPz6_dfENj\" frameborder=\"0\" allowfullscreen=\"\"><\/iframe>\n<\/div><p>As a\u00e7\u00f5es abaixo s\u00e3o a \u00fanica coisa que voc\u00ea precisa fazer para ativar o produto.<\/p><ul><li><b>Crie seu widget pessoal do Whatsapp<\/b><br> Com a ajuda de nossa demonstra\u00e7\u00e3o gratuita, crie um plugin com design e capacidades prefer\u00edveis.<\/li><li><b>Adquira um c\u00f3digo para integra\u00e7\u00e3o do plug-in<\/b><br>Ap\u00f3s o ajuste do widget, adquira um c\u00f3digo para o widget de chat ao vivo na janela pop-up dos aplicativos Elfsight.<\/li><li><b>Incorpore o plug-in no site<\/b><br>Adicione o plugin ao local necess\u00e1rio da p\u00e1gina e aplique as edi\u00e7\u00f5es.<\/li><li><b>Voc\u00ea executou a instala\u00e7\u00e3o com sucesso<\/b><br> Entre no seu site Elementor, para ver seu trabalho.<\/li><\/ul><p>Ainda n\u00e3o decidiu? Ou trope\u00e7ou em alguma coisa? Basta enviar uma solicita\u00e7\u00e3o para nossa equipe de suporte, resolveremos qualquer tipo de problema. <\/p> <\/div><div class=\"faq\" data-component=\"FAQ\"><div class=\"faq-item\">\r\n\t\t\t\t\t<div class=\"faq-item-question\">\r\n\t\t\t\t\t\t<h3 class=\"faq-item-question-text\">Como incorporar o Whatsapp Chat \u00e0 minha p\u00e1gina Elementor sem codifica\u00e7\u00e3o?<\/h3>\r\n\r\n\t\t\t\t\t\t<div class=\"faq-item-question-icon\"><\/div>\r\n\t\t\t\t\t<\/div>\r\n\r\n\t\t\t\t\t<div class=\"faq-item-answer\">\r\n\t\t\t\t\t\t<div class=\"faq-item-answer-text\"><p>A empresa Elfsight oferece uma nuvem solu\u00e7\u00e3o que permite que as pessoas criem voc\u00ea mesmo uma se\u00e7\u00e3o de bate-papo do Whatsapp, consulte o guia f\u00e1cil: <\/p><ul><li>V\u00e1 para o editor on-line para criar um widget de bate-papo do Whatsapp que voc\u00ea gostaria que aparecesse no site Elementor.<\/li> <li>Escolha um dos muitos modelos pr\u00e9-fabricados e altere as configura\u00e7\u00f5es do Whatsapp Chat, mude o layout e as cores, inclua seu conte\u00fado sem codifica\u00e7\u00e3o.<\/li><li>Salve as configura\u00e7\u00f5es que voc\u00ea fez no Whatsapp Chat e obtenha widgets c\u00f3digo de instala\u00e7\u00e3o, que pode ser facilmente inclu\u00eddo no site Elementor dentro de um plano gratuito. <\/li><\/ul><p>Trabalhando no editor f\u00e1cil de usar, qualquer usu\u00e1rio da web pode criar o Whatsapp Chat e inclu\u00ed-lo prontamente no site da Elementor. N\u00e3o h\u00e1 necessidade de pagar ou inserir os dados do seu cart\u00e3o para entrar em nosso servi\u00e7o. Se voc\u00ea encontrar algum problema em qualquer etapa, sinta-se \u00e0 vontade para falar com nossa equipe de suporte.<\/p><\/div>\r\n\t\t\t\t\t<\/div>\r\n\t\t\t\t<\/div><\/div>","protected":false},"excerpt":{"rendered":"","protected":false},"author":9,"featured_media":0,"parent":347,"menu_order":0,"comment_status":"closed","ping_status":"closed","template":"templates\/template-application-platform.php","meta":{"publish_to_discourse":"","publish_post_category":"","wpdc_auto_publish_overridden":"","wpdc_topic_tags":"","wpdc_pin_topic":"","wpdc_pin_until":"","discourse_post_id":"","discourse_permalink":"","wpdc_publishing_response":"","wpdc_publishing_error":"","footnotes":""},"class_list":["post-4782","page","type-page","status-publish","hentry"],"yoast_head":"<!-- This site is optimized with the Yoast SEO plugin v25.3.1 - https:\/\/yoast.com\/wordpress\/plugins\/seo\/ -->\n<title>Bate-papo ao vivo - adicione widget de caixa de bate-papo aos sites Elementor (gratuito e f\u00e1cil)<\/title>\n<meta name=\"description\" content=\"Aprenda como incorporar o widget do Whatsapp no \u200b\u200bElementor \u2013 sem codifica\u00e7\u00e3o e gr\u00e1tis! Verifique o guia detalhado sobre como adicionar o bot\u00e3o Elementor WhatsApp.\" \/>\n<meta name=\"robots\" content=\"index, follow, max-snippet:-1, max-image-preview:large, max-video-preview:-1\" \/>\n<link rel=\"canonical\" href=\"https:\/\/elfsight.com\/pt\/whatsapp-chat-widget\/elementor\/\" \/>\n<meta property=\"og:locale\" content=\"pt_PT\" \/>\n<meta property=\"og:type\" content=\"article\" \/>\n<meta property=\"og:title\" content=\"Bate-papo ao vivo - adicione widget de caixa de bate-papo aos sites Elementor (gratuito e f\u00e1cil)\" \/>\n<meta property=\"og:description\" content=\"Aprenda como incorporar o widget do Whatsapp no \u200b\u200bElementor \u2013 sem codifica\u00e7\u00e3o e gr\u00e1tis! Verifique o guia detalhado sobre como adicionar o bot\u00e3o Elementor WhatsApp.\" \/>\n<meta property=\"og:url\" content=\"https:\/\/elfsight.com\/pt\/whatsapp-chat-widget\/elementor\/\" \/>\n<meta property=\"og:site_name\" content=\"Elfsight PT\" \/>\n<meta property=\"article:modified_time\" content=\"2025-12-01T09:38:51+00:00\" \/>\n<meta name=\"twitter:card\" content=\"summary_large_image\" \/>\n<meta name=\"twitter:label1\" content=\"Tempo estimado de leitura\" \/>\n\t<meta name=\"twitter:data1\" content=\"5 minutos\" \/>\n<!-- \/ Yoast SEO plugin. -->","yoast_head_json":{"title":"Bate-papo ao vivo - adicione widget de caixa de bate-papo aos sites Elementor (gratuito e f\u00e1cil)","description":"Aprenda como incorporar o widget do Whatsapp no \u200b\u200bElementor \u2013 sem codifica\u00e7\u00e3o e gr\u00e1tis! Verifique o guia detalhado sobre como adicionar o bot\u00e3o Elementor WhatsApp.","robots":{"index":"index","follow":"follow","max-snippet":"max-snippet:-1","max-image-preview":"max-image-preview:large","max-video-preview":"max-video-preview:-1"},"canonical":"https:\/\/elfsight.com\/pt\/whatsapp-chat-widget\/elementor\/","og_locale":"pt_PT","og_type":"article","og_title":"Bate-papo ao vivo - adicione widget de caixa de bate-papo aos sites Elementor (gratuito e f\u00e1cil)","og_description":"Aprenda como incorporar o widget do Whatsapp no \u200b\u200bElementor \u2013 sem codifica\u00e7\u00e3o e gr\u00e1tis! Verifique o guia detalhado sobre como adicionar o bot\u00e3o Elementor WhatsApp.","og_url":"https:\/\/elfsight.com\/pt\/whatsapp-chat-widget\/elementor\/","og_site_name":"Elfsight PT","article_modified_time":"2025-12-01T09:38:51+00:00","twitter_card":"summary_large_image","twitter_misc":{"Tempo estimado de leitura":"5 minutos"},"schema":{"@context":"https:\/\/schema.org","@graph":[{"@type":"WebPage","@id":"https:\/\/elfsight.com\/pt\/whatsapp-chat-widget\/elementor\/","url":"https:\/\/elfsight.com\/pt\/whatsapp-chat-widget\/elementor\/","name":"Bate-papo ao vivo - adicione widget de caixa de bate-papo aos sites Elementor (gratuito e f\u00e1cil)","isPartOf":{"@id":"https:\/\/elfsight.com\/pt\/#website"},"datePublished":"1970-01-01T00:00:00+00:00","dateModified":"2025-12-01T09:38:51+00:00","description":"Aprenda como incorporar o widget do Whatsapp no \u200b\u200bElementor \u2013 sem codifica\u00e7\u00e3o e gr\u00e1tis! Verifique o guia detalhado sobre como adicionar o bot\u00e3o Elementor WhatsApp.","breadcrumb":{"@id":"https:\/\/elfsight.com\/pt\/whatsapp-chat-widget\/elementor\/#breadcrumb"},"inLanguage":"pt-PT","potentialAction":[{"@type":"ReadAction","target":["https:\/\/elfsight.com\/pt\/whatsapp-chat-widget\/elementor\/"]}]},{"@type":"BreadcrumbList","@id":"https:\/\/elfsight.com\/pt\/whatsapp-chat-widget\/elementor\/#breadcrumb","itemListElement":[{"@type":"ListItem","position":1,"name":"Home","item":"https:\/\/elfsight.com\/pt\/"},{"@type":"ListItem","position":2,"name":"WhatsApp Chat","item":"https:\/\/elfsight.com\/pt\/whatsapp-chat-widget\/"},{"@type":"ListItem","position":3,"name":"Whatsapp Chat &#8211; Elementor"}]},{"@type":"WebSite","@id":"https:\/\/elfsight.com\/pt\/#website","url":"https:\/\/elfsight.com\/pt\/","name":"Elfsight PT","description":"Just another Elfsight Sites site","potentialAction":[{"@type":"SearchAction","target":{"@type":"EntryPoint","urlTemplate":"https:\/\/elfsight.com\/pt\/?s={search_term_string}"},"query-input":{"@type":"PropertyValueSpecification","valueRequired":true,"valueName":"search_term_string"}}],"inLanguage":"pt-PT"}]}},"meta_box":{"industry":"","seo_heading":"","heading":"","description":"","cta_heading":"","cta_description":"","application":"340","h1":"Widget de bate-papo Elementor Whatsapp","h1_caption":"A ferramenta de comunica\u00e7\u00e3o mais pr\u00e1tica para os visitantes do seu site","application_category":[],"applications_title":"","applications_request_title":"","applications_request_button_text":"","hero_text":"","hero_video":"","hero_video_schema_markup":"","selling_points_title":"","selling_points_caption":"","selling_points":[],"selling_points_cta_text":"","features_title":"","features":"","ed_cta_examples_text":"","ed_cta_examples_hidden":"","ed_cta_demo_text":"","ed_cta_demo_hidden":"","why_caption":"","why_editor_title":"","why_editor_text":"","why_team_title":"","why_team_text":"","why_service_title":"","why_service_text":"","template_catalog_visible":"0","template_catalog_title":"","template_catalog_text":"","template_catalog_categories_visible":"","demo_title":"Crie seu widget de bate-papo do Whatsapp","demo_caption":"Configure seu Whatsapp Chat e adicione-o ao seu site Elementor gratuitamente!","default_faq_hidden":"","app_template_category":[],"platform":"100","template_public_id":"","codecanyon_url":"","codecanyon_item_id":"","codecanyon_price":"","pricing_caption":"","pricing_elfsight_apps_hide_column":"","pricing_elfsight_apps_url":"","pricing_codecanyon_price_caption":"","integration_category":[],"integration_request_title":"","integration_request_cta":"","integration_platform":"","integrations":[],"platform_category":[],"video_schema_markup":"","price":"a partir de US$ 0\/m\u00eas","trial":"","benefits":[{"text":"Ajuda de instala\u00e7\u00e3o gratuita"},{"text":"Atendimento ao cliente competente"},{"text":"Garantia de devolu\u00e7\u00e3o do dinheiro em 14 dias"},{"text":"Desenvolvimento cont\u00ednuo"}],"button_url":"#demo","button_target_blank":"0","button_nofollow":"0","attributes":[{"name":"Instala\u00e7\u00f5es","content":"100,000 - 500,000","_state":"expanded"},{"name":"Responsivo","content":"Sim","_state":"expanded"},{"name":"Navegadores compat\u00edveis","content":"Firefox, Safari, Opera, Chrome, Edge"}],"tags":[],"tags_disable_links":"0","hide_more_platforms":"0","video_object":"","demo_hide_cta":"0","demo_hide_cloud_options":"0","pricing_title":"","pricing":[{"pricing_icon":"platform","pricing_title":"Elfsight Apps","pricing_title_caption":"Software independente de plataforma","pricing_price":"a partir de US$ 0\/m\u00eas","pricing_price_caption":"comece com plano gratuito","pricing_benefits":[{"text":"Dom\u00ednios ilimitados"},{"text":"Suporte gratuito e bem documentado"},{"text":"Suporte gratuito e bem documentado"},{"text":"Pre\u00e7o a ser pago para v\u00e1rios aplicativos"}],"pricing_button_text":"Adicionar ao site","pricing_button_url":"#demo","_state":"expanded"}],"related_apps_title":"","related_apps_hidden":"1","author":"","image":[],"title":"","job":"","social_networks":[]},"_links":{"self":[{"href":"https:\/\/elfsight.com\/pt\/wp-json\/wp\/v2\/pages\/4782","targetHints":{"allow":["GET"]}}],"collection":[{"href":"https:\/\/elfsight.com\/pt\/wp-json\/wp\/v2\/pages"}],"about":[{"href":"https:\/\/elfsight.com\/pt\/wp-json\/wp\/v2\/types\/page"}],"author":[{"embeddable":true,"href":"https:\/\/elfsight.com\/pt\/wp-json\/wp\/v2\/users\/9"}],"replies":[{"embeddable":true,"href":"https:\/\/elfsight.com\/pt\/wp-json\/wp\/v2\/comments?post=4782"}],"version-history":[{"count":3,"href":"https:\/\/elfsight.com\/pt\/wp-json\/wp\/v2\/pages\/4782\/revisions"}],"predecessor-version":[{"id":15175,"href":"https:\/\/elfsight.com\/pt\/wp-json\/wp\/v2\/pages\/4782\/revisions\/15175"}],"up":[{"embeddable":true,"href":"https:\/\/elfsight.com\/pt\/wp-json\/wp\/v2\/pages\/347"}],"wp:attachment":[{"href":"https:\/\/elfsight.com\/pt\/wp-json\/wp\/v2\/media?parent=4782"}],"curies":[{"name":"wp","href":"https:\/\/api.w.org\/{rel}","templated":true}]}}