{"id":4776,"date":"1970-01-01T00:00:00","date_gmt":"1970-01-01T00:00:00","guid":{"rendered":"https:\/\/elfsight.com\/pt\/?page_id=4776"},"modified":"2024-11-13T12:08:54","modified_gmt":"2024-11-13T12:08:54","slug":"drupal","status":"publish","type":"page","link":"https:\/\/elfsight.com\/pt\/whatsapp-chat-widget\/drupal\/","title":{"rendered":"Whatsapp Chat &#8211; Drupal"},"content":{"rendered":"<div class=\"application-platform-content-item-description application-platform-content-item\" id=\"description\" data-nav-section=\"description\"> <h2>Incorpore o bate-papo do WhatsApp com o widget da Elfsight<\/h2> <p>O m\u00f3dulo WhatsApp da Elfsight \u00e9 uma ferramenta simples para o pessoal do seu site se comunicar com voc\u00ea e ter suas perguntas respondidas. Agora voc\u00ea pode estar dispon\u00edvel on-line para os espectadores em seu confort\u00e1vel mensageiro o tempo todo. Insira o chat na sua loja e ele pode aparecer nas p\u00e1ginas mais importantes ou para tipos de usu\u00e1rios selecionados, selecione os gatilhos para iniciar o chat, envie sua mensagem de boas-vindas exclusiva, escolha \u00edcones e aplique outras personaliza\u00e7\u00f5es. Tendo o Drupal Live Chat em seu site, voc\u00ea ficar\u00e1 em contato com seu p\u00fablico a qualquer momento e independente de onde esteja. <\/p><p>O bate-papo do WhatsApp para Drupal pode ajud\u00e1-lo a aprimorar suas possibilidades de neg\u00f3cios, fornecendo suporte impec\u00e1vel ao cliente. Voc\u00ea pode adicionar esta ferramenta a todas ou a p\u00e1ginas selecionadas do seu site. Al\u00e9m disso, existe a op\u00e7\u00e3o de escolher os p\u00fablicos que ver\u00e3o seu bate-papo do WhatsApp nas p\u00e1ginas do site Drupal. Esse recurso pode ajud\u00e1-lo a manter contato com as pessoas sem incomod\u00e1-las com mensagens constantes. O bate-papo do WhatsApp para Drupal \u00e9 uma ferramenta perfeita para qualquer tipo de ajuda, suporte, integra\u00e7\u00e3o e outros servi\u00e7os necess\u00e1rios para o seu neg\u00f3cio online e offline. Ofere\u00e7a o melhor atendimento ao seu p\u00fablico com a ajuda de um mensageiro popular e conhecido.<\/p> <div class=\"faq\" data-component=\"FAQ\"><div class=\"faq-item\">\r\n\t\t\t\t\t<div class=\"faq-item-question\">\r\n\t\t\t\t\t\t<h3 class=\"faq-item-question-text\">Como adicionar a caixa de bate-papo do WhatsApp a um Drupal p\u00e1gina?<\/h3>\r\n\r\n\t\t\t\t\t\t<div class=\"faq-item-question-icon\"><\/div>\r\n\t\t\t\t\t<\/div>\r\n\r\n\t\t\t\t\t<div class=\"faq-item-answer\">\r\n\t\t\t\t\t\t<div class=\"faq-item-answer-text\"><p>A adi\u00e7\u00e3o ao site durar\u00e1 apenas alguns instantes. Al\u00e9m disso, voc\u00ea n\u00e3o precisa ter nenhum conhecimento de programa\u00e7\u00e3o.<\/p><ol><li>Personalize o m\u00f3dulo WhatsApp Chat para Drupal no configurador ao vivo gratuito.<\/li> <li>Clique no c\u00f3digo para obt\u00ea-lo .<\/li> <li>Incorpore o c\u00f3digo no local necess\u00e1rio no modelo do site.<\/li> <li>Trabalho fant\u00e1stico! A configura\u00e7\u00e3o do m\u00f3dulo de bate-papo do WhatsApp no \u200b\u200bDrupal est\u00e1 perfeita!<\/li><\/ol><p>Est\u00e1 tendo problemas para instalar o plugin no Drupal ou configurar seu bate-papo do WhatsApp? Voc\u00ea pode ver o guia completo <a href=\"https:\/\/elfsight.com\/tutorials\/how-to-add-whatsapp-chat-widget-to-website\/#how-to-add-whatsapp-to-drupal\">nesta p\u00e1gina<\/a>. <\/p><\/div>\r\n\t\t\t\t\t<\/div>\r\n\t\t\t\t<\/div><div class=\"faq-item\">\r\n\t\t\t\t\t<div class=\"faq-item-question\">\r\n\t\t\t\t\t\t<h3 class=\"faq-item-question-text\">Existe uma oportunidade de ver como o widget ficar\u00e1 no meu site?<\/h3>\r\n\r\n\t\t\t\t\t\t<div class=\"faq-item-question-icon\"><\/div>\r\n\t\t\t\t\t<\/div>\r\n\r\n\t\t\t\t\t<div class=\"faq-item-answer\">\r\n\t\t\t\t\t\t<div class=\"faq-item-answer-text\"><p>Com certeza! Ao criar o m\u00f3dulo de bate-papo do WhatsApp para Drupal <a href=\"https:\/\/elfsight.com\/whatsapp-chat-widget\/#demo\">no editor ao vivo gratuito<\/a>, voc\u00ea considerar\u00e1 todas as configura\u00e7\u00f5es no certo. A caixa de bate-papo ser\u00e1 exatamente igual \u00e0 de um site Drupal.<\/p><\/div>\r\n\t\t\t\t\t<\/div>\r\n\t\t\t\t<\/div><div class=\"faq-item\">\r\n\t\t\t\t\t<div class=\"faq-item-question\">\r\n\t\t\t\t\t\t<h3 class=\"faq-item-question-text\">Quais m\u00f3dulos completos s\u00e3o necess\u00e1rios para um site Drupal?<\/h3>\r\n\r\n\t\t\t\t\t\t<div class=\"faq-item-question-icon\"><\/div>\r\n\t\t\t\t\t<\/div>\r\n\r\n\t\t\t\t\t<div class=\"faq-item-answer\">\r\n\t\t\t\t\t\t<div class=\"faq-item-answer-text\"> <p>Os websites Drupal s\u00e3o \u00f3ptimos para serem refor\u00e7ados pelos numerosos m\u00f3dulos oferecidos pela Elfsight. Por exemplo, voc\u00ea pode escolher <a href=\"https:\/\/elfsight.com\/whatsapp-chat-widget\/drupal\/\">WhatsApp Chat<\/a> e <a href=\"https:\/\/elfsight.com\/online -form-builder\/drupal\/\">Form Builder<\/a> para coletar feedback de seus clientes. <a href=\"https:\/\/elfsight.com\/pdf-embed-widget\/drupal\/\">PDF incorporado<\/a>, <a href=\"https:\/\/elfsight.com\/instagram-feed-instashow\/drupal \/\">Feed do Instagram<\/a> e <a href=\"https:\/\/elfsight.com\/event-calendar-widget\/drupal\/\">Calend\u00e1rio de eventos<\/a> est\u00e3o l\u00e1 para ajud\u00e1-lo a ampliar seu conte\u00fado e fazer \u00e9 mais diverso.<\/p><\/div>\r\n\t\t\t\t\t<\/div>\r\n\t\t\t\t<\/div><div class=\"faq-item\">\r\n\t\t\t\t\t<div class=\"faq-item-question\">\r\n\t\t\t\t\t\t<h3 class=\"faq-item-question-text\">Os melhores exemplos de uso da integra\u00e7\u00e3o do Whatsapp Live Chat<\/h3>\r\n\r\n\t\t\t\t\t\t<div class=\"faq-item-question-icon\"><\/div>\r\n\t\t\t\t\t<\/div>\r\n\r\n\t\t\t\t\t<div class=\"faq-item-answer\">\r\n\t\t\t\t\t\t<div class=\"faq-item-answer-text\"><p>Oferecemos uma infinidade de possibilidades de ajuste: widgets em tamanho real para incorpora\u00e7\u00e3o na \u00e1rea de conte\u00fado, widgets flutuantes com oportunidades de rolagem, layouts para rodap\u00e9, cabe\u00e7alho e todos os tipos de possibilidades verticais para barras laterais e menus do site. <\/p><\/div>\r\n\t\t\t\t\t<\/div>\r\n\t\t\t\t<\/div><div class=\"faq-item\">\r\n\t\t\t\t\t<div class=\"faq-item-question\">\r\n\t\t\t\t\t\t<h3 class=\"faq-item-question-text\">Como fa\u00e7o para criar um chat de suporte ou venda no WhatsApp com a ajuda do editor? <\/h3>\r\n\r\n\t\t\t\t\t\t<div class=\"faq-item-question-icon\"><\/div>\r\n\t\t\t\t\t<\/div>\r\n\r\n\t\t\t\t\t<div class=\"faq-item-answer\">\r\n\t\t\t\t\t\t<div class=\"faq-item-answer-text\"><p>Voc\u00ea pode criar varia\u00e7\u00f5es de qualquer widget. H\u00e1 uma infinidade de layouts aplic\u00e1veis \u200b\u200bno editor, e todos eles podem ser facilmente customizados da maneira que voc\u00ea precisa. <\/p><\/div>\r\n\t\t\t\t\t<\/div>\r\n\t\t\t\t<\/div><\/div><\/div> <div class=\"application-platform-content-item-features application-platform-content-item\" id=\"features\" data-nav-section=\"features\"> <h2>Principais recursos do widget de bate-papo do WhatsApp<\/h2> <p>Para ter uma ideia completa do chat ao vivo, examine a lista de suas principais fun\u00e7\u00f5es. Eles tornam o widget incrivelmente eficaz para o seu neg\u00f3cio: <\/p> <ul><li>Configure o WhatsApp Messenger no seu site para estabelecer comunica\u00e7\u00e3o com os visitantes; <\/li><li>Forne\u00e7a resposta diretamente da sua conta do WhatsApp; <\/li><li>Use tr\u00eas op\u00e7\u00f5es de layout do m\u00f3dulo: bolha flutuante, bolha incorporada e janela de bate-papo incorporada; <\/li><li> Escolha sua variante de \u00edcone de bolha na biblioteca de \u00edcones dispon\u00edveis; <\/li><li>Insira o texto personalizado do bal\u00e3o de bate-papo. <\/li><\/ul><p><a href=\"#demo\">Veja uma lista completa de recursos de widget em nossa demonstra\u00e7\u00e3o ao vivo<\/a><\/p> <\/div> <div class=\"application-platform-content-item-installation application-platform-content-item\" id=\"installation\" data-nav-section=\"installation\"> <h2>Como adicionar o m\u00f3dulo Whatsapp Live Chat ao seu site Drupal<\/h2><div class=\"video-container\"><iframe width=\"720\" height=\"405\" src=\"https:\/\/www.youtube.com\/embed\/u3RYBCjBWJQ\" frameborder=\"0\" allowfullscreen=\"\"><\/iframe><\/div><p>Basta aplicar as instru\u00e7\u00f5es abaixo para integrar o m\u00f3dulo no Drupal.<\/p> <ol><li><b>Inicie nosso editor gratuito e comece a construir seu m\u00f3dulo personalizado. <\/b><br> Encontre o layout e as caracter\u00edsticas preferidas do m\u00f3dulo Whatsapp Chat e aplique as modifica\u00e7\u00f5es. <\/li> <li><b>Adquira o seu c\u00f3digo pessoal que aparece na caixa nas aplica\u00e7\u00f5es Elfsight. <\/b><br> Quando a configura\u00e7\u00e3o da sua ferramenta for conclu\u00edda, copie o c\u00f3digo individual na caixa exibida e guarde-o para uso posterior. <\/li> <li><b>Comece a usar o m\u00f3dulo no site Drupal. <\/b><br> Insira o c\u00f3digo salvo anteriormente em sua p\u00e1gina e salve as corre\u00e7\u00f5es. <\/li> <li><b>A configura\u00e7\u00e3o foi totalmente conclu\u00edda. <\/b><br> Visite seu site para examinar como o m\u00f3dulo funciona. <\/li><\/ol><p>Ainda n\u00e3o consegue tomar uma decis\u00e3o? Ou enfrentando problemas? Basta enviar uma solicita\u00e7\u00e3o para nossa equipe de suporte e n\u00f3s ajudaremos em todos os assuntos. <\/p> <\/div><div class=\"faq\" data-component=\"FAQ\"><div class=\"faq-item\">\r\n\t\t\t\t\t<div class=\"faq-item-question\">\r\n\t\t\t\t\t\t<h3 class=\"faq-item-question-text\">Existe uma op\u00e7\u00e3o para incorporar o Whatsapp Chat ao meu site Drupal sem conhecimentos de codifica\u00e7\u00e3o?<\/h3>\r\n\r\n\t\t\t\t\t\t<div class=\"faq-item-question-icon\"><\/div>\r\n\t\t\t\t\t<\/div>\r\n\r\n\t\t\t\t\t<div class=\"faq-item-answer\">\r\n\t\t\t\t\t\t<div class=\"faq-item-answer-text\"><p>Empresa Elfsight oferece uma solu\u00e7\u00e3o que permite aos usu\u00e1rios criarem voc\u00ea mesmo um plug-in de bate-papo do Whatsapp. Descubra as etapas simples: <\/p><ul><li>V\u00e1 para a demonstra\u00e7\u00e3o ao vivo para criar uma se\u00e7\u00e3o de bate-papo do Whatsapp que voc\u00ea gostaria de adicionar ao seu site Drupal.<\/li><li>Escolha um dos modelos prontos e modifique as configura\u00e7\u00f5es do Whatsapp Chat, altere o layout e o esquema de cores, adicione seu conte\u00fado sem nenhum conhecimento de codifica\u00e7\u00e3o.<\/li><li>Salve o Whatsapp Chat e obtenha o c\u00f3digo de instala\u00e7\u00e3o, que pode ser facilmente adicionado \u00e0 sua p\u00e1gina inicial do Drupal, sem a necessidade de comprar uma vers\u00e3o paga. <\/li><\/ul><p>Com a ajuda do Configurador simples, qualquer usu\u00e1rio da web pode gerar o widget Whatsapp Chat e simplesmente adicion\u00e1-lo \u00e0 p\u00e1gina inicial do Drupal. Voc\u00ea n\u00e3o deve pagar ou divulgar os dados do seu cart\u00e3o para acessar o Elfsight Editor. Se voc\u00ea enfrentar qualquer tipo de obst\u00e1culo, entre em contato com nossa equipe de suporte.<\/p><\/div>\r\n\t\t\t\t\t<\/div>\r\n\t\t\t\t<\/div><\/div>","protected":false},"excerpt":{"rendered":"","protected":false},"author":9,"featured_media":0,"parent":347,"menu_order":0,"comment_status":"closed","ping_status":"closed","template":"templates\/template-application-platform.php","meta":{"publish_to_discourse":"","publish_post_category":"","wpdc_auto_publish_overridden":"","wpdc_topic_tags":"","wpdc_pin_topic":"","wpdc_pin_until":"","discourse_post_id":"","discourse_permalink":"","wpdc_publishing_response":"","wpdc_publishing_error":"","footnotes":""},"class_list":["post-4776","page","type-page","status-publish","hentry"],"yoast_head":"<!-- This site is optimized with the Yoast SEO plugin v25.3.1 - https:\/\/yoast.com\/wordpress\/plugins\/seo\/ -->\n<title>Adicione o m\u00f3dulo Whatsapp Live Chat ao site Drupal (f\u00e1cil e r\u00e1pido)<\/title>\n<meta name=\"description\" content=\"Configure o m\u00f3dulo Whatsapp Live Chat no Drupal em apenas 2 minutos. Explore todas as principais caracter\u00edsticas do melhor plugin de chat em uma demonstra\u00e7\u00e3o gratuita.\" \/>\n<meta name=\"robots\" content=\"index, follow, max-snippet:-1, max-image-preview:large, max-video-preview:-1\" \/>\n<link rel=\"canonical\" href=\"https:\/\/elfsight.com\/pt\/whatsapp-chat-widget\/drupal\/\" \/>\n<meta property=\"og:locale\" content=\"pt_PT\" \/>\n<meta property=\"og:type\" content=\"article\" \/>\n<meta property=\"og:title\" content=\"Adicione o m\u00f3dulo Whatsapp Live Chat ao site Drupal (f\u00e1cil e r\u00e1pido)\" \/>\n<meta property=\"og:description\" content=\"Configure o m\u00f3dulo Whatsapp Live Chat no Drupal em apenas 2 minutos. Explore todas as principais caracter\u00edsticas do melhor plugin de chat em uma demonstra\u00e7\u00e3o gratuita.\" \/>\n<meta property=\"og:url\" content=\"https:\/\/elfsight.com\/pt\/whatsapp-chat-widget\/drupal\/\" \/>\n<meta property=\"og:site_name\" content=\"Elfsight PT\" \/>\n<meta property=\"article:modified_time\" content=\"2024-11-13T12:08:54+00:00\" \/>\n<meta name=\"twitter:card\" content=\"summary_large_image\" \/>\n<meta name=\"twitter:label1\" content=\"Tempo estimado de leitura\" \/>\n\t<meta name=\"twitter:data1\" content=\"2 minutos\" \/>\n<!-- \/ Yoast SEO plugin. -->","yoast_head_json":{"title":"Adicione o m\u00f3dulo Whatsapp Live Chat ao site Drupal (f\u00e1cil e r\u00e1pido)","description":"Configure o m\u00f3dulo Whatsapp Live Chat no Drupal em apenas 2 minutos. Explore todas as principais caracter\u00edsticas do melhor plugin de chat em uma demonstra\u00e7\u00e3o gratuita.","robots":{"index":"index","follow":"follow","max-snippet":"max-snippet:-1","max-image-preview":"max-image-preview:large","max-video-preview":"max-video-preview:-1"},"canonical":"https:\/\/elfsight.com\/pt\/whatsapp-chat-widget\/drupal\/","og_locale":"pt_PT","og_type":"article","og_title":"Adicione o m\u00f3dulo Whatsapp Live Chat ao site Drupal (f\u00e1cil e r\u00e1pido)","og_description":"Configure o m\u00f3dulo Whatsapp Live Chat no Drupal em apenas 2 minutos. Explore todas as principais caracter\u00edsticas do melhor plugin de chat em uma demonstra\u00e7\u00e3o gratuita.","og_url":"https:\/\/elfsight.com\/pt\/whatsapp-chat-widget\/drupal\/","og_site_name":"Elfsight PT","article_modified_time":"2024-11-13T12:08:54+00:00","twitter_card":"summary_large_image","twitter_misc":{"Tempo estimado de leitura":"2 minutos"},"schema":{"@context":"https:\/\/schema.org","@graph":[{"@type":"WebPage","@id":"https:\/\/elfsight.com\/pt\/whatsapp-chat-widget\/drupal\/","url":"https:\/\/elfsight.com\/pt\/whatsapp-chat-widget\/drupal\/","name":"Adicione o m\u00f3dulo Whatsapp Live Chat ao site Drupal (f\u00e1cil e r\u00e1pido)","isPartOf":{"@id":"https:\/\/elfsight.com\/pt\/#website"},"datePublished":"1970-01-01T00:00:00+00:00","dateModified":"2024-11-13T12:08:54+00:00","description":"Configure o m\u00f3dulo Whatsapp Live Chat no Drupal em apenas 2 minutos. Explore todas as principais caracter\u00edsticas do melhor plugin de chat em uma demonstra\u00e7\u00e3o gratuita.","breadcrumb":{"@id":"https:\/\/elfsight.com\/pt\/whatsapp-chat-widget\/drupal\/#breadcrumb"},"inLanguage":"pt-PT","potentialAction":[{"@type":"ReadAction","target":["https:\/\/elfsight.com\/pt\/whatsapp-chat-widget\/drupal\/"]}]},{"@type":"BreadcrumbList","@id":"https:\/\/elfsight.com\/pt\/whatsapp-chat-widget\/drupal\/#breadcrumb","itemListElement":[{"@type":"ListItem","position":1,"name":"Home","item":"https:\/\/elfsight.com\/pt\/"},{"@type":"ListItem","position":2,"name":"WhatsApp Chat","item":"https:\/\/elfsight.com\/pt\/whatsapp-chat-widget\/"},{"@type":"ListItem","position":3,"name":"Whatsapp Chat &#8211; Drupal"}]},{"@type":"WebSite","@id":"https:\/\/elfsight.com\/pt\/#website","url":"https:\/\/elfsight.com\/pt\/","name":"Elfsight PT","description":"Just another Elfsight Sites site","potentialAction":[{"@type":"SearchAction","target":{"@type":"EntryPoint","urlTemplate":"https:\/\/elfsight.com\/pt\/?s={search_term_string}"},"query-input":{"@type":"PropertyValueSpecification","valueRequired":true,"valueName":"search_term_string"}}],"inLanguage":"pt-PT"}]}},"meta_box":{"industry":"","seo_heading":"","heading":"","description":"","cta_heading":"","cta_description":"","application":"340","h1":"M\u00f3dulo Drupal Whatsapp Live Chat","h1_caption":"A forma de intera\u00e7\u00e3o mais pr\u00e1tica para os clientes do seu site","application_category":[],"applications_title":"","applications_request_title":"","applications_request_button_text":"","hero_text":"","hero_video":"","hero_video_schema_markup":"","selling_points_title":"","selling_points_caption":"","selling_points":[],"selling_points_cta_text":"","features_title":"","features":"","ed_cta_examples_text":"","ed_cta_examples_hidden":"","ed_cta_demo_text":"","ed_cta_demo_hidden":"","why_caption":"","why_editor_title":"","why_editor_text":"","why_team_title":"","why_team_text":"","why_service_title":"","why_service_text":"","template_catalog_visible":"","template_catalog_title":"","template_catalog_text":"","template_catalog_categories_visible":"","demo_title":"Crie seu m\u00f3dulo Whatsapp Chat","demo_caption":"Configure seu Whatsapp Chat e adicione-o ao seu site Drupal gratuitamente!","default_faq_hidden":"","app_template_category":[],"platform":"4905","template_public_id":"","codecanyon_url":"","codecanyon_item_id":"","codecanyon_price":"","pricing_caption":"","pricing_elfsight_apps_hide_column":"","pricing_elfsight_apps_url":"","pricing_codecanyon_price_caption":"","integration_category":[],"integration_request_title":"","integration_request_cta":"","integration_platform":"","integrations":[],"platform_category":[],"video_schema_markup":"","price":"a partir de US$ 0\/m\u00eas","trial":"","benefits":[{"text":"Ajuda de instala\u00e7\u00e3o gratuita"},{"text":"Atendimento ao cliente profissional"},{"text":"Garantia de devolu\u00e7\u00e3o do dinheiro em 14 dias"},{"text":"Melhorias cont\u00ednuas"}],"button_url":"#demo","button_target_blank":"0","button_nofollow":"0","attributes":[{"name":"Instala\u00e7\u00f5es","content":"100,000 - 500,000","_state":"expanded"},{"name":"Responsivo","content":"Sim","_state":"expanded"},{"name":"Navegadores compat\u00edveis","content":"Firefox, Safari, Opera, Chrome, Edge"}],"tags":[],"tags_disable_links":"0","hide_more_platforms":"","video_object":"","demo_hide_cta":"0","demo_hide_cloud_options":"0","pricing_title":"","pricing":[{"pricing_icon":"platform","pricing_title":"Elfsight Apps","pricing_title_caption":"Software multiplataforma adequado para qualquer site","pricing_price":"a partir de US$ 0\/m\u00eas","pricing_price_caption":"comece com plano gratuito","pricing_benefits":[{"text":"Sites ilimitados"},{"text":"Suporte profissional e pontual"},{"text":"Suporte profissional e pontual"},{"text":"\u00d3timo neg\u00f3cio para v\u00e1rios aplicativos"}],"pricing_button_text":"Adicionar ao site","pricing_button_url":"#demo","_state":"expanded"}],"related_apps_title":"","related_apps_hidden":"1","author":"","image":[],"title":"","job":"","social_networks":[]},"_links":{"self":[{"href":"https:\/\/elfsight.com\/pt\/wp-json\/wp\/v2\/pages\/4776","targetHints":{"allow":["GET"]}}],"collection":[{"href":"https:\/\/elfsight.com\/pt\/wp-json\/wp\/v2\/pages"}],"about":[{"href":"https:\/\/elfsight.com\/pt\/wp-json\/wp\/v2\/types\/page"}],"author":[{"embeddable":true,"href":"https:\/\/elfsight.com\/pt\/wp-json\/wp\/v2\/users\/9"}],"replies":[{"embeddable":true,"href":"https:\/\/elfsight.com\/pt\/wp-json\/wp\/v2\/comments?post=4776"}],"version-history":[{"count":2,"href":"https:\/\/elfsight.com\/pt\/wp-json\/wp\/v2\/pages\/4776\/revisions"}],"predecessor-version":[{"id":12410,"href":"https:\/\/elfsight.com\/pt\/wp-json\/wp\/v2\/pages\/4776\/revisions\/12410"}],"up":[{"embeddable":true,"href":"https:\/\/elfsight.com\/pt\/wp-json\/wp\/v2\/pages\/347"}],"wp:attachment":[{"href":"https:\/\/elfsight.com\/pt\/wp-json\/wp\/v2\/media?parent=4776"}],"curies":[{"name":"wp","href":"https:\/\/api.w.org\/{rel}","templated":true}]}}