{"id":4775,"date":"1970-01-01T00:00:00","date_gmt":"1970-01-01T00:00:00","guid":{"rendered":"https:\/\/elfsight.com\/pt\/?page_id=4775"},"modified":"2024-11-13T12:13:13","modified_gmt":"2024-11-13T12:13:13","slug":"drupal","status":"publish","type":"page","link":"https:\/\/elfsight.com\/pt\/youtube-channel-plugin-yottie\/drupal\/","title":{"rendered":"YouTube Gallery &#8211; Drupal"},"content":{"rendered":"<div class=\"application-platform-content-item-description application-platform-content-item\" id=\"description\" data-nav-section=\"description\"><h2>Descri\u00e7\u00e3o<\/h2><p>Um poderoso m\u00f3dulo de m\u00eddia para o YouTube, que permite exibir diversos v\u00eddeos em seu site. Encontre os canais adequados e os videoclipes individuais para criar sua pr\u00f3pria playlist e demonstr\u00e1-la diretamente na p\u00e1gina web usando o layout mais adequado (galeria de v\u00eddeos, portf\u00f3lio, canal, v\u00eddeo \u00fanico). Nosso m\u00f3dulo \u00e9 totalmente responsivo a todos os formatos e navegadores; possui cerca de 100 par\u00e2metros, template customiz\u00e1vel e diversas vantagens, que ajudam a adicion\u00e1-lo em diversos sites.<\/p><p><b>Forme uma galeria de v\u00eddeos interativa exclusiva para atrair mais seus usu\u00e1rios.<\/b><\/p><ul><li><b>Fortale\u00e7a as conex\u00f5es com o p\u00fablico do seu site apoiado pelos v\u00eddeos do YouTube<\/b>.<br>Surpreenda os leitores do seu site com conte\u00fado de v\u00eddeo impressionante do YouTube e mantenha-os envolvidos melhor do que nunca. <\/li><li><b>Tenha o m\u00e1ximo de pedidos com conte\u00fado do YouTube<\/b>.<br>Demonstre v\u00eddeos comerciais, depoimentos, vis\u00f5es gerais, instru\u00e7\u00f5es e outros v\u00eddeos para fornecer ao seu p\u00fablico informa\u00e7\u00f5es detalhadas sobre suas ofertas e convenc\u00ea-los a realize uma transa\u00e7\u00e3o.<\/li><li><b>Almeje f\u00e3s para seu canal no YouTube<\/b>.<br>Transforme clientes do site em seguidores no YouTube. Adicione uma ferramenta r\u00e1pida e descomplicada para os usu\u00e1rios assistirem v\u00eddeos e se inscreverem diretamente na p\u00e1gina do seu site.<\/li><\/ul><\/div><div class=\"application-platform-content-item-features application-platform-content-item\" id=\"features\" data-nav-section=\"features\"><h2>Recursos<\/h2><p>As caracter\u00edsticas deste m\u00f3dulo, que o transformam no melhor instrumento de m\u00eddia para exibir v\u00eddeos do YouTube em um site Drupal.<\/p><ul><li>Adicionar v\u00eddeos individuais, canais ou playlists;<\/li><li> Op\u00e7\u00e3o para enviar o logotipo e o banner do canal;<\/li><li>Definir espa\u00e7o entre os v\u00eddeos;<\/li><li>Contagem de visualiza\u00e7\u00f5es e curtidas nos v\u00eddeos;<\/li><li>Pagina\u00e7\u00e3o e barra de rolagem altern\u00e1veis;<\/li><li>6 elementos de menu pint\u00e1veis;<\/li><li>AdSense compat\u00edvel para monetiza\u00e7\u00e3o de conte\u00fado.<\/li><\/ul><p><a href=\"#demo\">Experimente a lista completa de op\u00e7\u00f5es em demonstra\u00e7\u00e3o<\/a><\/p><\/div><div class=\"application-platform-content-item-installation application-platform-content-item\" id=\"installation\" data-nav-section=\"installation\"><h2>Como incorporar o m\u00f3dulo do YouTube no site Drupal<\/h2><div class=\"video-container\"><iframe width=\"720\" height=\"405\" src=\"https:\/\/www.youtube.com\/embed\/dxLLCejMlHY\" frameborder=\"0\" allowfullscreen=\"\"><\/iframe><\/div><p>Basta seguir estas etapas apresentado abaixo para come\u00e7ar a trabalhar com a ferramenta no Drupal.<\/p> <ol><li><b>Execute nosso editor gratuito e comece a criar seu widget exclusivo da Galeria do YouTube. <\/b><br> Escolha a apar\u00eancia e os aspectos personalizados da ferramenta e aplique as modifica\u00e7\u00f5es. <\/li> <li><b>Adquira o seu c\u00f3digo individual revelado na caixa das aplica\u00e7\u00f5es Elfsight. <\/b><br> Assim que a cria\u00e7\u00e3o do seu plugin pessoal for conclu\u00edda, copie o c\u00f3digo exclusivo da janela que surgir e guarde-o para uso futuro. <\/li> <li><b>Comece a usar o m\u00f3dulo no site Drupal. <\/b><br> Insira o c\u00f3digo copiado anteriormente em seu site e aplique as corre\u00e7\u00f5es. <\/li> <li><b>Conclu\u00eddo! A configura\u00e7\u00e3o est\u00e1 totalmente conclu\u00edda. <\/b><br> Acesse sua p\u00e1gina para verificar o desempenho da ferramenta. <\/li><\/ol><p>Foi dif\u00edcil configurar ou alterar os par\u00e2metros da Galeria do YouTube? Voc\u00ea pode usar um <a href=\"https:\/\/elfsight.com\/tutorials\/how-to-add-youtube-media-module-to-drupal-websites\/\" target=\"_blank\" rel=\"noopener noreferrer\"> guia estendido<\/a> ou envie uma mensagem para a equipe de suporte com uma descri\u00e7\u00e3o estendida do problema.<\/p><\/div><div class=\"faq\" data-component=\"FAQ\"><div class=\"faq-item\">\r\n\t\t\t\t\t<div class=\"faq-item-question\">\r\n\t\t\t\t\t\t<h3 class=\"faq-item-question-text\">Como posso adicionar uma galeria do YouTube ao meu site Drupal? <\/h3>\r\n\r\n\t\t\t\t\t\t<div class=\"faq-item-question-icon\"><\/div>\r\n\t\t\t\t\t<\/div>\r\n\r\n\t\t\t\t\t<div class=\"faq-item-answer\">\r\n\t\t\t\t\t\t<div class=\"faq-item-answer-text\"><p>A cria\u00e7\u00e3o do widget ocorre nas p\u00e1ginas da Elfsight e n\u00e3o \u00e9 necess\u00e1rio codificar. Use nossa demonstra\u00e7\u00e3o ao vivo para personalizar sua ferramenta pessoal, adquirir o c\u00f3digo e incorpor\u00e1-lo em seu site. <\/p><\/div>\r\n\t\t\t\t\t<\/div>\r\n\t\t\t\t<\/div><div class=\"faq-item\">\r\n\t\t\t\t\t<div class=\"faq-item-question\">\r\n\t\t\t\t\t\t<h3 class=\"faq-item-question-text\">As melhores maneiras de usar a integra\u00e7\u00e3o do m\u00f3dulo de v\u00eddeo do YouTube<\/h3>\r\n\r\n\t\t\t\t\t\t<div class=\"faq-item-question-icon\"><\/div>\r\n\t\t\t\t\t<\/div>\r\n\r\n\t\t\t\t\t<div class=\"faq-item-answer\">\r\n\t\t\t\t\t\t<div class=\"faq-item-answer-text\"><p>Oferecemos uma ampla gama de op\u00e7\u00f5es de personaliza\u00e7\u00e3o: widgets em grande escala para implementa\u00e7\u00e3o no conte\u00fado \u00e1rea, plug-ins flutuantes para op\u00e7\u00f5es de rolagem, layouts para rodap\u00e9, se\u00e7\u00e3o principal e todos os tipos de op\u00e7\u00f5es verticais para barras laterais e menus. <\/p><\/div>\r\n\t\t\t\t\t<\/div>\r\n\t\t\t\t<\/div><div class=\"faq-item\">\r\n\t\t\t\t\t<div class=\"faq-item-question\">\r\n\t\t\t\t\t\t<h3 class=\"faq-item-question-text\">Como fa\u00e7o para criar uma grade de v\u00eddeos ou uma galeria de listas de reprodu\u00e7\u00e3o do YouTube por meio do editor? <\/h3>\r\n\r\n\t\t\t\t\t\t<div class=\"faq-item-question-icon\"><\/div>\r\n\t\t\t\t\t<\/div>\r\n\r\n\t\t\t\t\t<div class=\"faq-item-answer\">\r\n\t\t\t\t\t\t<div class=\"faq-item-answer-text\"><p>Voc\u00ea \u00e9 livre para criar quaisquer modifica\u00e7\u00f5es no widget. H\u00e1 uma infinidade de layouts \u00e0 sua disposi\u00e7\u00e3o no editor, e todos eles podem ser rapidamente customizados da maneira que voc\u00ea desejar. <\/p><\/div>\r\n\t\t\t\t\t<\/div>\r\n\t\t\t\t<\/div><\/div>","protected":false},"excerpt":{"rendered":"","protected":false},"author":9,"featured_media":0,"parent":415,"menu_order":0,"comment_status":"closed","ping_status":"closed","template":"templates\/template-application-platform.php","meta":{"publish_to_discourse":"","publish_post_category":"","wpdc_auto_publish_overridden":"","wpdc_topic_tags":"","wpdc_pin_topic":"","wpdc_pin_until":"","discourse_post_id":"","discourse_permalink":"","wpdc_publishing_response":"","wpdc_publishing_error":"","footnotes":""},"class_list":["post-4775","page","type-page","status-publish","hentry"],"yoast_head":"<!-- This site is optimized with the Yoast SEO plugin v25.3.1 - https:\/\/yoast.com\/wordpress\/plugins\/seo\/ -->\n<title>M\u00f3dulo Drupal YouTube - Adicionar galeria de v\u00eddeos do YouTube ao site<\/title>\n<meta name=\"description\" content=\"Crie uma galeria de v\u00eddeos do YouTube exclusiva para o seu site Drupal em apenas 1 minuto! Verifique um editor gratuito da Elfsight para definir seu pr\u00f3prio m\u00f3dulo do YouTube.\" \/>\n<meta name=\"robots\" content=\"index, follow, max-snippet:-1, max-image-preview:large, max-video-preview:-1\" \/>\n<link rel=\"canonical\" href=\"https:\/\/elfsight.com\/pt\/youtube-channel-plugin-yottie\/drupal\/\" \/>\n<meta property=\"og:locale\" content=\"pt_PT\" \/>\n<meta property=\"og:type\" content=\"article\" \/>\n<meta property=\"og:title\" content=\"M\u00f3dulo Drupal YouTube - Adicionar galeria de v\u00eddeos do YouTube ao site\" \/>\n<meta property=\"og:description\" content=\"Crie uma galeria de v\u00eddeos do YouTube exclusiva para o seu site Drupal em apenas 1 minuto! Verifique um editor gratuito da Elfsight para definir seu pr\u00f3prio m\u00f3dulo do YouTube.\" \/>\n<meta property=\"og:url\" content=\"https:\/\/elfsight.com\/pt\/youtube-channel-plugin-yottie\/drupal\/\" \/>\n<meta property=\"og:site_name\" content=\"Elfsight PT\" \/>\n<meta property=\"article:modified_time\" content=\"2024-11-13T12:13:13+00:00\" \/>\n<meta name=\"twitter:card\" content=\"summary_large_image\" \/>\n<meta name=\"twitter:label1\" content=\"Tempo estimado de leitura\" \/>\n\t<meta name=\"twitter:data1\" content=\"2 minutos\" \/>\n<!-- \/ Yoast SEO plugin. -->","yoast_head_json":{"title":"M\u00f3dulo Drupal YouTube - Adicionar galeria de v\u00eddeos do YouTube ao site","description":"Crie uma galeria de v\u00eddeos do YouTube exclusiva para o seu site Drupal em apenas 1 minuto! Verifique um editor gratuito da Elfsight para definir seu pr\u00f3prio m\u00f3dulo do YouTube.","robots":{"index":"index","follow":"follow","max-snippet":"max-snippet:-1","max-image-preview":"max-image-preview:large","max-video-preview":"max-video-preview:-1"},"canonical":"https:\/\/elfsight.com\/pt\/youtube-channel-plugin-yottie\/drupal\/","og_locale":"pt_PT","og_type":"article","og_title":"M\u00f3dulo Drupal YouTube - Adicionar galeria de v\u00eddeos do YouTube ao site","og_description":"Crie uma galeria de v\u00eddeos do YouTube exclusiva para o seu site Drupal em apenas 1 minuto! Verifique um editor gratuito da Elfsight para definir seu pr\u00f3prio m\u00f3dulo do YouTube.","og_url":"https:\/\/elfsight.com\/pt\/youtube-channel-plugin-yottie\/drupal\/","og_site_name":"Elfsight PT","article_modified_time":"2024-11-13T12:13:13+00:00","twitter_card":"summary_large_image","twitter_misc":{"Tempo estimado de leitura":"2 minutos"},"schema":{"@context":"https:\/\/schema.org","@graph":[{"@type":"WebPage","@id":"https:\/\/elfsight.com\/pt\/youtube-channel-plugin-yottie\/drupal\/","url":"https:\/\/elfsight.com\/pt\/youtube-channel-plugin-yottie\/drupal\/","name":"M\u00f3dulo Drupal YouTube - Adicionar galeria de v\u00eddeos do YouTube ao site","isPartOf":{"@id":"https:\/\/elfsight.com\/pt\/#website"},"datePublished":"1970-01-01T00:00:00+00:00","dateModified":"2024-11-13T12:13:13+00:00","description":"Crie uma galeria de v\u00eddeos do YouTube exclusiva para o seu site Drupal em apenas 1 minuto! Verifique um editor gratuito da Elfsight para definir seu pr\u00f3prio m\u00f3dulo do YouTube.","breadcrumb":{"@id":"https:\/\/elfsight.com\/pt\/youtube-channel-plugin-yottie\/drupal\/#breadcrumb"},"inLanguage":"pt-PT","potentialAction":[{"@type":"ReadAction","target":["https:\/\/elfsight.com\/pt\/youtube-channel-plugin-yottie\/drupal\/"]}]},{"@type":"BreadcrumbList","@id":"https:\/\/elfsight.com\/pt\/youtube-channel-plugin-yottie\/drupal\/#breadcrumb","itemListElement":[{"@type":"ListItem","position":1,"name":"Home","item":"https:\/\/elfsight.com\/pt\/"},{"@type":"ListItem","position":2,"name":"YouTube Gallery","item":"https:\/\/elfsight.com\/pt\/youtube-channel-plugin-yottie\/"},{"@type":"ListItem","position":3,"name":"YouTube Gallery &#8211; Drupal"}]},{"@type":"WebSite","@id":"https:\/\/elfsight.com\/pt\/#website","url":"https:\/\/elfsight.com\/pt\/","name":"Elfsight PT","description":"Just another Elfsight Sites site","potentialAction":[{"@type":"SearchAction","target":{"@type":"EntryPoint","urlTemplate":"https:\/\/elfsight.com\/pt\/?s={search_term_string}"},"query-input":{"@type":"PropertyValueSpecification","valueRequired":true,"valueName":"search_term_string"}}],"inLanguage":"pt-PT"}]}},"meta_box":{"industry":"","seo_heading":"","heading":"","description":"","cta_heading":"","cta_description":"","application":"408","h1":"M\u00f3dulo de v\u00eddeo do YouTube para Drupal","h1_caption":"A maneira mais f\u00e1cil de exibir diversos v\u00eddeos do YouTube em seu site","application_category":[],"applications_title":"","applications_request_title":"","applications_request_button_text":"","hero_text":"","hero_video":"","hero_video_schema_markup":"","selling_points_title":"","selling_points_caption":"","selling_points":[],"selling_points_cta_text":"","features_title":"","features":"","ed_cta_examples_text":"","ed_cta_examples_hidden":"","ed_cta_demo_text":"","ed_cta_demo_hidden":"","why_caption":"","why_editor_title":"","why_editor_text":"","why_team_title":"","why_team_text":"","why_service_title":"","why_service_text":"","template_catalog_visible":"","template_catalog_title":"","template_catalog_text":"","template_catalog_categories_visible":"","demo_title":"Crie seu m\u00f3dulo da Galeria do YouTube","demo_caption":"Configure sua Galeria do YouTube e adicione-a ao seu site Drupal gratuitamente!","default_faq_hidden":"","app_template_category":[],"platform":"4905","template_public_id":"","codecanyon_url":"","codecanyon_item_id":"","codecanyon_price":"","pricing_caption":"","pricing_elfsight_apps_hide_column":"","pricing_elfsight_apps_url":"","pricing_codecanyon_price_caption":"","integration_category":[],"integration_request_title":"","integration_request_cta":"","integration_platform":"","integrations":[],"platform_category":[],"video_schema_markup":"","price":"a partir de US$ 0\/m\u00eas","trial":"","benefits":[{"text":"Servi\u00e7o de instala\u00e7\u00e3o gratuito"},{"text":"Suporte profissional ao cliente"},{"text":"Garantia de devolu\u00e7\u00e3o do dinheiro em 14 dias"},{"text":"Atualizando constantemente"}],"button_url":"#demo","button_target_blank":"0","button_nofollow":"0","attributes":[{"name":"Instala\u00e7\u00f5es","content":"100,000 - 500,000","_state":"expanded"},{"name":"Responsivo","content":"Sim","_state":"expanded"},{"name":"Navegadores compat\u00edveis","content":"IE11, Firefox, Safari, Opera, Chrome, Edge"}],"tags":[],"tags_disable_links":"0","hide_more_platforms":"","video_object":"","demo_hide_cta":"0","demo_hide_cloud_options":"0","pricing_title":"","pricing":[{"pricing_icon":"cloud","pricing_title":"Elfsight Apps","pricing_title_caption":"Vers\u00e3o multiplataforma adequada para qualquer site","pricing_price":"a partir de US$ 0\/m\u00eas","pricing_price_caption":"comece com plano gratuito","pricing_benefits":[{"text":"Dom\u00ednios ilimitados"},{"text":"Suporte r\u00e1pido e pontual e bem documentado"},{"text":"Suporte r\u00e1pido e pontual e bem documentado"},{"text":"Pre\u00e7o especial para v\u00e1rios aplicativos"}],"pricing_button_text":"Adicionar ao site","pricing_button_url":"#demo","_state":"expanded"}],"related_apps_title":"","related_apps_hidden":"1","author":"","image":[],"title":"","job":"","social_networks":[]},"_links":{"self":[{"href":"https:\/\/elfsight.com\/pt\/wp-json\/wp\/v2\/pages\/4775","targetHints":{"allow":["GET"]}}],"collection":[{"href":"https:\/\/elfsight.com\/pt\/wp-json\/wp\/v2\/pages"}],"about":[{"href":"https:\/\/elfsight.com\/pt\/wp-json\/wp\/v2\/types\/page"}],"author":[{"embeddable":true,"href":"https:\/\/elfsight.com\/pt\/wp-json\/wp\/v2\/users\/9"}],"replies":[{"embeddable":true,"href":"https:\/\/elfsight.com\/pt\/wp-json\/wp\/v2\/comments?post=4775"}],"version-history":[{"count":2,"href":"https:\/\/elfsight.com\/pt\/wp-json\/wp\/v2\/pages\/4775\/revisions"}],"predecessor-version":[{"id":12444,"href":"https:\/\/elfsight.com\/pt\/wp-json\/wp\/v2\/pages\/4775\/revisions\/12444"}],"up":[{"embeddable":true,"href":"https:\/\/elfsight.com\/pt\/wp-json\/wp\/v2\/pages\/415"}],"wp:attachment":[{"href":"https:\/\/elfsight.com\/pt\/wp-json\/wp\/v2\/media?parent=4775"}],"curies":[{"name":"wp","href":"https:\/\/api.w.org\/{rel}","templated":true}]}}