{"id":4772,"date":"1970-01-01T00:00:00","date_gmt":"1970-01-01T00:00:00","guid":{"rendered":"https:\/\/elfsight.com\/pt\/?page_id=4772"},"modified":"2024-11-13T12:11:53","modified_gmt":"2024-11-13T12:11:53","slug":"blogger","status":"publish","type":"page","link":"https:\/\/elfsight.com\/pt\/twitter-feed-widget\/blogger\/","title":{"rendered":"Twitter Feed &#8211; Blogger"},"content":{"rendered":"<div class=\"application-platform-content-item-description application-platform-content-item\" id=\"description\" data-nav-section=\"description\"><h2>Descri\u00e7\u00e3o<\/h2><p>O Elfsight Twitter Feed \u00e9 um widget responsivo que permite colocar widgets do Twitter ou Tweets selecionados em qualquer site do Blogger . Voc\u00ea pode us\u00e1-lo para exibir seu feed de not\u00edcias do Twitter ou exibir tweets de depoimentos para aumentar o envolvimento do usu\u00e1rio e obter maior confian\u00e7a do cliente. O que torna o widget Elfsight um dos principais widgets para qualquer site \u00e9 a grande quantidade de configura\u00e7\u00f5es, modelos prontos para uso para qualquer caso de uso e seu design adapt\u00e1vel.<\/p><p><b>Aumentar o envolvimento e a confian\u00e7a do visitante ao seu site<\/b><\/p><ul><li><b>Mantenha seu p\u00fablico na p\u00e1gina por mais tempo<\/b>.<br>Mantenha seus visitantes em seu site por mais tempo, demonstrando Tweets separados nos mais interessantes t\u00f3picos ou envolver o p\u00fablico para participar de suas atividades promovidas no Twitter.<\/li><li><b>Aumente o n\u00famero de seguidores<\/b>.<br>O feed interativo da Elfsight no Twitter permite que os clientes comecem a seguir sua conta diretamente do seu site. Assim, voc\u00ea pode usar uma fonte adicional de seguidores e aumentar sua comunidade no Twitter.<\/li><li><b>Forte prova social para maior confian\u00e7a<\/b>.<br>Demonstre qu\u00e3o dinamicamente voc\u00ea administra sua conta no Twitter para garantir aos clientes que sua empresa est\u00e1 funcionando e voc\u00ea deseja interagir e se aproximar de seus usu\u00e1rios.<\/li><\/ul><\/div><div class=\"application-platform-content-item-features application-platform-content-item\" id=\"features\" data-nav-section=\"features\"><h2>Recursos<\/h2><p> Os recursos mais valiosos do widget Elfsight, que o tornam o melhor widget do Blogger para Twitter:<\/p><ul><li>Avaliar Tweets de depoimentos com estrelas;<\/li><li>Escolha o layout de cabe\u00e7alho completo ou compacto;<\/li><li>Copiar o link dos Tweets;<\/li><li>Cache de dados do navegador &#8211; carregamento mais r\u00e1pido com widgets em diversas p\u00e1ginas;<\/li><li>Formata\u00e7\u00e3o de texto do Tweet, exibindo conte\u00fado de fotos e v\u00eddeos.<\/li> <\/ul><p><a href=\"#demo\">Confira todos os recursos na demonstra\u00e7\u00e3o ao vivo<\/a><\/p><\/div><div class=\"application-platform-content-item-installation application-platform-content-item\" id=\"installation\" data-nav-section=\"installation\"><h2>Como adicionar o Twitter Feed para o Blogger<\/h2><div class=\"video-container\"><iframe width=\"720\" height=\"405\" src=\"https:\/\/www.youtube.com\/embed\/tRITOTmZ5As\" frameborder=\"0\" allowfullscreen=\"\"><\/iframe><\/div><p>Conclua a integra\u00e7\u00e3o do widget usando nosso breve manual. Isso levar\u00e1 menos de alguns minutos e n\u00e3o exigir\u00e1 experi\u00eancia em desenvolvimento web.<\/p><ol><li><b>Crie seu feed exclusivo do Twitter<\/b>.<br>Por meio de nosso feed gratuito editor, monte um widget com apar\u00eancia e fun\u00e7\u00f5es prefer\u00edveis.<\/li><li><b>Copie um c\u00f3digo para exibir o widget<\/b>.<br>Ap\u00f3s a configura\u00e7\u00e3o do widget, obtenha um c\u00f3digo para o widget do Twitter na janela pop-up em Elfsight Apps.<\/li><li><b>Coloque o widget em um site<\/b>.<br>Exiba o widget no local necess\u00e1rio da p\u00e1gina e aplique os resultados.<\/li><li> <b>A incorpora\u00e7\u00e3o foi bem-sucedida!<\/b>.<br>Visite o site do Blogger para verificar seu widget.<\/li><\/ol><p>Teve problemas ao configurar ou personalizar o widget? Tente verificar um <a href=\"https:\/\/elfsight.com\/tutorials\/how-to-add-twitter-feed-widget-to-blogger\/\" target=\"_blank\" rel=\"noopener noreferrer\">tutorial detalhado <\/a> ou escreva para nossa equipe de suporte com uma descri\u00e7\u00e3o completa da quest\u00e3o. Teremos prazer em responder suas perguntas.<\/p><\/div><div class=\"faq\" data-component=\"FAQ\"><div class=\"faq-item\">\r\n\t\t\t\t\t<div class=\"faq-item-question\">\r\n\t\t\t\t\t\t<h3 class=\"faq-item-question-text\">Existe uma maneira de incorporar o feed do Twitter ao meu site do Blogger sem codifica\u00e7\u00e3o? <\/h3>\r\n\r\n\t\t\t\t\t\t<div class=\"faq-item-question-icon\"><\/div>\r\n\t\t\t\t\t<\/div>\r\n\r\n\t\t\t\t\t<div class=\"faq-item-answer\">\r\n\t\t\t\t\t\t<div class=\"faq-item-answer-text\"><p>A empresa Elfsight oferece uma solu\u00e7\u00e3o que permite que as pessoas gerem voc\u00ea mesmo um aplicativo de feed do Twitter. Veja como \u00e9 simples:<\/p><ul><li>Trabalhe no editor ao vivo para estabelecer um widget de feed do Twitter que voc\u00ea gostaria para incorporar na p\u00e1gina inicial do Blogger.<\/li><li>Clique em um dos muitos modelos pr\u00e9-concebidos e adapte as configura\u00e7\u00f5es do feed do Twitter, transforme o layout e o esquema de cores, atualize seu conte\u00fado sem conhecimento de codifica\u00e7\u00e3o.<\/li><li>Salve as configura\u00e7\u00f5es que voc\u00ea fez no Twitter Feed e obtenha o c\u00f3digo de instala\u00e7\u00e3o, que pode ser facilmente inclu\u00eddo gratuitamente na p\u00e1gina do Blogger.<\/li><\/ul><p>Com nosso editor simples, qualquer usu\u00e1rio da Internet pode criar Plug-in Twitter Feed e inclu\u00ed-lo facilmente em qualquer p\u00e1gina inicial do Blogger. Voc\u00ea n\u00e3o deve pagar ou divulgar as credenciais do seu cart\u00e3o para entrar no Editor. Se voc\u00ea enfrentar qualquer tipo de problema, n\u00e3o hesite em entrar em contato com nossa equipe de suporte t\u00e9cnico.<\/p><\/div>\r\n\t\t\t\t\t<\/div>\r\n\t\t\t\t<\/div><\/div>","protected":false},"excerpt":{"rendered":"","protected":false},"author":9,"featured_media":0,"parent":832,"menu_order":0,"comment_status":"closed","ping_status":"closed","template":"templates\/template-application-platform.php","meta":{"publish_to_discourse":"","publish_post_category":"","wpdc_auto_publish_overridden":"","wpdc_topic_tags":"","wpdc_pin_topic":"","wpdc_pin_until":"","discourse_post_id":"","discourse_permalink":"","wpdc_publishing_response":"","wpdc_publishing_error":"","footnotes":""},"class_list":["post-4772","page","type-page","status-publish","hentry"],"yoast_head":"<!-- This site is optimized with the Yoast SEO plugin v25.3.1 - https:\/\/yoast.com\/wordpress\/plugins\/seo\/ -->\n<title>Widget do Twitter do Blogger - Adicione feed do Twitter ao site do Blogger (em 2 minutos)<\/title>\n<meta name=\"description\" content=\"Instale o widget Twitter Feed no Blogger em apenas 2 minutos e sem codifica\u00e7\u00e3o. Verifique todos os principais recursos do melhor widget do Twitter em um editor gratuito.\" \/>\n<meta name=\"robots\" content=\"index, follow, max-snippet:-1, max-image-preview:large, max-video-preview:-1\" \/>\n<link rel=\"canonical\" href=\"https:\/\/elfsight.com\/pt\/twitter-feed-widget\/blogger\/\" \/>\n<meta property=\"og:locale\" content=\"pt_PT\" \/>\n<meta property=\"og:type\" content=\"article\" \/>\n<meta property=\"og:title\" content=\"Widget do Twitter do Blogger - Adicione feed do Twitter ao site do Blogger (em 2 minutos)\" \/>\n<meta property=\"og:description\" content=\"Instale o widget Twitter Feed no Blogger em apenas 2 minutos e sem codifica\u00e7\u00e3o. Verifique todos os principais recursos do melhor widget do Twitter em um editor gratuito.\" \/>\n<meta property=\"og:url\" content=\"https:\/\/elfsight.com\/pt\/twitter-feed-widget\/blogger\/\" \/>\n<meta property=\"og:site_name\" content=\"Elfsight PT\" \/>\n<meta property=\"article:modified_time\" content=\"2024-11-13T12:11:53+00:00\" \/>\n<meta name=\"twitter:card\" content=\"summary_large_image\" \/>\n<meta name=\"twitter:label1\" content=\"Tempo estimado de leitura\" \/>\n\t<meta name=\"twitter:data1\" content=\"2 minutos\" \/>\n<!-- \/ Yoast SEO plugin. -->","yoast_head_json":{"title":"Widget do Twitter do Blogger - Adicione feed do Twitter ao site do Blogger (em 2 minutos)","description":"Instale o widget Twitter Feed no Blogger em apenas 2 minutos e sem codifica\u00e7\u00e3o. Verifique todos os principais recursos do melhor widget do Twitter em um editor gratuito.","robots":{"index":"index","follow":"follow","max-snippet":"max-snippet:-1","max-image-preview":"max-image-preview:large","max-video-preview":"max-video-preview:-1"},"canonical":"https:\/\/elfsight.com\/pt\/twitter-feed-widget\/blogger\/","og_locale":"pt_PT","og_type":"article","og_title":"Widget do Twitter do Blogger - Adicione feed do Twitter ao site do Blogger (em 2 minutos)","og_description":"Instale o widget Twitter Feed no Blogger em apenas 2 minutos e sem codifica\u00e7\u00e3o. Verifique todos os principais recursos do melhor widget do Twitter em um editor gratuito.","og_url":"https:\/\/elfsight.com\/pt\/twitter-feed-widget\/blogger\/","og_site_name":"Elfsight PT","article_modified_time":"2024-11-13T12:11:53+00:00","twitter_card":"summary_large_image","twitter_misc":{"Tempo estimado de leitura":"2 minutos"},"schema":{"@context":"https:\/\/schema.org","@graph":[{"@type":"WebPage","@id":"https:\/\/elfsight.com\/pt\/twitter-feed-widget\/blogger\/","url":"https:\/\/elfsight.com\/pt\/twitter-feed-widget\/blogger\/","name":"Widget do Twitter do Blogger - Adicione feed do Twitter ao site do Blogger (em 2 minutos)","isPartOf":{"@id":"https:\/\/elfsight.com\/pt\/#website"},"datePublished":"1970-01-01T00:00:00+00:00","dateModified":"2024-11-13T12:11:53+00:00","description":"Instale o widget Twitter Feed no Blogger em apenas 2 minutos e sem codifica\u00e7\u00e3o. Verifique todos os principais recursos do melhor widget do Twitter em um editor gratuito.","breadcrumb":{"@id":"https:\/\/elfsight.com\/pt\/twitter-feed-widget\/blogger\/#breadcrumb"},"inLanguage":"pt-PT","potentialAction":[{"@type":"ReadAction","target":["https:\/\/elfsight.com\/pt\/twitter-feed-widget\/blogger\/"]}]},{"@type":"BreadcrumbList","@id":"https:\/\/elfsight.com\/pt\/twitter-feed-widget\/blogger\/#breadcrumb","itemListElement":[{"@type":"ListItem","position":1,"name":"Home","item":"https:\/\/elfsight.com\/pt\/"},{"@type":"ListItem","position":2,"name":"Twitter Feed","item":"https:\/\/elfsight.com\/pt\/twitter-feed-widget\/"},{"@type":"ListItem","position":3,"name":"Twitter Feed &#8211; Blogger"}]},{"@type":"WebSite","@id":"https:\/\/elfsight.com\/pt\/#website","url":"https:\/\/elfsight.com\/pt\/","name":"Elfsight PT","description":"Just another Elfsight Sites site","potentialAction":[{"@type":"SearchAction","target":{"@type":"EntryPoint","urlTemplate":"https:\/\/elfsight.com\/pt\/?s={search_term_string}"},"query-input":{"@type":"PropertyValueSpecification","valueRequired":true,"valueName":"search_term_string"}}],"inLanguage":"pt-PT"}]}},"meta_box":{"industry":"","seo_heading":"","heading":"","description":"","cta_heading":"","cta_description":"","application":"831","h1":"Widget de feed do Twitter do Blogger","h1_caption":"N\u00e3o h\u00e1 widget para exibir o Twitter em seu site","application_category":[],"applications_title":"","applications_request_title":"","applications_request_button_text":"","hero_text":"","hero_video":"","hero_video_schema_markup":"","selling_points_title":"","selling_points_caption":"","selling_points":[],"selling_points_cta_text":"","features_title":"","features":"","ed_cta_examples_text":"","ed_cta_examples_hidden":"","ed_cta_demo_text":"","ed_cta_demo_hidden":"","why_caption":"","why_editor_title":"","why_editor_text":"","why_team_title":"","why_team_text":"","why_service_title":"","why_service_text":"","template_catalog_visible":"","template_catalog_title":"","template_catalog_text":"","template_catalog_categories_visible":"","demo_title":"Crie seu widget de feed do Twitter","demo_caption":"Configure seu feed do Twitter e adicione-o ao site do Blogger gratuitamente!","default_faq_hidden":"","app_template_category":[],"platform":"46","template_public_id":"","codecanyon_url":"","codecanyon_item_id":"","codecanyon_price":"","pricing_caption":"","pricing_elfsight_apps_hide_column":"","pricing_elfsight_apps_url":"","pricing_codecanyon_price_caption":"","integration_category":[],"integration_request_title":"","integration_request_cta":"","integration_platform":"","integrations":[],"platform_category":[],"video_schema_markup":"","price":"a partir de US$ 0\/m\u00eas","trial":"","benefits":[{"text":"Ajuda de instala\u00e7\u00e3o gratuita"},{"text":"Atendimento ao cliente profissional"},{"text":"Garantia de reembolso de 14 dias"},{"text":"Desenvolvimento cont\u00ednuo"}],"button_url":"#demo","button_target_blank":"0","button_nofollow":"0","attributes":[{"name":"Instala\u00e7\u00f5es","content":"10,000 - 100,000","_state":"expanded"},{"name":"Responsivo","content":"Sim","_state":"expanded"},{"name":"Navegadores compat\u00edveis","content":"Firefox, Safari, Opera, Chrome, Edge"}],"tags":[],"tags_disable_links":"0","hide_more_platforms":"","video_object":"","demo_hide_cta":"0","demo_hide_cloud_options":"0","pricing_title":"","pricing":[{"pricing_icon":"platform","pricing_title":"Elfsight Apps","pricing_title_caption":"Solu\u00e7\u00e3o digital multiplataforma","pricing_price":"a partir de US$ 0\/m\u00eas","pricing_price_caption":"comece com um plano gratuito","pricing_benefits":[{"text":"Sites ilimitados"},{"text":"Suporte premium da empresa e bem documentado"},{"text":"Suporte premium da empresa e bem documentado"},{"text":"Totalmente personaliz\u00e1vel"}],"pricing_button_text":"Adicionar ao site","pricing_button_url":"#demo","_state":"expanded"}],"related_apps_title":"","related_apps_hidden":"1","author":"","image":[],"title":"","job":"","social_networks":[]},"_links":{"self":[{"href":"https:\/\/elfsight.com\/pt\/wp-json\/wp\/v2\/pages\/4772","targetHints":{"allow":["GET"]}}],"collection":[{"href":"https:\/\/elfsight.com\/pt\/wp-json\/wp\/v2\/pages"}],"about":[{"href":"https:\/\/elfsight.com\/pt\/wp-json\/wp\/v2\/types\/page"}],"author":[{"embeddable":true,"href":"https:\/\/elfsight.com\/pt\/wp-json\/wp\/v2\/users\/9"}],"replies":[{"embeddable":true,"href":"https:\/\/elfsight.com\/pt\/wp-json\/wp\/v2\/comments?post=4772"}],"version-history":[{"count":2,"href":"https:\/\/elfsight.com\/pt\/wp-json\/wp\/v2\/pages\/4772\/revisions"}],"predecessor-version":[{"id":12347,"href":"https:\/\/elfsight.com\/pt\/wp-json\/wp\/v2\/pages\/4772\/revisions\/12347"}],"up":[{"embeddable":true,"href":"https:\/\/elfsight.com\/pt\/wp-json\/wp\/v2\/pages\/832"}],"wp:attachment":[{"href":"https:\/\/elfsight.com\/pt\/wp-json\/wp\/v2\/media?parent=4772"}],"curies":[{"name":"wp","href":"https:\/\/api.w.org\/{rel}","templated":true}]}}