{"id":4769,"date":"1970-01-01T00:00:00","date_gmt":"1970-01-01T00:00:00","guid":{"rendered":"https:\/\/elfsight.com\/pt\/?page_id=4769"},"modified":"2024-11-13T12:13:13","modified_gmt":"2024-11-13T12:13:13","slug":"blogger","status":"publish","type":"page","link":"https:\/\/elfsight.com\/pt\/youtube-channel-plugin-yottie\/blogger\/","title":{"rendered":"YouTube Gallery &#8211; Blogger"},"content":{"rendered":"<div class=\"application-platform-content-item-description application-platform-content-item\" id=\"description\" data-nav-section=\"description\"><h2>Descri\u00e7\u00e3o<\/h2><p>Um poderoso widget para YouTube, que ajuda a inserir diversos v\u00eddeos no site. Selecione os canais necess\u00e1rios e os videoclipes individuais para definir sua pr\u00f3pria lista de reprodu\u00e7\u00e3o e incorpor\u00e1-la diretamente na p\u00e1gina usando o layout mais adequado (galeria de v\u00eddeos, portf\u00f3lio, canal, v\u00eddeo \u00fanico). O widget Elfsight \u00e9 totalmente compat\u00edvel com todos os formatos e sistemas, oferece aproximadamente 100 par\u00e2metros de configura\u00e7\u00e3o, layout personaliz\u00e1vel e outros recursos, que permitem incorpor\u00e1-lo em qualquer site.<\/p><p><b>Crie uma galeria de v\u00eddeos interativos incompar\u00e1vel para aumentar o interesse de seus visitantes.<\/b><\/p><ul><li><b>Aumente a coopera\u00e7\u00e3o com os usu\u00e1rios do seu site por meio de v\u00eddeos do YouTube<\/b>.<br>Atraia os clientes do seu site com v\u00eddeos interessantes de YouTube e mantenha-os interessados \u200b\u200bmais do que nunca.<\/li><li><b>Consiga mais clientes exibindo o conte\u00fado de v\u00eddeo certo<\/b>.<br>Demonstre v\u00eddeos anal\u00edticos, instru\u00e7\u00f5es, avalia\u00e7\u00f5es e muito mais para fornecer aos seus clientes com informa\u00e7\u00f5es valiosas sobre seus produtos e convenc\u00ea-los a comprar.<\/li><li><b>Mais seguidores para seu perfil do YouTube<\/b>.<br>Transforme o p\u00fablico do site em assinantes no YouTube. Integre nosso instrumento r\u00e1pido e f\u00e1cil e permita que os usu\u00e1rios do site reproduzam v\u00eddeos do seu canal e se inscrevam diretamente no site.<\/li><\/ul><\/div><div class=\"application-platform-content-item-features application-platform-content-item\" id=\"features\" data-nav-section=\"features\"><h2>Recursos<\/h2><p>Os pontos fortes do widget Elfsight, que o transformam no melhor instrumento para integrar v\u00eddeos do YouTube numa p\u00e1gina do Blogger.<\/p><ul><li>Criar grupos de origem;<\/li><li> Nome do canal edit\u00e1vel;<\/li><li>Escolha os par\u00e2metros de otimiza\u00e7\u00e3o para celular;<\/li><li>13 elementos de pop-up que podem ser ativados\/desativados;<\/li><li>Definir a velocidade do slide;<\/li> <li>7 elementos deslizantes pint\u00e1veis;<\/li><li>Modo de privacidade aprimorada.<\/li><\/ul><p><a href=\"#demo\">Verifique a lista completa de caracter\u00edsticas no painel<\/a><\/p><\/div><div class=\"application-platform-content-item-installation application-platform-content-item\" id=\"installation\" data-nav-section=\"installation\"><h2>Como incorporar a galeria de v\u00eddeos do YouTube ao site do Blogger<\/h2><div class=\"video-container\"><iframe width=\"720\" height=\"405\" src=\"https:\/\/www.youtube.com\/embed\/yNSj5KAklRE\" frameborder=\"0\" allowfullscreen=\"\"><\/iframe><\/div><p>Uma breve instru\u00e7\u00e3o da Elfsight na adi\u00e7\u00e3o e gera\u00e7\u00e3o do widget, n\u00e3o exigindo experi\u00eancia em desenvolvimento web. O tempo de configura\u00e7\u00e3o completo \u00e9 de apenas 80 segundos.<\/p><ol><li><b>Crie sua galeria exclusiva do YouTube<\/b>.<br>Usando nossa demonstra\u00e7\u00e3o gratuita, monte um plug-in com o modelo e as fun\u00e7\u00f5es necess\u00e1rias.<\/li><li><b>Adquira um c\u00f3digo para mostrar o plugin<\/b>.<br>Ap\u00f3s a configura\u00e7\u00e3o do widget, adquira um c\u00f3digo para o plugin do YouTube a partir da notifica\u00e7\u00e3o que aparece nas aplica\u00e7\u00f5es Elfsight.<\/li><li><b>Revele o plug-in no site do Blogger<\/b>.<br>Exiba o plug-in no local desejado da p\u00e1gina e aplique as edi\u00e7\u00f5es.<\/li><li><b>Pronto!<\/b><br>Acesse seu site para ver o widget do YouTube.<\/li><\/ol><p>Encontrou alguma coisa ao instalar ou personalizar a Galeria do YouTube? Tente ler um <a href=\"https:\/\/elfsight.com\/tutorials\/how-to-add-youtube-plugin-for-blogger\/\" target=\"_blank\" rel=\"noopener noreferrer\">tutorial detalhado<\/a> ou entre em contato com o suporte ao cliente com uma explica\u00e7\u00e3o detalhada da situa\u00e7\u00e3o.<\/p><\/div><div class=\"faq\" data-component=\"FAQ\"><div class=\"faq-item\">\r\n\t\t\t\t\t<div class=\"faq-item-question\">\r\n\t\t\t\t\t\t<h3 class=\"faq-item-question-text\">Como posso adicionar uma galeria do YouTube ao Blogger site? <\/h3>\r\n\r\n\t\t\t\t\t\t<div class=\"faq-item-question-icon\"><\/div>\r\n\t\t\t\t\t<\/div>\r\n\r\n\t\t\t\t\t<div class=\"faq-item-answer\">\r\n\t\t\t\t\t\t<div class=\"faq-item-answer-text\"><p>A base da ferramenta \u00e9 realizada no site da Elfsight e voc\u00ea n\u00e3o precisa aprender a programar. V\u00e1 para a demonstra\u00e7\u00e3o ao vivo para moldar seu widget, obter o c\u00f3digo e integr\u00e1-lo ao seu site. <\/p><\/div>\r\n\t\t\t\t\t<\/div>\r\n\t\t\t\t<\/div><div class=\"faq-item\">\r\n\t\t\t\t\t<div class=\"faq-item-question\">\r\n\t\t\t\t\t\t<h3 class=\"faq-item-question-text\">As melhores maneiras de usar a integra\u00e7\u00e3o da Galeria de v\u00eddeos do YouTube<\/h3>\r\n\r\n\t\t\t\t\t\t<div class=\"faq-item-question-icon\"><\/div>\r\n\t\t\t\t\t<\/div>\r\n\r\n\t\t\t\t\t<div class=\"faq-item-answer\">\r\n\t\t\t\t\t\t<div class=\"faq-item-answer-text\"><p>Temos uma infinidade de possibilidades de personaliza\u00e7\u00e3o: widgets completos para adicionar na \u00e1rea de conte\u00fado, widgets flutuantes com op\u00e7\u00f5es de rolagem, miniaturas para o rodap\u00e9 do seu site, se\u00e7\u00e3o principal e todos os tipos de possibilidades verticais para barras laterais e menus. <\/p><\/div>\r\n\t\t\t\t\t<\/div>\r\n\t\t\t\t<\/div><div class=\"faq-item\">\r\n\t\t\t\t\t<div class=\"faq-item-question\">\r\n\t\t\t\t\t\t<h3 class=\"faq-item-question-text\">Posso criar uma lista de reprodu\u00e7\u00e3o ou uma galeria de v\u00eddeo \u00fanico no YouTube por meio do editor? <\/h3>\r\n\r\n\t\t\t\t\t\t<div class=\"faq-item-question-icon\"><\/div>\r\n\t\t\t\t\t<\/div>\r\n\r\n\t\t\t\t\t<div class=\"faq-item-answer\">\r\n\t\t\t\t\t\t<div class=\"faq-item-answer-text\"><p>Voc\u00ea est\u00e1 convidado a moldar as modifica\u00e7\u00f5es de qualquer widget. Existem v\u00e1rios layouts aplic\u00e1veis \u200b\u200bno editor, e todos eles podem ser rapidamente personalizados conforme sua necessidade. <\/p><\/div>\r\n\t\t\t\t\t<\/div>\r\n\t\t\t\t<\/div><\/div>","protected":false},"excerpt":{"rendered":"","protected":false},"author":9,"featured_media":0,"parent":415,"menu_order":0,"comment_status":"closed","ping_status":"closed","template":"templates\/template-application-platform.php","meta":{"publish_to_discourse":"","publish_post_category":"","wpdc_auto_publish_overridden":"","wpdc_topic_tags":"","wpdc_pin_topic":"","wpdc_pin_until":"","discourse_post_id":"","discourse_permalink":"","wpdc_publishing_response":"","wpdc_publishing_error":"","footnotes":""},"class_list":["post-4769","page","type-page","status-publish","hentry"],"yoast_head":"<!-- This site is optimized with the Yoast SEO plugin v25.3.1 - https:\/\/yoast.com\/wordpress\/plugins\/seo\/ -->\n<title>Galeria de v\u00eddeos do YouTube - Adicione o widget do YouTube ao site do Blogger<\/title>\n<meta name=\"description\" content=\"Defina uma galeria de v\u00eddeos do YouTube individual para o seu site do Blogger em apenas 3 minutos! Confira a demonstra\u00e7\u00e3o gratuita da Elfsight para criar seu pr\u00f3prio widget do YouTube.\" \/>\n<meta name=\"robots\" content=\"index, follow, max-snippet:-1, max-image-preview:large, max-video-preview:-1\" \/>\n<link rel=\"canonical\" href=\"https:\/\/elfsight.com\/pt\/youtube-channel-plugin-yottie\/blogger\/\" \/>\n<meta property=\"og:locale\" content=\"pt_PT\" \/>\n<meta property=\"og:type\" content=\"article\" \/>\n<meta property=\"og:title\" content=\"Galeria de v\u00eddeos do YouTube - Adicione o widget do YouTube ao site do Blogger\" \/>\n<meta property=\"og:description\" content=\"Defina uma galeria de v\u00eddeos do YouTube individual para o seu site do Blogger em apenas 3 minutos! Confira a demonstra\u00e7\u00e3o gratuita da Elfsight para criar seu pr\u00f3prio widget do YouTube.\" \/>\n<meta property=\"og:url\" content=\"https:\/\/elfsight.com\/pt\/youtube-channel-plugin-yottie\/blogger\/\" \/>\n<meta property=\"og:site_name\" content=\"Elfsight PT\" \/>\n<meta property=\"article:modified_time\" content=\"2024-11-13T12:13:13+00:00\" \/>\n<meta name=\"twitter:card\" content=\"summary_large_image\" \/>\n<meta name=\"twitter:label1\" content=\"Tempo estimado de leitura\" \/>\n\t<meta name=\"twitter:data1\" content=\"2 minutos\" \/>\n<!-- \/ Yoast SEO plugin. -->","yoast_head_json":{"title":"Galeria de v\u00eddeos do YouTube - Adicione o widget do YouTube ao site do Blogger","description":"Defina uma galeria de v\u00eddeos do YouTube individual para o seu site do Blogger em apenas 3 minutos! Confira a demonstra\u00e7\u00e3o gratuita da Elfsight para criar seu pr\u00f3prio widget do YouTube.","robots":{"index":"index","follow":"follow","max-snippet":"max-snippet:-1","max-image-preview":"max-image-preview:large","max-video-preview":"max-video-preview:-1"},"canonical":"https:\/\/elfsight.com\/pt\/youtube-channel-plugin-yottie\/blogger\/","og_locale":"pt_PT","og_type":"article","og_title":"Galeria de v\u00eddeos do YouTube - Adicione o widget do YouTube ao site do Blogger","og_description":"Defina uma galeria de v\u00eddeos do YouTube individual para o seu site do Blogger em apenas 3 minutos! Confira a demonstra\u00e7\u00e3o gratuita da Elfsight para criar seu pr\u00f3prio widget do YouTube.","og_url":"https:\/\/elfsight.com\/pt\/youtube-channel-plugin-yottie\/blogger\/","og_site_name":"Elfsight PT","article_modified_time":"2024-11-13T12:13:13+00:00","twitter_card":"summary_large_image","twitter_misc":{"Tempo estimado de leitura":"2 minutos"},"schema":{"@context":"https:\/\/schema.org","@graph":[{"@type":"WebPage","@id":"https:\/\/elfsight.com\/pt\/youtube-channel-plugin-yottie\/blogger\/","url":"https:\/\/elfsight.com\/pt\/youtube-channel-plugin-yottie\/blogger\/","name":"Galeria de v\u00eddeos do YouTube - Adicione o widget do YouTube ao site do Blogger","isPartOf":{"@id":"https:\/\/elfsight.com\/pt\/#website"},"datePublished":"1970-01-01T00:00:00+00:00","dateModified":"2024-11-13T12:13:13+00:00","description":"Defina uma galeria de v\u00eddeos do YouTube individual para o seu site do Blogger em apenas 3 minutos! Confira a demonstra\u00e7\u00e3o gratuita da Elfsight para criar seu pr\u00f3prio widget do YouTube.","breadcrumb":{"@id":"https:\/\/elfsight.com\/pt\/youtube-channel-plugin-yottie\/blogger\/#breadcrumb"},"inLanguage":"pt-PT","potentialAction":[{"@type":"ReadAction","target":["https:\/\/elfsight.com\/pt\/youtube-channel-plugin-yottie\/blogger\/"]}]},{"@type":"BreadcrumbList","@id":"https:\/\/elfsight.com\/pt\/youtube-channel-plugin-yottie\/blogger\/#breadcrumb","itemListElement":[{"@type":"ListItem","position":1,"name":"Home","item":"https:\/\/elfsight.com\/pt\/"},{"@type":"ListItem","position":2,"name":"YouTube Gallery","item":"https:\/\/elfsight.com\/pt\/youtube-channel-plugin-yottie\/"},{"@type":"ListItem","position":3,"name":"YouTube Gallery &#8211; Blogger"}]},{"@type":"WebSite","@id":"https:\/\/elfsight.com\/pt\/#website","url":"https:\/\/elfsight.com\/pt\/","name":"Elfsight PT","description":"Just another Elfsight Sites site","potentialAction":[{"@type":"SearchAction","target":{"@type":"EntryPoint","urlTemplate":"https:\/\/elfsight.com\/pt\/?s={search_term_string}"},"query-input":{"@type":"PropertyValueSpecification","valueRequired":true,"valueName":"search_term_string"}}],"inLanguage":"pt-PT"}]}},"meta_box":{"industry":"","seo_heading":"","heading":"","description":"","cta_heading":"","cta_description":"","application":"408","h1":"Galeria de v\u00eddeos do YouTube para Blogger","h1_caption":"Insira um canal do YouTube do seu jeito no site atrav\u00e9s de um widget com quase 100 configura\u00e7\u00f5es","application_category":[],"applications_title":"","applications_request_title":"","applications_request_button_text":"","hero_text":"","hero_video":"","hero_video_schema_markup":"","selling_points_title":"","selling_points_caption":"","selling_points":[],"selling_points_cta_text":"","features_title":"","features":"","ed_cta_examples_text":"","ed_cta_examples_hidden":"","ed_cta_demo_text":"","ed_cta_demo_hidden":"","why_caption":"","why_editor_title":"","why_editor_text":"","why_team_title":"","why_team_text":"","why_service_title":"","why_service_text":"","template_catalog_visible":"","template_catalog_title":"","template_catalog_text":"","template_catalog_categories_visible":"","demo_title":"Crie seu widget da Galeria do YouTube","demo_caption":"Configure sua Galeria do YouTube e adicione-a ao site do Blogger gratuitamente!","default_faq_hidden":"","app_template_category":[],"platform":"46","template_public_id":"","codecanyon_url":"","codecanyon_item_id":"","codecanyon_price":"","pricing_caption":"","pricing_elfsight_apps_hide_column":"","pricing_elfsight_apps_url":"","pricing_codecanyon_price_caption":"","integration_category":[],"integration_request_title":"","integration_request_cta":"","integration_platform":"","integrations":[],"platform_category":[],"video_schema_markup":"","price":"a partir de US$ 0\/m\u00eas","trial":"","benefits":[{"text":"Ajuda de instala\u00e7\u00e3o gratuita"},{"text":"Suporte ao cliente experiente"},{"text":"Garantia de devolu\u00e7\u00e3o do dinheiro em 14 dias"},{"text":"Atualiza\u00e7\u00f5es gratuitas cont\u00ednuas"}],"button_url":"#demo","button_target_blank":"0","button_nofollow":"0","attributes":[{"name":"Instala\u00e7\u00f5es","content":"100,000 - 500,000","_state":"expanded"},{"name":"Responsivo","content":"Sim","_state":"expanded"},{"name":"Navegadores compat\u00edveis","content":"Firefox, Safari, Opera, Chrome, Edge"}],"tags":[],"tags_disable_links":"0","hide_more_platforms":"","video_object":"","demo_hide_cta":"0","demo_hide_cloud_options":"0","pricing_title":"","pricing":[{"pricing_icon":"platform","pricing_title":"Elfsight Apps","pricing_title_caption":"Solu\u00e7\u00e3o multiplataforma adequada para qualquer site","pricing_price":"a partir de US$ 0\/m\u00eas","pricing_price_caption":"comece com um plano gratuito","pricing_benefits":[{"text":"Dom\u00ednios ilimitados"},{"text":"Suporte profissional e pontual e bem documentado"},{"text":"Suporte profissional e pontual e bem documentado"},{"text":"Design flex\u00edvel"}],"pricing_button_text":"Adicionar ao site","pricing_button_url":"#demo","_state":"expanded"}],"related_apps_title":"","related_apps_hidden":"1","author":"","image":[],"title":"","job":"","social_networks":[]},"_links":{"self":[{"href":"https:\/\/elfsight.com\/pt\/wp-json\/wp\/v2\/pages\/4769","targetHints":{"allow":["GET"]}}],"collection":[{"href":"https:\/\/elfsight.com\/pt\/wp-json\/wp\/v2\/pages"}],"about":[{"href":"https:\/\/elfsight.com\/pt\/wp-json\/wp\/v2\/types\/page"}],"author":[{"embeddable":true,"href":"https:\/\/elfsight.com\/pt\/wp-json\/wp\/v2\/users\/9"}],"replies":[{"embeddable":true,"href":"https:\/\/elfsight.com\/pt\/wp-json\/wp\/v2\/comments?post=4769"}],"version-history":[{"count":2,"href":"https:\/\/elfsight.com\/pt\/wp-json\/wp\/v2\/pages\/4769\/revisions"}],"predecessor-version":[{"id":12445,"href":"https:\/\/elfsight.com\/pt\/wp-json\/wp\/v2\/pages\/4769\/revisions\/12445"}],"up":[{"embeddable":true,"href":"https:\/\/elfsight.com\/pt\/wp-json\/wp\/v2\/pages\/415"}],"wp:attachment":[{"href":"https:\/\/elfsight.com\/pt\/wp-json\/wp\/v2\/media?parent=4769"}],"curies":[{"name":"wp","href":"https:\/\/api.w.org\/{rel}","templated":true}]}}