{"id":4766,"date":"2024-05-03T06:52:40","date_gmt":"2024-05-03T06:52:40","guid":{"rendered":"https:\/\/elfsight.com\/pt\/?page_id=4766"},"modified":"2024-11-13T12:11:53","modified_gmt":"2024-11-13T12:11:53","slug":"bigcommerce","status":"publish","type":"page","link":"https:\/\/elfsight.com\/pt\/twitter-feed-widget\/bigcommerce\/","title":{"rendered":"Twitter Feed &#8211; Bigcommerce"},"content":{"rendered":"<div class=\"application-platform-content-item-description application-platform-content-item\" id=\"description\" data-nav-section=\"description\"><h2>Descri\u00e7\u00e3o<\/h2><p>Com o Elfsight Twitter Feed \u00e9 absolutamente simples adicionar feed do Twitter ou Tweets selecionados em um site do BigCommerce. Aumente a atividade do usu\u00e1rio e aumente a confian\u00e7a do cliente, demonstrando uma linha do tempo no Twitter ou ostentando tweets de depoimentos de clientes sobre seus itens. As vantagens mais valiosas do aplicativo Elfsight Twitter para um site s\u00e3o modelos predefinidos para todos os casos de uso e configura\u00e7\u00f5es variadas, juntamente com um design flex\u00edvel.<\/p><p><b>Aumente o n\u00edvel de envolvimento do seu site e torne-o confi\u00e1vel para seus clientes. <\/b><\/p><ul><li><b>Mantenha os usu\u00e1rios no site<\/b>.<br>Mantenha seu p\u00fablico em seu site por horas e horas, apresentando Tweets selecionados sobre os t\u00f3picos mais interessantes ou envolva-os nos eventos promovidos pelo Twitter.<\/li><li><b>Adquira mais seguidores<\/b>.<br>O feed interativo da Elfsight no Twitter permite que os usu\u00e1rios sigam sua conta sem sair do site. Assim, voc\u00ea pode obter uma nova fonte de seguidores e ampliar a comunidade do Twitter.<\/li><li><b>Alta prova social para maior confian\u00e7a<\/b>.<br>Demonstre qu\u00e3o ativamente voc\u00ea preenche seu perfil do Twitter para convencer os usu\u00e1rios de que seu projeto est\u00e1 se desenvolvendo e voc\u00ea est\u00e1 ansioso para se comunicar e se aproximar de sua comunidade.<\/li><\/ul><\/div><div class=\"application-platform-content-item-features application-platform-content-item\" id=\"features\" data-nav-section=\"features\"><h2>Recursos<\/h2><p>V\u00e1rios de funcionalidades, que transformam a aplica\u00e7\u00e3o Elfsight na aplica\u00e7\u00e3o mais importante para qualquer site BigCommerce.<\/p><ul><li>Crie um feed com Tweets de testemunho sobre o seu neg\u00f3cio;<\/li><li>Oculte o cabe\u00e7alho para mostrar apenas Tweets;<\/li><li>Todas as a\u00e7\u00f5es de Tweet suportadas: responder, retuitar, curtir;<\/li><li>Limite de exibi\u00e7\u00e3o de tweets no feed;<\/li><li>Colora\u00e7\u00e3o autom\u00e1tica do feed com a cor do tema do seu Twitter conta.<\/li><\/ul><p><a href=\"#demo\">Verifique todas as vantagens do widget<\/a><\/p><\/div><div class=\"application-platform-content-item-installation application-platform-content-item\" id=\"installation\" data-nav-section=\"installation\"><h2>Como adicionar feed do Twitter ao BigCommerce<\/h2><div class=\"video-container\"><iframe width=\"720\" height=\"405\" src=\"https:\/\/www.youtube.com\/embed\/MYo-T1h3-SY\" frameborder=\"0\" allowfullscreen=\"\"><\/iframe><\/div><p>Basta aplicar as instru\u00e7\u00f5es abaixo para ativar o plugin no BigCommerce.<\/p> <ol><li><b>Gerencie nossa demonstra\u00e7\u00e3o gratuita e comece a formar seu widget personalizado. <\/b><br> Determine a forma e os aspectos adequados do Feed do Twitter e salve as corre\u00e7\u00f5es. <\/li> <li><b>Copie o c\u00f3digo exclusivo que \u00e9 mostrado no formul\u00e1rio especial nas aplica\u00e7\u00f5es Elfsight. <\/b><br> Logo ap\u00f3s a conclus\u00e3o do estabelecimento de sua ferramenta, copie o c\u00f3digo exclusivo do pop-up exibido e guarde-o para uso posterior. <\/li> <li><b>Iniciar a aplica\u00e7\u00e3o da ferramenta no site BigCommerce. <\/b><br> Cole o c\u00f3digo copiado recentemente em seu site e salve as melhorias. <\/li> <li><b>A instala\u00e7\u00e3o foi realizada com sucesso. <\/b><br> Visite seu site para ver como o widget funciona. <\/li><\/ol><p>Est\u00e1 tendo dificuldades ou problemas ao seguir o guia ou personalizar seu aplicativo? Leia o <a href=\"https:\/\/elfsight.com\/tutorials\/how-to-add-twitter-feed-app-to-bigcommerce\/\" target=\"_blank\" rel=\"noopener noreferrer\">artigo detalhado<\/a> ou envie uma mensagem para o centro de suporte da Elfsight e nossos desenvolvedores ter\u00e3o prazer em ajud\u00e1-lo.<\/p><\/div><div class=\"faq\" data-component=\"FAQ\"><div class=\"faq-item\">\r\n\t\t\t\t\t<div class=\"faq-item-question\">\r\n\t\t\t\t\t\t<h3 class=\"faq-item-question-text\">Como posso incorporar o feed do Twitter ao meu Site de Bigcommerce sem conhecimento de codifica\u00e7\u00e3o?<\/h3>\r\n\r\n\t\t\t\t\t\t<div class=\"faq-item-question-icon\"><\/div>\r\n\t\t\t\t\t<\/div>\r\n\r\n\t\t\t\t\t<div class=\"faq-item-answer\">\r\n\t\t\t\t\t\t<div class=\"faq-item-answer-text\"><p>A empresa Elfsight fornece uma solu\u00e7\u00e3o SaaS que permite que as pessoas criem voc\u00ea mesmo um plugin de feed do Twitter. Descubra o guia descomplicado:<\/p><ul><li>Trabalhe diretamente no editor on-line para crie um plug-in de feed do Twitter que voc\u00ea gostaria de incorporar ao site Bigcommerce.<\/li><li>Escolha um de nossos modelos predefinidos e altere as configura\u00e7\u00f5es do feed do Twitter, inclua seu conte\u00fado, mude o layout e o esquema de cores sem nenhuma experi\u00eancia de codifica\u00e7\u00e3o.<\/li><li>Salve o feed do Twitter e copie o c\u00f3digo para incorpora\u00e7\u00e3o, que pode ser simplesmente colado na p\u00e1gina inicial do Bigcommerce sem a necessidade de comprar uma vers\u00e3o paga.<\/li><\/ul><p>Trabalhando em nosso sistema f\u00e1cil Editor para usar, todo usu\u00e1rio da Internet pode criar o Twitter Feed on-line e col\u00e1-lo em qualquer site do Bigcommerce. Voc\u00ea n\u00e3o deve pagar ou enviar as credenciais do seu cart\u00e3o para acessar o Elfsight Editor. Se voc\u00ea encontrar algum obst\u00e1culo em qualquer etapa, sinta-se \u00e0 vontade para entrar em contato com nossa equipe de suporte.<\/p><\/div>\r\n\t\t\t\t\t<\/div>\r\n\t\t\t\t<\/div><\/div>","protected":false},"excerpt":{"rendered":"","protected":false},"author":9,"featured_media":0,"parent":832,"menu_order":0,"comment_status":"closed","ping_status":"closed","template":"templates\/template-application-platform.php","meta":{"publish_to_discourse":"","publish_post_category":"","wpdc_auto_publish_overridden":"","wpdc_topic_tags":"","wpdc_pin_topic":"","wpdc_pin_until":"","discourse_post_id":"","discourse_permalink":"","wpdc_publishing_response":"","wpdc_publishing_error":"","footnotes":""},"class_list":["post-4766","page","type-page","status-publish","hentry"],"yoast_head":"<!-- This site is optimized with the Yoast SEO plugin v25.3.1 - https:\/\/yoast.com\/wordpress\/plugins\/seo\/ -->\n<title>Aplicativo Twitter Feed para o site BigCommerce (aplicativo oficial da Elfsight)<\/title>\n<meta name=\"description\" content=\"Obtenha seu aplicativo Twitter Feed para BigCommerce e exiba-o em seu site em apenas 1 minuto. Editor gratuito, ajuda com ajustes e muitas vantagens da Elfsight!\" \/>\n<meta name=\"robots\" content=\"index, follow, max-snippet:-1, max-image-preview:large, max-video-preview:-1\" \/>\n<link rel=\"canonical\" href=\"https:\/\/elfsight.com\/pt\/twitter-feed-widget\/bigcommerce\/\" \/>\n<meta property=\"og:locale\" content=\"pt_PT\" \/>\n<meta property=\"og:type\" content=\"article\" \/>\n<meta property=\"og:title\" content=\"Aplicativo Twitter Feed para o site BigCommerce (aplicativo oficial da Elfsight)\" \/>\n<meta property=\"og:description\" content=\"Obtenha seu aplicativo Twitter Feed para BigCommerce e exiba-o em seu site em apenas 1 minuto. Editor gratuito, ajuda com ajustes e muitas vantagens da Elfsight!\" \/>\n<meta property=\"og:url\" content=\"https:\/\/elfsight.com\/pt\/twitter-feed-widget\/bigcommerce\/\" \/>\n<meta property=\"og:site_name\" content=\"Elfsight PT\" \/>\n<meta property=\"article:modified_time\" content=\"2024-11-13T12:11:53+00:00\" \/>\n<meta name=\"twitter:card\" content=\"summary_large_image\" \/>\n<meta name=\"twitter:label1\" content=\"Tempo estimado de leitura\" \/>\n\t<meta name=\"twitter:data1\" content=\"2 minutos\" \/>\n<!-- \/ Yoast SEO plugin. -->","yoast_head_json":{"title":"Aplicativo Twitter Feed para o site BigCommerce (aplicativo oficial da Elfsight)","description":"Obtenha seu aplicativo Twitter Feed para BigCommerce e exiba-o em seu site em apenas 1 minuto. Editor gratuito, ajuda com ajustes e muitas vantagens da Elfsight!","robots":{"index":"index","follow":"follow","max-snippet":"max-snippet:-1","max-image-preview":"max-image-preview:large","max-video-preview":"max-video-preview:-1"},"canonical":"https:\/\/elfsight.com\/pt\/twitter-feed-widget\/bigcommerce\/","og_locale":"pt_PT","og_type":"article","og_title":"Aplicativo Twitter Feed para o site BigCommerce (aplicativo oficial da Elfsight)","og_description":"Obtenha seu aplicativo Twitter Feed para BigCommerce e exiba-o em seu site em apenas 1 minuto. Editor gratuito, ajuda com ajustes e muitas vantagens da Elfsight!","og_url":"https:\/\/elfsight.com\/pt\/twitter-feed-widget\/bigcommerce\/","og_site_name":"Elfsight PT","article_modified_time":"2024-11-13T12:11:53+00:00","twitter_card":"summary_large_image","twitter_misc":{"Tempo estimado de leitura":"2 minutos"},"schema":{"@context":"https:\/\/schema.org","@graph":[{"@type":"WebPage","@id":"https:\/\/elfsight.com\/pt\/twitter-feed-widget\/bigcommerce\/","url":"https:\/\/elfsight.com\/pt\/twitter-feed-widget\/bigcommerce\/","name":"Aplicativo Twitter Feed para o site BigCommerce (aplicativo oficial da Elfsight)","isPartOf":{"@id":"https:\/\/elfsight.com\/pt\/#website"},"datePublished":"2024-05-03T06:52:40+00:00","dateModified":"2024-11-13T12:11:53+00:00","description":"Obtenha seu aplicativo Twitter Feed para BigCommerce e exiba-o em seu site em apenas 1 minuto. Editor gratuito, ajuda com ajustes e muitas vantagens da Elfsight!","breadcrumb":{"@id":"https:\/\/elfsight.com\/pt\/twitter-feed-widget\/bigcommerce\/#breadcrumb"},"inLanguage":"pt-PT","potentialAction":[{"@type":"ReadAction","target":["https:\/\/elfsight.com\/pt\/twitter-feed-widget\/bigcommerce\/"]}]},{"@type":"BreadcrumbList","@id":"https:\/\/elfsight.com\/pt\/twitter-feed-widget\/bigcommerce\/#breadcrumb","itemListElement":[{"@type":"ListItem","position":1,"name":"Home","item":"https:\/\/elfsight.com\/pt\/"},{"@type":"ListItem","position":2,"name":"Twitter Feed","item":"https:\/\/elfsight.com\/pt\/twitter-feed-widget\/"},{"@type":"ListItem","position":3,"name":"Twitter Feed &#8211; Bigcommerce"}]},{"@type":"WebSite","@id":"https:\/\/elfsight.com\/pt\/#website","url":"https:\/\/elfsight.com\/pt\/","name":"Elfsight PT","description":"Just another Elfsight Sites site","potentialAction":[{"@type":"SearchAction","target":{"@type":"EntryPoint","urlTemplate":"https:\/\/elfsight.com\/pt\/?s={search_term_string}"},"query-input":{"@type":"PropertyValueSpecification","valueRequired":true,"valueName":"search_term_string"}}],"inLanguage":"pt-PT"}]}},"meta_box":{"industry":"","seo_heading":"","heading":"","description":"","cta_heading":"","cta_description":"","application":"831","h1":"Aplicativo BigCommerce Twitter Feed","h1_caption":"Transforme os clientes do seu site em seguidores do Twitter","application_category":[],"applications_title":"","applications_request_title":"","applications_request_button_text":"","hero_text":"","hero_video":"","hero_video_schema_markup":"","selling_points_title":"","selling_points_caption":"","selling_points":[],"selling_points_cta_text":"","features_title":"","features":"","ed_cta_examples_text":"","ed_cta_examples_hidden":"","ed_cta_demo_text":"","ed_cta_demo_hidden":"","why_caption":"","why_editor_title":"","why_editor_text":"","why_team_title":"","why_team_text":"","why_service_title":"","why_service_text":"","template_catalog_visible":"","template_catalog_title":"","template_catalog_text":"","template_catalog_categories_visible":"","demo_title":"Crie seu aplicativo de feed do Twitter","demo_caption":"Configure seu feed do Twitter e adicione-o ao seu site BigCommerce gratuitamente!","default_faq_hidden":"","app_template_category":[],"platform":"43","template_public_id":"","codecanyon_url":"","codecanyon_item_id":"","codecanyon_price":"","pricing_caption":"","pricing_elfsight_apps_hide_column":"","pricing_elfsight_apps_url":"","pricing_codecanyon_price_caption":"","integration_category":[],"integration_request_title":"","integration_request_cta":"","integration_platform":"","integrations":[],"platform_category":[],"video_schema_markup":"","price":"a partir de US$ 0\/m\u00eas","trial":"","benefits":[{"text":"Ajuda de instala\u00e7\u00e3o gratuita"},{"text":"Suporte excepcional"},{"text":"Garantia de reembolso de 14 dias"},{"text":"Desenvolvimento cont\u00ednuo"}],"button_url":"#demo","button_target_blank":"0","button_nofollow":"0","attributes":[{"name":"Instala\u00e7\u00f5es","content":"10,000 - 100,000","_state":"expanded"},{"name":"Responsivo","content":"Sim","_state":"expanded"},{"name":"Navegadores compat\u00edveis","content":"Firefox, Safari, Opera, Chrome, Edge"}],"tags":[],"tags_disable_links":"0","hide_more_platforms":"","video_object":"","demo_hide_cta":"0","demo_hide_cloud_options":"0","pricing_title":"","pricing":[{"pricing_icon":"cloud","pricing_title":"Elfsight Apps","pricing_title_caption":"Solu\u00e7\u00e3o multiplataforma","pricing_price":"a partir de US$ 0\/m\u00eas","pricing_price_caption":"comece com plano gratuito","pricing_benefits":[{"text":"Dom\u00ednios ilimitados"},{"text":"Suporte r\u00e1pido da empresa e bem documentado"},{"text":"Suporte r\u00e1pido da empresa e bem documentado"},{"text":"Totalmente personaliz\u00e1vel"}],"pricing_button_text":"Adicionar ao site","pricing_button_url":"#demo","_state":"expanded"}],"related_apps_title":"","related_apps_hidden":"1","author":"","image":[],"title":"","job":"","social_networks":[]},"_links":{"self":[{"href":"https:\/\/elfsight.com\/pt\/wp-json\/wp\/v2\/pages\/4766","targetHints":{"allow":["GET"]}}],"collection":[{"href":"https:\/\/elfsight.com\/pt\/wp-json\/wp\/v2\/pages"}],"about":[{"href":"https:\/\/elfsight.com\/pt\/wp-json\/wp\/v2\/types\/page"}],"author":[{"embeddable":true,"href":"https:\/\/elfsight.com\/pt\/wp-json\/wp\/v2\/users\/9"}],"replies":[{"embeddable":true,"href":"https:\/\/elfsight.com\/pt\/wp-json\/wp\/v2\/comments?post=4766"}],"version-history":[{"count":2,"href":"https:\/\/elfsight.com\/pt\/wp-json\/wp\/v2\/pages\/4766\/revisions"}],"predecessor-version":[{"id":12346,"href":"https:\/\/elfsight.com\/pt\/wp-json\/wp\/v2\/pages\/4766\/revisions\/12346"}],"up":[{"embeddable":true,"href":"https:\/\/elfsight.com\/pt\/wp-json\/wp\/v2\/pages\/832"}],"wp:attachment":[{"href":"https:\/\/elfsight.com\/pt\/wp-json\/wp\/v2\/media?parent=4766"}],"curies":[{"name":"wp","href":"https:\/\/api.w.org\/{rel}","templated":true}]}}