{"id":4763,"date":"1970-01-01T00:00:00","date_gmt":"1970-01-01T00:00:00","guid":{"rendered":"https:\/\/elfsight.com\/pt\/?page_id=4763"},"modified":"2025-02-10T06:26:55","modified_gmt":"2025-02-10T06:26:55","slug":"bigcommerce","status":"publish","type":"page","link":"https:\/\/elfsight.com\/pt\/youtube-channel-plugin-yottie\/bigcommerce\/","title":{"rendered":"YouTube Gallery &#8211; BigCommerce"},"content":{"rendered":"\n<div class=\"application-platform-content-item-description application-platform-content-item\" id=\"description\" data-nav-section=\"description\"><h2>Descri\u00e7\u00e3o<\/h2><p>Um aplicativo universal para YouTube, que permite exibir qualquer tipo de v\u00eddeo em seu site. Escolha os melhores canais e videoclipes individuais para criar sua playlist incompar\u00e1vel e exibi-la diretamente na p\u00e1gina web usando o layout mais adequado (galeria de v\u00eddeos, portf\u00f3lio, canal, v\u00eddeo \u00fanico). Nosso widget \u00e9 responsivo a todos os dispositivos e plataformas, inclui mais de 100 op\u00e7\u00f5es, layout adapt\u00e1vel e muitas outras vantagens, que permitem instal\u00e1-lo em todos os sites.<\/p><p><b>Construa uma galeria de v\u00eddeos personalizada e eficiente para obter o m\u00e1ximo de aten\u00e7\u00e3o do seu p\u00fablico<\/b><\/p><ul><li><b>Fortale\u00e7a as conex\u00f5es com os clientes com a ajuda de v\u00eddeos do YouTube em seu site<\/b>.<br>Entretenha os usu\u00e1rios do seu site com v\u00eddeos de alta qualidade -conte\u00fado de qualidade do YouTube e mantenha-os engajados por mais tempo.<\/li><li><b>Obtenha o m\u00e1ximo de compras no site usando o conte\u00fado certo do YouTube<\/b>.<br>Use v\u00eddeos promocionais, an\u00e1lises, vis\u00f5es gerais, guias e outros tipos de v\u00eddeo para fornecer aos visitantes informa\u00e7\u00f5es abrangentes sobre seus produtos e incentiv\u00e1-los a realizar uma transa\u00e7\u00e3o.<\/li><li><b>M\u00e1ximo de inscritos para sua conta do YouTube<\/b>.<br>Converta usu\u00e1rios do site em sua conta f\u00e3s no YouTube. Demonstre um m\u00e9todo r\u00e1pido e simples para verificar v\u00eddeos e seguir seu canal diretamente no site.<\/li><\/ul><\/div><div class=\"application-platform-content-item-features application-platform-content-item\" id=\"features\" data-nav-section=\"features\"><h2>Recursos<\/h2><p>O caracter\u00edsticas deste widget, que o tornam o melhor na inser\u00e7\u00e3o de v\u00eddeos do YouTube em um site BigCommerce.<\/p><ul><li>Adicionar fontes por URL;<\/li><li>Descri\u00e7\u00e3o edit\u00e1vel do canal;<\/li><li>3 layouts para v\u00eddeos: Cl\u00e1ssico, Horizontal, Cinema;<\/li><li>8 elementos altern\u00e1veis \u200b\u200bde v\u00eddeo: t\u00edtulo, dura\u00e7\u00e3o, descri\u00e7\u00e3o, contagens e muito mais;<\/li><li>Op\u00e7\u00e3o para pausar a reprodu\u00e7\u00e3o autom\u00e1tica ao passar o mouse; <\/li><li>24 elementos pop-up pint\u00e1veis;<\/li><li>Tempo de cache ajust\u00e1vel.<\/li><\/ul><p><a href=\"#demo\">Leia a lista completa das vantagens no editor<\/a><\/p><\/div><div class=\"application-platform-content-item-installation application-platform-content-item\" id=\"installation\" data-nav-section=\"installation\"><h2>Como incorporar a Galeria do YouTube ao site do BigCommerce<\/h2><div class=\"video-container\"><iframe width=\"720\" height=\"405\" src=\"https:\/\/www.youtube.com\/embed\/y3BOALj8YXI\" frameborder=\"0\" allowfullscreen=\"\"><\/iframe><\/div><p>Basta seguir siga as instru\u00e7\u00f5es abaixo para ativar o aplicativo no BigCommerce.<\/p> <ol><li><b>Execute nosso configurador gratuito e comece a construir seu widget personalizado. <\/b><br> Escolha o design adequado e as caracter\u00edsticas funcionais do widget e salve as corre\u00e7\u00f5es. <\/li> <li><b>Copie o seu c\u00f3digo exclusivo que aparece na caixa dos aplicativos da Elfsight. <\/b><br> Logo ap\u00f3s a configura\u00e7\u00e3o da sua galeria pessoal do YouTube, copie o c\u00f3digo exclusivo da janela que aparece e salve-o para uso posterior. <\/li> <li><b>Iniciar o uso do aplicativo no site BigCommerce. <\/b><br> Incorpore o c\u00f3digo salvo anteriormente em seu site e salve as melhorias. <\/li> <li><b>Pronto! A configura\u00e7\u00e3o foi finalizada com sucesso. <\/b><br> Acesse seu site para inspecionar o desempenho do widget. <\/li><\/ol><p>Tive algum problema ao configurar ou personalizar a Galeria do YouTube? Dirija-se ao centro de ajuda da Elfsight com uma explica\u00e7\u00e3o detalhada do seu problema. Faremos o poss\u00edvel para resolv\u00ea-lo.<\/p><\/div><div class=\"faq\" data-component=\"FAQ\"><div class=\"faq-item\">\r\n\t\t\t\t\t<div class=\"faq-item-question\">\r\n\t\t\t\t\t\t<h3 class=\"faq-item-question-text\">Como posso adicionar uma galeria do YouTube ao meu site BigCommerce? <\/h3>\r\n\r\n\t\t\t\t\t\t<div class=\"faq-item-question-icon\"><\/div>\r\n\t\t\t\t\t<\/div>\r\n\r\n\t\t\t\t\t<div class=\"faq-item-answer\">\r\n\t\t\t\t\t\t<div class=\"faq-item-answer-text\"><p>A constru\u00e7\u00e3o da ferramenta ocorre dentro do servi\u00e7o Elfsight e voc\u00ea n\u00e3o precisa aprender codifica\u00e7\u00e3o. Acesse nossa demonstra\u00e7\u00e3o ao vivo para personalizar seu pr\u00f3prio aplicativo, obter o c\u00f3digo e implement\u00e1-lo em seu site. <\/p><\/div>\r\n\t\t\t\t\t<\/div>\r\n\t\t\t\t<\/div><div class=\"faq-item\">\r\n\t\t\t\t\t<div class=\"faq-item-question\">\r\n\t\t\t\t\t\t<h3 class=\"faq-item-question-text\">Os melhores exemplos de uso da integra\u00e7\u00e3o da Galeria de v\u00eddeos do YouTube<\/h3>\r\n\r\n\t\t\t\t\t\t<div class=\"faq-item-question-icon\"><\/div>\r\n\t\t\t\t\t<\/div>\r\n\r\n\t\t\t\t\t<div class=\"faq-item-answer\">\r\n\t\t\t\t\t\t<div class=\"faq-item-answer-text\"><p>Oferecemos in\u00fameras possibilidades de ajuste: widgets em tamanho real para incorporar na zona de conte\u00fado , plug-ins flutuantes para oportunidades de rolagem, miniaturas para o rodap\u00e9 do seu site, se\u00e7\u00e3o principal e todos os tipos de op\u00e7\u00f5es verticais para barras laterais e menus do site. <\/p><\/div>\r\n\t\t\t\t\t<\/div>\r\n\t\t\t\t<\/div><div class=\"faq-item\">\r\n\t\t\t\t\t<div class=\"faq-item-question\">\r\n\t\t\t\t\t\t<h3 class=\"faq-item-question-text\">Existe uma op\u00e7\u00e3o para criar uma grade ou uma galeria de v\u00eddeo \u00fanico no YouTube por meio do editor? <\/h3>\r\n\r\n\t\t\t\t\t\t<div class=\"faq-item-question-icon\"><\/div>\r\n\t\t\t\t\t<\/div>\r\n\r\n\t\t\t\t\t<div class=\"faq-item-answer\">\r\n\t\t\t\t\t\t<div class=\"faq-item-answer-text\"><p>Voc\u00ea \u00e9 livre para criar varia\u00e7\u00f5es de qualquer widget. H\u00e1 uma s\u00e9rie de layouts dispon\u00edveis no editor e todos eles podem ser rapidamente personalizados conforme sua necessidade. <\/p><\/div>\r\n\t\t\t\t\t<\/div>\r\n\t\t\t\t<\/div><\/div>\n","protected":false},"excerpt":{"rendered":"","protected":false},"author":9,"featured_media":0,"parent":415,"menu_order":0,"comment_status":"closed","ping_status":"closed","template":"templates\/template-application-platform.php","meta":{"publish_to_discourse":"","publish_post_category":"","wpdc_auto_publish_overridden":"","wpdc_topic_tags":"","wpdc_pin_topic":"","wpdc_pin_until":"","discourse_post_id":"","discourse_permalink":"","wpdc_publishing_response":"","wpdc_publishing_error":"","footnotes":""},"class_list":["post-4763","page","type-page","status-publish","hentry"],"yoast_head":"<!-- This site is optimized with the Yoast SEO plugin v25.3.1 - https:\/\/yoast.com\/wordpress\/plugins\/seo\/ -->\n<title>Adicione a galeria de v\u00eddeos do YouTube do BigCommerce ao seu site<\/title>\n<meta name=\"description\" content=\"Crie uma galeria de v\u00eddeos do YouTube personalizada para o seu site BigCommerce em apenas 1 minuto! Experimente o painel gratuito da Elfsight para criar seu pr\u00f3prio widget do YouTube.\" \/>\n<meta name=\"robots\" content=\"index, follow, max-snippet:-1, max-image-preview:large, max-video-preview:-1\" \/>\n<link rel=\"canonical\" href=\"https:\/\/elfsight.com\/pt\/youtube-channel-plugin-yottie\/bigcommerce\/\" \/>\n<meta property=\"og:locale\" content=\"pt_PT\" \/>\n<meta property=\"og:type\" content=\"article\" \/>\n<meta property=\"og:title\" content=\"Adicione a galeria de v\u00eddeos do YouTube do BigCommerce ao seu site\" \/>\n<meta property=\"og:description\" content=\"Crie uma galeria de v\u00eddeos do YouTube personalizada para o seu site BigCommerce em apenas 1 minuto! Experimente o painel gratuito da Elfsight para criar seu pr\u00f3prio widget do YouTube.\" \/>\n<meta property=\"og:url\" content=\"https:\/\/elfsight.com\/pt\/youtube-channel-plugin-yottie\/bigcommerce\/\" \/>\n<meta property=\"og:site_name\" content=\"Elfsight PT\" \/>\n<meta property=\"article:modified_time\" content=\"2025-02-10T06:26:55+00:00\" \/>\n<meta name=\"twitter:card\" content=\"summary_large_image\" \/>\n<meta name=\"twitter:label1\" content=\"Tempo estimado de leitura\" \/>\n\t<meta name=\"twitter:data1\" content=\"4 minutos\" \/>\n<!-- \/ Yoast SEO plugin. -->","yoast_head_json":{"title":"Adicione a galeria de v\u00eddeos do YouTube do BigCommerce ao seu site","description":"Crie uma galeria de v\u00eddeos do YouTube personalizada para o seu site BigCommerce em apenas 1 minuto! Experimente o painel gratuito da Elfsight para criar seu pr\u00f3prio widget do YouTube.","robots":{"index":"index","follow":"follow","max-snippet":"max-snippet:-1","max-image-preview":"max-image-preview:large","max-video-preview":"max-video-preview:-1"},"canonical":"https:\/\/elfsight.com\/pt\/youtube-channel-plugin-yottie\/bigcommerce\/","og_locale":"pt_PT","og_type":"article","og_title":"Adicione a galeria de v\u00eddeos do YouTube do BigCommerce ao seu site","og_description":"Crie uma galeria de v\u00eddeos do YouTube personalizada para o seu site BigCommerce em apenas 1 minuto! Experimente o painel gratuito da Elfsight para criar seu pr\u00f3prio widget do YouTube.","og_url":"https:\/\/elfsight.com\/pt\/youtube-channel-plugin-yottie\/bigcommerce\/","og_site_name":"Elfsight PT","article_modified_time":"2025-02-10T06:26:55+00:00","twitter_card":"summary_large_image","twitter_misc":{"Tempo estimado de leitura":"4 minutos"},"schema":{"@context":"https:\/\/schema.org","@graph":[{"@type":"WebPage","@id":"https:\/\/elfsight.com\/pt\/youtube-channel-plugin-yottie\/bigcommerce\/","url":"https:\/\/elfsight.com\/pt\/youtube-channel-plugin-yottie\/bigcommerce\/","name":"Adicione a galeria de v\u00eddeos do YouTube do BigCommerce ao seu site","isPartOf":{"@id":"https:\/\/elfsight.com\/pt\/#website"},"datePublished":"1970-01-01T00:00:00+00:00","dateModified":"2025-02-10T06:26:55+00:00","description":"Crie uma galeria de v\u00eddeos do YouTube personalizada para o seu site BigCommerce em apenas 1 minuto! Experimente o painel gratuito da Elfsight para criar seu pr\u00f3prio widget do YouTube.","breadcrumb":{"@id":"https:\/\/elfsight.com\/pt\/youtube-channel-plugin-yottie\/bigcommerce\/#breadcrumb"},"inLanguage":"pt-PT","potentialAction":[{"@type":"ReadAction","target":["https:\/\/elfsight.com\/pt\/youtube-channel-plugin-yottie\/bigcommerce\/"]}]},{"@type":"BreadcrumbList","@id":"https:\/\/elfsight.com\/pt\/youtube-channel-plugin-yottie\/bigcommerce\/#breadcrumb","itemListElement":[{"@type":"ListItem","position":1,"name":"Home","item":"https:\/\/elfsight.com\/pt\/"},{"@type":"ListItem","position":2,"name":"YouTube Gallery","item":"https:\/\/elfsight.com\/pt\/youtube-channel-plugin-yottie\/"},{"@type":"ListItem","position":3,"name":"YouTube Gallery &#8211; BigCommerce"}]},{"@type":"WebSite","@id":"https:\/\/elfsight.com\/pt\/#website","url":"https:\/\/elfsight.com\/pt\/","name":"Elfsight PT","description":"Just another Elfsight Sites site","potentialAction":[{"@type":"SearchAction","target":{"@type":"EntryPoint","urlTemplate":"https:\/\/elfsight.com\/pt\/?s={search_term_string}"},"query-input":{"@type":"PropertyValueSpecification","valueRequired":true,"valueName":"search_term_string"}}],"inLanguage":"pt-PT"}]}},"meta_box":{"industry":"","seo_heading":"","heading":"","description":"","cta_heading":"","cta_description":"","application":"408","h1":"Galeria de v\u00eddeos do YouTube para BigCommerce","h1_caption":"Aumente o interesse de seus clientes em seu site usando conte\u00fado de v\u00eddeo","application_category":[],"applications_title":"","applications_request_title":"","applications_request_button_text":"","hero_text":"","hero_video":"","hero_video_schema_markup":"","selling_points_title":"","selling_points_caption":"","selling_points":[],"selling_points_cta_text":"","features_title":"","features":"","ed_cta_examples_text":"","ed_cta_examples_hidden":"","ed_cta_demo_text":"","ed_cta_demo_hidden":"","why_caption":"","why_editor_title":"","why_editor_text":"","why_team_title":"","why_team_text":"","why_service_title":"","why_service_text":"","template_catalog_visible":"0","template_catalog_title":"","template_catalog_text":"","template_catalog_categories_visible":"","demo_title":"Crie seu aplicativo Galeria do YouTube","demo_caption":"Configure sua galeria do YouTube e adicione-a ao seu site BigCommerce gratuitamente!","default_faq_hidden":"","app_template_category":[],"platform":"43","template_public_id":"","codecanyon_url":"","codecanyon_item_id":"","codecanyon_price":"","pricing_caption":"","pricing_elfsight_apps_hide_column":"","pricing_elfsight_apps_url":"","pricing_codecanyon_price_caption":"","integration_category":[],"integration_request_title":"","integration_request_cta":"","integration_platform":"","integrations":[],"platform_category":[],"video_schema_markup":"","price":"a partir de US$ 0\/m\u00eas","trial":"","benefits":[{"text":"Assist\u00eancia de instala\u00e7\u00e3o gratuita"},{"text":"Atendimento ao cliente profissional"},{"text":"Garantia de devolu\u00e7\u00e3o do dinheiro em 14 dias"},{"text":"Melhorias ao longo da vida"}],"button_url":"#demo","button_target_blank":"0","button_nofollow":"0","attributes":[{"name":"Instala\u00e7\u00f5es","content":"100,000 - 500,000","_state":"expanded"},{"name":"Responsivo","content":"Sim","_state":"expanded"},{"name":"Navegadores compat\u00edveis","content":"Firefox, Safari, Opera, Chrome, Edge"}],"tags":[],"tags_disable_links":"0","hide_more_platforms":"0","video_object":"","demo_hide_cta":"0","demo_hide_cloud_options":"0","pricing_title":"","pricing":[{"pricing_icon":"cloud","pricing_title":"Elfsight Apps","pricing_title_caption":"Solu\u00e7\u00e3o digital independente de plataforma adequada para qualquer site","pricing_price":"a partir de US$ 0\/m\u00eas","pricing_price_caption":"comece com um plano gratuito","pricing_benefits":[{"text":"Sites ilimitados"},{"text":"Suporte profissional ao cliente e bem documentado"},{"text":"Suporte profissional ao cliente e bem documentado"},{"text":"Totalmente personaliz\u00e1vel"}],"pricing_button_text":"Adicionar ao site","pricing_button_url":"#demo","_state":"expanded"}],"related_apps_title":"","related_apps_hidden":"1","author":"","image":[],"title":"","job":"","social_networks":[]},"_links":{"self":[{"href":"https:\/\/elfsight.com\/pt\/wp-json\/wp\/v2\/pages\/4763","targetHints":{"allow":["GET"]}}],"collection":[{"href":"https:\/\/elfsight.com\/pt\/wp-json\/wp\/v2\/pages"}],"about":[{"href":"https:\/\/elfsight.com\/pt\/wp-json\/wp\/v2\/types\/page"}],"author":[{"embeddable":true,"href":"https:\/\/elfsight.com\/pt\/wp-json\/wp\/v2\/users\/9"}],"replies":[{"embeddable":true,"href":"https:\/\/elfsight.com\/pt\/wp-json\/wp\/v2\/comments?post=4763"}],"version-history":[{"count":3,"href":"https:\/\/elfsight.com\/pt\/wp-json\/wp\/v2\/pages\/4763\/revisions"}],"predecessor-version":[{"id":13794,"href":"https:\/\/elfsight.com\/pt\/wp-json\/wp\/v2\/pages\/4763\/revisions\/13794"}],"up":[{"embeddable":true,"href":"https:\/\/elfsight.com\/pt\/wp-json\/wp\/v2\/pages\/415"}],"wp:attachment":[{"href":"https:\/\/elfsight.com\/pt\/wp-json\/wp\/v2\/media?parent=4763"}],"curies":[{"name":"wp","href":"https:\/\/api.w.org\/{rel}","templated":true}]}}