{"id":4753,"date":"1970-01-01T00:00:00","date_gmt":"1970-01-01T00:00:00","guid":{"rendered":"https:\/\/elfsight.com\/pt\/?page_id=4753"},"modified":"2024-11-13T11:19:55","modified_gmt":"2024-11-13T11:19:55","slug":"wordpress","status":"publish","type":"page","link":"https:\/\/elfsight.com\/pt\/social-feed-widget\/wordpress\/","title":{"rendered":"Social Feed &#8211; WordPress"},"content":{"rendered":"<div class=\"application-platform-content-item-description application-platform-content-item\" id=\"description\" data-nav-section=\"description\"> <h2>Incorpore Social Feed no WordPress com o widget Elfsight<\/h2> <p>Elfsight Social Feed para WordPress \u00e9 um plugin para marketing e n\u00e3o apenas de produtos , mas emo\u00e7\u00f5es e experi\u00eancias. Com ele voc\u00ea pode moldar um feed personalizado composto por conte\u00fado de diversas m\u00eddias sociais: Instagram, Pinterest, Facebook, Twitter, Tumblr, YouTube, Vimeo &#8211; e demonstr\u00e1-lo diretamente em seu site. Crie uma galeria ou cat\u00e1logo de produtos no 1-2-3! Exer\u00e7a controle total sobre um conte\u00fado demonstrado com diversas op\u00e7\u00f5es de filtro e livre-se de spam e qualquer conte\u00fado indesejado usando modera\u00e7\u00e3o manual. O editor online totalmente responsivo oferece v\u00e1rios modelos para voc\u00ea escolher. <\/p> <p><b>Torne seu site mais eficaz para alvos de com\u00e9rcio eletr\u00f4nico com o Social Wall<\/b><\/p> <\/div> <div class=\"faq\" data-component=\"FAQ\"><div class=\"faq-item\">\r\n\t\t\t\t\t<div class=\"faq-item-question\">\r\n\t\t\t\t\t\t<h3 class=\"faq-item-question-text\">Como posso incorporar um Social Media Feed no site WordPress?<\/h3>\r\n\r\n\t\t\t\t\t\t<div class=\"faq-item-question-icon\"><\/div>\r\n\t\t\t\t\t<\/div>\r\n\r\n\t\t\t\t\t<div class=\"faq-item-answer\">\r\n\t\t\t\t\t\t<div class=\"faq-item-answer-text\"><p>A constru\u00e7\u00e3o do widget acontece nas p\u00e1ginas da Elfsight e n\u00e3o h\u00e1 necessidade de aprender codifica\u00e7\u00e3o. Use nossa demonstra\u00e7\u00e3o online para moldar seu aplicativo, obter o c\u00f3digo e implement\u00e1-lo em seu site. <\/p><\/div>\r\n\t\t\t\t\t<\/div>\r\n\t\t\t\t<\/div><div class=\"faq-item\">\r\n\t\t\t\t\t<div class=\"faq-item-question\">\r\n\t\t\t\t\t\t<h3 class=\"faq-item-question-text\">Como posso obter o feed do Instagram ou do Facebook com a ajuda de seus plug-ins?<\/h3>\r\n\r\n\t\t\t\t\t\t<div class=\"faq-item-question-icon\"><\/div>\r\n\t\t\t\t\t<\/div>\r\n\r\n\t\t\t\t\t<div class=\"faq-item-answer\">\r\n\t\t\t\t\t\t<div class=\"faq-item-answer-text\"><p>Uma infinidade de modelos \u00e9 aplic\u00e1vel: feed, galeria, grade , alvenaria, lista e muito mais, juntamente com ajustes de layout male\u00e1veis \u200b\u200bpara harmonizar com suas condi\u00e7\u00f5es. Voc\u00ea est\u00e1 convidado a construir praticamente qualquer ferramenta que precisar. <\/p><\/div>\r\n\t\t\t\t\t<\/div>\r\n\t\t\t\t<\/div><div class=\"faq-item\">\r\n\t\t\t\t\t<div class=\"faq-item-question\">\r\n\t\t\t\t\t\t<h3 class=\"faq-item-question-text\">Por que meu feed do Social Wall n\u00e3o funciona\/\u00e9 atualizado?<\/h3>\r\n\r\n\t\t\t\t\t\t<div class=\"faq-item-question-icon\"><\/div>\r\n\t\t\t\t\t<\/div>\r\n\r\n\t\t\t\t\t<div class=\"faq-item-answer\">\r\n\t\t\t\t\t\t<div class=\"faq-item-answer-text\"><p>Caso voc\u00ea tenha algum problema com os widgets sociais, entre em contato com o suporte ao cliente . O suporte \u00e9 totalmente gratuito para todos os clientes da Elfsight. <\/p><\/div>\r\n\t\t\t\t\t<\/div>\r\n\t\t\t\t<\/div><\/div><div class=\"application-platform-content-item-features application-platform-content-item\" id=\"features\" data-nav-section=\"features\"> <h2>Os recursos mais importantes do plug-in incluem<\/h2> <ul><li>Apresentar seu conte\u00fado de m\u00eddia social a partir de diversas m\u00eddias sociais. <\/li><li>Livre-se de qualquer spam e conte\u00fado indesejado atrav\u00e9s do modo de modera\u00e7\u00e3o manual. <\/li><li>Defina o bot\u00e3o Seguir no feed do widget. <\/li><li>Permita que suas postagens sejam visualizadas em um pop-up. <\/li><\/ul><p><a href=\"#demo\">Voc\u00ea pode experimentar todas as funcionalidades do plug-in na demonstra\u00e7\u00e3o nesta p\u00e1gina<\/a><\/p> <\/div> <div class=\"application-platform-content-item-instala\u00e7\u00e3o application-platform-content-item\" id=\"instala\u00e7\u00e3o\" data-nav-section=\"instala\u00e7\u00e3o\"> <h2>Como posso adicionar o plugin Social Media Feed ao meu site WordPress? <\/h2> <p>Basta seguir as instru\u00e7\u00f5es abaixo para integrar o plugin. <\/p> <ol><li><b>Realize nosso configurador gratuito e comece a construir seu instrumento personalizado. <\/b><br> Determine a forma selecionada e as caracter\u00edsticas funcionais da ferramenta e aplique as corre\u00e7\u00f5es. <\/li> <li><b>Copie o c\u00f3digo individual que aparece no formul\u00e1rio especial nas aplica\u00e7\u00f5es Elfsight. <\/b><br> Ap\u00f3s a configura\u00e7\u00e3o do seu plugin pessoal, copie o c\u00f3digo individual na caixa exibida e salve-o para uso posterior. <\/li> <li><b>Inicie o uso do plugin Social Wall em sua p\u00e1gina WordPress. <\/b><br> Adicione o c\u00f3digo salvo recentemente em sua p\u00e1gina da web e aplique as edi\u00e7\u00f5es. <\/li> <li><b>A instala\u00e7\u00e3o foi totalmente conclu\u00edda. <\/b><br> Visite sua p\u00e1gina da web para ver em a\u00e7\u00e3o o desempenho da ferramenta. <\/li><\/ol> <p>Caso tenha d\u00favidas ou encontre alguma dificuldade, sinta-se \u00e0 vontade para recorrer \u00e0 nossa equipe de atendimento ao cliente. Nossos especialistas ter\u00e3o prazer em resolver todas as dificuldades que voc\u00ea possa ter com o produto. <\/p> <\/div>","protected":false},"excerpt":{"rendered":"","protected":false},"author":9,"featured_media":0,"parent":462,"menu_order":0,"comment_status":"closed","ping_status":"closed","template":"templates\/template-application-platform.php","meta":{"publish_to_discourse":"","publish_post_category":"","wpdc_auto_publish_overridden":"","wpdc_topic_tags":"","wpdc_pin_topic":"","wpdc_pin_until":"","discourse_post_id":"","discourse_permalink":"","wpdc_publishing_response":"","wpdc_publishing_error":"","footnotes":""},"class_list":["post-4753","page","type-page","status-publish","hentry"],"yoast_head":"<!-- This site is optimized with the Yoast SEO plugin v25.3.1 - https:\/\/yoast.com\/wordpress\/plugins\/seo\/ -->\n<title>Adicione o plugin Social Wall ao site WordPress (r\u00e1pido e gratuito)<\/title>\n<meta name=\"description\" content=\"Adicione o plugin WordPress Social Feed em sua p\u00e1gina WordPress. Experimente a demonstra\u00e7\u00e3o pr\u00e1tica da Elfsight e modifique seu lindo widget do Social Wall.\" \/>\n<meta name=\"robots\" content=\"index, follow, max-snippet:-1, max-image-preview:large, max-video-preview:-1\" \/>\n<link rel=\"canonical\" href=\"https:\/\/elfsight.com\/pt\/social-feed-widget\/wordpress\/\" \/>\n<meta property=\"og:locale\" content=\"pt_PT\" \/>\n<meta property=\"og:type\" content=\"article\" \/>\n<meta property=\"og:title\" content=\"Adicione o plugin Social Wall ao site WordPress (r\u00e1pido e gratuito)\" \/>\n<meta property=\"og:description\" content=\"Adicione o plugin WordPress Social Feed em sua p\u00e1gina WordPress. Experimente a demonstra\u00e7\u00e3o pr\u00e1tica da Elfsight e modifique seu lindo widget do Social Wall.\" \/>\n<meta property=\"og:url\" content=\"https:\/\/elfsight.com\/pt\/social-feed-widget\/wordpress\/\" \/>\n<meta property=\"og:site_name\" content=\"Elfsight PT\" \/>\n<meta property=\"article:modified_time\" content=\"2024-11-13T11:19:55+00:00\" \/>\n<meta name=\"twitter:card\" content=\"summary_large_image\" \/>\n<meta name=\"twitter:label1\" content=\"Tempo estimado de leitura\" \/>\n\t<meta name=\"twitter:data1\" content=\"2 minutos\" \/>\n<!-- \/ Yoast SEO plugin. -->","yoast_head_json":{"title":"Adicione o plugin Social Wall ao site WordPress (r\u00e1pido e gratuito)","description":"Adicione o plugin WordPress Social Feed em sua p\u00e1gina WordPress. Experimente a demonstra\u00e7\u00e3o pr\u00e1tica da Elfsight e modifique seu lindo widget do Social Wall.","robots":{"index":"index","follow":"follow","max-snippet":"max-snippet:-1","max-image-preview":"max-image-preview:large","max-video-preview":"max-video-preview:-1"},"canonical":"https:\/\/elfsight.com\/pt\/social-feed-widget\/wordpress\/","og_locale":"pt_PT","og_type":"article","og_title":"Adicione o plugin Social Wall ao site WordPress (r\u00e1pido e gratuito)","og_description":"Adicione o plugin WordPress Social Feed em sua p\u00e1gina WordPress. Experimente a demonstra\u00e7\u00e3o pr\u00e1tica da Elfsight e modifique seu lindo widget do Social Wall.","og_url":"https:\/\/elfsight.com\/pt\/social-feed-widget\/wordpress\/","og_site_name":"Elfsight PT","article_modified_time":"2024-11-13T11:19:55+00:00","twitter_card":"summary_large_image","twitter_misc":{"Tempo estimado de leitura":"2 minutos"},"schema":{"@context":"https:\/\/schema.org","@graph":[{"@type":"WebPage","@id":"https:\/\/elfsight.com\/pt\/social-feed-widget\/wordpress\/","url":"https:\/\/elfsight.com\/pt\/social-feed-widget\/wordpress\/","name":"Adicione o plugin Social Wall ao site WordPress (r\u00e1pido e gratuito)","isPartOf":{"@id":"https:\/\/elfsight.com\/pt\/#website"},"datePublished":"1970-01-01T00:00:00+00:00","dateModified":"2024-11-13T11:19:55+00:00","description":"Adicione o plugin WordPress Social Feed em sua p\u00e1gina WordPress. Experimente a demonstra\u00e7\u00e3o pr\u00e1tica da Elfsight e modifique seu lindo widget do Social Wall.","breadcrumb":{"@id":"https:\/\/elfsight.com\/pt\/social-feed-widget\/wordpress\/#breadcrumb"},"inLanguage":"pt-PT","potentialAction":[{"@type":"ReadAction","target":["https:\/\/elfsight.com\/pt\/social-feed-widget\/wordpress\/"]}]},{"@type":"BreadcrumbList","@id":"https:\/\/elfsight.com\/pt\/social-feed-widget\/wordpress\/#breadcrumb","itemListElement":[{"@type":"ListItem","position":1,"name":"Home","item":"https:\/\/elfsight.com\/pt\/"},{"@type":"ListItem","position":2,"name":"Social Feed","item":"https:\/\/elfsight.com\/pt\/social-feed-widget\/"},{"@type":"ListItem","position":3,"name":"Social Feed &#8211; WordPress"}]},{"@type":"WebSite","@id":"https:\/\/elfsight.com\/pt\/#website","url":"https:\/\/elfsight.com\/pt\/","name":"Elfsight PT","description":"Just another Elfsight Sites site","potentialAction":[{"@type":"SearchAction","target":{"@type":"EntryPoint","urlTemplate":"https:\/\/elfsight.com\/pt\/?s={search_term_string}"},"query-input":{"@type":"PropertyValueSpecification","valueRequired":true,"valueName":"search_term_string"}}],"inLanguage":"pt-PT"}]}},"meta_box":{"industry":"","seo_heading":"","heading":"","description":"","cta_heading":"","cta_description":"","application":"461","h1":"Plug-in de feed de m\u00eddia social WordPress","h1_caption":"Apresente seu conte\u00fado de diferentes redes sociais","application_category":[],"applications_title":"","applications_request_title":"","applications_request_button_text":"","hero_text":"","hero_video":"","hero_video_schema_markup":"","selling_points_title":"","selling_points_caption":"","selling_points":[],"selling_points_cta_text":"","features_title":"","features":"","ed_cta_examples_text":"","ed_cta_examples_hidden":"","ed_cta_demo_text":"","ed_cta_demo_hidden":"","why_caption":"","why_editor_title":"","why_editor_text":"","why_team_title":"","why_team_text":"","why_service_title":"","why_service_text":"","template_catalog_visible":"","template_catalog_title":"","template_catalog_text":"","template_catalog_categories_visible":"","demo_title":"Crie seu plugin de feed social","demo_caption":"Configure seu Social Feed e adicione-o ao seu site WordPress gratuitamente!","default_faq_hidden":"","app_template_category":[],"platform":"34","template_public_id":"","codecanyon_url":"","codecanyon_item_id":"","codecanyon_price":"","pricing_caption":"","pricing_elfsight_apps_hide_column":"","pricing_elfsight_apps_url":"","pricing_codecanyon_price_caption":"","integration_category":[],"integration_request_title":"","integration_request_cta":"","integration_platform":"","integrations":[],"platform_category":[],"video_schema_markup":"","price":"a partir de US$ 0\/m\u00eas","trial":"","benefits":[{"text":"Servi\u00e7o de instala\u00e7\u00e3o gratuito"},{"text":"Atendimento ao cliente competente"},{"text":"Garantia de devolu\u00e7\u00e3o do dinheiro em 14 dias"},{"text":"Desenvolvimento cont\u00ednuo"}],"button_url":"#demo","button_target_blank":"0","button_nofollow":"0","attributes":[{"name":"Instala\u00e7\u00f5es","content":"100,000 - 500,000","_state":"expanded"},{"name":"Responsivo","content":"Sim","_state":"expanded"},{"name":"Navegadores compat\u00edveis","content":"Firefox, Safari, Opera, Edge"}],"tags":[],"tags_disable_links":"0","hide_more_platforms":"","video_object":"","demo_hide_cta":"0","demo_hide_cloud_options":"0","pricing_title":"","pricing":[{"pricing_icon":"platform","pricing_title":"Elfsight Apps","pricing_title_caption":"Solu\u00e7\u00e3o independente de plataforma","pricing_price":"a partir de US$ 0\/m\u00eas","pricing_price_caption":"comece com um plano gratuito","pricing_benefits":[{"text":"Sites ilimitados"},{"text":"Suporte 24 horas por dia, 7 dias por semana e pontual"},{"text":"Suporte 24 horas por dia, 7 dias por semana e pontual"},{"text":"Oferta por tempo limitado para v\u00e1rios aplicativos"}],"pricing_button_text":"Adicionar ao site","pricing_button_url":"#demo","_state":"expanded"}],"related_apps_title":"","related_apps_hidden":"1","author":"","image":[],"title":"","job":"","social_networks":[]},"_links":{"self":[{"href":"https:\/\/elfsight.com\/pt\/wp-json\/wp\/v2\/pages\/4753","targetHints":{"allow":["GET"]}}],"collection":[{"href":"https:\/\/elfsight.com\/pt\/wp-json\/wp\/v2\/pages"}],"about":[{"href":"https:\/\/elfsight.com\/pt\/wp-json\/wp\/v2\/types\/page"}],"author":[{"embeddable":true,"href":"https:\/\/elfsight.com\/pt\/wp-json\/wp\/v2\/users\/9"}],"replies":[{"embeddable":true,"href":"https:\/\/elfsight.com\/pt\/wp-json\/wp\/v2\/comments?post=4753"}],"version-history":[{"count":2,"href":"https:\/\/elfsight.com\/pt\/wp-json\/wp\/v2\/pages\/4753\/revisions"}],"predecessor-version":[{"id":12203,"href":"https:\/\/elfsight.com\/pt\/wp-json\/wp\/v2\/pages\/4753\/revisions\/12203"}],"up":[{"embeddable":true,"href":"https:\/\/elfsight.com\/pt\/wp-json\/wp\/v2\/pages\/462"}],"wp:attachment":[{"href":"https:\/\/elfsight.com\/pt\/wp-json\/wp\/v2\/media?parent=4753"}],"curies":[{"name":"wp","href":"https:\/\/api.w.org\/{rel}","templated":true}]}}