{"id":4750,"date":"1970-01-01T00:00:00","date_gmt":"1970-01-01T00:00:00","guid":{"rendered":"https:\/\/elfsight.com\/pt\/?page_id=4750"},"modified":"2024-11-13T12:18:40","modified_gmt":"2024-11-13T12:18:40","slug":"wordpress","status":"publish","type":"page","link":"https:\/\/elfsight.com\/pt\/testimonials-slider-widget\/wordpress\/","title":{"rendered":"Testimonials Slider &#8211; WordPress"},"content":{"rendered":"<div class=\"application-platform-content-item-description application-platform-content-item\" id=\"description\" data-nav-section=\"description\"><h2>Incorpore o controle deslizante de depoimentos no WordPress com o widget Elfsight<\/h2><p>O controle deslizante de depoimentos \u00e9 um plugin simples para demonstrar o feedback de seus clientes sobre seu pr\u00f3prio site. Voc\u00ea pode usar diferentes tipos de prova social para tornar as avalia\u00e7\u00f5es confi\u00e1veis: nome do autor, foto, logotipo da empresa e at\u00e9 mesmo um link para o site.<\/p><p><b>Aumente a confian\u00e7a em seus produtos. demonstrando seus clientes satisfeitos.<\/b><\/p><ul><li><b>Aumente sua convers\u00e3o em at\u00e9 200%<\/b>.<br>Mostre feedback real e fa\u00e7a dele o ponto principal de sua mensagem para clientes. Revelar as avalia\u00e7\u00f5es exatamente onde os clientes tomam a decis\u00e3o de comprar seu servi\u00e7o ou registrar-se em seu site.<\/li><li><b>Lealdade de seus visitantes<\/b>.<br>Um de seus usu\u00e1rios deixou um coment\u00e1rio realmente convincente feedback sobre o seu neg\u00f3cio? Aproveite ao m\u00e1ximo e revele sua gratid\u00e3o, mostrando-a no site.<\/li><li><b>Prova social adicional<\/b>.<br>Um link de feedback para o Facebook, Google ou site do autor \u00e9 um detalhe que contribuir\u00e1 para maior credibilidade e confirmar\u00e1 que pessoas reais confiam em sua empresa.<\/li><\/ul><\/div><div class=\"faq\" data-component=\"FAQ\"><div class=\"faq-item\">\r\n\t\t\t\t\t<div class=\"faq-item-question\">\r\n\t\t\t\t\t\t<h3 class=\"faq-item-question-text\"> Como posso incorporar um Slider de Depoimentos no site WordPress <\/h3>\r\n\r\n\t\t\t\t\t\t<div class=\"faq-item-question-icon\"><\/div>\r\n\t\t\t\t\t<\/div>\r\n\r\n\t\t\t\t\t<div class=\"faq-item-answer\">\r\n\t\t\t\t\t\t<div class=\"faq-item-answer-text\"><p>A constru\u00e7\u00e3o da ferramenta ocorre dentro do site da Elfsight e voc\u00ea n\u00e3o precisa aprender a programar. Use a demonstra\u00e7\u00e3o online para personalizar sua ferramenta, obter o c\u00f3digo e integr\u00e1-lo ao seu site. <\/p><\/div>\r\n\t\t\t\t\t<\/div>\r\n\t\t\t\t<\/div><div class=\"faq-item\">\r\n\t\t\t\t\t<div class=\"faq-item-question\">\r\n\t\t\t\t\t\t<h3 class=\"faq-item-question-text\">As melhores maneiras de usar a integra\u00e7\u00e3o do widget de feedback<\/h3>\r\n\r\n\t\t\t\t\t\t<div class=\"faq-item-question-icon\"><\/div>\r\n\t\t\t\t\t<\/div>\r\n\r\n\t\t\t\t\t<div class=\"faq-item-answer\">\r\n\t\t\t\t\t\t<div class=\"faq-item-answer-text\"><p>Oferecemos uma infinidade de op\u00e7\u00f5es de personaliza\u00e7\u00e3o: widgets em grande escala para incorpora\u00e7\u00e3o na zona de conte\u00fado, widgets flutuantes com op\u00e7\u00f5es de rolagem, layouts de rodap\u00e9 do seu site, se\u00e7\u00e3o principal e todas as varia\u00e7\u00f5es de oportunidades verticais para barras laterais e menus. <\/p><\/div>\r\n\t\t\t\t\t<\/div>\r\n\t\t\t\t<\/div><div class=\"faq-item\">\r\n\t\t\t\t\t<div class=\"faq-item-question\">\r\n\t\t\t\t\t\t<h3 class=\"faq-item-question-text\">Existe uma op\u00e7\u00e3o para construir um widget Rotator ou Carousel Feedback por meio de seu editor? <\/h3>\r\n\r\n\t\t\t\t\t\t<div class=\"faq-item-question-icon\"><\/div>\r\n\t\t\t\t\t<\/div>\r\n\r\n\t\t\t\t\t<div class=\"faq-item-answer\">\r\n\t\t\t\t\t\t<div class=\"faq-item-answer-text\"><p>Voc\u00ea pode construir modifica\u00e7\u00f5es de qualquer widget. H\u00e1 uma infinidade de layouts \u00e0 sua disposi\u00e7\u00e3o no editor, e todos eles podem ser facilmente personalizados do jeito que voc\u00ea precisa. <\/p><\/div>\r\n\t\t\t\t\t<\/div>\r\n\t\t\t\t<\/div><\/div><div class=\"application-platform-content-item-features application-platform-content-item\" id=\"features\" data-nav-section=\"features\"><h2>Incorpore o controle deslizante de depoimentos no WordPress com o widget Elfsight<\/h2><p>Os recursos mais valiosos, que tornam o controle deslizante de depoimentos de nossos clientes o melhor plugin para qualquer site WordPress.<\/p><ul><li>Escolha um dos seis modelos de depoimentos prontos;<\/li><li>Use legenda para nome da empresa, cargo e outros dados;<\/li><li>Coloque um link para o site do autor para obter mais confian\u00e7a;<\/li><li>Escolha o layout Slider ou Grade dependendo de suas necessidades.<\/li><\/ul><p><a href=\"#demo\">Tente isso \u00e9 apresentado na demonstra\u00e7\u00e3o ao vivo<\/a><\/p><\/div><div class=\"application-platform-content-item-installation application-platform-content-item\" id=\"installation\" data-nav-section=\"installation\"><h2>Como adicionar o plugin de depoimentos ao site WordPress<\/h2><div class=\"viseo-container\"> <iframe width=\"720\" height=\"405\" src=\"https:\/\/www.youtube.com\/embed\/52QPDORGBZ4\" frameborder=\"0\" allowfullscreen=\"\"><\/iframe><\/div><p> Basta seguir as etapas abaixo para adicionar o widget no WordPress.<\/p> <ol><li><b>Execute nosso configurador gratuito e comece a moldar seu instrumento personalizado. <\/b><br> Determine a apar\u00eancia e as caracter\u00edsticas preferidas do widget e salve as corre\u00e7\u00f5es. <\/li> <li><b>Obtenha o c\u00f3digo exclusivo que aparece na caixa dos aplicativos Elfsight. <\/b><br> Ap\u00f3s a configura\u00e7\u00e3o do seu plugin pessoal de Depoimentos, copie o c\u00f3digo exclusivo do pop-up que aparece e guarde-o para uso posterior. <\/li> <li><b>Inscreva-se usando a ferramenta em seu site WordPress. <\/b><br> Insira o c\u00f3digo copiado recentemente em seu site e salve as corre\u00e7\u00f5es. <\/li> <li><b>Pronto! A configura\u00e7\u00e3o est\u00e1 totalmente conclu\u00edda. <\/b><br> Visite seu site para ver como a ferramenta est\u00e1 funcionando. <\/li><\/ol> <p>Encontrou alguma dificuldade ao adicionar ou ajustar depoimentos de clientes? Confira um tutorial detalhado sobre <a href=\"https:\/\/elfsight.com\/tutorials\/how-to-add-testimonials-slider-widget-to-wordpress\/\" target=\"_blank\" rel=\"noopener noreferrer\">Como para adicionar o plugin Testimonials Slider ao WordPress<\/a> ou dirija-se ao nosso Centro de Suporte.<\/p><\/div>","protected":false},"excerpt":{"rendered":"","protected":false},"author":9,"featured_media":0,"parent":559,"menu_order":0,"comment_status":"closed","ping_status":"closed","template":"templates\/template-application-platform.php","meta":{"publish_to_discourse":"","publish_post_category":"","wpdc_auto_publish_overridden":"","wpdc_topic_tags":"","wpdc_pin_topic":"","wpdc_pin_until":"","discourse_post_id":"","discourse_permalink":"","wpdc_publishing_response":"","wpdc_publishing_error":"","footnotes":""},"class_list":["post-4750","page","type-page","status-publish","hentry"],"yoast_head":"<!-- This site is optimized with the Yoast SEO plugin v25.3.1 - https:\/\/yoast.com\/wordpress\/plugins\/seo\/ -->\n<title>O melhor plugin WordPress Testimonial Slider para o seu site (de gra\u00e7a)<\/title>\n<meta name=\"description\" content=\"Confira o melhor plugin Testimonials Slider para WordPress totalmente gratuito. Configura\u00e7\u00e3o r\u00e1pida, sem nenhum conhecimento em desenvolvimento e levando apenas 3 minutos.\" \/>\n<meta name=\"robots\" content=\"index, follow, max-snippet:-1, max-image-preview:large, max-video-preview:-1\" \/>\n<link rel=\"canonical\" href=\"https:\/\/elfsight.com\/pt\/testimonials-slider-widget\/wordpress\/\" \/>\n<meta property=\"og:locale\" content=\"pt_PT\" \/>\n<meta property=\"og:type\" content=\"article\" \/>\n<meta property=\"og:title\" content=\"O melhor plugin WordPress Testimonial Slider para o seu site (de gra\u00e7a)\" \/>\n<meta property=\"og:description\" content=\"Confira o melhor plugin Testimonials Slider para WordPress totalmente gratuito. Configura\u00e7\u00e3o r\u00e1pida, sem nenhum conhecimento em desenvolvimento e levando apenas 3 minutos.\" \/>\n<meta property=\"og:url\" content=\"https:\/\/elfsight.com\/pt\/testimonials-slider-widget\/wordpress\/\" \/>\n<meta property=\"og:site_name\" content=\"Elfsight PT\" \/>\n<meta property=\"article:modified_time\" content=\"2024-11-13T12:18:40+00:00\" \/>\n<meta name=\"twitter:card\" content=\"summary_large_image\" \/>\n<meta name=\"twitter:label1\" content=\"Tempo estimado de leitura\" \/>\n\t<meta name=\"twitter:data1\" content=\"2 minutos\" \/>\n<!-- \/ Yoast SEO plugin. -->","yoast_head_json":{"title":"O melhor plugin WordPress Testimonial Slider para o seu site (de gra\u00e7a)","description":"Confira o melhor plugin Testimonials Slider para WordPress totalmente gratuito. Configura\u00e7\u00e3o r\u00e1pida, sem nenhum conhecimento em desenvolvimento e levando apenas 3 minutos.","robots":{"index":"index","follow":"follow","max-snippet":"max-snippet:-1","max-image-preview":"max-image-preview:large","max-video-preview":"max-video-preview:-1"},"canonical":"https:\/\/elfsight.com\/pt\/testimonials-slider-widget\/wordpress\/","og_locale":"pt_PT","og_type":"article","og_title":"O melhor plugin WordPress Testimonial Slider para o seu site (de gra\u00e7a)","og_description":"Confira o melhor plugin Testimonials Slider para WordPress totalmente gratuito. Configura\u00e7\u00e3o r\u00e1pida, sem nenhum conhecimento em desenvolvimento e levando apenas 3 minutos.","og_url":"https:\/\/elfsight.com\/pt\/testimonials-slider-widget\/wordpress\/","og_site_name":"Elfsight PT","article_modified_time":"2024-11-13T12:18:40+00:00","twitter_card":"summary_large_image","twitter_misc":{"Tempo estimado de leitura":"2 minutos"},"schema":{"@context":"https:\/\/schema.org","@graph":[{"@type":"WebPage","@id":"https:\/\/elfsight.com\/pt\/testimonials-slider-widget\/wordpress\/","url":"https:\/\/elfsight.com\/pt\/testimonials-slider-widget\/wordpress\/","name":"O melhor plugin WordPress Testimonial Slider para o seu site (de gra\u00e7a)","isPartOf":{"@id":"https:\/\/elfsight.com\/pt\/#website"},"datePublished":"1970-01-01T00:00:00+00:00","dateModified":"2024-11-13T12:18:40+00:00","description":"Confira o melhor plugin Testimonials Slider para WordPress totalmente gratuito. Configura\u00e7\u00e3o r\u00e1pida, sem nenhum conhecimento em desenvolvimento e levando apenas 3 minutos.","breadcrumb":{"@id":"https:\/\/elfsight.com\/pt\/testimonials-slider-widget\/wordpress\/#breadcrumb"},"inLanguage":"pt-PT","potentialAction":[{"@type":"ReadAction","target":["https:\/\/elfsight.com\/pt\/testimonials-slider-widget\/wordpress\/"]}]},{"@type":"BreadcrumbList","@id":"https:\/\/elfsight.com\/pt\/testimonials-slider-widget\/wordpress\/#breadcrumb","itemListElement":[{"@type":"ListItem","position":1,"name":"Home","item":"https:\/\/elfsight.com\/pt\/"},{"@type":"ListItem","position":2,"name":"Testimonials Slider","item":"https:\/\/elfsight.com\/pt\/testimonials-slider-widget\/"},{"@type":"ListItem","position":3,"name":"Testimonials Slider &#8211; WordPress"}]},{"@type":"WebSite","@id":"https:\/\/elfsight.com\/pt\/#website","url":"https:\/\/elfsight.com\/pt\/","name":"Elfsight PT","description":"Just another Elfsight Sites site","potentialAction":[{"@type":"SearchAction","target":{"@type":"EntryPoint","urlTemplate":"https:\/\/elfsight.com\/pt\/?s={search_term_string}"},"query-input":{"@type":"PropertyValueSpecification","valueRequired":true,"valueName":"search_term_string"}}],"inLanguage":"pt-PT"}]}},"meta_box":{"industry":"","seo_heading":"","heading":"","description":"","cta_heading":"","cta_description":"","application":"947","h1":"Plugin Slider de Depoimentos para WordPress","h1_caption":"O melhor widget para mostrar avalia\u00e7\u00f5es de seus clientes no site","application_category":[],"applications_title":"","applications_request_title":"","applications_request_button_text":"","hero_text":"","hero_video":"","hero_video_schema_markup":"","selling_points_title":"","selling_points_caption":"","selling_points":[],"selling_points_cta_text":"","features_title":"","features":"","ed_cta_examples_text":"","ed_cta_examples_hidden":"","ed_cta_demo_text":"","ed_cta_demo_hidden":"","why_caption":"","why_editor_title":"","why_editor_text":"","why_team_title":"","why_team_text":"","why_service_title":"","why_service_text":"","template_catalog_visible":"","template_catalog_title":"","template_catalog_text":"","template_catalog_categories_visible":"","demo_title":"Crie seu plugin Slider de Depoimentos","demo_caption":"Configure seu controle deslizante de depoimentos e adicione-o ao seu site WordPress gratuitamente!","default_faq_hidden":"","app_template_category":[],"platform":"34","template_public_id":"","codecanyon_url":"","codecanyon_item_id":"","codecanyon_price":"","pricing_caption":"","pricing_elfsight_apps_hide_column":"","pricing_elfsight_apps_url":"","pricing_codecanyon_price_caption":"","integration_category":[],"integration_request_title":"","integration_request_cta":"","integration_platform":"","integrations":[],"platform_category":[],"video_schema_markup":"","price":"a partir de US$ 0\/m\u00eas","trial":"","benefits":[{"text":"Servi\u00e7o de instala\u00e7\u00e3o gratuito"},{"text":"Suporte premium"},{"text":"Garantia de reembolso de 14 dias"},{"text":"Melhorias gratuitas cont\u00ednuas"}],"button_url":"#demo","button_target_blank":"0","button_nofollow":"0","attributes":[{"name":"Instala\u00e7\u00f5es","content":"10,000 - 100,000","_state":"expanded"},{"name":"Responsivo","content":"Sim","_state":"expanded"},{"name":"Navegadores compat\u00edveis","content":"Firefox, Safari, Opera, Chrome, Edge"}],"tags":[],"tags_disable_links":"0","hide_more_platforms":"","video_object":"","demo_hide_cta":"0","demo_hide_cloud_options":"0","pricing_title":"","pricing":[{"pricing_icon":"cloud","pricing_title":"Elfsight Apps","pricing_title_caption":"Software independente de plataforma que funciona em qualquer site","pricing_price":"a partir de US$ 0\/m\u00eas","pricing_price_caption":"comece com um plano gratuito","pricing_benefits":[{"text":"Dom\u00ednios ilimitados"},{"text":"Suporte r\u00e1pido e bem documentado"},{"text":"Suporte r\u00e1pido e bem documentado"},{"text":"Oferta especial para v\u00e1rios aplicativos"}],"pricing_button_text":"Adicionar ao site","pricing_button_url":"#demo","_state":"expanded"}],"related_apps_title":"","related_apps_hidden":"1","author":"","image":[],"title":"","job":"","social_networks":[]},"_links":{"self":[{"href":"https:\/\/elfsight.com\/pt\/wp-json\/wp\/v2\/pages\/4750","targetHints":{"allow":["GET"]}}],"collection":[{"href":"https:\/\/elfsight.com\/pt\/wp-json\/wp\/v2\/pages"}],"about":[{"href":"https:\/\/elfsight.com\/pt\/wp-json\/wp\/v2\/types\/page"}],"author":[{"embeddable":true,"href":"https:\/\/elfsight.com\/pt\/wp-json\/wp\/v2\/users\/9"}],"replies":[{"embeddable":true,"href":"https:\/\/elfsight.com\/pt\/wp-json\/wp\/v2\/comments?post=4750"}],"version-history":[{"count":2,"href":"https:\/\/elfsight.com\/pt\/wp-json\/wp\/v2\/pages\/4750\/revisions"}],"predecessor-version":[{"id":12301,"href":"https:\/\/elfsight.com\/pt\/wp-json\/wp\/v2\/pages\/4750\/revisions\/12301"}],"up":[{"embeddable":true,"href":"https:\/\/elfsight.com\/pt\/wp-json\/wp\/v2\/pages\/559"}],"wp:attachment":[{"href":"https:\/\/elfsight.com\/pt\/wp-json\/wp\/v2\/media?parent=4750"}],"curies":[{"name":"wp","href":"https:\/\/api.w.org\/{rel}","templated":true}]}}