{"id":4739,"date":"1970-01-01T00:00:00","date_gmt":"1970-01-01T00:00:00","guid":{"rendered":"https:\/\/elfsight.com\/pt\/?page_id=4739"},"modified":"2025-02-26T10:19:00","modified_gmt":"2025-02-26T10:19:00","slug":"woocommerce","status":"publish","type":"page","link":"https:\/\/elfsight.com\/pt\/tiktok-feed-widget\/woocommerce\/","title":{"rendered":"TikTok Feed &#8211; WooCommerce"},"content":{"rendered":"\n<div class=\"application-platform-content-item-description application-platform-content-item\" id=\"description\" data-nav-section=\"description\"> <h2>Descri\u00e7\u00e3o<\/h2> <p>Elfsight TiKTok Feed for WooCommerce \u00e9 um plugin especial para marketing n\u00e3o apenas de coisas, mas de emo\u00e7\u00f5es e experi\u00eancias. Ao utiliz\u00e1-lo voc\u00ea pode estabelecer um feed personalizado composto pelo seu conte\u00fado do TikTok \u2013 e exibi-lo direto no seu site. Forme uma galeria de v\u00eddeos com apenas alguns cliques! Aproveite o controle total sobre o conte\u00fado revelado e elimine spam e qualquer conte\u00fado indesejado usando modera\u00e7\u00e3o manual. O editor online totalmente responsivo oferece v\u00e1rios modelos para voc\u00ea escolher. <\/p> <p><b>Torne seu site mais bem-sucedido para metas de com\u00e9rcio eletr\u00f4nico com o TikTok Feed<\/b><\/p> <\/div> <div class=\"application-platform-content-item-features application-platform-content-item\" id=\"features\" data-nav-section=\"features\"> <h2>Os recursos essenciais do widget offer<\/h2> <ul><li>Oculte o cabe\u00e7alho para fazer seu widget parecer minimalista. <\/li><li>Livre-se de qualquer spam e conte\u00fado indesejado por meio do modo de modera\u00e7\u00e3o manual. <\/li><li>Defina o bot\u00e3o Seguir nos cart\u00f5es de ferramentas. <\/li><li>Fa\u00e7a suas postagens aparecerem em um pop-up. <\/li><\/ul><p><a href=\"#demo\">Voc\u00ea pode explorar todas as funcionalidades do plug-in na demonstra\u00e7\u00e3o aqui<\/a><\/p> <\/div> <div class=\"application-platform-content-item-instala\u00e7\u00e3o application-platform-content-item\" id=\"instala\u00e7\u00e3o\" data-nav-section=\"instala\u00e7\u00e3o\"> <h2>Como posso adicionar o TikTok Feed ao meu site WooCommerce? <\/h2> <p>Basta seguir as orienta\u00e7\u00f5es abaixo para inserir o plugin. <\/p> <ol><li><b>Realize nossa demonstra\u00e7\u00e3o gratuita e comece a criar seu plugin personalizado. <\/b><br> Escolha o design personalizado e a funcionalidade do widget e salve as corre\u00e7\u00f5es. <\/li> <li><b>Adquira o seu c\u00f3digo exclusivo que aparece no formul\u00e1rio especial nas aplica\u00e7\u00f5es Elfsight. <\/b><br> Assim que a configura\u00e7\u00e3o do seu plugin for conclu\u00edda, copie o c\u00f3digo pessoal na janela exibida e salve-o para uso posterior. <\/li> <li><b>Comece a aplicar o plugin em seu site WooCommerce. <\/b><br> Insira o c\u00f3digo que voc\u00ea salvou anteriormente em sua p\u00e1gina web e salve as modifica\u00e7\u00f5es. <\/li> <li><b>Pronto! A incorpora\u00e7\u00e3o foi finalizada com sucesso. <\/b><br> Visite seu site para ver como o plug-in est\u00e1 funcionando. <\/li><\/ol> <p>Caso tenha d\u00favidas ou tenha algum problema, n\u00e3o hesite em entrar em contato com nossa equipe de atendimento ao cliente. Nossos consultores est\u00e3o ansiosos para resolver todas as dificuldades que voc\u00ea possa ter com a ferramenta. <\/p> <\/div><div class=\"faq\" data-component=\"FAQ\"><div class=\"faq-item\">\r\n\t\t\t\t\t<div class=\"faq-item-question\">\r\n\t\t\t\t\t\t<h3 class=\"faq-item-question-text\">Existe uma op\u00e7\u00e3o para incorporar o TikTok Feed \u00e0 minha p\u00e1gina WooCommerce sem experi\u00eancia de codifica\u00e7\u00e3o?<\/h3>\r\n\r\n\t\t\t\t\t\t<div class=\"faq-item-question-icon\"><\/div>\r\n\t\t\t\t\t<\/div>\r\n\r\n\t\t\t\t\t<div class=\"faq-item-answer\">\r\n\t\t\t\t\t\t<div class=\"faq-item-answer-text\"><p>Elfsight A empresa oferece uma solu\u00e7\u00e3o que permite ao usu\u00e1rio gerar voc\u00ea mesmo um aplicativo TikTok Feed, veja como o processo \u00e9 descomplicado:<\/p><ul><li>V\u00e1 para a demonstra\u00e7\u00e3o on-line para estabelecer uma se\u00e7\u00e3o TikTok Feed que voc\u00ea gostaria de ver em seu WooCommerce p\u00e1gina da web.<\/li><li>Clique em um de nossos modelos pr\u00e9-concebidos e altere as configura\u00e7\u00f5es do feed do TikTok, altere o layout e a cor dos elementos, adicione seu conte\u00fado sem experi\u00eancia de codifica\u00e7\u00e3o.<\/li><li>Clique para salvar as configura\u00e7\u00f5es feitas no TikTok Feed e copiar o c\u00f3digo para instala\u00e7\u00e3o, que pode ser facilmente incorporado no site WooCommerce gratuitamente.<\/li><\/ul><p>Usando o Editor f\u00e1cil de usar em toda internet o usu\u00e1rio pode criar o TikTok Feed online e incorpor\u00e1-lo facilmente na p\u00e1gina da web WooCommerce. Voc\u00ea n\u00e3o deve pagar ou inserir os dados do seu cart\u00e3o para acessar nosso servi\u00e7o. Se voc\u00ea encontrar algum obst\u00e1culo em qualquer etapa, v\u00e1 em frente e fale com nosso suporte ao cliente.<\/p><\/div>\r\n\t\t\t\t\t<\/div>\r\n\t\t\t\t<\/div><\/div>\n","protected":false},"excerpt":{"rendered":"","protected":false},"author":9,"featured_media":0,"parent":1491,"menu_order":0,"comment_status":"closed","ping_status":"closed","template":"templates\/template-application-platform.php","meta":{"publish_to_discourse":"","publish_post_category":"","wpdc_auto_publish_overridden":"","wpdc_topic_tags":"","wpdc_pin_topic":"","wpdc_pin_until":"","discourse_post_id":"","discourse_permalink":"","wpdc_publishing_response":"","wpdc_publishing_error":"","footnotes":""},"class_list":["post-4739","page","type-page","status-publish","hentry"],"yoast_head":"<!-- This site is optimized with the Yoast SEO plugin v25.3.1 - https:\/\/yoast.com\/wordpress\/plugins\/seo\/ -->\n<title>Adicione o aplicativo TikTok Feed ao site WooCommerce (r\u00e1pido e gratuito)<\/title>\n<meta name=\"description\" content=\"Integre um plugin WooCommerce TikTok Feed responsivo em seu site. Experimente a demonstra\u00e7\u00e3o pr\u00e1tica da Elfsight e crie seu lindo aplicativo TikTok.\" \/>\n<meta name=\"robots\" content=\"index, follow, max-snippet:-1, max-image-preview:large, max-video-preview:-1\" \/>\n<link rel=\"canonical\" href=\"https:\/\/elfsight.com\/pt\/tiktok-feed-widget\/woocommerce\/\" \/>\n<meta property=\"og:locale\" content=\"pt_PT\" \/>\n<meta property=\"og:type\" content=\"article\" \/>\n<meta property=\"og:title\" content=\"Adicione o aplicativo TikTok Feed ao site WooCommerce (r\u00e1pido e gratuito)\" \/>\n<meta property=\"og:description\" content=\"Integre um plugin WooCommerce TikTok Feed responsivo em seu site. Experimente a demonstra\u00e7\u00e3o pr\u00e1tica da Elfsight e crie seu lindo aplicativo TikTok.\" \/>\n<meta property=\"og:url\" content=\"https:\/\/elfsight.com\/pt\/tiktok-feed-widget\/woocommerce\/\" \/>\n<meta property=\"og:site_name\" content=\"Elfsight PT\" \/>\n<meta property=\"article:modified_time\" content=\"2025-02-26T10:19:00+00:00\" \/>\n<meta name=\"twitter:card\" content=\"summary_large_image\" \/>\n<meta name=\"twitter:label1\" content=\"Tempo estimado de leitura\" \/>\n\t<meta name=\"twitter:data1\" content=\"3 minutos\" \/>\n<!-- \/ Yoast SEO plugin. -->","yoast_head_json":{"title":"Adicione o aplicativo TikTok Feed ao site WooCommerce (r\u00e1pido e gratuito)","description":"Integre um plugin WooCommerce TikTok Feed responsivo em seu site. Experimente a demonstra\u00e7\u00e3o pr\u00e1tica da Elfsight e crie seu lindo aplicativo TikTok.","robots":{"index":"index","follow":"follow","max-snippet":"max-snippet:-1","max-image-preview":"max-image-preview:large","max-video-preview":"max-video-preview:-1"},"canonical":"https:\/\/elfsight.com\/pt\/tiktok-feed-widget\/woocommerce\/","og_locale":"pt_PT","og_type":"article","og_title":"Adicione o aplicativo TikTok Feed ao site WooCommerce (r\u00e1pido e gratuito)","og_description":"Integre um plugin WooCommerce TikTok Feed responsivo em seu site. Experimente a demonstra\u00e7\u00e3o pr\u00e1tica da Elfsight e crie seu lindo aplicativo TikTok.","og_url":"https:\/\/elfsight.com\/pt\/tiktok-feed-widget\/woocommerce\/","og_site_name":"Elfsight PT","article_modified_time":"2025-02-26T10:19:00+00:00","twitter_card":"summary_large_image","twitter_misc":{"Tempo estimado de leitura":"3 minutos"},"schema":{"@context":"https:\/\/schema.org","@graph":[{"@type":"WebPage","@id":"https:\/\/elfsight.com\/pt\/tiktok-feed-widget\/woocommerce\/","url":"https:\/\/elfsight.com\/pt\/tiktok-feed-widget\/woocommerce\/","name":"Adicione o aplicativo TikTok Feed ao site WooCommerce (r\u00e1pido e gratuito)","isPartOf":{"@id":"https:\/\/elfsight.com\/pt\/#website"},"datePublished":"1970-01-01T00:00:00+00:00","dateModified":"2025-02-26T10:19:00+00:00","description":"Integre um plugin WooCommerce TikTok Feed responsivo em seu site. Experimente a demonstra\u00e7\u00e3o pr\u00e1tica da Elfsight e crie seu lindo aplicativo TikTok.","breadcrumb":{"@id":"https:\/\/elfsight.com\/pt\/tiktok-feed-widget\/woocommerce\/#breadcrumb"},"inLanguage":"pt-PT","potentialAction":[{"@type":"ReadAction","target":["https:\/\/elfsight.com\/pt\/tiktok-feed-widget\/woocommerce\/"]}]},{"@type":"BreadcrumbList","@id":"https:\/\/elfsight.com\/pt\/tiktok-feed-widget\/woocommerce\/#breadcrumb","itemListElement":[{"@type":"ListItem","position":1,"name":"Home","item":"https:\/\/elfsight.com\/pt\/"},{"@type":"ListItem","position":2,"name":"TikTok Feed","item":"https:\/\/elfsight.com\/pt\/tiktok-feed-widget\/"},{"@type":"ListItem","position":3,"name":"TikTok Feed &#8211; WooCommerce"}]},{"@type":"WebSite","@id":"https:\/\/elfsight.com\/pt\/#website","url":"https:\/\/elfsight.com\/pt\/","name":"Elfsight PT","description":"Just another Elfsight Sites site","potentialAction":[{"@type":"SearchAction","target":{"@type":"EntryPoint","urlTemplate":"https:\/\/elfsight.com\/pt\/?s={search_term_string}"},"query-input":{"@type":"PropertyValueSpecification","valueRequired":true,"valueName":"search_term_string"}}],"inLanguage":"pt-PT"}]}},"meta_box":{"industry":"","seo_heading":"","heading":"","description":"","cta_heading":"","cta_description":"","application":"1490","h1":"Plug-in WooCommerce TikTok Feed","h1_caption":"Exiba seu conte\u00fado do TikTok em seu site com facilidade!","application_category":[],"applications_title":"","applications_request_title":"","applications_request_button_text":"","hero_text":"","hero_video":"","hero_video_schema_markup":"","selling_points_title":"","selling_points_caption":"","selling_points":[],"selling_points_cta_text":"","features_title":"","features":"","ed_cta_examples_text":"","ed_cta_examples_hidden":"","ed_cta_demo_text":"","ed_cta_demo_hidden":"","why_caption":"","why_editor_title":"","why_editor_text":"","why_team_title":"","why_team_text":"","why_service_title":"","why_service_text":"","template_catalog_visible":"0","template_catalog_title":"","template_catalog_text":"","template_catalog_categories_visible":"","demo_title":"Crie seu aplicativo TikTok Feed","demo_caption":"Configure seu feed TikTok e adicione-o ao seu site WooCommerce gratuitamente!","default_faq_hidden":"","app_template_category":[],"platform":"4920","template_public_id":"","codecanyon_url":"","codecanyon_item_id":"","codecanyon_price":"","pricing_caption":"","pricing_elfsight_apps_hide_column":"","pricing_elfsight_apps_url":"","pricing_codecanyon_price_caption":"","integration_category":[],"integration_request_title":"","integration_request_cta":"","integration_platform":"","integrations":[],"platform_category":[],"video_schema_markup":"","price":"a partir de US$ 0\/m\u00eas","trial":"","benefits":[{"text":"Ajuda de instala\u00e7\u00e3o gratuita"},{"text":"Atendimento ao cliente competente"},{"text":"Garantia de devolu\u00e7\u00e3o do dinheiro em 14 dias"},{"text":"Atualizando constantemente"}],"button_url":"#demo","button_target_blank":"0","button_nofollow":"0","attributes":[{"name":"Instala\u00e7\u00f5es","content":"10,000 - 100,000","_state":"expanded"},{"name":"Responsivo","content":"Sim","_state":"expanded"},{"name":"Navegadores compat\u00edveis","content":"Firefox, Safari, Opera, Chrome, Edge"}],"tags":[],"tags_disable_links":"0","hide_more_platforms":"0","video_object":"","demo_hide_cta":"0","demo_hide_cloud_options":"0","pricing_title":"","pricing":[{"pricing_icon":"platform","pricing_title":"Elfsight Apps","pricing_title_caption":"Vers\u00e3o multiplataforma","pricing_price":"a partir de US$ 0\/m\u00eas","pricing_price_caption":"comece com um plano gratuito","pricing_benefits":[{"text":"Sites ilimitados"},{"text":"Suporte ao cliente r\u00e1pido e bem documentado"},{"text":"Suporte ao cliente r\u00e1pido e bem documentado"},{"text":"100% personaliz\u00e1vel"}],"pricing_button_text":"Adicionar ao site","pricing_button_url":"#demo","_state":"expanded"}],"related_apps_title":"","related_apps_hidden":"1","author":"","image":[],"title":"","job":"","social_networks":[]},"_links":{"self":[{"href":"https:\/\/elfsight.com\/pt\/wp-json\/wp\/v2\/pages\/4739","targetHints":{"allow":["GET"]}}],"collection":[{"href":"https:\/\/elfsight.com\/pt\/wp-json\/wp\/v2\/pages"}],"about":[{"href":"https:\/\/elfsight.com\/pt\/wp-json\/wp\/v2\/types\/page"}],"author":[{"embeddable":true,"href":"https:\/\/elfsight.com\/pt\/wp-json\/wp\/v2\/users\/9"}],"replies":[{"embeddable":true,"href":"https:\/\/elfsight.com\/pt\/wp-json\/wp\/v2\/comments?post=4739"}],"version-history":[{"count":3,"href":"https:\/\/elfsight.com\/pt\/wp-json\/wp\/v2\/pages\/4739\/revisions"}],"predecessor-version":[{"id":14003,"href":"https:\/\/elfsight.com\/pt\/wp-json\/wp\/v2\/pages\/4739\/revisions\/14003"}],"up":[{"embeddable":true,"href":"https:\/\/elfsight.com\/pt\/wp-json\/wp\/v2\/pages\/1491"}],"wp:attachment":[{"href":"https:\/\/elfsight.com\/pt\/wp-json\/wp\/v2\/media?parent=4739"}],"curies":[{"name":"wp","href":"https:\/\/api.w.org\/{rel}","templated":true}]}}