{"id":4734,"date":"1970-01-01T00:00:00","date_gmt":"1970-01-01T00:00:00","guid":{"rendered":"https:\/\/elfsight.com\/pt\/?page_id=4734"},"modified":"2025-12-01T10:10:56","modified_gmt":"2025-12-01T10:10:56","slug":"wix","status":"publish","type":"page","link":"https:\/\/elfsight.com\/pt\/testimonials-slider-widget\/wix\/","title":{"rendered":"Testimonials Slider &#8211; Wix"},"content":{"rendered":"<div class=\"application-platform-content-item-description application-platform-content-item\" id=\"description\" data-nav-section=\"description\"><h2>Descri\u00e7\u00e3o<\/h2><p>Testimonials Slider \u00e9 um aplicativo excelente para adicionar depoimentos de seus clientes em seu pr\u00f3prio site. Voc\u00ea \u00e9 livre para usar qualquer tipo de prova social para tornar os depoimentos confi\u00e1veis: nome do autor, foto, logotipo comercial da empresa e at\u00e9 mesmo um link para o site.<\/p><p><b>Aumente a confian\u00e7a em seu empresa, mostrando aos leitores suas avalia\u00e7\u00f5es honestas e positivas.<\/b><\/p><ul><li><b>Forte prova social<\/b>. Um link de feedback para o Facebook, LinkedIn ou blog do autor \u00e9 um ponto forte para os leitores, o que aumentar\u00e1 a credibilidade e provar\u00e1 que sua empresa \u00e9 confi\u00e1vel.<\/li><li><b>N\u00edvel de convers\u00e3o em at\u00e9 200%<\/b>. Transforme seu feedback em um ponto de tomada de decis\u00e3o, revelando-o exatamente onde os espectadores tomam a decis\u00e3o sobre o pedido ou a assinatura.<\/li><li><b>Mostre a avalia\u00e7\u00e3o de especialistas<\/b>. Voc\u00ea tem clientes cuja vis\u00e3o influenciar\u00e1 outros visitantes? Use-o para configurar depoimentos detalhados com dados completos sobre o autor e aumentar o n\u00edvel de vendas.<\/li><\/ul><\/div><div class=\"application-platform-content-item-features application-platform-content-item\" id=\"features\" data-nav-section=\"features\"><h2>Recursos<\/h2><p>Os destaques aspectos, que transformam nosso controle deslizante de depoimentos em um aplicativo essencial para qualquer site Wix.<\/p><ul><li>Use a URL do perfil do Facebook ou Twitter para provar que o autor \u00e9 da vida real;<\/li><li>Completo layout de largura para dar uma apar\u00eancia aparente;<\/li><li>Use legenda para nome da empresa, cargo e outros dados;<\/li><li>Aumente a credibilidade com um link para o site do autor.<\/li><\/ul><p><a href=\"#demo\">Experimente esses recursos na demonstra\u00e7\u00e3o ao vivo<\/a><\/p><\/div><div class=\"application-platform-content-item-installation application-platform-content-item\" id=\"installation\" data-nav-section=\"installation\"><h2>Como adicionar depoimentos ao site Wix<\/h2><div class=\"video-container\"><iframe width=\"720\" height=\"405\" src=\"https:\/\/www.youtube.com\/embed\/wPy3rhKiWCI?si=jykCohJOey4o-HoA\" frameborder=\"0\" allowfullscreen=\"\"><\/iframe><\/div><p>Nosso widget \u00e9 simples em termos de instala\u00e7\u00e3o e n\u00e3o requer nenhum conhecimento em desenvolvimento. A conclus\u00e3o do guia n\u00e3o levar\u00e1 mais de 2 minutos.<\/p><ol><li><b>Construa seu controle deslizante de depoimentos personalizado<\/b>.<br>Usando nosso <a href=\"#demo\">configurador gratuito<\/a>, crie um widget com design e fun\u00e7\u00f5es desejadas.<\/li><li><b>Adquira um c\u00f3digo para configurar o aplicativo<\/b>.<br>Ap\u00f3s a configura\u00e7\u00e3o do widget, obtenha um c\u00f3digo para o widget Depoimentos na janela pop-up dos aplicativos Elfsight.<\/li><li><b>Coloque o aplicativo no site Wix<\/b>.<br>Coloque o widget no local necess\u00e1rio do site e publique os resultados. <\/li><li><b>A configura\u00e7\u00e3o foi conclu\u00edda!<\/b><br>Entre no seu site para verificar seu trabalho.<\/li><\/ol><p>Encontrei alguma dificuldade ao incorporar ou configurar o aplicativo? Leia o tutorial abrangente sobre <a href=\"https:\/\/elfsight.com\/tutorials\/how-to-add-testimonials-slider-widget-to-wix\/\" target=\"_blank\" rel=\"noopener noreferrer\">exibindo Controle deslizante de depoimentos no Wix<\/a> ou entre em contato com nosso Centro de suporte.<\/p><div class=\"faq\" data-component=\"FAQ\"> <div class=\"faq-item\">\r\n\t\t\t\t\t<div class=\"faq-item-question\">\r\n\t\t\t\t\t\t<h3 class=\"faq-item-question-text\">Como adicionar o controle deslizante de depoimentos ao meu site Wix sem habilidades de codifica\u00e7\u00e3o?<\/h3>\r\n\r\n\t\t\t\t\t\t<div class=\"faq-item-question-icon\"><\/div>\r\n\t\t\t\t\t<\/div>\r\n\r\n\t\t\t\t\t<div class=\"faq-item-answer\">\r\n\t\t\t\t\t\t<div class=\"faq-item-answer-text\"> <p>A Elfsight fornece uma solu\u00e7\u00e3o SaaS que permite que voc\u00ea mesmo crie um widget Testimonials Slider, veja como o processo \u00e9 f\u00e1cil: Trabalhe diretamente no Editor online para criar um widget Testimonials Slider que voc\u00ea gostaria de ver em seu site Wix. Escolha um dos modelos predefinidos e ajuste as configura\u00e7\u00f5es do controle deslizante de depoimentos, adicione seu conte\u00fado, altere o layout e as cores sem habilidades de codifica\u00e7\u00e3o. Salve o controle deslizante de depoimentos e copie seu c\u00f3digo de instala\u00e7\u00e3o, que voc\u00ea pode colar facilmente em seu site Wix sem comprar uma assinatura paga. Com nosso editor intuitivo, qualquer usu\u00e1rio da Internet pode criar um widget Slider de Depoimentos online e incorpor\u00e1-lo facilmente ao seu site Wix. N\u00e3o h\u00e1 necessidade de pagar ou inserir as credenciais do seu cart\u00e3o para acessar o servi\u00e7o. Se voc\u00ea enfrentar qualquer problema em qualquer etapa, n\u00e3o hesite em entrar em contato com nossa equipe de suporte t\u00e9cnico.<\/p> <\/div>\r\n\t\t\t\t\t<\/div>\r\n\t\t\t\t<\/div> <\/div> <\/div>","protected":false},"excerpt":{"rendered":"","protected":false},"author":9,"featured_media":0,"parent":559,"menu_order":0,"comment_status":"closed","ping_status":"closed","template":"templates\/template-application-platform.php","meta":{"publish_to_discourse":"","publish_post_category":"","wpdc_auto_publish_overridden":"","wpdc_topic_tags":"","wpdc_pin_topic":"","wpdc_pin_until":"","discourse_post_id":"","discourse_permalink":"","wpdc_publishing_response":"","wpdc_publishing_error":"","footnotes":""},"class_list":["post-4734","page","type-page","status-publish","hentry"],"yoast_head":"<!-- This site is optimized with the Yoast SEO plugin v25.3.1 - https:\/\/yoast.com\/wordpress\/plugins\/seo\/ -->\n<title>Controle deslizante de depoimentos \u2013 Adicionar aplicativo de depoimentos ao site WIX<\/title>\n<meta name=\"description\" content=\"Experimente o melhor aplicativo Testimonials Slider para Wix gratuitamente. Uma configura\u00e7\u00e3o descomplicada e r\u00e1pida, sem necessidade de conhecimento em desenvolvimento web - em apenas 1 minuto.\" \/>\n<meta name=\"robots\" content=\"index, follow, max-snippet:-1, max-image-preview:large, max-video-preview:-1\" \/>\n<link rel=\"canonical\" href=\"https:\/\/elfsight.com\/pt\/testimonials-slider-widget\/wix\/\" \/>\n<meta property=\"og:locale\" content=\"pt_PT\" \/>\n<meta property=\"og:type\" content=\"article\" \/>\n<meta property=\"og:title\" content=\"Controle deslizante de depoimentos \u2013 Adicionar aplicativo de depoimentos ao site WIX\" \/>\n<meta property=\"og:description\" content=\"Experimente o melhor aplicativo Testimonials Slider para Wix gratuitamente. Uma configura\u00e7\u00e3o descomplicada e r\u00e1pida, sem necessidade de conhecimento em desenvolvimento web - em apenas 1 minuto.\" \/>\n<meta property=\"og:url\" content=\"https:\/\/elfsight.com\/pt\/testimonials-slider-widget\/wix\/\" \/>\n<meta property=\"og:site_name\" content=\"Elfsight PT\" \/>\n<meta property=\"article:modified_time\" content=\"2025-12-01T10:10:56+00:00\" \/>\n<meta name=\"twitter:card\" content=\"summary_large_image\" \/>\n<meta name=\"twitter:label1\" content=\"Tempo estimado de leitura\" \/>\n\t<meta name=\"twitter:data1\" content=\"4 minutos\" \/>\n<!-- \/ Yoast SEO plugin. -->","yoast_head_json":{"title":"Controle deslizante de depoimentos \u2013 Adicionar aplicativo de depoimentos ao site WIX","description":"Experimente o melhor aplicativo Testimonials Slider para Wix gratuitamente. Uma configura\u00e7\u00e3o descomplicada e r\u00e1pida, sem necessidade de conhecimento em desenvolvimento web - em apenas 1 minuto.","robots":{"index":"index","follow":"follow","max-snippet":"max-snippet:-1","max-image-preview":"max-image-preview:large","max-video-preview":"max-video-preview:-1"},"canonical":"https:\/\/elfsight.com\/pt\/testimonials-slider-widget\/wix\/","og_locale":"pt_PT","og_type":"article","og_title":"Controle deslizante de depoimentos \u2013 Adicionar aplicativo de depoimentos ao site WIX","og_description":"Experimente o melhor aplicativo Testimonials Slider para Wix gratuitamente. Uma configura\u00e7\u00e3o descomplicada e r\u00e1pida, sem necessidade de conhecimento em desenvolvimento web - em apenas 1 minuto.","og_url":"https:\/\/elfsight.com\/pt\/testimonials-slider-widget\/wix\/","og_site_name":"Elfsight PT","article_modified_time":"2025-12-01T10:10:56+00:00","twitter_card":"summary_large_image","twitter_misc":{"Tempo estimado de leitura":"4 minutos"},"schema":{"@context":"https:\/\/schema.org","@graph":[{"@type":"WebPage","@id":"https:\/\/elfsight.com\/pt\/testimonials-slider-widget\/wix\/","url":"https:\/\/elfsight.com\/pt\/testimonials-slider-widget\/wix\/","name":"Controle deslizante de depoimentos \u2013 Adicionar aplicativo de depoimentos ao site WIX","isPartOf":{"@id":"https:\/\/elfsight.com\/pt\/#website"},"datePublished":"1970-01-01T00:00:00+00:00","dateModified":"2025-12-01T10:10:56+00:00","description":"Experimente o melhor aplicativo Testimonials Slider para Wix gratuitamente. Uma configura\u00e7\u00e3o descomplicada e r\u00e1pida, sem necessidade de conhecimento em desenvolvimento web - em apenas 1 minuto.","breadcrumb":{"@id":"https:\/\/elfsight.com\/pt\/testimonials-slider-widget\/wix\/#breadcrumb"},"inLanguage":"pt-PT","potentialAction":[{"@type":"ReadAction","target":["https:\/\/elfsight.com\/pt\/testimonials-slider-widget\/wix\/"]}]},{"@type":"BreadcrumbList","@id":"https:\/\/elfsight.com\/pt\/testimonials-slider-widget\/wix\/#breadcrumb","itemListElement":[{"@type":"ListItem","position":1,"name":"Home","item":"https:\/\/elfsight.com\/pt\/"},{"@type":"ListItem","position":2,"name":"Testimonials Slider","item":"https:\/\/elfsight.com\/pt\/testimonials-slider-widget\/"},{"@type":"ListItem","position":3,"name":"Testimonials Slider &#8211; Wix"}]},{"@type":"WebSite","@id":"https:\/\/elfsight.com\/pt\/#website","url":"https:\/\/elfsight.com\/pt\/","name":"Elfsight PT","description":"Just another Elfsight Sites site","potentialAction":[{"@type":"SearchAction","target":{"@type":"EntryPoint","urlTemplate":"https:\/\/elfsight.com\/pt\/?s={search_term_string}"},"query-input":{"@type":"PropertyValueSpecification","valueRequired":true,"valueName":"search_term_string"}}],"inLanguage":"pt-PT"}]}},"meta_box":{"industry":"","seo_heading":"","heading":"","description":"","cta_heading":"","cta_description":"","application":"947","h1":"Aplicativo Slider de depoimentos para Wix","h1_caption":"Aumente a credibilidade do seu site e melhore a reputa\u00e7\u00e3o da sua empresa","application_category":[],"applications_title":"","applications_request_title":"","applications_request_button_text":"","hero_text":"","hero_video":"","hero_video_schema_markup":"","selling_points_title":"","selling_points_caption":"","selling_points":[],"selling_points_cta_text":"","features_title":"","features":"","ed_cta_examples_text":"","ed_cta_examples_hidden":"","ed_cta_demo_text":"","ed_cta_demo_hidden":"","why_caption":"","why_editor_title":"","why_editor_text":"","why_team_title":"","why_team_text":"","why_service_title":"","why_service_text":"","template_catalog_visible":"0","template_catalog_title":"","template_catalog_text":"","template_catalog_categories_visible":"","demo_title":"Crie seu aplicativo Slider de Depoimentos","demo_caption":"Configure seu controle deslizante de depoimentos e adicione-o ao seu site Wix gratuitamente!","default_faq_hidden":"","app_template_category":[],"platform":"37","template_public_id":"","codecanyon_url":"","codecanyon_item_id":"","codecanyon_price":"","pricing_caption":"","pricing_elfsight_apps_hide_column":"","pricing_elfsight_apps_url":"","pricing_codecanyon_price_caption":"","integration_category":[],"integration_request_title":"","integration_request_cta":"","integration_platform":"","integrations":[],"platform_category":[],"video_schema_markup":"","price":"a partir de US$ 0\/m\u00eas","trial":"","benefits":[{"text":"Servi\u00e7o de instala\u00e7\u00e3o gratuito"},{"text":"Suporte ao cliente experiente"},{"text":"Garantia de reembolso de 14 dias"},{"text":"Atualiza\u00e7\u00f5es regulares"}],"button_url":"#demo","button_target_blank":"0","button_nofollow":"0","attributes":[{"name":"Instala\u00e7\u00f5es","content":"10,000 - 100,000","_state":"expanded"},{"name":"Responsivo","content":"Sim","_state":"expanded"},{"name":"Navegadores compat\u00edveis","content":"Chrome, Edge, Safari, Firefox, Opera"}],"tags":[],"tags_disable_links":"0","hide_more_platforms":"0","video_object":"","demo_hide_cta":"0","demo_hide_cloud_options":"0","pricing_title":"","pricing":[{"pricing_icon":"platform","pricing_title":"Elfsight apps","pricing_title_caption":"Vers\u00e3o multiplataforma","pricing_price":"a partir de US$ 0\/m\u00eas","pricing_price_caption":"comece com plano gratuito","pricing_benefits":[{"text":"Dom\u00ednios ilimitados"},{"text":"Suporte r\u00e1pido"},{"text":"Suporte r\u00e1pido"},{"text":"Oferta especial para v\u00e1rios aplicativos"}],"pricing_button_text":"Adicionar ao site","pricing_button_url":"#demo","_state":"expanded"}],"related_apps_title":"","related_apps_hidden":"1","author":"","image":[],"title":"","job":"","social_networks":[]},"_links":{"self":[{"href":"https:\/\/elfsight.com\/pt\/wp-json\/wp\/v2\/pages\/4734","targetHints":{"allow":["GET"]}}],"collection":[{"href":"https:\/\/elfsight.com\/pt\/wp-json\/wp\/v2\/pages"}],"about":[{"href":"https:\/\/elfsight.com\/pt\/wp-json\/wp\/v2\/types\/page"}],"author":[{"embeddable":true,"href":"https:\/\/elfsight.com\/pt\/wp-json\/wp\/v2\/users\/9"}],"replies":[{"embeddable":true,"href":"https:\/\/elfsight.com\/pt\/wp-json\/wp\/v2\/comments?post=4734"}],"version-history":[{"count":3,"href":"https:\/\/elfsight.com\/pt\/wp-json\/wp\/v2\/pages\/4734\/revisions"}],"predecessor-version":[{"id":15177,"href":"https:\/\/elfsight.com\/pt\/wp-json\/wp\/v2\/pages\/4734\/revisions\/15177"}],"up":[{"embeddable":true,"href":"https:\/\/elfsight.com\/pt\/wp-json\/wp\/v2\/pages\/559"}],"wp:attachment":[{"href":"https:\/\/elfsight.com\/pt\/wp-json\/wp\/v2\/media?parent=4734"}],"curies":[{"name":"wp","href":"https:\/\/api.w.org\/{rel}","templated":true}]}}