{"id":4729,"date":"1970-01-01T00:00:00","date_gmt":"1970-01-01T00:00:00","guid":{"rendered":"https:\/\/elfsight.com\/pt\/?page_id=4729"},"modified":"2024-11-13T11:19:55","modified_gmt":"2024-11-13T11:19:55","slug":"weebly","status":"publish","type":"page","link":"https:\/\/elfsight.com\/pt\/social-feed-widget\/weebly\/","title":{"rendered":"Social Feed &#8211; Weebly"},"content":{"rendered":"<div class=\"application-platform-content-item-description application-platform-content-item\" id=\"description\" data-nav-section=\"description\"> <h2>Descri\u00e7\u00e3o<\/h2> <p>Elfsight Social Feed for Weebly \u00e9 um aplicativo especial para promover n\u00e3o apenas coisas, mas emo\u00e7\u00f5es e experi\u00eancias. Com ele voc\u00ea pode criar um feed individualizado composto por conte\u00fado de diversas fontes: Instagram, Pinterest, Facebook, Twitter, Tumblr, YouTube, Vimeo &#8211; e exibi-lo diretamente no seu site. Crie uma galeria ou cat\u00e1logo de produtos em poucos minutos! Aproveite o controle absoluto sobre um conte\u00fado demonstrado com diferentes op\u00e7\u00f5es de filtro e elimine spam e qualquer conte\u00fado indesejado usando modera\u00e7\u00e3o manual. O configurador online totalmente responsivo oferece v\u00e1rios modelos para voc\u00ea escolher. <\/p> <p><b>Torne seu site mais eficaz para objetivos de neg\u00f3cios com o Social Wall<\/b><\/p> <\/div> <div class=\"application-platform-content-item-features application-platform-content-item\" id=\"features\" data-nav-section=\"features\"> <h2>Essas s\u00e3o apenas algumas das recursos poderosos do aplicativo: <\/h2> <ul><li>Apresente seu conte\u00fado de m\u00eddia social de v\u00e1rias m\u00eddias sociais. <\/li><li>Remova qualquer spam e conte\u00fado indesejado aplicando o modo de modera\u00e7\u00e3o manual. <\/li><li>Coloque o bot\u00e3o Seguir no feed do widget. <\/li><li>Deixe suas postagens aparecerem em modo pop-up. <\/li><\/ul><p><a href=\"#demo\">Explore todas as configura\u00e7\u00f5es na demonstra\u00e7\u00e3o completa<\/a><\/p> <\/div> <div class=\"application-platform-content-item-installation application-platform-content-item\" id=\"installation\" data-nav-section=\"installation\"> <h2>Como incorporar um aplicativo Social Media Feed ao meu site Weebly? <\/h2> <p>Basta seguir as instru\u00e7\u00f5es abaixo para integrar a ferramenta. <\/p> <ol><li><b>Fa\u00e7a nossa demonstra\u00e7\u00e3o gratuita e comece a criar seu aplicativo personalizado. <\/b><br> Escolha a interface selecionada e os recursos do widget e salve as edi\u00e7\u00f5es. <\/li> <li><b>Copie o seu c\u00f3digo pessoal revelado na janela das aplica\u00e7\u00f5es Elfsight. <\/b><br> Terminada a gera\u00e7\u00e3o da sua ferramenta, copie o c\u00f3digo pessoal da caixa que surgiu e salve-o para uso posterior. <\/li> <li><b>Iniciar a utiliza\u00e7\u00e3o do aplicativo Social Wall no site do Weebly. <\/b><br> Insira o c\u00f3digo salvo anteriormente em seu site e aplique as edi\u00e7\u00f5es. <\/li> <li><b>Pronto! A configura\u00e7\u00e3o foi realizada com sucesso. <\/b><br> Visite sua p\u00e1gina da web para examinar o desempenho da ferramenta. <\/li><\/ol> <p>Se voc\u00ea encontrar alguma dificuldade, entre em contato com nossa equipe de suporte. Nossos consultores est\u00e3o ansiosos para ajud\u00e1-lo com todas as d\u00favidas que voc\u00ea possa ter sobre o produto. <\/p> <\/div><div class=\"faq\" data-component=\"FAQ\"><div class=\"faq-item\">\r\n\t\t\t\t\t<div class=\"faq-item-question\">\r\n\t\t\t\t\t\t<h3 class=\"faq-item-question-text\">Como adicionar Social Feed ao meu site Weebly sem codifica\u00e7\u00e3o?<\/h3>\r\n\r\n\t\t\t\t\t\t<div class=\"faq-item-question-icon\"><\/div>\r\n\t\t\t\t\t<\/div>\r\n\r\n\t\t\t\t\t<div class=\"faq-item-answer\">\r\n\t\t\t\t\t\t<div class=\"faq-item-answer-text\"><p>A empresa Elfsight fornece uma solu\u00e7\u00e3o SaaS que permite que os usu\u00e1rios estabele\u00e7am um plug-in de feed social, verifique o guia simples: <\/p><ul><li>V\u00e1 para a demonstra\u00e7\u00e3o on-line para criar um widget de feed social que voc\u00ea gostaria que aparecesse no Weebly.<\/li><li> Escolha um dos modelos prontos e ajuste as configura\u00e7\u00f5es do Social Feed, adicione seu conte\u00fado, altere o layout e o esquema de cores sem codifica\u00e7\u00e3o.<\/li><li>Salve o Social Feed e copie o c\u00f3digo de instala\u00e7\u00e3o do widget, que voc\u00ea pode simplesmente cole em seu site do Weebly em um plano gratuito.<\/li><\/ul><p>Trabalhando em nosso editor intuitivo, qualquer usu\u00e1rio da Internet pode criar um feed social e incorpor\u00e1-lo prontamente \u00e0 p\u00e1gina inicial do Weebly. Voc\u00ea n\u00e3o deve pagar ou divulgar os dados do seu cart\u00e3o para entrar no servi\u00e7o Elfsight. Se voc\u00ea tiver algum tipo de problema, sinta-se \u00e0 vontade para entrar em contato com nosso suporte ao cliente.<\/p><\/div>\r\n\t\t\t\t\t<\/div>\r\n\t\t\t\t<\/div><\/div>","protected":false},"excerpt":{"rendered":"","protected":false},"author":9,"featured_media":0,"parent":462,"menu_order":0,"comment_status":"closed","ping_status":"closed","template":"templates\/template-application-platform.php","meta":{"publish_to_discourse":"","publish_post_category":"","wpdc_auto_publish_overridden":"","wpdc_topic_tags":"","wpdc_pin_topic":"","wpdc_pin_until":"","discourse_post_id":"","discourse_permalink":"","wpdc_publishing_response":"","wpdc_publishing_error":"","footnotes":""},"class_list":["post-4729","page","type-page","status-publish","hentry"],"yoast_head":"<!-- This site is optimized with the Yoast SEO plugin v25.3.1 - https:\/\/yoast.com\/wordpress\/plugins\/seo\/ -->\n<title>Adicione o aplicativo Social Wall ao site do Weebly (r\u00e1pido e gratuito)<\/title>\n<meta name=\"description\" content=\"Incorpore um aplicativo Weebly Social Feed f\u00e1cil de gerenciar ao seu site Weebly. Experimente a demonstra\u00e7\u00e3o pr\u00e1tica da Elfsight e crie seu lindo aplicativo Social Wall.\" \/>\n<meta name=\"robots\" content=\"index, follow, max-snippet:-1, max-image-preview:large, max-video-preview:-1\" \/>\n<link rel=\"canonical\" href=\"https:\/\/elfsight.com\/pt\/social-feed-widget\/weebly\/\" \/>\n<meta property=\"og:locale\" content=\"pt_PT\" \/>\n<meta property=\"og:type\" content=\"article\" \/>\n<meta property=\"og:title\" content=\"Adicione o aplicativo Social Wall ao site do Weebly (r\u00e1pido e gratuito)\" \/>\n<meta property=\"og:description\" content=\"Incorpore um aplicativo Weebly Social Feed f\u00e1cil de gerenciar ao seu site Weebly. Experimente a demonstra\u00e7\u00e3o pr\u00e1tica da Elfsight e crie seu lindo aplicativo Social Wall.\" \/>\n<meta property=\"og:url\" content=\"https:\/\/elfsight.com\/pt\/social-feed-widget\/weebly\/\" \/>\n<meta property=\"og:site_name\" content=\"Elfsight PT\" \/>\n<meta property=\"article:modified_time\" content=\"2024-11-13T11:19:55+00:00\" \/>\n<meta name=\"twitter:card\" content=\"summary_large_image\" \/>\n<meta name=\"twitter:label1\" content=\"Tempo estimado de leitura\" \/>\n\t<meta name=\"twitter:data1\" content=\"2 minutos\" \/>\n<!-- \/ Yoast SEO plugin. -->","yoast_head_json":{"title":"Adicione o aplicativo Social Wall ao site do Weebly (r\u00e1pido e gratuito)","description":"Incorpore um aplicativo Weebly Social Feed f\u00e1cil de gerenciar ao seu site Weebly. Experimente a demonstra\u00e7\u00e3o pr\u00e1tica da Elfsight e crie seu lindo aplicativo Social Wall.","robots":{"index":"index","follow":"follow","max-snippet":"max-snippet:-1","max-image-preview":"max-image-preview:large","max-video-preview":"max-video-preview:-1"},"canonical":"https:\/\/elfsight.com\/pt\/social-feed-widget\/weebly\/","og_locale":"pt_PT","og_type":"article","og_title":"Adicione o aplicativo Social Wall ao site do Weebly (r\u00e1pido e gratuito)","og_description":"Incorpore um aplicativo Weebly Social Feed f\u00e1cil de gerenciar ao seu site Weebly. Experimente a demonstra\u00e7\u00e3o pr\u00e1tica da Elfsight e crie seu lindo aplicativo Social Wall.","og_url":"https:\/\/elfsight.com\/pt\/social-feed-widget\/weebly\/","og_site_name":"Elfsight PT","article_modified_time":"2024-11-13T11:19:55+00:00","twitter_card":"summary_large_image","twitter_misc":{"Tempo estimado de leitura":"2 minutos"},"schema":{"@context":"https:\/\/schema.org","@graph":[{"@type":"WebPage","@id":"https:\/\/elfsight.com\/pt\/social-feed-widget\/weebly\/","url":"https:\/\/elfsight.com\/pt\/social-feed-widget\/weebly\/","name":"Adicione o aplicativo Social Wall ao site do Weebly (r\u00e1pido e gratuito)","isPartOf":{"@id":"https:\/\/elfsight.com\/pt\/#website"},"datePublished":"1970-01-01T00:00:00+00:00","dateModified":"2024-11-13T11:19:55+00:00","description":"Incorpore um aplicativo Weebly Social Feed f\u00e1cil de gerenciar ao seu site Weebly. Experimente a demonstra\u00e7\u00e3o pr\u00e1tica da Elfsight e crie seu lindo aplicativo Social Wall.","breadcrumb":{"@id":"https:\/\/elfsight.com\/pt\/social-feed-widget\/weebly\/#breadcrumb"},"inLanguage":"pt-PT","potentialAction":[{"@type":"ReadAction","target":["https:\/\/elfsight.com\/pt\/social-feed-widget\/weebly\/"]}]},{"@type":"BreadcrumbList","@id":"https:\/\/elfsight.com\/pt\/social-feed-widget\/weebly\/#breadcrumb","itemListElement":[{"@type":"ListItem","position":1,"name":"Home","item":"https:\/\/elfsight.com\/pt\/"},{"@type":"ListItem","position":2,"name":"Social Feed","item":"https:\/\/elfsight.com\/pt\/social-feed-widget\/"},{"@type":"ListItem","position":3,"name":"Social Feed &#8211; Weebly"}]},{"@type":"WebSite","@id":"https:\/\/elfsight.com\/pt\/#website","url":"https:\/\/elfsight.com\/pt\/","name":"Elfsight PT","description":"Just another Elfsight Sites site","potentialAction":[{"@type":"SearchAction","target":{"@type":"EntryPoint","urlTemplate":"https:\/\/elfsight.com\/pt\/?s={search_term_string}"},"query-input":{"@type":"PropertyValueSpecification","valueRequired":true,"valueName":"search_term_string"}}],"inLanguage":"pt-PT"}]}},"meta_box":{"industry":"","seo_heading":"","heading":"","description":"","cta_heading":"","cta_description":"","application":"461","h1":"Aplicativo Weebly de feed de m\u00eddia social","h1_caption":"Revele suas publica\u00e7\u00f5es em todas as m\u00eddias sociais populares","application_category":[],"applications_title":"","applications_request_title":"","applications_request_button_text":"","hero_text":"","hero_video":"","hero_video_schema_markup":"","selling_points_title":"","selling_points_caption":"","selling_points":[],"selling_points_cta_text":"","features_title":"","features":"","ed_cta_examples_text":"","ed_cta_examples_hidden":"","ed_cta_demo_text":"","ed_cta_demo_hidden":"","why_caption":"","why_editor_title":"","why_editor_text":"","why_team_title":"","why_team_text":"","why_service_title":"","why_service_text":"","template_catalog_visible":"","template_catalog_title":"","template_catalog_text":"","template_catalog_categories_visible":"","demo_title":"Crie seu aplicativo de feed social","demo_caption":"Configure seu feed social e adicione-o ao seu site do Weebly gratuitamente!","default_faq_hidden":"","app_template_category":[],"platform":"73","template_public_id":"","codecanyon_url":"","codecanyon_item_id":"","codecanyon_price":"","pricing_caption":"","pricing_elfsight_apps_hide_column":"","pricing_elfsight_apps_url":"","pricing_codecanyon_price_caption":"","integration_category":[],"integration_request_title":"","integration_request_cta":"","integration_platform":"","integrations":[],"platform_category":[],"video_schema_markup":"","price":"a partir de US$ 0\/m\u00eas","trial":"","benefits":[{"text":"Ajuda de instala\u00e7\u00e3o gratuita"},{"text":"Suporte premium"},{"text":"Garantia de reembolso de 14 dias"},{"text":"Atualiza\u00e7\u00f5es cont\u00ednuas"}],"button_url":"#demo","button_target_blank":"0","button_nofollow":"0","attributes":[{"name":"Instala\u00e7\u00f5es","content":"100,000 - 500,000","_state":"expanded"},{"name":"Responsivo","content":"Sim","_state":"expanded"},{"name":"Navegadores compat\u00edveis","content":"Firefox, Safari, Opera, Edge"}],"tags":[],"tags_disable_links":"0","hide_more_platforms":"","video_object":"","demo_hide_cta":"0","demo_hide_cloud_options":"0","pricing_title":"","pricing":[{"pricing_icon":"platform","pricing_title":"Elfsight Apps","pricing_title_caption":"Solu\u00e7\u00e3o digital multiplataforma","pricing_price":"a partir de US$ 0\/m\u00eas","pricing_price_caption":"comece com um plano gratuito","pricing_benefits":[{"text":"Dom\u00ednios ilimitados"},{"text":"Suporte r\u00e1pido \u00e0 empresa"},{"text":"Suporte r\u00e1pido \u00e0 empresa"},{"text":"Oferta especial para v\u00e1rios aplicativos"}],"pricing_button_text":"Adicionar ao site","pricing_button_url":"#demo","_state":"expanded"}],"related_apps_title":"","related_apps_hidden":"1","author":"","image":[],"title":"","job":"","social_networks":[]},"_links":{"self":[{"href":"https:\/\/elfsight.com\/pt\/wp-json\/wp\/v2\/pages\/4729","targetHints":{"allow":["GET"]}}],"collection":[{"href":"https:\/\/elfsight.com\/pt\/wp-json\/wp\/v2\/pages"}],"about":[{"href":"https:\/\/elfsight.com\/pt\/wp-json\/wp\/v2\/types\/page"}],"author":[{"embeddable":true,"href":"https:\/\/elfsight.com\/pt\/wp-json\/wp\/v2\/users\/9"}],"replies":[{"embeddable":true,"href":"https:\/\/elfsight.com\/pt\/wp-json\/wp\/v2\/comments?post=4729"}],"version-history":[{"count":2,"href":"https:\/\/elfsight.com\/pt\/wp-json\/wp\/v2\/pages\/4729\/revisions"}],"predecessor-version":[{"id":12205,"href":"https:\/\/elfsight.com\/pt\/wp-json\/wp\/v2\/pages\/4729\/revisions\/12205"}],"up":[{"embeddable":true,"href":"https:\/\/elfsight.com\/pt\/wp-json\/wp\/v2\/pages\/462"}],"wp:attachment":[{"href":"https:\/\/elfsight.com\/pt\/wp-json\/wp\/v2\/media?parent=4729"}],"curies":[{"name":"wp","href":"https:\/\/api.w.org\/{rel}","templated":true}]}}