{"id":4728,"date":"1970-01-01T00:00:00","date_gmt":"1970-01-01T00:00:00","guid":{"rendered":"https:\/\/elfsight.com\/pt\/?page_id=4728"},"modified":"2024-11-13T12:14:28","modified_gmt":"2024-11-13T12:14:28","slug":"weebly","status":"publish","type":"page","link":"https:\/\/elfsight.com\/pt\/social-media-share-buttons\/weebly\/","title":{"rendered":"Social Share Buttons &#8211; Weebly"},"content":{"rendered":"<div class=\"application-platform-content-item-description application-platform-content-item\" id=\"description\" data-nav-section=\"description\"><h2>Descri\u00e7\u00e3o<\/h2><p>Um aplicativo simples de compartilhamento para todos os sites, que permitir\u00e1 que seus leitores compartilhem conte\u00fado em diferentes redes sociais. Promova sua marca nas redes sociais e conquiste novos assinantes e f\u00e3s atraindo publica\u00e7\u00f5es em seu site pessoal.<\/p><p><b>Atraia mais tr\u00e1fego e seguidores nas redes sociais!<\/b><\/p><ul><li><b>Promo\u00e7\u00e3o eficaz de conte\u00fado e produtos nas m\u00eddias sociais<\/b>.<br>O design pr\u00e1tico do aplicativo permite compartilhar seu conte\u00fado em todas as redes sociais sem limites.<\/li><li><b>Divulgue seu conte\u00fado para um p\u00fablico maior<\/b>.<br>D\u00ea a seus usu\u00e1rios a oportunidade de espalhar conte\u00fado atraente sem nenhum esfor\u00e7o para aumentar seu p\u00fablico.<\/li><li><b>Aumente o n\u00famero de visualiza\u00e7\u00f5es em seu site<\/b>.<br>Com presen\u00e7a ativa nas redes sociais, tenha mais visitantes novos em seu site e aumente as visualiza\u00e7\u00f5es.<\/li><li><b>Aumente a quantidade de assinantes nos servi\u00e7os sociais<\/b>.<br>Voc\u00ea \u00e9 \u00f3timo em criar postagens interessantes para o seu site? Permita que seus visitantes os espalhem ainda mais facilmente com o compartilhamento de um clique.<\/li><\/ul><\/div><div class=\"application-platform-content-item-features application-platform-content-item\" id=\"features\" data-nav-section=\"features\"><h2>Recursos<\/h2><p>O que torna os bot\u00f5es da Elfsight os melhores entre Weebly compartilha aplicativos? Confira suas principais vantagens:<\/p><ul><li>Duplicar e reordenar os bot\u00f5es do jeito que voc\u00ea precisa;<\/li><li>Tamanho da medianiz ajust\u00e1vel;<\/li><li>3 op\u00e7\u00f5es de formato de bot\u00e3o;<\/li><li>3 op\u00e7\u00f5es de formato de bot\u00e3o;<\/li><li>3 esquemas de cores para \u00edcones, plano de fundo e foco;<\/li><li>Servi\u00e7o de instala\u00e7\u00e3o gratuito.<\/li><\/ul><p><a href=\"#demo\">Descubra as outras caracter\u00edsticas em um editor gratuito<\/a><\/p><\/div><div class=\"application-platform-content-item-installation application-platform-content-item\" id=\"installation\" data-nav-section=\"installation\"><h2>Como adicionar bot\u00f5es de compartilhamento ao Weebly<\/h2><div class=\"video-container\"><iframe width=\"720\" height=\"405\" src=\"https:\/\/www.youtube.com\/embed\/w4dwp2UXQuI\" frameborder=\"0\" allowfullscreen=\"\"><\/iframe><\/div><p>Um resumo instru\u00e7\u00f5es sobre como colocar bot\u00f5es em seu site que n\u00e3o requerem habilidades de desenvolvimento ou contrata\u00e7\u00e3o de um programador paralelo. Voc\u00ea s\u00f3 precisa de um minuto do seu tempo.<\/p><ol><li><b>Inicie nossa demonstra\u00e7\u00e3o gratuita e comece a trabalhar com seu pr\u00f3prio aplicativo. <\/b><br> Especifique a forma selecionada e as caracter\u00edsticas do aplicativo e aplique todas as modifica\u00e7\u00f5es. <\/li> <li><b>Obtenha seu c\u00f3digo exclusivo que \u00e9 mostrado na janela dos aplicativos Elfsight. <\/b><br> Ap\u00f3s a gera\u00e7\u00e3o do seu aplicativo, copie seu c\u00f3digo no pop-up exibido e guarde-o para uso posterior. <\/li> <li><b>Iniciar a utiliza\u00e7\u00e3o do aplicativo na p\u00e1gina do Weebly. <\/b><br>Incorpore o c\u00f3digo salvo recentemente em sua p\u00e1gina e aplique os ajustes. <\/li> <li><b>A instala\u00e7\u00e3o foi realizada com sucesso. <\/b><br> Acesse seu site para ver o funcionamento do aplicativo. <\/li><\/ol><p>Procurando suporte para instala\u00e7\u00e3o ou design do aplicativo? Os especialistas do centro de ajuda da Elfsight ter\u00e3o prazer em aconselhar e oferecer uma solu\u00e7\u00e3o! Voc\u00ea tamb\u00e9m pode resolver o problema sozinho aplicando nosso guia detalhado \u00ab<a href=\"https:\/\/elfsight.com\/tutorials\/how-to-add-social-share-buttons-to-weebly-website\/\" target=\"_blank\" rel=\"noopener noreferrer\">Como configurar bot\u00f5es de compartilhamento no site do Weebly<\/a>\u00bb.<\/p><\/div><div class=\"faq\" data-component=\"FAQ\"><div class=\"faq-item\">\r\n\t\t\t\t\t<div class=\"faq-item-question\">\r\n\t\t\t\t\t\t<h3 class=\"faq-item-question-text\">Como incorporar bot\u00f5es de compartilhamento social na minha p\u00e1gina do Weebly sem conhecimento de codifica\u00e7\u00e3o?<\/h3>\r\n\r\n\t\t\t\t\t\t<div class=\"faq-item-question-icon\"><\/div>\r\n\t\t\t\t\t<\/div>\r\n\r\n\t\t\t\t\t<div class=\"faq-item-answer\">\r\n\t\t\t\t\t\t<div class=\"faq-item-answer-text\"><p>A empresa Elfsight fornece uma solu\u00e7\u00e3o SaaS que permite que os usu\u00e1rios criem voc\u00ea mesmo um widget de bot\u00f5es de compartilhamento social. Descubra as instru\u00e7\u00f5es simples: <\/p><ul> <li>Trabalhe diretamente no Editor ao vivo para gerar um aplicativo de Bot\u00f5es de Compartilhamento Social que voc\u00ea gostaria de ver no site do Weebly.<\/li><li>Selecione um dos modelos predefinidos e altere as configura\u00e7\u00f5es dos Bot\u00f5es de Compartilhamento Social, inclua seu conte\u00fado, transforme o layout e as cores sem qualquer conhecimento de codifica\u00e7\u00e3o.<\/li><li>Salve os bot\u00f5es de compartilhamento social e obtenha o c\u00f3digo de instala\u00e7\u00e3o do plugin, que pode ser facilmente adicionado ao seu site do Weebly gratuitamente.<\/li><\/ul><p> Com o editor f\u00e1cil de usar, qualquer usu\u00e1rio da web pode criar uma se\u00e7\u00e3o de bot\u00f5es de compartilhamento social e colar facilmente no site do Weebly. Voc\u00ea n\u00e3o deve pagar ou enviar os dados do seu cart\u00e3o para entrar no servi\u00e7o. Se voc\u00ea encontrar algum problema em qualquer etapa, n\u00e3o hesite em entrar em contato com nossa equipe de suporte.<\/p><\/div>\r\n\t\t\t\t\t<\/div>\r\n\t\t\t\t<\/div><\/div>","protected":false},"excerpt":{"rendered":"","protected":false},"author":9,"featured_media":0,"parent":697,"menu_order":0,"comment_status":"closed","ping_status":"closed","template":"templates\/template-application-platform.php","meta":{"publish_to_discourse":"","publish_post_category":"","wpdc_auto_publish_overridden":"","wpdc_topic_tags":"","wpdc_pin_topic":"","wpdc_pin_until":"","discourse_post_id":"","discourse_permalink":"","wpdc_publishing_response":"","wpdc_publishing_error":"","footnotes":""},"class_list":["post-4728","page","type-page","status-publish","hentry"],"yoast_head":"<!-- This site is optimized with the Yoast SEO plugin v25.3.1 - https:\/\/yoast.com\/wordpress\/plugins\/seo\/ -->\n<title>Bot\u00f5es de compartilhamento social \u2013 Adicione bot\u00f5es de compartilhamento ao site do Weebly<\/title>\n<meta name=\"description\" content=\"Integre bot\u00f5es de compartilhamento social em seu site do Weebly em apenas alguns minutos. Configura\u00e7\u00e3o r\u00e1pida e f\u00e1cil de qualquer aplicativo de site pela Elfsight.\" \/>\n<meta name=\"robots\" content=\"index, follow, max-snippet:-1, max-image-preview:large, max-video-preview:-1\" \/>\n<link rel=\"canonical\" href=\"https:\/\/elfsight.com\/pt\/social-media-share-buttons\/weebly\/\" \/>\n<meta property=\"og:locale\" content=\"pt_PT\" \/>\n<meta property=\"og:type\" content=\"article\" \/>\n<meta property=\"og:title\" content=\"Bot\u00f5es de compartilhamento social \u2013 Adicione bot\u00f5es de compartilhamento ao site do Weebly\" \/>\n<meta property=\"og:description\" content=\"Integre bot\u00f5es de compartilhamento social em seu site do Weebly em apenas alguns minutos. Configura\u00e7\u00e3o r\u00e1pida e f\u00e1cil de qualquer aplicativo de site pela Elfsight.\" \/>\n<meta property=\"og:url\" content=\"https:\/\/elfsight.com\/pt\/social-media-share-buttons\/weebly\/\" \/>\n<meta property=\"og:site_name\" content=\"Elfsight PT\" \/>\n<meta property=\"article:modified_time\" content=\"2024-11-13T12:14:28+00:00\" \/>\n<meta name=\"twitter:card\" content=\"summary_large_image\" \/>\n<meta name=\"twitter:label1\" content=\"Tempo estimado de leitura\" \/>\n\t<meta name=\"twitter:data1\" content=\"2 minutos\" \/>\n<!-- \/ Yoast SEO plugin. -->","yoast_head_json":{"title":"Bot\u00f5es de compartilhamento social \u2013 Adicione bot\u00f5es de compartilhamento ao site do Weebly","description":"Integre bot\u00f5es de compartilhamento social em seu site do Weebly em apenas alguns minutos. Configura\u00e7\u00e3o r\u00e1pida e f\u00e1cil de qualquer aplicativo de site pela Elfsight.","robots":{"index":"index","follow":"follow","max-snippet":"max-snippet:-1","max-image-preview":"max-image-preview:large","max-video-preview":"max-video-preview:-1"},"canonical":"https:\/\/elfsight.com\/pt\/social-media-share-buttons\/weebly\/","og_locale":"pt_PT","og_type":"article","og_title":"Bot\u00f5es de compartilhamento social \u2013 Adicione bot\u00f5es de compartilhamento ao site do Weebly","og_description":"Integre bot\u00f5es de compartilhamento social em seu site do Weebly em apenas alguns minutos. Configura\u00e7\u00e3o r\u00e1pida e f\u00e1cil de qualquer aplicativo de site pela Elfsight.","og_url":"https:\/\/elfsight.com\/pt\/social-media-share-buttons\/weebly\/","og_site_name":"Elfsight PT","article_modified_time":"2024-11-13T12:14:28+00:00","twitter_card":"summary_large_image","twitter_misc":{"Tempo estimado de leitura":"2 minutos"},"schema":{"@context":"https:\/\/schema.org","@graph":[{"@type":"WebPage","@id":"https:\/\/elfsight.com\/pt\/social-media-share-buttons\/weebly\/","url":"https:\/\/elfsight.com\/pt\/social-media-share-buttons\/weebly\/","name":"Bot\u00f5es de compartilhamento social \u2013 Adicione bot\u00f5es de compartilhamento ao site do Weebly","isPartOf":{"@id":"https:\/\/elfsight.com\/pt\/#website"},"datePublished":"1970-01-01T00:00:00+00:00","dateModified":"2024-11-13T12:14:28+00:00","description":"Integre bot\u00f5es de compartilhamento social em seu site do Weebly em apenas alguns minutos. Configura\u00e7\u00e3o r\u00e1pida e f\u00e1cil de qualquer aplicativo de site pela Elfsight.","breadcrumb":{"@id":"https:\/\/elfsight.com\/pt\/social-media-share-buttons\/weebly\/#breadcrumb"},"inLanguage":"pt-PT","potentialAction":[{"@type":"ReadAction","target":["https:\/\/elfsight.com\/pt\/social-media-share-buttons\/weebly\/"]}]},{"@type":"BreadcrumbList","@id":"https:\/\/elfsight.com\/pt\/social-media-share-buttons\/weebly\/#breadcrumb","itemListElement":[{"@type":"ListItem","position":1,"name":"Home","item":"https:\/\/elfsight.com\/pt\/"},{"@type":"ListItem","position":2,"name":"Social Share Buttons","item":"https:\/\/elfsight.com\/pt\/social-media-share-buttons\/"},{"@type":"ListItem","position":3,"name":"Social Share Buttons &#8211; Weebly"}]},{"@type":"WebSite","@id":"https:\/\/elfsight.com\/pt\/#website","url":"https:\/\/elfsight.com\/pt\/","name":"Elfsight PT","description":"Just another Elfsight Sites site","potentialAction":[{"@type":"SearchAction","target":{"@type":"EntryPoint","urlTemplate":"https:\/\/elfsight.com\/pt\/?s={search_term_string}"},"query-input":{"@type":"PropertyValueSpecification","valueRequired":true,"valueName":"search_term_string"}}],"inLanguage":"pt-PT"}]}},"meta_box":{"industry":"","seo_heading":"","heading":"","description":"","cta_heading":"","cta_description":"","application":"1383","h1":"Bot\u00f5es de compartilhamento social para Weebly","h1_caption":"Aumente a popularidade do seu neg\u00f3cio em qualquer plataforma de m\u00eddia social","application_category":[],"applications_title":"","applications_request_title":"","applications_request_button_text":"","hero_text":"","hero_video":"","hero_video_schema_markup":"","selling_points_title":"","selling_points_caption":"","selling_points":[],"selling_points_cta_text":"","features_title":"","features":"","ed_cta_examples_text":"","ed_cta_examples_hidden":"","ed_cta_demo_text":"","ed_cta_demo_hidden":"","why_caption":"","why_editor_title":"","why_editor_text":"","why_team_title":"","why_team_text":"","why_service_title":"","why_service_text":"","template_catalog_visible":"","template_catalog_title":"","template_catalog_text":"","template_catalog_categories_visible":"","demo_title":"Crie seu aplicativo Social Share Buttons","demo_caption":"Configure seus bot\u00f5es de compartilhamento social e adicione-os ao seu site do Weebly gratuitamente!","default_faq_hidden":"","app_template_category":[],"platform":"73","template_public_id":"","codecanyon_url":"","codecanyon_item_id":"","codecanyon_price":"","pricing_caption":"","pricing_elfsight_apps_hide_column":"","pricing_elfsight_apps_url":"","pricing_codecanyon_price_caption":"","integration_category":[],"integration_request_title":"","integration_request_cta":"","integration_platform":"","integrations":[],"platform_category":[],"video_schema_markup":"","price":"a partir de US$ 0\/m\u00eas","trial":"","benefits":[{"text":"Servi\u00e7o de instala\u00e7\u00e3o gratuito"},{"text":"Suporte premium"},{"text":"Garantia de devolu\u00e7\u00e3o do dinheiro em 14 dias"},{"text":"Melhorias cont\u00ednuas"}],"button_url":"#demo","button_target_blank":"0","button_nofollow":"0","attributes":[{"name":"Instala\u00e7\u00f5es","content":"10,000 - 100,000","_state":"expanded"},{"name":"Responsivo","content":"Sim","_state":"expanded"},{"name":"Navegadores compat\u00edveis","content":"Firefox, Safari, Opera, Chrome, Edge"}],"tags":[],"tags_disable_links":"0","hide_more_platforms":"","video_object":"","demo_hide_cta":"0","demo_hide_cloud_options":"0","pricing_title":"","pricing":[{"pricing_icon":"cloud","pricing_title":"Elfsight Apps","pricing_title_caption":"Vers\u00e3o multiplataforma que funciona em qualquer site (incluindo Weebly)","pricing_price":"a partir de US$ 0\/m\u00eas","pricing_price_caption":"comece com plano gratuito","pricing_benefits":[{"text":"Sites ilimitados"},{"text":"Suporte premium"},{"text":"Suporte premium"},{"text":"Oferta especial para v\u00e1rios aplicativos"}],"pricing_button_text":"Adicionar ao site","pricing_button_url":"#demo","_state":"expanded"}],"related_apps_title":"","related_apps_hidden":"1","author":"","image":[],"title":"","job":"","social_networks":[]},"_links":{"self":[{"href":"https:\/\/elfsight.com\/pt\/wp-json\/wp\/v2\/pages\/4728","targetHints":{"allow":["GET"]}}],"collection":[{"href":"https:\/\/elfsight.com\/pt\/wp-json\/wp\/v2\/pages"}],"about":[{"href":"https:\/\/elfsight.com\/pt\/wp-json\/wp\/v2\/types\/page"}],"author":[{"embeddable":true,"href":"https:\/\/elfsight.com\/pt\/wp-json\/wp\/v2\/users\/9"}],"replies":[{"embeddable":true,"href":"https:\/\/elfsight.com\/pt\/wp-json\/wp\/v2\/comments?post=4728"}],"version-history":[{"count":2,"href":"https:\/\/elfsight.com\/pt\/wp-json\/wp\/v2\/pages\/4728\/revisions"}],"predecessor-version":[{"id":12244,"href":"https:\/\/elfsight.com\/pt\/wp-json\/wp\/v2\/pages\/4728\/revisions\/12244"}],"up":[{"embeddable":true,"href":"https:\/\/elfsight.com\/pt\/wp-json\/wp\/v2\/pages\/697"}],"wp:attachment":[{"href":"https:\/\/elfsight.com\/pt\/wp-json\/wp\/v2\/media?parent=4728"}],"curies":[{"name":"wp","href":"https:\/\/api.w.org\/{rel}","templated":true}]}}