{"id":4726,"date":"1970-01-01T00:00:00","date_gmt":"1970-01-01T00:00:00","guid":{"rendered":"https:\/\/elfsight.com\/pt\/?page_id=4726"},"modified":"2024-11-13T12:17:56","modified_gmt":"2024-11-13T12:17:56","slug":"weebly","status":"publish","type":"page","link":"https:\/\/elfsight.com\/pt\/testimonials-slider-widget\/weebly\/","title":{"rendered":"Testimonials Slider &#8211; Weebly"},"content":{"rendered":"<div class=\"application-platform-content-item-description application-platform-content-item\" id=\"description\" data-nav-section=\"description\"><h2>Descri\u00e7\u00e3o<\/h2><p>Testimonials Slider \u00e9 um plugin f\u00e1cil para demonstrar avalia\u00e7\u00f5es de seus clientes em seu site pessoal. Voc\u00ea pode usar todos os tipos de prova social para tornar as avalia\u00e7\u00f5es confi\u00e1veis: nome do autor, foto, logotipo da empresa e at\u00e9 mesmo um URL para o site.<\/p><p><b>Aumente a confian\u00e7a em sua empresa mostrando aos visitantes que seus clientes est\u00e3o satisfeitos com sua escolha.<\/b><\/p><ul><li><b>Aumente a confian\u00e7a em seu site<\/b>.<br>Insira feedback de seus clientes no site e adicione exemplos de experi\u00eancias positivas do cliente para aumentar a confian\u00e7a em sua empresa.<\/li><li><b>Fa\u00e7a uma avalia\u00e7\u00e3o especializada<\/b>.<br>Voc\u00ea tem usu\u00e1rios cujo feedback influenciar\u00e1 o restante dos usu\u00e1rios? Configure depoimentos detalhados com informa\u00e7\u00f5es sobre o autor, o que dobrar\u00e1 seu n\u00edvel de vendas.<\/li><li><b>Melhore seus depoimentos para torn\u00e1-los genuinamente confi\u00e1veis<\/b>.<br>Exiba todas as informa\u00e7\u00f5es poss\u00edveis sobre o autor de cada um dos depoimentos, junto com nome, empresa e cargo para destacar que seus clientes leem depoimentos de pessoas reais.<\/li><\/ul><\/div><div class=\"application-platform-content-item-features application-platform-content-item\" id=\"features\" data-nav-section=\"features\"><h2>Recursos<\/h2><p>As caracter\u00edsticas mais importantes, que transformam nosso Slider de Depoimentos em um plugin \u00fatil para qualquer site do Weebly.<\/p><ul><li>Adicionar link para o perfil do autor no Facebook ou Twitter para maior credibilidade; <\/li><li>Exibir o nome e a foto do autor para maior confian\u00e7a;<\/li><li>Fornecer um link para o site do autor para uma apresenta\u00e7\u00e3o mais confi\u00e1vel;<\/li><li>Adicionar o m\u00e1ximo de informa\u00e7\u00f5es do autor &#8211; mostrar o logotipo da empresa do autor.<\/li><\/ul><p><a href=\"#demo\">Experimente esses recursos na demonstra\u00e7\u00e3o ao vivo<\/a><\/p><\/div><div class=\"application-platform-content-item-installation application-platform-content-item\" id=\"installation\" data-nav-section=\"installation\"><h2>Como adicionar depoimentos ao site do Weebly<\/h2><div class=\"video-container\"><iframe width=\"720\" height=\"405\" src=\"https:\/\/www.youtube.com\/embed\/O5WDmpcdlHs\" frameborder=\"0\" allowfullscreen=\"\"><\/iframe><\/div><p>Nosso plugin \u00e9 f\u00e1cil em termos de configura\u00e7\u00e3o e n\u00e3o requer nenhuma habilidade de desenvolvimento para isso. O cumprimento do manual levar\u00e1 apenas 2 minutos.<\/p><ol><li><b>Use nosso configurador gratuito e comece a criar seu aplicativo personalizado. <\/b><br> Encontre o formul\u00e1rio selecionado e as op\u00e7\u00f5es do aplicativo e aplique todas as modifica\u00e7\u00f5es. <\/li> <li><b>Receba o c\u00f3digo pessoal que aparece na caixa nas aplica\u00e7\u00f5es Elfsight. <\/b><br> Ap\u00f3s o estabelecimento do seu aplicativo, copie o c\u00f3digo da caixa exibida e salve-o para uso posterior. <\/li> <li><b>Comece a usar o aplicativo no seu site do Weebly. <\/b><br> Implemente o c\u00f3digo que voc\u00ea salvou anteriormente em sua p\u00e1gina e aplique as melhorias. <\/li> <li><b>A instala\u00e7\u00e3o foi totalmente realizada. <\/b><br> Visite sua p\u00e1gina da Web para examinar o desempenho do aplicativo. <\/li><\/ol><p>Encontrou alguma dificuldade durante a instala\u00e7\u00e3o ou ajuste do plugin? Leia o manual detalhado sobre <a href=\"https:\/\/elfsight.com\/tutorials\/how-to-add-testimonials-slider-widget-to-weebly\/\" target=\"_blank\" rel=\"noopener noreferrer\">uso do controle deslizante de depoimentos para o Weebly<\/a> ou deixe uma consulta no Centro de suporte.<\/p><div class=\"faq\" data-component=\"FAQ\"> <div class=\"faq-item\">\r\n\t\t\t\t\t<div class=\"faq-item-question\">\r\n\t\t\t\t\t\t<h3 class=\"faq-item-question-text\">Como adicionar o controle deslizante de depoimentos ao meu site do Weebly sem habilidades de codifica\u00e7\u00e3o?<\/h3>\r\n\r\n\t\t\t\t\t\t<div class=\"faq-item-question-icon\"><\/div>\r\n\t\t\t\t\t<\/div>\r\n\r\n\t\t\t\t\t<div class=\"faq-item-answer\">\r\n\t\t\t\t\t\t<div class=\"faq-item-answer-text\"> <p>A Elfsight fornece um SaaS solu\u00e7\u00e3o que permite que voc\u00ea mesmo crie um widget Testimonials Slider, veja como o processo \u00e9 f\u00e1cil: Trabalhe diretamente no Editor on-line para criar um widget Testimonials Slider que voc\u00ea gostaria de ver em seu site do Weebly. Escolha um dos modelos predefinidos e ajuste as configura\u00e7\u00f5es do controle deslizante de depoimentos, adicione seu conte\u00fado, altere o layout e o esquema de cores sem nenhuma habilidade de codifica\u00e7\u00e3o. Salve o controle deslizante de depoimentos e copie seu c\u00f3digo de instala\u00e7\u00e3o, que voc\u00ea pode simplesmente adicionar ao seu site do Weebly sem comprar uma assinatura paga. Com nosso editor intuitivo, qualquer usu\u00e1rio da Internet pode criar um widget Slider de Depoimentos online e incorpor\u00e1-lo facilmente em seu site do Weebly. N\u00e3o h\u00e1 necessidade de pagar ou inserir as credenciais do seu cart\u00e3o para acessar o servi\u00e7o. Se voc\u00ea enfrentar qualquer problema em qualquer etapa, n\u00e3o hesite em entrar em contato com nossa equipe de suporte t\u00e9cnico.<\/p> <\/div>\r\n\t\t\t\t\t<\/div>\r\n\t\t\t\t<\/div> <\/div> <\/div>","protected":false},"excerpt":{"rendered":"","protected":false},"author":9,"featured_media":0,"parent":559,"menu_order":0,"comment_status":"closed","ping_status":"closed","template":"templates\/template-application-platform.php","meta":{"publish_to_discourse":"","publish_post_category":"","wpdc_auto_publish_overridden":"","wpdc_topic_tags":"","wpdc_pin_topic":"","wpdc_pin_until":"","discourse_post_id":"","discourse_permalink":"","wpdc_publishing_response":"","wpdc_publishing_error":"","footnotes":""},"class_list":["post-4726","page","type-page","status-publish","hentry"],"yoast_head":"<!-- This site is optimized with the Yoast SEO plugin v25.3.1 - https:\/\/yoast.com\/wordpress\/plugins\/seo\/ -->\n<title>Controle deslizante de depoimentos \u2013 Adicionar widget de depoimentos ao site do Weebly (2025)<\/title>\n<meta name=\"description\" content=\"Experimente o melhor plugin Testimonials Slider para Weebly totalmente gratuito. Uma instala\u00e7\u00e3o f\u00e1cil e r\u00e1pida, sem codifica\u00e7\u00e3o necess\u00e1ria em apenas alguns minutos.\" \/>\n<meta name=\"robots\" content=\"index, follow, max-snippet:-1, max-image-preview:large, max-video-preview:-1\" \/>\n<link rel=\"canonical\" href=\"https:\/\/elfsight.com\/pt\/testimonials-slider-widget\/weebly\/\" \/>\n<meta property=\"og:locale\" content=\"pt_PT\" \/>\n<meta property=\"og:type\" content=\"article\" \/>\n<meta property=\"og:title\" content=\"Controle deslizante de depoimentos \u2013 Adicionar widget de depoimentos ao site do Weebly (2025)\" \/>\n<meta property=\"og:description\" content=\"Experimente o melhor plugin Testimonials Slider para Weebly totalmente gratuito. Uma instala\u00e7\u00e3o f\u00e1cil e r\u00e1pida, sem codifica\u00e7\u00e3o necess\u00e1ria em apenas alguns minutos.\" \/>\n<meta property=\"og:url\" content=\"https:\/\/elfsight.com\/pt\/testimonials-slider-widget\/weebly\/\" \/>\n<meta property=\"og:site_name\" content=\"Elfsight PT\" \/>\n<meta property=\"article:modified_time\" content=\"2024-11-13T12:17:56+00:00\" \/>\n<meta name=\"twitter:card\" content=\"summary_large_image\" \/>\n<meta name=\"twitter:label1\" content=\"Tempo estimado de leitura\" \/>\n\t<meta name=\"twitter:data1\" content=\"2 minutos\" \/>\n<!-- \/ Yoast SEO plugin. -->","yoast_head_json":{"title":"Controle deslizante de depoimentos \u2013 Adicionar widget de depoimentos ao site do Weebly (2025)","description":"Experimente o melhor plugin Testimonials Slider para Weebly totalmente gratuito. Uma instala\u00e7\u00e3o f\u00e1cil e r\u00e1pida, sem codifica\u00e7\u00e3o necess\u00e1ria em apenas alguns minutos.","robots":{"index":"index","follow":"follow","max-snippet":"max-snippet:-1","max-image-preview":"max-image-preview:large","max-video-preview":"max-video-preview:-1"},"canonical":"https:\/\/elfsight.com\/pt\/testimonials-slider-widget\/weebly\/","og_locale":"pt_PT","og_type":"article","og_title":"Controle deslizante de depoimentos \u2013 Adicionar widget de depoimentos ao site do Weebly (2025)","og_description":"Experimente o melhor plugin Testimonials Slider para Weebly totalmente gratuito. Uma instala\u00e7\u00e3o f\u00e1cil e r\u00e1pida, sem codifica\u00e7\u00e3o necess\u00e1ria em apenas alguns minutos.","og_url":"https:\/\/elfsight.com\/pt\/testimonials-slider-widget\/weebly\/","og_site_name":"Elfsight PT","article_modified_time":"2024-11-13T12:17:56+00:00","twitter_card":"summary_large_image","twitter_misc":{"Tempo estimado de leitura":"2 minutos"},"schema":{"@context":"https:\/\/schema.org","@graph":[{"@type":"WebPage","@id":"https:\/\/elfsight.com\/pt\/testimonials-slider-widget\/weebly\/","url":"https:\/\/elfsight.com\/pt\/testimonials-slider-widget\/weebly\/","name":"Controle deslizante de depoimentos \u2013 Adicionar widget de depoimentos ao site do Weebly (2025)","isPartOf":{"@id":"https:\/\/elfsight.com\/pt\/#website"},"datePublished":"1970-01-01T00:00:00+00:00","dateModified":"2024-11-13T12:17:56+00:00","description":"Experimente o melhor plugin Testimonials Slider para Weebly totalmente gratuito. Uma instala\u00e7\u00e3o f\u00e1cil e r\u00e1pida, sem codifica\u00e7\u00e3o necess\u00e1ria em apenas alguns minutos.","breadcrumb":{"@id":"https:\/\/elfsight.com\/pt\/testimonials-slider-widget\/weebly\/#breadcrumb"},"inLanguage":"pt-PT","potentialAction":[{"@type":"ReadAction","target":["https:\/\/elfsight.com\/pt\/testimonials-slider-widget\/weebly\/"]}]},{"@type":"BreadcrumbList","@id":"https:\/\/elfsight.com\/pt\/testimonials-slider-widget\/weebly\/#breadcrumb","itemListElement":[{"@type":"ListItem","position":1,"name":"Home","item":"https:\/\/elfsight.com\/pt\/"},{"@type":"ListItem","position":2,"name":"Testimonials Slider","item":"https:\/\/elfsight.com\/pt\/testimonials-slider-widget\/"},{"@type":"ListItem","position":3,"name":"Testimonials Slider &#8211; Weebly"}]},{"@type":"WebSite","@id":"https:\/\/elfsight.com\/pt\/#website","url":"https:\/\/elfsight.com\/pt\/","name":"Elfsight PT","description":"Just another Elfsight Sites site","potentialAction":[{"@type":"SearchAction","target":{"@type":"EntryPoint","urlTemplate":"https:\/\/elfsight.com\/pt\/?s={search_term_string}"},"query-input":{"@type":"PropertyValueSpecification","valueRequired":true,"valueName":"search_term_string"}}],"inLanguage":"pt-PT"}]}},"meta_box":{"industry":"","seo_heading":"","heading":"","description":"","cta_heading":"","cta_description":"","application":"947","h1":"Widget deslizante de depoimentos para Weebly","h1_caption":"Aumente a confian\u00e7a no seu site e fortale\u00e7a a reputa\u00e7\u00e3o da sua marca.","application_category":[],"applications_title":"","applications_request_title":"","applications_request_button_text":"","hero_text":"","hero_video":"","hero_video_schema_markup":"","selling_points_title":"","selling_points_caption":"","selling_points":[],"selling_points_cta_text":"","features_title":"","features":"","ed_cta_examples_text":"","ed_cta_examples_hidden":"","ed_cta_demo_text":"","ed_cta_demo_hidden":"","why_caption":"","why_editor_title":"","why_editor_text":"","why_team_title":"","why_team_text":"","why_service_title":"","why_service_text":"","template_catalog_visible":"","template_catalog_title":"","template_catalog_text":"","template_catalog_categories_visible":"","demo_title":"Crie seu aplicativo Slider de Depoimentos","demo_caption":"Configure seu controle deslizante de depoimentos e adicione-o ao seu site do Weebly gratuitamente!","default_faq_hidden":"","app_template_category":[],"platform":"73","template_public_id":"","codecanyon_url":"","codecanyon_item_id":"","codecanyon_price":"","pricing_caption":"","pricing_elfsight_apps_hide_column":"","pricing_elfsight_apps_url":"","pricing_codecanyon_price_caption":"","integration_category":[],"integration_request_title":"","integration_request_cta":"","integration_platform":"","integrations":[],"platform_category":[],"video_schema_markup":"","price":"a partir de US$ 0\/m\u00eas","trial":"","benefits":[{"text":"Assist\u00eancia de instala\u00e7\u00e3o gratuita"},{"text":"Atendimento ao cliente competente"},{"text":"Garantia de reembolso de 14 dias"},{"text":"Atualiza\u00e7\u00f5es gratuitas vital\u00edcias"}],"button_url":"#demo","button_target_blank":"0","button_nofollow":"0","attributes":[{"name":"Instala\u00e7\u00f5es","content":"10,000 - 100,000","_state":"expanded"},{"name":"Responsivo","content":"Sim","_state":"expanded"},{"name":"Navegadores compat\u00edveis","content":"Firefox, Safari, Opera, Chrome, Edge"}],"tags":[],"tags_disable_links":"0","hide_more_platforms":"","video_object":"","demo_hide_cta":"0","demo_hide_cloud_options":"0","pricing_title":"","pricing":[{"pricing_icon":"cloud","pricing_title":"Elfsight Apps","pricing_title_caption":"Solu\u00e7\u00e3o digital independente de plataforma","pricing_price":"a partir de US$ 0\/m\u00eas","pricing_price_caption":"comece com plano gratuito","pricing_benefits":[{"text":"Sites ilimitados"},{"text":"Suporte dedicado e pontual"},{"text":"Suporte dedicado e pontual"},{"text":"Pre\u00e7o a ser pago para v\u00e1rios aplicativos"}],"pricing_button_text":"Adicionar ao site","pricing_button_url":"#demo","_state":"expanded"}],"related_apps_title":"","related_apps_hidden":"1","author":"","image":[],"title":"","job":"","social_networks":[]},"_links":{"self":[{"href":"https:\/\/elfsight.com\/pt\/wp-json\/wp\/v2\/pages\/4726","targetHints":{"allow":["GET"]}}],"collection":[{"href":"https:\/\/elfsight.com\/pt\/wp-json\/wp\/v2\/pages"}],"about":[{"href":"https:\/\/elfsight.com\/pt\/wp-json\/wp\/v2\/types\/page"}],"author":[{"embeddable":true,"href":"https:\/\/elfsight.com\/pt\/wp-json\/wp\/v2\/users\/9"}],"replies":[{"embeddable":true,"href":"https:\/\/elfsight.com\/pt\/wp-json\/wp\/v2\/comments?post=4726"}],"version-history":[{"count":2,"href":"https:\/\/elfsight.com\/pt\/wp-json\/wp\/v2\/pages\/4726\/revisions"}],"predecessor-version":[{"id":12288,"href":"https:\/\/elfsight.com\/pt\/wp-json\/wp\/v2\/pages\/4726\/revisions\/12288"}],"up":[{"embeddable":true,"href":"https:\/\/elfsight.com\/pt\/wp-json\/wp\/v2\/pages\/559"}],"wp:attachment":[{"href":"https:\/\/elfsight.com\/pt\/wp-json\/wp\/v2\/media?parent=4726"}],"curies":[{"name":"wp","href":"https:\/\/api.w.org\/{rel}","templated":true}]}}