{"id":4723,"date":"1970-01-01T00:00:00","date_gmt":"1970-01-01T00:00:00","guid":{"rendered":"https:\/\/elfsight.com\/pt\/?page_id=4723"},"modified":"2024-11-13T11:19:11","modified_gmt":"2024-11-13T11:19:11","slug":"weebly","status":"publish","type":"page","link":"https:\/\/elfsight.com\/pt\/tiktok-feed-widget\/weebly\/","title":{"rendered":"TikTok Feed &#8211; Weebly"},"content":{"rendered":"<div class=\"application-platform-content-item-description application-platform-content-item\" id=\"description\" data-nav-section=\"description\"> <h2>Descri\u00e7\u00e3o<\/h2> <p>Elfsight TiKTok Feed for Weebly \u00e9 um aplicativo para comercializar n\u00e3o apenas bens, mas tamb\u00e9m emo\u00e7\u00f5es e experi\u00eancias. Ao us\u00e1-lo, voc\u00ea pode criar um feed personalizado feito com seu conte\u00fado do TikTok &#8211; e exibi-lo diretamente em seu site. Crie uma galeria de v\u00eddeos em poucos minutos! Exer\u00e7a controle total sobre o conte\u00fado revelado e livre-se de spam e qualquer conte\u00fado indesejado por meio de modera\u00e7\u00e3o manual. O editor online totalmente responsivo oferece v\u00e1rios modelos para voc\u00ea escolher. <\/p> <p><b>Torne seu site mais bem-sucedido para objetivos comerciais com a ajuda do TikTok Feed<\/b><\/p> <\/div> <div class=\"application-platform-content-item-features application-platform-content-item\" id=\"features\" data-nav-section=\"features\"> <h2>Veja a lista dos recursos mais \u00fateis: <\/h2> <ul><li>Oculte a se\u00e7\u00e3o principal para fazer sua ferramenta parecer minimalista. <\/li><li>Elimine qualquer spam e conte\u00fado indesejado usando o modo de modera\u00e7\u00e3o manual. <\/li><li>Instale o bot\u00e3o Seguir nos cart\u00f5es de widget. <\/li><li>Permita que suas postagens apare\u00e7am em um pop-up. <\/li><\/ul><p><a href=\"#demo\">Explore todas as configura\u00e7\u00f5es na demonstra\u00e7\u00e3o 100% funcional<\/a><\/p> <\/div> <div class=\"application-platform-content-item-installation application-platform-content-item\" id=\"installation\" data-nav-section=\"installation\"> <h2>Como posso adicionar o feed do TikTok ao meu site do Weebly? <\/h2> <p>Basta seguir as instru\u00e7\u00f5es abaixo para come\u00e7ar a trabalhar com a ferramenta. <\/p> <ol><li><b>Abra nossa demonstra\u00e7\u00e3o gratuita e comece a criar seu aplicativo personalizado. <\/b><br> Determine o design e os recursos selecionados do aplicativo e salve as corre\u00e7\u00f5es. <\/li> <li><b>Obtenha o seu c\u00f3digo individual que \u00e9 mostrado no formul\u00e1rio especial nas aplica\u00e7\u00f5es Elfsight. <\/b><br> Assim que a personaliza\u00e7\u00e3o do seu aplicativo pessoal for conclu\u00edda, copie o c\u00f3digo pessoal do pop-up exibido e guarde-o para futuras ocasi\u00f5es. <\/li> <li><b>Comece a usar o aplicativo no site do Weebly. <\/b><br> Cole o c\u00f3digo copiado recentemente em seu site e aplique as corre\u00e7\u00f5es. <\/li> <li><b>A instala\u00e7\u00e3o foi realizada com sucesso. <\/b><br> Acesse seu site para examinar como o aplicativo est\u00e1 sendo executado. <\/li><\/ol> <p>Na condi\u00e7\u00e3o de enfrentar d\u00favidas ou atropelar quaisquer obst\u00e1culos, n\u00e3o tenha medo de se inscrever em nossa equipe de atendimento ao cliente. Nosso pessoal deseja ajud\u00e1-lo com todas as dificuldades que voc\u00ea possa ter com o produto. <\/p> <\/div><div class=\"faq\" data-component=\"FAQ\"><div class=\"faq-item\">\r\n\t\t\t\t\t<div class=\"faq-item-question\">\r\n\t\t\t\t\t\t<h3 class=\"faq-item-question-text\">Como adicionar o TikTok Feed \u00e0 minha p\u00e1gina inicial do Weebly sem codifica\u00e7\u00e3o?<\/h3>\r\n\r\n\t\t\t\t\t\t<div class=\"faq-item-question-icon\"><\/div>\r\n\t\t\t\t\t<\/div>\r\n\r\n\t\t\t\t\t<div class=\"faq-item-answer\">\r\n\t\t\t\t\t\t<div class=\"faq-item-answer-text\"><p>A empresa Elfsight fornece uma solu\u00e7\u00e3o SaaS que permite que um grande p\u00fablico estabele\u00e7a voc\u00ea mesmo um plug-in de feed do TikTok. Veja como \u00e9 f\u00e1cil:<\/p><ul><li>Trabalhe diretamente no editor ao vivo para criar um aplicativo de feed do TikTok que voc\u00ea gostaria de adicionar ao site do Weebly.<\/li><li>Selecione um dos muitos modelos pr\u00e9-concebidos e adapte as configura\u00e7\u00f5es do TikTok Feed, transforme o layout e as cores, inclua seu conte\u00fado sem nenhuma habilidade de codifica\u00e7\u00e3o.<\/li><li>Clique para salvar o TikTok Feed e copiar os plugins c\u00f3digo para incorpora\u00e7\u00e3o, que pode ser facilmente adicionado em qualquer p\u00e1gina inicial do Weebly gratuitamente.<\/li><\/ul><p>Com a ajuda do editor simples, cada usu\u00e1rio da Internet pode gerar a se\u00e7\u00e3o TikTok Feed e col\u00e1-la facilmente em qualquer site do Weebly . N\u00e3o \u00e9 necess\u00e1rio pagar ou enviar os dados do seu cart\u00e3o para entrar no nosso servi\u00e7o. Se voc\u00ea encontrar algum obst\u00e1culo de qualquer tipo, sinta-se \u00e0 vontade para entrar em contato com nosso suporte t\u00e9cnico ao cliente.<\/p><\/div>\r\n\t\t\t\t\t<\/div>\r\n\t\t\t\t<\/div><\/div>","protected":false},"excerpt":{"rendered":"","protected":false},"author":9,"featured_media":0,"parent":1491,"menu_order":0,"comment_status":"closed","ping_status":"closed","template":"templates\/template-application-platform.php","meta":{"publish_to_discourse":"","publish_post_category":"","wpdc_auto_publish_overridden":"","wpdc_topic_tags":"","wpdc_pin_topic":"","wpdc_pin_until":"","discourse_post_id":"","discourse_permalink":"","wpdc_publishing_response":"","wpdc_publishing_error":"","footnotes":""},"class_list":["post-4723","page","type-page","status-publish","hentry"],"yoast_head":"<!-- This site is optimized with the Yoast SEO plugin v25.3.1 - https:\/\/yoast.com\/wordpress\/plugins\/seo\/ -->\n<title>Adicione o aplicativo TikTok Feed ao site do Weebly (r\u00e1pido e gratuito)<\/title>\n<meta name=\"description\" content=\"Adicione um aplicativo Weebly TikTok Feed f\u00e1cil de gerenciar ao seu site. Experimente a demonstra\u00e7\u00e3o pr\u00e1tica da Elfsight e modifique seu impressionante aplicativo TikTok.\" \/>\n<meta name=\"robots\" content=\"index, follow, max-snippet:-1, max-image-preview:large, max-video-preview:-1\" \/>\n<link rel=\"canonical\" href=\"https:\/\/elfsight.com\/pt\/tiktok-feed-widget\/weebly\/\" \/>\n<meta property=\"og:locale\" content=\"pt_PT\" \/>\n<meta property=\"og:type\" content=\"article\" \/>\n<meta property=\"og:title\" content=\"Adicione o aplicativo TikTok Feed ao site do Weebly (r\u00e1pido e gratuito)\" \/>\n<meta property=\"og:description\" content=\"Adicione um aplicativo Weebly TikTok Feed f\u00e1cil de gerenciar ao seu site. Experimente a demonstra\u00e7\u00e3o pr\u00e1tica da Elfsight e modifique seu impressionante aplicativo TikTok.\" \/>\n<meta property=\"og:url\" content=\"https:\/\/elfsight.com\/pt\/tiktok-feed-widget\/weebly\/\" \/>\n<meta property=\"og:site_name\" content=\"Elfsight PT\" \/>\n<meta property=\"article:modified_time\" content=\"2024-11-13T11:19:11+00:00\" \/>\n<meta name=\"twitter:card\" content=\"summary_large_image\" \/>\n<meta name=\"twitter:label1\" content=\"Tempo estimado de leitura\" \/>\n\t<meta name=\"twitter:data1\" content=\"2 minutos\" \/>\n<!-- \/ Yoast SEO plugin. -->","yoast_head_json":{"title":"Adicione o aplicativo TikTok Feed ao site do Weebly (r\u00e1pido e gratuito)","description":"Adicione um aplicativo Weebly TikTok Feed f\u00e1cil de gerenciar ao seu site. Experimente a demonstra\u00e7\u00e3o pr\u00e1tica da Elfsight e modifique seu impressionante aplicativo TikTok.","robots":{"index":"index","follow":"follow","max-snippet":"max-snippet:-1","max-image-preview":"max-image-preview:large","max-video-preview":"max-video-preview:-1"},"canonical":"https:\/\/elfsight.com\/pt\/tiktok-feed-widget\/weebly\/","og_locale":"pt_PT","og_type":"article","og_title":"Adicione o aplicativo TikTok Feed ao site do Weebly (r\u00e1pido e gratuito)","og_description":"Adicione um aplicativo Weebly TikTok Feed f\u00e1cil de gerenciar ao seu site. Experimente a demonstra\u00e7\u00e3o pr\u00e1tica da Elfsight e modifique seu impressionante aplicativo TikTok.","og_url":"https:\/\/elfsight.com\/pt\/tiktok-feed-widget\/weebly\/","og_site_name":"Elfsight PT","article_modified_time":"2024-11-13T11:19:11+00:00","twitter_card":"summary_large_image","twitter_misc":{"Tempo estimado de leitura":"2 minutos"},"schema":{"@context":"https:\/\/schema.org","@graph":[{"@type":"WebPage","@id":"https:\/\/elfsight.com\/pt\/tiktok-feed-widget\/weebly\/","url":"https:\/\/elfsight.com\/pt\/tiktok-feed-widget\/weebly\/","name":"Adicione o aplicativo TikTok Feed ao site do Weebly (r\u00e1pido e gratuito)","isPartOf":{"@id":"https:\/\/elfsight.com\/pt\/#website"},"datePublished":"1970-01-01T00:00:00+00:00","dateModified":"2024-11-13T11:19:11+00:00","description":"Adicione um aplicativo Weebly TikTok Feed f\u00e1cil de gerenciar ao seu site. Experimente a demonstra\u00e7\u00e3o pr\u00e1tica da Elfsight e modifique seu impressionante aplicativo TikTok.","breadcrumb":{"@id":"https:\/\/elfsight.com\/pt\/tiktok-feed-widget\/weebly\/#breadcrumb"},"inLanguage":"pt-PT","potentialAction":[{"@type":"ReadAction","target":["https:\/\/elfsight.com\/pt\/tiktok-feed-widget\/weebly\/"]}]},{"@type":"BreadcrumbList","@id":"https:\/\/elfsight.com\/pt\/tiktok-feed-widget\/weebly\/#breadcrumb","itemListElement":[{"@type":"ListItem","position":1,"name":"Home","item":"https:\/\/elfsight.com\/pt\/"},{"@type":"ListItem","position":2,"name":"TikTok Feed","item":"https:\/\/elfsight.com\/pt\/tiktok-feed-widget\/"},{"@type":"ListItem","position":3,"name":"TikTok Feed &#8211; Weebly"}]},{"@type":"WebSite","@id":"https:\/\/elfsight.com\/pt\/#website","url":"https:\/\/elfsight.com\/pt\/","name":"Elfsight PT","description":"Just another Elfsight Sites site","potentialAction":[{"@type":"SearchAction","target":{"@type":"EntryPoint","urlTemplate":"https:\/\/elfsight.com\/pt\/?s={search_term_string}"},"query-input":{"@type":"PropertyValueSpecification","valueRequired":true,"valueName":"search_term_string"}}],"inLanguage":"pt-PT"}]}},"meta_box":{"industry":"","seo_heading":"","heading":"","description":"","cta_heading":"","cta_description":"","application":"1490","h1":"Aplicativo Weebly TikTok Feed","h1_caption":"Demonstre seu conte\u00fado do TikTok em seu site no 1-2-3!","application_category":[],"applications_title":"","applications_request_title":"","applications_request_button_text":"","hero_text":"","hero_video":"","hero_video_schema_markup":"","selling_points_title":"","selling_points_caption":"","selling_points":[],"selling_points_cta_text":"","features_title":"","features":"","ed_cta_examples_text":"","ed_cta_examples_hidden":"","ed_cta_demo_text":"","ed_cta_demo_hidden":"","why_caption":"","why_editor_title":"","why_editor_text":"","why_team_title":"","why_team_text":"","why_service_title":"","why_service_text":"","template_catalog_visible":"","template_catalog_title":"","template_catalog_text":"","template_catalog_categories_visible":"","demo_title":"Crie seu aplicativo TikTok Feed","demo_caption":"Configure seu feed TikTok e adicione-o ao seu site do Weebly gratuitamente!","default_faq_hidden":"","app_template_category":[],"platform":"73","template_public_id":"","codecanyon_url":"","codecanyon_item_id":"","codecanyon_price":"","pricing_caption":"","pricing_elfsight_apps_hide_column":"","pricing_elfsight_apps_url":"","pricing_codecanyon_price_caption":"","integration_category":[],"integration_request_title":"","integration_request_cta":"","integration_platform":"","integrations":[],"platform_category":[],"video_schema_markup":"","price":"a partir de US$ 0\/m\u00eas","trial":"","benefits":[{"text":"Ajuda de instala\u00e7\u00e3o gratuita"},{"text":"Atendimento ao cliente profissional"},{"text":"Garantia de devolu\u00e7\u00e3o do dinheiro em 14 dias"},{"text":"Atualizando constantemente"}],"button_url":"#demo","button_target_blank":"0","button_nofollow":"0","attributes":[{"name":"Instala\u00e7\u00f5es","content":"10,000 - 100,000","_state":"expanded"},{"name":"Responsivo","content":"Sim","_state":"expanded"},{"name":"Navegadores compat\u00edveis","content":"Firefox, Safari, Opera, Chrome, Edge"}],"tags":[],"tags_disable_links":"0","hide_more_platforms":"","video_object":"","demo_hide_cta":"0","demo_hide_cloud_options":"0","pricing_title":"","pricing":[{"pricing_icon":"platform","pricing_title":"Elfsight Apps","pricing_title_caption":"Solu\u00e7\u00e3o digital multiplataforma que funciona em qualquer site","pricing_price":"a partir de US$ 0\/m\u00eas","pricing_price_caption":"comece com um plano gratuito","pricing_benefits":[{"text":"Dom\u00ednios ilimitados"},{"text":"Suporte r\u00e1pido"},{"text":"Suporte r\u00e1pido"},{"text":"Design flex\u00edvel"}],"pricing_button_text":"Adicionar ao site","pricing_button_url":"#demo","_state":"expanded"}],"related_apps_title":"","related_apps_hidden":"1","author":"","image":[],"title":"","job":"","social_networks":[]},"_links":{"self":[{"href":"https:\/\/elfsight.com\/pt\/wp-json\/wp\/v2\/pages\/4723","targetHints":{"allow":["GET"]}}],"collection":[{"href":"https:\/\/elfsight.com\/pt\/wp-json\/wp\/v2\/pages"}],"about":[{"href":"https:\/\/elfsight.com\/pt\/wp-json\/wp\/v2\/types\/page"}],"author":[{"embeddable":true,"href":"https:\/\/elfsight.com\/pt\/wp-json\/wp\/v2\/users\/9"}],"replies":[{"embeddable":true,"href":"https:\/\/elfsight.com\/pt\/wp-json\/wp\/v2\/comments?post=4723"}],"version-history":[{"count":2,"href":"https:\/\/elfsight.com\/pt\/wp-json\/wp\/v2\/pages\/4723\/revisions"}],"predecessor-version":[{"id":12307,"href":"https:\/\/elfsight.com\/pt\/wp-json\/wp\/v2\/pages\/4723\/revisions\/12307"}],"up":[{"embeddable":true,"href":"https:\/\/elfsight.com\/pt\/wp-json\/wp\/v2\/pages\/1491"}],"wp:attachment":[{"href":"https:\/\/elfsight.com\/pt\/wp-json\/wp\/v2\/media?parent=4723"}],"curies":[{"name":"wp","href":"https:\/\/api.w.org\/{rel}","templated":true}]}}