{"id":4715,"date":"1970-01-01T00:00:00","date_gmt":"1970-01-01T00:00:00","guid":{"rendered":"https:\/\/elfsight.com\/pt\/?page_id=4715"},"modified":"2024-11-13T11:19:11","modified_gmt":"2024-11-13T11:19:11","slug":"webnode","status":"publish","type":"page","link":"https:\/\/elfsight.com\/pt\/tiktok-feed-widget\/webnode\/","title":{"rendered":"TikTok Feed &#8211; Webnode"},"content":{"rendered":"<div class=\"application-platform-content-item-description application-platform-content-item\" id=\"description\" data-nav-section=\"description\"> <h2>Descri\u00e7\u00e3o<\/h2> <p>Elfsight TiKTok Feed for Webnode \u00e9 um widget especial para marketing n\u00e3o apenas de coisas, mas de emo\u00e7\u00f5es e experi\u00eancias. Ao us\u00e1-lo, voc\u00ea pode criar um feed personalizado feito com seu conte\u00fado do TikTok &#8211; e exibi-lo diretamente em seu site. Crie uma galeria de v\u00eddeos em poucos minutos! Exer\u00e7a controle absoluto sobre o conte\u00fado apresentado e remova spam e qualquer conte\u00fado indesejado por meio de modera\u00e7\u00e3o manual. O configurador online totalmente responsivo oferece v\u00e1rios modelos para voc\u00ea selecionar. <\/p> <p><b>Integre o TikTok Feed para atingir o pico do seu neg\u00f3cio! <\/b><\/p> <\/div> <div class=\"application-platform-content-item-features application-platform-content-item\" id=\"features\" data-nav-section=\"features\"> <h2>Estes s\u00e3o apenas alguns dos amplos recursos do widget: <\/h2> <ul><li>Coloque a se\u00e7\u00e3o principal para fazer seu widget parece minimalista. <\/li><li>Remova qualquer spam e conte\u00fado indesejado com o modo de modera\u00e7\u00e3o manual. <\/li><li>Defina o bot\u00e3o Seguir nos cart\u00f5es de ferramentas. <\/li><li>Permita que suas postagens sejam exibidas em um pop-up. <\/li><\/ul><p><a href=\"#demo\">Voc\u00ea pode testar todos os recursos do widget na demonstra\u00e7\u00e3o abaixo<\/a><\/p> <\/div> <div class=\"application-platform-content-item- instala\u00e7\u00e3o application-platform-content-item\" id=\" instala\u00e7\u00e3o\" data-nav-section=\" instala\u00e7\u00e3o\"> <h2>Como incorporar o feed do TikTok em meu site Webnode? <\/h2> <p>Basta seguir as orienta\u00e7\u00f5es abaixo para ativar a ferramenta. <\/p> <ol><li><b>Inicie nosso editor gratuito e comece a moldar seu widget personalizado. <\/b><br> Determine o layout selecionado e as caracter\u00edsticas funcionais da ferramenta e salve as modifica\u00e7\u00f5es. <\/li> <li><b>Copie o c\u00f3digo exclusivo que \u00e9 mostrado na janela dos aplicativos Elfsight. <\/b><br> Logo ap\u00f3s terminar a configura\u00e7\u00e3o da sua ferramenta, copie o c\u00f3digo pessoal no popup que surgir e guarde-o para necessidades futuras. <\/li> <li><b>Entre usando o widget no site Webnode. <\/b><br> Adicione o c\u00f3digo que voc\u00ea copiou recentemente em seu site e aplique os ajustes. <\/li> <li><b>A instala\u00e7\u00e3o est\u00e1 totalmente conclu\u00edda. <\/b><br> Acesse seu site para ver como a ferramenta funciona. <\/li><\/ol> <p>Se voc\u00ea tiver alguma dificuldade, entre em contato com nossa equipe de atendimento ao cliente. Nossos consultores est\u00e3o ansiosos para ajud\u00e1-lo com todos os problemas que voc\u00ea possa ter com o widget. <\/p> <\/div><div class=\"faq\" data-component=\"FAQ\"><div class=\"faq-item\">\r\n\t\t\t\t\t<div class=\"faq-item-question\">\r\n\t\t\t\t\t\t<h3 class=\"faq-item-question-text\">Como posso adicionar o TikTok Feed \u00e0 minha p\u00e1gina Webnode sem conhecimento de codifica\u00e7\u00e3o?<\/h3>\r\n\r\n\t\t\t\t\t\t<div class=\"faq-item-question-icon\"><\/div>\r\n\t\t\t\t\t<\/div>\r\n\r\n\t\t\t\t\t<div class=\"faq-item-answer\">\r\n\t\t\t\t\t\t<div class=\"faq-item-answer-text\"><p>A empresa Elfsight oferece um Solu\u00e7\u00e3o em nuvem que permite aos usu\u00e1rios criar um widget TikTok Feed, descubra como \u00e9 simples:<\/p><ul><li>V\u00e1 para o editor ao vivo para criar um plugin TikTok Feed que voc\u00ea gostaria de incluir no site Webnode.<\/li><li>Escolha um de nossos modelos predefinidos e ajuste as configura\u00e7\u00f5es do TikTok Feed, atualize seu conte\u00fado, altere o layout e o esquema de cores sem nenhum conhecimento de codifica\u00e7\u00e3o.<\/li><li>Salve as configura\u00e7\u00f5es que voc\u00ea fez no TikTok Alimente e obtenha o c\u00f3digo para instala\u00e7\u00e3o, que voc\u00ea pode incluir facilmente na p\u00e1gina inicial do Webnode dentro de um plano gratuito.<\/li><\/ul><p>Trabalhando em nosso editor intuitivo, cada usu\u00e1rio da Internet pode instalar o plugin TikTok Feed online e col\u00e1-lo facilmente em seu P\u00e1gina inicial do Webnode. N\u00e3o h\u00e1 necessidade de pagar ou inserir as credenciais do seu cart\u00e3o para acessar o Editor. Se voc\u00ea tiver qualquer tipo de problema, n\u00e3o hesite em entrar em contato com nossa equipe de suporte t\u00e9cnico.<\/p><\/div>\r\n\t\t\t\t\t<\/div>\r\n\t\t\t\t<\/div><\/div>","protected":false},"excerpt":{"rendered":"","protected":false},"author":9,"featured_media":0,"parent":1491,"menu_order":0,"comment_status":"closed","ping_status":"closed","template":"templates\/template-application-platform.php","meta":{"publish_to_discourse":"","publish_post_category":"","wpdc_auto_publish_overridden":"","wpdc_topic_tags":"","wpdc_pin_topic":"","wpdc_pin_until":"","discourse_post_id":"","discourse_permalink":"","wpdc_publishing_response":"","wpdc_publishing_error":"","footnotes":""},"class_list":["post-4715","page","type-page","status-publish","hentry"],"yoast_head":"<!-- This site is optimized with the Yoast SEO plugin v25.3.1 - https:\/\/yoast.com\/wordpress\/plugins\/seo\/ -->\n<title>Adicione o widget TikTok Feed ao site Webnode (r\u00e1pido e gratuito)<\/title>\n<meta name=\"description\" content=\"Implemente um widget Webnode TikTok Feed f\u00e1cil de usar em seu site. Use a demonstra\u00e7\u00e3o pr\u00e1tica da Elfsight e gere seu incr\u00edvel widget TikTok.\" \/>\n<meta name=\"robots\" content=\"index, follow, max-snippet:-1, max-image-preview:large, max-video-preview:-1\" \/>\n<link rel=\"canonical\" href=\"https:\/\/elfsight.com\/pt\/tiktok-feed-widget\/webnode\/\" \/>\n<meta property=\"og:locale\" content=\"pt_PT\" \/>\n<meta property=\"og:type\" content=\"article\" \/>\n<meta property=\"og:title\" content=\"Adicione o widget TikTok Feed ao site Webnode (r\u00e1pido e gratuito)\" \/>\n<meta property=\"og:description\" content=\"Implemente um widget Webnode TikTok Feed f\u00e1cil de usar em seu site. Use a demonstra\u00e7\u00e3o pr\u00e1tica da Elfsight e gere seu incr\u00edvel widget TikTok.\" \/>\n<meta property=\"og:url\" content=\"https:\/\/elfsight.com\/pt\/tiktok-feed-widget\/webnode\/\" \/>\n<meta property=\"og:site_name\" content=\"Elfsight PT\" \/>\n<meta property=\"article:modified_time\" content=\"2024-11-13T11:19:11+00:00\" \/>\n<meta name=\"twitter:card\" content=\"summary_large_image\" \/>\n<meta name=\"twitter:label1\" content=\"Tempo estimado de leitura\" \/>\n\t<meta name=\"twitter:data1\" content=\"2 minutos\" \/>\n<!-- \/ Yoast SEO plugin. -->","yoast_head_json":{"title":"Adicione o widget TikTok Feed ao site Webnode (r\u00e1pido e gratuito)","description":"Implemente um widget Webnode TikTok Feed f\u00e1cil de usar em seu site. Use a demonstra\u00e7\u00e3o pr\u00e1tica da Elfsight e gere seu incr\u00edvel widget TikTok.","robots":{"index":"index","follow":"follow","max-snippet":"max-snippet:-1","max-image-preview":"max-image-preview:large","max-video-preview":"max-video-preview:-1"},"canonical":"https:\/\/elfsight.com\/pt\/tiktok-feed-widget\/webnode\/","og_locale":"pt_PT","og_type":"article","og_title":"Adicione o widget TikTok Feed ao site Webnode (r\u00e1pido e gratuito)","og_description":"Implemente um widget Webnode TikTok Feed f\u00e1cil de usar em seu site. Use a demonstra\u00e7\u00e3o pr\u00e1tica da Elfsight e gere seu incr\u00edvel widget TikTok.","og_url":"https:\/\/elfsight.com\/pt\/tiktok-feed-widget\/webnode\/","og_site_name":"Elfsight PT","article_modified_time":"2024-11-13T11:19:11+00:00","twitter_card":"summary_large_image","twitter_misc":{"Tempo estimado de leitura":"2 minutos"},"schema":{"@context":"https:\/\/schema.org","@graph":[{"@type":"WebPage","@id":"https:\/\/elfsight.com\/pt\/tiktok-feed-widget\/webnode\/","url":"https:\/\/elfsight.com\/pt\/tiktok-feed-widget\/webnode\/","name":"Adicione o widget TikTok Feed ao site Webnode (r\u00e1pido e gratuito)","isPartOf":{"@id":"https:\/\/elfsight.com\/pt\/#website"},"datePublished":"1970-01-01T00:00:00+00:00","dateModified":"2024-11-13T11:19:11+00:00","description":"Implemente um widget Webnode TikTok Feed f\u00e1cil de usar em seu site. Use a demonstra\u00e7\u00e3o pr\u00e1tica da Elfsight e gere seu incr\u00edvel widget TikTok.","breadcrumb":{"@id":"https:\/\/elfsight.com\/pt\/tiktok-feed-widget\/webnode\/#breadcrumb"},"inLanguage":"pt-PT","potentialAction":[{"@type":"ReadAction","target":["https:\/\/elfsight.com\/pt\/tiktok-feed-widget\/webnode\/"]}]},{"@type":"BreadcrumbList","@id":"https:\/\/elfsight.com\/pt\/tiktok-feed-widget\/webnode\/#breadcrumb","itemListElement":[{"@type":"ListItem","position":1,"name":"Home","item":"https:\/\/elfsight.com\/pt\/"},{"@type":"ListItem","position":2,"name":"TikTok Feed","item":"https:\/\/elfsight.com\/pt\/tiktok-feed-widget\/"},{"@type":"ListItem","position":3,"name":"TikTok Feed &#8211; Webnode"}]},{"@type":"WebSite","@id":"https:\/\/elfsight.com\/pt\/#website","url":"https:\/\/elfsight.com\/pt\/","name":"Elfsight PT","description":"Just another Elfsight Sites site","potentialAction":[{"@type":"SearchAction","target":{"@type":"EntryPoint","urlTemplate":"https:\/\/elfsight.com\/pt\/?s={search_term_string}"},"query-input":{"@type":"PropertyValueSpecification","valueRequired":true,"valueName":"search_term_string"}}],"inLanguage":"pt-PT"}]}},"meta_box":{"industry":"","seo_heading":"","heading":"","description":"","cta_heading":"","cta_description":"","application":"1490","h1":"Widget Webnode TikTok Feed","h1_caption":"Exiba seus v\u00eddeos do TikTok em seu site no 1-2-3!","application_category":[],"applications_title":"","applications_request_title":"","applications_request_button_text":"","hero_text":"","hero_video":"","hero_video_schema_markup":"","selling_points_title":"","selling_points_caption":"","selling_points":[],"selling_points_cta_text":"","features_title":"","features":"","ed_cta_examples_text":"","ed_cta_examples_hidden":"","ed_cta_demo_text":"","ed_cta_demo_hidden":"","why_caption":"","why_editor_title":"","why_editor_text":"","why_team_title":"","why_team_text":"","why_service_title":"","why_service_text":"","template_catalog_visible":"","template_catalog_title":"","template_catalog_text":"","template_catalog_categories_visible":"","demo_title":"Crie seu widget de feed TikTok","demo_caption":"Configure seu feed TikTok e adicione-o ao seu site Webnode gratuitamente!","default_faq_hidden":"","app_template_category":[],"platform":"4917","template_public_id":"","codecanyon_url":"","codecanyon_item_id":"","codecanyon_price":"","pricing_caption":"","pricing_elfsight_apps_hide_column":"","pricing_elfsight_apps_url":"","pricing_codecanyon_price_caption":"","integration_category":[],"integration_request_title":"","integration_request_cta":"","integration_platform":"","integrations":[],"platform_category":[],"video_schema_markup":"","price":"a partir de US$ 0\/m\u00eas","trial":"","benefits":[{"text":"Servi\u00e7o de instala\u00e7\u00e3o gratuito"},{"text":"Atendimento ao cliente eficaz"},{"text":"Garantia de devolu\u00e7\u00e3o do dinheiro em 14 dias"},{"text":"Atualiza\u00e7\u00f5es gratuitas cont\u00ednuas"}],"button_url":"#demo","button_target_blank":"0","button_nofollow":"0","attributes":[{"name":"Instala\u00e7\u00f5es","content":"10,000 - 100,000","_state":"expanded"},{"name":"Responsivo","content":"Sim","_state":"expanded"},{"name":"Navegadores compat\u00edveis","content":"Firefox, Safari, Opera, Chrome, Edge"}],"tags":[],"tags_disable_links":"0","hide_more_platforms":"","video_object":"","demo_hide_cta":"0","demo_hide_cloud_options":"0","pricing_title":"","pricing":[{"pricing_icon":"platform","pricing_title":"Elfsight Apps","pricing_title_caption":"Solu\u00e7\u00e3o multiplataforma que funciona em qualquer site","pricing_price":"a partir de US$ 0\/m\u00eas","pricing_price_caption":"comece com um plano gratuito","pricing_benefits":[{"text":"Sites ilimitados"},{"text":"Suporte gratuito e pontual"},{"text":"Suporte gratuito e pontual"},{"text":"Design flex\u00edvel"}],"pricing_button_text":"Adicionar ao site","pricing_button_url":"#demo","_state":"expanded"}],"related_apps_title":"","related_apps_hidden":"1","author":"","image":[],"title":"","job":"","social_networks":[]},"_links":{"self":[{"href":"https:\/\/elfsight.com\/pt\/wp-json\/wp\/v2\/pages\/4715","targetHints":{"allow":["GET"]}}],"collection":[{"href":"https:\/\/elfsight.com\/pt\/wp-json\/wp\/v2\/pages"}],"about":[{"href":"https:\/\/elfsight.com\/pt\/wp-json\/wp\/v2\/types\/page"}],"author":[{"embeddable":true,"href":"https:\/\/elfsight.com\/pt\/wp-json\/wp\/v2\/users\/9"}],"replies":[{"embeddable":true,"href":"https:\/\/elfsight.com\/pt\/wp-json\/wp\/v2\/comments?post=4715"}],"version-history":[{"count":2,"href":"https:\/\/elfsight.com\/pt\/wp-json\/wp\/v2\/pages\/4715\/revisions"}],"predecessor-version":[{"id":12308,"href":"https:\/\/elfsight.com\/pt\/wp-json\/wp\/v2\/pages\/4715\/revisions\/12308"}],"up":[{"embeddable":true,"href":"https:\/\/elfsight.com\/pt\/wp-json\/wp\/v2\/pages\/1491"}],"wp:attachment":[{"href":"https:\/\/elfsight.com\/pt\/wp-json\/wp\/v2\/media?parent=4715"}],"curies":[{"name":"wp","href":"https:\/\/api.w.org\/{rel}","templated":true}]}}