{"id":4707,"date":"1970-01-01T00:00:00","date_gmt":"1970-01-01T00:00:00","guid":{"rendered":"https:\/\/elfsight.com\/pt\/?page_id=4707"},"modified":"2024-11-13T11:19:11","modified_gmt":"2024-11-13T11:19:11","slug":"webflow","status":"publish","type":"page","link":"https:\/\/elfsight.com\/pt\/tiktok-feed-widget\/webflow\/","title":{"rendered":"TikTok Feed &#8211; Webflow"},"content":{"rendered":"<div class=\"application-platform-content-item-description application-platform-content-item\" id=\"description\" data-nav-section=\"description\"> <h2>Incorpore o feed do TikTok no Webflow com o widget Elfsight<\/h2> <p>O Elfsight TiKTok Feed for Webflow \u00e9 um widget especial para marketing, n\u00e3o apenas itens, mas emo\u00e7\u00f5es e experi\u00eancias. Ao us\u00e1-lo voc\u00ea pode construir um feed individualizado composto pelo conte\u00fado do TikTok \u2013 e coloc\u00e1-lo diretamente em sua p\u00e1gina web. Construa uma galeria de v\u00eddeos no 1-2-3! Aproveite o controle total sobre o conte\u00fado apresentado e remova spam e qualquer conte\u00fado indesejado usando modera\u00e7\u00e3o manual. O editor online totalmente responsivo oferece v\u00e1rios modelos para voc\u00ea escolher. <\/p> <p><b>Obtenha o melhor do TikTok Feed para atingir seus objetivos de neg\u00f3cios mais rapidamente! <\/b><\/p> <\/div> <div class=\"application-platform-content-item-features application-platform-content-item\" id=\"features\" data-nav-section=\"features\"> <h2>Oferecemos recursos valiosos e r\u00e1pidos, confira alguns deles: <\/h2> <ul><li>Oculte o cabe\u00e7alho para fazer sua ferramenta parece minimalista. <\/li><li>Elimine qualquer spam e conte\u00fado indesejado por meio de modera\u00e7\u00e3o manual. <\/li><li>Coloque o bot\u00e3o Seguir no feed da ferramenta. <\/li><li>Fa\u00e7a com que suas postagens sejam visualizadas em modo pop-up. <\/li><\/ul><p><a href=\"#demo\">Basta verificar esta demonstra\u00e7\u00e3o para ver quanto vale o widget<\/a><\/p> <\/div> <div class=\"application-platform-content-item-installation application-platform-content-item\" id=\"installation\" data-nav-section=\"installation\"> <h2>Como posso adicionar o TikTok Feed ao meu site Webflow? <\/h2> <p>Basta seguir algumas etapas descritas abaixo para come\u00e7ar a usar a ferramenta. <\/p> <ol><li><b>Utilize nossa demonstra\u00e7\u00e3o gratuita e comece a criar seu instrumento exclusivo. <\/b><br> Encontre a forma desej\u00e1vel e as caracter\u00edsticas funcionais do plugin e aplique as modifica\u00e7\u00f5es. <\/li> <li><b>Copie o c\u00f3digo individual que aparece no formul\u00e1rio especial nas aplica\u00e7\u00f5es Elfsight. <\/b><br> Quando a cria\u00e7\u00e3o da sua ferramenta estiver conclu\u00edda, copie o c\u00f3digo pessoal da caixa que surgiu e salve-o para uso posterior. <\/li> <li><b>Entre usando a ferramenta na p\u00e1gina inicial do Webflow. <\/b><br> Coloque o c\u00f3digo salvo anteriormente em seu site e salve as melhorias. <\/li> <li><b>A instala\u00e7\u00e3o foi totalmente realizada. <\/b><br> Visite sua p\u00e1gina da web para ver em a\u00e7\u00e3o como a ferramenta funciona. <\/li><\/ol> <p>Caso tenha d\u00favidas ou encontre alguma dificuldade, n\u00e3o hesite em entrar em contato com nossa equipe de suporte. Nossos especialistas ter\u00e3o prazer em ajud\u00e1-lo com todas as d\u00favidas que voc\u00ea possa ter sobre o plugin. <\/p> <\/div><div class=\"faq\" data-component=\"FAQ\"><div class=\"faq-item\">\r\n\t\t\t\t\t<div class=\"faq-item-question\">\r\n\t\t\t\t\t\t<h3 class=\"faq-item-question-text\">Existe um m\u00e9todo para adicionar o TikTok Feed ao meu site Webflow sem codifica\u00e7\u00e3o?<\/h3>\r\n\r\n\t\t\t\t\t\t<div class=\"faq-item-question-icon\"><\/div>\r\n\t\t\t\t\t<\/div>\r\n\r\n\t\t\t\t\t<div class=\"faq-item-answer\">\r\n\t\t\t\t\t\t<div class=\"faq-item-answer-text\"><p>A empresa Elfsight apresenta um solu\u00e7\u00e3o que permite aos propriet\u00e1rios de sites estabelecerem voc\u00ea mesmo um aplicativo TikTok Feed, aprenda as instru\u00e7\u00f5es simples:<\/p><ul><li>Trabalhe diretamente na demonstra\u00e7\u00e3o on-line para formar um aplicativo TikTok Feed que voc\u00ea gostaria de integrar em sua p\u00e1gina inicial do Webflow.<\/li><li>Clique em um dos modelos prontos e altere as configura\u00e7\u00f5es do TikTok Feed, altere o layout e o esquema de cores, atualize seu conte\u00fado sem qualquer experi\u00eancia de codifica\u00e7\u00e3o.<\/li><li>Clique para salvar o TikTok Feed e obtenha seu c\u00f3digo de instala\u00e7\u00e3o, que pode ser simplesmente colado em qualquer site do Webflow sem comprar um plano pago.<\/li><\/ul><p>Usando o Configurador simples, qualquer usu\u00e1rio da web pode criar o TikTok Feed e simplesmente inclu\u00ed-lo em qualquer Webflow p\u00e1gina da Internet. Voc\u00ea n\u00e3o deve obter uma assinatura paga ou divulgar os dados do seu cart\u00e3o para entrar no servi\u00e7o Elfsight. Se voc\u00ea enfrentar algum problema em qualquer etapa, fale com nossa equipe de suporte.<\/p><\/div>\r\n\t\t\t\t\t<\/div>\r\n\t\t\t\t<\/div><\/div>","protected":false},"excerpt":{"rendered":"","protected":false},"author":9,"featured_media":0,"parent":1491,"menu_order":0,"comment_status":"closed","ping_status":"closed","template":"templates\/template-application-platform.php","meta":{"publish_to_discourse":"","publish_post_category":"","wpdc_auto_publish_overridden":"","wpdc_topic_tags":"","wpdc_pin_topic":"","wpdc_pin_until":"","discourse_post_id":"","discourse_permalink":"","wpdc_publishing_response":"","wpdc_publishing_error":"","footnotes":""},"class_list":["post-4707","page","type-page","status-publish","hentry"],"yoast_head":"<!-- This site is optimized with the Yoast SEO plugin v25.3.1 - https:\/\/yoast.com\/wordpress\/plugins\/seo\/ -->\n<title>Adicione o widget TikTok Feed ao site Webflow (r\u00e1pido e gratuito)<\/title>\n<meta name=\"description\" content=\"Integre um widget Webflow TikTok Feed f\u00e1cil de usar em seu site. Experimente a demonstra\u00e7\u00e3o pr\u00e1tica da Elfsight e modifique seu lindo widget TikTok.\" \/>\n<meta name=\"robots\" content=\"index, follow, max-snippet:-1, max-image-preview:large, max-video-preview:-1\" \/>\n<link rel=\"canonical\" href=\"https:\/\/elfsight.com\/pt\/tiktok-feed-widget\/webflow\/\" \/>\n<meta property=\"og:locale\" content=\"pt_PT\" \/>\n<meta property=\"og:type\" content=\"article\" \/>\n<meta property=\"og:title\" content=\"Adicione o widget TikTok Feed ao site Webflow (r\u00e1pido e gratuito)\" \/>\n<meta property=\"og:description\" content=\"Integre um widget Webflow TikTok Feed f\u00e1cil de usar em seu site. Experimente a demonstra\u00e7\u00e3o pr\u00e1tica da Elfsight e modifique seu lindo widget TikTok.\" \/>\n<meta property=\"og:url\" content=\"https:\/\/elfsight.com\/pt\/tiktok-feed-widget\/webflow\/\" \/>\n<meta property=\"og:site_name\" content=\"Elfsight PT\" \/>\n<meta property=\"article:modified_time\" content=\"2024-11-13T11:19:11+00:00\" \/>\n<meta name=\"twitter:card\" content=\"summary_large_image\" \/>\n<meta name=\"twitter:label1\" content=\"Tempo estimado de leitura\" \/>\n\t<meta name=\"twitter:data1\" content=\"2 minutos\" \/>\n<!-- \/ Yoast SEO plugin. -->","yoast_head_json":{"title":"Adicione o widget TikTok Feed ao site Webflow (r\u00e1pido e gratuito)","description":"Integre um widget Webflow TikTok Feed f\u00e1cil de usar em seu site. Experimente a demonstra\u00e7\u00e3o pr\u00e1tica da Elfsight e modifique seu lindo widget TikTok.","robots":{"index":"index","follow":"follow","max-snippet":"max-snippet:-1","max-image-preview":"max-image-preview:large","max-video-preview":"max-video-preview:-1"},"canonical":"https:\/\/elfsight.com\/pt\/tiktok-feed-widget\/webflow\/","og_locale":"pt_PT","og_type":"article","og_title":"Adicione o widget TikTok Feed ao site Webflow (r\u00e1pido e gratuito)","og_description":"Integre um widget Webflow TikTok Feed f\u00e1cil de usar em seu site. Experimente a demonstra\u00e7\u00e3o pr\u00e1tica da Elfsight e modifique seu lindo widget TikTok.","og_url":"https:\/\/elfsight.com\/pt\/tiktok-feed-widget\/webflow\/","og_site_name":"Elfsight PT","article_modified_time":"2024-11-13T11:19:11+00:00","twitter_card":"summary_large_image","twitter_misc":{"Tempo estimado de leitura":"2 minutos"},"schema":{"@context":"https:\/\/schema.org","@graph":[{"@type":"WebPage","@id":"https:\/\/elfsight.com\/pt\/tiktok-feed-widget\/webflow\/","url":"https:\/\/elfsight.com\/pt\/tiktok-feed-widget\/webflow\/","name":"Adicione o widget TikTok Feed ao site Webflow (r\u00e1pido e gratuito)","isPartOf":{"@id":"https:\/\/elfsight.com\/pt\/#website"},"datePublished":"1970-01-01T00:00:00+00:00","dateModified":"2024-11-13T11:19:11+00:00","description":"Integre um widget Webflow TikTok Feed f\u00e1cil de usar em seu site. Experimente a demonstra\u00e7\u00e3o pr\u00e1tica da Elfsight e modifique seu lindo widget TikTok.","breadcrumb":{"@id":"https:\/\/elfsight.com\/pt\/tiktok-feed-widget\/webflow\/#breadcrumb"},"inLanguage":"pt-PT","potentialAction":[{"@type":"ReadAction","target":["https:\/\/elfsight.com\/pt\/tiktok-feed-widget\/webflow\/"]}]},{"@type":"BreadcrumbList","@id":"https:\/\/elfsight.com\/pt\/tiktok-feed-widget\/webflow\/#breadcrumb","itemListElement":[{"@type":"ListItem","position":1,"name":"Home","item":"https:\/\/elfsight.com\/pt\/"},{"@type":"ListItem","position":2,"name":"TikTok Feed","item":"https:\/\/elfsight.com\/pt\/tiktok-feed-widget\/"},{"@type":"ListItem","position":3,"name":"TikTok Feed &#8211; Webflow"}]},{"@type":"WebSite","@id":"https:\/\/elfsight.com\/pt\/#website","url":"https:\/\/elfsight.com\/pt\/","name":"Elfsight PT","description":"Just another Elfsight Sites site","potentialAction":[{"@type":"SearchAction","target":{"@type":"EntryPoint","urlTemplate":"https:\/\/elfsight.com\/pt\/?s={search_term_string}"},"query-input":{"@type":"PropertyValueSpecification","valueRequired":true,"valueName":"search_term_string"}}],"inLanguage":"pt-PT"}]}},"meta_box":{"industry":"","seo_heading":"","heading":"","description":"","cta_heading":"","cta_description":"","application":"1490","h1":"Widget de feed do Webflow TikTok","h1_caption":"Exiba suas publica\u00e7\u00f5es do TikTok em seu site com um clique!","application_category":[],"applications_title":"","applications_request_title":"","applications_request_button_text":"","hero_text":"","hero_video":"","hero_video_schema_markup":"","selling_points_title":"","selling_points_caption":"","selling_points":[],"selling_points_cta_text":"","features_title":"","features":"","ed_cta_examples_text":"","ed_cta_examples_hidden":"","ed_cta_demo_text":"","ed_cta_demo_hidden":"","why_caption":"","why_editor_title":"","why_editor_text":"","why_team_title":"","why_team_text":"","why_service_title":"","why_service_text":"","template_catalog_visible":"","template_catalog_title":"","template_catalog_text":"","template_catalog_categories_visible":"","demo_title":"Crie seu widget de feed TikTok","demo_caption":"Configure seu TikTok Feed e adicione-o ao seu site Webflow gratuitamente!","default_faq_hidden":"","app_template_category":[],"platform":"70","template_public_id":"","codecanyon_url":"","codecanyon_item_id":"","codecanyon_price":"","pricing_caption":"","pricing_elfsight_apps_hide_column":"","pricing_elfsight_apps_url":"","pricing_codecanyon_price_caption":"","integration_category":[],"integration_request_title":"","integration_request_cta":"","integration_platform":"","integrations":[],"platform_category":[],"video_schema_markup":"","price":"a partir de US$ 0\/m\u00eas","trial":"","benefits":[{"text":"Servi\u00e7o de instala\u00e7\u00e3o gratuito"},{"text":"Suporte excepcional"},{"text":"Garantia de devolu\u00e7\u00e3o do dinheiro em 14 dias"},{"text":"Atualiza\u00e7\u00f5es gratuitas vital\u00edcias"}],"button_url":"#demo","button_target_blank":"0","button_nofollow":"0","attributes":[{"name":"Instala\u00e7\u00f5es","content":"10,000 - 100,000","_state":"expanded"},{"name":"Responsivo","content":"Sim","_state":"expanded"},{"name":"Navegadores compat\u00edveis","content":"Firefox, Safari, Opera, Chrome, Edge"}],"tags":[],"tags_disable_links":"0","hide_more_platforms":"","video_object":"","demo_hide_cta":"0","demo_hide_cloud_options":"0","pricing_title":"","pricing":[{"pricing_icon":"platform","pricing_title":"Elfsight Apps","pricing_title_caption":"Vers\u00e3o multiplataforma adequada para qualquer site","pricing_price":"a partir de US$ 0\/m\u00eas","pricing_price_caption":"comece com um plano gratuito","pricing_benefits":[{"text":"Dom\u00ednios ilimitados"},{"text":"Suporte r\u00e1pido e pontual"},{"text":"Suporte r\u00e1pido e pontual"},{"text":"100% personaliz\u00e1vel"}],"pricing_button_text":"Adicionar ao site","pricing_button_url":"#demo","_state":"expanded"}],"related_apps_title":"","related_apps_hidden":"1","author":"","image":[],"title":"","job":"","social_networks":[]},"_links":{"self":[{"href":"https:\/\/elfsight.com\/pt\/wp-json\/wp\/v2\/pages\/4707","targetHints":{"allow":["GET"]}}],"collection":[{"href":"https:\/\/elfsight.com\/pt\/wp-json\/wp\/v2\/pages"}],"about":[{"href":"https:\/\/elfsight.com\/pt\/wp-json\/wp\/v2\/types\/page"}],"author":[{"embeddable":true,"href":"https:\/\/elfsight.com\/pt\/wp-json\/wp\/v2\/users\/9"}],"replies":[{"embeddable":true,"href":"https:\/\/elfsight.com\/pt\/wp-json\/wp\/v2\/comments?post=4707"}],"version-history":[{"count":2,"href":"https:\/\/elfsight.com\/pt\/wp-json\/wp\/v2\/pages\/4707\/revisions"}],"predecessor-version":[{"id":12309,"href":"https:\/\/elfsight.com\/pt\/wp-json\/wp\/v2\/pages\/4707\/revisions\/12309"}],"up":[{"embeddable":true,"href":"https:\/\/elfsight.com\/pt\/wp-json\/wp\/v2\/pages\/1491"}],"wp:attachment":[{"href":"https:\/\/elfsight.com\/pt\/wp-json\/wp\/v2\/media?parent=4707"}],"curies":[{"name":"wp","href":"https:\/\/api.w.org\/{rel}","templated":true}]}}