{"id":4705,"date":"1970-01-01T00:00:00","date_gmt":"1970-01-01T00:00:00","guid":{"rendered":"https:\/\/elfsight.com\/pt\/?page_id=4705"},"modified":"2024-11-13T11:20:07","modified_gmt":"2024-11-13T11:20:07","slug":"squarespace","status":"publish","type":"page","link":"https:\/\/elfsight.com\/pt\/social-feed-widget\/squarespace\/","title":{"rendered":"Social Feed &#8211; Squarespace"},"content":{"rendered":"<div class=\"application-platform-content-item-description application-platform-content-item\" id=\"description\" data-nav-section=\"description\"> <h2>Incorpore Social Feed no Squarespace com o widget Elfsight<\/h2> <p>Elfsight Social Feed for Squarespace \u00e9 uma ferramenta para vender n\u00e3o apenas coisas , mas emo\u00e7\u00f5es e experi\u00eancias. Ao us\u00e1-lo voc\u00ea pode criar um feed personalizado composto por conte\u00fado de diversas redes: Instagram, Pinterest, Facebook, Twitter, Tumblr, YouTube, Vimeo &#8211; e exibi-lo diretamente no seu site. Crie uma galeria ou cat\u00e1logo de produtos em poucos minutos! Aproveite o controle total sobre um conte\u00fado demonstrado com in\u00fameras op\u00e7\u00f5es de filtro e elimine spam e qualquer conte\u00fado indesejado usando modera\u00e7\u00e3o manual. O configurador online totalmente responsivo oferece diferentes modelos para voc\u00ea selecionar. <\/p> <p><b>Com o Social Wall, veja o desenvolvimento ativo de neg\u00f3cios e maiores vendas <\/b><\/p> <\/div> <div class=\"application-platform-content-item-features application-platform-content-item\" id=\"features\" data-nav-section=\"features\"> <h2>Aqui est\u00e3o os recursos b\u00e1sicos do widget: <\/h2> <ul><li>Exiba seu conte\u00fado de m\u00eddia social em diversas m\u00eddias sociais. <\/li><li>Remova qualquer spam e conte\u00fado indesejado usando o modo de modera\u00e7\u00e3o manual. <\/li><li>Coloque o bot\u00e3o Seguir nos cart\u00f5es de widget. <\/li><li>Fa\u00e7a suas postagens aparecerem em um pop-up. <\/li><\/ul><p><a href=\"#demo\">Voc\u00ea pode ver o que o plugin oferece experimentando a demonstra\u00e7\u00e3o<\/a><\/p> <\/div> <div class=\"application-platform-content-item-installation application-platform-content-item\" id=\"installation\" data-nav-section=\"installation\"> <h2>Como incorporar o plugin Social Media Feed no meu site Squarespace? <\/h2> <p>Basta seguir as etapas abaixo para adicionar a ferramenta. <\/p> <ol><li><b>Utilize nosso editor gratuito e comece a moldar seu plugin personalizado. <\/b><br> Especifique a forma selecionada e a funcionalidade do plugin e salve as modifica\u00e7\u00f5es. <\/li> <li><b>Copie o seu c\u00f3digo pessoal que aparece na caixa nas aplica\u00e7\u00f5es Elfsight. <\/b><br> Logo ap\u00f3s a cria\u00e7\u00e3o do seu widget pessoal, copie o c\u00f3digo exclusivo na caixa exibida e guarde-o para uso futuro. <\/li> <li><b>Iniciar a utiliza\u00e7\u00e3o do plugin Social Wall na p\u00e1gina inicial do Squarespace. <\/b><br> Implemente o c\u00f3digo copiado recentemente em sua p\u00e1gina da web e salve as edi\u00e7\u00f5es. <\/li> <li><b>A instala\u00e7\u00e3o foi finalizada com sucesso. <\/b><br> Visite sua p\u00e1gina para ver como o plugin funciona. <\/li><\/ol> <p>Na condi\u00e7\u00e3o de lidar com d\u00favidas ou enfrentar quaisquer problemas, sinta-se \u00e0 vontade para entrar em contato com nossa equipe de atendimento ao cliente. Nossos especialistas ficar\u00e3o entusiasmados em resolver todos os problemas que voc\u00ea possa ter com o produto. <\/p> <\/div><div class=\"faq\" data-component=\"FAQ\"><div class=\"faq-item\">\r\n\t\t\t\t\t<div class=\"faq-item-question\">\r\n\t\t\t\t\t\t<h3 class=\"faq-item-question-text\">De que maneira posso incorporar o Social Feed ao meu Squarespace sem nenhuma habilidade de codifica\u00e7\u00e3o?<\/h3>\r\n\r\n\t\t\t\t\t\t<div class=\"faq-item-question-icon\"><\/div>\r\n\t\t\t\t\t<\/div>\r\n\r\n\t\t\t\t\t<div class=\"faq-item-answer\">\r\n\t\t\t\t\t\t<div class=\"faq-item-answer-text\"><p>A empresa Elfsight apresenta uma solu\u00e7\u00e3o em nuvem que permite ao usu\u00e1rio criar um aplicativo de feed social, saiba como o processo \u00e9 descomplicado: <\/p><ul><li>V\u00e1 para o editor ao vivo para criar uma se\u00e7\u00e3o de feed social que voc\u00ea gostaria de integrar no Squarespace.<\/li><li>Escolha um de nossos modelos prontos e ajuste as configura\u00e7\u00f5es do Social Feed, altere o layout e o esquema de cores, inclua seu conte\u00fado sem codifica\u00e7\u00e3o.<\/li><li>Salve as configura\u00e7\u00f5es que voc\u00ea fez em Social Feed e obtenha o c\u00f3digo do widget para instala\u00e7\u00e3o, que pode ser simplesmente inclu\u00eddo gratuitamente no site do Squarespace.<\/li><\/ul><p>Trabalhando no Editor intuitivo, qualquer usu\u00e1rio da web pode gerar a se\u00e7\u00e3o Social Feed e incorpor\u00e1-la ao Site do Squarespace. N\u00e3o \u00e9 necess\u00e1rio pagar ou divulgar os dados do seu cart\u00e3o para entrar no Elfsight Editor. Se voc\u00ea encontrar algum problema em qualquer etapa, fale com nosso suporte ao cliente.<\/p><\/div>\r\n\t\t\t\t\t<\/div>\r\n\t\t\t\t<\/div><\/div>","protected":false},"excerpt":{"rendered":"","protected":false},"author":9,"featured_media":0,"parent":462,"menu_order":0,"comment_status":"closed","ping_status":"closed","template":"templates\/template-application-platform.php","meta":{"publish_to_discourse":"","publish_post_category":"","wpdc_auto_publish_overridden":"","wpdc_topic_tags":"","wpdc_pin_topic":"","wpdc_pin_until":"","discourse_post_id":"","discourse_permalink":"","wpdc_publishing_response":"","wpdc_publishing_error":"","footnotes":""},"class_list":["post-4705","page","type-page","status-publish","hentry"],"yoast_head":"<!-- This site is optimized with the Yoast SEO plugin v25.3.1 - https:\/\/yoast.com\/wordpress\/plugins\/seo\/ -->\n<title>Adicione o plugin Social Wall ao site Squarespace (r\u00e1pido e gratuito)<\/title>\n<meta name=\"description\" content=\"Implemente um plugin responsivo de feed social do Squarespace em seu site do Squarespace. Experimente a demonstra\u00e7\u00e3o pr\u00e1tica da Elfsight e gere seu impressionante plugin Social Wall.\" \/>\n<meta name=\"robots\" content=\"index, follow, max-snippet:-1, max-image-preview:large, max-video-preview:-1\" \/>\n<link rel=\"canonical\" href=\"https:\/\/elfsight.com\/pt\/social-feed-widget\/squarespace\/\" \/>\n<meta property=\"og:locale\" content=\"pt_PT\" \/>\n<meta property=\"og:type\" content=\"article\" \/>\n<meta property=\"og:title\" content=\"Adicione o plugin Social Wall ao site Squarespace (r\u00e1pido e gratuito)\" \/>\n<meta property=\"og:description\" content=\"Implemente um plugin responsivo de feed social do Squarespace em seu site do Squarespace. Experimente a demonstra\u00e7\u00e3o pr\u00e1tica da Elfsight e gere seu impressionante plugin Social Wall.\" \/>\n<meta property=\"og:url\" content=\"https:\/\/elfsight.com\/pt\/social-feed-widget\/squarespace\/\" \/>\n<meta property=\"og:site_name\" content=\"Elfsight PT\" \/>\n<meta property=\"article:modified_time\" content=\"2024-11-13T11:20:07+00:00\" \/>\n<meta name=\"twitter:card\" content=\"summary_large_image\" \/>\n<meta name=\"twitter:label1\" content=\"Tempo estimado de leitura\" \/>\n\t<meta name=\"twitter:data1\" content=\"2 minutos\" \/>\n<!-- \/ Yoast SEO plugin. -->","yoast_head_json":{"title":"Adicione o plugin Social Wall ao site Squarespace (r\u00e1pido e gratuito)","description":"Implemente um plugin responsivo de feed social do Squarespace em seu site do Squarespace. Experimente a demonstra\u00e7\u00e3o pr\u00e1tica da Elfsight e gere seu impressionante plugin Social Wall.","robots":{"index":"index","follow":"follow","max-snippet":"max-snippet:-1","max-image-preview":"max-image-preview:large","max-video-preview":"max-video-preview:-1"},"canonical":"https:\/\/elfsight.com\/pt\/social-feed-widget\/squarespace\/","og_locale":"pt_PT","og_type":"article","og_title":"Adicione o plugin Social Wall ao site Squarespace (r\u00e1pido e gratuito)","og_description":"Implemente um plugin responsivo de feed social do Squarespace em seu site do Squarespace. Experimente a demonstra\u00e7\u00e3o pr\u00e1tica da Elfsight e gere seu impressionante plugin Social Wall.","og_url":"https:\/\/elfsight.com\/pt\/social-feed-widget\/squarespace\/","og_site_name":"Elfsight PT","article_modified_time":"2024-11-13T11:20:07+00:00","twitter_card":"summary_large_image","twitter_misc":{"Tempo estimado de leitura":"2 minutos"},"schema":{"@context":"https:\/\/schema.org","@graph":[{"@type":"WebPage","@id":"https:\/\/elfsight.com\/pt\/social-feed-widget\/squarespace\/","url":"https:\/\/elfsight.com\/pt\/social-feed-widget\/squarespace\/","name":"Adicione o plugin Social Wall ao site Squarespace (r\u00e1pido e gratuito)","isPartOf":{"@id":"https:\/\/elfsight.com\/pt\/#website"},"datePublished":"1970-01-01T00:00:00+00:00","dateModified":"2024-11-13T11:20:07+00:00","description":"Implemente um plugin responsivo de feed social do Squarespace em seu site do Squarespace. Experimente a demonstra\u00e7\u00e3o pr\u00e1tica da Elfsight e gere seu impressionante plugin Social Wall.","breadcrumb":{"@id":"https:\/\/elfsight.com\/pt\/social-feed-widget\/squarespace\/#breadcrumb"},"inLanguage":"pt-PT","potentialAction":[{"@type":"ReadAction","target":["https:\/\/elfsight.com\/pt\/social-feed-widget\/squarespace\/"]}]},{"@type":"BreadcrumbList","@id":"https:\/\/elfsight.com\/pt\/social-feed-widget\/squarespace\/#breadcrumb","itemListElement":[{"@type":"ListItem","position":1,"name":"Home","item":"https:\/\/elfsight.com\/pt\/"},{"@type":"ListItem","position":2,"name":"Social Feed","item":"https:\/\/elfsight.com\/pt\/social-feed-widget\/"},{"@type":"ListItem","position":3,"name":"Social Feed &#8211; Squarespace"}]},{"@type":"WebSite","@id":"https:\/\/elfsight.com\/pt\/#website","url":"https:\/\/elfsight.com\/pt\/","name":"Elfsight PT","description":"Just another Elfsight Sites site","potentialAction":[{"@type":"SearchAction","target":{"@type":"EntryPoint","urlTemplate":"https:\/\/elfsight.com\/pt\/?s={search_term_string}"},"query-input":{"@type":"PropertyValueSpecification","valueRequired":true,"valueName":"search_term_string"}}],"inLanguage":"pt-PT"}]}},"meta_box":{"industry":"","seo_heading":"","heading":"","description":"","cta_heading":"","cta_description":"","application":"461","h1":"Plug-in de feed de m\u00eddia social do Squarespace","h1_caption":"Demonstre suas publica\u00e7\u00f5es em todas as plataformas populares de m\u00eddia social","application_category":[],"applications_title":"","applications_request_title":"","applications_request_button_text":"","hero_text":"","hero_video":"","hero_video_schema_markup":"","selling_points_title":"","selling_points_caption":"","selling_points":[],"selling_points_cta_text":"","features_title":"","features":"","ed_cta_examples_text":"","ed_cta_examples_hidden":"","ed_cta_demo_text":"","ed_cta_demo_hidden":"","why_caption":"","why_editor_title":"","why_editor_text":"","why_team_title":"","why_team_text":"","why_service_title":"","why_service_text":"","template_catalog_visible":"","template_catalog_title":"","template_catalog_text":"","template_catalog_categories_visible":"","demo_title":"Crie seu plugin de feed social","demo_caption":"Configure seu feed social e adicione-o ao seu site do Squarespace gratuitamente!","default_faq_hidden":"","app_template_category":[],"platform":"67","template_public_id":"","codecanyon_url":"","codecanyon_item_id":"","codecanyon_price":"","pricing_caption":"","pricing_elfsight_apps_hide_column":"","pricing_elfsight_apps_url":"","pricing_codecanyon_price_caption":"","integration_category":[],"integration_request_title":"","integration_request_cta":"","integration_platform":"","integrations":[],"platform_category":[],"video_schema_markup":"","price":"a partir de US$ 0\/m\u00eas","trial":"","benefits":[{"text":"Assist\u00eancia de instala\u00e7\u00e3o gratuita"},{"text":"Atendimento ao cliente eficaz"},{"text":"Garantia de reembolso de 14 dias"},{"text":"Melhorias gratuitas cont\u00ednuas"}],"button_url":"#demo","button_target_blank":"0","button_nofollow":"0","attributes":[{"name":"Instala\u00e7\u00f5es","content":"100,000 - 500,000","_state":"expanded"},{"name":"Responsivo","content":"Sim","_state":"expanded"},{"name":"Navegadores compat\u00edveis","content":"Firefox, Safari, Opera, Edge"}],"tags":[],"tags_disable_links":"0","hide_more_platforms":"","video_object":"","demo_hide_cta":"0","demo_hide_cloud_options":"0","pricing_title":"","pricing":[{"pricing_icon":"platform","pricing_title":"Elfsight Apps","pricing_title_caption":"Vers\u00e3o multiplataforma","pricing_price":"a partir de US$ 0\/m\u00eas","pricing_price_caption":"comece com um plano gratuito","pricing_benefits":[{"text":"Sites ilimitados"},{"text":"Suporte r\u00e1pido"},{"text":"Suporte r\u00e1pido"},{"text":"Oferta especial para v\u00e1rios aplicativos"}],"pricing_button_text":"Adicionar ao site","pricing_button_url":"#demo","_state":"expanded"}],"related_apps_title":"","related_apps_hidden":"1","author":"","image":[],"title":"","job":"","social_networks":[]},"_links":{"self":[{"href":"https:\/\/elfsight.com\/pt\/wp-json\/wp\/v2\/pages\/4705","targetHints":{"allow":["GET"]}}],"collection":[{"href":"https:\/\/elfsight.com\/pt\/wp-json\/wp\/v2\/pages"}],"about":[{"href":"https:\/\/elfsight.com\/pt\/wp-json\/wp\/v2\/types\/page"}],"author":[{"embeddable":true,"href":"https:\/\/elfsight.com\/pt\/wp-json\/wp\/v2\/users\/9"}],"replies":[{"embeddable":true,"href":"https:\/\/elfsight.com\/pt\/wp-json\/wp\/v2\/comments?post=4705"}],"version-history":[{"count":2,"href":"https:\/\/elfsight.com\/pt\/wp-json\/wp\/v2\/pages\/4705\/revisions"}],"predecessor-version":[{"id":12208,"href":"https:\/\/elfsight.com\/pt\/wp-json\/wp\/v2\/pages\/4705\/revisions\/12208"}],"up":[{"embeddable":true,"href":"https:\/\/elfsight.com\/pt\/wp-json\/wp\/v2\/pages\/462"}],"wp:attachment":[{"href":"https:\/\/elfsight.com\/pt\/wp-json\/wp\/v2\/media?parent=4705"}],"curies":[{"name":"wp","href":"https:\/\/api.w.org\/{rel}","templated":true}]}}