{"id":4697,"date":"1970-01-01T00:00:00","date_gmt":"1970-01-01T00:00:00","guid":{"rendered":"https:\/\/elfsight.com\/pt\/?page_id=4697"},"modified":"2024-11-13T11:20:07","modified_gmt":"2024-11-13T11:20:07","slug":"shopify","status":"publish","type":"page","link":"https:\/\/elfsight.com\/pt\/social-feed-widget\/shopify\/","title":{"rendered":"Social Feed &#8211; Shopify"},"content":{"rendered":"<div class=\"application-platform-content-item-description application-platform-content-item\" id=\"description\" data-nav-section=\"description\"> <h2>Incorporar produto na plataforma com o widget Elfsight<\/h2> <p>Elfsight Social Feed para Shopify \u00e9 um aplicativo especial para vender n\u00e3o apenas itens , mas emo\u00e7\u00f5es e experi\u00eancias. Ao utiliz\u00e1-lo voc\u00ea pode construir um feed personalizado composto por conte\u00fado de diversas m\u00eddias sociais: Instagram, Pinterest, Facebook, Twitter, Tumblr, YouTube, Vimeo &#8211; e demonstr\u00e1-lo diretamente em seu site. Crie uma galeria ou cat\u00e1logo de produtos no 1-2-3! Aproveite o controle total sobre o conte\u00fado demonstrado com v\u00e1rias op\u00e7\u00f5es de filtro e livre-se de spam e qualquer conte\u00fado indesejado por meio de modera\u00e7\u00e3o manual. O configurador online totalmente responsivo oferece diferentes modelos para voc\u00ea escolher. <\/p> <p><b>Torne seu site mais bem-sucedido para os objetivos de neg\u00f3cios com a ajuda do Social Wall<\/b><\/p> <\/div> <div class=\"application-platform-content-item-features application-platform-content-item\" id=\"features\" data-nav-section=\"features\"> <h2>Aqui est\u00e3o os principais recursos do aplicativo: <\/h2> <ul><li>Mostre seu conte\u00fado de m\u00eddia social de v\u00e1rias fontes. <\/li><li>Elimine qualquer spam e conte\u00fado indesejado atrav\u00e9s do modo de modera\u00e7\u00e3o manual. <\/li><li>Coloque o bot\u00e3o Seguir no feed do widget. <\/li><li>Deixe suas postagens aparecerem em um pop-up. <\/li><\/ul><p><a href=\"#demo\">Voc\u00ea pode ver qual aplicativo vale a pena experimentar na demonstra\u00e7\u00e3o<\/a><\/p> <\/div> <div class=\"application-platform-content-item-installation  application-platform-content-item\" id=\"installation \" data-nav-section=\"installation \"> <h2>Como incorporar o aplicativo Social Media Feed em meu site Shopify? <\/h2> <p>Basta seguir as instru\u00e7\u00f5es abaixo para adicionar a ferramenta. <\/p> <ol><li><b>Utilize nosso configurador gratuito e comece a moldar seu aplicativo exclusivo. <\/b><br> Escolha o design e as op\u00e7\u00f5es preferidas do plugin e salve as modifica\u00e7\u00f5es. <\/li> <li><b>Obtenha o c\u00f3digo individual que aparece na janela dos aplicativos Elfsight. <\/b><br> Assim que a gera\u00e7\u00e3o da sua ferramenta for conclu\u00edda, copie o c\u00f3digo exclusivo na caixa que aparece e salve-o para futuras necessidades. <\/li> <li><b>Comece a usar o aplicativo Social Wall no site da Shopify. <\/b><br> Insira o c\u00f3digo que voc\u00ea copiou recentemente em sua p\u00e1gina inicial e salve os ajustes. <\/li> <li><b>A configura\u00e7\u00e3o foi totalmente conclu\u00edda. <\/b><br> Acesse sua p\u00e1gina da web para ver em a\u00e7\u00e3o como o aplicativo funciona. <\/li><\/ol> <p>Caso voc\u00ea encontre algum problema, n\u00e3o hesite em entrar em contato com nossa equipe de suporte. Nossos especialistas ter\u00e3o prazer em ajud\u00e1-lo com todos os problemas que voc\u00ea possa ter com o plugin. <\/p> <\/div><div class=\"faq\" data-component=\"FAQ\"><div class=\"faq-item\">\r\n\t\t\t\t\t<div class=\"faq-item-question\">\r\n\t\t\t\t\t\t<h3 class=\"faq-item-question-text\">Existe um m\u00e9todo para adicionar Social Feed ao meu site Shopify sem codifica\u00e7\u00e3o?<\/h3>\r\n\r\n\t\t\t\t\t\t<div class=\"faq-item-question-icon\"><\/div>\r\n\t\t\t\t\t<\/div>\r\n\r\n\t\t\t\t\t<div class=\"faq-item-answer\">\r\n\t\t\t\t\t\t<div class=\"faq-item-answer-text\"><p>A empresa Elfsight apresenta uma solu\u00e7\u00e3o SaaS que permite criar voc\u00ea mesmo um aplicativo de feed social, descubra como ele \u00e9 simples: <\/p><ul><li>Trabalhe diretamente na demonstra\u00e7\u00e3o on-line para criar uma se\u00e7\u00e3o de feed social que voc\u00ea gostaria de integrar na p\u00e1gina inicial do Shopify. <\/li><li>Selecione um de nossos modelos prontos e ajuste as configura\u00e7\u00f5es do Social Feed, altere o layout e as cores, atualize seu conte\u00fado sem nenhum conhecimento de codifica\u00e7\u00e3o.<\/li><li>Salve o Social Feed e copie o c\u00f3digo para instala\u00e7\u00e3o, que pode ser simplesmente colado na p\u00e1gina inicial do Shopify gratuitamente.<\/li><\/ul><p>Com o configurador f\u00e1cil de usar, cada usu\u00e1rio da web pode criar uma se\u00e7\u00e3o de feed social on-line e adicion\u00e1-lo facilmente \u00e0 p\u00e1gina inicial do Shopify. N\u00e3o \u00e9 necess\u00e1rio pagar ou enviar as credenciais do seu cart\u00e3o para acessar o Editor. Se voc\u00ea encontrar qualquer tipo de problema, entre em contato com nossa equipe de suporte t\u00e9cnico.<\/p><\/div>\r\n\t\t\t\t\t<\/div>\r\n\t\t\t\t<\/div><\/div>","protected":false},"excerpt":{"rendered":"","protected":false},"author":9,"featured_media":0,"parent":462,"menu_order":0,"comment_status":"closed","ping_status":"closed","template":"templates\/template-application-platform.php","meta":{"publish_to_discourse":"","publish_post_category":"","wpdc_auto_publish_overridden":"","wpdc_topic_tags":"","wpdc_pin_topic":"","wpdc_pin_until":"","discourse_post_id":"","discourse_permalink":"","wpdc_publishing_response":"","wpdc_publishing_error":"","footnotes":""},"class_list":["post-4697","page","type-page","status-publish","hentry"],"yoast_head":"<!-- This site is optimized with the Yoast SEO plugin v25.3.1 - https:\/\/yoast.com\/wordpress\/plugins\/seo\/ -->\n<title>Adicione o aplicativo Social Wall ao site Shopify (r\u00e1pido e gratuito)<\/title>\n<meta name=\"description\" content=\"Adicione um aplicativo Shopify Social Feed f\u00e1cil de gerenciar ao seu site Shopify. Experimente a demonstra\u00e7\u00e3o pr\u00e1tica da Elfsight e gere seu aplicativo Social Wall exclusivo com apenas alguns cliques\" \/>\n<meta name=\"robots\" content=\"index, follow, max-snippet:-1, max-image-preview:large, max-video-preview:-1\" \/>\n<link rel=\"canonical\" href=\"https:\/\/elfsight.com\/pt\/social-feed-widget\/shopify\/\" \/>\n<meta property=\"og:locale\" content=\"pt_PT\" \/>\n<meta property=\"og:type\" content=\"article\" \/>\n<meta property=\"og:title\" content=\"Adicione o aplicativo Social Wall ao site Shopify (r\u00e1pido e gratuito)\" \/>\n<meta property=\"og:description\" content=\"Adicione um aplicativo Shopify Social Feed f\u00e1cil de gerenciar ao seu site Shopify. Experimente a demonstra\u00e7\u00e3o pr\u00e1tica da Elfsight e gere seu aplicativo Social Wall exclusivo com apenas alguns cliques\" \/>\n<meta property=\"og:url\" content=\"https:\/\/elfsight.com\/pt\/social-feed-widget\/shopify\/\" \/>\n<meta property=\"og:site_name\" content=\"Elfsight PT\" \/>\n<meta property=\"article:modified_time\" content=\"2024-11-13T11:20:07+00:00\" \/>\n<meta name=\"twitter:card\" content=\"summary_large_image\" \/>\n<meta name=\"twitter:label1\" content=\"Tempo estimado de leitura\" \/>\n\t<meta name=\"twitter:data1\" content=\"2 minutos\" \/>\n<!-- \/ Yoast SEO plugin. -->","yoast_head_json":{"title":"Adicione o aplicativo Social Wall ao site Shopify (r\u00e1pido e gratuito)","description":"Adicione um aplicativo Shopify Social Feed f\u00e1cil de gerenciar ao seu site Shopify. Experimente a demonstra\u00e7\u00e3o pr\u00e1tica da Elfsight e gere seu aplicativo Social Wall exclusivo com apenas alguns cliques","robots":{"index":"index","follow":"follow","max-snippet":"max-snippet:-1","max-image-preview":"max-image-preview:large","max-video-preview":"max-video-preview:-1"},"canonical":"https:\/\/elfsight.com\/pt\/social-feed-widget\/shopify\/","og_locale":"pt_PT","og_type":"article","og_title":"Adicione o aplicativo Social Wall ao site Shopify (r\u00e1pido e gratuito)","og_description":"Adicione um aplicativo Shopify Social Feed f\u00e1cil de gerenciar ao seu site Shopify. Experimente a demonstra\u00e7\u00e3o pr\u00e1tica da Elfsight e gere seu aplicativo Social Wall exclusivo com apenas alguns cliques","og_url":"https:\/\/elfsight.com\/pt\/social-feed-widget\/shopify\/","og_site_name":"Elfsight PT","article_modified_time":"2024-11-13T11:20:07+00:00","twitter_card":"summary_large_image","twitter_misc":{"Tempo estimado de leitura":"2 minutos"},"schema":{"@context":"https:\/\/schema.org","@graph":[{"@type":"WebPage","@id":"https:\/\/elfsight.com\/pt\/social-feed-widget\/shopify\/","url":"https:\/\/elfsight.com\/pt\/social-feed-widget\/shopify\/","name":"Adicione o aplicativo Social Wall ao site Shopify (r\u00e1pido e gratuito)","isPartOf":{"@id":"https:\/\/elfsight.com\/pt\/#website"},"datePublished":"1970-01-01T00:00:00+00:00","dateModified":"2024-11-13T11:20:07+00:00","description":"Adicione um aplicativo Shopify Social Feed f\u00e1cil de gerenciar ao seu site Shopify. Experimente a demonstra\u00e7\u00e3o pr\u00e1tica da Elfsight e gere seu aplicativo Social Wall exclusivo com apenas alguns cliques","breadcrumb":{"@id":"https:\/\/elfsight.com\/pt\/social-feed-widget\/shopify\/#breadcrumb"},"inLanguage":"pt-PT","potentialAction":[{"@type":"ReadAction","target":["https:\/\/elfsight.com\/pt\/social-feed-widget\/shopify\/"]}]},{"@type":"BreadcrumbList","@id":"https:\/\/elfsight.com\/pt\/social-feed-widget\/shopify\/#breadcrumb","itemListElement":[{"@type":"ListItem","position":1,"name":"Home","item":"https:\/\/elfsight.com\/pt\/"},{"@type":"ListItem","position":2,"name":"Social Feed","item":"https:\/\/elfsight.com\/pt\/social-feed-widget\/"},{"@type":"ListItem","position":3,"name":"Social Feed &#8211; Shopify"}]},{"@type":"WebSite","@id":"https:\/\/elfsight.com\/pt\/#website","url":"https:\/\/elfsight.com\/pt\/","name":"Elfsight PT","description":"Just another Elfsight Sites site","potentialAction":[{"@type":"SearchAction","target":{"@type":"EntryPoint","urlTemplate":"https:\/\/elfsight.com\/pt\/?s={search_term_string}"},"query-input":{"@type":"PropertyValueSpecification","valueRequired":true,"valueName":"search_term_string"}}],"inLanguage":"pt-PT"}]}},"meta_box":{"industry":"","seo_heading":"","heading":"","description":"","cta_heading":"","cta_description":"","application":"461","h1":"Aplicativo Shopify de feed de m\u00eddia social","h1_caption":"Revele suas postagens de v\u00e1rias redes sociais","application_category":[],"applications_title":"","applications_request_title":"","applications_request_button_text":"","hero_text":"","hero_video":"","hero_video_schema_markup":"","selling_points_title":"","selling_points_caption":"","selling_points":[],"selling_points_cta_text":"","features_title":"","features":"","ed_cta_examples_text":"","ed_cta_examples_hidden":"","ed_cta_demo_text":"","ed_cta_demo_hidden":"","why_caption":"","why_editor_title":"","why_editor_text":"","why_team_title":"","why_team_text":"","why_service_title":"","why_service_text":"","template_catalog_visible":"","template_catalog_title":"","template_catalog_text":"","template_catalog_categories_visible":"","demo_title":"Crie seu aplicativo de feed social","demo_caption":"Configure seu Social Feed e adicione-o ao seu site Shopify gratuitamente!","default_faq_hidden":"","app_template_category":[],"platform":"64","template_public_id":"","codecanyon_url":"","codecanyon_item_id":"","codecanyon_price":"","pricing_caption":"","pricing_elfsight_apps_hide_column":"","pricing_elfsight_apps_url":"","pricing_codecanyon_price_caption":"","integration_category":[],"integration_request_title":"","integration_request_cta":"","integration_platform":"","integrations":[],"platform_category":[],"video_schema_markup":"","price":"a partir de US$ 0\/m\u00eas","trial":"","benefits":[{"text":"Servi\u00e7o de instala\u00e7\u00e3o gratuito"},{"text":"Suporte ao cliente experiente"},{"text":"Garantia de reembolso de 14 dias"},{"text":"Atualiza\u00e7\u00f5es gratuitas regulares"}],"button_url":"#demo","button_target_blank":"0","button_nofollow":"0","attributes":[{"name":"Instala\u00e7\u00f5es","content":"100,000 - 500,000","_state":"expanded"},{"name":"Responsivo","content":"Sim","_state":"expanded"},{"name":"Navegadores compat\u00edveis","content":"Firefox, Safari, Opera, Edge"}],"tags":[],"tags_disable_links":"0","hide_more_platforms":"","video_object":"","demo_hide_cta":"0","demo_hide_cloud_options":"0","pricing_title":"","pricing":[{"pricing_icon":"platform","pricing_title":"Elfsight Apps","pricing_title_caption":"Solu\u00e7\u00e3o independente de plataforma","pricing_price":"a partir de US$ 0\/m\u00eas","pricing_price_caption":"comece com um plano gratuito","pricing_benefits":[{"text":"Dom\u00ednios ilimitados"},{"text":"Suporte gratuito da empresa e bem documentado"},{"text":"Suporte gratuito da empresa e bem documentado"},{"text":"Pre\u00e7o a ser pago para v\u00e1rios aplicativos"}],"pricing_button_text":"Adicionar ao site","pricing_button_url":"#demo","_state":"expanded"}],"related_apps_title":"","related_apps_hidden":"1","author":"","image":[],"title":"","job":"","social_networks":[]},"_links":{"self":[{"href":"https:\/\/elfsight.com\/pt\/wp-json\/wp\/v2\/pages\/4697","targetHints":{"allow":["GET"]}}],"collection":[{"href":"https:\/\/elfsight.com\/pt\/wp-json\/wp\/v2\/pages"}],"about":[{"href":"https:\/\/elfsight.com\/pt\/wp-json\/wp\/v2\/types\/page"}],"author":[{"embeddable":true,"href":"https:\/\/elfsight.com\/pt\/wp-json\/wp\/v2\/users\/9"}],"replies":[{"embeddable":true,"href":"https:\/\/elfsight.com\/pt\/wp-json\/wp\/v2\/comments?post=4697"}],"version-history":[{"count":2,"href":"https:\/\/elfsight.com\/pt\/wp-json\/wp\/v2\/pages\/4697\/revisions"}],"predecessor-version":[{"id":12209,"href":"https:\/\/elfsight.com\/pt\/wp-json\/wp\/v2\/pages\/4697\/revisions\/12209"}],"up":[{"embeddable":true,"href":"https:\/\/elfsight.com\/pt\/wp-json\/wp\/v2\/pages\/462"}],"wp:attachment":[{"href":"https:\/\/elfsight.com\/pt\/wp-json\/wp\/v2\/media?parent=4697"}],"curies":[{"name":"wp","href":"https:\/\/api.w.org\/{rel}","templated":true}]}}