{"id":4692,"date":"2024-05-03T06:51:20","date_gmt":"2024-05-03T06:51:20","guid":{"rendered":"https:\/\/elfsight.com\/pt\/?page_id=4692"},"modified":"2024-11-13T11:19:20","modified_gmt":"2024-11-13T11:19:20","slug":"shopify","status":"publish","type":"page","link":"https:\/\/elfsight.com\/pt\/tiktok-feed-widget\/shopify\/","title":{"rendered":"TikTok Feed &#8211; Shopify"},"content":{"rendered":"<div class=\"application-platform-content-item-description application-platform-content-item\" id=\"description\" data-nav-section=\"description\"> <h2>Incorpore o feed do TikTok no Shopify com o widget Elfsight<\/h2> <p>O Elfsight TiKTok Feed para Shopify \u00e9 um aplicativo para marketing e n\u00e3o apenas de itens , mas emo\u00e7\u00f5es e experi\u00eancias. Ao us\u00e1-lo, voc\u00ea pode criar feeds individuais consistindo em seu conte\u00fado do TikTok \u2013 e exibi-los diretamente em seu site. Crie uma galeria de v\u00eddeos no 1-2-3! Exer\u00e7a controle total sobre um conte\u00fado e elimine spam e qualquer conte\u00fado indesejado com modera\u00e7\u00e3o manual. O configurador online totalmente responsivo oferece v\u00e1rios modelos para selecionar. <\/p> <p><b>Com o TikTok Feed, veja um crescimento mais r\u00e1pido dos neg\u00f3cios e mais vendas <\/b><\/p> <\/div> <div class=\"application-platform-content-item-features application-platform-content-item\" id=\"features\" data-nav-section=\"features\"> <h2>Abaixo est\u00e3o os recursos b\u00e1sicos do widget: <\/h2> <ul><li>Oculte a se\u00e7\u00e3o principal para fazer seu aplicativo parecer minimalista. <\/li><li>Remova qualquer spam e conte\u00fado indesejado usando modera\u00e7\u00e3o manual. <\/li><li>Instale o bot\u00e3o Seguir no feed do aplicativo. <\/li><li>Fa\u00e7a suas postagens aparecerem em modo pop-up. <\/li><\/ul><p><a href=\"#demo\">Experimente todos os recursos de personaliza\u00e7\u00e3o em uma demonstra\u00e7\u00e3o 100% funcional<\/a><\/p> <\/div> <div class=\"application-platform-content-item-installation application-platform-content-item\" id=\"installation\" data-nav-section=\"installation\"> <h2>Como posso adicionar o TikTok Feed ao meu site da Shopify? <\/h2> <p>Basta seguir as orienta\u00e7\u00f5es abaixo para integrar a ferramenta. <\/p> <ol><li><b>Inicie nosso configurador gratuito e comece a criar seu aplicativo exclusivo. <\/b><br> Encontre o design selecionado e as caracter\u00edsticas funcionais do plugin e salve as corre\u00e7\u00f5es. <\/li> <li><b>Obtenha o c\u00f3digo exclusivo que \u00e9 mostrado na janela dos aplicativos Elfsight. <\/b><br> Quando o estabelecimento do seu aplicativo estiver conclu\u00eddo, copie o c\u00f3digo exclusivo na janela exibida e guarde-o para futuras necessidades. <\/li> <li><b>Comece a usar o aplicativo no seu site da Shopify. <\/b><br> Adicione o c\u00f3digo salvo recentemente em sua p\u00e1gina web e salve os ajustes. <\/li> <li><b>A instala\u00e7\u00e3o foi realizada com sucesso. <\/b><br> Visite seu site para ver em a\u00e7\u00e3o o funcionamento do aplicativo. <\/li><\/ol> <p>Caso voc\u00ea tenha algum problema, sinta-se \u00e0 vontade para entrar em contato com nossa equipe de suporte. Nossos consultores est\u00e3o ansiosos para ajud\u00e1-lo com todas as d\u00favidas que voc\u00ea possa ter com a ferramenta. <\/p> <\/div><div class=\"faq\" data-component=\"FAQ\"><div class=\"faq-item\">\r\n\t\t\t\t\t<div class=\"faq-item-question\">\r\n\t\t\t\t\t\t<h3 class=\"faq-item-question-text\">Como posso adicionar o TikTok Feed ao meu site Shopify sem nenhum conhecimento de codifica\u00e7\u00e3o?<\/h3>\r\n\r\n\t\t\t\t\t\t<div class=\"faq-item-question-icon\"><\/div>\r\n\t\t\t\t\t<\/div>\r\n\r\n\t\t\t\t\t<div class=\"faq-item-answer\">\r\n\t\t\t\t\t\t<div class=\"faq-item-answer-text\"><p>A empresa Elfsight fornece um Solu\u00e7\u00e3o SaaS que permite que os propriet\u00e1rios de sites criem voc\u00ea mesmo uma se\u00e7\u00e3o de feed do TikTok. Veja as instru\u00e7\u00f5es simples:<\/p><ul><li>Acesse o editor on-line para criar um aplicativo de feed do TikTok que voc\u00ea gostaria de ver no Shopify.<\/li><li>Escolha um dos modelos pr\u00e9-concebidos e modifique as configura\u00e7\u00f5es do TikTok Feed, altere o layout e a cor dos elementos, atualize seu conte\u00fado sem habilidades de codifica\u00e7\u00e3o.<\/li><li>Salve as configura\u00e7\u00f5es que voc\u00ea fez em TikTok Feed e copie seu c\u00f3digo de instala\u00e7\u00e3o, que voc\u00ea pode incorporar facilmente no site Shopify gratuitamente.<\/li><\/ul><p>Com a ajuda de nosso editor intuitivo, qualquer usu\u00e1rio da Internet pode criar um widget TikTok Feed on-line e incorpor\u00e1-lo em o site Shopify. N\u00e3o \u00e9 necess\u00e1rio pagar ou divulgar as credenciais do seu cart\u00e3o para aceder ao Elfsight Editor. Se voc\u00ea enfrentar qualquer tipo de problema, n\u00e3o hesite em entrar em contato com nosso suporte ao cliente.<\/p><\/div>\r\n\t\t\t\t\t<\/div>\r\n\t\t\t\t<\/div><\/div>","protected":false},"excerpt":{"rendered":"","protected":false},"author":9,"featured_media":0,"parent":1491,"menu_order":0,"comment_status":"closed","ping_status":"closed","template":"templates\/template-application-platform.php","meta":{"publish_to_discourse":"","publish_post_category":"","wpdc_auto_publish_overridden":"","wpdc_topic_tags":"","wpdc_pin_topic":"","wpdc_pin_until":"","discourse_post_id":"","discourse_permalink":"","wpdc_publishing_response":"","wpdc_publishing_error":"","footnotes":""},"class_list":["post-4692","page","type-page","status-publish","hentry"],"yoast_head":"<!-- This site is optimized with the Yoast SEO plugin v25.3.1 - https:\/\/yoast.com\/wordpress\/plugins\/seo\/ -->\n<title>Adicione o aplicativo TikTok Feed ao site Shopify (r\u00e1pido e gratuito)<\/title>\n<meta name=\"description\" content=\"Adicione um aplicativo Shopify TikTok Feed f\u00e1cil de gerenciar ao seu site. Experimente a demonstra\u00e7\u00e3o pr\u00e1tica do Elfsight e crie seu elegante plugin TikTok.\" \/>\n<meta name=\"robots\" content=\"index, follow, max-snippet:-1, max-image-preview:large, max-video-preview:-1\" \/>\n<link rel=\"canonical\" href=\"https:\/\/elfsight.com\/pt\/tiktok-feed-widget\/shopify\/\" \/>\n<meta property=\"og:locale\" content=\"pt_PT\" \/>\n<meta property=\"og:type\" content=\"article\" \/>\n<meta property=\"og:title\" content=\"Adicione o aplicativo TikTok Feed ao site Shopify (r\u00e1pido e gratuito)\" \/>\n<meta property=\"og:description\" content=\"Adicione um aplicativo Shopify TikTok Feed f\u00e1cil de gerenciar ao seu site. Experimente a demonstra\u00e7\u00e3o pr\u00e1tica do Elfsight e crie seu elegante plugin TikTok.\" \/>\n<meta property=\"og:url\" content=\"https:\/\/elfsight.com\/pt\/tiktok-feed-widget\/shopify\/\" \/>\n<meta property=\"og:site_name\" content=\"Elfsight PT\" \/>\n<meta property=\"article:modified_time\" content=\"2024-11-13T11:19:20+00:00\" \/>\n<meta name=\"twitter:card\" content=\"summary_large_image\" \/>\n<meta name=\"twitter:label1\" content=\"Tempo estimado de leitura\" \/>\n\t<meta name=\"twitter:data1\" content=\"2 minutos\" \/>\n<!-- \/ Yoast SEO plugin. -->","yoast_head_json":{"title":"Adicione o aplicativo TikTok Feed ao site Shopify (r\u00e1pido e gratuito)","description":"Adicione um aplicativo Shopify TikTok Feed f\u00e1cil de gerenciar ao seu site. Experimente a demonstra\u00e7\u00e3o pr\u00e1tica do Elfsight e crie seu elegante plugin TikTok.","robots":{"index":"index","follow":"follow","max-snippet":"max-snippet:-1","max-image-preview":"max-image-preview:large","max-video-preview":"max-video-preview:-1"},"canonical":"https:\/\/elfsight.com\/pt\/tiktok-feed-widget\/shopify\/","og_locale":"pt_PT","og_type":"article","og_title":"Adicione o aplicativo TikTok Feed ao site Shopify (r\u00e1pido e gratuito)","og_description":"Adicione um aplicativo Shopify TikTok Feed f\u00e1cil de gerenciar ao seu site. Experimente a demonstra\u00e7\u00e3o pr\u00e1tica do Elfsight e crie seu elegante plugin TikTok.","og_url":"https:\/\/elfsight.com\/pt\/tiktok-feed-widget\/shopify\/","og_site_name":"Elfsight PT","article_modified_time":"2024-11-13T11:19:20+00:00","twitter_card":"summary_large_image","twitter_misc":{"Tempo estimado de leitura":"2 minutos"},"schema":{"@context":"https:\/\/schema.org","@graph":[{"@type":"WebPage","@id":"https:\/\/elfsight.com\/pt\/tiktok-feed-widget\/shopify\/","url":"https:\/\/elfsight.com\/pt\/tiktok-feed-widget\/shopify\/","name":"Adicione o aplicativo TikTok Feed ao site Shopify (r\u00e1pido e gratuito)","isPartOf":{"@id":"https:\/\/elfsight.com\/pt\/#website"},"datePublished":"2024-05-03T06:51:20+00:00","dateModified":"2024-11-13T11:19:20+00:00","description":"Adicione um aplicativo Shopify TikTok Feed f\u00e1cil de gerenciar ao seu site. Experimente a demonstra\u00e7\u00e3o pr\u00e1tica do Elfsight e crie seu elegante plugin TikTok.","breadcrumb":{"@id":"https:\/\/elfsight.com\/pt\/tiktok-feed-widget\/shopify\/#breadcrumb"},"inLanguage":"pt-PT","potentialAction":[{"@type":"ReadAction","target":["https:\/\/elfsight.com\/pt\/tiktok-feed-widget\/shopify\/"]}]},{"@type":"BreadcrumbList","@id":"https:\/\/elfsight.com\/pt\/tiktok-feed-widget\/shopify\/#breadcrumb","itemListElement":[{"@type":"ListItem","position":1,"name":"Home","item":"https:\/\/elfsight.com\/pt\/"},{"@type":"ListItem","position":2,"name":"TikTok Feed","item":"https:\/\/elfsight.com\/pt\/tiktok-feed-widget\/"},{"@type":"ListItem","position":3,"name":"TikTok Feed &#8211; Shopify"}]},{"@type":"WebSite","@id":"https:\/\/elfsight.com\/pt\/#website","url":"https:\/\/elfsight.com\/pt\/","name":"Elfsight PT","description":"Just another Elfsight Sites site","potentialAction":[{"@type":"SearchAction","target":{"@type":"EntryPoint","urlTemplate":"https:\/\/elfsight.com\/pt\/?s={search_term_string}"},"query-input":{"@type":"PropertyValueSpecification","valueRequired":true,"valueName":"search_term_string"}}],"inLanguage":"pt-PT"}]}},"meta_box":{"industry":"","seo_heading":"","heading":"","description":"","cta_heading":"","cta_description":"","application":"1490","h1":"Aplicativo Shopify TikTok Feed","h1_caption":"Exiba seu conte\u00fado do TikTok em seu site com apenas alguns cliques!","application_category":[],"applications_title":"","applications_request_title":"","applications_request_button_text":"","hero_text":"","hero_video":"","hero_video_schema_markup":"","selling_points_title":"","selling_points_caption":"","selling_points":[],"selling_points_cta_text":"","features_title":"","features":"","ed_cta_examples_text":"","ed_cta_examples_hidden":"","ed_cta_demo_text":"","ed_cta_demo_hidden":"","why_caption":"","why_editor_title":"","why_editor_text":"","why_team_title":"","why_team_text":"","why_service_title":"","why_service_text":"","template_catalog_visible":"","template_catalog_title":"","template_catalog_text":"","template_catalog_categories_visible":"","demo_title":"Crie seu aplicativo TikTok Feed","demo_caption":"Configure seu feed TikTok e adicione-o ao seu site Shopify gratuitamente!","default_faq_hidden":"","app_template_category":[],"platform":"64","template_public_id":"","codecanyon_url":"","codecanyon_item_id":"","codecanyon_price":"","pricing_caption":"","pricing_elfsight_apps_hide_column":"","pricing_elfsight_apps_url":"","pricing_codecanyon_price_caption":"","integration_category":[],"integration_request_title":"","integration_request_cta":"","integration_platform":"","integrations":[],"platform_category":[],"video_schema_markup":"","price":"a partir de US$ 0\/m\u00eas","trial":"","benefits":[{"text":"Assist\u00eancia de instala\u00e7\u00e3o gratuita"},{"text":"Suporte premium"},{"text":"Garantia de reembolso de 14 dias"},{"text":"Atualizando constantemente"}],"button_url":"#demo","button_target_blank":"0","button_nofollow":"0","attributes":[{"name":"Instala\u00e7\u00f5es","content":"10,000 - 100,000","_state":"expanded"},{"name":"Responsivo","content":"Sim","_state":"expanded"},{"name":"Navegadores compat\u00edveis","content":"Firefox, Safari, Opera, Chrome, Edge"}],"tags":[],"tags_disable_links":"0","hide_more_platforms":"","video_object":"","demo_hide_cta":"0","demo_hide_cloud_options":"0","pricing_title":"","pricing":[{"pricing_icon":"platform","pricing_title":"Elfsight Apps","pricing_title_caption":"Software multiplataforma que funciona em qualquer site","pricing_price":"a partir de US$ 0\/m\u00eas","pricing_price_caption":"comece com um plano gratuito","pricing_benefits":[{"text":"Dom\u00ednios ilimitados"},{"text":"Suporte gratuito ao cliente"},{"text":"Suporte gratuito ao cliente"},{"text":"100% personaliz\u00e1vel"}],"pricing_button_text":"Adicionar ao site","pricing_button_url":"#demo","_state":"expanded"}],"related_apps_title":"","related_apps_hidden":"1","author":"","image":[],"title":"","job":"","social_networks":[]},"_links":{"self":[{"href":"https:\/\/elfsight.com\/pt\/wp-json\/wp\/v2\/pages\/4692","targetHints":{"allow":["GET"]}}],"collection":[{"href":"https:\/\/elfsight.com\/pt\/wp-json\/wp\/v2\/pages"}],"about":[{"href":"https:\/\/elfsight.com\/pt\/wp-json\/wp\/v2\/types\/page"}],"author":[{"embeddable":true,"href":"https:\/\/elfsight.com\/pt\/wp-json\/wp\/v2\/users\/9"}],"replies":[{"embeddable":true,"href":"https:\/\/elfsight.com\/pt\/wp-json\/wp\/v2\/comments?post=4692"}],"version-history":[{"count":2,"href":"https:\/\/elfsight.com\/pt\/wp-json\/wp\/v2\/pages\/4692\/revisions"}],"predecessor-version":[{"id":12311,"href":"https:\/\/elfsight.com\/pt\/wp-json\/wp\/v2\/pages\/4692\/revisions\/12311"}],"up":[{"embeddable":true,"href":"https:\/\/elfsight.com\/pt\/wp-json\/wp\/v2\/pages\/1491"}],"wp:attachment":[{"href":"https:\/\/elfsight.com\/pt\/wp-json\/wp\/v2\/media?parent=4692"}],"curies":[{"name":"wp","href":"https:\/\/api.w.org\/{rel}","templated":true}]}}